{"id":2289,"date":"2014-12-16T19:36:05","date_gmt":"2014-12-16T19:36:05","guid":{"rendered":"https:\/\/globalallianceregister.com\/?page_id=2289"},"modified":"2015-12-17T12:07:11","modified_gmt":"2015-12-17T12:07:11","slug":"turkce-iso-22301-surekliligi-yonetim-sistemi-uygulama-egitimi-2-gun","status":"publish","type":"page","link":"https:\/\/globalallianceregister.com\/tr\/services\/egitim\/turkce-surekliligi-egitim-programi\/turkce-iso-22301-surekliligi-yonetim-sistemi-uygulama-egitimi-2-gun\/","title":{"rendered":"ISO 22301 \u0130\u015f S\u00fcreklili\u011fi Y\u00f6netim Sistemi Uygulama E\u011fitimi \u2013 2 g\u00fcn"},"content":{"rendered":"<p><strong>\u00a0<\/strong><\/p>\n<p><strong>Kat\u0131l\u0131mc\u0131 Profili<\/strong><\/p>\n<ul>\n<li>Kurumlar\u0131nda i\u015f s\u00fcreklili\u011fi \u00e7al\u0131\u015fmalar\u0131n\u0131 y\u00fcr\u00fcten y\u00f6neticiler veya uzmanlar, i\u015f s\u00fcreklili\u011fi \u00e7al\u0131\u015fmas\u0131 y\u00fcr\u00fctecek profesyoneller, kurumlar\u0131nda risk y\u00f6netimi alan\u0131nda \u00e7al\u0131\u015fan y\u00f6neticiler veya uzmanlar, i\u015f s\u00fcreklili\u011fi konusunda kariyer planlayan uzmanlar, IT Risk y\u00f6neticileri, bilgi g\u00fcvenli\u011fi y\u00f6neticileri, i\u015f s\u00fcreklili\u011fi ekiplerinde yer alan orta ve \u00fcst seviye y\u00f6neticiler, i\u015f s\u00fcreklili\u011fi uzmanlar\u0131<\/li>\n<\/ul>\n<p>&nbsp;<\/p>\n<p><strong>Hedeflenen Sonu\u00e7<\/strong><\/p>\n<ul>\n<li>\u0130\u015f s\u00fcreklili\u011fi, i\u015f i\u015fletmenin \u00fcr\u00fcn ve servislerini kesinti olay\u0131 sonras\u0131nda kabul edilebilir seviyede s\u00fcrd\u00fcrebilme kapasitesidir. \u0130\u015fletmenin i\u015f s\u00fcre\u00e7lerinin ne kadar kesintiye tahamm\u00fcl edebildi\u011fi ve s\u00fcre\u00e7leri \u00f6n g\u00f6r\u00fclen s\u00fcre i\u00e7erisinde tekrar \u00e7al\u0131\u015f\u0131r hale getirmek i\u00e7in neler yap\u0131lmas\u0131 gerekti\u011fi i\u015f s\u00fcreklili\u011fi \u00e7al\u0131\u015fmalar\u0131n\u0131n temelini olu\u015fturmaktad\u0131r. Bu e\u011fitimde bir i\u015fletmenin ISO22301 standard\u0131na uygun \u0130\u015f S\u00fcreklili\u011fi Y\u00f6netim Sistemi kurabilmesi i\u00e7in gerekli t\u00fcm bilgiler ve kavramlar uygulamal\u0131 olarak sunulacakt\u0131r. E\u011fitime ayr\u0131ca i\u015f s\u00fcreklili\u011fi i\u00e7in b\u00fcy\u00fck \u00f6neme sahip tedarik\u00e7i denetimleri konusu da eklenmi\u015ftir.\n<ul>\n<li>\u0130\u015f S\u00fcreklili\u011fi ve ISO22301<\/li>\n<li>Organizasyonun \u0130\u00e7eri\u011fi<\/li>\n<li>Liderlik<\/li>\n<li>Planlama<\/li>\n<li>Destek<\/li>\n<li>\u0130\u015f Etki Analizi Kavramlar, Teknikler ve Uygulamalar<\/li>\n<li>\u0130\u015f S\u00fcreklili\u011finde Risk Y\u00f6netimi<\/li>\n<li>\u0130\u015f s\u00fcreklili\u011fi Strateji Geli\u015ftirme \u00c7al\u0131\u015fmalar\u0131<\/li>\n<li>\u0130\u015f s\u00fcreklili\u011fi Planlar\u0131 ve Prosed\u00fcrleri<\/li>\n<li>\u0130\u015f s\u00fcreklili\u011fi Tatbikat ve Testleri<\/li>\n<li>Performans ve De\u011ferlendirme<\/li>\n<li>\u0130yile\u015ftirme<\/li>\n<\/ul>\n<\/li>\n<\/ul>\n<p>&nbsp;<\/p>\n<p><strong>E\u011fitim \u0130\u00e7eri\u011fi<\/strong><\/p>\n<ul>\n<li>\u0130\u015f S\u00fcreklili\u011fi ve ISO22301<\/li>\n<\/ul>\n<ul>\n<li>Planlama A\u015famas\u0131 &#8211; Organizasyonun \u0130\u00e7eri\u011fi<\/li>\n<\/ul>\n<ul>\n<li>Planlama A\u015famas\u0131 \u2013 Liderlik<\/li>\n<\/ul>\n<ul>\n<li>Planlama A\u015famas\u0131 \u2013 Planlama<\/li>\n<\/ul>\n<ul>\n<li>Planlama A\u015famas\u0131 \u2013 Destek<\/li>\n<\/ul>\n<ul>\n<li>Uygulama A\u015famas\u0131 \u2013 Operasyon &#8211; \u0130\u015f Etki Analizi Kavramlar, Teknikler ve Uygulamalar<\/li>\n<\/ul>\n<ul>\n<li>\u0130\u015f etki analizi nedir ve i\u015f s\u00fcreklili\u011fi \u00e7al\u0131\u015fmalar\u0131ndaki yeri neresidir<\/li>\n<\/ul>\n<ul>\n<li>Temel kavramlar<\/li>\n<\/ul>\n<ul>\n<li>\u0130\u015f Etki Analizi (\u0130EA) s\u00fcreci<\/li>\n<\/ul>\n<ul>\n<li>Uygulama A\u015famas\u0131 \u2013 Operasyon \u2013 \u0130\u015f S\u00fcreklili\u011finde Risk Y\u00f6netimi<\/li>\n<\/ul>\n<ul>\n<li>\u0130\u015f s\u00fcreklili\u011fi risk y\u00f6netimi nedir ve i\u015f s\u00fcreklili\u011fi \u00e7al\u0131\u015fmalar\u0131ndaki yeri<\/li>\n<\/ul>\n<ul>\n<li>Risk kavramlar\u0131<\/li>\n<\/ul>\n<ul>\n<li>\u0130\u015f s\u00fcreklili\u011fi risk y\u00f6netiminde dikkat edilecek hususlar<\/li>\n<\/ul>\n<ul>\n<li>\u0130\u015f S\u00fcreklili\u011fi risk y\u00f6netimi<\/li>\n<\/ul>\n<ul>\n<li>\u0130\u015f s\u00fcreklili\u011fi risk y\u00f6netimi ile ilgili ISO22301 \u015fartlar\u0131n\u0131n a\u00e7\u0131klanmas\u0131 ve risk y\u00f6netimi \u00e7al\u0131\u015fmalar\u0131n\u0131n \u00f6zeti.<\/li>\n<\/ul>\n<ul>\n<li>Uygulama A\u015famas\u0131 \u2013 Operasyon \u2013 \u0130\u015f s\u00fcreklili\u011fi Strateji Geli\u015ftirme \u00c7al\u0131\u015fmalar\u0131<\/li>\n<\/ul>\n<ul>\n<li>\u0130\u015f s\u00fcreklili\u011fi y\u00f6netim stratejilerinin tan\u0131t\u0131m\u0131<\/li>\n<\/ul>\n<ul>\n<li>Strateji se\u00e7eneklerinin belirlenmesi ve karar verilmesi<\/li>\n<\/ul>\n<ul>\n<li>\u0130\u015f s\u00fcreklili\u011fi stratejileri ile ilgili ISO22301 \u015fartlar\u0131n\u0131n a\u00e7\u0131klanmas\u0131<\/li>\n<\/ul>\n<ul>\n<li>Uygulama A\u015famas\u0131 \u2013 Operasyon \u2013 \u0130\u015f s\u00fcreklili\u011fi Planlar\u0131 ve Prosed\u00fcrleri<\/li>\n<\/ul>\n<ul>\n<li>Olay y\u00f6netim s\u00fcrecinin tasarlanmas\u0131 ve hayata ge\u00e7irilmesi<\/li>\n<\/ul>\n<ul>\n<li>Olay tepki yap\u0131s\u0131n\u0131n olu\u015fturulmas\u0131<\/li>\n<\/ul>\n<ul>\n<li>Olay y\u00f6netim planlar\u0131n\u0131n tan\u0131t\u0131m\u0131 ve i\u00e7eri\u011fi<\/li>\n<\/ul>\n<ul>\n<li>Olay y\u00f6netim plan\u0131 ile ilgili ISO22301 \u015fartlar\u0131n\u0131n a\u00e7\u0131klanmas\u0131 ve denetlenmesi.<\/li>\n<\/ul>\n<ul>\n<li>\u0130\u015f s\u00fcreklili\u011fi planlar\u0131<\/li>\n<\/ul>\n<ul>\n<li>\u0130\u015f s\u00fcreklili\u011fi plan\u0131 ile ilgili ISO22301 \u015fartlar\u0131n\u0131n a\u00e7\u0131klanmas\u0131 ve i\u015f s\u00fcreklili\u011fi planlar\u0131n\u0131n denetimi.<\/li>\n<\/ul>\n<ul>\n<li>Uygulama A\u015famas\u0131 \u2013 Operasyon \u2013 \u0130\u015f s\u00fcreklili\u011fi Tatbikat ve Testleri<\/li>\n<\/ul>\n<ul>\n<li>\u0130\u015f s\u00fcreklili\u011fi tatbikat kavram\u0131 ve \u00e7e\u015fitleri<\/li>\n<\/ul>\n<ul>\n<li>\u0130\u015f s\u00fcreklili\u011fi planlamas\u0131nda tatbikatlar\u0131n yeri<\/li>\n<\/ul>\n<ul>\n<li>Tatbikat program\u0131 haz\u0131rlama ve i\u00e7eri\u011finde bulunmas\u0131 gerekenler<\/li>\n<\/ul>\n<ul>\n<li>Kapsam belirleme<\/li>\n<\/ul>\n<ul>\n<li>Tatbikat s\u00fcreci tasar\u0131m\u0131 ve uygulanmas\u0131<\/li>\n<\/ul>\n<ul>\n<li>Tatbikat\u0131n haz\u0131rl\u0131\u011f\u0131<\/li>\n<\/ul>\n<ul>\n<li>Tatbikat ger\u00e7ekleme ve \u00f6l\u00e7\u00fcmler<\/li>\n<\/ul>\n<ul>\n<li>Tatbikat sonras\u0131 de\u011ferlendirmeler<\/li>\n<\/ul>\n<ul>\n<li>\u0130\u015f s\u00fcreklili\u011fi tatbikatlar\u0131 ile ilgili ISO22301 \u015fartlar\u0131n\u0131n a\u00e7\u0131klanmas\u0131 ve i\u015f s\u00fcreklili\u011fi tatbikatlar\u0131n\u0131n denetlenmesi<\/li>\n<\/ul>\n<ul>\n<li>Kontrol Et A\u015famas\u0131 \u2013 Performans ve De\u011ferlendirme<\/li>\n<\/ul>\n<ul>\n<li>\u0130zleme, \u00d6l\u00e7me, analiz ve de\u011ferlendirme<\/li>\n<\/ul>\n<ul>\n<li>\u0130\u00e7 denetim<\/li>\n<\/ul>\n<ul>\n<li>Y\u00f6netim g\u00f6zden ge\u00e7irmesi<\/li>\n<\/ul>\n<ul>\n<li>Tedarik\u00e7i de\u011ferlendirmeleri<\/li>\n<\/ul>\n<ul>\n<li>\u00d6nlem Al A\u015famas\u0131 \u2013 \u0130yile\u015ftirme<\/li>\n<\/ul>\n<ul>\n<li>Uygunsuzluk ve d\u00fczeltici faaliyet<\/li>\n<\/ul>\n<ul>\n<li>S\u00fcrekli \u0130yile\u015ftirme<\/li>\n<\/ul>\n<p>&nbsp;<\/p>\n<p><strong>Sertifika<\/strong><\/p>\n<ul>\n<li>E\u011fitimi tamamlayan t\u00fcm kat\u0131l\u0131mc\u0131lara GLOBAL ALLIANCE ACADEMY taraf\u0131ndan\u00a0\u201cISO 22301 \u0130\u015f S\u00fcreklili\u011fi Y\u00f6netim Sistemi Uygulama E\u011fitimi Kat\u0131l\u0131m Sertifikas\u0131\u201d verilecektir.<\/li>\n<\/ul>\n<p>&nbsp;<\/p>\n<p>&nbsp;<\/p>","protected":false},"excerpt":{"rendered":"<p>\u00a0 Kat\u0131l\u0131mc\u0131 Profili Kurumlar\u0131nda i\u015f s\u00fcreklili\u011fi \u00e7al\u0131\u015fmalar\u0131n\u0131 y\u00fcr\u00fcten y\u00f6neticiler veya uzmanlar, i\u015f s\u00fcreklili\u011fi \u00e7al\u0131\u015fmas\u0131 y\u00fcr\u00fctecek profesyoneller, kurumlar\u0131nda risk y\u00f6netimi alan\u0131nda \u00e7al\u0131\u015fan y\u00f6neticiler veya uzmanlar, i\u015f s\u00fcreklili\u011fi konusunda kariyer planlayan uzmanlar,&#8230; <\/p>\n","protected":false},"author":10,"featured_media":5171,"parent":2148,"menu_order":3,"comment_status":"closed","ping_status":"closed","template":"page-full.php","meta":{"_acf_changed":false,"om_disable_all_campaigns":false,"footnotes":""},"class_list":["post-2289","page","type-page","status-publish","has-post-thumbnail","hentry"],"acf":[],"yoast_head":"<!-- This site is optimized with the Yoast SEO plugin v27.4 - https:\/\/yoast.com\/product\/yoast-seo-wordpress\/ -->\n<title>ISO 22301 \u0130\u015f S\u00fcreklili\u011fi Y\u00f6netim Sistemi Uygulama E\u011fitimi \u2013 2 g\u00fcn - Global Alliance Register<\/title>\n<meta name=\"robots\" content=\"index, follow, max-snippet:-1, max-image-preview:large, max-video-preview:-1\" \/>\n<link rel=\"canonical\" href=\"https:\/\/globalallianceregister.com\/tr\/services\/egitim\/turkce-surekliligi-egitim-programi\/turkce-iso-22301-surekliligi-yonetim-sistemi-uygulama-egitimi-2-gun\/\" \/>\n<meta property=\"og:locale\" content=\"tr_TR\" \/>\n<meta property=\"og:type\" content=\"article\" \/>\n<meta property=\"og:title\" content=\"ISO 22301 \u0130\u015f S\u00fcreklili\u011fi Y\u00f6netim Sistemi Uygulama E\u011fitimi \u2013 2 g\u00fcn - Global Alliance Register\" \/>\n<meta property=\"og:description\" content=\"\u00a0 Kat\u0131l\u0131mc\u0131 Profili Kurumlar\u0131nda i\u015f s\u00fcreklili\u011fi \u00e7al\u0131\u015fmalar\u0131n\u0131 y\u00fcr\u00fcten y\u00f6neticiler veya uzmanlar, i\u015f s\u00fcreklili\u011fi \u00e7al\u0131\u015fmas\u0131 y\u00fcr\u00fctecek profesyoneller, kurumlar\u0131nda risk y\u00f6netimi alan\u0131nda \u00e7al\u0131\u015fan y\u00f6neticiler veya uzmanlar, i\u015f s\u00fcreklili\u011fi konusunda kariyer planlayan uzmanlar,...\" \/>\n<meta property=\"og:url\" content=\"https:\/\/globalallianceregister.com\/tr\/services\/egitim\/turkce-surekliligi-egitim-programi\/turkce-iso-22301-surekliligi-yonetim-sistemi-uygulama-egitimi-2-gun\/\" \/>\n<meta property=\"og:site_name\" content=\"Global Alliance Register\" \/>\n<meta property=\"article:modified_time\" content=\"2015-12-17T12:07:11+00:00\" \/>\n<meta property=\"og:image\" content=\"https:\/\/globalallianceregister.com\/wp-content\/uploads\/2015\/08\/Training-Inner-Page.jpg\" \/>\n\t<meta property=\"og:image:width\" content=\"614\" \/>\n\t<meta property=\"og:image:height\" content=\"200\" \/>\n\t<meta property=\"og:image:type\" content=\"image\/jpeg\" \/>\n<meta name=\"twitter:label1\" content=\"Tahmini okuma s\u00fcresi\" \/>\n\t<meta name=\"twitter:data1\" content=\"3 dakika\" \/>\n<script type=\"application\/ld+json\" class=\"yoast-schema-graph\">{\"@context\":\"https:\\\/\\\/schema.org\",\"@graph\":[{\"@type\":\"WebPage\",\"@id\":\"https:\\\/\\\/globalallianceregister.com\\\/tr\\\/services\\\/egitim\\\/turkce-surekliligi-egitim-programi\\\/turkce-iso-22301-surekliligi-yonetim-sistemi-uygulama-egitimi-2-gun\\\/\",\"url\":\"https:\\\/\\\/globalallianceregister.com\\\/tr\\\/services\\\/egitim\\\/turkce-surekliligi-egitim-programi\\\/turkce-iso-22301-surekliligi-yonetim-sistemi-uygulama-egitimi-2-gun\\\/\",\"name\":\"ISO 22301 \u0130\u015f S\u00fcreklili\u011fi Y\u00f6netim Sistemi Uygulama E\u011fitimi \u2013 2 g\u00fcn - Global Alliance Register\",\"isPartOf\":{\"@id\":\"https:\\\/\\\/globalallianceregister.com\\\/tr\\\/#website\"},\"primaryImageOfPage\":{\"@id\":\"https:\\\/\\\/globalallianceregister.com\\\/tr\\\/services\\\/egitim\\\/turkce-surekliligi-egitim-programi\\\/turkce-iso-22301-surekliligi-yonetim-sistemi-uygulama-egitimi-2-gun\\\/#primaryimage\"},\"image\":{\"@id\":\"https:\\\/\\\/globalallianceregister.com\\\/tr\\\/services\\\/egitim\\\/turkce-surekliligi-egitim-programi\\\/turkce-iso-22301-surekliligi-yonetim-sistemi-uygulama-egitimi-2-gun\\\/#primaryimage\"},\"thumbnailUrl\":\"https:\\\/\\\/globalallianceregister.com\\\/wp-content\\\/uploads\\\/2015\\\/08\\\/Training-Inner-Page.jpg\",\"datePublished\":\"2014-12-16T19:36:05+00:00\",\"dateModified\":\"2015-12-17T12:07:11+00:00\",\"breadcrumb\":{\"@id\":\"https:\\\/\\\/globalallianceregister.com\\\/tr\\\/services\\\/egitim\\\/turkce-surekliligi-egitim-programi\\\/turkce-iso-22301-surekliligi-yonetim-sistemi-uygulama-egitimi-2-gun\\\/#breadcrumb\"},\"inLanguage\":\"tr\",\"potentialAction\":[{\"@type\":\"ReadAction\",\"target\":[[\"https:\\\/\\\/globalallianceregister.com\\\/tr\\\/services\\\/egitim\\\/turkce-surekliligi-egitim-programi\\\/turkce-iso-22301-surekliligi-yonetim-sistemi-uygulama-egitimi-2-gun\\\/\"]]}]},{\"@type\":\"ImageObject\",\"inLanguage\":\"tr\",\"@id\":\"https:\\\/\\\/globalallianceregister.com\\\/tr\\\/services\\\/egitim\\\/turkce-surekliligi-egitim-programi\\\/turkce-iso-22301-surekliligi-yonetim-sistemi-uygulama-egitimi-2-gun\\\/#primaryimage\",\"url\":\"https:\\\/\\\/globalallianceregister.com\\\/wp-content\\\/uploads\\\/2015\\\/08\\\/Training-Inner-Page.jpg\",\"contentUrl\":\"https:\\\/\\\/globalallianceregister.com\\\/wp-content\\\/uploads\\\/2015\\\/08\\\/Training-Inner-Page.jpg\",\"width\":614,\"height\":200},{\"@type\":\"BreadcrumbList\",\"@id\":\"https:\\\/\\\/globalallianceregister.com\\\/tr\\\/services\\\/egitim\\\/turkce-surekliligi-egitim-programi\\\/turkce-iso-22301-surekliligi-yonetim-sistemi-uygulama-egitimi-2-gun\\\/#breadcrumb\",\"itemListElement\":[{\"@type\":\"ListItem\",\"position\":1,\"name\":\"Anasayfa\",\"item\":\"https:\\\/\\\/globalallianceregister.com\\\/tr\\\/\"},{\"@type\":\"ListItem\",\"position\":2,\"name\":\"ISO 22301 \u0130\u015f S\u00fcreklili\u011fi Y\u00f6netim Sistemi Uygulama E\u011fitimi \u2013 2 g\u00fcn\"}]},{\"@type\":\"WebSite\",\"@id\":\"https:\\\/\\\/globalallianceregister.com\\\/tr\\\/#website\",\"url\":\"https:\\\/\\\/globalallianceregister.com\\\/tr\\\/\",\"name\":\"Global Alliance Register\",\"description\":\"(EN) Together for Excellence\",\"potentialAction\":[{\"@type\":\"SearchAction\",\"target\":{\"@type\":\"EntryPoint\",\"urlTemplate\":\"https:\\\/\\\/globalallianceregister.com\\\/tr\\\/?s={search_term_string}\"},\"query-input\":{\"@type\":\"PropertyValueSpecification\",\"valueRequired\":true,\"valueName\":\"search_term_string\"}}],\"inLanguage\":\"tr\"}]}<\/script>\n<!-- \/ Yoast SEO plugin. -->","yoast_head_json":{"title":"ISO 22301 \u0130\u015f S\u00fcreklili\u011fi Y\u00f6netim Sistemi Uygulama E\u011fitimi \u2013 2 g\u00fcn - Global Alliance Register","robots":{"index":"index","follow":"follow","max-snippet":"max-snippet:-1","max-image-preview":"max-image-preview:large","max-video-preview":"max-video-preview:-1"},"canonical":"https:\/\/globalallianceregister.com\/tr\/services\/egitim\/turkce-surekliligi-egitim-programi\/turkce-iso-22301-surekliligi-yonetim-sistemi-uygulama-egitimi-2-gun\/","og_locale":"tr_TR","og_type":"article","og_title":"ISO 22301 \u0130\u015f S\u00fcreklili\u011fi Y\u00f6netim Sistemi Uygulama E\u011fitimi \u2013 2 g\u00fcn - Global Alliance Register","og_description":"\u00a0 Kat\u0131l\u0131mc\u0131 Profili Kurumlar\u0131nda i\u015f s\u00fcreklili\u011fi \u00e7al\u0131\u015fmalar\u0131n\u0131 y\u00fcr\u00fcten y\u00f6neticiler veya uzmanlar, i\u015f s\u00fcreklili\u011fi \u00e7al\u0131\u015fmas\u0131 y\u00fcr\u00fctecek profesyoneller, kurumlar\u0131nda risk y\u00f6netimi alan\u0131nda \u00e7al\u0131\u015fan y\u00f6neticiler veya uzmanlar, i\u015f s\u00fcreklili\u011fi konusunda kariyer planlayan uzmanlar,...","og_url":"https:\/\/globalallianceregister.com\/tr\/services\/egitim\/turkce-surekliligi-egitim-programi\/turkce-iso-22301-surekliligi-yonetim-sistemi-uygulama-egitimi-2-gun\/","og_site_name":"Global Alliance Register","article_modified_time":"2015-12-17T12:07:11+00:00","og_image":[{"width":614,"height":200,"url":"https:\/\/globalallianceregister.com\/wp-content\/uploads\/2015\/08\/Training-Inner-Page.jpg","type":"image\/jpeg"}],"twitter_misc":{"Tahmini okuma s\u00fcresi":"3 dakika"},"schema":{"@context":"https:\/\/schema.org","@graph":[{"@type":"WebPage","@id":"https:\/\/globalallianceregister.com\/tr\/services\/egitim\/turkce-surekliligi-egitim-programi\/turkce-iso-22301-surekliligi-yonetim-sistemi-uygulama-egitimi-2-gun\/","url":"https:\/\/globalallianceregister.com\/tr\/services\/egitim\/turkce-surekliligi-egitim-programi\/turkce-iso-22301-surekliligi-yonetim-sistemi-uygulama-egitimi-2-gun\/","name":"ISO 22301 \u0130\u015f S\u00fcreklili\u011fi Y\u00f6netim Sistemi Uygulama E\u011fitimi \u2013 2 g\u00fcn - Global Alliance Register","isPartOf":{"@id":"https:\/\/globalallianceregister.com\/tr\/#website"},"primaryImageOfPage":{"@id":"https:\/\/globalallianceregister.com\/tr\/services\/egitim\/turkce-surekliligi-egitim-programi\/turkce-iso-22301-surekliligi-yonetim-sistemi-uygulama-egitimi-2-gun\/#primaryimage"},"image":{"@id":"https:\/\/globalallianceregister.com\/tr\/services\/egitim\/turkce-surekliligi-egitim-programi\/turkce-iso-22301-surekliligi-yonetim-sistemi-uygulama-egitimi-2-gun\/#primaryimage"},"thumbnailUrl":"https:\/\/globalallianceregister.com\/wp-content\/uploads\/2015\/08\/Training-Inner-Page.jpg","datePublished":"2014-12-16T19:36:05+00:00","dateModified":"2015-12-17T12:07:11+00:00","breadcrumb":{"@id":"https:\/\/globalallianceregister.com\/tr\/services\/egitim\/turkce-surekliligi-egitim-programi\/turkce-iso-22301-surekliligi-yonetim-sistemi-uygulama-egitimi-2-gun\/#breadcrumb"},"inLanguage":"tr","potentialAction":[{"@type":"ReadAction","target":[["https:\/\/globalallianceregister.com\/tr\/services\/egitim\/turkce-surekliligi-egitim-programi\/turkce-iso-22301-surekliligi-yonetim-sistemi-uygulama-egitimi-2-gun\/"]]}]},{"@type":"ImageObject","inLanguage":"tr","@id":"https:\/\/globalallianceregister.com\/tr\/services\/egitim\/turkce-surekliligi-egitim-programi\/turkce-iso-22301-surekliligi-yonetim-sistemi-uygulama-egitimi-2-gun\/#primaryimage","url":"https:\/\/globalallianceregister.com\/wp-content\/uploads\/2015\/08\/Training-Inner-Page.jpg","contentUrl":"https:\/\/globalallianceregister.com\/wp-content\/uploads\/2015\/08\/Training-Inner-Page.jpg","width":614,"height":200},{"@type":"BreadcrumbList","@id":"https:\/\/globalallianceregister.com\/tr\/services\/egitim\/turkce-surekliligi-egitim-programi\/turkce-iso-22301-surekliligi-yonetim-sistemi-uygulama-egitimi-2-gun\/#breadcrumb","itemListElement":[{"@type":"ListItem","position":1,"name":"Anasayfa","item":"https:\/\/globalallianceregister.com\/tr\/"},{"@type":"ListItem","position":2,"name":"ISO 22301 \u0130\u015f S\u00fcreklili\u011fi Y\u00f6netim Sistemi Uygulama E\u011fitimi \u2013 2 g\u00fcn"}]},{"@type":"WebSite","@id":"https:\/\/globalallianceregister.com\/tr\/#website","url":"https:\/\/globalallianceregister.com\/tr\/","name":"Global Alliance Register","description":"(EN) Together for Excellence","potentialAction":[{"@type":"SearchAction","target":{"@type":"EntryPoint","urlTemplate":"https:\/\/globalallianceregister.com\/tr\/?s={search_term_string}"},"query-input":{"@type":"PropertyValueSpecification","valueRequired":true,"valueName":"search_term_string"}}],"inLanguage":"tr"}]}},"_links":{"self":[{"href":"https:\/\/globalallianceregister.com\/tr\/wp-json\/wp\/v2\/pages\/2289","targetHints":{"allow":["GET"]}}],"collection":[{"href":"https:\/\/globalallianceregister.com\/tr\/wp-json\/wp\/v2\/pages"}],"about":[{"href":"https:\/\/globalallianceregister.com\/tr\/wp-json\/wp\/v2\/types\/page"}],"author":[{"embeddable":true,"href":"https:\/\/globalallianceregister.com\/tr\/wp-json\/wp\/v2\/users\/10"}],"replies":[{"embeddable":true,"href":"https:\/\/globalallianceregister.com\/tr\/wp-json\/wp\/v2\/comments?post=2289"}],"version-history":[{"count":0,"href":"https:\/\/globalallianceregister.com\/tr\/wp-json\/wp\/v2\/pages\/2289\/revisions"}],"up":[{"embeddable":true,"href":"https:\/\/globalallianceregister.com\/tr\/wp-json\/wp\/v2\/pages\/2148"}],"wp:featuredmedia":[{"embeddable":true,"href":"https:\/\/globalallianceregister.com\/tr\/wp-json\/wp\/v2\/media\/5171"}],"wp:attachment":[{"href":"https:\/\/globalallianceregister.com\/tr\/wp-json\/wp\/v2\/media?parent=2289"}],"curies":[{"name":"wp","href":"https:\/\/api.w.org\/{rel}","templated":true}]}}