{"id":2296,"date":"2014-12-16T19:59:06","date_gmt":"2014-12-16T19:59:06","guid":{"rendered":"https:\/\/globalallianceregister.com\/?page_id=2296"},"modified":"2015-12-17T12:04:21","modified_gmt":"2015-12-17T12:04:21","slug":"turkce-surekliliginde-etki-analizi-yontemleri-ve-uygulamalari-1-gun","status":"publish","type":"page","link":"https:\/\/globalallianceregister.com\/tr\/services\/egitim\/turkce-surekliligi-egitim-programi\/turkce-surekliliginde-etki-analizi-yontemleri-ve-uygulamalari-1-gun\/","title":{"rendered":"\u0130\u015f S\u00fcreklili\u011finde \u0130\u015f Etki Analizi Y\u00f6ntemleri ve Uygulamalar\u0131 \u2013 1 g\u00fcn"},"content":{"rendered":"<p>\u00a0 <strong>Kat\u0131l\u0131mc\u0131 Profili<\/strong><\/p>\n<ul>\n<li>Kurumlar\u0131nda i\u015f s\u00fcreklili\u011fi \u00e7al\u0131\u015fmalar\u0131n\u0131 y\u00fcr\u00fcten y\u00f6neticiler veya uzmanlar, i\u015f s\u00fcreklili\u011fi \u00e7al\u0131\u015fmas\u0131 y\u00fcr\u00fctecek profesyoneller, kurumlar\u0131nda risk y\u00f6netimi alan\u0131nda \u00e7al\u0131\u015fan y\u00f6neticiler veya uzmanlar, i\u015f s\u00fcreklili\u011fi konusunda kariyer planlayan uzmanlar, IT Risk y\u00f6neticileri, bilgi g\u00fcvenli\u011fi y\u00f6neticileri, i\u015f s\u00fcreklili\u011fi ekiplerinde yer alan orta ve \u00fcst seviye y\u00f6neticiler, i\u015f s\u00fcreklili\u011fi uzmanlar\u0131<\/li>\n<\/ul>\n<p>\u00a0 <strong>Hedeflenen Sonu\u00e7<\/strong><\/p>\n<ul>\n<li>\u0130\u015f s\u00fcreklili\u011fi, bir i\u015fletmenin \u00fcr\u00fcn ve servislerini kesinti olay\u0131 sonras\u0131nda kabul edilebilir seviyede s\u00fcrd\u00fcrebilme kapasitesidir. \u0130\u015f s\u00fcreklili\u011finin en \u00f6nemli par\u00e7as\u0131 i\u015fletmenin s\u00fcreklili\u011fini sa\u011flamas\u0131 gereken anahtar \u00fcr\u00fcn ve servislerinin belirlenmesi, bu \u00fcr\u00fcn ve servisleri s\u00fcrd\u00fcrebilmek i\u00e7in gerekli s\u00fcre\u00e7 ve kaynaklarda meydana gelecek kesintilerin etkilerinin analiz edilmesi ve hedeflenen kurtarma s\u00fcrelerinin belirlenmesidir. \u0130\u015f etki analizi, t\u00fcm planlama \u00e7al\u0131\u015fmalar\u0131na girdi sa\u011flad\u0131\u011f\u0131 i\u00e7in do\u011fru ger\u00e7ekle\u015ftirilmeli ve her zaman g\u00fcncel tutulmal\u0131d\u0131r. Acil durumlarda beklenen faydan\u0131n elde edilmesi ancak ve ancak do\u011fru tekniklerin uygulanmas\u0131 ile m\u00fcmk\u00fcnd\u00fcr. Bu e\u011fitimde yayg\u0131n olarak kullan\u0131lan i\u015f etki analizi teknikleri avantaj ve dezavantajlar\u0131 ile kat\u0131l\u0131mc\u0131lara tan\u0131t\u0131lacak ve \u00f6rnek firma \u00fczerinden i\u015f etki analizi uygulamas\u0131 ger\u00e7ekle\u015ftirilecektir. Bu e\u011fitim ISO 22301 standard\u0131 referans al\u0131narak haz\u0131rlanm\u0131\u015ft\u0131r.<\/li>\n<\/ul>\n<p>\u00a0 <strong>E\u011fitim \u0130\u00e7eri\u011fi<\/strong><\/p>\n<ul>\n<li>\u0130\u015f S\u00fcreklili\u011fi ve ISO22301<\/li>\n<li>\u0130\u015f s\u00fcreklili\u011fi nedir? \u0130\u015f S\u00fcreklili\u011fi Y\u00f6netimi nedir?<\/li>\n<\/ul>\n<ul>\n<li>Organizasyona ne kazand\u0131r\u0131r?<\/li>\n<\/ul>\n<ul>\n<li>\u0130\u015f s\u00fcreklili\u011fi y\u00f6netiminde yayg\u0131n kullan\u0131lan standartlar ve en iyi uygulamalar<\/li>\n<\/ul>\n<ul>\n<li>\u0130\u015f s\u00fcreklili\u011fi y\u00f6netimi temel par\u00e7alar\u0131n\u0131n tan\u0131t\u0131m\u0131<\/li>\n<\/ul>\n<ul>\n<li>\u0130\u015f Etki Analizi Kavramlar, Teknikler ve Uygulamalar<\/li>\n<\/ul>\n<ul>\n<li>\u0130\u015f etki analizi nedir ve i\u015f s\u00fcreklili\u011fi \u00e7al\u0131\u015fmalar\u0131ndaki yeri neresidir<\/li>\n<\/ul>\n<ul>\n<li>Temel kavramlar<\/li>\n<\/ul>\n<ul>\n<li>\u0130\u015f Etki Analizi (\u0130EA) s\u00fcreci<\/li>\n<\/ul>\n<ul>\n<li>\u0130\u015f etki analizi ile ilgili ISO22301 \u015fartlar\u0131n\u0131n a\u00e7\u0131klanmas\u0131 ve i\u015f etki analizi s\u00fcrecinin \u00f6zeti.<\/li>\n<\/ul>\n<ul>\n<li>\u0130\u015f Etki Analizi Uygulamas\u0131<\/li>\n<\/ul>\n<p>\u00a0 <strong>Sertifika<\/strong><\/p>\n<ul>\n<li>E\u011fitimi tamamlayan t\u00fcm kat\u0131l\u0131mc\u0131lara GLOBAL ALLIANCE ACADEMY taraf\u0131ndan \u201c\u0130\u015f S\u00fcreklili\u011finde \u0130\u015f Etki Analizi Y\u00f6ntemleri ve Uygulamalar\u0131 E\u011fitimi Kat\u0131l\u0131m Sertifikas\u0131\u201d verilecektir.<\/li>\n<\/ul>","protected":false},"excerpt":{"rendered":"<p>\u00a0 Kat\u0131l\u0131mc\u0131 Profili Kurumlar\u0131nda i\u015f s\u00fcreklili\u011fi \u00e7al\u0131\u015fmalar\u0131n\u0131 y\u00fcr\u00fcten y\u00f6neticiler veya uzmanlar, i\u015f s\u00fcreklili\u011fi \u00e7al\u0131\u015fmas\u0131 y\u00fcr\u00fctecek profesyoneller, kurumlar\u0131nda risk y\u00f6netimi alan\u0131nda \u00e7al\u0131\u015fan y\u00f6neticiler veya uzmanlar, i\u015f s\u00fcreklili\u011fi konusunda kariyer planlayan uzmanlar,&#8230; <\/p>\n","protected":false},"author":10,"featured_media":5171,"parent":2148,"menu_order":1,"comment_status":"closed","ping_status":"closed","template":"page-full.php","meta":{"_acf_changed":false,"om_disable_all_campaigns":false,"footnotes":""},"class_list":["post-2296","page","type-page","status-publish","has-post-thumbnail","hentry"],"acf":[],"yoast_head":"<!-- This site is optimized with the Yoast SEO plugin v27.4 - https:\/\/yoast.com\/product\/yoast-seo-wordpress\/ -->\n<title>\u0130\u015f S\u00fcreklili\u011finde \u0130\u015f Etki Analizi Y\u00f6ntemleri ve Uygulamalar\u0131 \u2013 1 g\u00fcn - Global Alliance Register<\/title>\n<meta name=\"robots\" content=\"index, follow, max-snippet:-1, max-image-preview:large, max-video-preview:-1\" \/>\n<link rel=\"canonical\" href=\"https:\/\/globalallianceregister.com\/tr\/services\/egitim\/turkce-surekliligi-egitim-programi\/turkce-surekliliginde-etki-analizi-yontemleri-ve-uygulamalari-1-gun\/\" \/>\n<meta property=\"og:locale\" content=\"tr_TR\" \/>\n<meta property=\"og:type\" content=\"article\" \/>\n<meta property=\"og:title\" content=\"\u0130\u015f S\u00fcreklili\u011finde \u0130\u015f Etki Analizi Y\u00f6ntemleri ve Uygulamalar\u0131 \u2013 1 g\u00fcn - Global Alliance Register\" \/>\n<meta property=\"og:description\" content=\"\u00a0 Kat\u0131l\u0131mc\u0131 Profili Kurumlar\u0131nda i\u015f s\u00fcreklili\u011fi \u00e7al\u0131\u015fmalar\u0131n\u0131 y\u00fcr\u00fcten y\u00f6neticiler veya uzmanlar, i\u015f s\u00fcreklili\u011fi \u00e7al\u0131\u015fmas\u0131 y\u00fcr\u00fctecek profesyoneller, kurumlar\u0131nda risk y\u00f6netimi alan\u0131nda \u00e7al\u0131\u015fan y\u00f6neticiler veya uzmanlar, i\u015f s\u00fcreklili\u011fi konusunda kariyer planlayan uzmanlar,...\" \/>\n<meta property=\"og:url\" content=\"https:\/\/globalallianceregister.com\/tr\/services\/egitim\/turkce-surekliligi-egitim-programi\/turkce-surekliliginde-etki-analizi-yontemleri-ve-uygulamalari-1-gun\/\" \/>\n<meta property=\"og:site_name\" content=\"Global Alliance Register\" \/>\n<meta property=\"article:modified_time\" content=\"2015-12-17T12:04:21+00:00\" \/>\n<meta property=\"og:image\" content=\"https:\/\/globalallianceregister.com\/wp-content\/uploads\/2015\/08\/Training-Inner-Page.jpg\" \/>\n\t<meta property=\"og:image:width\" content=\"614\" \/>\n\t<meta property=\"og:image:height\" content=\"200\" \/>\n\t<meta property=\"og:image:type\" content=\"image\/jpeg\" \/>\n<meta name=\"twitter:label1\" content=\"Tahmini okuma s\u00fcresi\" \/>\n\t<meta name=\"twitter:data1\" content=\"2 dakika\" \/>\n<script type=\"application\/ld+json\" class=\"yoast-schema-graph\">{\"@context\":\"https:\\\/\\\/schema.org\",\"@graph\":[{\"@type\":\"WebPage\",\"@id\":\"https:\\\/\\\/globalallianceregister.com\\\/tr\\\/services\\\/egitim\\\/turkce-surekliligi-egitim-programi\\\/turkce-surekliliginde-etki-analizi-yontemleri-ve-uygulamalari-1-gun\\\/\",\"url\":\"https:\\\/\\\/globalallianceregister.com\\\/tr\\\/services\\\/egitim\\\/turkce-surekliligi-egitim-programi\\\/turkce-surekliliginde-etki-analizi-yontemleri-ve-uygulamalari-1-gun\\\/\",\"name\":\"\u0130\u015f S\u00fcreklili\u011finde \u0130\u015f Etki Analizi Y\u00f6ntemleri ve Uygulamalar\u0131 \u2013 1 g\u00fcn - Global Alliance Register\",\"isPartOf\":{\"@id\":\"https:\\\/\\\/globalallianceregister.com\\\/tr\\\/#website\"},\"primaryImageOfPage\":{\"@id\":\"https:\\\/\\\/globalallianceregister.com\\\/tr\\\/services\\\/egitim\\\/turkce-surekliligi-egitim-programi\\\/turkce-surekliliginde-etki-analizi-yontemleri-ve-uygulamalari-1-gun\\\/#primaryimage\"},\"image\":{\"@id\":\"https:\\\/\\\/globalallianceregister.com\\\/tr\\\/services\\\/egitim\\\/turkce-surekliligi-egitim-programi\\\/turkce-surekliliginde-etki-analizi-yontemleri-ve-uygulamalari-1-gun\\\/#primaryimage\"},\"thumbnailUrl\":\"https:\\\/\\\/globalallianceregister.com\\\/wp-content\\\/uploads\\\/2015\\\/08\\\/Training-Inner-Page.jpg\",\"datePublished\":\"2014-12-16T19:59:06+00:00\",\"dateModified\":\"2015-12-17T12:04:21+00:00\",\"breadcrumb\":{\"@id\":\"https:\\\/\\\/globalallianceregister.com\\\/tr\\\/services\\\/egitim\\\/turkce-surekliligi-egitim-programi\\\/turkce-surekliliginde-etki-analizi-yontemleri-ve-uygulamalari-1-gun\\\/#breadcrumb\"},\"inLanguage\":\"tr\",\"potentialAction\":[{\"@type\":\"ReadAction\",\"target\":[[\"https:\\\/\\\/globalallianceregister.com\\\/tr\\\/services\\\/egitim\\\/turkce-surekliligi-egitim-programi\\\/turkce-surekliliginde-etki-analizi-yontemleri-ve-uygulamalari-1-gun\\\/\"]]}]},{\"@type\":\"ImageObject\",\"inLanguage\":\"tr\",\"@id\":\"https:\\\/\\\/globalallianceregister.com\\\/tr\\\/services\\\/egitim\\\/turkce-surekliligi-egitim-programi\\\/turkce-surekliliginde-etki-analizi-yontemleri-ve-uygulamalari-1-gun\\\/#primaryimage\",\"url\":\"https:\\\/\\\/globalallianceregister.com\\\/wp-content\\\/uploads\\\/2015\\\/08\\\/Training-Inner-Page.jpg\",\"contentUrl\":\"https:\\\/\\\/globalallianceregister.com\\\/wp-content\\\/uploads\\\/2015\\\/08\\\/Training-Inner-Page.jpg\",\"width\":614,\"height\":200},{\"@type\":\"BreadcrumbList\",\"@id\":\"https:\\\/\\\/globalallianceregister.com\\\/tr\\\/services\\\/egitim\\\/turkce-surekliligi-egitim-programi\\\/turkce-surekliliginde-etki-analizi-yontemleri-ve-uygulamalari-1-gun\\\/#breadcrumb\",\"itemListElement\":[{\"@type\":\"ListItem\",\"position\":1,\"name\":\"Anasayfa\",\"item\":\"https:\\\/\\\/globalallianceregister.com\\\/tr\\\/\"},{\"@type\":\"ListItem\",\"position\":2,\"name\":\"\u0130\u015f S\u00fcreklili\u011finde \u0130\u015f Etki Analizi Y\u00f6ntemleri ve Uygulamalar\u0131 \u2013 1 g\u00fcn\"}]},{\"@type\":\"WebSite\",\"@id\":\"https:\\\/\\\/globalallianceregister.com\\\/tr\\\/#website\",\"url\":\"https:\\\/\\\/globalallianceregister.com\\\/tr\\\/\",\"name\":\"Global Alliance Register\",\"description\":\"(EN) Together for Excellence\",\"potentialAction\":[{\"@type\":\"SearchAction\",\"target\":{\"@type\":\"EntryPoint\",\"urlTemplate\":\"https:\\\/\\\/globalallianceregister.com\\\/tr\\\/?s={search_term_string}\"},\"query-input\":{\"@type\":\"PropertyValueSpecification\",\"valueRequired\":true,\"valueName\":\"search_term_string\"}}],\"inLanguage\":\"tr\"}]}<\/script>\n<!-- \/ Yoast SEO plugin. -->","yoast_head_json":{"title":"\u0130\u015f S\u00fcreklili\u011finde \u0130\u015f Etki Analizi Y\u00f6ntemleri ve Uygulamalar\u0131 \u2013 1 g\u00fcn - Global Alliance Register","robots":{"index":"index","follow":"follow","max-snippet":"max-snippet:-1","max-image-preview":"max-image-preview:large","max-video-preview":"max-video-preview:-1"},"canonical":"https:\/\/globalallianceregister.com\/tr\/services\/egitim\/turkce-surekliligi-egitim-programi\/turkce-surekliliginde-etki-analizi-yontemleri-ve-uygulamalari-1-gun\/","og_locale":"tr_TR","og_type":"article","og_title":"\u0130\u015f S\u00fcreklili\u011finde \u0130\u015f Etki Analizi Y\u00f6ntemleri ve Uygulamalar\u0131 \u2013 1 g\u00fcn - Global Alliance Register","og_description":"\u00a0 Kat\u0131l\u0131mc\u0131 Profili Kurumlar\u0131nda i\u015f s\u00fcreklili\u011fi \u00e7al\u0131\u015fmalar\u0131n\u0131 y\u00fcr\u00fcten y\u00f6neticiler veya uzmanlar, i\u015f s\u00fcreklili\u011fi \u00e7al\u0131\u015fmas\u0131 y\u00fcr\u00fctecek profesyoneller, kurumlar\u0131nda risk y\u00f6netimi alan\u0131nda \u00e7al\u0131\u015fan y\u00f6neticiler veya uzmanlar, i\u015f s\u00fcreklili\u011fi konusunda kariyer planlayan uzmanlar,...","og_url":"https:\/\/globalallianceregister.com\/tr\/services\/egitim\/turkce-surekliligi-egitim-programi\/turkce-surekliliginde-etki-analizi-yontemleri-ve-uygulamalari-1-gun\/","og_site_name":"Global Alliance Register","article_modified_time":"2015-12-17T12:04:21+00:00","og_image":[{"width":614,"height":200,"url":"https:\/\/globalallianceregister.com\/wp-content\/uploads\/2015\/08\/Training-Inner-Page.jpg","type":"image\/jpeg"}],"twitter_misc":{"Tahmini okuma s\u00fcresi":"2 dakika"},"schema":{"@context":"https:\/\/schema.org","@graph":[{"@type":"WebPage","@id":"https:\/\/globalallianceregister.com\/tr\/services\/egitim\/turkce-surekliligi-egitim-programi\/turkce-surekliliginde-etki-analizi-yontemleri-ve-uygulamalari-1-gun\/","url":"https:\/\/globalallianceregister.com\/tr\/services\/egitim\/turkce-surekliligi-egitim-programi\/turkce-surekliliginde-etki-analizi-yontemleri-ve-uygulamalari-1-gun\/","name":"\u0130\u015f S\u00fcreklili\u011finde \u0130\u015f Etki Analizi Y\u00f6ntemleri ve Uygulamalar\u0131 \u2013 1 g\u00fcn - Global Alliance Register","isPartOf":{"@id":"https:\/\/globalallianceregister.com\/tr\/#website"},"primaryImageOfPage":{"@id":"https:\/\/globalallianceregister.com\/tr\/services\/egitim\/turkce-surekliligi-egitim-programi\/turkce-surekliliginde-etki-analizi-yontemleri-ve-uygulamalari-1-gun\/#primaryimage"},"image":{"@id":"https:\/\/globalallianceregister.com\/tr\/services\/egitim\/turkce-surekliligi-egitim-programi\/turkce-surekliliginde-etki-analizi-yontemleri-ve-uygulamalari-1-gun\/#primaryimage"},"thumbnailUrl":"https:\/\/globalallianceregister.com\/wp-content\/uploads\/2015\/08\/Training-Inner-Page.jpg","datePublished":"2014-12-16T19:59:06+00:00","dateModified":"2015-12-17T12:04:21+00:00","breadcrumb":{"@id":"https:\/\/globalallianceregister.com\/tr\/services\/egitim\/turkce-surekliligi-egitim-programi\/turkce-surekliliginde-etki-analizi-yontemleri-ve-uygulamalari-1-gun\/#breadcrumb"},"inLanguage":"tr","potentialAction":[{"@type":"ReadAction","target":[["https:\/\/globalallianceregister.com\/tr\/services\/egitim\/turkce-surekliligi-egitim-programi\/turkce-surekliliginde-etki-analizi-yontemleri-ve-uygulamalari-1-gun\/"]]}]},{"@type":"ImageObject","inLanguage":"tr","@id":"https:\/\/globalallianceregister.com\/tr\/services\/egitim\/turkce-surekliligi-egitim-programi\/turkce-surekliliginde-etki-analizi-yontemleri-ve-uygulamalari-1-gun\/#primaryimage","url":"https:\/\/globalallianceregister.com\/wp-content\/uploads\/2015\/08\/Training-Inner-Page.jpg","contentUrl":"https:\/\/globalallianceregister.com\/wp-content\/uploads\/2015\/08\/Training-Inner-Page.jpg","width":614,"height":200},{"@type":"BreadcrumbList","@id":"https:\/\/globalallianceregister.com\/tr\/services\/egitim\/turkce-surekliligi-egitim-programi\/turkce-surekliliginde-etki-analizi-yontemleri-ve-uygulamalari-1-gun\/#breadcrumb","itemListElement":[{"@type":"ListItem","position":1,"name":"Anasayfa","item":"https:\/\/globalallianceregister.com\/tr\/"},{"@type":"ListItem","position":2,"name":"\u0130\u015f S\u00fcreklili\u011finde \u0130\u015f Etki Analizi Y\u00f6ntemleri ve Uygulamalar\u0131 \u2013 1 g\u00fcn"}]},{"@type":"WebSite","@id":"https:\/\/globalallianceregister.com\/tr\/#website","url":"https:\/\/globalallianceregister.com\/tr\/","name":"Global Alliance Register","description":"(EN) Together for Excellence","potentialAction":[{"@type":"SearchAction","target":{"@type":"EntryPoint","urlTemplate":"https:\/\/globalallianceregister.com\/tr\/?s={search_term_string}"},"query-input":{"@type":"PropertyValueSpecification","valueRequired":true,"valueName":"search_term_string"}}],"inLanguage":"tr"}]}},"_links":{"self":[{"href":"https:\/\/globalallianceregister.com\/tr\/wp-json\/wp\/v2\/pages\/2296","targetHints":{"allow":["GET"]}}],"collection":[{"href":"https:\/\/globalallianceregister.com\/tr\/wp-json\/wp\/v2\/pages"}],"about":[{"href":"https:\/\/globalallianceregister.com\/tr\/wp-json\/wp\/v2\/types\/page"}],"author":[{"embeddable":true,"href":"https:\/\/globalallianceregister.com\/tr\/wp-json\/wp\/v2\/users\/10"}],"replies":[{"embeddable":true,"href":"https:\/\/globalallianceregister.com\/tr\/wp-json\/wp\/v2\/comments?post=2296"}],"version-history":[{"count":0,"href":"https:\/\/globalallianceregister.com\/tr\/wp-json\/wp\/v2\/pages\/2296\/revisions"}],"up":[{"embeddable":true,"href":"https:\/\/globalallianceregister.com\/tr\/wp-json\/wp\/v2\/pages\/2148"}],"wp:featuredmedia":[{"embeddable":true,"href":"https:\/\/globalallianceregister.com\/tr\/wp-json\/wp\/v2\/media\/5171"}],"wp:attachment":[{"href":"https:\/\/globalallianceregister.com\/tr\/wp-json\/wp\/v2\/media?parent=2296"}],"curies":[{"name":"wp","href":"https:\/\/api.w.org\/{rel}","templated":true}]}}