{"id":230,"date":"2010-12-29T13:40:28","date_gmt":"2010-12-29T13:40:28","guid":{"rendered":"https:\/\/globalallianceregister.com\/?page_id=230"},"modified":"2016-02-12T14:56:50","modified_gmt":"2016-02-12T14:56:50","slug":"management-systems","status":"publish","type":"page","link":"https:\/\/globalallianceregister.com\/tr\/services\/consultancy\/management-systems\/","title":{"rendered":"Y\u00f6netim Dan\u0131\u015fmanl\u0131\u011f\u0131"},"content":{"rendered":"<p><strong>Global Alliance Register sahip oldu\u011fu geni\u015f end\u00fcstriyel tecr\u00fcbesi ile yerel ve uluslararas\u0131 m\u00fc\u015fterileri i\u00e7in mevcut i\u015f sorunlar\u0131n\u0131 ve de\u011fi\u015fim-geli\u015fim planlar\u0131n\u0131 analiz ederek \u00f6ncelikli performans kriterlerini iyile\u015ftirecek Y\u00f6netim Dan\u0131\u015fmanl\u0131\u011f\u0131 Hizmetleri sunuyor\u2026<\/strong><\/p>\n<p>Bug\u00fcn bir\u00e7ok end\u00fcstriyel i\u015fletme farkl\u0131 nedenlerle y\u00f6netim dan\u0131\u015fmanl\u0131\u011f\u0131 hizmetlerine ba\u015fvurarak; dan\u0131\u015fmanlar\u0131m\u0131z\u0131n end\u00fcstriyel deneyim ve bilgi birikimlerinden faydalanmakta, \u00f6zellikli konular ve alanlarda y\u00f6netim kararlar\u0131n\u0131n yarataca\u011f\u0131 etkileri farkl\u0131 bir g\u00f6zl\u00fckle de\u011ferlendirme imk\u00e2n\u0131 bulmaktad\u0131r.<\/p>\n<p>Global Alliance Register derin deneyimiyle end\u00fcstriyel iyi uygulama \u00f6rneklerini ve y\u0131llar i\u00e7inde bir\u00e7ok farkl\u0131 proje i\u00e7inde yer almas\u0131 ve mevcut sekt\u00f6rel ili\u015fkilerinin sa\u011flad\u0131\u011f\u0131 avantajlarla m\u00fc\u015fterilerimizin i\u00e7inde bulundu\u011fu vakalara y\u00fcksek katma-de\u011fer sa\u011flamaktad\u0131r.<\/p>\n<p><strong>Global Alliance Register taraf\u0131ndan daha etkin ve verimli i\u015f y\u00f6netimi i\u00e7in sunulmakta olan Y\u00f6netim Dan\u0131\u015fmanl\u0131\u011f\u0131 Hizmetleri genel hatlar\u0131yla a\u015fa\u011f\u0131da belirtilen konular\u0131 kapsamaktad\u0131r:<\/strong><\/p>\n<ul>\n<li>\u0130\u015f Y\u00f6netimi Ko\u00e7lu\u011fu,<\/li>\n<li>\u0130\u015f Modeli\/ Yol Haritas\u0131\/\u00d6ncelik Kartlar\u0131\/ Aksiyon Planlar\u0131n\u0131n Geli\u015ftirilmesi,<\/li>\n<li>Stratejik Planlama,<\/li>\n<li>B\u00fct\u00e7eleme,<\/li>\n<li>Kurumsal Liderlik Programlar\u0131,<\/li>\n<li>De\u011fi\u015fim Y\u00f6netimi,<\/li>\n<li>Teknoloji \u0130yile\u015ftirme,<\/li>\n<li>Entegre Varl\u0131k Y\u00f6netimi,<\/li>\n<li>Kurumsal Sosyal Sorumluluk Programlar\u0131,<\/li>\n<\/ul>\n<p><strong>Y\u00f6netim Dan\u0131\u015fmanl\u0131\u011f\u0131<\/strong> konusunda t\u00fcm sorular\u0131n\u0131z ve teklif talepleriniz i\u00e7in l\u00fctfen taraf\u0131m\u0131zla temas kurunuz\u2026<\/p>\n<h1>\u00a0<\/h1>\n<h1>\u0130lgili Sekt\u00f6rler<\/h1>\n<table>\n<tbody>\n<tr>\n<td style=\"width: 350px; border-color: #ffffff; height: 30px; text-align: left; vertical-align: middle; background-color: #f7f7f7;\" width=\"250\">\n<ul style=\"list-style-type: square;\">\n<li><a title=\"Denizcilik Sekt\u00f6r\u00fc\" href=\"https:\/\/globalallianceregister.com\/?page_id=9&amp;lang=tr\" target=\"_blank\">DEN\u0130ZC\u0130L\u0130K<\/a><\/li>\n<\/ul>\n<\/td>\n<td style=\"width: 350px; border-color: #ffffff; height: 30px; text-align: left; vertical-align: middle; background-color: #f7f7f7;\" width=\"250\">\n<ul style=\"list-style-type: square;\">\n<li><a title=\"\u0130n\u015faat Sekt\u00f6r\u00fc\" href=\"https:\/\/globalallianceregister.com\/?page_id=11&amp;lang=tr\" target=\"_blank\">\u0130N\u015eAAT<\/a><\/li>\n<\/ul>\n<\/td>\n<td style=\"width: 350px; border-color: #ffffff; height: 30px; text-align: left; vertical-align: middle; background-color: #f7f7f7;\" width=\"251\">\n<ul style=\"list-style-type: square;\">\n<li><a title=\"Petrol &amp; Gaz Sekt\u00f6r\u00fc\" href=\"https:\/\/globalallianceregister.com\/?page_id=13&amp;lang=tr\" target=\"_blank\">PETROL &amp; GAZ<\/a><\/li>\n<\/ul>\n<\/td>\n<\/tr>\n<tr>\n<td style=\"width: 350px; border-color: #ffffff; height: 30px; text-align: left; vertical-align: middle; background-color: #f7f7f7;\" width=\"250\">\n<ul style=\"list-style-type: square;\">\n<li><a title=\"Enerji &amp; Tesisler\" href=\"https:\/\/globalallianceregister.com\/?page_id=15&amp;lang=tr\" target=\"_blank\">ENERJ\u0130 &amp; TES\u0130SLER<\/a><\/li>\n<\/ul>\n<\/td>\n<td style=\"width: 350px; border-color: #ffffff; height: 30px; text-align: left; vertical-align: middle; background-color: #f7f7f7;\" width=\"250\">\n<ul style=\"list-style-type: square;\">\n<li><a title=\"\u0130malat Sekt\u00f6r\u00fc\" href=\"https:\/\/globalallianceregister.com\/?page_id=20&amp;lang=tr\" target=\"_blank\">\u0130MALAT<\/a><\/li>\n<\/ul>\n<\/td>\n<td style=\"width: 350px; border-color: #ffffff; height: 30px; text-align: left; vertical-align: middle; background-color: #f7f7f7;\" width=\"251\">\n<ul style=\"list-style-type: square;\">\n<li><a title=\"Ula\u015ft\u0131rma &amp; Lojistik Sekt\u00f6r\u00fc\" href=\"https:\/\/globalallianceregister.com\/?page_id=22&amp;lang=tr\" target=\"_blank\">ULA\u015eTIRMA &amp; LOJ\u0130ST\u0130K<\/a><\/li>\n<\/ul>\n<\/td>\n<\/tr>\n<tr>\n<td style=\"width: 350px; border-color: #ffffff; height: 30px; text-align: left; vertical-align: middle; background-color: #f7f7f7;\" width=\"250\">\n<ul style=\"list-style-type: square;\">\n<li><a title=\"Uzay &amp; Havac\u0131l\u0131k Sekt\u00f6r\u00fc\" href=\"https:\/\/globalallianceregister.com\/?page_id=24&amp;lang=tr\" target=\"_blank\">UZAY &amp; HAVACILIK<\/a><\/li>\n<\/ul>\n<\/td>\n<td style=\"width: 350px; border-color: #ffffff; height: 30px; text-align: left; vertical-align: middle; background-color: #f7f7f7;\" width=\"250\">\n<ul style=\"list-style-type: square;\">\n<li><a title=\"Tar\u0131m &amp; G\u0131da Sekt\u00f6r\u00fc\" href=\"https:\/\/globalallianceregister.com\/?page_id=27&amp;lang=tr\" target=\"_blank\">TARIM &amp; GIDA<\/a><\/li>\n<\/ul>\n<\/td>\n<td style=\"width: 350px; border-color: #ffffff; height: 30px; text-align: left; vertical-align: middle; background-color: #f7f7f7;\" width=\"251\">\n<ul style=\"list-style-type: square;\">\n<li><a title=\"Turizm &amp; Otelcilik Sekt\u00f6r\u00fc\" href=\"https:\/\/globalallianceregister.com\/?page_id=29&amp;lang=tr\" target=\"_blank\">TUR\u0130ZM &amp; OTELC\u0130L\u0130K<\/a><\/li>\n<\/ul>\n<\/td>\n<\/tr>\n<tr>\n<td style=\"width: 350px; border-color: #ffffff; height: 30px; text-align: left; vertical-align: middle; background-color: #f7f7f7;\" width=\"250\">\n<ul style=\"list-style-type: square;\">\n<li><a title=\"Finans &amp; Bankac\u0131l\u0131k Sekt\u00f6r\u00fc\" href=\"https:\/\/globalallianceregister.com\/?page_id=38&amp;lang=tr\" target=\"_blank\">F\u0130NANS<\/a><\/li>\n<\/ul>\n<\/td>\n<td style=\"width: 350px; border-color: #ffffff; height: 30px; text-align: left; vertical-align: middle; background-color: #f7f7f7;\" width=\"250\">\n<ul style=\"list-style-type: square;\">\n<li><a title=\"Sigorta Sekt\u00f6r\u00fc\" href=\"https:\/\/globalallianceregister.com\/?page_id=40&amp;lang=tr\" target=\"_blank\">S\u0130GORTA<\/a><\/li>\n<\/ul>\n<\/td>\n<td style=\"width: 350px; border-color: #ffffff; height: 30px; text-align: left; vertical-align: middle; background-color: #f7f7f7;\" width=\"251\">\n<ul style=\"list-style-type: square;\">\n<li><a title=\"Bilgi Teknolojileri Sekt\u00f6r\u00fc\" href=\"https:\/\/globalallianceregister.com\/?page_id=52&amp;lang=tr\" target=\"_blank\">B\u0130LG\u0130 TEKNOLOJ\u0130LER\u0130<\/a><\/li>\n<\/ul>\n<\/td>\n<\/tr>\n<tr>\n<td style=\"width: 350px; border-color: #ffffff; height: 30px; text-align: left; vertical-align: middle; background-color: #f7f7f7;\" width=\"250\">\n<ul style=\"list-style-type: square;\">\n<li><a title=\"Telekom\u00fcnikasyon Sekt\u00f6r\u00fc\" href=\"https:\/\/globalallianceregister.com\/?page_id=54&amp;lang=tr\" target=\"_blank\">TELEKOM\u00dcN\u0130KASYON<\/a><\/li>\n<\/ul>\n<\/td>\n<td style=\"width: 350px; border-color: #ffffff; height: 30px; text-align: left; vertical-align: middle; background-color: #f7f7f7;\" width=\"250\">\n<ul style=\"list-style-type: square;\">\n<li><a title=\"Sa\u011fl\u0131k &amp; T\u0131p Sekt\u00f6r\u00fc\" href=\"https:\/\/globalallianceregister.com\/?page_id=56&amp;lang=tr\" target=\"_blank\">SA\u011eLIK &amp; TIP<\/a><\/li>\n<\/ul>\n<\/td>\n<td style=\"width: 350px; border-color: #ffffff; height: 30px; text-align: left; vertical-align: middle; background-color: #f7f7f7;\" width=\"251\">\u00a0<\/td>\n<\/tr>\n<\/tbody>\n<\/table>","protected":false},"excerpt":{"rendered":"<p>Global Alliance Register sahip oldu\u011fu geni\u015f end\u00fcstriyel tecr\u00fcbesi ile yerel ve uluslararas\u0131 m\u00fc\u015fterileri i\u00e7in mevcut i\u015f sorunlar\u0131n\u0131 ve de\u011fi\u015fim-geli\u015fim planlar\u0131n\u0131 analiz ederek \u00f6ncelikli performans kriterlerini iyile\u015ftirecek Y\u00f6netim Dan\u0131\u015fmanl\u0131\u011f\u0131 Hizmetleri sunuyor\u2026&#8230; <\/p>\n","protected":false},"author":10,"featured_media":0,"parent":73,"menu_order":3,"comment_status":"closed","ping_status":"closed","template":"page-full.php","meta":{"_acf_changed":false,"om_disable_all_campaigns":false,"footnotes":""},"class_list":["post-230","page","type-page","status-publish","hentry"],"acf":[],"yoast_head":"<!-- This site is optimized with the Yoast SEO plugin v27.4 - https:\/\/yoast.com\/product\/yoast-seo-wordpress\/ -->\n<title>Y\u00f6netim Dan\u0131\u015fmanl\u0131\u011f\u0131 - Global Alliance Register<\/title>\n<meta name=\"robots\" content=\"index, follow, max-snippet:-1, max-image-preview:large, max-video-preview:-1\" \/>\n<link rel=\"canonical\" href=\"https:\/\/globalallianceregister.com\/tr\/services\/consultancy\/management-systems\/\" \/>\n<meta property=\"og:locale\" content=\"tr_TR\" \/>\n<meta property=\"og:type\" content=\"article\" \/>\n<meta property=\"og:title\" content=\"Y\u00f6netim Dan\u0131\u015fmanl\u0131\u011f\u0131 - Global Alliance Register\" \/>\n<meta property=\"og:description\" content=\"Global Alliance Register sahip oldu\u011fu geni\u015f end\u00fcstriyel tecr\u00fcbesi ile yerel ve uluslararas\u0131 m\u00fc\u015fterileri i\u00e7in mevcut i\u015f sorunlar\u0131n\u0131 ve de\u011fi\u015fim-geli\u015fim planlar\u0131n\u0131 analiz ederek \u00f6ncelikli performans kriterlerini iyile\u015ftirecek Y\u00f6netim Dan\u0131\u015fmanl\u0131\u011f\u0131 Hizmetleri sunuyor\u2026...\" \/>\n<meta property=\"og:url\" content=\"https:\/\/globalallianceregister.com\/tr\/services\/consultancy\/management-systems\/\" \/>\n<meta property=\"og:site_name\" content=\"Global Alliance Register\" \/>\n<meta property=\"article:modified_time\" content=\"2016-02-12T14:56:50+00:00\" \/>\n<meta name=\"twitter:label1\" content=\"Tahmini okuma s\u00fcresi\" \/>\n\t<meta name=\"twitter:data1\" content=\"2 dakika\" \/>\n<script type=\"application\/ld+json\" class=\"yoast-schema-graph\">{\"@context\":\"https:\\\/\\\/schema.org\",\"@graph\":[{\"@type\":\"WebPage\",\"@id\":\"https:\\\/\\\/globalallianceregister.com\\\/tr\\\/services\\\/consultancy\\\/management-systems\\\/\",\"url\":\"https:\\\/\\\/globalallianceregister.com\\\/tr\\\/services\\\/consultancy\\\/management-systems\\\/\",\"name\":\"Y\u00f6netim Dan\u0131\u015fmanl\u0131\u011f\u0131 - Global Alliance Register\",\"isPartOf\":{\"@id\":\"https:\\\/\\\/globalallianceregister.com\\\/tr\\\/#website\"},\"datePublished\":\"2010-12-29T13:40:28+00:00\",\"dateModified\":\"2016-02-12T14:56:50+00:00\",\"breadcrumb\":{\"@id\":\"https:\\\/\\\/globalallianceregister.com\\\/tr\\\/services\\\/consultancy\\\/management-systems\\\/#breadcrumb\"},\"inLanguage\":\"tr\",\"potentialAction\":[{\"@type\":\"ReadAction\",\"target\":[[\"https:\\\/\\\/globalallianceregister.com\\\/tr\\\/services\\\/consultancy\\\/management-systems\\\/\"]]}]},{\"@type\":\"BreadcrumbList\",\"@id\":\"https:\\\/\\\/globalallianceregister.com\\\/tr\\\/services\\\/consultancy\\\/management-systems\\\/#breadcrumb\",\"itemListElement\":[{\"@type\":\"ListItem\",\"position\":1,\"name\":\"Anasayfa\",\"item\":\"https:\\\/\\\/globalallianceregister.com\\\/tr\\\/\"},{\"@type\":\"ListItem\",\"position\":2,\"name\":\"Y\u00f6netim Dan\u0131\u015fmanl\u0131\u011f\u0131\"}]},{\"@type\":\"WebSite\",\"@id\":\"https:\\\/\\\/globalallianceregister.com\\\/tr\\\/#website\",\"url\":\"https:\\\/\\\/globalallianceregister.com\\\/tr\\\/\",\"name\":\"Global Alliance Register\",\"description\":\"(EN) Together for Excellence\",\"potentialAction\":[{\"@type\":\"SearchAction\",\"target\":{\"@type\":\"EntryPoint\",\"urlTemplate\":\"https:\\\/\\\/globalallianceregister.com\\\/tr\\\/?s={search_term_string}\"},\"query-input\":{\"@type\":\"PropertyValueSpecification\",\"valueRequired\":true,\"valueName\":\"search_term_string\"}}],\"inLanguage\":\"tr\"}]}<\/script>\n<!-- \/ Yoast SEO plugin. -->","yoast_head_json":{"title":"Y\u00f6netim Dan\u0131\u015fmanl\u0131\u011f\u0131 - Global Alliance Register","robots":{"index":"index","follow":"follow","max-snippet":"max-snippet:-1","max-image-preview":"max-image-preview:large","max-video-preview":"max-video-preview:-1"},"canonical":"https:\/\/globalallianceregister.com\/tr\/services\/consultancy\/management-systems\/","og_locale":"tr_TR","og_type":"article","og_title":"Y\u00f6netim Dan\u0131\u015fmanl\u0131\u011f\u0131 - Global Alliance Register","og_description":"Global Alliance Register sahip oldu\u011fu geni\u015f end\u00fcstriyel tecr\u00fcbesi ile yerel ve uluslararas\u0131 m\u00fc\u015fterileri i\u00e7in mevcut i\u015f sorunlar\u0131n\u0131 ve de\u011fi\u015fim-geli\u015fim planlar\u0131n\u0131 analiz ederek \u00f6ncelikli performans kriterlerini iyile\u015ftirecek Y\u00f6netim Dan\u0131\u015fmanl\u0131\u011f\u0131 Hizmetleri sunuyor\u2026...","og_url":"https:\/\/globalallianceregister.com\/tr\/services\/consultancy\/management-systems\/","og_site_name":"Global Alliance Register","article_modified_time":"2016-02-12T14:56:50+00:00","twitter_misc":{"Tahmini okuma s\u00fcresi":"2 dakika"},"schema":{"@context":"https:\/\/schema.org","@graph":[{"@type":"WebPage","@id":"https:\/\/globalallianceregister.com\/tr\/services\/consultancy\/management-systems\/","url":"https:\/\/globalallianceregister.com\/tr\/services\/consultancy\/management-systems\/","name":"Y\u00f6netim Dan\u0131\u015fmanl\u0131\u011f\u0131 - Global Alliance Register","isPartOf":{"@id":"https:\/\/globalallianceregister.com\/tr\/#website"},"datePublished":"2010-12-29T13:40:28+00:00","dateModified":"2016-02-12T14:56:50+00:00","breadcrumb":{"@id":"https:\/\/globalallianceregister.com\/tr\/services\/consultancy\/management-systems\/#breadcrumb"},"inLanguage":"tr","potentialAction":[{"@type":"ReadAction","target":[["https:\/\/globalallianceregister.com\/tr\/services\/consultancy\/management-systems\/"]]}]},{"@type":"BreadcrumbList","@id":"https:\/\/globalallianceregister.com\/tr\/services\/consultancy\/management-systems\/#breadcrumb","itemListElement":[{"@type":"ListItem","position":1,"name":"Anasayfa","item":"https:\/\/globalallianceregister.com\/tr\/"},{"@type":"ListItem","position":2,"name":"Y\u00f6netim Dan\u0131\u015fmanl\u0131\u011f\u0131"}]},{"@type":"WebSite","@id":"https:\/\/globalallianceregister.com\/tr\/#website","url":"https:\/\/globalallianceregister.com\/tr\/","name":"Global Alliance Register","description":"(EN) Together for Excellence","potentialAction":[{"@type":"SearchAction","target":{"@type":"EntryPoint","urlTemplate":"https:\/\/globalallianceregister.com\/tr\/?s={search_term_string}"},"query-input":{"@type":"PropertyValueSpecification","valueRequired":true,"valueName":"search_term_string"}}],"inLanguage":"tr"}]}},"_links":{"self":[{"href":"https:\/\/globalallianceregister.com\/tr\/wp-json\/wp\/v2\/pages\/230","targetHints":{"allow":["GET"]}}],"collection":[{"href":"https:\/\/globalallianceregister.com\/tr\/wp-json\/wp\/v2\/pages"}],"about":[{"href":"https:\/\/globalallianceregister.com\/tr\/wp-json\/wp\/v2\/types\/page"}],"author":[{"embeddable":true,"href":"https:\/\/globalallianceregister.com\/tr\/wp-json\/wp\/v2\/users\/10"}],"replies":[{"embeddable":true,"href":"https:\/\/globalallianceregister.com\/tr\/wp-json\/wp\/v2\/comments?post=230"}],"version-history":[{"count":0,"href":"https:\/\/globalallianceregister.com\/tr\/wp-json\/wp\/v2\/pages\/230\/revisions"}],"up":[{"embeddable":true,"href":"https:\/\/globalallianceregister.com\/tr\/wp-json\/wp\/v2\/pages\/73"}],"wp:attachment":[{"href":"https:\/\/globalallianceregister.com\/tr\/wp-json\/wp\/v2\/media?parent=230"}],"curies":[{"name":"wp","href":"https:\/\/api.w.org\/{rel}","templated":true}]}}