{"id":232,"date":"2010-12-29T13:41:08","date_gmt":"2010-12-29T13:41:08","guid":{"rendered":"https:\/\/globalallianceregister.com\/?page_id=232"},"modified":"2016-02-12T15:42:15","modified_gmt":"2016-02-12T15:42:15","slug":"lean-manufacturing","status":"publish","type":"page","link":"https:\/\/globalallianceregister.com\/tr\/services\/consultancy\/lean-manufacturing\/","title":{"rendered":"Yal\u0131n \u00dcretim Teknikleri Dan\u0131\u015fmanl\u0131\u011f\u0131"},"content":{"rendered":"<p><strong>Global Alliance Register Yal\u0131n \u00dcretim Uzmanlar\u0131 uluslararas\u0131 projelerdeki tecr\u00fcbe ve bilgi birimleri ile Yal\u0131n \u00dcretim Tekniklerinin temel hedeflerine ula\u015fabilmeleri i\u00e7in m\u00fc\u015fterilerine sonu\u00e7 odakl\u0131 bir yakla\u015f\u0131mla y\u00fcksek nitelikli dan\u0131\u015fmanl\u0131k hizmeti sunuyor. <\/strong><\/p>\n<p><strong> Yal\u0131n \u00dcretim Teknikleri Dan\u0131\u015fmanl\u0131\u011f\u0131<\/strong> ile <strong>Global Alliance Register<\/strong> taraf\u0131ndan m\u00fc\u015fterilerine sa\u011flanan katma-de\u011fer \u015fu \u015fekilde \u00f6zetlenebilir:<\/p>\n<ul>\n<li><strong>Kalitenin Art\u0131r\u0131lmas\u0131:<\/strong> g\u00fcn\u00fcm\u00fcz pazar ko\u015fullar\u0131nda rekabet\u00e7i kalabilmek i\u00e7in organizasyonlar m\u00fc\u015fterilerinin istek ve ihtiya\u00e7lar\u0131n\u0131 ve tasar\u0131m s\u00fcrecinde bu beklentileri kar\u015f\u0131layacak \u00fcr\u00fcn geli\u015ftirme konusunu anlamak zorundad\u0131rlar.<\/li>\n<li><strong>At\u0131k Bertaraf\u0131:<\/strong> At\u0131k zaman al\u0131c\u0131, kaynak t\u00fcketen, yer kaplayan, \u00fcr\u00fcn ve hizmete herhangi bir katk\u0131 sa\u011flamayan minimize edilmesi gerekli bir unsurdur\u2026<\/li>\n<li><strong>Zaman\u0131n Azalt\u0131lmas\u0131:<\/strong> Herhangi bir faaliyetin ba\u015flang\u0131c\u0131ndan sonuna kadar ge\u00e7en s\u00fcrenin azalt\u0131lmas\u0131 at\u0131k bertaraf\u0131nda ve d\u00fc\u015f\u00fck maliyetlerle \u00e7al\u0131\u015fman\u0131n en etkin yollar\u0131ndan biridir.<\/li>\n<li><strong>Toplam Maliyet Optimizasyonu:<\/strong> Maliyetlerin minimize edilebilmesi i\u00e7in organizasyonlar yaln\u0131zca m\u00fc\u015fteri talebine paralel \u00fcretim yapmal\u0131d\u0131rlar. Fazla \u00fcretim organizasyonlar\u0131n stok maliyetlerini art\u0131racakt\u0131r.<\/li>\n<\/ul>\n<p><strong>Global Alliance Register Dan\u0131\u015fmanlar\u0131<\/strong> m\u00fc\u015fterilerinin \u00f6ncelikle mevcut i\u015f s\u00fcre\u00e7lerini analiz ederek; \u00a0bir\u00e7ok farkl\u0131 unsur i\u00e7eren ve kompleks bir yap\u0131ya sahip stratejik yal\u0131n \u00fcretim temel elementlerinin ile ba\u015far\u0131l\u0131 bir \u015fekilde hayata ge\u00e7irilebilmesi i\u00e7in en uygun yal\u0131n \u00fcretim modelini tasarlayarak uygulamaya almaktad\u0131r. <strong>Yukar\u0131da\u00a0bahsi ge\u00e7en temel yal\u0131n \u00fcretim elementleri \u015fu \u015fekildedir:<\/strong><\/p>\n<ul>\n<li><strong>Yal\u0131n Olma (Being Lean):<\/strong> yal\u0131n olma kararl\u0131l\u0131\u011f\u0131n\u0131n g\u00f6sterilmesi veya hedefinin konulmas\u0131,<\/li>\n<li><strong>Yal\u0131nla\u015fmak (Becoming Lean):<\/strong> s\u00fcrekli de\u011fi\u015fim s\u00fcreci ile yal\u0131nla\u015fmak,<\/li>\n<li><strong>Yal\u0131n Uygulama\/ Yal\u0131n Ara\u00e7lar (Doing Lean\/ Toolbox Lean):<\/strong> ara\u00e7 ve metotlarla yal\u0131n uygulama,<\/li>\n<li><strong>Yal\u0131n D\u00fc\u015f\u00fcnme (Lean Thinking):<\/strong> Yal\u0131n felsefeye sahip olma<\/li>\n<\/ul>\n<p>Global Alliance Register Dan\u0131\u015fmanlar\u0131 sade bir imalat sisteminin olu\u015fturulmas\u0131, iyile\u015ftirmeye a\u00e7\u0131k olan alanlar\u0131n tespit edilmesi ve yal\u0131n \u00fcretim sistem tasar\u0131m\u0131n\u0131n s\u00fcrekli iyile\u015ftirilmesini i\u00e7eren, do\u011fru yal\u0131n sistemlerinin geli\u015ftirilmesine ko\u00e7luk yapmaktad\u0131r. Bu yakla\u015f\u0131m \u00e7evrim zamanlar\u0131n\u0131n ciddi oranlarda d\u00fc\u015f\u00fcr\u00fclmesine, daha az stokla daha fazla \u00fcretim ve \u00fcretim hatlar\u0131n\u0131n kapasitelerinin optimum seviyede kullan\u0131lmas\u0131na katk\u0131da bulunmaktad\u0131r.<\/p>\n<p>Global Alliance Register geni\u015f bilgi birikimi ve yal\u0131n \u00fcretim tekniklerinin temel unsurlar\u0131n\u0131 \u00fcr\u00fcn ve \u00fcretim iyile\u015ftirmesinde ustaca uygulama ve katma-de\u011fer sa\u011flamayan aktivitelerin bertaraf edilmesi konular\u0131nda \u00f6nemli tecr\u00fcbeye sahiptir. Yal\u0131n \u00fcretim teknikleri uygulamas\u0131 ile; m\u00fc\u015fterinin talep etti\u011fi h\u0131zda yeni ideal sistem modelleriyle malzeme ak\u0131\u015f\u0131n\u0131n iyile\u015ftirilmesi, \u00a0malzeme hareketini ve stok miktar\u0131n\u0131 azaltmaktad\u0131r.<\/p>\n<p>Yal\u0131n \u00fcretim projelerinin tasar\u0131m\u0131 sonras\u0131 uygulamaya al\u0131nmas\u0131n\u0131 takiben Global Alliance Register Yal\u0131n Uzmanlar\u0131 taraf\u0131ndan sa\u011flanan izleme s\u00fcreci ile \u00fcr\u00fcn, s\u00fcre\u00e7 ve hizmetlerdeki iyile\u015ftirme hedeflerine ula\u015f\u0131lmas\u0131na katk\u0131 sa\u011flanmakta ve kay\u0131p oranlar\u0131n\u0131n azalt\u0131lmas\u0131 ile i\u015fyeri fonksiyonelli\u011fi, m\u00fc\u015fteri hizmetleri ve \u00fcr\u00fcn performans\u0131 iyile\u015ftirilmektedir.<\/p>\n<p><strong>Yal\u0131n \u00dcretim Teknikleri Dan\u0131\u015fmanl\u0131k ve E\u011fitim Hizmetleri<\/strong> hakk\u0131nda sorular\u0131n\u0131z ve talepleriniz i\u00e7in l\u00fctfen taraf\u0131m\u0131zla temas kurunuz\u2026<\/p>\n<h1>\u0130lgili Sekt\u00f6rler<\/h1>\n<table>\n<tbody>\n<tr>\n<td style=\"width: 350px; border-color: #ffffff; height: 30px; text-align: left; vertical-align: middle; background-color: #f7f7f7;\" width=\"250\">\n<ul style=\"list-style-type: square;\">\n<li><a title=\"Denizcilik Sekt\u00f6r\u00fc\" href=\"https:\/\/globalallianceregister.com\/?page_id=9&amp;lang=tr\" target=\"_blank\">DEN\u0130ZC\u0130L\u0130K<\/a><\/li>\n<\/ul>\n<\/td>\n<td style=\"width: 350px; border-color: #ffffff; height: 30px; text-align: left; vertical-align: middle; background-color: #f7f7f7;\" width=\"250\">\n<ul style=\"list-style-type: square;\">\n<li><a title=\"\u0130n\u015faat Sekt\u00f6r\u00fc\" href=\"https:\/\/globalallianceregister.com\/?page_id=11&amp;lang=tr\" target=\"_blank\">\u0130N\u015eAAT<\/a><\/li>\n<\/ul>\n<\/td>\n<td style=\"width: 350px; border-color: #ffffff; height: 30px; text-align: left; vertical-align: middle; background-color: #f7f7f7;\" width=\"251\">\n<ul style=\"list-style-type: square;\">\n<li><a title=\"Petrol &amp; Gaz Sekt\u00f6r\u00fc\" href=\"https:\/\/globalallianceregister.com\/?page_id=13&amp;lang=tr\" target=\"_blank\">PETROL &amp; GAZ<\/a><\/li>\n<\/ul>\n<\/td>\n<\/tr>\n<tr>\n<td style=\"width: 350px; border-color: #ffffff; height: 30px; text-align: left; vertical-align: middle; background-color: #f7f7f7;\" width=\"250\">\n<ul style=\"list-style-type: square;\">\n<li><a title=\"Enerji &amp; Tesisler\" href=\"https:\/\/globalallianceregister.com\/?page_id=15&amp;lang=tr\" target=\"_blank\">ENERJ\u0130 &amp; TES\u0130SLER<\/a><\/li>\n<\/ul>\n<\/td>\n<td style=\"width: 350px; border-color: #ffffff; height: 30px; text-align: left; vertical-align: middle; background-color: #f7f7f7;\" width=\"250\">\n<ul style=\"list-style-type: square;\">\n<li><a title=\"\u0130malat Sekt\u00f6r\u00fc\" href=\"https:\/\/globalallianceregister.com\/?page_id=20&amp;lang=tr\" target=\"_blank\">\u0130MALAT<\/a><\/li>\n<\/ul>\n<\/td>\n<td style=\"width: 350px; border-color: #ffffff; height: 30px; text-align: left; vertical-align: middle; background-color: #f7f7f7;\" width=\"251\">\n<ul style=\"list-style-type: square;\">\n<li><a title=\"Ula\u015ft\u0131rma &amp; Lojistik Sekt\u00f6r\u00fc\" href=\"https:\/\/globalallianceregister.com\/?page_id=22&amp;lang=tr\" target=\"_blank\">ULA\u015eTIRMA &amp; LOJ\u0130ST\u0130K<\/a><\/li>\n<\/ul>\n<\/td>\n<\/tr>\n<tr>\n<td style=\"width: 350px; border-color: #ffffff; height: 30px; text-align: left; vertical-align: middle; background-color: #f7f7f7;\" width=\"250\">\n<ul style=\"list-style-type: square;\">\n<li><a title=\"Uzay &amp; Havac\u0131l\u0131k Sekt\u00f6r\u00fc\" href=\"https:\/\/globalallianceregister.com\/?page_id=24&amp;lang=tr\" target=\"_blank\">UZAY &amp; HAVACILIK<\/a><\/li>\n<\/ul>\n<\/td>\n<td style=\"width: 350px; border-color: #ffffff; height: 30px; text-align: left; vertical-align: middle; background-color: #f7f7f7;\" width=\"250\">\n<ul style=\"list-style-type: square;\">\n<li><a title=\"Tar\u0131m &amp; G\u0131da Sekt\u00f6r\u00fc\" href=\"https:\/\/globalallianceregister.com\/?page_id=27&amp;lang=tr\" target=\"_blank\">TARIM &amp; GIDA<\/a><\/li>\n<\/ul>\n<\/td>\n<td style=\"width: 350px; border-color: #ffffff; height: 30px; text-align: left; vertical-align: middle; background-color: #f7f7f7;\" width=\"251\">\n<ul style=\"list-style-type: square;\">\n<li><a title=\"Turizm &amp; Otelcilik Sekt\u00f6r\u00fc\" href=\"https:\/\/globalallianceregister.com\/?page_id=29&amp;lang=tr\" target=\"_blank\">TUR\u0130ZM &amp; OTELC\u0130L\u0130K<\/a><\/li>\n<\/ul>\n<\/td>\n<\/tr>\n<tr>\n<td style=\"width: 350px; border-color: #ffffff; height: 30px; text-align: left; vertical-align: middle; background-color: #f7f7f7;\" width=\"250\">\n<ul>\n<li><a title=\"Bilgi Teknolojileri Sekt\u00f6r\u00fc\" href=\"https:\/\/globalallianceregister.com\/?page_id=52&amp;lang=tr\" target=\"_blank\">B\u0130LG\u0130 TEKNOLOJ\u0130LER\u0130<\/a><\/li>\n<\/ul>\n<\/td>\n<td style=\"width: 350px; border-color: #ffffff; height: 30px; text-align: left; vertical-align: middle; background-color: #f7f7f7;\" width=\"250\">\n<ul>\n<li><a title=\"Telekom\u00fcnikasyon Sekt\u00f6r\u00fc\" href=\"https:\/\/globalallianceregister.com\/?page_id=54&amp;lang=tr\" target=\"_blank\">TELEKOM\u00dcN\u0130KASYON<\/a><\/li>\n<\/ul>\n<\/td>\n<td style=\"width: 350px; border-color: #ffffff; height: 30px; text-align: left; vertical-align: middle; background-color: #f7f7f7;\" width=\"251\">\n<ul>\n<li><a title=\"Sa\u011fl\u0131k &amp; T\u0131p Sekt\u00f6r\u00fc\" href=\"https:\/\/globalallianceregister.com\/?page_id=56&amp;lang=tr\" target=\"_blank\">SA\u011eLIK &amp; TIP<\/a><\/li>\n<\/ul>\n<\/td>\n<\/tr>\n<\/tbody>\n<\/table>","protected":false},"excerpt":{"rendered":"<p>Global Alliance Register Yal\u0131n \u00dcretim Uzmanlar\u0131 uluslararas\u0131 projelerdeki tecr\u00fcbe ve bilgi birimleri ile Yal\u0131n \u00dcretim Tekniklerinin temel hedeflerine ula\u015fabilmeleri i\u00e7in m\u00fc\u015fterilerine sonu\u00e7 odakl\u0131 bir yakla\u015f\u0131mla y\u00fcksek nitelikli dan\u0131\u015fmanl\u0131k hizmeti sunuyor&#8230;. <\/p>\n","protected":false},"author":10,"featured_media":0,"parent":73,"menu_order":4,"comment_status":"closed","ping_status":"closed","template":"page-full.php","meta":{"_acf_changed":false,"om_disable_all_campaigns":false,"footnotes":""},"class_list":["post-232","page","type-page","status-publish","hentry"],"acf":[],"yoast_head":"<!-- This site is optimized with the Yoast SEO plugin v27.4 - https:\/\/yoast.com\/product\/yoast-seo-wordpress\/ -->\n<title>Yal\u0131n \u00dcretim Teknikleri Dan\u0131\u015fmanl\u0131\u011f\u0131 - Global Alliance Register<\/title>\n<meta name=\"robots\" content=\"index, follow, max-snippet:-1, max-image-preview:large, max-video-preview:-1\" \/>\n<link rel=\"canonical\" href=\"https:\/\/globalallianceregister.com\/tr\/services\/consultancy\/lean-manufacturing\/\" \/>\n<meta property=\"og:locale\" content=\"tr_TR\" \/>\n<meta property=\"og:type\" content=\"article\" \/>\n<meta property=\"og:title\" content=\"Yal\u0131n \u00dcretim Teknikleri Dan\u0131\u015fmanl\u0131\u011f\u0131 - Global Alliance Register\" \/>\n<meta property=\"og:description\" content=\"Global Alliance Register Yal\u0131n \u00dcretim Uzmanlar\u0131 uluslararas\u0131 projelerdeki tecr\u00fcbe ve bilgi birimleri ile Yal\u0131n \u00dcretim Tekniklerinin temel hedeflerine ula\u015fabilmeleri i\u00e7in m\u00fc\u015fterilerine sonu\u00e7 odakl\u0131 bir yakla\u015f\u0131mla y\u00fcksek nitelikli dan\u0131\u015fmanl\u0131k hizmeti sunuyor....\" \/>\n<meta property=\"og:url\" content=\"https:\/\/globalallianceregister.com\/tr\/services\/consultancy\/lean-manufacturing\/\" \/>\n<meta property=\"og:site_name\" content=\"Global Alliance Register\" \/>\n<meta property=\"article:modified_time\" content=\"2016-02-12T15:42:15+00:00\" \/>\n<meta name=\"twitter:label1\" content=\"Tahmini okuma s\u00fcresi\" \/>\n\t<meta name=\"twitter:data1\" content=\"5 dakika\" \/>\n<script type=\"application\/ld+json\" class=\"yoast-schema-graph\">{\"@context\":\"https:\\\/\\\/schema.org\",\"@graph\":[{\"@type\":\"WebPage\",\"@id\":\"https:\\\/\\\/globalallianceregister.com\\\/tr\\\/services\\\/consultancy\\\/lean-manufacturing\\\/\",\"url\":\"https:\\\/\\\/globalallianceregister.com\\\/tr\\\/services\\\/consultancy\\\/lean-manufacturing\\\/\",\"name\":\"Yal\u0131n \u00dcretim Teknikleri Dan\u0131\u015fmanl\u0131\u011f\u0131 - Global Alliance Register\",\"isPartOf\":{\"@id\":\"https:\\\/\\\/globalallianceregister.com\\\/tr\\\/#website\"},\"datePublished\":\"2010-12-29T13:41:08+00:00\",\"dateModified\":\"2016-02-12T15:42:15+00:00\",\"breadcrumb\":{\"@id\":\"https:\\\/\\\/globalallianceregister.com\\\/tr\\\/services\\\/consultancy\\\/lean-manufacturing\\\/#breadcrumb\"},\"inLanguage\":\"tr\",\"potentialAction\":[{\"@type\":\"ReadAction\",\"target\":[[\"https:\\\/\\\/globalallianceregister.com\\\/tr\\\/services\\\/consultancy\\\/lean-manufacturing\\\/\"]]}]},{\"@type\":\"BreadcrumbList\",\"@id\":\"https:\\\/\\\/globalallianceregister.com\\\/tr\\\/services\\\/consultancy\\\/lean-manufacturing\\\/#breadcrumb\",\"itemListElement\":[{\"@type\":\"ListItem\",\"position\":1,\"name\":\"Anasayfa\",\"item\":\"https:\\\/\\\/globalallianceregister.com\\\/tr\\\/\"},{\"@type\":\"ListItem\",\"position\":2,\"name\":\"Yal\u0131n \u00dcretim Teknikleri Dan\u0131\u015fmanl\u0131\u011f\u0131\"}]},{\"@type\":\"WebSite\",\"@id\":\"https:\\\/\\\/globalallianceregister.com\\\/tr\\\/#website\",\"url\":\"https:\\\/\\\/globalallianceregister.com\\\/tr\\\/\",\"name\":\"Global Alliance Register\",\"description\":\"(EN) Together for Excellence\",\"potentialAction\":[{\"@type\":\"SearchAction\",\"target\":{\"@type\":\"EntryPoint\",\"urlTemplate\":\"https:\\\/\\\/globalallianceregister.com\\\/tr\\\/?s={search_term_string}\"},\"query-input\":{\"@type\":\"PropertyValueSpecification\",\"valueRequired\":true,\"valueName\":\"search_term_string\"}}],\"inLanguage\":\"tr\"}]}<\/script>\n<!-- \/ Yoast SEO plugin. -->","yoast_head_json":{"title":"Yal\u0131n \u00dcretim Teknikleri Dan\u0131\u015fmanl\u0131\u011f\u0131 - Global Alliance Register","robots":{"index":"index","follow":"follow","max-snippet":"max-snippet:-1","max-image-preview":"max-image-preview:large","max-video-preview":"max-video-preview:-1"},"canonical":"https:\/\/globalallianceregister.com\/tr\/services\/consultancy\/lean-manufacturing\/","og_locale":"tr_TR","og_type":"article","og_title":"Yal\u0131n \u00dcretim Teknikleri Dan\u0131\u015fmanl\u0131\u011f\u0131 - Global Alliance Register","og_description":"Global Alliance Register Yal\u0131n \u00dcretim Uzmanlar\u0131 uluslararas\u0131 projelerdeki tecr\u00fcbe ve bilgi birimleri ile Yal\u0131n \u00dcretim Tekniklerinin temel hedeflerine ula\u015fabilmeleri i\u00e7in m\u00fc\u015fterilerine sonu\u00e7 odakl\u0131 bir yakla\u015f\u0131mla y\u00fcksek nitelikli dan\u0131\u015fmanl\u0131k hizmeti sunuyor....","og_url":"https:\/\/globalallianceregister.com\/tr\/services\/consultancy\/lean-manufacturing\/","og_site_name":"Global Alliance Register","article_modified_time":"2016-02-12T15:42:15+00:00","twitter_misc":{"Tahmini okuma s\u00fcresi":"5 dakika"},"schema":{"@context":"https:\/\/schema.org","@graph":[{"@type":"WebPage","@id":"https:\/\/globalallianceregister.com\/tr\/services\/consultancy\/lean-manufacturing\/","url":"https:\/\/globalallianceregister.com\/tr\/services\/consultancy\/lean-manufacturing\/","name":"Yal\u0131n \u00dcretim Teknikleri Dan\u0131\u015fmanl\u0131\u011f\u0131 - Global Alliance Register","isPartOf":{"@id":"https:\/\/globalallianceregister.com\/tr\/#website"},"datePublished":"2010-12-29T13:41:08+00:00","dateModified":"2016-02-12T15:42:15+00:00","breadcrumb":{"@id":"https:\/\/globalallianceregister.com\/tr\/services\/consultancy\/lean-manufacturing\/#breadcrumb"},"inLanguage":"tr","potentialAction":[{"@type":"ReadAction","target":[["https:\/\/globalallianceregister.com\/tr\/services\/consultancy\/lean-manufacturing\/"]]}]},{"@type":"BreadcrumbList","@id":"https:\/\/globalallianceregister.com\/tr\/services\/consultancy\/lean-manufacturing\/#breadcrumb","itemListElement":[{"@type":"ListItem","position":1,"name":"Anasayfa","item":"https:\/\/globalallianceregister.com\/tr\/"},{"@type":"ListItem","position":2,"name":"Yal\u0131n \u00dcretim Teknikleri Dan\u0131\u015fmanl\u0131\u011f\u0131"}]},{"@type":"WebSite","@id":"https:\/\/globalallianceregister.com\/tr\/#website","url":"https:\/\/globalallianceregister.com\/tr\/","name":"Global Alliance Register","description":"(EN) Together for Excellence","potentialAction":[{"@type":"SearchAction","target":{"@type":"EntryPoint","urlTemplate":"https:\/\/globalallianceregister.com\/tr\/?s={search_term_string}"},"query-input":{"@type":"PropertyValueSpecification","valueRequired":true,"valueName":"search_term_string"}}],"inLanguage":"tr"}]}},"_links":{"self":[{"href":"https:\/\/globalallianceregister.com\/tr\/wp-json\/wp\/v2\/pages\/232","targetHints":{"allow":["GET"]}}],"collection":[{"href":"https:\/\/globalallianceregister.com\/tr\/wp-json\/wp\/v2\/pages"}],"about":[{"href":"https:\/\/globalallianceregister.com\/tr\/wp-json\/wp\/v2\/types\/page"}],"author":[{"embeddable":true,"href":"https:\/\/globalallianceregister.com\/tr\/wp-json\/wp\/v2\/users\/10"}],"replies":[{"embeddable":true,"href":"https:\/\/globalallianceregister.com\/tr\/wp-json\/wp\/v2\/comments?post=232"}],"version-history":[{"count":0,"href":"https:\/\/globalallianceregister.com\/tr\/wp-json\/wp\/v2\/pages\/232\/revisions"}],"up":[{"embeddable":true,"href":"https:\/\/globalallianceregister.com\/tr\/wp-json\/wp\/v2\/pages\/73"}],"wp:attachment":[{"href":"https:\/\/globalallianceregister.com\/tr\/wp-json\/wp\/v2\/media?parent=232"}],"curies":[{"name":"wp","href":"https:\/\/api.w.org\/{rel}","templated":true}]}}