{"id":2322,"date":"2015-01-02T15:13:23","date_gmt":"2015-01-02T15:13:23","guid":{"rendered":"https:\/\/globalallianceregister.com\/?page_id=2322"},"modified":"2015-12-17T12:10:33","modified_gmt":"2015-12-17T12:10:33","slug":"turkce-06-surekliligi-tatbikat-yonetimi-egitimi-1-gun","status":"publish","type":"page","link":"https:\/\/globalallianceregister.com\/tr\/services\/egitim\/turkce-surekliligi-egitim-programi\/turkce-06-surekliligi-tatbikat-yonetimi-egitimi-1-gun\/","title":{"rendered":"IS-06  \u0130\u015f S\u00fcreklili\u011fi Tatbikat Y\u00f6netimi E\u011fitimi \u2013 1 g\u00fcn"},"content":{"rendered":"<p><strong>Kat\u0131l\u0131mc\u0131 Profili<\/strong><\/p>\n<ul>\n<li>Kurumlar\u0131nda i\u015f s\u00fcreklili\u011fi \u00e7al\u0131\u015fmalar\u0131n\u0131 y\u00fcr\u00fcten y\u00f6neticiler veya uzmanlar, i\u015f s\u00fcreklili\u011fi \u00e7al\u0131\u015fmas\u0131 y\u00fcr\u00fctecek profesyoneller, kurumlar\u0131nda risk y\u00f6netimi alan\u0131nda \u00e7al\u0131\u015fan y\u00f6neticiler veya uzmanlar, i\u015f s\u00fcreklili\u011fi konusunda kariyer planlayan uzmanlar, IT Risk y\u00f6neticileri, bilgi g\u00fcvenli\u011fi y\u00f6neticileri, i\u015f s\u00fcreklili\u011fi ekiplerinde yer alan orta ve \u00fcst seviye y\u00f6neticiler, i\u015f s\u00fcreklili\u011fi uzmanlar\u0131<\/li>\n<\/ul>\n<p>\u00a0 <strong>Hedeflenen Sonu\u00e7<\/strong><\/p>\n<ul>\n<li>\u0130\u015f s\u00fcreklili\u011fi y\u00f6netimi kapsam\u0131nda haz\u0131rlanm\u0131\u015f planlar\u0131n etkinli\u011fini \u00f6l\u00e7mek ve i\u015fletmenizin ger\u00e7ek felaket durumlar\u0131 i\u00e7in haz\u0131r olmas\u0131n\u0131 sa\u011flamak i\u00e7in etkin bir tatbikat y\u00f6netimi s\u00fcreci kurulmal\u0131 ve i\u015fletilmelidir. E\u011fitimde i\u015f s\u00fcreklili\u011fi tatbikatlar\u0131n\u0131n i\u015f s\u00fcreklili\u011fi y\u00f6netimi i\u00e7erisindeki yeri aktar\u0131larak, daha sonra tatbikat \u00f6ncesi, s\u0131ras\u0131 ve sonras\u0131 faaliyetleri \u00f6rnekler ile a\u00e7\u0131klanacakt\u0131r. Tatbikatlar\u0131n en \u00f6nemli par\u00e7as\u0131 olan haz\u0131rl\u0131k a\u015famas\u0131 i\u00e7in \u00f6rnek bir firma \u00fczerinden tatbikat planlamas\u0131 ger\u00e7ekle\u015ftirilecektir. Bu e\u011fitim ISO 22301 standard\u0131 referans al\u0131narak haz\u0131rlanm\u0131\u015ft\u0131r.<\/li>\n<\/ul>\n<p>\u00a0 <strong>E\u011fitim \u0130\u00e7eri\u011fi<\/strong><\/p>\n<ul>\n<li>\u0130\u015f S\u00fcreklili\u011fi ve ISO22301\n<ul>\n<li>\u0130\u015f s\u00fcreklili\u011fi nedir? \u0130\u015f S\u00fcreklili\u011fi Y\u00f6netimi nedir?<\/li>\n<li>Organizasyona ne kazand\u0131r\u0131r?<\/li>\n<li>\u0130\u015f s\u00fcreklili\u011fi y\u00f6netiminde yayg\u0131n kullan\u0131lan standartlar ve en iyi uygulamalar<\/li>\n<li>\u0130\u015f s\u00fcreklili\u011fi y\u00f6netimi temel par\u00e7alar\u0131n\u0131n tan\u0131t\u0131m\u0131<\/li>\n<\/ul>\n<\/li>\n<\/ul>\n<ul>\n<li>\u0130\u015f s\u00fcreklili\u011fi Tatbikat ve Testleri<\/li>\n<li>\u0130\u015f s\u00fcreklili\u011fi tatbikat kavram\u0131 ve \u00e7e\u015fitleri<\/li>\n<li>\u0130\u015f s\u00fcreklili\u011fi planlamas\u0131nda tatbikatlar\u0131n yeri<\/li>\n<li>Tatbikat program\u0131 haz\u0131rlama ve i\u00e7eri\u011finde bulunmas\u0131 gerekenler<\/li>\n<li>Kapsam belirleme<\/li>\n<li>Tatbikat s\u00fcreci tasar\u0131m\u0131 ve uygulanmas\u0131<\/li>\n<li>Tatbikat\u0131n haz\u0131rl\u0131\u011f\u0131<\/li>\n<li>Tatbikat ger\u00e7ekleme ve \u00f6l\u00e7\u00fcmler<\/li>\n<li>Tatbikat sonras\u0131 de\u011ferlendirmeler<\/li>\n<li>\u0130\u015f s\u00fcreklili\u011fi tatbikatlar\u0131 ile ilgili ISO22301 \u015fartlar\u0131n\u0131n a\u00e7\u0131klanmas\u0131 ve i\u015f s\u00fcreklili\u011fi tatbikatlar\u0131n\u0131n denetlenmesi<\/li>\n<\/ul>\n<p>\u00a0 <strong>Sertifika<\/strong><\/p>\n<ul>\n<li>E\u011fitimi tamamlayan t\u00fcm kat\u0131l\u0131mc\u0131lara GLOBAL ALLIANCE ACADEMY taraf\u0131ndan \u201c\u0130\u015f S\u00fcreklili\u011fi Tatbikat Y\u00f6netimi E\u011fitimi Kat\u0131l\u0131m Sertifikas\u0131\u201d verilecektir.<\/li>\n<\/ul>","protected":false},"excerpt":{"rendered":"<p>Kat\u0131l\u0131mc\u0131 Profili Kurumlar\u0131nda i\u015f s\u00fcreklili\u011fi \u00e7al\u0131\u015fmalar\u0131n\u0131 y\u00fcr\u00fcten y\u00f6neticiler veya uzmanlar, i\u015f s\u00fcreklili\u011fi \u00e7al\u0131\u015fmas\u0131 y\u00fcr\u00fctecek profesyoneller, kurumlar\u0131nda risk y\u00f6netimi alan\u0131nda \u00e7al\u0131\u015fan y\u00f6neticiler veya uzmanlar, i\u015f s\u00fcreklili\u011fi konusunda kariyer planlayan uzmanlar, IT&#8230; <\/p>\n","protected":false},"author":10,"featured_media":5171,"parent":2148,"menu_order":6,"comment_status":"closed","ping_status":"closed","template":"page-full.php","meta":{"_acf_changed":false,"om_disable_all_campaigns":false,"footnotes":""},"class_list":["post-2322","page","type-page","status-publish","has-post-thumbnail","hentry"],"acf":[],"yoast_head":"<!-- This site is optimized with the Yoast SEO plugin v27.4 - https:\/\/yoast.com\/product\/yoast-seo-wordpress\/ -->\n<title>IS-06 \u0130\u015f S\u00fcreklili\u011fi Tatbikat Y\u00f6netimi E\u011fitimi \u2013 1 g\u00fcn - Global Alliance Register<\/title>\n<meta name=\"robots\" content=\"index, follow, max-snippet:-1, max-image-preview:large, max-video-preview:-1\" \/>\n<link rel=\"canonical\" href=\"https:\/\/globalallianceregister.com\/tr\/services\/egitim\/turkce-surekliligi-egitim-programi\/turkce-06-surekliligi-tatbikat-yonetimi-egitimi-1-gun\/\" \/>\n<meta property=\"og:locale\" content=\"tr_TR\" \/>\n<meta property=\"og:type\" content=\"article\" \/>\n<meta property=\"og:title\" content=\"IS-06 \u0130\u015f S\u00fcreklili\u011fi Tatbikat Y\u00f6netimi E\u011fitimi \u2013 1 g\u00fcn - Global Alliance Register\" \/>\n<meta property=\"og:description\" content=\"Kat\u0131l\u0131mc\u0131 Profili Kurumlar\u0131nda i\u015f s\u00fcreklili\u011fi \u00e7al\u0131\u015fmalar\u0131n\u0131 y\u00fcr\u00fcten y\u00f6neticiler veya uzmanlar, i\u015f s\u00fcreklili\u011fi \u00e7al\u0131\u015fmas\u0131 y\u00fcr\u00fctecek profesyoneller, kurumlar\u0131nda risk y\u00f6netimi alan\u0131nda \u00e7al\u0131\u015fan y\u00f6neticiler veya uzmanlar, i\u015f s\u00fcreklili\u011fi konusunda kariyer planlayan uzmanlar, IT...\" \/>\n<meta property=\"og:url\" content=\"https:\/\/globalallianceregister.com\/tr\/services\/egitim\/turkce-surekliligi-egitim-programi\/turkce-06-surekliligi-tatbikat-yonetimi-egitimi-1-gun\/\" \/>\n<meta property=\"og:site_name\" content=\"Global Alliance Register\" \/>\n<meta property=\"article:modified_time\" content=\"2015-12-17T12:10:33+00:00\" \/>\n<meta property=\"og:image\" content=\"https:\/\/globalallianceregister.com\/wp-content\/uploads\/2015\/08\/Training-Inner-Page.jpg\" \/>\n\t<meta property=\"og:image:width\" content=\"614\" \/>\n\t<meta property=\"og:image:height\" content=\"200\" \/>\n\t<meta property=\"og:image:type\" content=\"image\/jpeg\" \/>\n<meta name=\"twitter:label1\" content=\"Tahmini okuma s\u00fcresi\" \/>\n\t<meta name=\"twitter:data1\" content=\"2 dakika\" \/>\n<script type=\"application\/ld+json\" class=\"yoast-schema-graph\">{\"@context\":\"https:\\\/\\\/schema.org\",\"@graph\":[{\"@type\":\"WebPage\",\"@id\":\"https:\\\/\\\/globalallianceregister.com\\\/tr\\\/services\\\/egitim\\\/turkce-surekliligi-egitim-programi\\\/turkce-06-surekliligi-tatbikat-yonetimi-egitimi-1-gun\\\/\",\"url\":\"https:\\\/\\\/globalallianceregister.com\\\/tr\\\/services\\\/egitim\\\/turkce-surekliligi-egitim-programi\\\/turkce-06-surekliligi-tatbikat-yonetimi-egitimi-1-gun\\\/\",\"name\":\"IS-06 \u0130\u015f S\u00fcreklili\u011fi Tatbikat Y\u00f6netimi E\u011fitimi \u2013 1 g\u00fcn - Global Alliance Register\",\"isPartOf\":{\"@id\":\"https:\\\/\\\/globalallianceregister.com\\\/tr\\\/#website\"},\"primaryImageOfPage\":{\"@id\":\"https:\\\/\\\/globalallianceregister.com\\\/tr\\\/services\\\/egitim\\\/turkce-surekliligi-egitim-programi\\\/turkce-06-surekliligi-tatbikat-yonetimi-egitimi-1-gun\\\/#primaryimage\"},\"image\":{\"@id\":\"https:\\\/\\\/globalallianceregister.com\\\/tr\\\/services\\\/egitim\\\/turkce-surekliligi-egitim-programi\\\/turkce-06-surekliligi-tatbikat-yonetimi-egitimi-1-gun\\\/#primaryimage\"},\"thumbnailUrl\":\"https:\\\/\\\/globalallianceregister.com\\\/wp-content\\\/uploads\\\/2015\\\/08\\\/Training-Inner-Page.jpg\",\"datePublished\":\"2015-01-02T15:13:23+00:00\",\"dateModified\":\"2015-12-17T12:10:33+00:00\",\"breadcrumb\":{\"@id\":\"https:\\\/\\\/globalallianceregister.com\\\/tr\\\/services\\\/egitim\\\/turkce-surekliligi-egitim-programi\\\/turkce-06-surekliligi-tatbikat-yonetimi-egitimi-1-gun\\\/#breadcrumb\"},\"inLanguage\":\"tr\",\"potentialAction\":[{\"@type\":\"ReadAction\",\"target\":[[\"https:\\\/\\\/globalallianceregister.com\\\/tr\\\/services\\\/egitim\\\/turkce-surekliligi-egitim-programi\\\/turkce-06-surekliligi-tatbikat-yonetimi-egitimi-1-gun\\\/\"]]}]},{\"@type\":\"ImageObject\",\"inLanguage\":\"tr\",\"@id\":\"https:\\\/\\\/globalallianceregister.com\\\/tr\\\/services\\\/egitim\\\/turkce-surekliligi-egitim-programi\\\/turkce-06-surekliligi-tatbikat-yonetimi-egitimi-1-gun\\\/#primaryimage\",\"url\":\"https:\\\/\\\/globalallianceregister.com\\\/wp-content\\\/uploads\\\/2015\\\/08\\\/Training-Inner-Page.jpg\",\"contentUrl\":\"https:\\\/\\\/globalallianceregister.com\\\/wp-content\\\/uploads\\\/2015\\\/08\\\/Training-Inner-Page.jpg\",\"width\":614,\"height\":200},{\"@type\":\"BreadcrumbList\",\"@id\":\"https:\\\/\\\/globalallianceregister.com\\\/tr\\\/services\\\/egitim\\\/turkce-surekliligi-egitim-programi\\\/turkce-06-surekliligi-tatbikat-yonetimi-egitimi-1-gun\\\/#breadcrumb\",\"itemListElement\":[{\"@type\":\"ListItem\",\"position\":1,\"name\":\"Anasayfa\",\"item\":\"https:\\\/\\\/globalallianceregister.com\\\/tr\\\/\"},{\"@type\":\"ListItem\",\"position\":2,\"name\":\"IS-06 \u0130\u015f S\u00fcreklili\u011fi Tatbikat Y\u00f6netimi E\u011fitimi \u2013 1 g\u00fcn\"}]},{\"@type\":\"WebSite\",\"@id\":\"https:\\\/\\\/globalallianceregister.com\\\/tr\\\/#website\",\"url\":\"https:\\\/\\\/globalallianceregister.com\\\/tr\\\/\",\"name\":\"Global Alliance Register\",\"description\":\"(EN) Together for Excellence\",\"potentialAction\":[{\"@type\":\"SearchAction\",\"target\":{\"@type\":\"EntryPoint\",\"urlTemplate\":\"https:\\\/\\\/globalallianceregister.com\\\/tr\\\/?s={search_term_string}\"},\"query-input\":{\"@type\":\"PropertyValueSpecification\",\"valueRequired\":true,\"valueName\":\"search_term_string\"}}],\"inLanguage\":\"tr\"}]}<\/script>\n<!-- \/ Yoast SEO plugin. -->","yoast_head_json":{"title":"IS-06 \u0130\u015f S\u00fcreklili\u011fi Tatbikat Y\u00f6netimi E\u011fitimi \u2013 1 g\u00fcn - Global Alliance Register","robots":{"index":"index","follow":"follow","max-snippet":"max-snippet:-1","max-image-preview":"max-image-preview:large","max-video-preview":"max-video-preview:-1"},"canonical":"https:\/\/globalallianceregister.com\/tr\/services\/egitim\/turkce-surekliligi-egitim-programi\/turkce-06-surekliligi-tatbikat-yonetimi-egitimi-1-gun\/","og_locale":"tr_TR","og_type":"article","og_title":"IS-06 \u0130\u015f S\u00fcreklili\u011fi Tatbikat Y\u00f6netimi E\u011fitimi \u2013 1 g\u00fcn - Global Alliance Register","og_description":"Kat\u0131l\u0131mc\u0131 Profili Kurumlar\u0131nda i\u015f s\u00fcreklili\u011fi \u00e7al\u0131\u015fmalar\u0131n\u0131 y\u00fcr\u00fcten y\u00f6neticiler veya uzmanlar, i\u015f s\u00fcreklili\u011fi \u00e7al\u0131\u015fmas\u0131 y\u00fcr\u00fctecek profesyoneller, kurumlar\u0131nda risk y\u00f6netimi alan\u0131nda \u00e7al\u0131\u015fan y\u00f6neticiler veya uzmanlar, i\u015f s\u00fcreklili\u011fi konusunda kariyer planlayan uzmanlar, IT...","og_url":"https:\/\/globalallianceregister.com\/tr\/services\/egitim\/turkce-surekliligi-egitim-programi\/turkce-06-surekliligi-tatbikat-yonetimi-egitimi-1-gun\/","og_site_name":"Global Alliance Register","article_modified_time":"2015-12-17T12:10:33+00:00","og_image":[{"width":614,"height":200,"url":"https:\/\/globalallianceregister.com\/wp-content\/uploads\/2015\/08\/Training-Inner-Page.jpg","type":"image\/jpeg"}],"twitter_misc":{"Tahmini okuma s\u00fcresi":"2 dakika"},"schema":{"@context":"https:\/\/schema.org","@graph":[{"@type":"WebPage","@id":"https:\/\/globalallianceregister.com\/tr\/services\/egitim\/turkce-surekliligi-egitim-programi\/turkce-06-surekliligi-tatbikat-yonetimi-egitimi-1-gun\/","url":"https:\/\/globalallianceregister.com\/tr\/services\/egitim\/turkce-surekliligi-egitim-programi\/turkce-06-surekliligi-tatbikat-yonetimi-egitimi-1-gun\/","name":"IS-06 \u0130\u015f S\u00fcreklili\u011fi Tatbikat Y\u00f6netimi E\u011fitimi \u2013 1 g\u00fcn - Global Alliance Register","isPartOf":{"@id":"https:\/\/globalallianceregister.com\/tr\/#website"},"primaryImageOfPage":{"@id":"https:\/\/globalallianceregister.com\/tr\/services\/egitim\/turkce-surekliligi-egitim-programi\/turkce-06-surekliligi-tatbikat-yonetimi-egitimi-1-gun\/#primaryimage"},"image":{"@id":"https:\/\/globalallianceregister.com\/tr\/services\/egitim\/turkce-surekliligi-egitim-programi\/turkce-06-surekliligi-tatbikat-yonetimi-egitimi-1-gun\/#primaryimage"},"thumbnailUrl":"https:\/\/globalallianceregister.com\/wp-content\/uploads\/2015\/08\/Training-Inner-Page.jpg","datePublished":"2015-01-02T15:13:23+00:00","dateModified":"2015-12-17T12:10:33+00:00","breadcrumb":{"@id":"https:\/\/globalallianceregister.com\/tr\/services\/egitim\/turkce-surekliligi-egitim-programi\/turkce-06-surekliligi-tatbikat-yonetimi-egitimi-1-gun\/#breadcrumb"},"inLanguage":"tr","potentialAction":[{"@type":"ReadAction","target":[["https:\/\/globalallianceregister.com\/tr\/services\/egitim\/turkce-surekliligi-egitim-programi\/turkce-06-surekliligi-tatbikat-yonetimi-egitimi-1-gun\/"]]}]},{"@type":"ImageObject","inLanguage":"tr","@id":"https:\/\/globalallianceregister.com\/tr\/services\/egitim\/turkce-surekliligi-egitim-programi\/turkce-06-surekliligi-tatbikat-yonetimi-egitimi-1-gun\/#primaryimage","url":"https:\/\/globalallianceregister.com\/wp-content\/uploads\/2015\/08\/Training-Inner-Page.jpg","contentUrl":"https:\/\/globalallianceregister.com\/wp-content\/uploads\/2015\/08\/Training-Inner-Page.jpg","width":614,"height":200},{"@type":"BreadcrumbList","@id":"https:\/\/globalallianceregister.com\/tr\/services\/egitim\/turkce-surekliligi-egitim-programi\/turkce-06-surekliligi-tatbikat-yonetimi-egitimi-1-gun\/#breadcrumb","itemListElement":[{"@type":"ListItem","position":1,"name":"Anasayfa","item":"https:\/\/globalallianceregister.com\/tr\/"},{"@type":"ListItem","position":2,"name":"IS-06 \u0130\u015f S\u00fcreklili\u011fi Tatbikat Y\u00f6netimi E\u011fitimi \u2013 1 g\u00fcn"}]},{"@type":"WebSite","@id":"https:\/\/globalallianceregister.com\/tr\/#website","url":"https:\/\/globalallianceregister.com\/tr\/","name":"Global Alliance Register","description":"(EN) Together for Excellence","potentialAction":[{"@type":"SearchAction","target":{"@type":"EntryPoint","urlTemplate":"https:\/\/globalallianceregister.com\/tr\/?s={search_term_string}"},"query-input":{"@type":"PropertyValueSpecification","valueRequired":true,"valueName":"search_term_string"}}],"inLanguage":"tr"}]}},"_links":{"self":[{"href":"https:\/\/globalallianceregister.com\/tr\/wp-json\/wp\/v2\/pages\/2322","targetHints":{"allow":["GET"]}}],"collection":[{"href":"https:\/\/globalallianceregister.com\/tr\/wp-json\/wp\/v2\/pages"}],"about":[{"href":"https:\/\/globalallianceregister.com\/tr\/wp-json\/wp\/v2\/types\/page"}],"author":[{"embeddable":true,"href":"https:\/\/globalallianceregister.com\/tr\/wp-json\/wp\/v2\/users\/10"}],"replies":[{"embeddable":true,"href":"https:\/\/globalallianceregister.com\/tr\/wp-json\/wp\/v2\/comments?post=2322"}],"version-history":[{"count":0,"href":"https:\/\/globalallianceregister.com\/tr\/wp-json\/wp\/v2\/pages\/2322\/revisions"}],"up":[{"embeddable":true,"href":"https:\/\/globalallianceregister.com\/tr\/wp-json\/wp\/v2\/pages\/2148"}],"wp:featuredmedia":[{"embeddable":true,"href":"https:\/\/globalallianceregister.com\/tr\/wp-json\/wp\/v2\/media\/5171"}],"wp:attachment":[{"href":"https:\/\/globalallianceregister.com\/tr\/wp-json\/wp\/v2\/media?parent=2322"}],"curies":[{"name":"wp","href":"https:\/\/api.w.org\/{rel}","templated":true}]}}