{"id":2325,"date":"2015-01-02T15:15:40","date_gmt":"2015-01-02T15:15:40","guid":{"rendered":"https:\/\/globalallianceregister.com\/?page_id=2325"},"modified":"2015-12-17T12:11:09","modified_gmt":"2015-12-17T12:11:09","slug":"turkce-07-surekliligi-stratejileri-belirleme-egitimi-1-gun","status":"publish","type":"page","link":"https:\/\/globalallianceregister.com\/tr\/services\/egitim\/turkce-surekliligi-egitim-programi\/turkce-07-surekliligi-stratejileri-belirleme-egitimi-1-gun\/","title":{"rendered":"IS-07    \u0130\u015f S\u00fcreklili\u011fi Stratejileri Belirleme E\u011fitimi \u2013 1 g\u00fcn"},"content":{"rendered":"<p><strong>\u00a0<\/strong> <strong>Kat\u0131l\u0131mc\u0131 Profili<\/strong><\/p>\n<ul>\n<li>Kurumlar\u0131nda i\u015f s\u00fcreklili\u011fi \u00e7al\u0131\u015fmalar\u0131n\u0131 y\u00fcr\u00fcten y\u00f6neticiler veya uzmanlar, i\u015f s\u00fcreklili\u011fi \u00e7al\u0131\u015fmas\u0131 y\u00fcr\u00fctecek profesyoneller, kurumlar\u0131nda risk y\u00f6netimi alan\u0131nda \u00e7al\u0131\u015fan y\u00f6neticiler veya uzmanlar, i\u015f s\u00fcreklili\u011fi konusunda kariyer planlayan uzmanlar, IT Risk y\u00f6neticileri, bilgi g\u00fcvenli\u011fi y\u00f6neticileri, i\u015f s\u00fcreklili\u011fi ekiplerinde yer alan orta ve \u00fcst seviye y\u00f6neticiler, i\u015f s\u00fcreklili\u011fi uzmanlar\u0131<\/li>\n<\/ul>\n<p>\u00a0 <strong>Hedeflenen Sonu\u00e7<\/strong><\/p>\n<ul>\n<li>\u0130\u015f s\u00fcreklili\u011fi stratejilerini belirleme \u00e7al\u0131\u015fmas\u0131, i\u015f etki analizinde belirlenen ve y\u00f6netim taraf\u0131ndan onaylanm\u0131\u015f s\u00fcreklilik ihtiya\u00e7lar\u0131n\u0131n i\u015fletmenizde nas\u0131l uygulanaca\u011f\u0131n\u0131n belirlenmesini i\u00e7ermektedir. \u0130\u015f etki analizinde belirlenmi\u015f hedeflenen kurtarma s\u00fcrelerinin ger\u00e7ekle\u015ftirilebilmesi i\u00e7in amaca uygun, \u00f6nceden tan\u0131ml\u0131 ve dok\u00fcmante edilmi\u015f olay tepki yap\u0131s\u0131na ihtiya\u00e7 vard\u0131r. Her bir kritik i\u015f s\u00fcrecinin hedeflenen kurtarma s\u00fcresi i\u00e7erisinde nas\u0131l aya\u011fa kald\u0131r\u0131laca\u011f\u0131 detayl\u0131 olarak belirlenmeli, al\u0131nmas\u0131 gereken aksiyonlar \u00e7\u0131kar\u0131lmal\u0131 ve olay tepki yap\u0131s\u0131 dok\u00fcmante edilmelidir.<\/li>\n<\/ul>\n<p>\u00a0 <strong>E\u011fitim \u0130\u00e7eri\u011fi<\/strong><\/p>\n<ul>\n<li>\u0130\u015f S\u00fcreklili\u011fi ve ISO22301<\/li>\n<\/ul>\n<ul>\n<li>\u0130\u015f s\u00fcreklili\u011fi nedir? \u0130\u015f S\u00fcreklili\u011fi Y\u00f6netimi nedir?<\/li>\n<\/ul>\n<ul>\n<li>Organizasyona ne kazand\u0131r\u0131r?<\/li>\n<\/ul>\n<ul>\n<li>\u0130\u015f s\u00fcreklili\u011fi y\u00f6netiminde yayg\u0131n kullan\u0131lan standartlar ve en iyi uygulamalar<\/li>\n<\/ul>\n<ul>\n<li>\u0130\u015f s\u00fcreklili\u011fi y\u00f6netimi temel par\u00e7alar\u0131n\u0131n tan\u0131t\u0131m\u0131<\/li>\n<\/ul>\n<ul>\n<li>Uygulama A\u015famas\u0131 \u2013 Operasyon \u2013 \u0130\u015f s\u00fcreklili\u011fi Strateji Geli\u015ftirme \u00c7al\u0131\u015fmalar\u0131<\/li>\n<\/ul>\n<ul>\n<li>\u0130\u015f s\u00fcreklili\u011fi y\u00f6netim stratejilerinin tan\u0131t\u0131m\u0131<\/li>\n<\/ul>\n<ul>\n<li>Strateji se\u00e7eneklerinin belirlenmesi ve karar verilmesi\n<ul>\n<li>\u0130nsan kayna\u011f\u0131 stratejileri ve \u00f6rnekleri<\/li>\n<li>Yerle\u015fke stratejileri ve \u00f6rnekleri<\/li>\n<li>Teknoloji stratejileri ve \u00f6rnekleri<\/li>\n<li>Ana merkez i\u00e7erisinde s\u00fcreklilik<\/li>\n<li>Felaketten kurtarma merkezi se\u00e7enekleri<\/li>\n<li>Bilgi stratejileri ve \u00f6rnekleri<\/li>\n<li>Felaketten kurtarma merkezi veri ta\u015f\u0131ma y\u00f6ntemleri<\/li>\n<li>Tedarik\u00e7iler stratejileri ve \u00f6rnekleri<\/li>\n<li>Payda\u015flar stratejileri ve \u00f6rnekleri<\/li>\n<li>Haberle\u015fme stratejileri ve \u00f6rnekleri<\/li>\n<\/ul>\n<\/li>\n<\/ul>\n<ul>\n<li>\u0130\u015f s\u00fcreklili\u011fi stratejileri ile ilgili ISO22301 \u015fartlar\u0131n\u0131n a\u00e7\u0131klanmas\u0131<\/li>\n<\/ul>\n<p>\u00a0 <strong>Sertifika<\/strong><\/p>\n<ul>\n<li>E\u011fitimi tamamlayan t\u00fcm kat\u0131l\u0131mc\u0131lara GLOBAL ALLIANCE ACADEMY taraf\u0131ndan \u201c\u0130\u015f S\u00fcreklili\u011fi Stratejileri Belirleme E\u011fitimi Kat\u0131l\u0131m Sertifikas\u0131\u201d verilecektir.<\/li>\n<\/ul>","protected":false},"excerpt":{"rendered":"<p>\u00a0 Kat\u0131l\u0131mc\u0131 Profili Kurumlar\u0131nda i\u015f s\u00fcreklili\u011fi \u00e7al\u0131\u015fmalar\u0131n\u0131 y\u00fcr\u00fcten y\u00f6neticiler veya uzmanlar, i\u015f s\u00fcreklili\u011fi \u00e7al\u0131\u015fmas\u0131 y\u00fcr\u00fctecek profesyoneller, kurumlar\u0131nda risk y\u00f6netimi alan\u0131nda \u00e7al\u0131\u015fan y\u00f6neticiler veya uzmanlar, i\u015f s\u00fcreklili\u011fi konusunda kariyer planlayan uzmanlar,&#8230; <\/p>\n","protected":false},"author":10,"featured_media":5171,"parent":2148,"menu_order":7,"comment_status":"closed","ping_status":"closed","template":"page-full.php","meta":{"_acf_changed":false,"om_disable_all_campaigns":false,"footnotes":""},"class_list":["post-2325","page","type-page","status-publish","has-post-thumbnail","hentry"],"acf":[],"yoast_head":"<!-- This site is optimized with the Yoast SEO plugin v27.4 - https:\/\/yoast.com\/product\/yoast-seo-wordpress\/ -->\n<title>IS-07  \u0130\u015f S\u00fcreklili\u011fi Stratejileri Belirleme E\u011fitimi \u2013 1 g\u00fcn - Global Alliance Register<\/title>\n<meta name=\"robots\" content=\"index, follow, max-snippet:-1, max-image-preview:large, max-video-preview:-1\" \/>\n<link rel=\"canonical\" href=\"https:\/\/globalallianceregister.com\/tr\/services\/egitim\/turkce-surekliligi-egitim-programi\/turkce-07-surekliligi-stratejileri-belirleme-egitimi-1-gun\/\" \/>\n<meta property=\"og:locale\" content=\"tr_TR\" \/>\n<meta property=\"og:type\" content=\"article\" \/>\n<meta property=\"og:title\" content=\"IS-07  \u0130\u015f S\u00fcreklili\u011fi Stratejileri Belirleme E\u011fitimi \u2013 1 g\u00fcn - Global Alliance Register\" \/>\n<meta property=\"og:description\" content=\"\u00a0 Kat\u0131l\u0131mc\u0131 Profili Kurumlar\u0131nda i\u015f s\u00fcreklili\u011fi \u00e7al\u0131\u015fmalar\u0131n\u0131 y\u00fcr\u00fcten y\u00f6neticiler veya uzmanlar, i\u015f s\u00fcreklili\u011fi \u00e7al\u0131\u015fmas\u0131 y\u00fcr\u00fctecek profesyoneller, kurumlar\u0131nda risk y\u00f6netimi alan\u0131nda \u00e7al\u0131\u015fan y\u00f6neticiler veya uzmanlar, i\u015f s\u00fcreklili\u011fi konusunda kariyer planlayan uzmanlar,...\" \/>\n<meta property=\"og:url\" content=\"https:\/\/globalallianceregister.com\/tr\/services\/egitim\/turkce-surekliligi-egitim-programi\/turkce-07-surekliligi-stratejileri-belirleme-egitimi-1-gun\/\" \/>\n<meta property=\"og:site_name\" content=\"Global Alliance Register\" \/>\n<meta property=\"article:modified_time\" content=\"2015-12-17T12:11:09+00:00\" \/>\n<meta property=\"og:image\" content=\"https:\/\/globalallianceregister.com\/wp-content\/uploads\/2015\/08\/Training-Inner-Page.jpg\" \/>\n\t<meta property=\"og:image:width\" content=\"614\" \/>\n\t<meta property=\"og:image:height\" content=\"200\" \/>\n\t<meta property=\"og:image:type\" content=\"image\/jpeg\" \/>\n<meta name=\"twitter:label1\" content=\"Tahmini okuma s\u00fcresi\" \/>\n\t<meta name=\"twitter:data1\" content=\"2 dakika\" \/>\n<script type=\"application\/ld+json\" class=\"yoast-schema-graph\">{\"@context\":\"https:\\\/\\\/schema.org\",\"@graph\":[{\"@type\":\"WebPage\",\"@id\":\"https:\\\/\\\/globalallianceregister.com\\\/tr\\\/services\\\/egitim\\\/turkce-surekliligi-egitim-programi\\\/turkce-07-surekliligi-stratejileri-belirleme-egitimi-1-gun\\\/\",\"url\":\"https:\\\/\\\/globalallianceregister.com\\\/tr\\\/services\\\/egitim\\\/turkce-surekliligi-egitim-programi\\\/turkce-07-surekliligi-stratejileri-belirleme-egitimi-1-gun\\\/\",\"name\":\"IS-07 \u0130\u015f S\u00fcreklili\u011fi Stratejileri Belirleme E\u011fitimi \u2013 1 g\u00fcn - Global Alliance Register\",\"isPartOf\":{\"@id\":\"https:\\\/\\\/globalallianceregister.com\\\/tr\\\/#website\"},\"primaryImageOfPage\":{\"@id\":\"https:\\\/\\\/globalallianceregister.com\\\/tr\\\/services\\\/egitim\\\/turkce-surekliligi-egitim-programi\\\/turkce-07-surekliligi-stratejileri-belirleme-egitimi-1-gun\\\/#primaryimage\"},\"image\":{\"@id\":\"https:\\\/\\\/globalallianceregister.com\\\/tr\\\/services\\\/egitim\\\/turkce-surekliligi-egitim-programi\\\/turkce-07-surekliligi-stratejileri-belirleme-egitimi-1-gun\\\/#primaryimage\"},\"thumbnailUrl\":\"https:\\\/\\\/globalallianceregister.com\\\/wp-content\\\/uploads\\\/2015\\\/08\\\/Training-Inner-Page.jpg\",\"datePublished\":\"2015-01-02T15:15:40+00:00\",\"dateModified\":\"2015-12-17T12:11:09+00:00\",\"breadcrumb\":{\"@id\":\"https:\\\/\\\/globalallianceregister.com\\\/tr\\\/services\\\/egitim\\\/turkce-surekliligi-egitim-programi\\\/turkce-07-surekliligi-stratejileri-belirleme-egitimi-1-gun\\\/#breadcrumb\"},\"inLanguage\":\"tr\",\"potentialAction\":[{\"@type\":\"ReadAction\",\"target\":[[\"https:\\\/\\\/globalallianceregister.com\\\/tr\\\/services\\\/egitim\\\/turkce-surekliligi-egitim-programi\\\/turkce-07-surekliligi-stratejileri-belirleme-egitimi-1-gun\\\/\"]]}]},{\"@type\":\"ImageObject\",\"inLanguage\":\"tr\",\"@id\":\"https:\\\/\\\/globalallianceregister.com\\\/tr\\\/services\\\/egitim\\\/turkce-surekliligi-egitim-programi\\\/turkce-07-surekliligi-stratejileri-belirleme-egitimi-1-gun\\\/#primaryimage\",\"url\":\"https:\\\/\\\/globalallianceregister.com\\\/wp-content\\\/uploads\\\/2015\\\/08\\\/Training-Inner-Page.jpg\",\"contentUrl\":\"https:\\\/\\\/globalallianceregister.com\\\/wp-content\\\/uploads\\\/2015\\\/08\\\/Training-Inner-Page.jpg\",\"width\":614,\"height\":200},{\"@type\":\"BreadcrumbList\",\"@id\":\"https:\\\/\\\/globalallianceregister.com\\\/tr\\\/services\\\/egitim\\\/turkce-surekliligi-egitim-programi\\\/turkce-07-surekliligi-stratejileri-belirleme-egitimi-1-gun\\\/#breadcrumb\",\"itemListElement\":[{\"@type\":\"ListItem\",\"position\":1,\"name\":\"Anasayfa\",\"item\":\"https:\\\/\\\/globalallianceregister.com\\\/tr\\\/\"},{\"@type\":\"ListItem\",\"position\":2,\"name\":\"IS-07 \u0130\u015f S\u00fcreklili\u011fi Stratejileri Belirleme E\u011fitimi \u2013 1 g\u00fcn\"}]},{\"@type\":\"WebSite\",\"@id\":\"https:\\\/\\\/globalallianceregister.com\\\/tr\\\/#website\",\"url\":\"https:\\\/\\\/globalallianceregister.com\\\/tr\\\/\",\"name\":\"Global Alliance Register\",\"description\":\"(EN) Together for Excellence\",\"potentialAction\":[{\"@type\":\"SearchAction\",\"target\":{\"@type\":\"EntryPoint\",\"urlTemplate\":\"https:\\\/\\\/globalallianceregister.com\\\/tr\\\/?s={search_term_string}\"},\"query-input\":{\"@type\":\"PropertyValueSpecification\",\"valueRequired\":true,\"valueName\":\"search_term_string\"}}],\"inLanguage\":\"tr\"}]}<\/script>\n<!-- \/ Yoast SEO plugin. -->","yoast_head_json":{"title":"IS-07  \u0130\u015f S\u00fcreklili\u011fi Stratejileri Belirleme E\u011fitimi \u2013 1 g\u00fcn - Global Alliance Register","robots":{"index":"index","follow":"follow","max-snippet":"max-snippet:-1","max-image-preview":"max-image-preview:large","max-video-preview":"max-video-preview:-1"},"canonical":"https:\/\/globalallianceregister.com\/tr\/services\/egitim\/turkce-surekliligi-egitim-programi\/turkce-07-surekliligi-stratejileri-belirleme-egitimi-1-gun\/","og_locale":"tr_TR","og_type":"article","og_title":"IS-07  \u0130\u015f S\u00fcreklili\u011fi Stratejileri Belirleme E\u011fitimi \u2013 1 g\u00fcn - Global Alliance Register","og_description":"\u00a0 Kat\u0131l\u0131mc\u0131 Profili Kurumlar\u0131nda i\u015f s\u00fcreklili\u011fi \u00e7al\u0131\u015fmalar\u0131n\u0131 y\u00fcr\u00fcten y\u00f6neticiler veya uzmanlar, i\u015f s\u00fcreklili\u011fi \u00e7al\u0131\u015fmas\u0131 y\u00fcr\u00fctecek profesyoneller, kurumlar\u0131nda risk y\u00f6netimi alan\u0131nda \u00e7al\u0131\u015fan y\u00f6neticiler veya uzmanlar, i\u015f s\u00fcreklili\u011fi konusunda kariyer planlayan uzmanlar,...","og_url":"https:\/\/globalallianceregister.com\/tr\/services\/egitim\/turkce-surekliligi-egitim-programi\/turkce-07-surekliligi-stratejileri-belirleme-egitimi-1-gun\/","og_site_name":"Global Alliance Register","article_modified_time":"2015-12-17T12:11:09+00:00","og_image":[{"width":614,"height":200,"url":"https:\/\/globalallianceregister.com\/wp-content\/uploads\/2015\/08\/Training-Inner-Page.jpg","type":"image\/jpeg"}],"twitter_misc":{"Tahmini okuma s\u00fcresi":"2 dakika"},"schema":{"@context":"https:\/\/schema.org","@graph":[{"@type":"WebPage","@id":"https:\/\/globalallianceregister.com\/tr\/services\/egitim\/turkce-surekliligi-egitim-programi\/turkce-07-surekliligi-stratejileri-belirleme-egitimi-1-gun\/","url":"https:\/\/globalallianceregister.com\/tr\/services\/egitim\/turkce-surekliligi-egitim-programi\/turkce-07-surekliligi-stratejileri-belirleme-egitimi-1-gun\/","name":"IS-07 \u0130\u015f S\u00fcreklili\u011fi Stratejileri Belirleme E\u011fitimi \u2013 1 g\u00fcn - Global Alliance Register","isPartOf":{"@id":"https:\/\/globalallianceregister.com\/tr\/#website"},"primaryImageOfPage":{"@id":"https:\/\/globalallianceregister.com\/tr\/services\/egitim\/turkce-surekliligi-egitim-programi\/turkce-07-surekliligi-stratejileri-belirleme-egitimi-1-gun\/#primaryimage"},"image":{"@id":"https:\/\/globalallianceregister.com\/tr\/services\/egitim\/turkce-surekliligi-egitim-programi\/turkce-07-surekliligi-stratejileri-belirleme-egitimi-1-gun\/#primaryimage"},"thumbnailUrl":"https:\/\/globalallianceregister.com\/wp-content\/uploads\/2015\/08\/Training-Inner-Page.jpg","datePublished":"2015-01-02T15:15:40+00:00","dateModified":"2015-12-17T12:11:09+00:00","breadcrumb":{"@id":"https:\/\/globalallianceregister.com\/tr\/services\/egitim\/turkce-surekliligi-egitim-programi\/turkce-07-surekliligi-stratejileri-belirleme-egitimi-1-gun\/#breadcrumb"},"inLanguage":"tr","potentialAction":[{"@type":"ReadAction","target":[["https:\/\/globalallianceregister.com\/tr\/services\/egitim\/turkce-surekliligi-egitim-programi\/turkce-07-surekliligi-stratejileri-belirleme-egitimi-1-gun\/"]]}]},{"@type":"ImageObject","inLanguage":"tr","@id":"https:\/\/globalallianceregister.com\/tr\/services\/egitim\/turkce-surekliligi-egitim-programi\/turkce-07-surekliligi-stratejileri-belirleme-egitimi-1-gun\/#primaryimage","url":"https:\/\/globalallianceregister.com\/wp-content\/uploads\/2015\/08\/Training-Inner-Page.jpg","contentUrl":"https:\/\/globalallianceregister.com\/wp-content\/uploads\/2015\/08\/Training-Inner-Page.jpg","width":614,"height":200},{"@type":"BreadcrumbList","@id":"https:\/\/globalallianceregister.com\/tr\/services\/egitim\/turkce-surekliligi-egitim-programi\/turkce-07-surekliligi-stratejileri-belirleme-egitimi-1-gun\/#breadcrumb","itemListElement":[{"@type":"ListItem","position":1,"name":"Anasayfa","item":"https:\/\/globalallianceregister.com\/tr\/"},{"@type":"ListItem","position":2,"name":"IS-07 \u0130\u015f S\u00fcreklili\u011fi Stratejileri Belirleme E\u011fitimi \u2013 1 g\u00fcn"}]},{"@type":"WebSite","@id":"https:\/\/globalallianceregister.com\/tr\/#website","url":"https:\/\/globalallianceregister.com\/tr\/","name":"Global Alliance Register","description":"(EN) Together for Excellence","potentialAction":[{"@type":"SearchAction","target":{"@type":"EntryPoint","urlTemplate":"https:\/\/globalallianceregister.com\/tr\/?s={search_term_string}"},"query-input":{"@type":"PropertyValueSpecification","valueRequired":true,"valueName":"search_term_string"}}],"inLanguage":"tr"}]}},"_links":{"self":[{"href":"https:\/\/globalallianceregister.com\/tr\/wp-json\/wp\/v2\/pages\/2325","targetHints":{"allow":["GET"]}}],"collection":[{"href":"https:\/\/globalallianceregister.com\/tr\/wp-json\/wp\/v2\/pages"}],"about":[{"href":"https:\/\/globalallianceregister.com\/tr\/wp-json\/wp\/v2\/types\/page"}],"author":[{"embeddable":true,"href":"https:\/\/globalallianceregister.com\/tr\/wp-json\/wp\/v2\/users\/10"}],"replies":[{"embeddable":true,"href":"https:\/\/globalallianceregister.com\/tr\/wp-json\/wp\/v2\/comments?post=2325"}],"version-history":[{"count":0,"href":"https:\/\/globalallianceregister.com\/tr\/wp-json\/wp\/v2\/pages\/2325\/revisions"}],"up":[{"embeddable":true,"href":"https:\/\/globalallianceregister.com\/tr\/wp-json\/wp\/v2\/pages\/2148"}],"wp:featuredmedia":[{"embeddable":true,"href":"https:\/\/globalallianceregister.com\/tr\/wp-json\/wp\/v2\/media\/5171"}],"wp:attachment":[{"href":"https:\/\/globalallianceregister.com\/tr\/wp-json\/wp\/v2\/media?parent=2325"}],"curies":[{"name":"wp","href":"https:\/\/api.w.org\/{rel}","templated":true}]}}