{"id":2327,"date":"2015-01-02T15:18:32","date_gmt":"2015-01-02T15:18:32","guid":{"rendered":"https:\/\/globalallianceregister.com\/?page_id=2327"},"modified":"2015-12-17T12:11:37","modified_gmt":"2015-12-17T12:11:37","slug":"turkce-08-iso22301-surekliligi-yonetim-sistemi-ic-denetci-egitimi-2-gun","status":"publish","type":"page","link":"https:\/\/globalallianceregister.com\/tr\/services\/egitim\/turkce-surekliligi-egitim-programi\/turkce-08-iso22301-surekliligi-yonetim-sistemi-ic-denetci-egitimi-2-gun\/","title":{"rendered":"IS-08    ISO22301 \u0130\u015f S\u00fcreklili\u011fi Y\u00f6netim Sistemi \u0130\u00e7 Denet\u00e7i E\u011fitimi \u2013 2 g\u00fcn"},"content":{"rendered":"<p>\u00a0 <strong>Kat\u0131l\u0131mc\u0131 Profili<\/strong><\/p>\n<ul>\n<li>ISO 22301 \u0130\u015f S\u00fcreklili\u011fi Y\u00f6netim Sistemini uygulamaya ba\u015flayacak olan veya uygulayan kurulu\u015flarda tetkik i\u015flerini d\u00fczenleyen y\u00f6neticiler, \u0130SYS\u2019yi denetleme sorumlulu\u011fu verilmi\u015f ki\u015filer, denet\u00e7i adaylar\u0131 ve i\u00e7 denet\u00e7i kariyeri yapmak isteyen ki\u015filer.<\/li>\n<\/ul>\n<p>\u00a0 <strong>Hedeflenen Sonu\u00e7<\/strong><\/p>\n<ul>\n<li>E\u011fitimi ba\u015far\u0131yla tamamlad\u0131klar\u0131nda kat\u0131l\u0131mc\u0131lar \u0130\u015f S\u00fcreklili\u011fi Y\u00f6netim Sisteminin ISO 22301 standard\u0131na uygunlu\u011funu denetleyebilir hale geleceklerdir.<\/li>\n<li>Ayr\u0131ca i\u015f s\u00fcreklili\u011fi temel kavramlar\u0131n\u0131, ISO 22300 standartlar\u0131n\u0131, uygunsuzluk t\u00fcrlerini, tetkik t\u00fcrlerini, raporlama y\u00f6ntemlerini ve \u0130\u015f s\u00fcreklili\u011fi dok\u00fcmantasyon gereksinimlerini \u00f6\u011freneceklerdir.<\/li>\n<\/ul>\n<p>\u00a0 <strong>E\u011fitim \u0130\u00e7eri\u011fi<\/strong><\/p>\n<ul>\n<li>\u0130\u015f S\u00fcreklili\u011fi ve ISO22301<\/li>\n<\/ul>\n<ul>\n<li>Planlama A\u015famas\u0131 &#8211; Organizasyonun \u0130\u00e7eri\u011fi<\/li>\n<\/ul>\n<ul>\n<li>Planlama A\u015famas\u0131 \u2013 Liderlik<\/li>\n<\/ul>\n<ul>\n<li>Planlama A\u015famas\u0131 \u2013 Planlama<\/li>\n<\/ul>\n<ul>\n<li>Planlama A\u015famas\u0131 \u2013 Destek<\/li>\n<\/ul>\n<ul>\n<li>Uygulama A\u015famas\u0131 \u2013 Operasyon &#8211; \u0130\u015f Etki Analizi Kavramlar, Teknikler ve Uygulamalar<\/li>\n<\/ul>\n<ul>\n<li>Uygulama A\u015famas\u0131 \u2013 Operasyon \u2013 \u0130\u015f S\u00fcreklili\u011finde Risk Y\u00f6netimi<\/li>\n<\/ul>\n<ul>\n<li>Uygulama A\u015famas\u0131 \u2013 Operasyon \u2013 \u0130\u015f s\u00fcreklili\u011fi Strateji Geli\u015ftirme \u00c7al\u0131\u015fmalar\u0131<\/li>\n<\/ul>\n<ul>\n<li>Uygulama A\u015famas\u0131 \u2013 Operasyon \u2013 \u0130\u015f s\u00fcreklili\u011fi Planlar\u0131 ve Prosed\u00fcrleri<\/li>\n<\/ul>\n<ul>\n<li>Uygulama A\u015famas\u0131 \u2013 Operasyon \u2013 \u0130\u015f s\u00fcreklili\u011fi Tatbikat ve Testleri<\/li>\n<\/ul>\n<ul>\n<li>Kontrol Et A\u015famas\u0131 \u2013 Performans ve De\u011ferlendirme<\/li>\n<\/ul>\n<ul>\n<li>\u00d6nlem Al A\u015famas\u0131 \u2013 \u0130yile\u015ftirme<\/li>\n<\/ul>\n<ul>\n<li>Denetim S\u00fcrecine Giri\u015f (2. G\u00fcn)<\/li>\n<\/ul>\n<ul>\n<li>\u0130\u00e7 denetimler<\/li>\n<\/ul>\n<ul>\n<li>Tedarik\u00e7i de\u011ferlendirmeleri<\/li>\n<\/ul>\n<ul>\n<li>Denetim S\u00fcreci<\/li>\n<\/ul>\n<ul>\n<li>\u0130\u00e7 Denetim Uygulamas\u0131<\/li>\n<\/ul>\n<p>\u00a0 <strong>Sertifika<\/strong><\/p>\n<ul>\n<li>E\u011fitimi tamamlayan t\u00fcm kat\u0131l\u0131mc\u0131lara GLOBAL ALLIANCE ACADEMY taraf\u0131ndan \u201cISO22301 \u0130\u015f S\u00fcreklili\u011fi Y\u00f6netim Sistemi \u0130\u00e7 Denet\u00e7i E\u011fitimi Kat\u0131l\u0131m Sertifikas\u0131\u201d verilecektir.<\/li>\n<\/ul>","protected":false},"excerpt":{"rendered":"<p>\u00a0 Kat\u0131l\u0131mc\u0131 Profili ISO 22301 \u0130\u015f S\u00fcreklili\u011fi Y\u00f6netim Sistemini uygulamaya ba\u015flayacak olan veya uygulayan kurulu\u015flarda tetkik i\u015flerini d\u00fczenleyen y\u00f6neticiler, \u0130SYS\u2019yi denetleme sorumlulu\u011fu verilmi\u015f ki\u015filer, denet\u00e7i adaylar\u0131 ve i\u00e7 denet\u00e7i kariyeri&#8230; <\/p>\n","protected":false},"author":10,"featured_media":5171,"parent":2148,"menu_order":8,"comment_status":"closed","ping_status":"closed","template":"page-full.php","meta":{"_acf_changed":false,"om_disable_all_campaigns":false,"footnotes":""},"class_list":["post-2327","page","type-page","status-publish","has-post-thumbnail","hentry"],"acf":[],"yoast_head":"<!-- This site is optimized with the Yoast SEO plugin v27.4 - https:\/\/yoast.com\/product\/yoast-seo-wordpress\/ -->\n<title>IS-08  ISO22301 \u0130\u015f S\u00fcreklili\u011fi Y\u00f6netim Sistemi \u0130\u00e7 Denet\u00e7i E\u011fitimi \u2013 2 g\u00fcn - Global Alliance Register<\/title>\n<meta name=\"robots\" content=\"index, follow, max-snippet:-1, max-image-preview:large, max-video-preview:-1\" \/>\n<link rel=\"canonical\" href=\"https:\/\/globalallianceregister.com\/tr\/services\/egitim\/turkce-surekliligi-egitim-programi\/turkce-08-iso22301-surekliligi-yonetim-sistemi-ic-denetci-egitimi-2-gun\/\" \/>\n<meta property=\"og:locale\" content=\"tr_TR\" \/>\n<meta property=\"og:type\" content=\"article\" \/>\n<meta property=\"og:title\" content=\"IS-08  ISO22301 \u0130\u015f S\u00fcreklili\u011fi Y\u00f6netim Sistemi \u0130\u00e7 Denet\u00e7i E\u011fitimi \u2013 2 g\u00fcn - Global Alliance Register\" \/>\n<meta property=\"og:description\" content=\"\u00a0 Kat\u0131l\u0131mc\u0131 Profili ISO 22301 \u0130\u015f S\u00fcreklili\u011fi Y\u00f6netim Sistemini uygulamaya ba\u015flayacak olan veya uygulayan kurulu\u015flarda tetkik i\u015flerini d\u00fczenleyen y\u00f6neticiler, \u0130SYS\u2019yi denetleme sorumlulu\u011fu verilmi\u015f ki\u015filer, denet\u00e7i adaylar\u0131 ve i\u00e7 denet\u00e7i kariyeri...\" \/>\n<meta property=\"og:url\" content=\"https:\/\/globalallianceregister.com\/tr\/services\/egitim\/turkce-surekliligi-egitim-programi\/turkce-08-iso22301-surekliligi-yonetim-sistemi-ic-denetci-egitimi-2-gun\/\" \/>\n<meta property=\"og:site_name\" content=\"Global Alliance Register\" \/>\n<meta property=\"article:modified_time\" content=\"2015-12-17T12:11:37+00:00\" \/>\n<meta property=\"og:image\" content=\"https:\/\/globalallianceregister.com\/wp-content\/uploads\/2015\/08\/Training-Inner-Page.jpg\" \/>\n\t<meta property=\"og:image:width\" content=\"614\" \/>\n\t<meta property=\"og:image:height\" content=\"200\" \/>\n\t<meta property=\"og:image:type\" content=\"image\/jpeg\" \/>\n<meta name=\"twitter:label1\" content=\"Tahmini okuma s\u00fcresi\" \/>\n\t<meta name=\"twitter:data1\" content=\"1 dakika\" \/>\n<script type=\"application\/ld+json\" class=\"yoast-schema-graph\">{\"@context\":\"https:\\\/\\\/schema.org\",\"@graph\":[{\"@type\":\"WebPage\",\"@id\":\"https:\\\/\\\/globalallianceregister.com\\\/tr\\\/services\\\/egitim\\\/turkce-surekliligi-egitim-programi\\\/turkce-08-iso22301-surekliligi-yonetim-sistemi-ic-denetci-egitimi-2-gun\\\/\",\"url\":\"https:\\\/\\\/globalallianceregister.com\\\/tr\\\/services\\\/egitim\\\/turkce-surekliligi-egitim-programi\\\/turkce-08-iso22301-surekliligi-yonetim-sistemi-ic-denetci-egitimi-2-gun\\\/\",\"name\":\"IS-08 ISO22301 \u0130\u015f S\u00fcreklili\u011fi Y\u00f6netim Sistemi \u0130\u00e7 Denet\u00e7i E\u011fitimi \u2013 2 g\u00fcn - Global Alliance Register\",\"isPartOf\":{\"@id\":\"https:\\\/\\\/globalallianceregister.com\\\/tr\\\/#website\"},\"primaryImageOfPage\":{\"@id\":\"https:\\\/\\\/globalallianceregister.com\\\/tr\\\/services\\\/egitim\\\/turkce-surekliligi-egitim-programi\\\/turkce-08-iso22301-surekliligi-yonetim-sistemi-ic-denetci-egitimi-2-gun\\\/#primaryimage\"},\"image\":{\"@id\":\"https:\\\/\\\/globalallianceregister.com\\\/tr\\\/services\\\/egitim\\\/turkce-surekliligi-egitim-programi\\\/turkce-08-iso22301-surekliligi-yonetim-sistemi-ic-denetci-egitimi-2-gun\\\/#primaryimage\"},\"thumbnailUrl\":\"https:\\\/\\\/globalallianceregister.com\\\/wp-content\\\/uploads\\\/2015\\\/08\\\/Training-Inner-Page.jpg\",\"datePublished\":\"2015-01-02T15:18:32+00:00\",\"dateModified\":\"2015-12-17T12:11:37+00:00\",\"breadcrumb\":{\"@id\":\"https:\\\/\\\/globalallianceregister.com\\\/tr\\\/services\\\/egitim\\\/turkce-surekliligi-egitim-programi\\\/turkce-08-iso22301-surekliligi-yonetim-sistemi-ic-denetci-egitimi-2-gun\\\/#breadcrumb\"},\"inLanguage\":\"tr\",\"potentialAction\":[{\"@type\":\"ReadAction\",\"target\":[[\"https:\\\/\\\/globalallianceregister.com\\\/tr\\\/services\\\/egitim\\\/turkce-surekliligi-egitim-programi\\\/turkce-08-iso22301-surekliligi-yonetim-sistemi-ic-denetci-egitimi-2-gun\\\/\"]]}]},{\"@type\":\"ImageObject\",\"inLanguage\":\"tr\",\"@id\":\"https:\\\/\\\/globalallianceregister.com\\\/tr\\\/services\\\/egitim\\\/turkce-surekliligi-egitim-programi\\\/turkce-08-iso22301-surekliligi-yonetim-sistemi-ic-denetci-egitimi-2-gun\\\/#primaryimage\",\"url\":\"https:\\\/\\\/globalallianceregister.com\\\/wp-content\\\/uploads\\\/2015\\\/08\\\/Training-Inner-Page.jpg\",\"contentUrl\":\"https:\\\/\\\/globalallianceregister.com\\\/wp-content\\\/uploads\\\/2015\\\/08\\\/Training-Inner-Page.jpg\",\"width\":614,\"height\":200},{\"@type\":\"BreadcrumbList\",\"@id\":\"https:\\\/\\\/globalallianceregister.com\\\/tr\\\/services\\\/egitim\\\/turkce-surekliligi-egitim-programi\\\/turkce-08-iso22301-surekliligi-yonetim-sistemi-ic-denetci-egitimi-2-gun\\\/#breadcrumb\",\"itemListElement\":[{\"@type\":\"ListItem\",\"position\":1,\"name\":\"Anasayfa\",\"item\":\"https:\\\/\\\/globalallianceregister.com\\\/tr\\\/\"},{\"@type\":\"ListItem\",\"position\":2,\"name\":\"IS-08 ISO22301 \u0130\u015f S\u00fcreklili\u011fi Y\u00f6netim Sistemi \u0130\u00e7 Denet\u00e7i E\u011fitimi \u2013 2 g\u00fcn\"}]},{\"@type\":\"WebSite\",\"@id\":\"https:\\\/\\\/globalallianceregister.com\\\/tr\\\/#website\",\"url\":\"https:\\\/\\\/globalallianceregister.com\\\/tr\\\/\",\"name\":\"Global Alliance Register\",\"description\":\"(EN) Together for Excellence\",\"potentialAction\":[{\"@type\":\"SearchAction\",\"target\":{\"@type\":\"EntryPoint\",\"urlTemplate\":\"https:\\\/\\\/globalallianceregister.com\\\/tr\\\/?s={search_term_string}\"},\"query-input\":{\"@type\":\"PropertyValueSpecification\",\"valueRequired\":true,\"valueName\":\"search_term_string\"}}],\"inLanguage\":\"tr\"}]}<\/script>\n<!-- \/ Yoast SEO plugin. -->","yoast_head_json":{"title":"IS-08  ISO22301 \u0130\u015f S\u00fcreklili\u011fi Y\u00f6netim Sistemi \u0130\u00e7 Denet\u00e7i E\u011fitimi \u2013 2 g\u00fcn - Global Alliance Register","robots":{"index":"index","follow":"follow","max-snippet":"max-snippet:-1","max-image-preview":"max-image-preview:large","max-video-preview":"max-video-preview:-1"},"canonical":"https:\/\/globalallianceregister.com\/tr\/services\/egitim\/turkce-surekliligi-egitim-programi\/turkce-08-iso22301-surekliligi-yonetim-sistemi-ic-denetci-egitimi-2-gun\/","og_locale":"tr_TR","og_type":"article","og_title":"IS-08  ISO22301 \u0130\u015f S\u00fcreklili\u011fi Y\u00f6netim Sistemi \u0130\u00e7 Denet\u00e7i E\u011fitimi \u2013 2 g\u00fcn - Global Alliance Register","og_description":"\u00a0 Kat\u0131l\u0131mc\u0131 Profili ISO 22301 \u0130\u015f S\u00fcreklili\u011fi Y\u00f6netim Sistemini uygulamaya ba\u015flayacak olan veya uygulayan kurulu\u015flarda tetkik i\u015flerini d\u00fczenleyen y\u00f6neticiler, \u0130SYS\u2019yi denetleme sorumlulu\u011fu verilmi\u015f ki\u015filer, denet\u00e7i adaylar\u0131 ve i\u00e7 denet\u00e7i kariyeri...","og_url":"https:\/\/globalallianceregister.com\/tr\/services\/egitim\/turkce-surekliligi-egitim-programi\/turkce-08-iso22301-surekliligi-yonetim-sistemi-ic-denetci-egitimi-2-gun\/","og_site_name":"Global Alliance Register","article_modified_time":"2015-12-17T12:11:37+00:00","og_image":[{"width":614,"height":200,"url":"https:\/\/globalallianceregister.com\/wp-content\/uploads\/2015\/08\/Training-Inner-Page.jpg","type":"image\/jpeg"}],"twitter_misc":{"Tahmini okuma s\u00fcresi":"1 dakika"},"schema":{"@context":"https:\/\/schema.org","@graph":[{"@type":"WebPage","@id":"https:\/\/globalallianceregister.com\/tr\/services\/egitim\/turkce-surekliligi-egitim-programi\/turkce-08-iso22301-surekliligi-yonetim-sistemi-ic-denetci-egitimi-2-gun\/","url":"https:\/\/globalallianceregister.com\/tr\/services\/egitim\/turkce-surekliligi-egitim-programi\/turkce-08-iso22301-surekliligi-yonetim-sistemi-ic-denetci-egitimi-2-gun\/","name":"IS-08 ISO22301 \u0130\u015f S\u00fcreklili\u011fi Y\u00f6netim Sistemi \u0130\u00e7 Denet\u00e7i E\u011fitimi \u2013 2 g\u00fcn - Global Alliance Register","isPartOf":{"@id":"https:\/\/globalallianceregister.com\/tr\/#website"},"primaryImageOfPage":{"@id":"https:\/\/globalallianceregister.com\/tr\/services\/egitim\/turkce-surekliligi-egitim-programi\/turkce-08-iso22301-surekliligi-yonetim-sistemi-ic-denetci-egitimi-2-gun\/#primaryimage"},"image":{"@id":"https:\/\/globalallianceregister.com\/tr\/services\/egitim\/turkce-surekliligi-egitim-programi\/turkce-08-iso22301-surekliligi-yonetim-sistemi-ic-denetci-egitimi-2-gun\/#primaryimage"},"thumbnailUrl":"https:\/\/globalallianceregister.com\/wp-content\/uploads\/2015\/08\/Training-Inner-Page.jpg","datePublished":"2015-01-02T15:18:32+00:00","dateModified":"2015-12-17T12:11:37+00:00","breadcrumb":{"@id":"https:\/\/globalallianceregister.com\/tr\/services\/egitim\/turkce-surekliligi-egitim-programi\/turkce-08-iso22301-surekliligi-yonetim-sistemi-ic-denetci-egitimi-2-gun\/#breadcrumb"},"inLanguage":"tr","potentialAction":[{"@type":"ReadAction","target":[["https:\/\/globalallianceregister.com\/tr\/services\/egitim\/turkce-surekliligi-egitim-programi\/turkce-08-iso22301-surekliligi-yonetim-sistemi-ic-denetci-egitimi-2-gun\/"]]}]},{"@type":"ImageObject","inLanguage":"tr","@id":"https:\/\/globalallianceregister.com\/tr\/services\/egitim\/turkce-surekliligi-egitim-programi\/turkce-08-iso22301-surekliligi-yonetim-sistemi-ic-denetci-egitimi-2-gun\/#primaryimage","url":"https:\/\/globalallianceregister.com\/wp-content\/uploads\/2015\/08\/Training-Inner-Page.jpg","contentUrl":"https:\/\/globalallianceregister.com\/wp-content\/uploads\/2015\/08\/Training-Inner-Page.jpg","width":614,"height":200},{"@type":"BreadcrumbList","@id":"https:\/\/globalallianceregister.com\/tr\/services\/egitim\/turkce-surekliligi-egitim-programi\/turkce-08-iso22301-surekliligi-yonetim-sistemi-ic-denetci-egitimi-2-gun\/#breadcrumb","itemListElement":[{"@type":"ListItem","position":1,"name":"Anasayfa","item":"https:\/\/globalallianceregister.com\/tr\/"},{"@type":"ListItem","position":2,"name":"IS-08 ISO22301 \u0130\u015f S\u00fcreklili\u011fi Y\u00f6netim Sistemi \u0130\u00e7 Denet\u00e7i E\u011fitimi \u2013 2 g\u00fcn"}]},{"@type":"WebSite","@id":"https:\/\/globalallianceregister.com\/tr\/#website","url":"https:\/\/globalallianceregister.com\/tr\/","name":"Global Alliance Register","description":"(EN) Together for Excellence","potentialAction":[{"@type":"SearchAction","target":{"@type":"EntryPoint","urlTemplate":"https:\/\/globalallianceregister.com\/tr\/?s={search_term_string}"},"query-input":{"@type":"PropertyValueSpecification","valueRequired":true,"valueName":"search_term_string"}}],"inLanguage":"tr"}]}},"_links":{"self":[{"href":"https:\/\/globalallianceregister.com\/tr\/wp-json\/wp\/v2\/pages\/2327","targetHints":{"allow":["GET"]}}],"collection":[{"href":"https:\/\/globalallianceregister.com\/tr\/wp-json\/wp\/v2\/pages"}],"about":[{"href":"https:\/\/globalallianceregister.com\/tr\/wp-json\/wp\/v2\/types\/page"}],"author":[{"embeddable":true,"href":"https:\/\/globalallianceregister.com\/tr\/wp-json\/wp\/v2\/users\/10"}],"replies":[{"embeddable":true,"href":"https:\/\/globalallianceregister.com\/tr\/wp-json\/wp\/v2\/comments?post=2327"}],"version-history":[{"count":0,"href":"https:\/\/globalallianceregister.com\/tr\/wp-json\/wp\/v2\/pages\/2327\/revisions"}],"up":[{"embeddable":true,"href":"https:\/\/globalallianceregister.com\/tr\/wp-json\/wp\/v2\/pages\/2148"}],"wp:featuredmedia":[{"embeddable":true,"href":"https:\/\/globalallianceregister.com\/tr\/wp-json\/wp\/v2\/media\/5171"}],"wp:attachment":[{"href":"https:\/\/globalallianceregister.com\/tr\/wp-json\/wp\/v2\/media?parent=2327"}],"curies":[{"name":"wp","href":"https:\/\/api.w.org\/{rel}","templated":true}]}}