{"id":2330,"date":"2015-01-02T15:22:40","date_gmt":"2015-01-02T15:22:40","guid":{"rendered":"https:\/\/globalallianceregister.com\/?page_id=2330"},"modified":"2015-12-17T12:12:45","modified_gmt":"2015-12-17T12:12:45","slug":"turkce-09-iso-27031-bs25777-bilgi-teknolojileri-servis-surekliligi-egitimi-3-gun","status":"publish","type":"page","link":"https:\/\/globalallianceregister.com\/tr\/services\/egitim\/turkce-surekliligi-egitim-programi\/turkce-09-iso-27031-bs25777-bilgi-teknolojileri-servis-surekliligi-egitimi-3-gun\/","title":{"rendered":"IS-09    ISO 27031-BS25777 Bilgi Teknolojileri Servis S\u00fcreklili\u011fi E\u011fitimi &#8211; 3 g\u00fcn"},"content":{"rendered":"<p>\u00a0 <strong>Kat\u0131l\u0131mc\u0131 Profili<\/strong><\/p>\n<ul>\n<li>Kurumlar\u0131nda BT s\u00fcreklili\u011fi \u00e7al\u0131\u015fmalar\u0131n\u0131 y\u00fcr\u00fcten y\u00f6neticiler veya uzmanlar, BT s\u00fcreklili\u011fi \u00e7al\u0131\u015fmas\u0131 y\u00fcr\u00fctecek profesyoneller, IT Risk y\u00f6neticileri, bilgi g\u00fcvenli\u011fi y\u00f6neticileri, i\u015f s\u00fcreklili\u011fi ekiplerinde yer alan orta ve \u00fcst seviye y\u00f6neticiler, BT Uzmanlar\u0131<\/li>\n<\/ul>\n<p>\u00a0 <strong>Hedeflenen Sonu\u00e7<\/strong><\/p>\n<ul>\n<li>BT s\u00fcreklili\u011fi, bir i\u015fletmenin BT hizmetlerinin \u00f6nceden tan\u0131mlanm\u0131\u015f kabul edilebilir seviyede s\u00fcreklili\u011finin sa\u011flanmas\u0131 i\u00e7in organizasyonun olay ve kesintilere kar\u015f\u0131 tepki ve m\u00fcdahale planlama yapabilme yetkinli\u011fidir. \u0130\u015fletmenin BT hizmetlerinin ne kadar kesintiye tahamm\u00fcl edebildi\u011fi ve bu hizmetlerin \u00f6n g\u00f6r\u00fclen s\u00fcre i\u00e7erisinde tekrar \u00e7al\u0131\u015f\u0131r hale getirmek i\u00e7in neler yap\u0131lmas\u0131 gerekti\u011fi BT s\u00fcreklili\u011fi \u00e7al\u0131\u015fmalar\u0131n\u0131n temelini olu\u015fturmaktad\u0131r. Bu e\u011fitimde bir i\u015fletmenin BS 25777 standard\u0131na uygun BT S\u00fcreklili\u011fi Y\u00f6netimini ger\u00e7ekle\u015ftirebilmesi i\u00e7in gerekli t\u00fcm bilgiler ve kavramlar sunulacakt\u0131r.\n<ul>\n<li>\u0130\u015f S\u00fcreklili\u011fi ve BS25777<\/li>\n<li>BT s\u00fcreklili\u011fi program y\u00f6netimi<\/li>\n<li>\u0130\u015f s\u00fcreklili\u011fi i\u00e7in BT gereksinimlerinin anla\u015f\u0131lmas\u0131<\/li>\n<li>BT s\u00fcreklilik stratejileri<\/li>\n<li>BT stratejilerinin geli\u015ftirilmesi ve uygulanmas\u0131<\/li>\n<li>Test ve tatbikatlar<\/li>\n<li>BT s\u00fcreklili\u011finin g\u00f6zden ge\u00e7irilmesi ve geli\u015ftirilmesi<\/li>\n<\/ul>\n<\/li>\n<\/ul>\n<p>\u00a0 <strong>E\u011fitim \u0130\u00e7eri\u011fi<\/strong><\/p>\n<ul>\n<li>\u0130\u015f S\u00fcreklili\u011fi ve BS 25777\n<ul>\n<li>\u0130\u015f s\u00fcreklili\u011fi nedir? \u0130\u015f S\u00fcreklili\u011fi Y\u00f6netimi nedir?<\/li>\n<li>BT S\u00fcreklilik y\u00f6netimi<\/li>\n<li>\u0130\u015f s\u00fcreklili\u011fi y\u00f6netiminde yayg\u0131n kullan\u0131lan standartlar ve en iyi uygulamalar<\/li>\n<li>BT s\u00fcreklili\u011fi y\u00f6netimi temel ad\u0131mlar\u0131 tan\u0131t\u0131m\u0131<\/li>\n<\/ul>\n<\/li>\n<\/ul>\n<ul>\n<li>BT S\u00fcreklili\u011fi Program y\u00f6netimi\n<ul>\n<li>BT S\u00fcreklilik y\u00f6netiminin kurulmas\u0131<\/li>\n<li>BT S\u00fcreklilik y\u00f6netimi kapsam\u0131<\/li>\n<li>BT S\u00fcreklilik politikas\u0131<\/li>\n<li>Kaynaklar\u0131n sa\u011flanmas\u0131<\/li>\n<li>BT s\u00fcreklilik y\u00f6netiminin organizasyon k\u00fclt\u00fcr\u00fcne entegrasyonu<\/li>\n<li>Fark\u0131ndal\u0131\u011f\u0131n artt\u0131r\u0131lmas\u0131<\/li>\n<li>BT personel yetkinli\u011fi<\/li>\n<li>BT s\u00fcreklilik y\u00f6netimi dok\u00fcmantasyonu ve kay\u0131tlar<\/li>\n<li>BT s\u00fcreklilik y\u00f6netiminin izlenmesi ve g\u00f6zden ge\u00e7irilmesi<\/li>\n<li>D\u00fczeltici ve \u00f6nleyici faaliyetler<\/li>\n<li>S\u00fcrekli iyile\u015ftirme<\/li>\n<\/ul>\n<\/li>\n<\/ul>\n<ul>\n<li>\u0130\u015f s\u00fcreklili\u011fi i\u00e7in BT gereksinimlerinin anla\u015f\u0131lmas\u0131\n<ul>\n<li>Kritik BT hizmetleri<\/li>\n<li>BT s\u00fcreklilik yetkinli\u011fi ile i\u015f s\u00fcreklili\u011fi gereksinimleri aras\u0131ndaki fark\u0131n belirlenmesi<\/li>\n<li>Y\u00f6netim Onay\u0131<\/li>\n<\/ul>\n<\/li>\n<\/ul>\n<ul>\n<li>BT s\u00fcreklilik stratejileri\n<ul>\n<li>BT s\u00fcreklilik se\u00e7enekleri<\/li>\n<li>Yetkinlikler ve bilgi birikimi<\/li>\n<li>Tesisler<\/li>\n<li>Teknoloji<\/li>\n<li>Bilgi<\/li>\n<li>Tedarik\u00e7iler<\/li>\n<li>Y\u00f6netim onay\u0131<\/li>\n<\/ul>\n<\/li>\n<\/ul>\n<ul>\n<li>BT stratejilerinin geli\u015ftirilmesi ve uygulanmas\u0131\n<ul>\n<li>BT Olay m\u00fcdahale<\/li>\n<li>BT s\u00fcreklili\u011fi planlamas\u0131<\/li>\n<\/ul>\n<\/li>\n<\/ul>\n<ul>\n<li>Test ve tatbikatlar\n<ul>\n<li>Tatbikat program\u0131<\/li>\n<li>Tatbikat kapsam\u0131<\/li>\n<li>Planlama<\/li>\n<li>Tatbikat y\u00f6netimi<\/li>\n<li>G\u00f6zden ge\u00e7irme raporlama ve izleme<\/li>\n<\/ul>\n<\/li>\n<\/ul>\n<ul>\n<li>BT s\u00fcreklili\u011finin g\u00f6zden ge\u00e7irilmesi ve geli\u015ftirilmesi\n<ul>\n<li>De\u011fi\u015fikliklerin izlenmesi<\/li>\n<li>Kay\u0131tlar\u0131n kontrol\u00fc<\/li>\n<li>Dok\u00fcmantasyonun kontrol\u00fc<\/li>\n<li>BT s\u00fcreklilik y\u00f6netiminin g\u00f6zden ge\u00e7irilmesi<\/li>\n<li>\u0130yile\u015ftirmeler<\/li>\n<li>D\u00fczeltici ve \u00f6nleyici faaliyetler<\/li>\n<li>BT s\u00fcreklilik y\u00f6netimi kilometre ta\u015flar\u0131<\/li>\n<\/ul>\n<\/li>\n<\/ul>\n<p>\u00a0 <strong>Sertifika<\/strong><\/p>\n<ul>\n<li>E\u011fitimi tamamlayan t\u00fcm kat\u0131l\u0131mc\u0131lara GLOBAL ALLIANCE ACADEMY taraf\u0131ndan \u201cISO 27031-BS25777 Bilgi Teknolojileri Servis S\u00fcreklili\u011fi E\u011fitimi Kat\u0131l\u0131m Sertifikas\u0131\u201d verilecektir.<\/li>\n<\/ul>","protected":false},"excerpt":{"rendered":"<p>\u00a0 Kat\u0131l\u0131mc\u0131 Profili Kurumlar\u0131nda BT s\u00fcreklili\u011fi \u00e7al\u0131\u015fmalar\u0131n\u0131 y\u00fcr\u00fcten y\u00f6neticiler veya uzmanlar, BT s\u00fcreklili\u011fi \u00e7al\u0131\u015fmas\u0131 y\u00fcr\u00fctecek profesyoneller, IT Risk y\u00f6neticileri, bilgi g\u00fcvenli\u011fi y\u00f6neticileri, i\u015f s\u00fcreklili\u011fi ekiplerinde yer alan orta ve \u00fcst&#8230; <\/p>\n","protected":false},"author":10,"featured_media":5171,"parent":2148,"menu_order":9,"comment_status":"closed","ping_status":"closed","template":"page-full.php","meta":{"_acf_changed":false,"om_disable_all_campaigns":false,"footnotes":""},"class_list":["post-2330","page","type-page","status-publish","has-post-thumbnail","hentry"],"acf":[],"yoast_head":"<!-- This site is optimized with the Yoast SEO plugin v27.4 - https:\/\/yoast.com\/product\/yoast-seo-wordpress\/ -->\n<title>IS-09  ISO 27031-BS25777 Bilgi Teknolojileri Servis S\u00fcreklili\u011fi E\u011fitimi - 3 g\u00fcn - Global Alliance Register<\/title>\n<meta name=\"robots\" content=\"index, follow, max-snippet:-1, max-image-preview:large, max-video-preview:-1\" \/>\n<link rel=\"canonical\" href=\"https:\/\/globalallianceregister.com\/tr\/services\/egitim\/turkce-surekliligi-egitim-programi\/turkce-09-iso-27031-bs25777-bilgi-teknolojileri-servis-surekliligi-egitimi-3-gun\/\" \/>\n<meta property=\"og:locale\" content=\"tr_TR\" \/>\n<meta property=\"og:type\" content=\"article\" \/>\n<meta property=\"og:title\" content=\"IS-09  ISO 27031-BS25777 Bilgi Teknolojileri Servis S\u00fcreklili\u011fi E\u011fitimi - 3 g\u00fcn - Global Alliance Register\" \/>\n<meta property=\"og:description\" content=\"\u00a0 Kat\u0131l\u0131mc\u0131 Profili Kurumlar\u0131nda BT s\u00fcreklili\u011fi \u00e7al\u0131\u015fmalar\u0131n\u0131 y\u00fcr\u00fcten y\u00f6neticiler veya uzmanlar, BT s\u00fcreklili\u011fi \u00e7al\u0131\u015fmas\u0131 y\u00fcr\u00fctecek profesyoneller, IT Risk y\u00f6neticileri, bilgi g\u00fcvenli\u011fi y\u00f6neticileri, i\u015f s\u00fcreklili\u011fi ekiplerinde yer alan orta ve \u00fcst...\" \/>\n<meta property=\"og:url\" content=\"https:\/\/globalallianceregister.com\/tr\/services\/egitim\/turkce-surekliligi-egitim-programi\/turkce-09-iso-27031-bs25777-bilgi-teknolojileri-servis-surekliligi-egitimi-3-gun\/\" \/>\n<meta property=\"og:site_name\" content=\"Global Alliance Register\" \/>\n<meta property=\"article:modified_time\" content=\"2015-12-17T12:12:45+00:00\" \/>\n<meta property=\"og:image\" content=\"https:\/\/globalallianceregister.com\/wp-content\/uploads\/2015\/08\/Training-Inner-Page.jpg\" \/>\n\t<meta property=\"og:image:width\" content=\"614\" \/>\n\t<meta property=\"og:image:height\" content=\"200\" \/>\n\t<meta property=\"og:image:type\" content=\"image\/jpeg\" \/>\n<meta name=\"twitter:label1\" content=\"Tahmini okuma s\u00fcresi\" \/>\n\t<meta name=\"twitter:data1\" content=\"2 dakika\" \/>\n<script type=\"application\/ld+json\" class=\"yoast-schema-graph\">{\"@context\":\"https:\\\/\\\/schema.org\",\"@graph\":[{\"@type\":\"WebPage\",\"@id\":\"https:\\\/\\\/globalallianceregister.com\\\/tr\\\/services\\\/egitim\\\/turkce-surekliligi-egitim-programi\\\/turkce-09-iso-27031-bs25777-bilgi-teknolojileri-servis-surekliligi-egitimi-3-gun\\\/\",\"url\":\"https:\\\/\\\/globalallianceregister.com\\\/tr\\\/services\\\/egitim\\\/turkce-surekliligi-egitim-programi\\\/turkce-09-iso-27031-bs25777-bilgi-teknolojileri-servis-surekliligi-egitimi-3-gun\\\/\",\"name\":\"IS-09 ISO 27031-BS25777 Bilgi Teknolojileri Servis S\u00fcreklili\u011fi E\u011fitimi - 3 g\u00fcn - Global Alliance Register\",\"isPartOf\":{\"@id\":\"https:\\\/\\\/globalallianceregister.com\\\/tr\\\/#website\"},\"primaryImageOfPage\":{\"@id\":\"https:\\\/\\\/globalallianceregister.com\\\/tr\\\/services\\\/egitim\\\/turkce-surekliligi-egitim-programi\\\/turkce-09-iso-27031-bs25777-bilgi-teknolojileri-servis-surekliligi-egitimi-3-gun\\\/#primaryimage\"},\"image\":{\"@id\":\"https:\\\/\\\/globalallianceregister.com\\\/tr\\\/services\\\/egitim\\\/turkce-surekliligi-egitim-programi\\\/turkce-09-iso-27031-bs25777-bilgi-teknolojileri-servis-surekliligi-egitimi-3-gun\\\/#primaryimage\"},\"thumbnailUrl\":\"https:\\\/\\\/globalallianceregister.com\\\/wp-content\\\/uploads\\\/2015\\\/08\\\/Training-Inner-Page.jpg\",\"datePublished\":\"2015-01-02T15:22:40+00:00\",\"dateModified\":\"2015-12-17T12:12:45+00:00\",\"breadcrumb\":{\"@id\":\"https:\\\/\\\/globalallianceregister.com\\\/tr\\\/services\\\/egitim\\\/turkce-surekliligi-egitim-programi\\\/turkce-09-iso-27031-bs25777-bilgi-teknolojileri-servis-surekliligi-egitimi-3-gun\\\/#breadcrumb\"},\"inLanguage\":\"tr\",\"potentialAction\":[{\"@type\":\"ReadAction\",\"target\":[[\"https:\\\/\\\/globalallianceregister.com\\\/tr\\\/services\\\/egitim\\\/turkce-surekliligi-egitim-programi\\\/turkce-09-iso-27031-bs25777-bilgi-teknolojileri-servis-surekliligi-egitimi-3-gun\\\/\"]]}]},{\"@type\":\"ImageObject\",\"inLanguage\":\"tr\",\"@id\":\"https:\\\/\\\/globalallianceregister.com\\\/tr\\\/services\\\/egitim\\\/turkce-surekliligi-egitim-programi\\\/turkce-09-iso-27031-bs25777-bilgi-teknolojileri-servis-surekliligi-egitimi-3-gun\\\/#primaryimage\",\"url\":\"https:\\\/\\\/globalallianceregister.com\\\/wp-content\\\/uploads\\\/2015\\\/08\\\/Training-Inner-Page.jpg\",\"contentUrl\":\"https:\\\/\\\/globalallianceregister.com\\\/wp-content\\\/uploads\\\/2015\\\/08\\\/Training-Inner-Page.jpg\",\"width\":614,\"height\":200},{\"@type\":\"BreadcrumbList\",\"@id\":\"https:\\\/\\\/globalallianceregister.com\\\/tr\\\/services\\\/egitim\\\/turkce-surekliligi-egitim-programi\\\/turkce-09-iso-27031-bs25777-bilgi-teknolojileri-servis-surekliligi-egitimi-3-gun\\\/#breadcrumb\",\"itemListElement\":[{\"@type\":\"ListItem\",\"position\":1,\"name\":\"Anasayfa\",\"item\":\"https:\\\/\\\/globalallianceregister.com\\\/tr\\\/\"},{\"@type\":\"ListItem\",\"position\":2,\"name\":\"IS-09 ISO 27031-BS25777 Bilgi Teknolojileri Servis S\u00fcreklili\u011fi E\u011fitimi &#8211; 3 g\u00fcn\"}]},{\"@type\":\"WebSite\",\"@id\":\"https:\\\/\\\/globalallianceregister.com\\\/tr\\\/#website\",\"url\":\"https:\\\/\\\/globalallianceregister.com\\\/tr\\\/\",\"name\":\"Global Alliance Register\",\"description\":\"(EN) Together for Excellence\",\"potentialAction\":[{\"@type\":\"SearchAction\",\"target\":{\"@type\":\"EntryPoint\",\"urlTemplate\":\"https:\\\/\\\/globalallianceregister.com\\\/tr\\\/?s={search_term_string}\"},\"query-input\":{\"@type\":\"PropertyValueSpecification\",\"valueRequired\":true,\"valueName\":\"search_term_string\"}}],\"inLanguage\":\"tr\"}]}<\/script>\n<!-- \/ Yoast SEO plugin. -->","yoast_head_json":{"title":"IS-09  ISO 27031-BS25777 Bilgi Teknolojileri Servis S\u00fcreklili\u011fi E\u011fitimi - 3 g\u00fcn - Global Alliance Register","robots":{"index":"index","follow":"follow","max-snippet":"max-snippet:-1","max-image-preview":"max-image-preview:large","max-video-preview":"max-video-preview:-1"},"canonical":"https:\/\/globalallianceregister.com\/tr\/services\/egitim\/turkce-surekliligi-egitim-programi\/turkce-09-iso-27031-bs25777-bilgi-teknolojileri-servis-surekliligi-egitimi-3-gun\/","og_locale":"tr_TR","og_type":"article","og_title":"IS-09  ISO 27031-BS25777 Bilgi Teknolojileri Servis S\u00fcreklili\u011fi E\u011fitimi - 3 g\u00fcn - Global Alliance Register","og_description":"\u00a0 Kat\u0131l\u0131mc\u0131 Profili Kurumlar\u0131nda BT s\u00fcreklili\u011fi \u00e7al\u0131\u015fmalar\u0131n\u0131 y\u00fcr\u00fcten y\u00f6neticiler veya uzmanlar, BT s\u00fcreklili\u011fi \u00e7al\u0131\u015fmas\u0131 y\u00fcr\u00fctecek profesyoneller, IT Risk y\u00f6neticileri, bilgi g\u00fcvenli\u011fi y\u00f6neticileri, i\u015f s\u00fcreklili\u011fi ekiplerinde yer alan orta ve \u00fcst...","og_url":"https:\/\/globalallianceregister.com\/tr\/services\/egitim\/turkce-surekliligi-egitim-programi\/turkce-09-iso-27031-bs25777-bilgi-teknolojileri-servis-surekliligi-egitimi-3-gun\/","og_site_name":"Global Alliance Register","article_modified_time":"2015-12-17T12:12:45+00:00","og_image":[{"width":614,"height":200,"url":"https:\/\/globalallianceregister.com\/wp-content\/uploads\/2015\/08\/Training-Inner-Page.jpg","type":"image\/jpeg"}],"twitter_misc":{"Tahmini okuma s\u00fcresi":"2 dakika"},"schema":{"@context":"https:\/\/schema.org","@graph":[{"@type":"WebPage","@id":"https:\/\/globalallianceregister.com\/tr\/services\/egitim\/turkce-surekliligi-egitim-programi\/turkce-09-iso-27031-bs25777-bilgi-teknolojileri-servis-surekliligi-egitimi-3-gun\/","url":"https:\/\/globalallianceregister.com\/tr\/services\/egitim\/turkce-surekliligi-egitim-programi\/turkce-09-iso-27031-bs25777-bilgi-teknolojileri-servis-surekliligi-egitimi-3-gun\/","name":"IS-09 ISO 27031-BS25777 Bilgi Teknolojileri Servis S\u00fcreklili\u011fi E\u011fitimi - 3 g\u00fcn - Global Alliance Register","isPartOf":{"@id":"https:\/\/globalallianceregister.com\/tr\/#website"},"primaryImageOfPage":{"@id":"https:\/\/globalallianceregister.com\/tr\/services\/egitim\/turkce-surekliligi-egitim-programi\/turkce-09-iso-27031-bs25777-bilgi-teknolojileri-servis-surekliligi-egitimi-3-gun\/#primaryimage"},"image":{"@id":"https:\/\/globalallianceregister.com\/tr\/services\/egitim\/turkce-surekliligi-egitim-programi\/turkce-09-iso-27031-bs25777-bilgi-teknolojileri-servis-surekliligi-egitimi-3-gun\/#primaryimage"},"thumbnailUrl":"https:\/\/globalallianceregister.com\/wp-content\/uploads\/2015\/08\/Training-Inner-Page.jpg","datePublished":"2015-01-02T15:22:40+00:00","dateModified":"2015-12-17T12:12:45+00:00","breadcrumb":{"@id":"https:\/\/globalallianceregister.com\/tr\/services\/egitim\/turkce-surekliligi-egitim-programi\/turkce-09-iso-27031-bs25777-bilgi-teknolojileri-servis-surekliligi-egitimi-3-gun\/#breadcrumb"},"inLanguage":"tr","potentialAction":[{"@type":"ReadAction","target":[["https:\/\/globalallianceregister.com\/tr\/services\/egitim\/turkce-surekliligi-egitim-programi\/turkce-09-iso-27031-bs25777-bilgi-teknolojileri-servis-surekliligi-egitimi-3-gun\/"]]}]},{"@type":"ImageObject","inLanguage":"tr","@id":"https:\/\/globalallianceregister.com\/tr\/services\/egitim\/turkce-surekliligi-egitim-programi\/turkce-09-iso-27031-bs25777-bilgi-teknolojileri-servis-surekliligi-egitimi-3-gun\/#primaryimage","url":"https:\/\/globalallianceregister.com\/wp-content\/uploads\/2015\/08\/Training-Inner-Page.jpg","contentUrl":"https:\/\/globalallianceregister.com\/wp-content\/uploads\/2015\/08\/Training-Inner-Page.jpg","width":614,"height":200},{"@type":"BreadcrumbList","@id":"https:\/\/globalallianceregister.com\/tr\/services\/egitim\/turkce-surekliligi-egitim-programi\/turkce-09-iso-27031-bs25777-bilgi-teknolojileri-servis-surekliligi-egitimi-3-gun\/#breadcrumb","itemListElement":[{"@type":"ListItem","position":1,"name":"Anasayfa","item":"https:\/\/globalallianceregister.com\/tr\/"},{"@type":"ListItem","position":2,"name":"IS-09 ISO 27031-BS25777 Bilgi Teknolojileri Servis S\u00fcreklili\u011fi E\u011fitimi &#8211; 3 g\u00fcn"}]},{"@type":"WebSite","@id":"https:\/\/globalallianceregister.com\/tr\/#website","url":"https:\/\/globalallianceregister.com\/tr\/","name":"Global Alliance Register","description":"(EN) Together for Excellence","potentialAction":[{"@type":"SearchAction","target":{"@type":"EntryPoint","urlTemplate":"https:\/\/globalallianceregister.com\/tr\/?s={search_term_string}"},"query-input":{"@type":"PropertyValueSpecification","valueRequired":true,"valueName":"search_term_string"}}],"inLanguage":"tr"}]}},"_links":{"self":[{"href":"https:\/\/globalallianceregister.com\/tr\/wp-json\/wp\/v2\/pages\/2330","targetHints":{"allow":["GET"]}}],"collection":[{"href":"https:\/\/globalallianceregister.com\/tr\/wp-json\/wp\/v2\/pages"}],"about":[{"href":"https:\/\/globalallianceregister.com\/tr\/wp-json\/wp\/v2\/types\/page"}],"author":[{"embeddable":true,"href":"https:\/\/globalallianceregister.com\/tr\/wp-json\/wp\/v2\/users\/10"}],"replies":[{"embeddable":true,"href":"https:\/\/globalallianceregister.com\/tr\/wp-json\/wp\/v2\/comments?post=2330"}],"version-history":[{"count":0,"href":"https:\/\/globalallianceregister.com\/tr\/wp-json\/wp\/v2\/pages\/2330\/revisions"}],"up":[{"embeddable":true,"href":"https:\/\/globalallianceregister.com\/tr\/wp-json\/wp\/v2\/pages\/2148"}],"wp:featuredmedia":[{"embeddable":true,"href":"https:\/\/globalallianceregister.com\/tr\/wp-json\/wp\/v2\/media\/5171"}],"wp:attachment":[{"href":"https:\/\/globalallianceregister.com\/tr\/wp-json\/wp\/v2\/media?parent=2330"}],"curies":[{"name":"wp","href":"https:\/\/api.w.org\/{rel}","templated":true}]}}