{"id":2334,"date":"2015-01-02T15:28:18","date_gmt":"2015-01-02T15:28:18","guid":{"rendered":"https:\/\/globalallianceregister.com\/?page_id=2334"},"modified":"2015-12-16T15:29:29","modified_gmt":"2015-12-16T15:29:29","slug":"turkce-bt-01-cisa-egitimi-6-gun","status":"publish","type":"page","link":"https:\/\/globalallianceregister.com\/tr\/services\/egitim\/turkce-bilgi-teknolojileri-yonetimi-2\/turkce-bt-01-cisa-egitimi-6-gun\/","title":{"rendered":"BT 01    CISA E\u011fitimi \u2013 6 g\u00fcn"},"content":{"rendered":"<p><strong>Kat\u0131l\u0131mc\u0131 Profili<\/strong><\/p>\n<ul>\n<li>Bilgi Sistemleri ile ilgili mesleki bilgisini artt\u0131rmay\u0131 hedefleyen veya ileri d\u00f6nemlerde CISA s\u0131nav\u0131na girmeyi \u015fimdiden planlayan ki\u015filer.<\/li>\n<\/ul>\n<p>\u00a0 <strong>Hedeflenen Sonu\u00e7<\/strong><\/p>\n<ul>\n<li>Bu e\u011fitim Sertifikal\u0131 Bilgi Sistemleri Denet\u00e7isi (CISA) s\u0131nav\u0131 haz\u0131rl\u0131\u011f\u0131 i\u00e7in geli\u015ftirilmi\u015ftir. CISA s\u0131nav\u0131 \u00f6ncesi \u00f6\u011frenilmesi gereken t\u00fcm konular e\u011fitim kapsam\u0131nda i\u015flenmektedir. Bu konular Bilgi sistemleri denetim s\u00fcreci, BT y\u00f6neti\u015fimi, BT hizmet sa\u011flama ve destek, bilgi varl\u0131klar\u0131n\u0131n korunmas\u0131 konular\u0131ndan olu\u015fmaktad\u0131r. Her konunun sonunda en az 40 adet \u00f6rnek CISA sorusu \u00e7\u00f6z\u00fclecektir.<\/li>\n<\/ul>\n<p>\u00a0 <strong>E\u011fitim \u0130\u00e7eri\u011fi<\/strong><\/p>\n<ul>\n<li>Bilgi Sistemleri Denetim S\u00fcreci\n<ul>\n<li>Denetim s\u00fcrecine giri\u015f<\/li>\n<li>Bilgi Sistemleri denetiminin y\u00f6netimi<\/li>\n<li>ISACA\u2019n\u0131n BT denetimi standartlar\u0131 ve k\u0131lavuzlar\u0131<\/li>\n<li>Risk Analizi<\/li>\n<li>\u0130\u00e7 Kontroller<\/li>\n<li>BT denetiminin ger\u00e7ekle\u015ftirilmesi<\/li>\n<li>BT denetiminin tarihsel geli\u015fimi<\/li>\n<li>B\u00f6l\u00fcm 1 ile ilgili CISA s\u0131nav\u0131 haz\u0131rl\u0131k sorular\u0131n\u0131n \u00e7\u00f6z\u00fclmesi<\/li>\n<\/ul>\n<\/li>\n<\/ul>\n<ul>\n<li>BT y\u00f6neti\u015fimi\n<ul>\n<li>BT y\u00f6neti\u015fimine giri\u015f<\/li>\n<li>Kurumsal y\u00f6neti\u015fim<\/li>\n<li>BT y\u00f6neti\u015fimi<\/li>\n<li>Y\u00f6netim kurulu i\u00e7in BT izleme de g\u00fcvence uygulamalar\u0131<\/li>\n<li>Bilgi Teknolojileri stratejisi<\/li>\n<li>Olgunluk ve s\u00fcre\u00e7 iyile\u015ftirme metodolojileri<\/li>\n<li>BT yat\u0131r\u0131m ve tahsis uygulamalar\u0131<\/li>\n<li>Politikalar ve prosed\u00fcrler<\/li>\n<li>Risk y\u00f6netimi<\/li>\n<li>Bilgi Sistemleri y\u00f6netim uygulamalar\u0131<\/li>\n<li>Bilgi Sistemleri organizasyonu yap\u0131s\u0131 ve sorumluluklar<\/li>\n<li>Bilgi Sistemleri yap\u0131s\u0131n\u0131n ve uygulamalar\u0131n\u0131n denetimi<\/li>\n<li>B\u00f6l\u00fcm 2 ile ilgili CISA s\u0131nav\u0131 haz\u0131rl\u0131k sorular\u0131n\u0131n \u00e7\u00f6z\u00fclmesi<\/li>\n<\/ul>\n<\/li>\n<\/ul>\n<ul>\n<li>Sistem ve Altyap\u0131 Ya\u015fam D\u00f6ng\u00fcs\u00fc\n<ul>\n<li>Ya\u015fam d\u00f6ng\u00fcs\u00fc hakk\u0131nda genel bilgilendirme<\/li>\n<li>Portfolyo\/program y\u00f6netimi<\/li>\n<li>Proje y\u00f6netim yap\u0131s\u0131<\/li>\n<li>Proje y\u00f6netim uygulamalar\u0131<\/li>\n<li>\u0130\u015f uygulamalar\u0131 geli\u015ftirme<\/li>\n<li>\u0130\u015f uygulama sistemleri<\/li>\n<li>Alternatif geli\u015ftirme metotlar\u0131<\/li>\n<li>Altyap\u0131 geli\u015ftirme ve edinimi ile ilgili uygulamalar<\/li>\n<li>Bilgi sistemleri bak\u0131m uygulamalar\u0131<\/li>\n<li>Sistem geli\u015ftirme ara\u00e7lar\u0131 ve \u00fcretkenlik konusu<\/li>\n<li>S\u00fcre\u00e7 iyile\u015ftirme uygulamalar\u0131<\/li>\n<li>Uygulama kontrolleri<\/li>\n<li>Uygulama kontrollerinin denetimi<\/li>\n<li>Sistem geli\u015ftirme, edinme ve y\u00f6netiminin denetimi<\/li>\n<li>B\u00f6l\u00fcm 3 ile ilgili CISA s\u0131nav\u0131 haz\u0131rl\u0131k sorular\u0131n\u0131n \u00e7\u00f6z\u00fclmesi<\/li>\n<\/ul>\n<\/li>\n<\/ul>\n<ul>\n<li>BT Hizmet Sa\u011flama ve Destek\n<ul>\n<li>Bilgi Sistemleri operasyonlar\u0131<\/li>\n<li>Bilgi sistemleri donan\u0131mlar\u0131<\/li>\n<li>Bilgi sistemleri altyap\u0131 ve yaz\u0131l\u0131m\u0131<\/li>\n<li>Bilgi sistemleri a\u011f altyap\u0131s\u0131<\/li>\n<li>Altyap\u0131 ve operasyonlar\u0131n denetimi<\/li>\n<li>B\u00f6l\u00fcm 4 ile ilgili CISA s\u0131nav\u0131 haz\u0131rl\u0131k sorular\u0131n\u0131n \u00e7\u00f6z\u00fclmesi<\/li>\n<\/ul>\n<\/li>\n<\/ul>\n<ul>\n<li>Bilgi varl\u0131klar\u0131n\u0131n korunmas\u0131\n<ul>\n<li>Bilgi g\u00fcvenli\u011fi y\u00f6netiminin \u00f6nemi ve bile\u015fenleri<\/li>\n<li>Mant\u0131ksal eri\u015fim kavramlar\u0131 ve teknikleri<\/li>\n<li>A\u011f altyap\u0131 g\u00fcvenli\u011fi konular\u0131<\/li>\n<li>Bilgi g\u00fcvenli\u011fi y\u00f6netim \u00e7er\u00e7evesinin denetimi<\/li>\n<li>A\u011f altyap\u0131 g\u00fcvenli\u011finin denetimi<\/li>\n<li>\u00c7evresel kontroller<\/li>\n<li>Fiziksel eri\u015fim kontrolleri<\/li>\n<li>Mobil i\u015fleme ile ilgili g\u00fcvenlik konular\u0131<\/li>\n<li>B\u00f6l\u00fcm 5 ile ilgili CISA s\u0131nav\u0131 haz\u0131rl\u0131k sorular\u0131n\u0131n \u00e7\u00f6z\u00fclmesi<\/li>\n<\/ul>\n<\/li>\n<\/ul>\n<p>\u00a0 <strong>Sertifika<\/strong><\/p>\n<ul>\n<li>E\u011fitimi tamamlayan t\u00fcm kat\u0131l\u0131mc\u0131lara GLOBAL ALLIANCE ACADEMY taraf\u0131ndan \u201cCISA E\u011fitimi Kat\u0131l\u0131m Sertifikas\u0131\u201d verilecektir.<\/li>\n<\/ul>","protected":false},"excerpt":{"rendered":"<p>Kat\u0131l\u0131mc\u0131 Profili Bilgi Sistemleri ile ilgili mesleki bilgisini artt\u0131rmay\u0131 hedefleyen veya ileri d\u00f6nemlerde CISA s\u0131nav\u0131na girmeyi \u015fimdiden planlayan ki\u015filer. \u00a0 Hedeflenen Sonu\u00e7 Bu e\u011fitim Sertifikal\u0131 Bilgi Sistemleri Denet\u00e7isi (CISA) s\u0131nav\u0131&#8230; <\/p>\n","protected":false},"author":10,"featured_media":5171,"parent":2150,"menu_order":1,"comment_status":"closed","ping_status":"closed","template":"page-full.php","meta":{"_acf_changed":false,"om_disable_all_campaigns":false,"footnotes":""},"class_list":["post-2334","page","type-page","status-publish","has-post-thumbnail","hentry"],"acf":[],"yoast_head":"<!-- This site is optimized with the Yoast SEO plugin v27.4 - https:\/\/yoast.com\/product\/yoast-seo-wordpress\/ -->\n<title>BT 01  CISA E\u011fitimi \u2013 6 g\u00fcn - Global Alliance Register<\/title>\n<meta name=\"robots\" content=\"index, follow, max-snippet:-1, max-image-preview:large, max-video-preview:-1\" \/>\n<link rel=\"canonical\" href=\"https:\/\/globalallianceregister.com\/tr\/services\/egitim\/turkce-bilgi-teknolojileri-yonetimi-2\/turkce-bt-01-cisa-egitimi-6-gun\/\" \/>\n<meta property=\"og:locale\" content=\"tr_TR\" \/>\n<meta property=\"og:type\" content=\"article\" \/>\n<meta property=\"og:title\" content=\"BT 01  CISA E\u011fitimi \u2013 6 g\u00fcn - Global Alliance Register\" \/>\n<meta property=\"og:description\" content=\"Kat\u0131l\u0131mc\u0131 Profili Bilgi Sistemleri ile ilgili mesleki bilgisini artt\u0131rmay\u0131 hedefleyen veya ileri d\u00f6nemlerde CISA s\u0131nav\u0131na girmeyi \u015fimdiden planlayan ki\u015filer. \u00a0 Hedeflenen Sonu\u00e7 Bu e\u011fitim Sertifikal\u0131 Bilgi Sistemleri Denet\u00e7isi (CISA) s\u0131nav\u0131...\" \/>\n<meta property=\"og:url\" content=\"https:\/\/globalallianceregister.com\/tr\/services\/egitim\/turkce-bilgi-teknolojileri-yonetimi-2\/turkce-bt-01-cisa-egitimi-6-gun\/\" \/>\n<meta property=\"og:site_name\" content=\"Global Alliance Register\" \/>\n<meta property=\"article:modified_time\" content=\"2015-12-16T15:29:29+00:00\" \/>\n<meta property=\"og:image\" content=\"https:\/\/globalallianceregister.com\/wp-content\/uploads\/2015\/08\/Training-Inner-Page.jpg\" \/>\n\t<meta property=\"og:image:width\" content=\"614\" \/>\n\t<meta property=\"og:image:height\" content=\"200\" \/>\n\t<meta property=\"og:image:type\" content=\"image\/jpeg\" \/>\n<meta name=\"twitter:label1\" content=\"Tahmini okuma s\u00fcresi\" \/>\n\t<meta name=\"twitter:data1\" content=\"2 dakika\" \/>\n<script type=\"application\/ld+json\" class=\"yoast-schema-graph\">{\"@context\":\"https:\\\/\\\/schema.org\",\"@graph\":[{\"@type\":\"WebPage\",\"@id\":\"https:\\\/\\\/globalallianceregister.com\\\/tr\\\/services\\\/egitim\\\/turkce-bilgi-teknolojileri-yonetimi-2\\\/turkce-bt-01-cisa-egitimi-6-gun\\\/\",\"url\":\"https:\\\/\\\/globalallianceregister.com\\\/tr\\\/services\\\/egitim\\\/turkce-bilgi-teknolojileri-yonetimi-2\\\/turkce-bt-01-cisa-egitimi-6-gun\\\/\",\"name\":\"BT 01 CISA E\u011fitimi \u2013 6 g\u00fcn - Global Alliance Register\",\"isPartOf\":{\"@id\":\"https:\\\/\\\/globalallianceregister.com\\\/tr\\\/#website\"},\"primaryImageOfPage\":{\"@id\":\"https:\\\/\\\/globalallianceregister.com\\\/tr\\\/services\\\/egitim\\\/turkce-bilgi-teknolojileri-yonetimi-2\\\/turkce-bt-01-cisa-egitimi-6-gun\\\/#primaryimage\"},\"image\":{\"@id\":\"https:\\\/\\\/globalallianceregister.com\\\/tr\\\/services\\\/egitim\\\/turkce-bilgi-teknolojileri-yonetimi-2\\\/turkce-bt-01-cisa-egitimi-6-gun\\\/#primaryimage\"},\"thumbnailUrl\":\"https:\\\/\\\/globalallianceregister.com\\\/wp-content\\\/uploads\\\/2015\\\/08\\\/Training-Inner-Page.jpg\",\"datePublished\":\"2015-01-02T15:28:18+00:00\",\"dateModified\":\"2015-12-16T15:29:29+00:00\",\"breadcrumb\":{\"@id\":\"https:\\\/\\\/globalallianceregister.com\\\/tr\\\/services\\\/egitim\\\/turkce-bilgi-teknolojileri-yonetimi-2\\\/turkce-bt-01-cisa-egitimi-6-gun\\\/#breadcrumb\"},\"inLanguage\":\"tr\",\"potentialAction\":[{\"@type\":\"ReadAction\",\"target\":[[\"https:\\\/\\\/globalallianceregister.com\\\/tr\\\/services\\\/egitim\\\/turkce-bilgi-teknolojileri-yonetimi-2\\\/turkce-bt-01-cisa-egitimi-6-gun\\\/\"]]}]},{\"@type\":\"ImageObject\",\"inLanguage\":\"tr\",\"@id\":\"https:\\\/\\\/globalallianceregister.com\\\/tr\\\/services\\\/egitim\\\/turkce-bilgi-teknolojileri-yonetimi-2\\\/turkce-bt-01-cisa-egitimi-6-gun\\\/#primaryimage\",\"url\":\"https:\\\/\\\/globalallianceregister.com\\\/wp-content\\\/uploads\\\/2015\\\/08\\\/Training-Inner-Page.jpg\",\"contentUrl\":\"https:\\\/\\\/globalallianceregister.com\\\/wp-content\\\/uploads\\\/2015\\\/08\\\/Training-Inner-Page.jpg\",\"width\":614,\"height\":200},{\"@type\":\"BreadcrumbList\",\"@id\":\"https:\\\/\\\/globalallianceregister.com\\\/tr\\\/services\\\/egitim\\\/turkce-bilgi-teknolojileri-yonetimi-2\\\/turkce-bt-01-cisa-egitimi-6-gun\\\/#breadcrumb\",\"itemListElement\":[{\"@type\":\"ListItem\",\"position\":1,\"name\":\"Anasayfa\",\"item\":\"https:\\\/\\\/globalallianceregister.com\\\/tr\\\/\"},{\"@type\":\"ListItem\",\"position\":2,\"name\":\"BT 01 CISA E\u011fitimi \u2013 6 g\u00fcn\"}]},{\"@type\":\"WebSite\",\"@id\":\"https:\\\/\\\/globalallianceregister.com\\\/tr\\\/#website\",\"url\":\"https:\\\/\\\/globalallianceregister.com\\\/tr\\\/\",\"name\":\"Global Alliance Register\",\"description\":\"(EN) Together for Excellence\",\"potentialAction\":[{\"@type\":\"SearchAction\",\"target\":{\"@type\":\"EntryPoint\",\"urlTemplate\":\"https:\\\/\\\/globalallianceregister.com\\\/tr\\\/?s={search_term_string}\"},\"query-input\":{\"@type\":\"PropertyValueSpecification\",\"valueRequired\":true,\"valueName\":\"search_term_string\"}}],\"inLanguage\":\"tr\"}]}<\/script>\n<!-- \/ Yoast SEO plugin. -->","yoast_head_json":{"title":"BT 01  CISA E\u011fitimi \u2013 6 g\u00fcn - Global Alliance Register","robots":{"index":"index","follow":"follow","max-snippet":"max-snippet:-1","max-image-preview":"max-image-preview:large","max-video-preview":"max-video-preview:-1"},"canonical":"https:\/\/globalallianceregister.com\/tr\/services\/egitim\/turkce-bilgi-teknolojileri-yonetimi-2\/turkce-bt-01-cisa-egitimi-6-gun\/","og_locale":"tr_TR","og_type":"article","og_title":"BT 01  CISA E\u011fitimi \u2013 6 g\u00fcn - Global Alliance Register","og_description":"Kat\u0131l\u0131mc\u0131 Profili Bilgi Sistemleri ile ilgili mesleki bilgisini artt\u0131rmay\u0131 hedefleyen veya ileri d\u00f6nemlerde CISA s\u0131nav\u0131na girmeyi \u015fimdiden planlayan ki\u015filer. \u00a0 Hedeflenen Sonu\u00e7 Bu e\u011fitim Sertifikal\u0131 Bilgi Sistemleri Denet\u00e7isi (CISA) s\u0131nav\u0131...","og_url":"https:\/\/globalallianceregister.com\/tr\/services\/egitim\/turkce-bilgi-teknolojileri-yonetimi-2\/turkce-bt-01-cisa-egitimi-6-gun\/","og_site_name":"Global Alliance Register","article_modified_time":"2015-12-16T15:29:29+00:00","og_image":[{"width":614,"height":200,"url":"https:\/\/globalallianceregister.com\/wp-content\/uploads\/2015\/08\/Training-Inner-Page.jpg","type":"image\/jpeg"}],"twitter_misc":{"Tahmini okuma s\u00fcresi":"2 dakika"},"schema":{"@context":"https:\/\/schema.org","@graph":[{"@type":"WebPage","@id":"https:\/\/globalallianceregister.com\/tr\/services\/egitim\/turkce-bilgi-teknolojileri-yonetimi-2\/turkce-bt-01-cisa-egitimi-6-gun\/","url":"https:\/\/globalallianceregister.com\/tr\/services\/egitim\/turkce-bilgi-teknolojileri-yonetimi-2\/turkce-bt-01-cisa-egitimi-6-gun\/","name":"BT 01 CISA E\u011fitimi \u2013 6 g\u00fcn - Global Alliance Register","isPartOf":{"@id":"https:\/\/globalallianceregister.com\/tr\/#website"},"primaryImageOfPage":{"@id":"https:\/\/globalallianceregister.com\/tr\/services\/egitim\/turkce-bilgi-teknolojileri-yonetimi-2\/turkce-bt-01-cisa-egitimi-6-gun\/#primaryimage"},"image":{"@id":"https:\/\/globalallianceregister.com\/tr\/services\/egitim\/turkce-bilgi-teknolojileri-yonetimi-2\/turkce-bt-01-cisa-egitimi-6-gun\/#primaryimage"},"thumbnailUrl":"https:\/\/globalallianceregister.com\/wp-content\/uploads\/2015\/08\/Training-Inner-Page.jpg","datePublished":"2015-01-02T15:28:18+00:00","dateModified":"2015-12-16T15:29:29+00:00","breadcrumb":{"@id":"https:\/\/globalallianceregister.com\/tr\/services\/egitim\/turkce-bilgi-teknolojileri-yonetimi-2\/turkce-bt-01-cisa-egitimi-6-gun\/#breadcrumb"},"inLanguage":"tr","potentialAction":[{"@type":"ReadAction","target":[["https:\/\/globalallianceregister.com\/tr\/services\/egitim\/turkce-bilgi-teknolojileri-yonetimi-2\/turkce-bt-01-cisa-egitimi-6-gun\/"]]}]},{"@type":"ImageObject","inLanguage":"tr","@id":"https:\/\/globalallianceregister.com\/tr\/services\/egitim\/turkce-bilgi-teknolojileri-yonetimi-2\/turkce-bt-01-cisa-egitimi-6-gun\/#primaryimage","url":"https:\/\/globalallianceregister.com\/wp-content\/uploads\/2015\/08\/Training-Inner-Page.jpg","contentUrl":"https:\/\/globalallianceregister.com\/wp-content\/uploads\/2015\/08\/Training-Inner-Page.jpg","width":614,"height":200},{"@type":"BreadcrumbList","@id":"https:\/\/globalallianceregister.com\/tr\/services\/egitim\/turkce-bilgi-teknolojileri-yonetimi-2\/turkce-bt-01-cisa-egitimi-6-gun\/#breadcrumb","itemListElement":[{"@type":"ListItem","position":1,"name":"Anasayfa","item":"https:\/\/globalallianceregister.com\/tr\/"},{"@type":"ListItem","position":2,"name":"BT 01 CISA E\u011fitimi \u2013 6 g\u00fcn"}]},{"@type":"WebSite","@id":"https:\/\/globalallianceregister.com\/tr\/#website","url":"https:\/\/globalallianceregister.com\/tr\/","name":"Global Alliance Register","description":"(EN) Together for Excellence","potentialAction":[{"@type":"SearchAction","target":{"@type":"EntryPoint","urlTemplate":"https:\/\/globalallianceregister.com\/tr\/?s={search_term_string}"},"query-input":{"@type":"PropertyValueSpecification","valueRequired":true,"valueName":"search_term_string"}}],"inLanguage":"tr"}]}},"_links":{"self":[{"href":"https:\/\/globalallianceregister.com\/tr\/wp-json\/wp\/v2\/pages\/2334","targetHints":{"allow":["GET"]}}],"collection":[{"href":"https:\/\/globalallianceregister.com\/tr\/wp-json\/wp\/v2\/pages"}],"about":[{"href":"https:\/\/globalallianceregister.com\/tr\/wp-json\/wp\/v2\/types\/page"}],"author":[{"embeddable":true,"href":"https:\/\/globalallianceregister.com\/tr\/wp-json\/wp\/v2\/users\/10"}],"replies":[{"embeddable":true,"href":"https:\/\/globalallianceregister.com\/tr\/wp-json\/wp\/v2\/comments?post=2334"}],"version-history":[{"count":0,"href":"https:\/\/globalallianceregister.com\/tr\/wp-json\/wp\/v2\/pages\/2334\/revisions"}],"up":[{"embeddable":true,"href":"https:\/\/globalallianceregister.com\/tr\/wp-json\/wp\/v2\/pages\/2150"}],"wp:featuredmedia":[{"embeddable":true,"href":"https:\/\/globalallianceregister.com\/tr\/wp-json\/wp\/v2\/media\/5171"}],"wp:attachment":[{"href":"https:\/\/globalallianceregister.com\/tr\/wp-json\/wp\/v2\/media?parent=2334"}],"curies":[{"name":"wp","href":"https:\/\/api.w.org\/{rel}","templated":true}]}}