{"id":2337,"date":"2015-01-02T15:30:29","date_gmt":"2015-01-02T15:30:29","guid":{"rendered":"https:\/\/globalallianceregister.com\/?page_id=2337"},"modified":"2015-12-16T15:31:29","modified_gmt":"2015-12-16T15:31:29","slug":"turkce-bt-02-iso-20000-bilgi-teknolojileri-hizmet-yonetim-sistemi-uygulama-egitimi-3-gun","status":"publish","type":"page","link":"https:\/\/globalallianceregister.com\/tr\/services\/egitim\/turkce-bilgi-teknolojileri-yonetimi-2\/turkce-bt-02-iso-20000-bilgi-teknolojileri-hizmet-yonetim-sistemi-uygulama-egitimi-3-gun\/","title":{"rendered":"BT 02    ISO 20000 Bilgi Teknolojileri Hizmet Y\u00f6netim Sistemi Uygulama E\u011fitimi &#8211; 3 g\u00fcn"},"content":{"rendered":"<p>\u00a0 <strong>Kat\u0131l\u0131mc\u0131 Profili<\/strong><\/p>\n<ul>\n<li>Kurumlar\u0131nda bilgi teknolojileri hizmet y\u00f6netimi \u00e7al\u0131\u015fmalar\u0131n\u0131 y\u00fcr\u00fcten y\u00f6neticiler veya uzmanlar, bilgi teknolojileri hizmet y\u00f6netimi \u00e7al\u0131\u015fmas\u0131 y\u00fcr\u00fctecek profesyoneller, bilgi teknolojileri dan\u0131\u015fmanlar\u0131.<\/li>\n<\/ul>\n<p>\u00a0 <strong>Hedeflenen Sonu\u00e7<\/strong><\/p>\n<ul>\n<li>Bilgi Teknolojileri Hizmet Y\u00f6netimi Standard\u0131, hizmet y\u00f6netimi en iyi uygulamalar\u0131n yer ald\u0131\u011f\u0131 ITIL (Information Technology Infrastructure Library \u2013 Bilgi Teknolojisi Altyap\u0131 K\u00fct\u00fcphanesi) \u00e7al\u0131\u015fmalar\u0131na dayanmaktad\u0131r. Standart, i\u015fletmelerin verdikleri hizmetlerini ve operasyonlar\u0131n\u0131 sistemli ve \u00f6l\u00e7\u00fclebilir bir \u015fekilde y\u00fcr\u00fctmeyi ama\u00e7lamaktad\u0131r.<\/li>\n<\/ul>\n<ul>\n<li>Bu e\u011fitimde bir i\u015fletmenin ISO 20000 standard\u0131na uygun Hizmet Y\u00f6netim Sistemini planlamas\u0131, ger\u00e7ekle\u015ftirmesi, i\u015fletmesi, izlemesi, g\u00f6zden ge\u00e7irmesi, s\u00fcreklili\u011fini sa\u011flamas\u0131 ve iyile\u015ftirmesi i\u00e7in gerekli t\u00fcm bilgiler ve kavramlar uygulamal\u0131 olarak sunulacakt\u0131r.<\/li>\n<\/ul>\n<p>\u00a0 <strong>E\u011fitim \u0130\u00e7eri\u011fi<\/strong><\/p>\n<ul>\n<li>Bilgi teknolojileri hizmet y\u00f6netim sistemine giri\u015f<\/li>\n<\/ul>\n<ul>\n<li>ISO 20000 ailesine genel bak\u0131\u015f<\/li>\n<\/ul>\n<ul>\n<li>ISO 20000 uygulama modeli<\/li>\n<\/ul>\n<ul>\n<li>Y\u00f6netim sistemi d\u00f6ng\u00fcs\u00fc PUK\u00d6<\/li>\n<\/ul>\n<ul>\n<li>Hizmet Y\u00f6netim Sistemi dok\u00fcmantasyon gereksinimleri<\/li>\n<\/ul>\n<ul>\n<li>BT Hizmet Y\u00f6netim Sistemi s\u00fcre\u00e7leri<\/li>\n<\/ul>\n<ul>\n<li>Y\u00f6netimin sorumluluklar\u0131<\/li>\n<\/ul>\n<ul>\n<li>BT Hizmet Y\u00f6netim Sistemi i\u00e7 denetimleri<\/li>\n<\/ul>\n<ul>\n<li>BT Hizmet Y\u00f6netim Sistemini y\u00f6netimin g\u00f6zden ge\u00e7irmesi<\/li>\n<\/ul>\n<ul>\n<li>S\u00fcrekli iyile\u015ftirme<\/li>\n<\/ul>\n<ul>\n<li>Kritik ba\u015far\u0131 fakt\u00f6rleri<\/li>\n<\/ul>\n<ul>\n<li>ISO 20000 belgelendirme denetimi ile ilgili bilgilendirme<\/li>\n<\/ul>\n<p>\u00a0 <strong>Sertifika<\/strong><\/p>\n<ul>\n<li>E\u011fitimi tamamlayan t\u00fcm kat\u0131l\u0131mc\u0131lara GLOBAL ALLIANCE ACADEMY taraf\u0131ndan \u201cISO 20000 Bilgi Teknolojileri Hizmet Y\u00f6netim Sistemi Uygulama E\u011fitimi Kat\u0131l\u0131m Sertifikas\u0131\u201d verilecektir<\/li>\n<\/ul>","protected":false},"excerpt":{"rendered":"<p>\u00a0 Kat\u0131l\u0131mc\u0131 Profili Kurumlar\u0131nda bilgi teknolojileri hizmet y\u00f6netimi \u00e7al\u0131\u015fmalar\u0131n\u0131 y\u00fcr\u00fcten y\u00f6neticiler veya uzmanlar, bilgi teknolojileri hizmet y\u00f6netimi \u00e7al\u0131\u015fmas\u0131 y\u00fcr\u00fctecek profesyoneller, bilgi teknolojileri dan\u0131\u015fmanlar\u0131. \u00a0 Hedeflenen Sonu\u00e7 Bilgi Teknolojileri Hizmet Y\u00f6netimi&#8230; <\/p>\n","protected":false},"author":10,"featured_media":0,"parent":2150,"menu_order":2,"comment_status":"closed","ping_status":"closed","template":"page-full.php","meta":{"_acf_changed":false,"om_disable_all_campaigns":false,"footnotes":""},"class_list":["post-2337","page","type-page","status-publish","hentry"],"acf":[],"yoast_head":"<!-- This site is optimized with the Yoast SEO plugin v27.4 - https:\/\/yoast.com\/product\/yoast-seo-wordpress\/ -->\n<title>BT 02  ISO 20000 Bilgi Teknolojileri Hizmet Y\u00f6netim Sistemi Uygulama E\u011fitimi - 3 g\u00fcn - Global Alliance Register<\/title>\n<meta name=\"robots\" content=\"index, follow, max-snippet:-1, max-image-preview:large, max-video-preview:-1\" \/>\n<link rel=\"canonical\" href=\"https:\/\/globalallianceregister.com\/tr\/services\/egitim\/turkce-bilgi-teknolojileri-yonetimi-2\/turkce-bt-02-iso-20000-bilgi-teknolojileri-hizmet-yonetim-sistemi-uygulama-egitimi-3-gun\/\" \/>\n<meta property=\"og:locale\" content=\"tr_TR\" \/>\n<meta property=\"og:type\" content=\"article\" \/>\n<meta property=\"og:title\" content=\"BT 02  ISO 20000 Bilgi Teknolojileri Hizmet Y\u00f6netim Sistemi Uygulama E\u011fitimi - 3 g\u00fcn - Global Alliance Register\" \/>\n<meta property=\"og:description\" content=\"\u00a0 Kat\u0131l\u0131mc\u0131 Profili Kurumlar\u0131nda bilgi teknolojileri hizmet y\u00f6netimi \u00e7al\u0131\u015fmalar\u0131n\u0131 y\u00fcr\u00fcten y\u00f6neticiler veya uzmanlar, bilgi teknolojileri hizmet y\u00f6netimi \u00e7al\u0131\u015fmas\u0131 y\u00fcr\u00fctecek profesyoneller, bilgi teknolojileri dan\u0131\u015fmanlar\u0131. \u00a0 Hedeflenen Sonu\u00e7 Bilgi Teknolojileri Hizmet Y\u00f6netimi...\" \/>\n<meta property=\"og:url\" content=\"https:\/\/globalallianceregister.com\/tr\/services\/egitim\/turkce-bilgi-teknolojileri-yonetimi-2\/turkce-bt-02-iso-20000-bilgi-teknolojileri-hizmet-yonetim-sistemi-uygulama-egitimi-3-gun\/\" \/>\n<meta property=\"og:site_name\" content=\"Global Alliance Register\" \/>\n<meta property=\"article:modified_time\" content=\"2015-12-16T15:31:29+00:00\" \/>\n<meta name=\"twitter:label1\" content=\"Tahmini okuma s\u00fcresi\" \/>\n\t<meta name=\"twitter:data1\" content=\"1 dakika\" \/>\n<script type=\"application\/ld+json\" class=\"yoast-schema-graph\">{\"@context\":\"https:\\\/\\\/schema.org\",\"@graph\":[{\"@type\":\"WebPage\",\"@id\":\"https:\\\/\\\/globalallianceregister.com\\\/tr\\\/services\\\/egitim\\\/turkce-bilgi-teknolojileri-yonetimi-2\\\/turkce-bt-02-iso-20000-bilgi-teknolojileri-hizmet-yonetim-sistemi-uygulama-egitimi-3-gun\\\/\",\"url\":\"https:\\\/\\\/globalallianceregister.com\\\/tr\\\/services\\\/egitim\\\/turkce-bilgi-teknolojileri-yonetimi-2\\\/turkce-bt-02-iso-20000-bilgi-teknolojileri-hizmet-yonetim-sistemi-uygulama-egitimi-3-gun\\\/\",\"name\":\"BT 02 ISO 20000 Bilgi Teknolojileri Hizmet Y\u00f6netim Sistemi Uygulama E\u011fitimi - 3 g\u00fcn - Global Alliance Register\",\"isPartOf\":{\"@id\":\"https:\\\/\\\/globalallianceregister.com\\\/tr\\\/#website\"},\"datePublished\":\"2015-01-02T15:30:29+00:00\",\"dateModified\":\"2015-12-16T15:31:29+00:00\",\"breadcrumb\":{\"@id\":\"https:\\\/\\\/globalallianceregister.com\\\/tr\\\/services\\\/egitim\\\/turkce-bilgi-teknolojileri-yonetimi-2\\\/turkce-bt-02-iso-20000-bilgi-teknolojileri-hizmet-yonetim-sistemi-uygulama-egitimi-3-gun\\\/#breadcrumb\"},\"inLanguage\":\"tr\",\"potentialAction\":[{\"@type\":\"ReadAction\",\"target\":[[\"https:\\\/\\\/globalallianceregister.com\\\/tr\\\/services\\\/egitim\\\/turkce-bilgi-teknolojileri-yonetimi-2\\\/turkce-bt-02-iso-20000-bilgi-teknolojileri-hizmet-yonetim-sistemi-uygulama-egitimi-3-gun\\\/\"]]}]},{\"@type\":\"BreadcrumbList\",\"@id\":\"https:\\\/\\\/globalallianceregister.com\\\/tr\\\/services\\\/egitim\\\/turkce-bilgi-teknolojileri-yonetimi-2\\\/turkce-bt-02-iso-20000-bilgi-teknolojileri-hizmet-yonetim-sistemi-uygulama-egitimi-3-gun\\\/#breadcrumb\",\"itemListElement\":[{\"@type\":\"ListItem\",\"position\":1,\"name\":\"Anasayfa\",\"item\":\"https:\\\/\\\/globalallianceregister.com\\\/tr\\\/\"},{\"@type\":\"ListItem\",\"position\":2,\"name\":\"BT 02 ISO 20000 Bilgi Teknolojileri Hizmet Y\u00f6netim Sistemi Uygulama E\u011fitimi &#8211; 3 g\u00fcn\"}]},{\"@type\":\"WebSite\",\"@id\":\"https:\\\/\\\/globalallianceregister.com\\\/tr\\\/#website\",\"url\":\"https:\\\/\\\/globalallianceregister.com\\\/tr\\\/\",\"name\":\"Global Alliance Register\",\"description\":\"(EN) Together for Excellence\",\"potentialAction\":[{\"@type\":\"SearchAction\",\"target\":{\"@type\":\"EntryPoint\",\"urlTemplate\":\"https:\\\/\\\/globalallianceregister.com\\\/tr\\\/?s={search_term_string}\"},\"query-input\":{\"@type\":\"PropertyValueSpecification\",\"valueRequired\":true,\"valueName\":\"search_term_string\"}}],\"inLanguage\":\"tr\"}]}<\/script>\n<!-- \/ Yoast SEO plugin. -->","yoast_head_json":{"title":"BT 02  ISO 20000 Bilgi Teknolojileri Hizmet Y\u00f6netim Sistemi Uygulama E\u011fitimi - 3 g\u00fcn - Global Alliance Register","robots":{"index":"index","follow":"follow","max-snippet":"max-snippet:-1","max-image-preview":"max-image-preview:large","max-video-preview":"max-video-preview:-1"},"canonical":"https:\/\/globalallianceregister.com\/tr\/services\/egitim\/turkce-bilgi-teknolojileri-yonetimi-2\/turkce-bt-02-iso-20000-bilgi-teknolojileri-hizmet-yonetim-sistemi-uygulama-egitimi-3-gun\/","og_locale":"tr_TR","og_type":"article","og_title":"BT 02  ISO 20000 Bilgi Teknolojileri Hizmet Y\u00f6netim Sistemi Uygulama E\u011fitimi - 3 g\u00fcn - Global Alliance Register","og_description":"\u00a0 Kat\u0131l\u0131mc\u0131 Profili Kurumlar\u0131nda bilgi teknolojileri hizmet y\u00f6netimi \u00e7al\u0131\u015fmalar\u0131n\u0131 y\u00fcr\u00fcten y\u00f6neticiler veya uzmanlar, bilgi teknolojileri hizmet y\u00f6netimi \u00e7al\u0131\u015fmas\u0131 y\u00fcr\u00fctecek profesyoneller, bilgi teknolojileri dan\u0131\u015fmanlar\u0131. \u00a0 Hedeflenen Sonu\u00e7 Bilgi Teknolojileri Hizmet Y\u00f6netimi...","og_url":"https:\/\/globalallianceregister.com\/tr\/services\/egitim\/turkce-bilgi-teknolojileri-yonetimi-2\/turkce-bt-02-iso-20000-bilgi-teknolojileri-hizmet-yonetim-sistemi-uygulama-egitimi-3-gun\/","og_site_name":"Global Alliance Register","article_modified_time":"2015-12-16T15:31:29+00:00","twitter_misc":{"Tahmini okuma s\u00fcresi":"1 dakika"},"schema":{"@context":"https:\/\/schema.org","@graph":[{"@type":"WebPage","@id":"https:\/\/globalallianceregister.com\/tr\/services\/egitim\/turkce-bilgi-teknolojileri-yonetimi-2\/turkce-bt-02-iso-20000-bilgi-teknolojileri-hizmet-yonetim-sistemi-uygulama-egitimi-3-gun\/","url":"https:\/\/globalallianceregister.com\/tr\/services\/egitim\/turkce-bilgi-teknolojileri-yonetimi-2\/turkce-bt-02-iso-20000-bilgi-teknolojileri-hizmet-yonetim-sistemi-uygulama-egitimi-3-gun\/","name":"BT 02 ISO 20000 Bilgi Teknolojileri Hizmet Y\u00f6netim Sistemi Uygulama E\u011fitimi - 3 g\u00fcn - Global Alliance Register","isPartOf":{"@id":"https:\/\/globalallianceregister.com\/tr\/#website"},"datePublished":"2015-01-02T15:30:29+00:00","dateModified":"2015-12-16T15:31:29+00:00","breadcrumb":{"@id":"https:\/\/globalallianceregister.com\/tr\/services\/egitim\/turkce-bilgi-teknolojileri-yonetimi-2\/turkce-bt-02-iso-20000-bilgi-teknolojileri-hizmet-yonetim-sistemi-uygulama-egitimi-3-gun\/#breadcrumb"},"inLanguage":"tr","potentialAction":[{"@type":"ReadAction","target":[["https:\/\/globalallianceregister.com\/tr\/services\/egitim\/turkce-bilgi-teknolojileri-yonetimi-2\/turkce-bt-02-iso-20000-bilgi-teknolojileri-hizmet-yonetim-sistemi-uygulama-egitimi-3-gun\/"]]}]},{"@type":"BreadcrumbList","@id":"https:\/\/globalallianceregister.com\/tr\/services\/egitim\/turkce-bilgi-teknolojileri-yonetimi-2\/turkce-bt-02-iso-20000-bilgi-teknolojileri-hizmet-yonetim-sistemi-uygulama-egitimi-3-gun\/#breadcrumb","itemListElement":[{"@type":"ListItem","position":1,"name":"Anasayfa","item":"https:\/\/globalallianceregister.com\/tr\/"},{"@type":"ListItem","position":2,"name":"BT 02 ISO 20000 Bilgi Teknolojileri Hizmet Y\u00f6netim Sistemi Uygulama E\u011fitimi &#8211; 3 g\u00fcn"}]},{"@type":"WebSite","@id":"https:\/\/globalallianceregister.com\/tr\/#website","url":"https:\/\/globalallianceregister.com\/tr\/","name":"Global Alliance Register","description":"(EN) Together for Excellence","potentialAction":[{"@type":"SearchAction","target":{"@type":"EntryPoint","urlTemplate":"https:\/\/globalallianceregister.com\/tr\/?s={search_term_string}"},"query-input":{"@type":"PropertyValueSpecification","valueRequired":true,"valueName":"search_term_string"}}],"inLanguage":"tr"}]}},"_links":{"self":[{"href":"https:\/\/globalallianceregister.com\/tr\/wp-json\/wp\/v2\/pages\/2337","targetHints":{"allow":["GET"]}}],"collection":[{"href":"https:\/\/globalallianceregister.com\/tr\/wp-json\/wp\/v2\/pages"}],"about":[{"href":"https:\/\/globalallianceregister.com\/tr\/wp-json\/wp\/v2\/types\/page"}],"author":[{"embeddable":true,"href":"https:\/\/globalallianceregister.com\/tr\/wp-json\/wp\/v2\/users\/10"}],"replies":[{"embeddable":true,"href":"https:\/\/globalallianceregister.com\/tr\/wp-json\/wp\/v2\/comments?post=2337"}],"version-history":[{"count":0,"href":"https:\/\/globalallianceregister.com\/tr\/wp-json\/wp\/v2\/pages\/2337\/revisions"}],"up":[{"embeddable":true,"href":"https:\/\/globalallianceregister.com\/tr\/wp-json\/wp\/v2\/pages\/2150"}],"wp:attachment":[{"href":"https:\/\/globalallianceregister.com\/tr\/wp-json\/wp\/v2\/media?parent=2337"}],"curies":[{"name":"wp","href":"https:\/\/api.w.org\/{rel}","templated":true}]}}