{"id":2341,"date":"2015-01-02T15:33:30","date_gmt":"2015-01-02T15:33:30","guid":{"rendered":"https:\/\/globalallianceregister.com\/?page_id=2341"},"modified":"2015-12-16T15:33:14","modified_gmt":"2015-12-16T15:33:14","slug":"turkce-bt-03-itil-egitimi-3-gun","status":"publish","type":"page","link":"https:\/\/globalallianceregister.com\/tr\/services\/egitim\/turkce-bilgi-teknolojileri-yonetimi-2\/turkce-bt-03-itil-egitimi-3-gun\/","title":{"rendered":"BT 03    ITIL E\u011fitimi \u2013 3 g\u00fcn"},"content":{"rendered":"<p><strong>Kat\u0131l\u0131mc\u0131 Profili<\/strong><\/p>\n<ul>\n<li>BT Servis Y\u00f6neticileri, Bilgi Teknolojileri Y\u00f6neticileri, Proje Y\u00f6neticileri, Kalite Y\u00f6neticileri, Risk Y\u00f6neticileri, Denetim Kurulu \u00dcyeleri, \u0130\u00e7 Denetim Uzmanlar\u0131, BT dan\u0131\u015fmanlar\u0131, S\u00fcre\u00e7 Dan\u0131\u015fmanlar\u0131, Proje Y\u00f6neticileri<\/li>\n<\/ul>\n<p>\u00a0 <strong>Hedeflenen Sonu\u00e7<\/strong><\/p>\n<ul>\n<li>ITIL Temel\u00a0E\u011fitimi Bilgi Teknolojileri Hizmet y\u00f6netimi hakk\u0131nda bilgi sunmak ve ITIL\u2019in uygulanmas\u0131 i\u00e7in gerekli pratik bilgileri sunmak amac\u0131yla haz\u0131rlanm\u0131\u015ft\u0131r. E\u011fitim i\u00e7eri\u011finde ITIL terminolojisi, yap\u0131s\u0131 ve kavramlar\u0131, ITIL tabanl\u0131 hizmet d\u00f6ng\u00fc (Service Lifecycle) yap\u0131s\u0131, ITIL tabanl\u0131 t\u00fcm hizmet mod\u00fclleri, her hizmet mod\u00fcl\u00fc baz\u0131nda temel kavramlar\u0131n ve s\u00fcre\u00e7lerin tan\u0131t\u0131m\u0131 (Hizmet Stratejisi, Hizmet Tasar\u0131m\u0131, Hizmet D\u00f6n\u00fc\u015f\u00fcm\u00fc, Hizmet Operasyonu ve S\u00fcrekli Hizmet \u0130yile\u015ftirme), Hizmet Y\u00f6netimi D\u00f6ng\u00fcs\u00fcnde yer alan rollerin ve ilgili aktivitelerin tan\u0131t\u0131lmas\u0131 ger\u00e7ekle\u015ftirilmektedir.<\/li>\n<\/ul>\n<ul>\n<li>E\u011fitim sonunda iste\u011fe ba\u011fl\u0131 olarak ITIL Foundation s\u0131nav\u0131 al\u0131nabilmektedir. BT Hizmet Y\u00f6netiminde, ITIL Foundation sertifikas\u0131n\u0131n amac\u0131; Hizmet Y\u00f6netimi hakk\u0131nda kat\u0131l\u0131mc\u0131n\u0131n ITIL terminoloji bilgisini, yap\u0131s\u0131n\u0131 ve temel kavramlar\u0131 edindi\u011finin ve ITIL pratiklerinin temel ilkelerini anlad\u0131\u011f\u0131n\u0131n sertifikaland\u0131r\u0131lmas\u0131d\u0131r. BT Hizmet Y\u00f6netimi ITIL Foundation sertifikas\u0131, sertifika sahipleri i\u00e7in ITIL Hizmet Y\u00f6netimi pratiklerini yard\u0131m almadan uygulamalar\u0131 i\u00e7in tasarlanm\u0131\u015ft\u0131r.<\/li>\n<\/ul>\n<p>\u00a0 <strong>E\u011fitim \u0130\u00e7eri\u011fi<\/strong><\/p>\n<ul>\n<li>ITIL 2011 S\u00fcre\u00e7leri<\/li>\n<\/ul>\n<ul>\n<li>Hizmet Stratejisi<\/li>\n<\/ul>\n<ul>\n<li>Hizmet Tasar\u0131m\u0131<\/li>\n<\/ul>\n<ul>\n<li>Hizmet D\u00f6n\u00fc\u015f\u00fcm\u00fc<\/li>\n<\/ul>\n<ul>\n<li>Hizmet Operasyon<\/li>\n<\/ul>\n<ul>\n<li>S\u00fcrekli Hizmet Y\u00f6netimi<\/li>\n<\/ul>\n<ul>\n<li>Fonksiyonlar<\/li>\n<\/ul>\n<ul>\n<li>Roller ve Sorumluklar<\/li>\n<\/ul>\n<ul>\n<li>Teknoloji ve Yap\u0131<\/li>\n<\/ul>\n<ul>\n<li>ITIL\u00ae Yeterlilik \u015eemas\u0131<\/li>\n<\/ul>\n<ul>\n<li>\u00d6rnek S\u0131nav<\/li>\n<\/ul>\n<ul>\n<li>G\u00f6zden ge\u00e7irme, Al\u0131\u015ft\u0131rma Sorular\u0131 ve S\u0131nav<\/li>\n<\/ul>\n<p>\u00a0 <strong>Sertifika<\/strong><\/p>\n<ul>\n<li>E\u011fitimi tamamlayan t\u00fcm kat\u0131l\u0131mc\u0131lara GLOBAL ALLIANCE ACADEMY taraf\u0131ndan \u201cITIL Temel E\u011fitimi Kat\u0131l\u0131m Sertifikas\u0131\u201d verilecektir.<\/li>\n<\/ul>","protected":false},"excerpt":{"rendered":"<p>Kat\u0131l\u0131mc\u0131 Profili BT Servis Y\u00f6neticileri, Bilgi Teknolojileri Y\u00f6neticileri, Proje Y\u00f6neticileri, Kalite Y\u00f6neticileri, Risk Y\u00f6neticileri, Denetim Kurulu \u00dcyeleri, \u0130\u00e7 Denetim Uzmanlar\u0131, BT dan\u0131\u015fmanlar\u0131, S\u00fcre\u00e7 Dan\u0131\u015fmanlar\u0131, Proje Y\u00f6neticileri \u00a0 Hedeflenen Sonu\u00e7 ITIL&#8230; <\/p>\n","protected":false},"author":10,"featured_media":5171,"parent":2150,"menu_order":3,"comment_status":"closed","ping_status":"closed","template":"page-full.php","meta":{"_acf_changed":false,"om_disable_all_campaigns":false,"footnotes":""},"class_list":["post-2341","page","type-page","status-publish","has-post-thumbnail","hentry"],"acf":[],"yoast_head":"<!-- This site is optimized with the Yoast SEO plugin v27.4 - https:\/\/yoast.com\/product\/yoast-seo-wordpress\/ -->\n<title>BT 03  ITIL E\u011fitimi \u2013 3 g\u00fcn - Global Alliance Register<\/title>\n<meta name=\"robots\" content=\"index, follow, max-snippet:-1, max-image-preview:large, max-video-preview:-1\" \/>\n<link rel=\"canonical\" href=\"https:\/\/globalallianceregister.com\/tr\/services\/egitim\/turkce-bilgi-teknolojileri-yonetimi-2\/turkce-bt-03-itil-egitimi-3-gun\/\" \/>\n<meta property=\"og:locale\" content=\"tr_TR\" \/>\n<meta property=\"og:type\" content=\"article\" \/>\n<meta property=\"og:title\" content=\"BT 03  ITIL E\u011fitimi \u2013 3 g\u00fcn - Global Alliance Register\" \/>\n<meta property=\"og:description\" content=\"Kat\u0131l\u0131mc\u0131 Profili BT Servis Y\u00f6neticileri, Bilgi Teknolojileri Y\u00f6neticileri, Proje Y\u00f6neticileri, Kalite Y\u00f6neticileri, Risk Y\u00f6neticileri, Denetim Kurulu \u00dcyeleri, \u0130\u00e7 Denetim Uzmanlar\u0131, BT dan\u0131\u015fmanlar\u0131, S\u00fcre\u00e7 Dan\u0131\u015fmanlar\u0131, Proje Y\u00f6neticileri \u00a0 Hedeflenen Sonu\u00e7 ITIL...\" \/>\n<meta property=\"og:url\" content=\"https:\/\/globalallianceregister.com\/tr\/services\/egitim\/turkce-bilgi-teknolojileri-yonetimi-2\/turkce-bt-03-itil-egitimi-3-gun\/\" \/>\n<meta property=\"og:site_name\" content=\"Global Alliance Register\" \/>\n<meta property=\"article:modified_time\" content=\"2015-12-16T15:33:14+00:00\" \/>\n<meta property=\"og:image\" content=\"https:\/\/globalallianceregister.com\/wp-content\/uploads\/2015\/08\/Training-Inner-Page.jpg\" \/>\n\t<meta property=\"og:image:width\" content=\"614\" \/>\n\t<meta property=\"og:image:height\" content=\"200\" \/>\n\t<meta property=\"og:image:type\" content=\"image\/jpeg\" \/>\n<meta name=\"twitter:label1\" content=\"Tahmini okuma s\u00fcresi\" \/>\n\t<meta name=\"twitter:data1\" content=\"1 dakika\" \/>\n<script type=\"application\/ld+json\" class=\"yoast-schema-graph\">{\"@context\":\"https:\\\/\\\/schema.org\",\"@graph\":[{\"@type\":\"WebPage\",\"@id\":\"https:\\\/\\\/globalallianceregister.com\\\/tr\\\/services\\\/egitim\\\/turkce-bilgi-teknolojileri-yonetimi-2\\\/turkce-bt-03-itil-egitimi-3-gun\\\/\",\"url\":\"https:\\\/\\\/globalallianceregister.com\\\/tr\\\/services\\\/egitim\\\/turkce-bilgi-teknolojileri-yonetimi-2\\\/turkce-bt-03-itil-egitimi-3-gun\\\/\",\"name\":\"BT 03 ITIL E\u011fitimi \u2013 3 g\u00fcn - Global Alliance Register\",\"isPartOf\":{\"@id\":\"https:\\\/\\\/globalallianceregister.com\\\/tr\\\/#website\"},\"primaryImageOfPage\":{\"@id\":\"https:\\\/\\\/globalallianceregister.com\\\/tr\\\/services\\\/egitim\\\/turkce-bilgi-teknolojileri-yonetimi-2\\\/turkce-bt-03-itil-egitimi-3-gun\\\/#primaryimage\"},\"image\":{\"@id\":\"https:\\\/\\\/globalallianceregister.com\\\/tr\\\/services\\\/egitim\\\/turkce-bilgi-teknolojileri-yonetimi-2\\\/turkce-bt-03-itil-egitimi-3-gun\\\/#primaryimage\"},\"thumbnailUrl\":\"https:\\\/\\\/globalallianceregister.com\\\/wp-content\\\/uploads\\\/2015\\\/08\\\/Training-Inner-Page.jpg\",\"datePublished\":\"2015-01-02T15:33:30+00:00\",\"dateModified\":\"2015-12-16T15:33:14+00:00\",\"breadcrumb\":{\"@id\":\"https:\\\/\\\/globalallianceregister.com\\\/tr\\\/services\\\/egitim\\\/turkce-bilgi-teknolojileri-yonetimi-2\\\/turkce-bt-03-itil-egitimi-3-gun\\\/#breadcrumb\"},\"inLanguage\":\"tr\",\"potentialAction\":[{\"@type\":\"ReadAction\",\"target\":[[\"https:\\\/\\\/globalallianceregister.com\\\/tr\\\/services\\\/egitim\\\/turkce-bilgi-teknolojileri-yonetimi-2\\\/turkce-bt-03-itil-egitimi-3-gun\\\/\"]]}]},{\"@type\":\"ImageObject\",\"inLanguage\":\"tr\",\"@id\":\"https:\\\/\\\/globalallianceregister.com\\\/tr\\\/services\\\/egitim\\\/turkce-bilgi-teknolojileri-yonetimi-2\\\/turkce-bt-03-itil-egitimi-3-gun\\\/#primaryimage\",\"url\":\"https:\\\/\\\/globalallianceregister.com\\\/wp-content\\\/uploads\\\/2015\\\/08\\\/Training-Inner-Page.jpg\",\"contentUrl\":\"https:\\\/\\\/globalallianceregister.com\\\/wp-content\\\/uploads\\\/2015\\\/08\\\/Training-Inner-Page.jpg\",\"width\":614,\"height\":200},{\"@type\":\"BreadcrumbList\",\"@id\":\"https:\\\/\\\/globalallianceregister.com\\\/tr\\\/services\\\/egitim\\\/turkce-bilgi-teknolojileri-yonetimi-2\\\/turkce-bt-03-itil-egitimi-3-gun\\\/#breadcrumb\",\"itemListElement\":[{\"@type\":\"ListItem\",\"position\":1,\"name\":\"Anasayfa\",\"item\":\"https:\\\/\\\/globalallianceregister.com\\\/tr\\\/\"},{\"@type\":\"ListItem\",\"position\":2,\"name\":\"BT 03 ITIL E\u011fitimi \u2013 3 g\u00fcn\"}]},{\"@type\":\"WebSite\",\"@id\":\"https:\\\/\\\/globalallianceregister.com\\\/tr\\\/#website\",\"url\":\"https:\\\/\\\/globalallianceregister.com\\\/tr\\\/\",\"name\":\"Global Alliance Register\",\"description\":\"(EN) Together for Excellence\",\"potentialAction\":[{\"@type\":\"SearchAction\",\"target\":{\"@type\":\"EntryPoint\",\"urlTemplate\":\"https:\\\/\\\/globalallianceregister.com\\\/tr\\\/?s={search_term_string}\"},\"query-input\":{\"@type\":\"PropertyValueSpecification\",\"valueRequired\":true,\"valueName\":\"search_term_string\"}}],\"inLanguage\":\"tr\"}]}<\/script>\n<!-- \/ Yoast SEO plugin. -->","yoast_head_json":{"title":"BT 03  ITIL E\u011fitimi \u2013 3 g\u00fcn - Global Alliance Register","robots":{"index":"index","follow":"follow","max-snippet":"max-snippet:-1","max-image-preview":"max-image-preview:large","max-video-preview":"max-video-preview:-1"},"canonical":"https:\/\/globalallianceregister.com\/tr\/services\/egitim\/turkce-bilgi-teknolojileri-yonetimi-2\/turkce-bt-03-itil-egitimi-3-gun\/","og_locale":"tr_TR","og_type":"article","og_title":"BT 03  ITIL E\u011fitimi \u2013 3 g\u00fcn - Global Alliance Register","og_description":"Kat\u0131l\u0131mc\u0131 Profili BT Servis Y\u00f6neticileri, Bilgi Teknolojileri Y\u00f6neticileri, Proje Y\u00f6neticileri, Kalite Y\u00f6neticileri, Risk Y\u00f6neticileri, Denetim Kurulu \u00dcyeleri, \u0130\u00e7 Denetim Uzmanlar\u0131, BT dan\u0131\u015fmanlar\u0131, S\u00fcre\u00e7 Dan\u0131\u015fmanlar\u0131, Proje Y\u00f6neticileri \u00a0 Hedeflenen Sonu\u00e7 ITIL...","og_url":"https:\/\/globalallianceregister.com\/tr\/services\/egitim\/turkce-bilgi-teknolojileri-yonetimi-2\/turkce-bt-03-itil-egitimi-3-gun\/","og_site_name":"Global Alliance Register","article_modified_time":"2015-12-16T15:33:14+00:00","og_image":[{"width":614,"height":200,"url":"https:\/\/globalallianceregister.com\/wp-content\/uploads\/2015\/08\/Training-Inner-Page.jpg","type":"image\/jpeg"}],"twitter_misc":{"Tahmini okuma s\u00fcresi":"1 dakika"},"schema":{"@context":"https:\/\/schema.org","@graph":[{"@type":"WebPage","@id":"https:\/\/globalallianceregister.com\/tr\/services\/egitim\/turkce-bilgi-teknolojileri-yonetimi-2\/turkce-bt-03-itil-egitimi-3-gun\/","url":"https:\/\/globalallianceregister.com\/tr\/services\/egitim\/turkce-bilgi-teknolojileri-yonetimi-2\/turkce-bt-03-itil-egitimi-3-gun\/","name":"BT 03 ITIL E\u011fitimi \u2013 3 g\u00fcn - Global Alliance Register","isPartOf":{"@id":"https:\/\/globalallianceregister.com\/tr\/#website"},"primaryImageOfPage":{"@id":"https:\/\/globalallianceregister.com\/tr\/services\/egitim\/turkce-bilgi-teknolojileri-yonetimi-2\/turkce-bt-03-itil-egitimi-3-gun\/#primaryimage"},"image":{"@id":"https:\/\/globalallianceregister.com\/tr\/services\/egitim\/turkce-bilgi-teknolojileri-yonetimi-2\/turkce-bt-03-itil-egitimi-3-gun\/#primaryimage"},"thumbnailUrl":"https:\/\/globalallianceregister.com\/wp-content\/uploads\/2015\/08\/Training-Inner-Page.jpg","datePublished":"2015-01-02T15:33:30+00:00","dateModified":"2015-12-16T15:33:14+00:00","breadcrumb":{"@id":"https:\/\/globalallianceregister.com\/tr\/services\/egitim\/turkce-bilgi-teknolojileri-yonetimi-2\/turkce-bt-03-itil-egitimi-3-gun\/#breadcrumb"},"inLanguage":"tr","potentialAction":[{"@type":"ReadAction","target":[["https:\/\/globalallianceregister.com\/tr\/services\/egitim\/turkce-bilgi-teknolojileri-yonetimi-2\/turkce-bt-03-itil-egitimi-3-gun\/"]]}]},{"@type":"ImageObject","inLanguage":"tr","@id":"https:\/\/globalallianceregister.com\/tr\/services\/egitim\/turkce-bilgi-teknolojileri-yonetimi-2\/turkce-bt-03-itil-egitimi-3-gun\/#primaryimage","url":"https:\/\/globalallianceregister.com\/wp-content\/uploads\/2015\/08\/Training-Inner-Page.jpg","contentUrl":"https:\/\/globalallianceregister.com\/wp-content\/uploads\/2015\/08\/Training-Inner-Page.jpg","width":614,"height":200},{"@type":"BreadcrumbList","@id":"https:\/\/globalallianceregister.com\/tr\/services\/egitim\/turkce-bilgi-teknolojileri-yonetimi-2\/turkce-bt-03-itil-egitimi-3-gun\/#breadcrumb","itemListElement":[{"@type":"ListItem","position":1,"name":"Anasayfa","item":"https:\/\/globalallianceregister.com\/tr\/"},{"@type":"ListItem","position":2,"name":"BT 03 ITIL E\u011fitimi \u2013 3 g\u00fcn"}]},{"@type":"WebSite","@id":"https:\/\/globalallianceregister.com\/tr\/#website","url":"https:\/\/globalallianceregister.com\/tr\/","name":"Global Alliance Register","description":"(EN) Together for Excellence","potentialAction":[{"@type":"SearchAction","target":{"@type":"EntryPoint","urlTemplate":"https:\/\/globalallianceregister.com\/tr\/?s={search_term_string}"},"query-input":{"@type":"PropertyValueSpecification","valueRequired":true,"valueName":"search_term_string"}}],"inLanguage":"tr"}]}},"_links":{"self":[{"href":"https:\/\/globalallianceregister.com\/tr\/wp-json\/wp\/v2\/pages\/2341","targetHints":{"allow":["GET"]}}],"collection":[{"href":"https:\/\/globalallianceregister.com\/tr\/wp-json\/wp\/v2\/pages"}],"about":[{"href":"https:\/\/globalallianceregister.com\/tr\/wp-json\/wp\/v2\/types\/page"}],"author":[{"embeddable":true,"href":"https:\/\/globalallianceregister.com\/tr\/wp-json\/wp\/v2\/users\/10"}],"replies":[{"embeddable":true,"href":"https:\/\/globalallianceregister.com\/tr\/wp-json\/wp\/v2\/comments?post=2341"}],"version-history":[{"count":0,"href":"https:\/\/globalallianceregister.com\/tr\/wp-json\/wp\/v2\/pages\/2341\/revisions"}],"up":[{"embeddable":true,"href":"https:\/\/globalallianceregister.com\/tr\/wp-json\/wp\/v2\/pages\/2150"}],"wp:featuredmedia":[{"embeddable":true,"href":"https:\/\/globalallianceregister.com\/tr\/wp-json\/wp\/v2\/media\/5171"}],"wp:attachment":[{"href":"https:\/\/globalallianceregister.com\/tr\/wp-json\/wp\/v2\/media?parent=2341"}],"curies":[{"name":"wp","href":"https:\/\/api.w.org\/{rel}","templated":true}]}}