{"id":2343,"date":"2015-01-02T15:37:39","date_gmt":"2015-01-02T15:37:39","guid":{"rendered":"https:\/\/globalallianceregister.com\/?page_id=2343"},"modified":"2015-12-16T15:36:11","modified_gmt":"2015-12-16T15:36:11","slug":"turkce-bt-04-bt-denetim-teknikleri-2-gun","status":"publish","type":"page","link":"https:\/\/globalallianceregister.com\/tr\/services\/egitim\/turkce-bilgi-teknolojileri-yonetimi-2\/turkce-bt-04-bt-denetim-teknikleri-2-gun\/","title":{"rendered":"BT 04    BT Denetim Teknikleri \u2013 2 g\u00fcn"},"content":{"rendered":"<p><strong>Kat\u0131l\u0131mc\u0131 Profili<\/strong><\/p>\n<ul>\n<li>Denetim ve Riskten Sorumlu Y\u00f6netim Kurulu \u00dcyeleri ve \u00dcst Y\u00f6netim, Denetim Komitesi, Tefti\u015f Kurulu, \u0130\u00e7 Denetim, Risk Y\u00f6netimi, \u0130\u00e7 Kontrol, Uyum Y\u00f6netimi, S\u00fcre\u00e7 Y\u00f6netimi, Strateji Geli\u015ftirme, Soru\u015fturma ve G\u00fcvenlik, IT Denetim, IT G\u00fcvenlik, Fraud Y\u00f6netimi, \u0130lgili Kontrol Birimleri, Mali Denetim, Mali Tahlil ve \u0130stihbarat, Risk Analizi, Mali \u0130\u015fler ve Hukuk<\/li>\n<\/ul>\n<p>\u00a0 <strong>Hedeflenen Sonu\u00e7<\/strong><\/p>\n<ul>\n<li>E\u011fitimin amac\u0131 kurumlar\u0131n denetim ve kontrol sistemlerinin, yeni geli\u015fmeler do\u011frultusunda de\u011ferlendirilmesi ve suistimal dahil t\u00fcm risklerin \u00f6nlenmesi ve tespit edilmesi i\u00e7in personelin teknolojik bilgi seviye ve yetkinli\u011finin artt\u0131r\u0131lmas\u0131d\u0131r.<\/li>\n<\/ul>\n<p>\u00a0 <strong>E\u011fitim \u0130\u00e7eri\u011fi<\/strong><\/p>\n<ul>\n<li>Bilgi G\u00fcvenli\u011fi De\u011ferlendirmeleri Temel Kavramlar\u0131\n<ul>\n<li>A\u00e7\u0131kl\u0131k ve sald\u0131r\u0131 e\u011filimleri<\/li>\n<li>Varl\u0131k, Tehdit, A\u00e7\u0131kl\u0131k, Sald\u0131r\u0131 ve Risk Kavramlar\u0131<\/li>\n<\/ul>\n<\/li>\n<\/ul>\n<ul>\n<li>BT Denetlemeleri\n<ul>\n<li>BT Denetleme S\u00fcreci<\/li>\n<li>Saha \u00c7al\u0131\u015fmalar\u0131<\/li>\n<li>Farkl\u0131 \u00c7er\u00e7eve ve Standartlar (COBIT, ISO\/IEC 27001, BS 25999 vb.) i\u00e7in Ortak Denetim Yakla\u015f\u0131mlar\u0131<\/li>\n<\/ul>\n<\/li>\n<\/ul>\n<ul>\n<li>BT Denetleme S\u00fcrecinde \u00d6nemli Konular\n<ul>\n<li>Denetim taraflar\u0131yla ili\u015fkiler<\/li>\n<li>S\u0131zma Testleri ve Denetlemeler<\/li>\n<li>Denetim Kapsam\u0131<\/li>\n<li>Kontrol Listeleri ve Otomatik Ara\u00e7lar<\/li>\n<\/ul>\n<\/li>\n<\/ul>\n<ul>\n<li>BT Denetim Raporlar\u0131n\u0131n \u0130\u00e7eri\u011fi<\/li>\n<\/ul>\n<ul>\n<li>Kontrol Listesi Bazl\u0131 BT Denetimleri<\/li>\n<\/ul>\n<ul>\n<li>Kontrol Listeleri ile BT Denetimi Uygulamalar\u0131<\/li>\n<\/ul>\n<ul>\n<li>Otomatik Ara\u00e7lar\u0131n Kullan\u0131m\u0131 (Uygulamal\u0131)\n<ul>\n<li>Ke\u015fif Ara\u00e7lar\u0131<\/li>\n<li>Port Taray\u0131c\u0131lar<\/li>\n<\/ul>\n<\/li>\n<\/ul>\n<ul>\n<li>Otomatik Ara\u00e7lar\u0131n Kullan\u0131m\u0131-devam (Uygulamal\u0131)\n<ul>\n<li>A\u011f Dinleme Ara\u00e7lar\u0131<\/li>\n<\/ul>\n<\/li>\n<\/ul>\n<ul>\n<li>Otomatik Ara\u00e7lar\u0131n Kullan\u0131m\u0131-devam (Uygulamal\u0131)\n<ul>\n<li>Yap\u0131land\u0131rma Kontrol Ara\u00e7lar\u0131<\/li>\n<\/ul>\n<\/li>\n<\/ul>\n<ul>\n<li>Otomatik Ara\u00e7lar\u0131n Kullan\u0131m\u0131-devam (Uygulamal\u0131)\n<ul>\n<li>A\u00e7\u0131kl\u0131k Tarama Ara\u00e7lar\u0131<\/li>\n<\/ul>\n<\/li>\n<\/ul>\n<p>\u00a0 <strong>Sertifika<\/strong><\/p>\n<ul>\n<li>E\u011fitimi tamamlayan t\u00fcm kat\u0131l\u0131mc\u0131lara GLOBAL ALLIANCE ACADEMY taraf\u0131ndan \u201cBT Denetim Teknikleri E\u011fitimi Kat\u0131l\u0131m Sertifikas\u0131\u201d verilecektir.<\/li>\n<\/ul>","protected":false},"excerpt":{"rendered":"<p>Kat\u0131l\u0131mc\u0131 Profili Denetim ve Riskten Sorumlu Y\u00f6netim Kurulu \u00dcyeleri ve \u00dcst Y\u00f6netim, Denetim Komitesi, Tefti\u015f Kurulu, \u0130\u00e7 Denetim, Risk Y\u00f6netimi, \u0130\u00e7 Kontrol, Uyum Y\u00f6netimi, S\u00fcre\u00e7 Y\u00f6netimi, Strateji Geli\u015ftirme, Soru\u015fturma ve&#8230; <\/p>\n","protected":false},"author":10,"featured_media":5171,"parent":2150,"menu_order":4,"comment_status":"closed","ping_status":"closed","template":"page-full.php","meta":{"_acf_changed":false,"om_disable_all_campaigns":false,"footnotes":""},"class_list":["post-2343","page","type-page","status-publish","has-post-thumbnail","hentry"],"acf":[],"yoast_head":"<!-- This site is optimized with the Yoast SEO plugin v27.4 - https:\/\/yoast.com\/product\/yoast-seo-wordpress\/ -->\n<title>BT 04  BT Denetim Teknikleri \u2013 2 g\u00fcn - Global Alliance Register<\/title>\n<meta name=\"robots\" content=\"index, follow, max-snippet:-1, max-image-preview:large, max-video-preview:-1\" \/>\n<link rel=\"canonical\" href=\"https:\/\/globalallianceregister.com\/tr\/services\/egitim\/turkce-bilgi-teknolojileri-yonetimi-2\/turkce-bt-04-bt-denetim-teknikleri-2-gun\/\" \/>\n<meta property=\"og:locale\" content=\"tr_TR\" \/>\n<meta property=\"og:type\" content=\"article\" \/>\n<meta property=\"og:title\" content=\"BT 04  BT Denetim Teknikleri \u2013 2 g\u00fcn - Global Alliance Register\" \/>\n<meta property=\"og:description\" content=\"Kat\u0131l\u0131mc\u0131 Profili Denetim ve Riskten Sorumlu Y\u00f6netim Kurulu \u00dcyeleri ve \u00dcst Y\u00f6netim, Denetim Komitesi, Tefti\u015f Kurulu, \u0130\u00e7 Denetim, Risk Y\u00f6netimi, \u0130\u00e7 Kontrol, Uyum Y\u00f6netimi, S\u00fcre\u00e7 Y\u00f6netimi, Strateji Geli\u015ftirme, Soru\u015fturma ve...\" \/>\n<meta property=\"og:url\" content=\"https:\/\/globalallianceregister.com\/tr\/services\/egitim\/turkce-bilgi-teknolojileri-yonetimi-2\/turkce-bt-04-bt-denetim-teknikleri-2-gun\/\" \/>\n<meta property=\"og:site_name\" content=\"Global Alliance Register\" \/>\n<meta property=\"article:modified_time\" content=\"2015-12-16T15:36:11+00:00\" \/>\n<meta property=\"og:image\" content=\"https:\/\/globalallianceregister.com\/wp-content\/uploads\/2015\/08\/Training-Inner-Page.jpg\" \/>\n\t<meta property=\"og:image:width\" content=\"614\" \/>\n\t<meta property=\"og:image:height\" content=\"200\" \/>\n\t<meta property=\"og:image:type\" content=\"image\/jpeg\" \/>\n<meta name=\"twitter:label1\" content=\"Tahmini okuma s\u00fcresi\" \/>\n\t<meta name=\"twitter:data1\" content=\"1 dakika\" \/>\n<script type=\"application\/ld+json\" class=\"yoast-schema-graph\">{\"@context\":\"https:\\\/\\\/schema.org\",\"@graph\":[{\"@type\":\"WebPage\",\"@id\":\"https:\\\/\\\/globalallianceregister.com\\\/tr\\\/services\\\/egitim\\\/turkce-bilgi-teknolojileri-yonetimi-2\\\/turkce-bt-04-bt-denetim-teknikleri-2-gun\\\/\",\"url\":\"https:\\\/\\\/globalallianceregister.com\\\/tr\\\/services\\\/egitim\\\/turkce-bilgi-teknolojileri-yonetimi-2\\\/turkce-bt-04-bt-denetim-teknikleri-2-gun\\\/\",\"name\":\"BT 04 BT Denetim Teknikleri \u2013 2 g\u00fcn - Global Alliance Register\",\"isPartOf\":{\"@id\":\"https:\\\/\\\/globalallianceregister.com\\\/tr\\\/#website\"},\"primaryImageOfPage\":{\"@id\":\"https:\\\/\\\/globalallianceregister.com\\\/tr\\\/services\\\/egitim\\\/turkce-bilgi-teknolojileri-yonetimi-2\\\/turkce-bt-04-bt-denetim-teknikleri-2-gun\\\/#primaryimage\"},\"image\":{\"@id\":\"https:\\\/\\\/globalallianceregister.com\\\/tr\\\/services\\\/egitim\\\/turkce-bilgi-teknolojileri-yonetimi-2\\\/turkce-bt-04-bt-denetim-teknikleri-2-gun\\\/#primaryimage\"},\"thumbnailUrl\":\"https:\\\/\\\/globalallianceregister.com\\\/wp-content\\\/uploads\\\/2015\\\/08\\\/Training-Inner-Page.jpg\",\"datePublished\":\"2015-01-02T15:37:39+00:00\",\"dateModified\":\"2015-12-16T15:36:11+00:00\",\"breadcrumb\":{\"@id\":\"https:\\\/\\\/globalallianceregister.com\\\/tr\\\/services\\\/egitim\\\/turkce-bilgi-teknolojileri-yonetimi-2\\\/turkce-bt-04-bt-denetim-teknikleri-2-gun\\\/#breadcrumb\"},\"inLanguage\":\"tr\",\"potentialAction\":[{\"@type\":\"ReadAction\",\"target\":[[\"https:\\\/\\\/globalallianceregister.com\\\/tr\\\/services\\\/egitim\\\/turkce-bilgi-teknolojileri-yonetimi-2\\\/turkce-bt-04-bt-denetim-teknikleri-2-gun\\\/\"]]}]},{\"@type\":\"ImageObject\",\"inLanguage\":\"tr\",\"@id\":\"https:\\\/\\\/globalallianceregister.com\\\/tr\\\/services\\\/egitim\\\/turkce-bilgi-teknolojileri-yonetimi-2\\\/turkce-bt-04-bt-denetim-teknikleri-2-gun\\\/#primaryimage\",\"url\":\"https:\\\/\\\/globalallianceregister.com\\\/wp-content\\\/uploads\\\/2015\\\/08\\\/Training-Inner-Page.jpg\",\"contentUrl\":\"https:\\\/\\\/globalallianceregister.com\\\/wp-content\\\/uploads\\\/2015\\\/08\\\/Training-Inner-Page.jpg\",\"width\":614,\"height\":200},{\"@type\":\"BreadcrumbList\",\"@id\":\"https:\\\/\\\/globalallianceregister.com\\\/tr\\\/services\\\/egitim\\\/turkce-bilgi-teknolojileri-yonetimi-2\\\/turkce-bt-04-bt-denetim-teknikleri-2-gun\\\/#breadcrumb\",\"itemListElement\":[{\"@type\":\"ListItem\",\"position\":1,\"name\":\"Anasayfa\",\"item\":\"https:\\\/\\\/globalallianceregister.com\\\/tr\\\/\"},{\"@type\":\"ListItem\",\"position\":2,\"name\":\"BT 04 BT Denetim Teknikleri \u2013 2 g\u00fcn\"}]},{\"@type\":\"WebSite\",\"@id\":\"https:\\\/\\\/globalallianceregister.com\\\/tr\\\/#website\",\"url\":\"https:\\\/\\\/globalallianceregister.com\\\/tr\\\/\",\"name\":\"Global Alliance Register\",\"description\":\"(EN) Together for Excellence\",\"potentialAction\":[{\"@type\":\"SearchAction\",\"target\":{\"@type\":\"EntryPoint\",\"urlTemplate\":\"https:\\\/\\\/globalallianceregister.com\\\/tr\\\/?s={search_term_string}\"},\"query-input\":{\"@type\":\"PropertyValueSpecification\",\"valueRequired\":true,\"valueName\":\"search_term_string\"}}],\"inLanguage\":\"tr\"}]}<\/script>\n<!-- \/ Yoast SEO plugin. -->","yoast_head_json":{"title":"BT 04  BT Denetim Teknikleri \u2013 2 g\u00fcn - Global Alliance Register","robots":{"index":"index","follow":"follow","max-snippet":"max-snippet:-1","max-image-preview":"max-image-preview:large","max-video-preview":"max-video-preview:-1"},"canonical":"https:\/\/globalallianceregister.com\/tr\/services\/egitim\/turkce-bilgi-teknolojileri-yonetimi-2\/turkce-bt-04-bt-denetim-teknikleri-2-gun\/","og_locale":"tr_TR","og_type":"article","og_title":"BT 04  BT Denetim Teknikleri \u2013 2 g\u00fcn - Global Alliance Register","og_description":"Kat\u0131l\u0131mc\u0131 Profili Denetim ve Riskten Sorumlu Y\u00f6netim Kurulu \u00dcyeleri ve \u00dcst Y\u00f6netim, Denetim Komitesi, Tefti\u015f Kurulu, \u0130\u00e7 Denetim, Risk Y\u00f6netimi, \u0130\u00e7 Kontrol, Uyum Y\u00f6netimi, S\u00fcre\u00e7 Y\u00f6netimi, Strateji Geli\u015ftirme, Soru\u015fturma ve...","og_url":"https:\/\/globalallianceregister.com\/tr\/services\/egitim\/turkce-bilgi-teknolojileri-yonetimi-2\/turkce-bt-04-bt-denetim-teknikleri-2-gun\/","og_site_name":"Global Alliance Register","article_modified_time":"2015-12-16T15:36:11+00:00","og_image":[{"width":614,"height":200,"url":"https:\/\/globalallianceregister.com\/wp-content\/uploads\/2015\/08\/Training-Inner-Page.jpg","type":"image\/jpeg"}],"twitter_misc":{"Tahmini okuma s\u00fcresi":"1 dakika"},"schema":{"@context":"https:\/\/schema.org","@graph":[{"@type":"WebPage","@id":"https:\/\/globalallianceregister.com\/tr\/services\/egitim\/turkce-bilgi-teknolojileri-yonetimi-2\/turkce-bt-04-bt-denetim-teknikleri-2-gun\/","url":"https:\/\/globalallianceregister.com\/tr\/services\/egitim\/turkce-bilgi-teknolojileri-yonetimi-2\/turkce-bt-04-bt-denetim-teknikleri-2-gun\/","name":"BT 04 BT Denetim Teknikleri \u2013 2 g\u00fcn - Global Alliance Register","isPartOf":{"@id":"https:\/\/globalallianceregister.com\/tr\/#website"},"primaryImageOfPage":{"@id":"https:\/\/globalallianceregister.com\/tr\/services\/egitim\/turkce-bilgi-teknolojileri-yonetimi-2\/turkce-bt-04-bt-denetim-teknikleri-2-gun\/#primaryimage"},"image":{"@id":"https:\/\/globalallianceregister.com\/tr\/services\/egitim\/turkce-bilgi-teknolojileri-yonetimi-2\/turkce-bt-04-bt-denetim-teknikleri-2-gun\/#primaryimage"},"thumbnailUrl":"https:\/\/globalallianceregister.com\/wp-content\/uploads\/2015\/08\/Training-Inner-Page.jpg","datePublished":"2015-01-02T15:37:39+00:00","dateModified":"2015-12-16T15:36:11+00:00","breadcrumb":{"@id":"https:\/\/globalallianceregister.com\/tr\/services\/egitim\/turkce-bilgi-teknolojileri-yonetimi-2\/turkce-bt-04-bt-denetim-teknikleri-2-gun\/#breadcrumb"},"inLanguage":"tr","potentialAction":[{"@type":"ReadAction","target":[["https:\/\/globalallianceregister.com\/tr\/services\/egitim\/turkce-bilgi-teknolojileri-yonetimi-2\/turkce-bt-04-bt-denetim-teknikleri-2-gun\/"]]}]},{"@type":"ImageObject","inLanguage":"tr","@id":"https:\/\/globalallianceregister.com\/tr\/services\/egitim\/turkce-bilgi-teknolojileri-yonetimi-2\/turkce-bt-04-bt-denetim-teknikleri-2-gun\/#primaryimage","url":"https:\/\/globalallianceregister.com\/wp-content\/uploads\/2015\/08\/Training-Inner-Page.jpg","contentUrl":"https:\/\/globalallianceregister.com\/wp-content\/uploads\/2015\/08\/Training-Inner-Page.jpg","width":614,"height":200},{"@type":"BreadcrumbList","@id":"https:\/\/globalallianceregister.com\/tr\/services\/egitim\/turkce-bilgi-teknolojileri-yonetimi-2\/turkce-bt-04-bt-denetim-teknikleri-2-gun\/#breadcrumb","itemListElement":[{"@type":"ListItem","position":1,"name":"Anasayfa","item":"https:\/\/globalallianceregister.com\/tr\/"},{"@type":"ListItem","position":2,"name":"BT 04 BT Denetim Teknikleri \u2013 2 g\u00fcn"}]},{"@type":"WebSite","@id":"https:\/\/globalallianceregister.com\/tr\/#website","url":"https:\/\/globalallianceregister.com\/tr\/","name":"Global Alliance Register","description":"(EN) Together for Excellence","potentialAction":[{"@type":"SearchAction","target":{"@type":"EntryPoint","urlTemplate":"https:\/\/globalallianceregister.com\/tr\/?s={search_term_string}"},"query-input":{"@type":"PropertyValueSpecification","valueRequired":true,"valueName":"search_term_string"}}],"inLanguage":"tr"}]}},"_links":{"self":[{"href":"https:\/\/globalallianceregister.com\/tr\/wp-json\/wp\/v2\/pages\/2343","targetHints":{"allow":["GET"]}}],"collection":[{"href":"https:\/\/globalallianceregister.com\/tr\/wp-json\/wp\/v2\/pages"}],"about":[{"href":"https:\/\/globalallianceregister.com\/tr\/wp-json\/wp\/v2\/types\/page"}],"author":[{"embeddable":true,"href":"https:\/\/globalallianceregister.com\/tr\/wp-json\/wp\/v2\/users\/10"}],"replies":[{"embeddable":true,"href":"https:\/\/globalallianceregister.com\/tr\/wp-json\/wp\/v2\/comments?post=2343"}],"version-history":[{"count":0,"href":"https:\/\/globalallianceregister.com\/tr\/wp-json\/wp\/v2\/pages\/2343\/revisions"}],"up":[{"embeddable":true,"href":"https:\/\/globalallianceregister.com\/tr\/wp-json\/wp\/v2\/pages\/2150"}],"wp:featuredmedia":[{"embeddable":true,"href":"https:\/\/globalallianceregister.com\/tr\/wp-json\/wp\/v2\/media\/5171"}],"wp:attachment":[{"href":"https:\/\/globalallianceregister.com\/tr\/wp-json\/wp\/v2\/media?parent=2343"}],"curies":[{"name":"wp","href":"https:\/\/api.w.org\/{rel}","templated":true}]}}