{"id":2346,"date":"2015-01-02T15:39:21","date_gmt":"2015-01-02T15:39:21","guid":{"rendered":"https:\/\/globalallianceregister.com\/?page_id=2346"},"modified":"2015-12-16T15:37:06","modified_gmt":"2015-12-16T15:37:06","slug":"turkce-bt-05-bilgi-guvenliginde-risk-yonetimi-iso-27005-egitimi-1-gun","status":"publish","type":"page","link":"https:\/\/globalallianceregister.com\/tr\/services\/egitim\/turkce-bilgi-teknolojileri-yonetimi-2\/turkce-bt-05-bilgi-guvenliginde-risk-yonetimi-iso-27005-egitimi-1-gun\/","title":{"rendered":"BT 05    Bilgi G\u00fcvenli\u011finde Risk Y\u00f6netimi \u2013 ISO 27005 E\u011fitimi \u2013 1 g\u00fcn"},"content":{"rendered":"<p>\u00a0 <strong>Kat\u0131l\u0131mc\u0131 Profili<\/strong><\/p>\n<ul>\n<li>\u0130\u015fletme b\u00fcnyesindeki risk y\u00f6neticileri ve risk y\u00f6netim tak\u0131m \u00fcyeleri, IT Risk y\u00f6neticileri ve tak\u0131m \u00fcyeleri, IT y\u00f6neticileri, bilgi g\u00fcvenli\u011fi y\u00f6neticileri ve tak\u0131m \u00fcyeleri, IT y\u00f6neticileri, IT ve risk y\u00f6netiminden sorumlu orta seviye organizasyon y\u00f6neticileri, i\u00e7 kontrol ve denetim ekip \u00fcyeleri, IT uzmanlar\u0131 ve dan\u0131\u015fmanlar.<\/li>\n<\/ul>\n<p>\u00a0 <strong>Hedeflenen Sonu\u00e7<\/strong><\/p>\n<ul>\n<li>Risk y\u00f6netimi e\u011fitimi bilgi teknolojileri alan\u0131nda denetim yapacak ki\u015filer i\u00e7in temel bir e\u011fitimdir. Bilgi teknolojileri ile ilgili olarak tespit edilmi\u015f veya raporlanm\u0131\u015f her t\u00fcrl\u00fc zay\u0131fl\u0131\u011f\u0131n de\u011ferlendirilmesi, gerekli kontrollerin geli\u015ftirilmesi ve kontrol etkinli\u011finin izlenmesi i\u00e7in risk y\u00f6netimi s\u00fcre\u00e7lerinin bilinmesi gereklidir. Kat\u0131l\u0131mc\u0131lar e\u011fitimi tamamlad\u0131klar\u0131nda temel risk kavramlar\u0131n\u0131 ve bilgi g\u00fcvenli\u011fi risk terminolojisini \u00f6\u011frenmi\u015f, ISO27005 standard\u0131na g\u00f6re bilgi g\u00fcvenli\u011fi risk y\u00f6netimi yapabilecek seviyeye ula\u015fm\u0131\u015f, bilgi g\u00fcvenli\u011finde ba\u011flam olu\u015fturma, risk de\u011ferlendirme, risk i\u015fleme, risk kabul\u00fc, risk haberle\u015fmesi, risk izleme ve iyile\u015ftirme y\u00f6ntemlerini tan\u0131m\u0131\u015f, bilgi g\u00fcvenli\u011fi risk y\u00f6netimi s\u00fcrecinin t\u00fcm bile\u015fenleri i\u00e7in girdileri, aksiyonlar\u0131 ve uygulama ip u\u00e7lar\u0131n\u0131 \u00f6\u011frenmi\u015f, i\u015fletmelerinde bilgi g\u00fcvenli\u011fi risk y\u00f6netimi s\u00fcreci kurabilecek, denetleyebilecek, i\u015fletebilecek veya mevcut olan s\u00fcreci iyile\u015ftirebilecek seviyeye geleceklerdir.<\/li>\n<\/ul>\n<p>\u00a0 <strong>E\u011fitim \u0130\u00e7eri\u011fi<\/strong><\/p>\n<ul>\n<li>Temel risk kavram\u0131 ve bilgi g\u00fcvenli\u011fi risk terminolojisi<\/li>\n<\/ul>\n<ul>\n<li>Risk, varl\u0131k, a\u00e7\u0131kl\u0131k, tehdit, kontrol<\/li>\n<\/ul>\n<ul>\n<li>Bilgi g\u00fcvenli\u011fi risk y\u00f6netimi s\u00fcrecinin \u00f6zeti ve ana bile\u015fenlerinin tan\u0131t\u0131m\u0131<\/li>\n<\/ul>\n<ul>\n<li>Ba\u011flam (context) olu\u015fturma, Risk de\u011ferlendirme, Risk i\u015fleme, Risk kabul\u00fc, Risk haberle\u015fmesi, Risk izleme ve iyile\u015ftirme<\/li>\n<\/ul>\n<ul>\n<li>Ba\u011flam olu\u015fturma<\/li>\n<\/ul>\n<ul>\n<li>S\u00fcrecin girdileri, aksiyonlar\u0131 ve uygulama ipu\u00e7lar\u0131<\/li>\n<\/ul>\n<ul>\n<li>Temel Kriterlerin olu\u015fturulmas\u0131<\/li>\n<\/ul>\n<ul>\n<li>Kapsam ve s\u0131n\u0131rlamalar<\/li>\n<\/ul>\n<ul>\n<li>Bilgi g\u00fcvenli\u011fi risk y\u00f6netimi organizasyonunun olu\u015fturulmas\u0131<\/li>\n<\/ul>\n<ul>\n<li>Bilgi g\u00fcvenli\u011fi risk de\u011ferlendirmesi (risk assessment)<\/li>\n<\/ul>\n<ul>\n<li>Genel tan\u0131mlar, s\u00fcrecin girdileri, aksiyonlar\u0131 ve uygulama ipu\u00e7lar\u0131<\/li>\n<\/ul>\n<ul>\n<li>Risk analizi<\/li>\n<\/ul>\n<ul>\n<li>Risk tan\u0131mlama metodolojisi<\/li>\n<\/ul>\n<ul>\n<li>Risk tahmini<\/li>\n<\/ul>\n<ul>\n<li>Risk de\u011ferlemesi (Risk evaluation)<\/li>\n<\/ul>\n<ul>\n<li>S\u00fcrecin girdileri, aksiyonlar\u0131 ve uygulama ipu\u00e7lar\u0131<\/li>\n<\/ul>\n<ul>\n<li>Bilgi g\u00fcvenli\u011fi risk i\u015fleme\n<ul>\n<li>Risk i\u015fleme tan\u0131mlar\u0131, s\u00fcrecin girdileri, aksiyonlar\u0131 ve uygulama ipu\u00e7lar\u0131<\/li>\n<li>Risk azaltma<\/li>\n<li>Risk transferi<\/li>\n<li>Riskten ka\u00e7\u0131nma<\/li>\n<\/ul>\n<\/li>\n<\/ul>\n<ul>\n<li>Bilgi g\u00fcvenli\u011fi risk kabul\u00fc<\/li>\n<\/ul>\n<ul>\n<li>Bilgi g\u00fcvenli\u011fi risk haberle\u015fmesi<\/li>\n<\/ul>\n<ul>\n<li>Bilgi g\u00fcvenli\u011fi risk izleme ve g\u00f6zden ge\u00e7irme\n<ul>\n<li>Risk fakt\u00f6rlerinin izlenmesi ve g\u00f6zden ge\u00e7irilmesi<\/li>\n<li>Risk y\u00f6netiminin g\u00f6zden ge\u00e7irilmesi ve iyile\u015ftirilmesi<\/li>\n<\/ul>\n<\/li>\n<\/ul>\n<ul>\n<li>Denenmi\u015f, uygulanan bilgi g\u00fcvenli\u011fi risk y\u00f6netimi metodoloji \u00f6rnekleri<\/li>\n<\/ul>\n<p>\u00a0 <strong>Sertifika<\/strong><\/p>\n<ul>\n<li>E\u011fitimi tamamlayan t\u00fcm kat\u0131l\u0131mc\u0131lara GLOBAL ALLIANCE ACADEMY taraf\u0131ndan \u201cBilgi G\u00fcvenli\u011finde Risk Y\u00f6netimi \u2013 ISO 27005 E\u011fitimi Kat\u0131l\u0131m Sertifikas\u0131\u201d verilecektir.<\/li>\n<\/ul>","protected":false},"excerpt":{"rendered":"<p>\u00a0 Kat\u0131l\u0131mc\u0131 Profili \u0130\u015fletme b\u00fcnyesindeki risk y\u00f6neticileri ve risk y\u00f6netim tak\u0131m \u00fcyeleri, IT Risk y\u00f6neticileri ve tak\u0131m \u00fcyeleri, IT y\u00f6neticileri, bilgi g\u00fcvenli\u011fi y\u00f6neticileri ve tak\u0131m \u00fcyeleri, IT y\u00f6neticileri, IT ve&#8230; <\/p>\n","protected":false},"author":10,"featured_media":5171,"parent":2150,"menu_order":5,"comment_status":"closed","ping_status":"closed","template":"page-full.php","meta":{"_acf_changed":false,"om_disable_all_campaigns":false,"footnotes":""},"class_list":["post-2346","page","type-page","status-publish","has-post-thumbnail","hentry"],"acf":[],"yoast_head":"<!-- This site is optimized with the Yoast SEO plugin v27.4 - https:\/\/yoast.com\/product\/yoast-seo-wordpress\/ -->\n<title>BT 05  Bilgi G\u00fcvenli\u011finde Risk Y\u00f6netimi \u2013 ISO 27005 E\u011fitimi \u2013 1 g\u00fcn - Global Alliance Register<\/title>\n<meta name=\"robots\" content=\"index, follow, max-snippet:-1, max-image-preview:large, max-video-preview:-1\" \/>\n<link rel=\"canonical\" href=\"https:\/\/globalallianceregister.com\/tr\/services\/egitim\/turkce-bilgi-teknolojileri-yonetimi-2\/turkce-bt-05-bilgi-guvenliginde-risk-yonetimi-iso-27005-egitimi-1-gun\/\" \/>\n<meta property=\"og:locale\" content=\"tr_TR\" \/>\n<meta property=\"og:type\" content=\"article\" \/>\n<meta property=\"og:title\" content=\"BT 05  Bilgi G\u00fcvenli\u011finde Risk Y\u00f6netimi \u2013 ISO 27005 E\u011fitimi \u2013 1 g\u00fcn - Global Alliance Register\" \/>\n<meta property=\"og:description\" content=\"\u00a0 Kat\u0131l\u0131mc\u0131 Profili \u0130\u015fletme b\u00fcnyesindeki risk y\u00f6neticileri ve risk y\u00f6netim tak\u0131m \u00fcyeleri, IT Risk y\u00f6neticileri ve tak\u0131m \u00fcyeleri, IT y\u00f6neticileri, bilgi g\u00fcvenli\u011fi y\u00f6neticileri ve tak\u0131m \u00fcyeleri, IT y\u00f6neticileri, IT ve...\" \/>\n<meta property=\"og:url\" content=\"https:\/\/globalallianceregister.com\/tr\/services\/egitim\/turkce-bilgi-teknolojileri-yonetimi-2\/turkce-bt-05-bilgi-guvenliginde-risk-yonetimi-iso-27005-egitimi-1-gun\/\" \/>\n<meta property=\"og:site_name\" content=\"Global Alliance Register\" \/>\n<meta property=\"article:modified_time\" content=\"2015-12-16T15:37:06+00:00\" \/>\n<meta property=\"og:image\" content=\"https:\/\/globalallianceregister.com\/wp-content\/uploads\/2015\/08\/Training-Inner-Page.jpg\" \/>\n\t<meta property=\"og:image:width\" content=\"614\" \/>\n\t<meta property=\"og:image:height\" content=\"200\" \/>\n\t<meta property=\"og:image:type\" content=\"image\/jpeg\" \/>\n<meta name=\"twitter:label1\" content=\"Tahmini okuma s\u00fcresi\" \/>\n\t<meta name=\"twitter:data1\" content=\"2 dakika\" \/>\n<script type=\"application\/ld+json\" class=\"yoast-schema-graph\">{\"@context\":\"https:\\\/\\\/schema.org\",\"@graph\":[{\"@type\":\"WebPage\",\"@id\":\"https:\\\/\\\/globalallianceregister.com\\\/tr\\\/services\\\/egitim\\\/turkce-bilgi-teknolojileri-yonetimi-2\\\/turkce-bt-05-bilgi-guvenliginde-risk-yonetimi-iso-27005-egitimi-1-gun\\\/\",\"url\":\"https:\\\/\\\/globalallianceregister.com\\\/tr\\\/services\\\/egitim\\\/turkce-bilgi-teknolojileri-yonetimi-2\\\/turkce-bt-05-bilgi-guvenliginde-risk-yonetimi-iso-27005-egitimi-1-gun\\\/\",\"name\":\"BT 05 Bilgi G\u00fcvenli\u011finde Risk Y\u00f6netimi \u2013 ISO 27005 E\u011fitimi \u2013 1 g\u00fcn - Global Alliance Register\",\"isPartOf\":{\"@id\":\"https:\\\/\\\/globalallianceregister.com\\\/tr\\\/#website\"},\"primaryImageOfPage\":{\"@id\":\"https:\\\/\\\/globalallianceregister.com\\\/tr\\\/services\\\/egitim\\\/turkce-bilgi-teknolojileri-yonetimi-2\\\/turkce-bt-05-bilgi-guvenliginde-risk-yonetimi-iso-27005-egitimi-1-gun\\\/#primaryimage\"},\"image\":{\"@id\":\"https:\\\/\\\/globalallianceregister.com\\\/tr\\\/services\\\/egitim\\\/turkce-bilgi-teknolojileri-yonetimi-2\\\/turkce-bt-05-bilgi-guvenliginde-risk-yonetimi-iso-27005-egitimi-1-gun\\\/#primaryimage\"},\"thumbnailUrl\":\"https:\\\/\\\/globalallianceregister.com\\\/wp-content\\\/uploads\\\/2015\\\/08\\\/Training-Inner-Page.jpg\",\"datePublished\":\"2015-01-02T15:39:21+00:00\",\"dateModified\":\"2015-12-16T15:37:06+00:00\",\"breadcrumb\":{\"@id\":\"https:\\\/\\\/globalallianceregister.com\\\/tr\\\/services\\\/egitim\\\/turkce-bilgi-teknolojileri-yonetimi-2\\\/turkce-bt-05-bilgi-guvenliginde-risk-yonetimi-iso-27005-egitimi-1-gun\\\/#breadcrumb\"},\"inLanguage\":\"tr\",\"potentialAction\":[{\"@type\":\"ReadAction\",\"target\":[[\"https:\\\/\\\/globalallianceregister.com\\\/tr\\\/services\\\/egitim\\\/turkce-bilgi-teknolojileri-yonetimi-2\\\/turkce-bt-05-bilgi-guvenliginde-risk-yonetimi-iso-27005-egitimi-1-gun\\\/\"]]}]},{\"@type\":\"ImageObject\",\"inLanguage\":\"tr\",\"@id\":\"https:\\\/\\\/globalallianceregister.com\\\/tr\\\/services\\\/egitim\\\/turkce-bilgi-teknolojileri-yonetimi-2\\\/turkce-bt-05-bilgi-guvenliginde-risk-yonetimi-iso-27005-egitimi-1-gun\\\/#primaryimage\",\"url\":\"https:\\\/\\\/globalallianceregister.com\\\/wp-content\\\/uploads\\\/2015\\\/08\\\/Training-Inner-Page.jpg\",\"contentUrl\":\"https:\\\/\\\/globalallianceregister.com\\\/wp-content\\\/uploads\\\/2015\\\/08\\\/Training-Inner-Page.jpg\",\"width\":614,\"height\":200},{\"@type\":\"BreadcrumbList\",\"@id\":\"https:\\\/\\\/globalallianceregister.com\\\/tr\\\/services\\\/egitim\\\/turkce-bilgi-teknolojileri-yonetimi-2\\\/turkce-bt-05-bilgi-guvenliginde-risk-yonetimi-iso-27005-egitimi-1-gun\\\/#breadcrumb\",\"itemListElement\":[{\"@type\":\"ListItem\",\"position\":1,\"name\":\"Anasayfa\",\"item\":\"https:\\\/\\\/globalallianceregister.com\\\/tr\\\/\"},{\"@type\":\"ListItem\",\"position\":2,\"name\":\"BT 05 Bilgi G\u00fcvenli\u011finde Risk Y\u00f6netimi \u2013 ISO 27005 E\u011fitimi \u2013 1 g\u00fcn\"}]},{\"@type\":\"WebSite\",\"@id\":\"https:\\\/\\\/globalallianceregister.com\\\/tr\\\/#website\",\"url\":\"https:\\\/\\\/globalallianceregister.com\\\/tr\\\/\",\"name\":\"Global Alliance Register\",\"description\":\"(EN) Together for Excellence\",\"potentialAction\":[{\"@type\":\"SearchAction\",\"target\":{\"@type\":\"EntryPoint\",\"urlTemplate\":\"https:\\\/\\\/globalallianceregister.com\\\/tr\\\/?s={search_term_string}\"},\"query-input\":{\"@type\":\"PropertyValueSpecification\",\"valueRequired\":true,\"valueName\":\"search_term_string\"}}],\"inLanguage\":\"tr\"}]}<\/script>\n<!-- \/ Yoast SEO plugin. -->","yoast_head_json":{"title":"BT 05  Bilgi G\u00fcvenli\u011finde Risk Y\u00f6netimi \u2013 ISO 27005 E\u011fitimi \u2013 1 g\u00fcn - Global Alliance Register","robots":{"index":"index","follow":"follow","max-snippet":"max-snippet:-1","max-image-preview":"max-image-preview:large","max-video-preview":"max-video-preview:-1"},"canonical":"https:\/\/globalallianceregister.com\/tr\/services\/egitim\/turkce-bilgi-teknolojileri-yonetimi-2\/turkce-bt-05-bilgi-guvenliginde-risk-yonetimi-iso-27005-egitimi-1-gun\/","og_locale":"tr_TR","og_type":"article","og_title":"BT 05  Bilgi G\u00fcvenli\u011finde Risk Y\u00f6netimi \u2013 ISO 27005 E\u011fitimi \u2013 1 g\u00fcn - Global Alliance Register","og_description":"\u00a0 Kat\u0131l\u0131mc\u0131 Profili \u0130\u015fletme b\u00fcnyesindeki risk y\u00f6neticileri ve risk y\u00f6netim tak\u0131m \u00fcyeleri, IT Risk y\u00f6neticileri ve tak\u0131m \u00fcyeleri, IT y\u00f6neticileri, bilgi g\u00fcvenli\u011fi y\u00f6neticileri ve tak\u0131m \u00fcyeleri, IT y\u00f6neticileri, IT ve...","og_url":"https:\/\/globalallianceregister.com\/tr\/services\/egitim\/turkce-bilgi-teknolojileri-yonetimi-2\/turkce-bt-05-bilgi-guvenliginde-risk-yonetimi-iso-27005-egitimi-1-gun\/","og_site_name":"Global Alliance Register","article_modified_time":"2015-12-16T15:37:06+00:00","og_image":[{"width":614,"height":200,"url":"https:\/\/globalallianceregister.com\/wp-content\/uploads\/2015\/08\/Training-Inner-Page.jpg","type":"image\/jpeg"}],"twitter_misc":{"Tahmini okuma s\u00fcresi":"2 dakika"},"schema":{"@context":"https:\/\/schema.org","@graph":[{"@type":"WebPage","@id":"https:\/\/globalallianceregister.com\/tr\/services\/egitim\/turkce-bilgi-teknolojileri-yonetimi-2\/turkce-bt-05-bilgi-guvenliginde-risk-yonetimi-iso-27005-egitimi-1-gun\/","url":"https:\/\/globalallianceregister.com\/tr\/services\/egitim\/turkce-bilgi-teknolojileri-yonetimi-2\/turkce-bt-05-bilgi-guvenliginde-risk-yonetimi-iso-27005-egitimi-1-gun\/","name":"BT 05 Bilgi G\u00fcvenli\u011finde Risk Y\u00f6netimi \u2013 ISO 27005 E\u011fitimi \u2013 1 g\u00fcn - Global Alliance Register","isPartOf":{"@id":"https:\/\/globalallianceregister.com\/tr\/#website"},"primaryImageOfPage":{"@id":"https:\/\/globalallianceregister.com\/tr\/services\/egitim\/turkce-bilgi-teknolojileri-yonetimi-2\/turkce-bt-05-bilgi-guvenliginde-risk-yonetimi-iso-27005-egitimi-1-gun\/#primaryimage"},"image":{"@id":"https:\/\/globalallianceregister.com\/tr\/services\/egitim\/turkce-bilgi-teknolojileri-yonetimi-2\/turkce-bt-05-bilgi-guvenliginde-risk-yonetimi-iso-27005-egitimi-1-gun\/#primaryimage"},"thumbnailUrl":"https:\/\/globalallianceregister.com\/wp-content\/uploads\/2015\/08\/Training-Inner-Page.jpg","datePublished":"2015-01-02T15:39:21+00:00","dateModified":"2015-12-16T15:37:06+00:00","breadcrumb":{"@id":"https:\/\/globalallianceregister.com\/tr\/services\/egitim\/turkce-bilgi-teknolojileri-yonetimi-2\/turkce-bt-05-bilgi-guvenliginde-risk-yonetimi-iso-27005-egitimi-1-gun\/#breadcrumb"},"inLanguage":"tr","potentialAction":[{"@type":"ReadAction","target":[["https:\/\/globalallianceregister.com\/tr\/services\/egitim\/turkce-bilgi-teknolojileri-yonetimi-2\/turkce-bt-05-bilgi-guvenliginde-risk-yonetimi-iso-27005-egitimi-1-gun\/"]]}]},{"@type":"ImageObject","inLanguage":"tr","@id":"https:\/\/globalallianceregister.com\/tr\/services\/egitim\/turkce-bilgi-teknolojileri-yonetimi-2\/turkce-bt-05-bilgi-guvenliginde-risk-yonetimi-iso-27005-egitimi-1-gun\/#primaryimage","url":"https:\/\/globalallianceregister.com\/wp-content\/uploads\/2015\/08\/Training-Inner-Page.jpg","contentUrl":"https:\/\/globalallianceregister.com\/wp-content\/uploads\/2015\/08\/Training-Inner-Page.jpg","width":614,"height":200},{"@type":"BreadcrumbList","@id":"https:\/\/globalallianceregister.com\/tr\/services\/egitim\/turkce-bilgi-teknolojileri-yonetimi-2\/turkce-bt-05-bilgi-guvenliginde-risk-yonetimi-iso-27005-egitimi-1-gun\/#breadcrumb","itemListElement":[{"@type":"ListItem","position":1,"name":"Anasayfa","item":"https:\/\/globalallianceregister.com\/tr\/"},{"@type":"ListItem","position":2,"name":"BT 05 Bilgi G\u00fcvenli\u011finde Risk Y\u00f6netimi \u2013 ISO 27005 E\u011fitimi \u2013 1 g\u00fcn"}]},{"@type":"WebSite","@id":"https:\/\/globalallianceregister.com\/tr\/#website","url":"https:\/\/globalallianceregister.com\/tr\/","name":"Global Alliance Register","description":"(EN) Together for Excellence","potentialAction":[{"@type":"SearchAction","target":{"@type":"EntryPoint","urlTemplate":"https:\/\/globalallianceregister.com\/tr\/?s={search_term_string}"},"query-input":{"@type":"PropertyValueSpecification","valueRequired":true,"valueName":"search_term_string"}}],"inLanguage":"tr"}]}},"_links":{"self":[{"href":"https:\/\/globalallianceregister.com\/tr\/wp-json\/wp\/v2\/pages\/2346","targetHints":{"allow":["GET"]}}],"collection":[{"href":"https:\/\/globalallianceregister.com\/tr\/wp-json\/wp\/v2\/pages"}],"about":[{"href":"https:\/\/globalallianceregister.com\/tr\/wp-json\/wp\/v2\/types\/page"}],"author":[{"embeddable":true,"href":"https:\/\/globalallianceregister.com\/tr\/wp-json\/wp\/v2\/users\/10"}],"replies":[{"embeddable":true,"href":"https:\/\/globalallianceregister.com\/tr\/wp-json\/wp\/v2\/comments?post=2346"}],"version-history":[{"count":0,"href":"https:\/\/globalallianceregister.com\/tr\/wp-json\/wp\/v2\/pages\/2346\/revisions"}],"up":[{"embeddable":true,"href":"https:\/\/globalallianceregister.com\/tr\/wp-json\/wp\/v2\/pages\/2150"}],"wp:featuredmedia":[{"embeddable":true,"href":"https:\/\/globalallianceregister.com\/tr\/wp-json\/wp\/v2\/media\/5171"}],"wp:attachment":[{"href":"https:\/\/globalallianceregister.com\/tr\/wp-json\/wp\/v2\/media?parent=2346"}],"curies":[{"name":"wp","href":"https:\/\/api.w.org\/{rel}","templated":true}]}}