{"id":235,"date":"2010-12-29T13:42:17","date_gmt":"2010-12-29T13:42:17","guid":{"rendered":"https:\/\/globalallianceregister.com\/?page_id=235"},"modified":"2016-02-12T15:13:35","modified_gmt":"2016-02-12T15:13:35","slug":"ce-marking","status":"publish","type":"page","link":"https:\/\/globalallianceregister.com\/tr\/services\/consultancy\/ce-marking\/","title":{"rendered":"CE Markalama &#8211; Teknik Dan\u0131\u015fmanl\u0131k"},"content":{"rendered":"<p><strong>Global Alliance Register CE Markalama ve uyumla\u015ft\u0131rm\u0131\u015f AB Direktifleri kapsam\u0131nda gerekliliklerin imalat\u00e7\u0131lar taraf\u0131ndan yerine getirilmesi, teknik dosyalar\u0131n olu\u015fturulmas\u0131 ve Onayl\u0131 Kurulu\u015f (Notified Body) taraf\u0131ndan belgelendirmenin yap\u0131lmas\u0131 (sertifikasyon) s\u00fcre\u00e7lerinde yerel ve uluslararas\u0131 m\u00fc\u015fterilerine T\u00fcrkiye\u2019de ve d\u00fcnyan\u0131n di\u011fer t\u00fcm lokasyonlar\u0131nda geni\u015f ofis a\u011f\u0131 ve deneyimli teknik dan\u0131\u015fmanlar\u0131 ile destek oluyor\u2026.<\/strong><\/p>\n<p>Global Alliance Register bu kapsamda sundu\u011fu teknik dan\u0131\u015fmanl\u0131k hizmetleri ile imalat\u00e7\u0131 m\u00fc\u015fterileri taraf\u0131ndan \u00fcretilmekte olan \u00fcr\u00fcnlerin hangi AB Direktifleri &amp; AB Normlar\u0131na tabi oldu\u011funu tespit ediyor, risk de\u011ferlendirmesi, ve tehlike analizi\/ s\u0131n\u0131fland\u0131rmas\u0131n\u0131 yap\u0131yor, gerekli test ve anali hizmetlerini yetkili laboratuvarlar\u0131 arac\u0131l\u0131\u011f\u0131yla sa\u011flayarak teknik dosyan\u0131n Yetkili Kurulu\u015fa (Notified Body) sunulmak \u00fczere haz\u0131rlanmas\u0131na destek oluyor.<\/p>\n<p>CE Markalama Dan\u0131\u015fmanl\u0131k Hizmetleri AB Direktifleri ve AB Emniyet Mevzuat\u0131 gerekliliklerine gore zorunlu CE Markalama yap\u0131lmas\u0131 gerekli t\u00fcm cihaz, \u00fcr\u00fcn, makina, tesis, proses ve sistemler i\u00e7in imalat\u00e7\u0131lara, distrib\u00fct\u00f6rlere ve ithalat\u00e7\u0131lara katk\u0131 sa\u011flamaktad\u0131r.<\/p>\n<p><strong>Global Alliance Register sahip oldu\u011fu uzman dan\u0131\u015fman kadrosu ve geni\u015f end\u00fcstriyel tecr\u00fcbe \u00a0ile a\u015fa\u011f\u0131da belirtili olan AB Direktifleri kapsam\u0131nda teknik dan\u0131\u015fmanl\u0131k hizmeti sunmaktad\u0131r:<\/strong><\/p>\n<ul>\n<li>89\/106\/AT Yap\u0131 Malzemeleri Y\u00f6netmeli\u011fi<\/li>\n<li>89\/686\/AT Ki\u015fisel Koruyucu Ekipmanlar Y\u00f6netmeli\u011fi<\/li>\n<li>90\/385\/AT V\u00fccuda Yerle\u015ftirilebilir Aktif T\u0131bbi Cihazlar Y\u00f6netmeli\u011fi<\/li>\n<li>92\/42\/AT S\u0131cak Su Kazanlar\u0131 Y\u00f6netmeli\u011fi<\/li>\n<li>93\/15\/AT Sivil Kullan\u0131m Ama\u00e7l\u0131 Patlay\u0131c\u0131 Maddelerin Belgelendirilmesi Piyasaya Arz\u0131 ve Denetlenmesi Hakk\u0131nda Y\u00f6netmelik<\/li>\n<li>93\/42\/AT T\u0131bbi Cihaz Y\u00f6netmeli\u011fi<\/li>\n<li>94\/9\/AT Muhtemel Patlay\u0131c\u0131 Ortamda Kullan\u0131lan Te\u00e7hizat ve Koruyucu Sistemlerle \u0130lgili Y\u00f6netmelik<\/li>\n<li>94\/25\/AT (94\/25\/AT) Gezi Tekneleri Y\u00f6netmeli\u011fi<\/li>\n<li>95\/16\/AT Asans\u00f6r Y\u00f6netmeli\u011fi<\/li>\n<li>96\/98\/AT Gemi Te\u00e7hizat\u0131 Y\u00f6netmeli\u011fi<\/li>\n<li>97\/23\/AT Bas\u0131n\u00e7l\u0131 Kaplar Y\u00f6netmeli\u011fi<\/li>\n<li>98\/79\/AT V\u00fccut D\u0131\u015f\u0131nda Kullan\u0131lan T\u0131bbi Tan\u0131 Cihazlar\u0131 Y\u00f6netmeli\u011fi<\/li>\n<li>99\/5\/AT Telsiz ve Telekom\u00fcnikasyon Terminal Ekipmanlar\u0131 Y\u00f6netmeli\u011fi<\/li>\n<li>2000\/9\/AT Teleferik Y\u00f6netmeli\u011fi<\/li>\n<li>2000\/14\/AT A\u00e7\u0131k Alanda Kullan\u0131lan Te\u00e7hizat Taraf\u0131ndan Olu\u015fturulan \u00c7evredeki G\u00fcr\u00fclt\u00fc Emisyonu \u0130le \u0130lgili Y\u00f6netmelik<\/li>\n<li>2004\/22\/AT \u00d6l\u00e7\u00fc Aletleri Y\u00f6netmeli\u011fi<\/li>\n<li>2004\/108\/AT Elektromanyetik Uyumluluk Y\u00f6netmeli\u011fi<\/li>\n<li>2006\/42\/AT Makina Emniyeti Y\u00f6netmeli\u011fi<\/li>\n<li>2006\/95\/AT (ex-73\/23\/EEC) Al\u00e7ak. Gerilim Y\u00f6netmeli\u011fi<\/li>\n<li>2008\/57\/AT Demiryolu Sistemlerinin Avrupa Birli\u011fi \u0130\u00e7inde Kar\u015f\u0131l\u0131kl\u0131 (Ortak) \u0130\u015fletilebilirli\u011fi Y\u00f6netmeli\u011fi<\/li>\n<li>2009\/23\/AT (ex-90\/384\/EEC) Otomatik Olmayana Tart\u0131 Aletleri Y\u00f6netmeli\u011fi<\/li>\n<li>2009\/48\/AT Oyuncak G\u00fcvenli\u011fi Y\u00f6netmeli\u011fi<\/li>\n<li>2009\/105\/AT (ex-87\/404\/EEC) Basit Bas\u0131n\u00e7l\u0131 Kaplar Y\u00f6netmeli\u011fi<\/li>\n<li>2009\/142\/AT (ex-90\/396\/EEC) Gaz Yakan Cihazlar Y\u00f6netmeli\u011fi<\/li>\n<li>2010\/35\/AT Ta\u015f\u0131nabilir Bas\u0131n\u00e7l\u0131 Kaplar Y\u00f6netmeli\u011fi<\/li>\n<\/ul>\n<p><strong>CE Markalama Teknik Dan\u0131\u015fmanl\u0131k Hizmetleri <\/strong>kapsam\u0131nda t\u00fcm sorular\u0131n\u0131z ve talepleriniz i\u00e7in l\u00fctfen taraf\u0131m\u0131zla temas kurunuz\u2026 \u2026<\/p>\n<h1>\u00a0<\/h1>\n<h1>\u0130lgili Sekt\u00f6rler<\/h1>\n<table>\n<tbody>\n<tr>\n<td style=\"width: 350px; border-color: #ffffff; height: 30px; text-align: left; vertical-align: middle; background-color: #f7f7f7;\" width=\"250\">\n<ul style=\"list-style-type: square;\">\n<li><a title=\"Denizcilik Sekt\u00f6r\u00fc\" href=\"https:\/\/globalallianceregister.com\/?page_id=9&amp;lang=tr\" target=\"_blank\">DEN\u0130ZC\u0130L\u0130K<\/a><\/li>\n<\/ul>\n<\/td>\n<td style=\"width: 350px; border-color: #ffffff; height: 30px; text-align: left; vertical-align: middle; background-color: #f7f7f7;\" width=\"250\">\n<ul style=\"list-style-type: square;\">\n<li><a title=\"\u0130n\u015faat Sekt\u00f6r\u00fc\" href=\"https:\/\/globalallianceregister.com\/?page_id=11&amp;lang=tr\" target=\"_blank\">\u0130N\u015eAAT<\/a><\/li>\n<\/ul>\n<\/td>\n<td style=\"width: 350px; border-color: #ffffff; height: 30px; text-align: left; vertical-align: middle; background-color: #f7f7f7;\" width=\"251\">\n<ul style=\"list-style-type: square;\">\n<li><a title=\"Petrol &amp; Gaz Sekt\u00f6r\u00fc\" href=\"https:\/\/globalallianceregister.com\/?page_id=13&amp;lang=tr\" target=\"_blank\">PETROL &amp; GAZ<\/a><\/li>\n<\/ul>\n<\/td>\n<\/tr>\n<tr>\n<td style=\"width: 350px; border-color: #ffffff; height: 30px; text-align: left; vertical-align: middle; background-color: #f7f7f7;\" width=\"250\">\n<ul style=\"list-style-type: square;\">\n<li><a title=\"Enerji &amp; Tesisler\" href=\"https:\/\/globalallianceregister.com\/?page_id=15&amp;lang=tr\" target=\"_blank\">ENERJ\u0130 &amp; TES\u0130SLER<\/a><\/li>\n<\/ul>\n<\/td>\n<td style=\"width: 350px; border-color: #ffffff; height: 30px; text-align: left; vertical-align: middle; background-color: #f7f7f7;\" width=\"250\">\n<ul style=\"list-style-type: square;\">\n<li><a title=\"\u0130malat Sekt\u00f6r\u00fc\" href=\"https:\/\/globalallianceregister.com\/?page_id=20&amp;lang=tr\" target=\"_blank\">\u0130MALAT<\/a><\/li>\n<\/ul>\n<\/td>\n<td style=\"width: 350px; border-color: #ffffff; height: 30px; text-align: left; vertical-align: middle; background-color: #f7f7f7;\" width=\"251\">\n<ul style=\"list-style-type: square;\">\n<li><a title=\"Ula\u015ft\u0131rma &amp; Lojistik Sekt\u00f6r\u00fc\" href=\"https:\/\/globalallianceregister.com\/?page_id=22&amp;lang=tr\" target=\"_blank\">ULA\u015eTIRMA &amp; LOJ\u0130ST\u0130K<\/a><\/li>\n<\/ul>\n<\/td>\n<\/tr>\n<tr>\n<td style=\"width: 350px; border-color: #ffffff; height: 30px; text-align: left; vertical-align: middle; background-color: #f7f7f7;\" width=\"250\">\n<ul style=\"list-style-type: square;\">\n<li><a title=\"Uzay &amp; Havac\u0131l\u0131k Sekt\u00f6r\u00fc\" href=\"https:\/\/globalallianceregister.com\/?page_id=24&amp;lang=tr\" target=\"_blank\">UZAY &amp; HAVACILIK<\/a><\/li>\n<\/ul>\n<\/td>\n<td style=\"width: 350px; border-color: #ffffff; height: 30px; text-align: left; vertical-align: middle; background-color: #f7f7f7;\" width=\"250\">\n<ul style=\"list-style-type: square;\">\n<li><a title=\"Tar\u0131m &amp; G\u0131da Sekt\u00f6r\u00fc\" href=\"https:\/\/globalallianceregister.com\/?page_id=27&amp;lang=tr\" target=\"_blank\">TARIM &amp; GIDA<\/a><\/li>\n<\/ul>\n<\/td>\n<td style=\"width: 350px; border-color: #ffffff; height: 30px; text-align: left; vertical-align: middle; background-color: #f7f7f7;\" width=\"251\">\n<ul style=\"list-style-type: square;\">\n<li><a title=\"Turizm &amp; Otelcilik Sekt\u00f6r\u00fc\" href=\"https:\/\/globalallianceregister.com\/?page_id=29&amp;lang=tr\" target=\"_blank\">TUR\u0130ZM &amp; OTELC\u0130L\u0130K<\/a><\/li>\n<\/ul>\n<\/td>\n<\/tr>\n<tr>\n<td style=\"width: 350px; border-color: #ffffff; height: 30px; text-align: left; vertical-align: middle; background-color: #f7f7f7;\" width=\"250\">\n<ul>\n<li><a title=\"Bilgi Teknolojileri Sekt\u00f6r\u00fc\" href=\"https:\/\/globalallianceregister.com\/?page_id=52&amp;lang=tr\" target=\"_blank\">B\u0130LG\u0130 TEKNOLOJ\u0130LER\u0130<\/a><\/li>\n<\/ul>\n<\/td>\n<td style=\"width: 350px; border-color: #ffffff; height: 30px; text-align: left; vertical-align: middle; background-color: #f7f7f7;\" width=\"250\">\n<ul>\n<li><a title=\"Telekom\u00fcnikasyon Sekt\u00f6r\u00fc\" href=\"https:\/\/globalallianceregister.com\/?page_id=54&amp;lang=tr\" target=\"_blank\">TELEKOM\u00dcN\u0130KASYON<\/a><\/li>\n<\/ul>\n<\/td>\n<td style=\"width: 350px; border-color: #ffffff; height: 30px; text-align: left; vertical-align: middle; background-color: #f7f7f7;\" width=\"251\">\n<ul>\n<li><a title=\"Sa\u011fl\u0131k &amp; T\u0131p Sekt\u00f6r\u00fc\" href=\"https:\/\/globalallianceregister.com\/?page_id=56&amp;lang=tr\" target=\"_blank\">SA\u011eLIK &amp; TIP<\/a><\/li>\n<\/ul>\n<\/td>\n<\/tr>\n<\/tbody>\n<\/table>","protected":false},"excerpt":{"rendered":"<p>Global Alliance Register CE Markalama ve uyumla\u015ft\u0131rm\u0131\u015f AB Direktifleri kapsam\u0131nda gerekliliklerin imalat\u00e7\u0131lar taraf\u0131ndan yerine getirilmesi, teknik dosyalar\u0131n olu\u015fturulmas\u0131 ve Onayl\u0131 Kurulu\u015f (Notified Body) taraf\u0131ndan belgelendirmenin yap\u0131lmas\u0131 (sertifikasyon) s\u00fcre\u00e7lerinde yerel ve&#8230; <\/p>\n","protected":false},"author":10,"featured_media":0,"parent":73,"menu_order":5,"comment_status":"closed","ping_status":"closed","template":"page-full.php","meta":{"_acf_changed":false,"om_disable_all_campaigns":false,"footnotes":""},"class_list":["post-235","page","type-page","status-publish","hentry"],"acf":[],"yoast_head":"<!-- This site is optimized with the Yoast SEO plugin v27.4 - https:\/\/yoast.com\/product\/yoast-seo-wordpress\/ -->\n<title>CE Markalama - Teknik Dan\u0131\u015fmanl\u0131k  - Global Alliance Register<\/title>\n<meta name=\"robots\" content=\"index, follow, max-snippet:-1, max-image-preview:large, max-video-preview:-1\" \/>\n<link rel=\"canonical\" href=\"https:\/\/globalallianceregister.com\/tr\/services\/consultancy\/ce-marking\/\" \/>\n<meta property=\"og:locale\" content=\"tr_TR\" \/>\n<meta property=\"og:type\" content=\"article\" \/>\n<meta property=\"og:title\" content=\"CE Markalama - Teknik Dan\u0131\u015fmanl\u0131k  - Global Alliance Register\" \/>\n<meta property=\"og:description\" content=\"Global Alliance Register CE Markalama ve uyumla\u015ft\u0131rm\u0131\u015f AB Direktifleri kapsam\u0131nda gerekliliklerin imalat\u00e7\u0131lar taraf\u0131ndan yerine getirilmesi, teknik dosyalar\u0131n olu\u015fturulmas\u0131 ve Onayl\u0131 Kurulu\u015f (Notified Body) taraf\u0131ndan belgelendirmenin yap\u0131lmas\u0131 (sertifikasyon) s\u00fcre\u00e7lerinde yerel ve...\" \/>\n<meta property=\"og:url\" content=\"https:\/\/globalallianceregister.com\/tr\/services\/consultancy\/ce-marking\/\" \/>\n<meta property=\"og:site_name\" content=\"Global Alliance Register\" \/>\n<meta property=\"article:modified_time\" content=\"2016-02-12T15:13:35+00:00\" \/>\n<meta name=\"twitter:label1\" content=\"Tahmini okuma s\u00fcresi\" \/>\n\t<meta name=\"twitter:data1\" content=\"4 dakika\" \/>\n<script type=\"application\/ld+json\" class=\"yoast-schema-graph\">{\"@context\":\"https:\\\/\\\/schema.org\",\"@graph\":[{\"@type\":\"WebPage\",\"@id\":\"https:\\\/\\\/globalallianceregister.com\\\/tr\\\/services\\\/consultancy\\\/ce-marking\\\/\",\"url\":\"https:\\\/\\\/globalallianceregister.com\\\/tr\\\/services\\\/consultancy\\\/ce-marking\\\/\",\"name\":\"CE Markalama - Teknik Dan\u0131\u015fmanl\u0131k  - Global Alliance Register\",\"isPartOf\":{\"@id\":\"https:\\\/\\\/globalallianceregister.com\\\/tr\\\/#website\"},\"datePublished\":\"2010-12-29T13:42:17+00:00\",\"dateModified\":\"2016-02-12T15:13:35+00:00\",\"breadcrumb\":{\"@id\":\"https:\\\/\\\/globalallianceregister.com\\\/tr\\\/services\\\/consultancy\\\/ce-marking\\\/#breadcrumb\"},\"inLanguage\":\"tr\",\"potentialAction\":[{\"@type\":\"ReadAction\",\"target\":[[\"https:\\\/\\\/globalallianceregister.com\\\/tr\\\/services\\\/consultancy\\\/ce-marking\\\/\"]]}]},{\"@type\":\"BreadcrumbList\",\"@id\":\"https:\\\/\\\/globalallianceregister.com\\\/tr\\\/services\\\/consultancy\\\/ce-marking\\\/#breadcrumb\",\"itemListElement\":[{\"@type\":\"ListItem\",\"position\":1,\"name\":\"Anasayfa\",\"item\":\"https:\\\/\\\/globalallianceregister.com\\\/tr\\\/\"},{\"@type\":\"ListItem\",\"position\":2,\"name\":\"CE Markalama &#8211; Teknik Dan\u0131\u015fmanl\u0131k\"}]},{\"@type\":\"WebSite\",\"@id\":\"https:\\\/\\\/globalallianceregister.com\\\/tr\\\/#website\",\"url\":\"https:\\\/\\\/globalallianceregister.com\\\/tr\\\/\",\"name\":\"Global Alliance Register\",\"description\":\"(EN) Together for Excellence\",\"potentialAction\":[{\"@type\":\"SearchAction\",\"target\":{\"@type\":\"EntryPoint\",\"urlTemplate\":\"https:\\\/\\\/globalallianceregister.com\\\/tr\\\/?s={search_term_string}\"},\"query-input\":{\"@type\":\"PropertyValueSpecification\",\"valueRequired\":true,\"valueName\":\"search_term_string\"}}],\"inLanguage\":\"tr\"}]}<\/script>\n<!-- \/ Yoast SEO plugin. -->","yoast_head_json":{"title":"CE Markalama - Teknik Dan\u0131\u015fmanl\u0131k  - Global Alliance Register","robots":{"index":"index","follow":"follow","max-snippet":"max-snippet:-1","max-image-preview":"max-image-preview:large","max-video-preview":"max-video-preview:-1"},"canonical":"https:\/\/globalallianceregister.com\/tr\/services\/consultancy\/ce-marking\/","og_locale":"tr_TR","og_type":"article","og_title":"CE Markalama - Teknik Dan\u0131\u015fmanl\u0131k  - Global Alliance Register","og_description":"Global Alliance Register CE Markalama ve uyumla\u015ft\u0131rm\u0131\u015f AB Direktifleri kapsam\u0131nda gerekliliklerin imalat\u00e7\u0131lar taraf\u0131ndan yerine getirilmesi, teknik dosyalar\u0131n olu\u015fturulmas\u0131 ve Onayl\u0131 Kurulu\u015f (Notified Body) taraf\u0131ndan belgelendirmenin yap\u0131lmas\u0131 (sertifikasyon) s\u00fcre\u00e7lerinde yerel ve...","og_url":"https:\/\/globalallianceregister.com\/tr\/services\/consultancy\/ce-marking\/","og_site_name":"Global Alliance Register","article_modified_time":"2016-02-12T15:13:35+00:00","twitter_misc":{"Tahmini okuma s\u00fcresi":"4 dakika"},"schema":{"@context":"https:\/\/schema.org","@graph":[{"@type":"WebPage","@id":"https:\/\/globalallianceregister.com\/tr\/services\/consultancy\/ce-marking\/","url":"https:\/\/globalallianceregister.com\/tr\/services\/consultancy\/ce-marking\/","name":"CE Markalama - Teknik Dan\u0131\u015fmanl\u0131k  - Global Alliance Register","isPartOf":{"@id":"https:\/\/globalallianceregister.com\/tr\/#website"},"datePublished":"2010-12-29T13:42:17+00:00","dateModified":"2016-02-12T15:13:35+00:00","breadcrumb":{"@id":"https:\/\/globalallianceregister.com\/tr\/services\/consultancy\/ce-marking\/#breadcrumb"},"inLanguage":"tr","potentialAction":[{"@type":"ReadAction","target":[["https:\/\/globalallianceregister.com\/tr\/services\/consultancy\/ce-marking\/"]]}]},{"@type":"BreadcrumbList","@id":"https:\/\/globalallianceregister.com\/tr\/services\/consultancy\/ce-marking\/#breadcrumb","itemListElement":[{"@type":"ListItem","position":1,"name":"Anasayfa","item":"https:\/\/globalallianceregister.com\/tr\/"},{"@type":"ListItem","position":2,"name":"CE Markalama &#8211; Teknik Dan\u0131\u015fmanl\u0131k"}]},{"@type":"WebSite","@id":"https:\/\/globalallianceregister.com\/tr\/#website","url":"https:\/\/globalallianceregister.com\/tr\/","name":"Global Alliance Register","description":"(EN) Together for Excellence","potentialAction":[{"@type":"SearchAction","target":{"@type":"EntryPoint","urlTemplate":"https:\/\/globalallianceregister.com\/tr\/?s={search_term_string}"},"query-input":{"@type":"PropertyValueSpecification","valueRequired":true,"valueName":"search_term_string"}}],"inLanguage":"tr"}]}},"_links":{"self":[{"href":"https:\/\/globalallianceregister.com\/tr\/wp-json\/wp\/v2\/pages\/235","targetHints":{"allow":["GET"]}}],"collection":[{"href":"https:\/\/globalallianceregister.com\/tr\/wp-json\/wp\/v2\/pages"}],"about":[{"href":"https:\/\/globalallianceregister.com\/tr\/wp-json\/wp\/v2\/types\/page"}],"author":[{"embeddable":true,"href":"https:\/\/globalallianceregister.com\/tr\/wp-json\/wp\/v2\/users\/10"}],"replies":[{"embeddable":true,"href":"https:\/\/globalallianceregister.com\/tr\/wp-json\/wp\/v2\/comments?post=235"}],"version-history":[{"count":0,"href":"https:\/\/globalallianceregister.com\/tr\/wp-json\/wp\/v2\/pages\/235\/revisions"}],"up":[{"embeddable":true,"href":"https:\/\/globalallianceregister.com\/tr\/wp-json\/wp\/v2\/pages\/73"}],"wp:attachment":[{"href":"https:\/\/globalallianceregister.com\/tr\/wp-json\/wp\/v2\/media?parent=235"}],"curies":[{"name":"wp","href":"https:\/\/api.w.org\/{rel}","templated":true}]}}