{"id":2350,"date":"2015-01-02T16:23:56","date_gmt":"2015-01-02T16:23:56","guid":{"rendered":"https:\/\/globalallianceregister.com\/?page_id=2350"},"modified":"2015-12-16T15:38:15","modified_gmt":"2015-12-16T15:38:15","slug":"turkce-bt-06-ag-guvenligi-ve-denetimi-egitimi-1-gun","status":"publish","type":"page","link":"https:\/\/globalallianceregister.com\/tr\/services\/egitim\/turkce-bilgi-teknolojileri-yonetimi-2\/turkce-bt-06-ag-guvenligi-ve-denetimi-egitimi-1-gun\/","title":{"rendered":"BT 06\u00a0\u00a0\u00a0 A\u011f G\u00fcvenli\u011fi Ve Denetimi E\u011fitimi \u2013 1 g\u00fcn"},"content":{"rendered":"<p>\u00a0 <strong>\u00a0Kat\u0131l\u0131mc\u0131 Profili<\/strong><\/p>\n<ul>\n<li>Bilgi G\u00fcvenli\u011fi Y\u00f6neticileri, \u0130\u00e7 Denetim Uzmanlar\u0131, A\u011f ve Sistem Y\u00f6neticileri, A\u011f ve G\u00fcvenlik Uzmanlar\u0131<\/li>\n<\/ul>\n<p>\u00a0 <strong>Hedeflenen Sonu\u00e7<\/strong><\/p>\n<ul>\n<li>Bu e\u011fitimde a\u011f g\u00fcvenli\u011fi konusu uygulamal\u0131 olarak ele al\u0131nacakt\u0131r. A\u011f g\u00fcvenli\u011fi temel kavramlar\u0131, a\u011f g\u00fcvenli\u011finin \u00f6nemi, a\u011f ve s\u0131n\u0131r g\u00fcvenli\u011fini sa\u011flamak i\u00e7in kullan\u0131lan g\u00fcvenli mimariler, sald\u0131r\u0131 tespit\/\u00f6nleme sistemleri, i\u00e7erik kontrolc\u00fcleri, y\u00f6nlendiricilerde g\u00fcvenlik incelenecek konulardan baz\u0131lar\u0131d\u0131r. E\u011fitim sonunda kat\u0131l\u0131mc\u0131lar a\u011f g\u00fcvenli\u011fi, g\u00fcvenli mimariler, s\u0131n\u0131r g\u00fcvenli\u011fini sa\u011flama ara\u00e7lar\u0131 konusunda bilgi sahibi olacak ve a\u011f g\u00fcvenli\u011fini denetleyebilecek seviyede bilgi birikimi kazanacakt\u0131r.<\/li>\n<\/ul>\n<p>\u00a0 <strong>E\u011fitim \u0130\u00e7eri\u011fi<\/strong><\/p>\n<ul>\n<li>S\u0131n\u0131r g\u00fcvenli\u011fine giri\u015f ve temel kavramlar<\/li>\n<li>A\u011f mimari yap\u0131lar\u0131 ve zay\u0131fl\u0131klar\u0131<\/li>\n<li>G\u00fcvenli a\u011f mimarileri<\/li>\n<li>S\u0131n\u0131r g\u00fcvenli\u011fi bile\u015fenleri<\/li>\n<li>G\u00fcvenlik duvar\u0131 g\u00fcvenli\u011fi<\/li>\n<li>Sald\u0131r\u0131 Tespit \/Engelleme Sistemleri (STS, SES)<\/li>\n<li>\u0130\u00e7erik kontrolc\u00fcleri<\/li>\n<li>Y\u00f6nlendiricilerde g\u00fcvenlik<\/li>\n<li>Anahtarlama cihaz\u0131 g\u00fcvenli\u011fi<\/li>\n<li>S\u0131n\u0131r g\u00fcvenli\u011fi bile\u015fenleri denetimi<\/li>\n<li>S\u0131n\u0131r g\u00fcvenli\u011finde kay\u0131t y\u00f6netimi<\/li>\n<\/ul>\n<p>\u00a0 <strong>Sertifika<\/strong><\/p>\n<ul>\n<li>E\u011fitimi tamamlayan t\u00fcm kat\u0131l\u0131mc\u0131lara GLOBAL ALLIANCE ACADEMY taraf\u0131ndan \u201cA\u011f G\u00fcvenli\u011fi Ve Denetimi E\u011fitimi Kat\u0131l\u0131m Sertifikas\u0131\u201d verilecektir<\/li>\n<\/ul>\n<p><strong>\u00a0<\/strong><\/p>","protected":false},"excerpt":{"rendered":"<p>\u00a0 \u00a0Kat\u0131l\u0131mc\u0131 Profili Bilgi G\u00fcvenli\u011fi Y\u00f6neticileri, \u0130\u00e7 Denetim Uzmanlar\u0131, A\u011f ve Sistem Y\u00f6neticileri, A\u011f ve G\u00fcvenlik Uzmanlar\u0131 \u00a0 Hedeflenen Sonu\u00e7 Bu e\u011fitimde a\u011f g\u00fcvenli\u011fi konusu uygulamal\u0131 olarak ele al\u0131nacakt\u0131r. A\u011f&#8230; <\/p>\n","protected":false},"author":10,"featured_media":5171,"parent":2150,"menu_order":6,"comment_status":"closed","ping_status":"closed","template":"page-full.php","meta":{"_acf_changed":false,"om_disable_all_campaigns":false,"footnotes":""},"class_list":["post-2350","page","type-page","status-publish","has-post-thumbnail","hentry"],"acf":[],"yoast_head":"<!-- This site is optimized with the Yoast SEO plugin v27.4 - https:\/\/yoast.com\/product\/yoast-seo-wordpress\/ -->\n<title>BT 06\u00a0\u00a0\u00a0 A\u011f G\u00fcvenli\u011fi Ve Denetimi E\u011fitimi \u2013 1 g\u00fcn - Global Alliance Register<\/title>\n<meta name=\"robots\" content=\"index, follow, max-snippet:-1, max-image-preview:large, max-video-preview:-1\" \/>\n<link rel=\"canonical\" href=\"https:\/\/globalallianceregister.com\/tr\/services\/egitim\/turkce-bilgi-teknolojileri-yonetimi-2\/turkce-bt-06-ag-guvenligi-ve-denetimi-egitimi-1-gun\/\" \/>\n<meta property=\"og:locale\" content=\"tr_TR\" \/>\n<meta property=\"og:type\" content=\"article\" \/>\n<meta property=\"og:title\" content=\"BT 06\u00a0\u00a0\u00a0 A\u011f G\u00fcvenli\u011fi Ve Denetimi E\u011fitimi \u2013 1 g\u00fcn - Global Alliance Register\" \/>\n<meta property=\"og:description\" content=\"\u00a0 \u00a0Kat\u0131l\u0131mc\u0131 Profili Bilgi G\u00fcvenli\u011fi Y\u00f6neticileri, \u0130\u00e7 Denetim Uzmanlar\u0131, A\u011f ve Sistem Y\u00f6neticileri, A\u011f ve G\u00fcvenlik Uzmanlar\u0131 \u00a0 Hedeflenen Sonu\u00e7 Bu e\u011fitimde a\u011f g\u00fcvenli\u011fi konusu uygulamal\u0131 olarak ele al\u0131nacakt\u0131r. A\u011f...\" \/>\n<meta property=\"og:url\" content=\"https:\/\/globalallianceregister.com\/tr\/services\/egitim\/turkce-bilgi-teknolojileri-yonetimi-2\/turkce-bt-06-ag-guvenligi-ve-denetimi-egitimi-1-gun\/\" \/>\n<meta property=\"og:site_name\" content=\"Global Alliance Register\" \/>\n<meta property=\"article:modified_time\" content=\"2015-12-16T15:38:15+00:00\" \/>\n<meta property=\"og:image\" content=\"https:\/\/globalallianceregister.com\/wp-content\/uploads\/2015\/08\/Training-Inner-Page.jpg\" \/>\n\t<meta property=\"og:image:width\" content=\"614\" \/>\n\t<meta property=\"og:image:height\" content=\"200\" \/>\n\t<meta property=\"og:image:type\" content=\"image\/jpeg\" \/>\n<meta name=\"twitter:label1\" content=\"Tahmini okuma s\u00fcresi\" \/>\n\t<meta name=\"twitter:data1\" content=\"1 dakika\" \/>\n<script type=\"application\/ld+json\" class=\"yoast-schema-graph\">{\"@context\":\"https:\\\/\\\/schema.org\",\"@graph\":[{\"@type\":\"WebPage\",\"@id\":\"https:\\\/\\\/globalallianceregister.com\\\/tr\\\/services\\\/egitim\\\/turkce-bilgi-teknolojileri-yonetimi-2\\\/turkce-bt-06-ag-guvenligi-ve-denetimi-egitimi-1-gun\\\/\",\"url\":\"https:\\\/\\\/globalallianceregister.com\\\/tr\\\/services\\\/egitim\\\/turkce-bilgi-teknolojileri-yonetimi-2\\\/turkce-bt-06-ag-guvenligi-ve-denetimi-egitimi-1-gun\\\/\",\"name\":\"BT 06\u00a0\u00a0\u00a0 A\u011f G\u00fcvenli\u011fi Ve Denetimi E\u011fitimi \u2013 1 g\u00fcn - Global Alliance Register\",\"isPartOf\":{\"@id\":\"https:\\\/\\\/globalallianceregister.com\\\/tr\\\/#website\"},\"primaryImageOfPage\":{\"@id\":\"https:\\\/\\\/globalallianceregister.com\\\/tr\\\/services\\\/egitim\\\/turkce-bilgi-teknolojileri-yonetimi-2\\\/turkce-bt-06-ag-guvenligi-ve-denetimi-egitimi-1-gun\\\/#primaryimage\"},\"image\":{\"@id\":\"https:\\\/\\\/globalallianceregister.com\\\/tr\\\/services\\\/egitim\\\/turkce-bilgi-teknolojileri-yonetimi-2\\\/turkce-bt-06-ag-guvenligi-ve-denetimi-egitimi-1-gun\\\/#primaryimage\"},\"thumbnailUrl\":\"https:\\\/\\\/globalallianceregister.com\\\/wp-content\\\/uploads\\\/2015\\\/08\\\/Training-Inner-Page.jpg\",\"datePublished\":\"2015-01-02T16:23:56+00:00\",\"dateModified\":\"2015-12-16T15:38:15+00:00\",\"breadcrumb\":{\"@id\":\"https:\\\/\\\/globalallianceregister.com\\\/tr\\\/services\\\/egitim\\\/turkce-bilgi-teknolojileri-yonetimi-2\\\/turkce-bt-06-ag-guvenligi-ve-denetimi-egitimi-1-gun\\\/#breadcrumb\"},\"inLanguage\":\"tr\",\"potentialAction\":[{\"@type\":\"ReadAction\",\"target\":[[\"https:\\\/\\\/globalallianceregister.com\\\/tr\\\/services\\\/egitim\\\/turkce-bilgi-teknolojileri-yonetimi-2\\\/turkce-bt-06-ag-guvenligi-ve-denetimi-egitimi-1-gun\\\/\"]]}]},{\"@type\":\"ImageObject\",\"inLanguage\":\"tr\",\"@id\":\"https:\\\/\\\/globalallianceregister.com\\\/tr\\\/services\\\/egitim\\\/turkce-bilgi-teknolojileri-yonetimi-2\\\/turkce-bt-06-ag-guvenligi-ve-denetimi-egitimi-1-gun\\\/#primaryimage\",\"url\":\"https:\\\/\\\/globalallianceregister.com\\\/wp-content\\\/uploads\\\/2015\\\/08\\\/Training-Inner-Page.jpg\",\"contentUrl\":\"https:\\\/\\\/globalallianceregister.com\\\/wp-content\\\/uploads\\\/2015\\\/08\\\/Training-Inner-Page.jpg\",\"width\":614,\"height\":200},{\"@type\":\"BreadcrumbList\",\"@id\":\"https:\\\/\\\/globalallianceregister.com\\\/tr\\\/services\\\/egitim\\\/turkce-bilgi-teknolojileri-yonetimi-2\\\/turkce-bt-06-ag-guvenligi-ve-denetimi-egitimi-1-gun\\\/#breadcrumb\",\"itemListElement\":[{\"@type\":\"ListItem\",\"position\":1,\"name\":\"Anasayfa\",\"item\":\"https:\\\/\\\/globalallianceregister.com\\\/tr\\\/\"},{\"@type\":\"ListItem\",\"position\":2,\"name\":\"BT 06\u00a0\u00a0\u00a0 A\u011f G\u00fcvenli\u011fi Ve Denetimi E\u011fitimi \u2013 1 g\u00fcn\"}]},{\"@type\":\"WebSite\",\"@id\":\"https:\\\/\\\/globalallianceregister.com\\\/tr\\\/#website\",\"url\":\"https:\\\/\\\/globalallianceregister.com\\\/tr\\\/\",\"name\":\"Global Alliance Register\",\"description\":\"(EN) Together for Excellence\",\"potentialAction\":[{\"@type\":\"SearchAction\",\"target\":{\"@type\":\"EntryPoint\",\"urlTemplate\":\"https:\\\/\\\/globalallianceregister.com\\\/tr\\\/?s={search_term_string}\"},\"query-input\":{\"@type\":\"PropertyValueSpecification\",\"valueRequired\":true,\"valueName\":\"search_term_string\"}}],\"inLanguage\":\"tr\"}]}<\/script>\n<!-- \/ Yoast SEO plugin. -->","yoast_head_json":{"title":"BT 06\u00a0\u00a0\u00a0 A\u011f G\u00fcvenli\u011fi Ve Denetimi E\u011fitimi \u2013 1 g\u00fcn - Global Alliance Register","robots":{"index":"index","follow":"follow","max-snippet":"max-snippet:-1","max-image-preview":"max-image-preview:large","max-video-preview":"max-video-preview:-1"},"canonical":"https:\/\/globalallianceregister.com\/tr\/services\/egitim\/turkce-bilgi-teknolojileri-yonetimi-2\/turkce-bt-06-ag-guvenligi-ve-denetimi-egitimi-1-gun\/","og_locale":"tr_TR","og_type":"article","og_title":"BT 06\u00a0\u00a0\u00a0 A\u011f G\u00fcvenli\u011fi Ve Denetimi E\u011fitimi \u2013 1 g\u00fcn - Global Alliance Register","og_description":"\u00a0 \u00a0Kat\u0131l\u0131mc\u0131 Profili Bilgi G\u00fcvenli\u011fi Y\u00f6neticileri, \u0130\u00e7 Denetim Uzmanlar\u0131, A\u011f ve Sistem Y\u00f6neticileri, A\u011f ve G\u00fcvenlik Uzmanlar\u0131 \u00a0 Hedeflenen Sonu\u00e7 Bu e\u011fitimde a\u011f g\u00fcvenli\u011fi konusu uygulamal\u0131 olarak ele al\u0131nacakt\u0131r. A\u011f...","og_url":"https:\/\/globalallianceregister.com\/tr\/services\/egitim\/turkce-bilgi-teknolojileri-yonetimi-2\/turkce-bt-06-ag-guvenligi-ve-denetimi-egitimi-1-gun\/","og_site_name":"Global Alliance Register","article_modified_time":"2015-12-16T15:38:15+00:00","og_image":[{"width":614,"height":200,"url":"https:\/\/globalallianceregister.com\/wp-content\/uploads\/2015\/08\/Training-Inner-Page.jpg","type":"image\/jpeg"}],"twitter_misc":{"Tahmini okuma s\u00fcresi":"1 dakika"},"schema":{"@context":"https:\/\/schema.org","@graph":[{"@type":"WebPage","@id":"https:\/\/globalallianceregister.com\/tr\/services\/egitim\/turkce-bilgi-teknolojileri-yonetimi-2\/turkce-bt-06-ag-guvenligi-ve-denetimi-egitimi-1-gun\/","url":"https:\/\/globalallianceregister.com\/tr\/services\/egitim\/turkce-bilgi-teknolojileri-yonetimi-2\/turkce-bt-06-ag-guvenligi-ve-denetimi-egitimi-1-gun\/","name":"BT 06\u00a0\u00a0\u00a0 A\u011f G\u00fcvenli\u011fi Ve Denetimi E\u011fitimi \u2013 1 g\u00fcn - Global Alliance Register","isPartOf":{"@id":"https:\/\/globalallianceregister.com\/tr\/#website"},"primaryImageOfPage":{"@id":"https:\/\/globalallianceregister.com\/tr\/services\/egitim\/turkce-bilgi-teknolojileri-yonetimi-2\/turkce-bt-06-ag-guvenligi-ve-denetimi-egitimi-1-gun\/#primaryimage"},"image":{"@id":"https:\/\/globalallianceregister.com\/tr\/services\/egitim\/turkce-bilgi-teknolojileri-yonetimi-2\/turkce-bt-06-ag-guvenligi-ve-denetimi-egitimi-1-gun\/#primaryimage"},"thumbnailUrl":"https:\/\/globalallianceregister.com\/wp-content\/uploads\/2015\/08\/Training-Inner-Page.jpg","datePublished":"2015-01-02T16:23:56+00:00","dateModified":"2015-12-16T15:38:15+00:00","breadcrumb":{"@id":"https:\/\/globalallianceregister.com\/tr\/services\/egitim\/turkce-bilgi-teknolojileri-yonetimi-2\/turkce-bt-06-ag-guvenligi-ve-denetimi-egitimi-1-gun\/#breadcrumb"},"inLanguage":"tr","potentialAction":[{"@type":"ReadAction","target":[["https:\/\/globalallianceregister.com\/tr\/services\/egitim\/turkce-bilgi-teknolojileri-yonetimi-2\/turkce-bt-06-ag-guvenligi-ve-denetimi-egitimi-1-gun\/"]]}]},{"@type":"ImageObject","inLanguage":"tr","@id":"https:\/\/globalallianceregister.com\/tr\/services\/egitim\/turkce-bilgi-teknolojileri-yonetimi-2\/turkce-bt-06-ag-guvenligi-ve-denetimi-egitimi-1-gun\/#primaryimage","url":"https:\/\/globalallianceregister.com\/wp-content\/uploads\/2015\/08\/Training-Inner-Page.jpg","contentUrl":"https:\/\/globalallianceregister.com\/wp-content\/uploads\/2015\/08\/Training-Inner-Page.jpg","width":614,"height":200},{"@type":"BreadcrumbList","@id":"https:\/\/globalallianceregister.com\/tr\/services\/egitim\/turkce-bilgi-teknolojileri-yonetimi-2\/turkce-bt-06-ag-guvenligi-ve-denetimi-egitimi-1-gun\/#breadcrumb","itemListElement":[{"@type":"ListItem","position":1,"name":"Anasayfa","item":"https:\/\/globalallianceregister.com\/tr\/"},{"@type":"ListItem","position":2,"name":"BT 06\u00a0\u00a0\u00a0 A\u011f G\u00fcvenli\u011fi Ve Denetimi E\u011fitimi \u2013 1 g\u00fcn"}]},{"@type":"WebSite","@id":"https:\/\/globalallianceregister.com\/tr\/#website","url":"https:\/\/globalallianceregister.com\/tr\/","name":"Global Alliance Register","description":"(EN) Together for Excellence","potentialAction":[{"@type":"SearchAction","target":{"@type":"EntryPoint","urlTemplate":"https:\/\/globalallianceregister.com\/tr\/?s={search_term_string}"},"query-input":{"@type":"PropertyValueSpecification","valueRequired":true,"valueName":"search_term_string"}}],"inLanguage":"tr"}]}},"_links":{"self":[{"href":"https:\/\/globalallianceregister.com\/tr\/wp-json\/wp\/v2\/pages\/2350","targetHints":{"allow":["GET"]}}],"collection":[{"href":"https:\/\/globalallianceregister.com\/tr\/wp-json\/wp\/v2\/pages"}],"about":[{"href":"https:\/\/globalallianceregister.com\/tr\/wp-json\/wp\/v2\/types\/page"}],"author":[{"embeddable":true,"href":"https:\/\/globalallianceregister.com\/tr\/wp-json\/wp\/v2\/users\/10"}],"replies":[{"embeddable":true,"href":"https:\/\/globalallianceregister.com\/tr\/wp-json\/wp\/v2\/comments?post=2350"}],"version-history":[{"count":0,"href":"https:\/\/globalallianceregister.com\/tr\/wp-json\/wp\/v2\/pages\/2350\/revisions"}],"up":[{"embeddable":true,"href":"https:\/\/globalallianceregister.com\/tr\/wp-json\/wp\/v2\/pages\/2150"}],"wp:featuredmedia":[{"embeddable":true,"href":"https:\/\/globalallianceregister.com\/tr\/wp-json\/wp\/v2\/media\/5171"}],"wp:attachment":[{"href":"https:\/\/globalallianceregister.com\/tr\/wp-json\/wp\/v2\/media?parent=2350"}],"curies":[{"name":"wp","href":"https:\/\/api.w.org\/{rel}","templated":true}]}}