{"id":2352,"date":"2015-01-02T16:25:42","date_gmt":"2015-01-02T16:25:42","guid":{"rendered":"https:\/\/globalallianceregister.com\/?page_id=2352"},"modified":"2015-12-16T15:38:48","modified_gmt":"2015-12-16T15:38:48","slug":"turkce-bt-07-microsoft-isletim-sistemleri-guvenligi-egitimi-1-gun","status":"publish","type":"page","link":"https:\/\/globalallianceregister.com\/tr\/services\/egitim\/turkce-bilgi-teknolojileri-yonetimi-2\/turkce-bt-07-microsoft-isletim-sistemleri-guvenligi-egitimi-1-gun\/","title":{"rendered":"BT 07\u00a0\u00a0\u00a0 Microsoft \u0130\u015fletim Sistemleri G\u00fcvenli\u011fi E\u011fitimi &#8211;\u00a0 1 g\u00fcn"},"content":{"rendered":"<p>\u00a0 <strong>Kat\u0131l\u0131mc\u0131 Profili<\/strong><\/p>\n<ul>\n<li>Bilgi G\u00fcvenli\u011fi Y\u00f6neticileri, \u0130\u00e7 Denetim Uzmanlar\u0131, A\u011f ve Sistem Y\u00f6neticileri, A\u011f ve G\u00fcvenlik Uzmanlar\u0131<\/li>\n<\/ul>\n<p>\u00a0 <strong>Hedeflenen Sonu\u00e7<\/strong><\/p>\n<ul>\n<li>Uygulamalar\u0131n \u00fczerinde \u00e7al\u0131\u015ft\u0131klar\u0131 platformlar olan i\u015fletim sistemleri bilgi teknolojileri g\u00fcvenli\u011fini sa\u011flamada \u00e7ok \u00f6nemli bir par\u00e7ay\u0131 olu\u015fturmaktad\u0131r. E\u011fitimde yayg\u0131n olarak kullan\u0131lan Microsoft i\u015fletim sistemlerinin g\u00fcvenli yap\u0131land\u0131r\u0131lmas\u0131, g\u00fcvenlik zay\u0131fl\u0131klar\u0131 ve bunlar\u0131n nas\u0131l giderilece\u011fi konular\u0131na de\u011finilecektir. E\u011fitimde bunun yan\u0131 s\u0131ra en iyi g\u00fcvenlik uygulamalar\u0131na \u00f6rnekler sunulacakt\u0131r. E\u011fitim Microsoft i\u015fletim sistemlerinin denetimini ger\u00e7ekle\u015ftirecek ki\u015filere \u00f6zel olarak haz\u0131rlanm\u0131\u015ft\u0131r. E\u011fitimi alacak ki\u015filerin temel TCP\/IP ve i\u015fletim sistemi bilgilerinin bulunmas\u0131 gereklidir.<\/li>\n<\/ul>\n<p>\u00a0 <strong>E\u011fitim \u0130\u00e7eri\u011fi<\/strong><\/p>\n<ul>\n<li>Microsoft i\u015fletim sistemlerine giri\u015f<\/li>\n<li>\u0130\u015fletim sistemi denetimleri ve \u00f6nemi<\/li>\n<li>\u0130\u015fletim sistemi denetim teknikleri<\/li>\n<li>Giri\u015f seviyesi g\u00fcvenlik denetimleri<\/li>\n<li>Personel, fiziksel g\u00fcvenlik, kullan\u0131c\u0131 y\u00f6netimi, Eri\u015fim kontrol\u00fc konular\u0131<\/li>\n<li>Payla\u015f\u0131mlar, ekran koruyucular, NTFS dosyalama sistemi<\/li>\n<li>Vir\u00fcs koruma yaz\u0131l\u0131mlar\u0131, yedekleme g\u00fcvenli\u011fi<\/li>\n<li>\u015eifre politikas\u0131<\/li>\n<li>Denetleme ve olay kay\u0131t ayarlar\u0131<\/li>\n<li>Anonim eri\u015fimin k\u0131s\u0131tlanmas\u0131<\/li>\n<li>Microsoft i\u015fletim sistemlerine y\u00f6nelik g\u00fcvenli yap\u0131land\u0131rma ayarlar\u0131<\/li>\n<li>Otomatik \u00e7al\u0131\u015ft\u0131rma \u00f6zelli\u011fi ve beraberinde getirdi\u011fi riskler<\/li>\n<li>Yama y\u00f6netimi<\/li>\n<li>Port ve k\u00fct\u00fck (registry) g\u00fcvenli\u011fi konular\u0131<\/li>\n<li>Aktif dizin temel kavramlar\u0131<\/li>\n<li>Workgroup ve domain kavramlar\u0131<\/li>\n<li>G\u00fcvenli aktif dizin kurulumu ve kurulmu\u015f aktif dizinin denetimi<\/li>\n<li>Aktif dizin grup politikas\u0131 ve g\u00fcvenlik ayarlar\u0131<\/li>\n<li>\u0130\u015fletim sistemi denetleme politikalar\u0131<\/li>\n<li>\u0130\u015fletim sistemi g\u00fcvenlik \u015fablonlar\u0131<\/li>\n<\/ul>\n<p>\u00a0 <strong>Sertifika<\/strong><\/p>\n<ul>\n<li>E\u011fitimi tamamlayan t\u00fcm kat\u0131l\u0131mc\u0131lara GLOBAL ALLIANCE ACADEMY taraf\u0131ndan \u201cMicrosoft \u0130\u015fletim Sistemleri G\u00fcvenli\u011fi E\u011fitimi Kat\u0131l\u0131m Sertifikas\u0131\u201d verilecektir<\/li>\n<\/ul>","protected":false},"excerpt":{"rendered":"<p>\u00a0 Kat\u0131l\u0131mc\u0131 Profili Bilgi G\u00fcvenli\u011fi Y\u00f6neticileri, \u0130\u00e7 Denetim Uzmanlar\u0131, A\u011f ve Sistem Y\u00f6neticileri, A\u011f ve G\u00fcvenlik Uzmanlar\u0131 \u00a0 Hedeflenen Sonu\u00e7 Uygulamalar\u0131n \u00fczerinde \u00e7al\u0131\u015ft\u0131klar\u0131 platformlar olan i\u015fletim sistemleri bilgi teknolojileri g\u00fcvenli\u011fini&#8230; <\/p>\n","protected":false},"author":10,"featured_media":5171,"parent":2150,"menu_order":7,"comment_status":"closed","ping_status":"closed","template":"page-full.php","meta":{"_acf_changed":false,"om_disable_all_campaigns":false,"footnotes":""},"class_list":["post-2352","page","type-page","status-publish","has-post-thumbnail","hentry"],"acf":[],"yoast_head":"<!-- This site is optimized with the Yoast SEO plugin v27.4 - https:\/\/yoast.com\/product\/yoast-seo-wordpress\/ -->\n<title>BT 07\u00a0\u00a0\u00a0 Microsoft \u0130\u015fletim Sistemleri G\u00fcvenli\u011fi E\u011fitimi -\u00a0 1 g\u00fcn - Global Alliance Register<\/title>\n<meta name=\"robots\" content=\"index, follow, max-snippet:-1, max-image-preview:large, max-video-preview:-1\" \/>\n<link rel=\"canonical\" href=\"https:\/\/globalallianceregister.com\/tr\/services\/egitim\/turkce-bilgi-teknolojileri-yonetimi-2\/turkce-bt-07-microsoft-isletim-sistemleri-guvenligi-egitimi-1-gun\/\" \/>\n<meta property=\"og:locale\" content=\"tr_TR\" \/>\n<meta property=\"og:type\" content=\"article\" \/>\n<meta property=\"og:title\" content=\"BT 07\u00a0\u00a0\u00a0 Microsoft \u0130\u015fletim Sistemleri G\u00fcvenli\u011fi E\u011fitimi -\u00a0 1 g\u00fcn - Global Alliance Register\" \/>\n<meta property=\"og:description\" content=\"\u00a0 Kat\u0131l\u0131mc\u0131 Profili Bilgi G\u00fcvenli\u011fi Y\u00f6neticileri, \u0130\u00e7 Denetim Uzmanlar\u0131, A\u011f ve Sistem Y\u00f6neticileri, A\u011f ve G\u00fcvenlik Uzmanlar\u0131 \u00a0 Hedeflenen Sonu\u00e7 Uygulamalar\u0131n \u00fczerinde \u00e7al\u0131\u015ft\u0131klar\u0131 platformlar olan i\u015fletim sistemleri bilgi teknolojileri g\u00fcvenli\u011fini...\" \/>\n<meta property=\"og:url\" content=\"https:\/\/globalallianceregister.com\/tr\/services\/egitim\/turkce-bilgi-teknolojileri-yonetimi-2\/turkce-bt-07-microsoft-isletim-sistemleri-guvenligi-egitimi-1-gun\/\" \/>\n<meta property=\"og:site_name\" content=\"Global Alliance Register\" \/>\n<meta property=\"article:modified_time\" content=\"2015-12-16T15:38:48+00:00\" \/>\n<meta property=\"og:image\" content=\"https:\/\/globalallianceregister.com\/wp-content\/uploads\/2015\/08\/Training-Inner-Page.jpg\" \/>\n\t<meta property=\"og:image:width\" content=\"614\" \/>\n\t<meta property=\"og:image:height\" content=\"200\" \/>\n\t<meta property=\"og:image:type\" content=\"image\/jpeg\" \/>\n<meta name=\"twitter:label1\" content=\"Tahmini okuma s\u00fcresi\" \/>\n\t<meta name=\"twitter:data1\" content=\"1 dakika\" \/>\n<script type=\"application\/ld+json\" class=\"yoast-schema-graph\">{\"@context\":\"https:\\\/\\\/schema.org\",\"@graph\":[{\"@type\":\"WebPage\",\"@id\":\"https:\\\/\\\/globalallianceregister.com\\\/tr\\\/services\\\/egitim\\\/turkce-bilgi-teknolojileri-yonetimi-2\\\/turkce-bt-07-microsoft-isletim-sistemleri-guvenligi-egitimi-1-gun\\\/\",\"url\":\"https:\\\/\\\/globalallianceregister.com\\\/tr\\\/services\\\/egitim\\\/turkce-bilgi-teknolojileri-yonetimi-2\\\/turkce-bt-07-microsoft-isletim-sistemleri-guvenligi-egitimi-1-gun\\\/\",\"name\":\"BT 07\u00a0\u00a0\u00a0 Microsoft \u0130\u015fletim Sistemleri G\u00fcvenli\u011fi E\u011fitimi -\u00a0 1 g\u00fcn - Global Alliance Register\",\"isPartOf\":{\"@id\":\"https:\\\/\\\/globalallianceregister.com\\\/tr\\\/#website\"},\"primaryImageOfPage\":{\"@id\":\"https:\\\/\\\/globalallianceregister.com\\\/tr\\\/services\\\/egitim\\\/turkce-bilgi-teknolojileri-yonetimi-2\\\/turkce-bt-07-microsoft-isletim-sistemleri-guvenligi-egitimi-1-gun\\\/#primaryimage\"},\"image\":{\"@id\":\"https:\\\/\\\/globalallianceregister.com\\\/tr\\\/services\\\/egitim\\\/turkce-bilgi-teknolojileri-yonetimi-2\\\/turkce-bt-07-microsoft-isletim-sistemleri-guvenligi-egitimi-1-gun\\\/#primaryimage\"},\"thumbnailUrl\":\"https:\\\/\\\/globalallianceregister.com\\\/wp-content\\\/uploads\\\/2015\\\/08\\\/Training-Inner-Page.jpg\",\"datePublished\":\"2015-01-02T16:25:42+00:00\",\"dateModified\":\"2015-12-16T15:38:48+00:00\",\"breadcrumb\":{\"@id\":\"https:\\\/\\\/globalallianceregister.com\\\/tr\\\/services\\\/egitim\\\/turkce-bilgi-teknolojileri-yonetimi-2\\\/turkce-bt-07-microsoft-isletim-sistemleri-guvenligi-egitimi-1-gun\\\/#breadcrumb\"},\"inLanguage\":\"tr\",\"potentialAction\":[{\"@type\":\"ReadAction\",\"target\":[[\"https:\\\/\\\/globalallianceregister.com\\\/tr\\\/services\\\/egitim\\\/turkce-bilgi-teknolojileri-yonetimi-2\\\/turkce-bt-07-microsoft-isletim-sistemleri-guvenligi-egitimi-1-gun\\\/\"]]}]},{\"@type\":\"ImageObject\",\"inLanguage\":\"tr\",\"@id\":\"https:\\\/\\\/globalallianceregister.com\\\/tr\\\/services\\\/egitim\\\/turkce-bilgi-teknolojileri-yonetimi-2\\\/turkce-bt-07-microsoft-isletim-sistemleri-guvenligi-egitimi-1-gun\\\/#primaryimage\",\"url\":\"https:\\\/\\\/globalallianceregister.com\\\/wp-content\\\/uploads\\\/2015\\\/08\\\/Training-Inner-Page.jpg\",\"contentUrl\":\"https:\\\/\\\/globalallianceregister.com\\\/wp-content\\\/uploads\\\/2015\\\/08\\\/Training-Inner-Page.jpg\",\"width\":614,\"height\":200},{\"@type\":\"BreadcrumbList\",\"@id\":\"https:\\\/\\\/globalallianceregister.com\\\/tr\\\/services\\\/egitim\\\/turkce-bilgi-teknolojileri-yonetimi-2\\\/turkce-bt-07-microsoft-isletim-sistemleri-guvenligi-egitimi-1-gun\\\/#breadcrumb\",\"itemListElement\":[{\"@type\":\"ListItem\",\"position\":1,\"name\":\"Anasayfa\",\"item\":\"https:\\\/\\\/globalallianceregister.com\\\/tr\\\/\"},{\"@type\":\"ListItem\",\"position\":2,\"name\":\"BT 07\u00a0\u00a0\u00a0 Microsoft \u0130\u015fletim Sistemleri G\u00fcvenli\u011fi E\u011fitimi &#8211;\u00a0 1 g\u00fcn\"}]},{\"@type\":\"WebSite\",\"@id\":\"https:\\\/\\\/globalallianceregister.com\\\/tr\\\/#website\",\"url\":\"https:\\\/\\\/globalallianceregister.com\\\/tr\\\/\",\"name\":\"Global Alliance Register\",\"description\":\"(EN) Together for Excellence\",\"potentialAction\":[{\"@type\":\"SearchAction\",\"target\":{\"@type\":\"EntryPoint\",\"urlTemplate\":\"https:\\\/\\\/globalallianceregister.com\\\/tr\\\/?s={search_term_string}\"},\"query-input\":{\"@type\":\"PropertyValueSpecification\",\"valueRequired\":true,\"valueName\":\"search_term_string\"}}],\"inLanguage\":\"tr\"}]}<\/script>\n<!-- \/ Yoast SEO plugin. -->","yoast_head_json":{"title":"BT 07\u00a0\u00a0\u00a0 Microsoft \u0130\u015fletim Sistemleri G\u00fcvenli\u011fi E\u011fitimi -\u00a0 1 g\u00fcn - Global Alliance Register","robots":{"index":"index","follow":"follow","max-snippet":"max-snippet:-1","max-image-preview":"max-image-preview:large","max-video-preview":"max-video-preview:-1"},"canonical":"https:\/\/globalallianceregister.com\/tr\/services\/egitim\/turkce-bilgi-teknolojileri-yonetimi-2\/turkce-bt-07-microsoft-isletim-sistemleri-guvenligi-egitimi-1-gun\/","og_locale":"tr_TR","og_type":"article","og_title":"BT 07\u00a0\u00a0\u00a0 Microsoft \u0130\u015fletim Sistemleri G\u00fcvenli\u011fi E\u011fitimi -\u00a0 1 g\u00fcn - Global Alliance Register","og_description":"\u00a0 Kat\u0131l\u0131mc\u0131 Profili Bilgi G\u00fcvenli\u011fi Y\u00f6neticileri, \u0130\u00e7 Denetim Uzmanlar\u0131, A\u011f ve Sistem Y\u00f6neticileri, A\u011f ve G\u00fcvenlik Uzmanlar\u0131 \u00a0 Hedeflenen Sonu\u00e7 Uygulamalar\u0131n \u00fczerinde \u00e7al\u0131\u015ft\u0131klar\u0131 platformlar olan i\u015fletim sistemleri bilgi teknolojileri g\u00fcvenli\u011fini...","og_url":"https:\/\/globalallianceregister.com\/tr\/services\/egitim\/turkce-bilgi-teknolojileri-yonetimi-2\/turkce-bt-07-microsoft-isletim-sistemleri-guvenligi-egitimi-1-gun\/","og_site_name":"Global Alliance Register","article_modified_time":"2015-12-16T15:38:48+00:00","og_image":[{"width":614,"height":200,"url":"https:\/\/globalallianceregister.com\/wp-content\/uploads\/2015\/08\/Training-Inner-Page.jpg","type":"image\/jpeg"}],"twitter_misc":{"Tahmini okuma s\u00fcresi":"1 dakika"},"schema":{"@context":"https:\/\/schema.org","@graph":[{"@type":"WebPage","@id":"https:\/\/globalallianceregister.com\/tr\/services\/egitim\/turkce-bilgi-teknolojileri-yonetimi-2\/turkce-bt-07-microsoft-isletim-sistemleri-guvenligi-egitimi-1-gun\/","url":"https:\/\/globalallianceregister.com\/tr\/services\/egitim\/turkce-bilgi-teknolojileri-yonetimi-2\/turkce-bt-07-microsoft-isletim-sistemleri-guvenligi-egitimi-1-gun\/","name":"BT 07\u00a0\u00a0\u00a0 Microsoft \u0130\u015fletim Sistemleri G\u00fcvenli\u011fi E\u011fitimi -\u00a0 1 g\u00fcn - Global Alliance Register","isPartOf":{"@id":"https:\/\/globalallianceregister.com\/tr\/#website"},"primaryImageOfPage":{"@id":"https:\/\/globalallianceregister.com\/tr\/services\/egitim\/turkce-bilgi-teknolojileri-yonetimi-2\/turkce-bt-07-microsoft-isletim-sistemleri-guvenligi-egitimi-1-gun\/#primaryimage"},"image":{"@id":"https:\/\/globalallianceregister.com\/tr\/services\/egitim\/turkce-bilgi-teknolojileri-yonetimi-2\/turkce-bt-07-microsoft-isletim-sistemleri-guvenligi-egitimi-1-gun\/#primaryimage"},"thumbnailUrl":"https:\/\/globalallianceregister.com\/wp-content\/uploads\/2015\/08\/Training-Inner-Page.jpg","datePublished":"2015-01-02T16:25:42+00:00","dateModified":"2015-12-16T15:38:48+00:00","breadcrumb":{"@id":"https:\/\/globalallianceregister.com\/tr\/services\/egitim\/turkce-bilgi-teknolojileri-yonetimi-2\/turkce-bt-07-microsoft-isletim-sistemleri-guvenligi-egitimi-1-gun\/#breadcrumb"},"inLanguage":"tr","potentialAction":[{"@type":"ReadAction","target":[["https:\/\/globalallianceregister.com\/tr\/services\/egitim\/turkce-bilgi-teknolojileri-yonetimi-2\/turkce-bt-07-microsoft-isletim-sistemleri-guvenligi-egitimi-1-gun\/"]]}]},{"@type":"ImageObject","inLanguage":"tr","@id":"https:\/\/globalallianceregister.com\/tr\/services\/egitim\/turkce-bilgi-teknolojileri-yonetimi-2\/turkce-bt-07-microsoft-isletim-sistemleri-guvenligi-egitimi-1-gun\/#primaryimage","url":"https:\/\/globalallianceregister.com\/wp-content\/uploads\/2015\/08\/Training-Inner-Page.jpg","contentUrl":"https:\/\/globalallianceregister.com\/wp-content\/uploads\/2015\/08\/Training-Inner-Page.jpg","width":614,"height":200},{"@type":"BreadcrumbList","@id":"https:\/\/globalallianceregister.com\/tr\/services\/egitim\/turkce-bilgi-teknolojileri-yonetimi-2\/turkce-bt-07-microsoft-isletim-sistemleri-guvenligi-egitimi-1-gun\/#breadcrumb","itemListElement":[{"@type":"ListItem","position":1,"name":"Anasayfa","item":"https:\/\/globalallianceregister.com\/tr\/"},{"@type":"ListItem","position":2,"name":"BT 07\u00a0\u00a0\u00a0 Microsoft \u0130\u015fletim Sistemleri G\u00fcvenli\u011fi E\u011fitimi &#8211;\u00a0 1 g\u00fcn"}]},{"@type":"WebSite","@id":"https:\/\/globalallianceregister.com\/tr\/#website","url":"https:\/\/globalallianceregister.com\/tr\/","name":"Global Alliance Register","description":"(EN) Together for Excellence","potentialAction":[{"@type":"SearchAction","target":{"@type":"EntryPoint","urlTemplate":"https:\/\/globalallianceregister.com\/tr\/?s={search_term_string}"},"query-input":{"@type":"PropertyValueSpecification","valueRequired":true,"valueName":"search_term_string"}}],"inLanguage":"tr"}]}},"_links":{"self":[{"href":"https:\/\/globalallianceregister.com\/tr\/wp-json\/wp\/v2\/pages\/2352","targetHints":{"allow":["GET"]}}],"collection":[{"href":"https:\/\/globalallianceregister.com\/tr\/wp-json\/wp\/v2\/pages"}],"about":[{"href":"https:\/\/globalallianceregister.com\/tr\/wp-json\/wp\/v2\/types\/page"}],"author":[{"embeddable":true,"href":"https:\/\/globalallianceregister.com\/tr\/wp-json\/wp\/v2\/users\/10"}],"replies":[{"embeddable":true,"href":"https:\/\/globalallianceregister.com\/tr\/wp-json\/wp\/v2\/comments?post=2352"}],"version-history":[{"count":0,"href":"https:\/\/globalallianceregister.com\/tr\/wp-json\/wp\/v2\/pages\/2352\/revisions"}],"up":[{"embeddable":true,"href":"https:\/\/globalallianceregister.com\/tr\/wp-json\/wp\/v2\/pages\/2150"}],"wp:featuredmedia":[{"embeddable":true,"href":"https:\/\/globalallianceregister.com\/tr\/wp-json\/wp\/v2\/media\/5171"}],"wp:attachment":[{"href":"https:\/\/globalallianceregister.com\/tr\/wp-json\/wp\/v2\/media?parent=2352"}],"curies":[{"name":"wp","href":"https:\/\/api.w.org\/{rel}","templated":true}]}}