{"id":2354,"date":"2015-01-02T16:28:36","date_gmt":"2015-01-02T16:28:36","guid":{"rendered":"https:\/\/globalallianceregister.com\/?page_id=2354"},"modified":"2015-12-16T15:41:01","modified_gmt":"2015-12-16T15:41:01","slug":"turkce-bt-08-iso27002-bilgi-guvenligi-yonetim-sistemi-kontrolleri-uygulama-egitimi-2-gun","status":"publish","type":"page","link":"https:\/\/globalallianceregister.com\/tr\/services\/egitim\/turkce-bilgi-teknolojileri-yonetimi-2\/turkce-bt-08-iso27002-bilgi-guvenligi-yonetim-sistemi-kontrolleri-uygulama-egitimi-2-gun\/","title":{"rendered":"BT 08 ISO 27002 Bilgi G\u00fcvenli\u011fi Y\u00f6netim Sistemi Kontrolleri Uygulama E\u011fitimi \u2013 2 g\u00fcn"},"content":{"rendered":"<p>\u00a0 <strong>Kat\u0131l\u0131mc\u0131 Profili<\/strong><\/p>\n<ul>\n<li>Bilgi g\u00fcvenli\u011fi y\u00f6netim sistemi \u00e7al\u0131\u015fmalar\u0131n\u0131 y\u00fcr\u00fcten y\u00f6neticiler veya uzmanlar, bilgi g\u00fcvenli\u011fi y\u00f6netim sistemi \u00e7al\u0131\u015fmas\u0131 y\u00fcr\u00fctecek profesyoneller, \u0130\u015fletme b\u00fcnyesindeki risk y\u00f6neticileri ve risk y\u00f6netim tak\u0131m \u00fcyeleri, IT Risk y\u00f6neticileri ve tak\u0131m \u00fcyeleri, IT y\u00f6neticileri, bilgi g\u00fcvenli\u011fi y\u00f6neticileri ve tak\u0131m \u00fcyeleri, IT y\u00f6neticileri, IT ve risk y\u00f6netiminden sorumlu orta seviye organizasyon y\u00f6neticileri, i\u00e7 kontrol ve denetim ekip \u00fcyeleri, IT eksperleri ve dan\u0131\u015fmanlar.<\/li>\n<\/ul>\n<p>\u00a0 <strong>Hedeflenen Sonu\u00e7<\/strong><\/p>\n<ul>\n<li>Bilgi, kurumdaki di\u011fer varl\u0131klar gibi, kurum i\u00e7in \u00f6nem ta\u015f\u0131yan ve bu nedenle de en iyi \u015fekilde korunmas\u0131 gereken bir varl\u0131kt\u0131r. Bilgi g\u00fcvenli\u011fi; kurumdaki i\u015flerin s\u00fcreklili\u011finin sa\u011flanmas\u0131, i\u015flerde meydana gelebilecek aksakl\u0131klar\u0131n azalt\u0131lmas\u0131 ve yat\u0131r\u0131mlardan gelecek faydan\u0131n art\u0131r\u0131lmas\u0131 i\u00e7in bilginin geni\u015f \u00e7apl\u0131 risklerden korunmas\u0131n\u0131 sa\u011flar. Bilgi g\u00fcvenli\u011fi y\u00f6netimi konusunda en yayg\u0131n olarak kullan\u0131lan standart, \u201cISO\/IEC 27002 Bilgi G\u00fcvenli\u011fi Y\u00f6netimi \u0130\u00e7in Uygulama Prensipleri\u201d standard\u0131d\u0131r. Bu standart, i\u015fletmeler i\u00e7erisinde bilgi g\u00fcvenli\u011fini ba\u015flatan, ger\u00e7ekle\u015ftiren ve s\u00fcreklili\u011fini sa\u011flayan ki\u015filerin kullan\u0131m\u0131 i\u00e7in, bilgi g\u00fcvenli\u011fi y\u00f6netimi ile ilgili tavsiyeleri i\u00e7ermektedir. Kat\u0131l\u0131mc\u0131lar e\u011fitim sonunda i\u015fletmelerinde Bilgi G\u00fcvenli\u011fi Y\u00f6netim Sistemi kontrolleri konusunda detay bilgi seviyesine sahip olacaklard\u0131r.<\/li>\n<\/ul>\n<p>\u00a0 <strong>E\u011fitim \u0130\u00e7eri\u011fi<\/strong><\/p>\n<ul>\n<li>G\u00fcvenlik politikas\u0131<\/li>\n<li>Bilgi g\u00fcvenli\u011fi organizasyonu<\/li>\n<li>Varl\u0131k Y\u00f6netimi<\/li>\n<li>\u0130nsan Kaynaklar\u0131 G\u00fcvenli\u011fi<\/li>\n<li>Fiziksel ve \u00c7evresel G\u00fcvenlik<\/li>\n<li>Haberle\u015fme ve i\u015fletim y\u00f6netimi<\/li>\n<li>Eri\u015fim kontrol\u00fc<\/li>\n<li>Bilgi sistemleri edinim, geli\u015ftirme ve bak\u0131m\u0131<\/li>\n<li>Bilgi g\u00fcvenli\u011fi ihlal olay\u0131 y\u00f6netimi<\/li>\n<li>\u0130\u015f S\u00fcreklili\u011fi Y\u00f6netimi<\/li>\n<li>Uyum<\/li>\n<li>Bilgi sistemleri denetim hususlar\u0131<\/li>\n<\/ul>\n<p>\u00a0 <strong>Sertifika<\/strong><\/p>\n<ul>\n<li>E\u011fitimi tamamlayan t\u00fcm kat\u0131l\u0131mc\u0131lara GLOBAL ALLIANCE ACADEMY taraf\u0131ndan \u201cISO27002 Bilgi G\u00fcvenli\u011fi Y\u00f6netim Sistemi Kontrolleri Uygulama E\u011fitimi Kat\u0131l\u0131m Sertifikas\u0131\u201d verilecektir<\/li>\n<\/ul>","protected":false},"excerpt":{"rendered":"<p>\u00a0 Kat\u0131l\u0131mc\u0131 Profili Bilgi g\u00fcvenli\u011fi y\u00f6netim sistemi \u00e7al\u0131\u015fmalar\u0131n\u0131 y\u00fcr\u00fcten y\u00f6neticiler veya uzmanlar, bilgi g\u00fcvenli\u011fi y\u00f6netim sistemi \u00e7al\u0131\u015fmas\u0131 y\u00fcr\u00fctecek profesyoneller, \u0130\u015fletme b\u00fcnyesindeki risk y\u00f6neticileri ve risk y\u00f6netim tak\u0131m \u00fcyeleri, IT Risk&#8230; <\/p>\n","protected":false},"author":10,"featured_media":5171,"parent":2150,"menu_order":8,"comment_status":"closed","ping_status":"closed","template":"page-full.php","meta":{"_acf_changed":false,"om_disable_all_campaigns":false,"footnotes":""},"class_list":["post-2354","page","type-page","status-publish","has-post-thumbnail","hentry"],"acf":[],"yoast_head":"<!-- This site is optimized with the Yoast SEO plugin v27.4 - https:\/\/yoast.com\/product\/yoast-seo-wordpress\/ -->\n<title>BT 08 ISO 27002 Bilgi G\u00fcvenli\u011fi Y\u00f6netim Sistemi Kontrolleri Uygulama E\u011fitimi \u2013 2 g\u00fcn - Global Alliance Register<\/title>\n<meta name=\"robots\" content=\"index, follow, max-snippet:-1, max-image-preview:large, max-video-preview:-1\" \/>\n<link rel=\"canonical\" href=\"https:\/\/globalallianceregister.com\/tr\/services\/egitim\/turkce-bilgi-teknolojileri-yonetimi-2\/turkce-bt-08-iso27002-bilgi-guvenligi-yonetim-sistemi-kontrolleri-uygulama-egitimi-2-gun\/\" \/>\n<meta property=\"og:locale\" content=\"tr_TR\" \/>\n<meta property=\"og:type\" content=\"article\" \/>\n<meta property=\"og:title\" content=\"BT 08 ISO 27002 Bilgi G\u00fcvenli\u011fi Y\u00f6netim Sistemi Kontrolleri Uygulama E\u011fitimi \u2013 2 g\u00fcn - Global Alliance Register\" \/>\n<meta property=\"og:description\" content=\"\u00a0 Kat\u0131l\u0131mc\u0131 Profili Bilgi g\u00fcvenli\u011fi y\u00f6netim sistemi \u00e7al\u0131\u015fmalar\u0131n\u0131 y\u00fcr\u00fcten y\u00f6neticiler veya uzmanlar, bilgi g\u00fcvenli\u011fi y\u00f6netim sistemi \u00e7al\u0131\u015fmas\u0131 y\u00fcr\u00fctecek profesyoneller, \u0130\u015fletme b\u00fcnyesindeki risk y\u00f6neticileri ve risk y\u00f6netim tak\u0131m \u00fcyeleri, IT Risk...\" \/>\n<meta property=\"og:url\" content=\"https:\/\/globalallianceregister.com\/tr\/services\/egitim\/turkce-bilgi-teknolojileri-yonetimi-2\/turkce-bt-08-iso27002-bilgi-guvenligi-yonetim-sistemi-kontrolleri-uygulama-egitimi-2-gun\/\" \/>\n<meta property=\"og:site_name\" content=\"Global Alliance Register\" \/>\n<meta property=\"article:modified_time\" content=\"2015-12-16T15:41:01+00:00\" \/>\n<meta property=\"og:image\" content=\"https:\/\/globalallianceregister.com\/wp-content\/uploads\/2015\/08\/Training-Inner-Page.jpg\" \/>\n\t<meta property=\"og:image:width\" content=\"614\" \/>\n\t<meta property=\"og:image:height\" content=\"200\" \/>\n\t<meta property=\"og:image:type\" content=\"image\/jpeg\" \/>\n<meta name=\"twitter:label1\" content=\"Tahmini okuma s\u00fcresi\" \/>\n\t<meta name=\"twitter:data1\" content=\"2 dakika\" \/>\n<script type=\"application\/ld+json\" class=\"yoast-schema-graph\">{\"@context\":\"https:\\\/\\\/schema.org\",\"@graph\":[{\"@type\":\"WebPage\",\"@id\":\"https:\\\/\\\/globalallianceregister.com\\\/tr\\\/services\\\/egitim\\\/turkce-bilgi-teknolojileri-yonetimi-2\\\/turkce-bt-08-iso27002-bilgi-guvenligi-yonetim-sistemi-kontrolleri-uygulama-egitimi-2-gun\\\/\",\"url\":\"https:\\\/\\\/globalallianceregister.com\\\/tr\\\/services\\\/egitim\\\/turkce-bilgi-teknolojileri-yonetimi-2\\\/turkce-bt-08-iso27002-bilgi-guvenligi-yonetim-sistemi-kontrolleri-uygulama-egitimi-2-gun\\\/\",\"name\":\"BT 08 ISO 27002 Bilgi G\u00fcvenli\u011fi Y\u00f6netim Sistemi Kontrolleri Uygulama E\u011fitimi \u2013 2 g\u00fcn - Global Alliance Register\",\"isPartOf\":{\"@id\":\"https:\\\/\\\/globalallianceregister.com\\\/tr\\\/#website\"},\"primaryImageOfPage\":{\"@id\":\"https:\\\/\\\/globalallianceregister.com\\\/tr\\\/services\\\/egitim\\\/turkce-bilgi-teknolojileri-yonetimi-2\\\/turkce-bt-08-iso27002-bilgi-guvenligi-yonetim-sistemi-kontrolleri-uygulama-egitimi-2-gun\\\/#primaryimage\"},\"image\":{\"@id\":\"https:\\\/\\\/globalallianceregister.com\\\/tr\\\/services\\\/egitim\\\/turkce-bilgi-teknolojileri-yonetimi-2\\\/turkce-bt-08-iso27002-bilgi-guvenligi-yonetim-sistemi-kontrolleri-uygulama-egitimi-2-gun\\\/#primaryimage\"},\"thumbnailUrl\":\"https:\\\/\\\/globalallianceregister.com\\\/wp-content\\\/uploads\\\/2015\\\/08\\\/Training-Inner-Page.jpg\",\"datePublished\":\"2015-01-02T16:28:36+00:00\",\"dateModified\":\"2015-12-16T15:41:01+00:00\",\"breadcrumb\":{\"@id\":\"https:\\\/\\\/globalallianceregister.com\\\/tr\\\/services\\\/egitim\\\/turkce-bilgi-teknolojileri-yonetimi-2\\\/turkce-bt-08-iso27002-bilgi-guvenligi-yonetim-sistemi-kontrolleri-uygulama-egitimi-2-gun\\\/#breadcrumb\"},\"inLanguage\":\"tr\",\"potentialAction\":[{\"@type\":\"ReadAction\",\"target\":[[\"https:\\\/\\\/globalallianceregister.com\\\/tr\\\/services\\\/egitim\\\/turkce-bilgi-teknolojileri-yonetimi-2\\\/turkce-bt-08-iso27002-bilgi-guvenligi-yonetim-sistemi-kontrolleri-uygulama-egitimi-2-gun\\\/\"]]}]},{\"@type\":\"ImageObject\",\"inLanguage\":\"tr\",\"@id\":\"https:\\\/\\\/globalallianceregister.com\\\/tr\\\/services\\\/egitim\\\/turkce-bilgi-teknolojileri-yonetimi-2\\\/turkce-bt-08-iso27002-bilgi-guvenligi-yonetim-sistemi-kontrolleri-uygulama-egitimi-2-gun\\\/#primaryimage\",\"url\":\"https:\\\/\\\/globalallianceregister.com\\\/wp-content\\\/uploads\\\/2015\\\/08\\\/Training-Inner-Page.jpg\",\"contentUrl\":\"https:\\\/\\\/globalallianceregister.com\\\/wp-content\\\/uploads\\\/2015\\\/08\\\/Training-Inner-Page.jpg\",\"width\":614,\"height\":200},{\"@type\":\"BreadcrumbList\",\"@id\":\"https:\\\/\\\/globalallianceregister.com\\\/tr\\\/services\\\/egitim\\\/turkce-bilgi-teknolojileri-yonetimi-2\\\/turkce-bt-08-iso27002-bilgi-guvenligi-yonetim-sistemi-kontrolleri-uygulama-egitimi-2-gun\\\/#breadcrumb\",\"itemListElement\":[{\"@type\":\"ListItem\",\"position\":1,\"name\":\"Anasayfa\",\"item\":\"https:\\\/\\\/globalallianceregister.com\\\/tr\\\/\"},{\"@type\":\"ListItem\",\"position\":2,\"name\":\"BT 08 ISO 27002 Bilgi G\u00fcvenli\u011fi Y\u00f6netim Sistemi Kontrolleri Uygulama E\u011fitimi \u2013 2 g\u00fcn\"}]},{\"@type\":\"WebSite\",\"@id\":\"https:\\\/\\\/globalallianceregister.com\\\/tr\\\/#website\",\"url\":\"https:\\\/\\\/globalallianceregister.com\\\/tr\\\/\",\"name\":\"Global Alliance Register\",\"description\":\"(EN) Together for Excellence\",\"potentialAction\":[{\"@type\":\"SearchAction\",\"target\":{\"@type\":\"EntryPoint\",\"urlTemplate\":\"https:\\\/\\\/globalallianceregister.com\\\/tr\\\/?s={search_term_string}\"},\"query-input\":{\"@type\":\"PropertyValueSpecification\",\"valueRequired\":true,\"valueName\":\"search_term_string\"}}],\"inLanguage\":\"tr\"}]}<\/script>\n<!-- \/ Yoast SEO plugin. -->","yoast_head_json":{"title":"BT 08 ISO 27002 Bilgi G\u00fcvenli\u011fi Y\u00f6netim Sistemi Kontrolleri Uygulama E\u011fitimi \u2013 2 g\u00fcn - Global Alliance Register","robots":{"index":"index","follow":"follow","max-snippet":"max-snippet:-1","max-image-preview":"max-image-preview:large","max-video-preview":"max-video-preview:-1"},"canonical":"https:\/\/globalallianceregister.com\/tr\/services\/egitim\/turkce-bilgi-teknolojileri-yonetimi-2\/turkce-bt-08-iso27002-bilgi-guvenligi-yonetim-sistemi-kontrolleri-uygulama-egitimi-2-gun\/","og_locale":"tr_TR","og_type":"article","og_title":"BT 08 ISO 27002 Bilgi G\u00fcvenli\u011fi Y\u00f6netim Sistemi Kontrolleri Uygulama E\u011fitimi \u2013 2 g\u00fcn - Global Alliance Register","og_description":"\u00a0 Kat\u0131l\u0131mc\u0131 Profili Bilgi g\u00fcvenli\u011fi y\u00f6netim sistemi \u00e7al\u0131\u015fmalar\u0131n\u0131 y\u00fcr\u00fcten y\u00f6neticiler veya uzmanlar, bilgi g\u00fcvenli\u011fi y\u00f6netim sistemi \u00e7al\u0131\u015fmas\u0131 y\u00fcr\u00fctecek profesyoneller, \u0130\u015fletme b\u00fcnyesindeki risk y\u00f6neticileri ve risk y\u00f6netim tak\u0131m \u00fcyeleri, IT Risk...","og_url":"https:\/\/globalallianceregister.com\/tr\/services\/egitim\/turkce-bilgi-teknolojileri-yonetimi-2\/turkce-bt-08-iso27002-bilgi-guvenligi-yonetim-sistemi-kontrolleri-uygulama-egitimi-2-gun\/","og_site_name":"Global Alliance Register","article_modified_time":"2015-12-16T15:41:01+00:00","og_image":[{"width":614,"height":200,"url":"https:\/\/globalallianceregister.com\/wp-content\/uploads\/2015\/08\/Training-Inner-Page.jpg","type":"image\/jpeg"}],"twitter_misc":{"Tahmini okuma s\u00fcresi":"2 dakika"},"schema":{"@context":"https:\/\/schema.org","@graph":[{"@type":"WebPage","@id":"https:\/\/globalallianceregister.com\/tr\/services\/egitim\/turkce-bilgi-teknolojileri-yonetimi-2\/turkce-bt-08-iso27002-bilgi-guvenligi-yonetim-sistemi-kontrolleri-uygulama-egitimi-2-gun\/","url":"https:\/\/globalallianceregister.com\/tr\/services\/egitim\/turkce-bilgi-teknolojileri-yonetimi-2\/turkce-bt-08-iso27002-bilgi-guvenligi-yonetim-sistemi-kontrolleri-uygulama-egitimi-2-gun\/","name":"BT 08 ISO 27002 Bilgi G\u00fcvenli\u011fi Y\u00f6netim Sistemi Kontrolleri Uygulama E\u011fitimi \u2013 2 g\u00fcn - Global Alliance Register","isPartOf":{"@id":"https:\/\/globalallianceregister.com\/tr\/#website"},"primaryImageOfPage":{"@id":"https:\/\/globalallianceregister.com\/tr\/services\/egitim\/turkce-bilgi-teknolojileri-yonetimi-2\/turkce-bt-08-iso27002-bilgi-guvenligi-yonetim-sistemi-kontrolleri-uygulama-egitimi-2-gun\/#primaryimage"},"image":{"@id":"https:\/\/globalallianceregister.com\/tr\/services\/egitim\/turkce-bilgi-teknolojileri-yonetimi-2\/turkce-bt-08-iso27002-bilgi-guvenligi-yonetim-sistemi-kontrolleri-uygulama-egitimi-2-gun\/#primaryimage"},"thumbnailUrl":"https:\/\/globalallianceregister.com\/wp-content\/uploads\/2015\/08\/Training-Inner-Page.jpg","datePublished":"2015-01-02T16:28:36+00:00","dateModified":"2015-12-16T15:41:01+00:00","breadcrumb":{"@id":"https:\/\/globalallianceregister.com\/tr\/services\/egitim\/turkce-bilgi-teknolojileri-yonetimi-2\/turkce-bt-08-iso27002-bilgi-guvenligi-yonetim-sistemi-kontrolleri-uygulama-egitimi-2-gun\/#breadcrumb"},"inLanguage":"tr","potentialAction":[{"@type":"ReadAction","target":[["https:\/\/globalallianceregister.com\/tr\/services\/egitim\/turkce-bilgi-teknolojileri-yonetimi-2\/turkce-bt-08-iso27002-bilgi-guvenligi-yonetim-sistemi-kontrolleri-uygulama-egitimi-2-gun\/"]]}]},{"@type":"ImageObject","inLanguage":"tr","@id":"https:\/\/globalallianceregister.com\/tr\/services\/egitim\/turkce-bilgi-teknolojileri-yonetimi-2\/turkce-bt-08-iso27002-bilgi-guvenligi-yonetim-sistemi-kontrolleri-uygulama-egitimi-2-gun\/#primaryimage","url":"https:\/\/globalallianceregister.com\/wp-content\/uploads\/2015\/08\/Training-Inner-Page.jpg","contentUrl":"https:\/\/globalallianceregister.com\/wp-content\/uploads\/2015\/08\/Training-Inner-Page.jpg","width":614,"height":200},{"@type":"BreadcrumbList","@id":"https:\/\/globalallianceregister.com\/tr\/services\/egitim\/turkce-bilgi-teknolojileri-yonetimi-2\/turkce-bt-08-iso27002-bilgi-guvenligi-yonetim-sistemi-kontrolleri-uygulama-egitimi-2-gun\/#breadcrumb","itemListElement":[{"@type":"ListItem","position":1,"name":"Anasayfa","item":"https:\/\/globalallianceregister.com\/tr\/"},{"@type":"ListItem","position":2,"name":"BT 08 ISO 27002 Bilgi G\u00fcvenli\u011fi Y\u00f6netim Sistemi Kontrolleri Uygulama E\u011fitimi \u2013 2 g\u00fcn"}]},{"@type":"WebSite","@id":"https:\/\/globalallianceregister.com\/tr\/#website","url":"https:\/\/globalallianceregister.com\/tr\/","name":"Global Alliance Register","description":"(EN) Together for Excellence","potentialAction":[{"@type":"SearchAction","target":{"@type":"EntryPoint","urlTemplate":"https:\/\/globalallianceregister.com\/tr\/?s={search_term_string}"},"query-input":{"@type":"PropertyValueSpecification","valueRequired":true,"valueName":"search_term_string"}}],"inLanguage":"tr"}]}},"_links":{"self":[{"href":"https:\/\/globalallianceregister.com\/tr\/wp-json\/wp\/v2\/pages\/2354","targetHints":{"allow":["GET"]}}],"collection":[{"href":"https:\/\/globalallianceregister.com\/tr\/wp-json\/wp\/v2\/pages"}],"about":[{"href":"https:\/\/globalallianceregister.com\/tr\/wp-json\/wp\/v2\/types\/page"}],"author":[{"embeddable":true,"href":"https:\/\/globalallianceregister.com\/tr\/wp-json\/wp\/v2\/users\/10"}],"replies":[{"embeddable":true,"href":"https:\/\/globalallianceregister.com\/tr\/wp-json\/wp\/v2\/comments?post=2354"}],"version-history":[{"count":0,"href":"https:\/\/globalallianceregister.com\/tr\/wp-json\/wp\/v2\/pages\/2354\/revisions"}],"up":[{"embeddable":true,"href":"https:\/\/globalallianceregister.com\/tr\/wp-json\/wp\/v2\/pages\/2150"}],"wp:featuredmedia":[{"embeddable":true,"href":"https:\/\/globalallianceregister.com\/tr\/wp-json\/wp\/v2\/media\/5171"}],"wp:attachment":[{"href":"https:\/\/globalallianceregister.com\/tr\/wp-json\/wp\/v2\/media?parent=2354"}],"curies":[{"name":"wp","href":"https:\/\/api.w.org\/{rel}","templated":true}]}}