{"id":2357,"date":"2015-01-02T16:35:08","date_gmt":"2015-01-02T16:35:08","guid":{"rendered":"https:\/\/globalallianceregister.com\/?page_id=2357"},"modified":"2015-12-11T16:20:51","modified_gmt":"2015-12-11T16:20:51","slug":"turkce-yu-01-kaizen-egitimi-2-gun","status":"publish","type":"page","link":"https:\/\/globalallianceregister.com\/tr\/services\/egitim\/turkce-yalin-uretim-egitim-programi\/turkce-yu-01-kaizen-egitimi-2-gun\/","title":{"rendered":"YU 01 Kaizen E\u011fitimi \u2013 2 g\u00fcn"},"content":{"rendered":"<p>\u00a0 <strong>Kat\u0131l\u0131mc\u0131 Profili<\/strong><\/p>\n<ul>\n<li>Firman\u0131n her b\u00f6l\u00fcm\u00fcnden ve her kademeden ki\u015filer kat\u0131labilir.<\/li>\n<\/ul>\n<p>\u00a0 <strong>Hedeflenen\u00a0Sonu\u00e7<\/strong><\/p>\n<ul>\n<li>\u0130\u015fletmelerde s\u00fcrekli iyile\u015ftirme k\u00fclt\u00fcr\u00fcn\u00fcn yarat\u0131lmas\u0131, iyile\u015ftirmenin her zaman m\u00fcmk\u00fcn oldu\u011fu ve bu iyile\u015ftirmenin sonsuz oldu\u011fu d\u00fc\u015f\u00fcncesinin yayg\u0131la\u015ft\u0131r\u0131lmas\u0131. Her \u00e7al\u0131\u015fan\u0131n\u0131n i\u015fine iyile\u015ftirme anlam\u0131nda katk\u0131da bulunabilece\u011fi ve bulunmas\u0131 gerekti\u011fi d\u00fc\u015f\u00fcncesinin yarat\u0131lmas\u0131 e\u011fitimin temel hedefidir.<\/li>\n<li>G\u00fcn\u00fcm\u00fczde art\u0131k maliyet, kalite, servis seviyesi, esneklik gibi konular giderek \u00f6nem kazanmaktad\u0131r. Bu \u00f6zellikleri en iyi olan firmalar geli\u015fmeye di\u011ferleri ise pazar pay\u0131 kaybetmeye ba\u015flayacakt\u0131r.<\/li>\n<li>Bu geli\u015fmelerden hareketle firmalarda s\u00fcrekli iyile\u015ftirme k\u00fclt\u00fcr\u00fcn\u00fcn yayg\u0131nla\u015ft\u0131r\u0131lmas\u0131 zorunlulu\u011fu bulunmaktad\u0131r. Bu e\u011fitim ile kaizenin uygulanmas\u0131 i\u00e7in ki\u015filere bir vizon kazand\u0131r\u0131lmaya \u00e7al\u0131\u015f\u0131lmaktad\u0131r.<\/li>\n<\/ul>\n<p>\u00a0 <strong>\u00a0E\u011fitimin\u00a0\u0130\u00e7eri\u011fi<\/strong><\/p>\n<ul>\n<li>Karl\u0131l\u0131k ve maliyetlerdeki yeni yakla\u015f\u0131mlar.<\/li>\n<li>Yal\u0131n \u00fcretim sistemi ve elemanlar\u0131n\u0131n tan\u0131mlanmas\u0131<\/li>\n<li>Yedi MUDA (israf) ve nedenleri<\/li>\n<li>6 Temel kaizen kural\u0131<\/li>\n<li>Kaizen ve uygulama ad\u0131mlar\u0131<\/li>\n<li>Kaizen formlar\u0131 ve kullan\u0131lmas\u0131<\/li>\n<li>Kaizen uygulamas\u0131 \u00f6ncesi al\u0131\u015fmas\u0131 gereken \u00f6n yarg\u0131lar<\/li>\n<li>Kaizen organizasyonu<\/li>\n<li>Y\u0131ll\u0131k kaizen plan\u0131<\/li>\n<li>Kaizen uygulamalar\u0131 ve personel y\u00f6netimi<\/li>\n<li>\u015eirket bilgi payla\u015f\u0131m sistemi ve tek nokta e\u011fitimleri ile yay\u0131l\u0131m<\/li>\n<\/ul>\n<p>\u00a0 <strong>Sertifika<\/strong><\/p>\n<ul>\n<li>E\u011fitimi tamamlayan t\u00fcm kat\u0131l\u0131mc\u0131lara GLOBAL ALLIANCE ACADEMY taraf\u0131ndan \u201cKAIZEN E\u011fitimi Kat\u0131l\u0131m Sertifikas\u0131\u201d verilecektir.<\/li>\n<\/ul>","protected":false},"excerpt":{"rendered":"<p>\u00a0 Kat\u0131l\u0131mc\u0131 Profili Firman\u0131n her b\u00f6l\u00fcm\u00fcnden ve her kademeden ki\u015filer kat\u0131labilir. \u00a0 Hedeflenen\u00a0Sonu\u00e7 \u0130\u015fletmelerde s\u00fcrekli iyile\u015ftirme k\u00fclt\u00fcr\u00fcn\u00fcn yarat\u0131lmas\u0131, iyile\u015ftirmenin her zaman m\u00fcmk\u00fcn oldu\u011fu ve bu iyile\u015ftirmenin sonsuz oldu\u011fu d\u00fc\u015f\u00fcncesinin yayg\u0131la\u015ft\u0131r\u0131lmas\u0131&#8230;. <\/p>\n","protected":false},"author":10,"featured_media":0,"parent":2155,"menu_order":1,"comment_status":"closed","ping_status":"closed","template":"page-full.php","meta":{"_acf_changed":false,"om_disable_all_campaigns":false,"footnotes":""},"class_list":["post-2357","page","type-page","status-publish","hentry"],"acf":[],"yoast_head":"<!-- This site is optimized with the Yoast SEO plugin v27.4 - https:\/\/yoast.com\/product\/yoast-seo-wordpress\/ -->\n<title>YU 01 Kaizen E\u011fitimi \u2013 2 g\u00fcn - Global Alliance Register<\/title>\n<meta name=\"robots\" content=\"index, follow, max-snippet:-1, max-image-preview:large, max-video-preview:-1\" \/>\n<link rel=\"canonical\" href=\"https:\/\/globalallianceregister.com\/tr\/services\/egitim\/turkce-yalin-uretim-egitim-programi\/turkce-yu-01-kaizen-egitimi-2-gun\/\" \/>\n<meta property=\"og:locale\" content=\"tr_TR\" \/>\n<meta property=\"og:type\" content=\"article\" \/>\n<meta property=\"og:title\" content=\"YU 01 Kaizen E\u011fitimi \u2013 2 g\u00fcn - Global Alliance Register\" \/>\n<meta property=\"og:description\" content=\"\u00a0 Kat\u0131l\u0131mc\u0131 Profili Firman\u0131n her b\u00f6l\u00fcm\u00fcnden ve her kademeden ki\u015filer kat\u0131labilir. \u00a0 Hedeflenen\u00a0Sonu\u00e7 \u0130\u015fletmelerde s\u00fcrekli iyile\u015ftirme k\u00fclt\u00fcr\u00fcn\u00fcn yarat\u0131lmas\u0131, iyile\u015ftirmenin her zaman m\u00fcmk\u00fcn oldu\u011fu ve bu iyile\u015ftirmenin sonsuz oldu\u011fu d\u00fc\u015f\u00fcncesinin yayg\u0131la\u015ft\u0131r\u0131lmas\u0131....\" \/>\n<meta property=\"og:url\" content=\"https:\/\/globalallianceregister.com\/tr\/services\/egitim\/turkce-yalin-uretim-egitim-programi\/turkce-yu-01-kaizen-egitimi-2-gun\/\" \/>\n<meta property=\"og:site_name\" content=\"Global Alliance Register\" \/>\n<meta property=\"article:modified_time\" content=\"2015-12-11T16:20:51+00:00\" \/>\n<meta name=\"twitter:label1\" content=\"Tahmini okuma s\u00fcresi\" \/>\n\t<meta name=\"twitter:data1\" content=\"1 dakika\" \/>\n<script type=\"application\/ld+json\" class=\"yoast-schema-graph\">{\"@context\":\"https:\\\/\\\/schema.org\",\"@graph\":[{\"@type\":\"WebPage\",\"@id\":\"https:\\\/\\\/globalallianceregister.com\\\/tr\\\/services\\\/egitim\\\/turkce-yalin-uretim-egitim-programi\\\/turkce-yu-01-kaizen-egitimi-2-gun\\\/\",\"url\":\"https:\\\/\\\/globalallianceregister.com\\\/tr\\\/services\\\/egitim\\\/turkce-yalin-uretim-egitim-programi\\\/turkce-yu-01-kaizen-egitimi-2-gun\\\/\",\"name\":\"YU 01 Kaizen E\u011fitimi \u2013 2 g\u00fcn - Global Alliance Register\",\"isPartOf\":{\"@id\":\"https:\\\/\\\/globalallianceregister.com\\\/tr\\\/#website\"},\"datePublished\":\"2015-01-02T16:35:08+00:00\",\"dateModified\":\"2015-12-11T16:20:51+00:00\",\"breadcrumb\":{\"@id\":\"https:\\\/\\\/globalallianceregister.com\\\/tr\\\/services\\\/egitim\\\/turkce-yalin-uretim-egitim-programi\\\/turkce-yu-01-kaizen-egitimi-2-gun\\\/#breadcrumb\"},\"inLanguage\":\"tr\",\"potentialAction\":[{\"@type\":\"ReadAction\",\"target\":[[\"https:\\\/\\\/globalallianceregister.com\\\/tr\\\/services\\\/egitim\\\/turkce-yalin-uretim-egitim-programi\\\/turkce-yu-01-kaizen-egitimi-2-gun\\\/\"]]}]},{\"@type\":\"BreadcrumbList\",\"@id\":\"https:\\\/\\\/globalallianceregister.com\\\/tr\\\/services\\\/egitim\\\/turkce-yalin-uretim-egitim-programi\\\/turkce-yu-01-kaizen-egitimi-2-gun\\\/#breadcrumb\",\"itemListElement\":[{\"@type\":\"ListItem\",\"position\":1,\"name\":\"Anasayfa\",\"item\":\"https:\\\/\\\/globalallianceregister.com\\\/tr\\\/\"},{\"@type\":\"ListItem\",\"position\":2,\"name\":\"YU 01 Kaizen E\u011fitimi \u2013 2 g\u00fcn\"}]},{\"@type\":\"WebSite\",\"@id\":\"https:\\\/\\\/globalallianceregister.com\\\/tr\\\/#website\",\"url\":\"https:\\\/\\\/globalallianceregister.com\\\/tr\\\/\",\"name\":\"Global Alliance Register\",\"description\":\"(EN) Together for Excellence\",\"potentialAction\":[{\"@type\":\"SearchAction\",\"target\":{\"@type\":\"EntryPoint\",\"urlTemplate\":\"https:\\\/\\\/globalallianceregister.com\\\/tr\\\/?s={search_term_string}\"},\"query-input\":{\"@type\":\"PropertyValueSpecification\",\"valueRequired\":true,\"valueName\":\"search_term_string\"}}],\"inLanguage\":\"tr\"}]}<\/script>\n<!-- \/ Yoast SEO plugin. -->","yoast_head_json":{"title":"YU 01 Kaizen E\u011fitimi \u2013 2 g\u00fcn - Global Alliance Register","robots":{"index":"index","follow":"follow","max-snippet":"max-snippet:-1","max-image-preview":"max-image-preview:large","max-video-preview":"max-video-preview:-1"},"canonical":"https:\/\/globalallianceregister.com\/tr\/services\/egitim\/turkce-yalin-uretim-egitim-programi\/turkce-yu-01-kaizen-egitimi-2-gun\/","og_locale":"tr_TR","og_type":"article","og_title":"YU 01 Kaizen E\u011fitimi \u2013 2 g\u00fcn - Global Alliance Register","og_description":"\u00a0 Kat\u0131l\u0131mc\u0131 Profili Firman\u0131n her b\u00f6l\u00fcm\u00fcnden ve her kademeden ki\u015filer kat\u0131labilir. \u00a0 Hedeflenen\u00a0Sonu\u00e7 \u0130\u015fletmelerde s\u00fcrekli iyile\u015ftirme k\u00fclt\u00fcr\u00fcn\u00fcn yarat\u0131lmas\u0131, iyile\u015ftirmenin her zaman m\u00fcmk\u00fcn oldu\u011fu ve bu iyile\u015ftirmenin sonsuz oldu\u011fu d\u00fc\u015f\u00fcncesinin yayg\u0131la\u015ft\u0131r\u0131lmas\u0131....","og_url":"https:\/\/globalallianceregister.com\/tr\/services\/egitim\/turkce-yalin-uretim-egitim-programi\/turkce-yu-01-kaizen-egitimi-2-gun\/","og_site_name":"Global Alliance Register","article_modified_time":"2015-12-11T16:20:51+00:00","twitter_misc":{"Tahmini okuma s\u00fcresi":"1 dakika"},"schema":{"@context":"https:\/\/schema.org","@graph":[{"@type":"WebPage","@id":"https:\/\/globalallianceregister.com\/tr\/services\/egitim\/turkce-yalin-uretim-egitim-programi\/turkce-yu-01-kaizen-egitimi-2-gun\/","url":"https:\/\/globalallianceregister.com\/tr\/services\/egitim\/turkce-yalin-uretim-egitim-programi\/turkce-yu-01-kaizen-egitimi-2-gun\/","name":"YU 01 Kaizen E\u011fitimi \u2013 2 g\u00fcn - Global Alliance Register","isPartOf":{"@id":"https:\/\/globalallianceregister.com\/tr\/#website"},"datePublished":"2015-01-02T16:35:08+00:00","dateModified":"2015-12-11T16:20:51+00:00","breadcrumb":{"@id":"https:\/\/globalallianceregister.com\/tr\/services\/egitim\/turkce-yalin-uretim-egitim-programi\/turkce-yu-01-kaizen-egitimi-2-gun\/#breadcrumb"},"inLanguage":"tr","potentialAction":[{"@type":"ReadAction","target":[["https:\/\/globalallianceregister.com\/tr\/services\/egitim\/turkce-yalin-uretim-egitim-programi\/turkce-yu-01-kaizen-egitimi-2-gun\/"]]}]},{"@type":"BreadcrumbList","@id":"https:\/\/globalallianceregister.com\/tr\/services\/egitim\/turkce-yalin-uretim-egitim-programi\/turkce-yu-01-kaizen-egitimi-2-gun\/#breadcrumb","itemListElement":[{"@type":"ListItem","position":1,"name":"Anasayfa","item":"https:\/\/globalallianceregister.com\/tr\/"},{"@type":"ListItem","position":2,"name":"YU 01 Kaizen E\u011fitimi \u2013 2 g\u00fcn"}]},{"@type":"WebSite","@id":"https:\/\/globalallianceregister.com\/tr\/#website","url":"https:\/\/globalallianceregister.com\/tr\/","name":"Global Alliance Register","description":"(EN) Together for Excellence","potentialAction":[{"@type":"SearchAction","target":{"@type":"EntryPoint","urlTemplate":"https:\/\/globalallianceregister.com\/tr\/?s={search_term_string}"},"query-input":{"@type":"PropertyValueSpecification","valueRequired":true,"valueName":"search_term_string"}}],"inLanguage":"tr"}]}},"_links":{"self":[{"href":"https:\/\/globalallianceregister.com\/tr\/wp-json\/wp\/v2\/pages\/2357","targetHints":{"allow":["GET"]}}],"collection":[{"href":"https:\/\/globalallianceregister.com\/tr\/wp-json\/wp\/v2\/pages"}],"about":[{"href":"https:\/\/globalallianceregister.com\/tr\/wp-json\/wp\/v2\/types\/page"}],"author":[{"embeddable":true,"href":"https:\/\/globalallianceregister.com\/tr\/wp-json\/wp\/v2\/users\/10"}],"replies":[{"embeddable":true,"href":"https:\/\/globalallianceregister.com\/tr\/wp-json\/wp\/v2\/comments?post=2357"}],"version-history":[{"count":0,"href":"https:\/\/globalallianceregister.com\/tr\/wp-json\/wp\/v2\/pages\/2357\/revisions"}],"up":[{"embeddable":true,"href":"https:\/\/globalallianceregister.com\/tr\/wp-json\/wp\/v2\/pages\/2155"}],"wp:attachment":[{"href":"https:\/\/globalallianceregister.com\/tr\/wp-json\/wp\/v2\/media?parent=2357"}],"curies":[{"name":"wp","href":"https:\/\/api.w.org\/{rel}","templated":true}]}}