{"id":2359,"date":"2015-01-02T16:37:56","date_gmt":"2015-01-02T16:37:56","guid":{"rendered":"https:\/\/globalallianceregister.com\/?page_id=2359"},"modified":"2015-12-11T16:21:28","modified_gmt":"2015-12-11T16:21:28","slug":"turkce-yu-02-5s-tpm-egitimi-2-gun","status":"publish","type":"page","link":"https:\/\/globalallianceregister.com\/tr\/services\/egitim\/turkce-yalin-uretim-egitim-programi\/turkce-yu-02-5s-tpm-egitimi-2-gun\/","title":{"rendered":"YU 02\u00a0 5S- TPM E\u011fitimi \u2013 2 g\u00fcn"},"content":{"rendered":"<p>\u00a0 <strong>Kimler Kat\u0131labilir<\/strong><\/p>\n<ul>\n<li>Firman\u0131n t\u00fcm \u00e7al\u0131\u015fanlar\u0131. \u00d6zellikle \u00fcretim, bak\u0131m ve m\u00fchendislik birimlerinde \u00e7al\u0131\u015fan y\u00f6netici ve m\u00fchendisler, teknisyenler.<\/li>\n<\/ul>\n<p>\u00a0 <strong>E\u011fitimin Hedefi<\/strong><\/p>\n<ul>\n<li>\u0130\u015fletmelerde tertip ve d\u00fczenin sa\u011flamas\u0131 g\u00f6rsel iyile\u015fmemin yan\u0131nda t\u00fcm \u00e7al\u0131\u015fanlar\u0131n motivasyonu, prestij, i\u015f g\u00fcvenli\u011fi, firenin \u00f6nlenmesi, alan kullan\u0131m maliyetlerinin azalt\u0131lmas\u0131, \u00e7al\u0131\u015fanlar\u0131n \u00f6z disiplinlerinin geli\u015ftirilmesi a\u00e7\u0131s\u0131ndan 5S en \u00f6nemli uygulamalardand\u0131r. Yal\u0131n \u00fcretim teknikleri konusunda belirli bir geli\u015fme sa\u011flamak isteyen t\u00fcm firmalar i\u00e7in en olmazsa olmaz bir uygulamad\u0131r. Bu e\u011fitim ile kat\u0131l\u0131mc\u0131lar i\u015fletme i\u00e7inde m\u00fckemmel bir d\u00fczen ve disiplinin nas\u0131l kurulaca\u011f\u0131n\u0131 \u00f6\u011frenecekler.<\/li>\n<\/ul>\n<p>\u00a0 <strong>E\u011fitimin\u00a0\u0130\u00e7eri\u011fi<\/strong><\/p>\n<ul>\n<li>Neden 5S ?<\/li>\n<li>Verimlik ve \u00e7al\u0131\u015fma ortam\u0131n\u0131n ili\u015fkilendirilmesi<\/li>\n<li>5S ve a\u00e7\u0131l\u0131m\u0131<\/li>\n<li>Seiri (Se\u00e7me), Seiton (S\u0131ralama) ve Seiso (Silme)<\/li>\n<li>K\u0131rm\u0131z\u0131 kart uygulamas\u0131, stratejilerin belirlenmesi<\/li>\n<li>Seiketsu (Standart \u00e7al\u0131\u015fma). \u00d6rnek standart \u00e7al\u0131\u015fma uygulamas\u0131<\/li>\n<li>\u0130\u015f istasyonunda ergonominin sa\u011flanmas\u0131<\/li>\n<li>Verimli\u011fi d\u00fc\u015f\u00fcren 6 muda (israf) \u00e7al\u0131\u015fma \u015fekli ve bunlar\u0131n \u00f6nlenmesi i\u00e7in uygulanmas\u0131 gereken 5S uygulamalar\u0131<\/li>\n<li>Shitsuke (S\u00fcreklili\u011fin sa\u011flanmas\u0131 ve \u00f6z disiplin)<\/li>\n<li>5S, i\u015f g\u00fcvenli\u011fi denetim sistemi<\/li>\n<li>Ofis ortam\u0131nda 5S uygulamas\u0131<\/li>\n<li>5S Uygulama \u00f6rnekleri<\/li>\n<\/ul>\n<p>\u00a0 <strong>Sertifika<\/strong><\/p>\n<ul>\n<li>E\u011fitimi tamamlayan t\u00fcm kat\u0131l\u0131mc\u0131lara GLOBAL ALLIANCE ACADEMY taraf\u0131ndan \u201c5S E\u011fitimi Kat\u0131l\u0131m Sertifikas\u0131\u201d verilecektir.<\/li>\n<\/ul>","protected":false},"excerpt":{"rendered":"<p>\u00a0 Kimler Kat\u0131labilir Firman\u0131n t\u00fcm \u00e7al\u0131\u015fanlar\u0131. \u00d6zellikle \u00fcretim, bak\u0131m ve m\u00fchendislik birimlerinde \u00e7al\u0131\u015fan y\u00f6netici ve m\u00fchendisler, teknisyenler. \u00a0 E\u011fitimin Hedefi \u0130\u015fletmelerde tertip ve d\u00fczenin sa\u011flamas\u0131 g\u00f6rsel iyile\u015fmemin yan\u0131nda t\u00fcm \u00e7al\u0131\u015fanlar\u0131n&#8230; <\/p>\n","protected":false},"author":10,"featured_media":0,"parent":2155,"menu_order":2,"comment_status":"closed","ping_status":"closed","template":"page-full.php","meta":{"_acf_changed":false,"om_disable_all_campaigns":false,"footnotes":""},"class_list":["post-2359","page","type-page","status-publish","hentry"],"acf":[],"yoast_head":"<!-- This site is optimized with the Yoast SEO plugin v27.4 - https:\/\/yoast.com\/product\/yoast-seo-wordpress\/ -->\n<title>YU 02\u00a0 5S- TPM E\u011fitimi \u2013 2 g\u00fcn - Global Alliance Register<\/title>\n<meta name=\"robots\" content=\"index, follow, max-snippet:-1, max-image-preview:large, max-video-preview:-1\" \/>\n<link rel=\"canonical\" href=\"https:\/\/globalallianceregister.com\/tr\/services\/egitim\/turkce-yalin-uretim-egitim-programi\/turkce-yu-02-5s-tpm-egitimi-2-gun\/\" \/>\n<meta property=\"og:locale\" content=\"tr_TR\" \/>\n<meta property=\"og:type\" content=\"article\" \/>\n<meta property=\"og:title\" content=\"YU 02\u00a0 5S- TPM E\u011fitimi \u2013 2 g\u00fcn - Global Alliance Register\" \/>\n<meta property=\"og:description\" content=\"\u00a0 Kimler Kat\u0131labilir Firman\u0131n t\u00fcm \u00e7al\u0131\u015fanlar\u0131. \u00d6zellikle \u00fcretim, bak\u0131m ve m\u00fchendislik birimlerinde \u00e7al\u0131\u015fan y\u00f6netici ve m\u00fchendisler, teknisyenler. \u00a0 E\u011fitimin Hedefi \u0130\u015fletmelerde tertip ve d\u00fczenin sa\u011flamas\u0131 g\u00f6rsel iyile\u015fmemin yan\u0131nda t\u00fcm \u00e7al\u0131\u015fanlar\u0131n...\" \/>\n<meta property=\"og:url\" content=\"https:\/\/globalallianceregister.com\/tr\/services\/egitim\/turkce-yalin-uretim-egitim-programi\/turkce-yu-02-5s-tpm-egitimi-2-gun\/\" \/>\n<meta property=\"og:site_name\" content=\"Global Alliance Register\" \/>\n<meta property=\"article:modified_time\" content=\"2015-12-11T16:21:28+00:00\" \/>\n<meta name=\"twitter:label1\" content=\"Tahmini okuma s\u00fcresi\" \/>\n\t<meta name=\"twitter:data1\" content=\"1 dakika\" \/>\n<script type=\"application\/ld+json\" class=\"yoast-schema-graph\">{\"@context\":\"https:\\\/\\\/schema.org\",\"@graph\":[{\"@type\":\"WebPage\",\"@id\":\"https:\\\/\\\/globalallianceregister.com\\\/tr\\\/services\\\/egitim\\\/turkce-yalin-uretim-egitim-programi\\\/turkce-yu-02-5s-tpm-egitimi-2-gun\\\/\",\"url\":\"https:\\\/\\\/globalallianceregister.com\\\/tr\\\/services\\\/egitim\\\/turkce-yalin-uretim-egitim-programi\\\/turkce-yu-02-5s-tpm-egitimi-2-gun\\\/\",\"name\":\"YU 02\u00a0 5S- TPM E\u011fitimi \u2013 2 g\u00fcn - Global Alliance Register\",\"isPartOf\":{\"@id\":\"https:\\\/\\\/globalallianceregister.com\\\/tr\\\/#website\"},\"datePublished\":\"2015-01-02T16:37:56+00:00\",\"dateModified\":\"2015-12-11T16:21:28+00:00\",\"breadcrumb\":{\"@id\":\"https:\\\/\\\/globalallianceregister.com\\\/tr\\\/services\\\/egitim\\\/turkce-yalin-uretim-egitim-programi\\\/turkce-yu-02-5s-tpm-egitimi-2-gun\\\/#breadcrumb\"},\"inLanguage\":\"tr\",\"potentialAction\":[{\"@type\":\"ReadAction\",\"target\":[[\"https:\\\/\\\/globalallianceregister.com\\\/tr\\\/services\\\/egitim\\\/turkce-yalin-uretim-egitim-programi\\\/turkce-yu-02-5s-tpm-egitimi-2-gun\\\/\"]]}]},{\"@type\":\"BreadcrumbList\",\"@id\":\"https:\\\/\\\/globalallianceregister.com\\\/tr\\\/services\\\/egitim\\\/turkce-yalin-uretim-egitim-programi\\\/turkce-yu-02-5s-tpm-egitimi-2-gun\\\/#breadcrumb\",\"itemListElement\":[{\"@type\":\"ListItem\",\"position\":1,\"name\":\"Anasayfa\",\"item\":\"https:\\\/\\\/globalallianceregister.com\\\/tr\\\/\"},{\"@type\":\"ListItem\",\"position\":2,\"name\":\"YU 02\u00a0 5S- TPM E\u011fitimi \u2013 2 g\u00fcn\"}]},{\"@type\":\"WebSite\",\"@id\":\"https:\\\/\\\/globalallianceregister.com\\\/tr\\\/#website\",\"url\":\"https:\\\/\\\/globalallianceregister.com\\\/tr\\\/\",\"name\":\"Global Alliance Register\",\"description\":\"(EN) Together for Excellence\",\"potentialAction\":[{\"@type\":\"SearchAction\",\"target\":{\"@type\":\"EntryPoint\",\"urlTemplate\":\"https:\\\/\\\/globalallianceregister.com\\\/tr\\\/?s={search_term_string}\"},\"query-input\":{\"@type\":\"PropertyValueSpecification\",\"valueRequired\":true,\"valueName\":\"search_term_string\"}}],\"inLanguage\":\"tr\"}]}<\/script>\n<!-- \/ Yoast SEO plugin. -->","yoast_head_json":{"title":"YU 02\u00a0 5S- TPM E\u011fitimi \u2013 2 g\u00fcn - Global Alliance Register","robots":{"index":"index","follow":"follow","max-snippet":"max-snippet:-1","max-image-preview":"max-image-preview:large","max-video-preview":"max-video-preview:-1"},"canonical":"https:\/\/globalallianceregister.com\/tr\/services\/egitim\/turkce-yalin-uretim-egitim-programi\/turkce-yu-02-5s-tpm-egitimi-2-gun\/","og_locale":"tr_TR","og_type":"article","og_title":"YU 02\u00a0 5S- TPM E\u011fitimi \u2013 2 g\u00fcn - Global Alliance Register","og_description":"\u00a0 Kimler Kat\u0131labilir Firman\u0131n t\u00fcm \u00e7al\u0131\u015fanlar\u0131. \u00d6zellikle \u00fcretim, bak\u0131m ve m\u00fchendislik birimlerinde \u00e7al\u0131\u015fan y\u00f6netici ve m\u00fchendisler, teknisyenler. \u00a0 E\u011fitimin Hedefi \u0130\u015fletmelerde tertip ve d\u00fczenin sa\u011flamas\u0131 g\u00f6rsel iyile\u015fmemin yan\u0131nda t\u00fcm \u00e7al\u0131\u015fanlar\u0131n...","og_url":"https:\/\/globalallianceregister.com\/tr\/services\/egitim\/turkce-yalin-uretim-egitim-programi\/turkce-yu-02-5s-tpm-egitimi-2-gun\/","og_site_name":"Global Alliance Register","article_modified_time":"2015-12-11T16:21:28+00:00","twitter_misc":{"Tahmini okuma s\u00fcresi":"1 dakika"},"schema":{"@context":"https:\/\/schema.org","@graph":[{"@type":"WebPage","@id":"https:\/\/globalallianceregister.com\/tr\/services\/egitim\/turkce-yalin-uretim-egitim-programi\/turkce-yu-02-5s-tpm-egitimi-2-gun\/","url":"https:\/\/globalallianceregister.com\/tr\/services\/egitim\/turkce-yalin-uretim-egitim-programi\/turkce-yu-02-5s-tpm-egitimi-2-gun\/","name":"YU 02\u00a0 5S- TPM E\u011fitimi \u2013 2 g\u00fcn - Global Alliance Register","isPartOf":{"@id":"https:\/\/globalallianceregister.com\/tr\/#website"},"datePublished":"2015-01-02T16:37:56+00:00","dateModified":"2015-12-11T16:21:28+00:00","breadcrumb":{"@id":"https:\/\/globalallianceregister.com\/tr\/services\/egitim\/turkce-yalin-uretim-egitim-programi\/turkce-yu-02-5s-tpm-egitimi-2-gun\/#breadcrumb"},"inLanguage":"tr","potentialAction":[{"@type":"ReadAction","target":[["https:\/\/globalallianceregister.com\/tr\/services\/egitim\/turkce-yalin-uretim-egitim-programi\/turkce-yu-02-5s-tpm-egitimi-2-gun\/"]]}]},{"@type":"BreadcrumbList","@id":"https:\/\/globalallianceregister.com\/tr\/services\/egitim\/turkce-yalin-uretim-egitim-programi\/turkce-yu-02-5s-tpm-egitimi-2-gun\/#breadcrumb","itemListElement":[{"@type":"ListItem","position":1,"name":"Anasayfa","item":"https:\/\/globalallianceregister.com\/tr\/"},{"@type":"ListItem","position":2,"name":"YU 02\u00a0 5S- TPM E\u011fitimi \u2013 2 g\u00fcn"}]},{"@type":"WebSite","@id":"https:\/\/globalallianceregister.com\/tr\/#website","url":"https:\/\/globalallianceregister.com\/tr\/","name":"Global Alliance Register","description":"(EN) Together for Excellence","potentialAction":[{"@type":"SearchAction","target":{"@type":"EntryPoint","urlTemplate":"https:\/\/globalallianceregister.com\/tr\/?s={search_term_string}"},"query-input":{"@type":"PropertyValueSpecification","valueRequired":true,"valueName":"search_term_string"}}],"inLanguage":"tr"}]}},"_links":{"self":[{"href":"https:\/\/globalallianceregister.com\/tr\/wp-json\/wp\/v2\/pages\/2359","targetHints":{"allow":["GET"]}}],"collection":[{"href":"https:\/\/globalallianceregister.com\/tr\/wp-json\/wp\/v2\/pages"}],"about":[{"href":"https:\/\/globalallianceregister.com\/tr\/wp-json\/wp\/v2\/types\/page"}],"author":[{"embeddable":true,"href":"https:\/\/globalallianceregister.com\/tr\/wp-json\/wp\/v2\/users\/10"}],"replies":[{"embeddable":true,"href":"https:\/\/globalallianceregister.com\/tr\/wp-json\/wp\/v2\/comments?post=2359"}],"version-history":[{"count":0,"href":"https:\/\/globalallianceregister.com\/tr\/wp-json\/wp\/v2\/pages\/2359\/revisions"}],"up":[{"embeddable":true,"href":"https:\/\/globalallianceregister.com\/tr\/wp-json\/wp\/v2\/pages\/2155"}],"wp:attachment":[{"href":"https:\/\/globalallianceregister.com\/tr\/wp-json\/wp\/v2\/media?parent=2359"}],"curies":[{"name":"wp","href":"https:\/\/api.w.org\/{rel}","templated":true}]}}