{"id":2365,"date":"2015-01-02T16:44:12","date_gmt":"2015-01-02T16:44:12","guid":{"rendered":"https:\/\/globalallianceregister.com\/?page_id=2365"},"modified":"2015-12-17T12:20:40","modified_gmt":"2015-12-17T12:20:40","slug":"turkce-kg-02-yonetim-becerileri-gelistirme-2-gun","status":"publish","type":"page","link":"https:\/\/globalallianceregister.com\/tr\/services\/egitim\/individual-development\/turkce-kisisel-gelisim-egitim-programi\/turkce-kg-02-yonetim-becerileri-gelistirme-2-gun\/","title":{"rendered":"KG 02\u00a0 Y\u00f6netim Becerileri Geli\u015ftirme &#8211;\u00a0 2 g\u00fcn"},"content":{"rendered":"<p>\u00a0 <strong>Kat\u0131l\u0131mc\u0131 Profili<\/strong><\/p>\n<ul>\n<li>Organizasyonda g\u00f6rev yapmakta olan y\u00f6neticiler ve\/ veya y\u00f6netici adaylar\u0131 i\u00e7in ideal bir e\u011fitim program\u0131<\/li>\n<\/ul>\n<p>\u00a0 <strong>Hedeflenen Sonu\u00e7<\/strong><\/p>\n<ul>\n<li>Kat\u0131l\u0131mc\u0131lar\u0131n tak\u0131m bilinci, bireysel liderlik, dinleme ve anlama, y\u00f6netim becerileri konular\u0131nda fark\u0131ndal\u0131klar\u0131n\u0131 art\u0131rmakt\u0131r.<\/li>\n<\/ul>\n<p>\u00a0 <strong>E\u011fitim \u0130\u00e7eri\u011fi<\/strong><\/p>\n<ul>\n<li>Ya\u015fad\u0131klar\u0131 \u00e7evreyi tan\u0131ma<\/li>\n<li>Temel ki\u015filik \u00f6zelliklerimiz. De\u011fi\u015fim m\u00fcmk\u00fcn m\u00fc?<\/li>\n<li>Astlar\u0131n\u0131 ve \u00fcstlerini tan\u0131ma<\/li>\n<li>Dinleme &#8211; Anlama<\/li>\n<li>Etkili tak\u0131m kurma ve birlikte kazanma<\/li>\n<li>Liderlik becerileri<\/li>\n<li>\u0130\u015fleri Delege Etmek<\/li>\n<\/ul>\n<p>\u00a0 <strong>Sertifika<\/strong><\/p>\n<ul>\n<li>E\u011fitimi tamamlayan t\u00fcm kat\u0131l\u0131mc\u0131lara GLOBAL ALLIANCE ACADEMY taraf\u0131ndan, &#8221; Y\u00f6netim Becerilerini Geli\u015ftirme E\u011fitimi Kat\u0131l\u0131m Sertifikas\u0131&#8221; verilecektir.<\/li>\n<\/ul>","protected":false},"excerpt":{"rendered":"<p>\u00a0 Kat\u0131l\u0131mc\u0131 Profili Organizasyonda g\u00f6rev yapmakta olan y\u00f6neticiler ve\/ veya y\u00f6netici adaylar\u0131 i\u00e7in ideal bir e\u011fitim program\u0131 \u00a0 Hedeflenen Sonu\u00e7 Kat\u0131l\u0131mc\u0131lar\u0131n tak\u0131m bilinci, bireysel liderlik, dinleme ve anlama, y\u00f6netim becerileri&#8230; <\/p>\n","protected":false},"author":10,"featured_media":5171,"parent":2158,"menu_order":2,"comment_status":"closed","ping_status":"closed","template":"page-full.php","meta":{"_acf_changed":false,"om_disable_all_campaigns":false,"footnotes":""},"class_list":["post-2365","page","type-page","status-publish","has-post-thumbnail","hentry"],"acf":[],"yoast_head":"<!-- This site is optimized with the Yoast SEO plugin v27.4 - https:\/\/yoast.com\/product\/yoast-seo-wordpress\/ -->\n<title>KG 02\u00a0 Y\u00f6netim Becerileri Geli\u015ftirme -\u00a0 2 g\u00fcn - Global Alliance Register<\/title>\n<meta name=\"robots\" content=\"index, follow, max-snippet:-1, max-image-preview:large, max-video-preview:-1\" \/>\n<link rel=\"canonical\" href=\"https:\/\/globalallianceregister.com\/tr\/services\/egitim\/individual-development\/turkce-kisisel-gelisim-egitim-programi\/turkce-kg-02-yonetim-becerileri-gelistirme-2-gun\/\" \/>\n<meta property=\"og:locale\" content=\"tr_TR\" \/>\n<meta property=\"og:type\" content=\"article\" \/>\n<meta property=\"og:title\" content=\"KG 02\u00a0 Y\u00f6netim Becerileri Geli\u015ftirme -\u00a0 2 g\u00fcn - Global Alliance Register\" \/>\n<meta property=\"og:description\" content=\"\u00a0 Kat\u0131l\u0131mc\u0131 Profili Organizasyonda g\u00f6rev yapmakta olan y\u00f6neticiler ve\/ veya y\u00f6netici adaylar\u0131 i\u00e7in ideal bir e\u011fitim program\u0131 \u00a0 Hedeflenen Sonu\u00e7 Kat\u0131l\u0131mc\u0131lar\u0131n tak\u0131m bilinci, bireysel liderlik, dinleme ve anlama, y\u00f6netim becerileri...\" \/>\n<meta property=\"og:url\" content=\"https:\/\/globalallianceregister.com\/tr\/services\/egitim\/individual-development\/turkce-kisisel-gelisim-egitim-programi\/turkce-kg-02-yonetim-becerileri-gelistirme-2-gun\/\" \/>\n<meta property=\"og:site_name\" content=\"Global Alliance Register\" \/>\n<meta property=\"article:modified_time\" content=\"2015-12-17T12:20:40+00:00\" \/>\n<meta property=\"og:image\" content=\"https:\/\/globalallianceregister.com\/wp-content\/uploads\/2015\/08\/Training-Inner-Page.jpg\" \/>\n\t<meta property=\"og:image:width\" content=\"614\" \/>\n\t<meta property=\"og:image:height\" content=\"200\" \/>\n\t<meta property=\"og:image:type\" content=\"image\/jpeg\" \/>\n<meta name=\"twitter:label1\" content=\"Tahmini okuma s\u00fcresi\" \/>\n\t<meta name=\"twitter:data1\" content=\"1 dakika\" \/>\n<script type=\"application\/ld+json\" class=\"yoast-schema-graph\">{\"@context\":\"https:\\\/\\\/schema.org\",\"@graph\":[{\"@type\":\"WebPage\",\"@id\":\"https:\\\/\\\/globalallianceregister.com\\\/tr\\\/services\\\/egitim\\\/individual-development\\\/turkce-kisisel-gelisim-egitim-programi\\\/turkce-kg-02-yonetim-becerileri-gelistirme-2-gun\\\/\",\"url\":\"https:\\\/\\\/globalallianceregister.com\\\/tr\\\/services\\\/egitim\\\/individual-development\\\/turkce-kisisel-gelisim-egitim-programi\\\/turkce-kg-02-yonetim-becerileri-gelistirme-2-gun\\\/\",\"name\":\"KG 02\u00a0 Y\u00f6netim Becerileri Geli\u015ftirme -\u00a0 2 g\u00fcn - Global Alliance Register\",\"isPartOf\":{\"@id\":\"https:\\\/\\\/globalallianceregister.com\\\/tr\\\/#website\"},\"primaryImageOfPage\":{\"@id\":\"https:\\\/\\\/globalallianceregister.com\\\/tr\\\/services\\\/egitim\\\/individual-development\\\/turkce-kisisel-gelisim-egitim-programi\\\/turkce-kg-02-yonetim-becerileri-gelistirme-2-gun\\\/#primaryimage\"},\"image\":{\"@id\":\"https:\\\/\\\/globalallianceregister.com\\\/tr\\\/services\\\/egitim\\\/individual-development\\\/turkce-kisisel-gelisim-egitim-programi\\\/turkce-kg-02-yonetim-becerileri-gelistirme-2-gun\\\/#primaryimage\"},\"thumbnailUrl\":\"https:\\\/\\\/globalallianceregister.com\\\/wp-content\\\/uploads\\\/2015\\\/08\\\/Training-Inner-Page.jpg\",\"datePublished\":\"2015-01-02T16:44:12+00:00\",\"dateModified\":\"2015-12-17T12:20:40+00:00\",\"breadcrumb\":{\"@id\":\"https:\\\/\\\/globalallianceregister.com\\\/tr\\\/services\\\/egitim\\\/individual-development\\\/turkce-kisisel-gelisim-egitim-programi\\\/turkce-kg-02-yonetim-becerileri-gelistirme-2-gun\\\/#breadcrumb\"},\"inLanguage\":\"tr\",\"potentialAction\":[{\"@type\":\"ReadAction\",\"target\":[[\"https:\\\/\\\/globalallianceregister.com\\\/tr\\\/services\\\/egitim\\\/individual-development\\\/turkce-kisisel-gelisim-egitim-programi\\\/turkce-kg-02-yonetim-becerileri-gelistirme-2-gun\\\/\"]]}]},{\"@type\":\"ImageObject\",\"inLanguage\":\"tr\",\"@id\":\"https:\\\/\\\/globalallianceregister.com\\\/tr\\\/services\\\/egitim\\\/individual-development\\\/turkce-kisisel-gelisim-egitim-programi\\\/turkce-kg-02-yonetim-becerileri-gelistirme-2-gun\\\/#primaryimage\",\"url\":\"https:\\\/\\\/globalallianceregister.com\\\/wp-content\\\/uploads\\\/2015\\\/08\\\/Training-Inner-Page.jpg\",\"contentUrl\":\"https:\\\/\\\/globalallianceregister.com\\\/wp-content\\\/uploads\\\/2015\\\/08\\\/Training-Inner-Page.jpg\",\"width\":614,\"height\":200},{\"@type\":\"BreadcrumbList\",\"@id\":\"https:\\\/\\\/globalallianceregister.com\\\/tr\\\/services\\\/egitim\\\/individual-development\\\/turkce-kisisel-gelisim-egitim-programi\\\/turkce-kg-02-yonetim-becerileri-gelistirme-2-gun\\\/#breadcrumb\",\"itemListElement\":[{\"@type\":\"ListItem\",\"position\":1,\"name\":\"Anasayfa\",\"item\":\"https:\\\/\\\/globalallianceregister.com\\\/tr\\\/\"},{\"@type\":\"ListItem\",\"position\":2,\"name\":\"KG 02\u00a0 Y\u00f6netim Becerileri Geli\u015ftirme &#8211;\u00a0 2 g\u00fcn\"}]},{\"@type\":\"WebSite\",\"@id\":\"https:\\\/\\\/globalallianceregister.com\\\/tr\\\/#website\",\"url\":\"https:\\\/\\\/globalallianceregister.com\\\/tr\\\/\",\"name\":\"Global Alliance Register\",\"description\":\"(EN) Together for Excellence\",\"potentialAction\":[{\"@type\":\"SearchAction\",\"target\":{\"@type\":\"EntryPoint\",\"urlTemplate\":\"https:\\\/\\\/globalallianceregister.com\\\/tr\\\/?s={search_term_string}\"},\"query-input\":{\"@type\":\"PropertyValueSpecification\",\"valueRequired\":true,\"valueName\":\"search_term_string\"}}],\"inLanguage\":\"tr\"}]}<\/script>\n<!-- \/ Yoast SEO plugin. -->","yoast_head_json":{"title":"KG 02\u00a0 Y\u00f6netim Becerileri Geli\u015ftirme -\u00a0 2 g\u00fcn - Global Alliance Register","robots":{"index":"index","follow":"follow","max-snippet":"max-snippet:-1","max-image-preview":"max-image-preview:large","max-video-preview":"max-video-preview:-1"},"canonical":"https:\/\/globalallianceregister.com\/tr\/services\/egitim\/individual-development\/turkce-kisisel-gelisim-egitim-programi\/turkce-kg-02-yonetim-becerileri-gelistirme-2-gun\/","og_locale":"tr_TR","og_type":"article","og_title":"KG 02\u00a0 Y\u00f6netim Becerileri Geli\u015ftirme -\u00a0 2 g\u00fcn - Global Alliance Register","og_description":"\u00a0 Kat\u0131l\u0131mc\u0131 Profili Organizasyonda g\u00f6rev yapmakta olan y\u00f6neticiler ve\/ veya y\u00f6netici adaylar\u0131 i\u00e7in ideal bir e\u011fitim program\u0131 \u00a0 Hedeflenen Sonu\u00e7 Kat\u0131l\u0131mc\u0131lar\u0131n tak\u0131m bilinci, bireysel liderlik, dinleme ve anlama, y\u00f6netim becerileri...","og_url":"https:\/\/globalallianceregister.com\/tr\/services\/egitim\/individual-development\/turkce-kisisel-gelisim-egitim-programi\/turkce-kg-02-yonetim-becerileri-gelistirme-2-gun\/","og_site_name":"Global Alliance Register","article_modified_time":"2015-12-17T12:20:40+00:00","og_image":[{"width":614,"height":200,"url":"https:\/\/globalallianceregister.com\/wp-content\/uploads\/2015\/08\/Training-Inner-Page.jpg","type":"image\/jpeg"}],"twitter_misc":{"Tahmini okuma s\u00fcresi":"1 dakika"},"schema":{"@context":"https:\/\/schema.org","@graph":[{"@type":"WebPage","@id":"https:\/\/globalallianceregister.com\/tr\/services\/egitim\/individual-development\/turkce-kisisel-gelisim-egitim-programi\/turkce-kg-02-yonetim-becerileri-gelistirme-2-gun\/","url":"https:\/\/globalallianceregister.com\/tr\/services\/egitim\/individual-development\/turkce-kisisel-gelisim-egitim-programi\/turkce-kg-02-yonetim-becerileri-gelistirme-2-gun\/","name":"KG 02\u00a0 Y\u00f6netim Becerileri Geli\u015ftirme -\u00a0 2 g\u00fcn - Global Alliance Register","isPartOf":{"@id":"https:\/\/globalallianceregister.com\/tr\/#website"},"primaryImageOfPage":{"@id":"https:\/\/globalallianceregister.com\/tr\/services\/egitim\/individual-development\/turkce-kisisel-gelisim-egitim-programi\/turkce-kg-02-yonetim-becerileri-gelistirme-2-gun\/#primaryimage"},"image":{"@id":"https:\/\/globalallianceregister.com\/tr\/services\/egitim\/individual-development\/turkce-kisisel-gelisim-egitim-programi\/turkce-kg-02-yonetim-becerileri-gelistirme-2-gun\/#primaryimage"},"thumbnailUrl":"https:\/\/globalallianceregister.com\/wp-content\/uploads\/2015\/08\/Training-Inner-Page.jpg","datePublished":"2015-01-02T16:44:12+00:00","dateModified":"2015-12-17T12:20:40+00:00","breadcrumb":{"@id":"https:\/\/globalallianceregister.com\/tr\/services\/egitim\/individual-development\/turkce-kisisel-gelisim-egitim-programi\/turkce-kg-02-yonetim-becerileri-gelistirme-2-gun\/#breadcrumb"},"inLanguage":"tr","potentialAction":[{"@type":"ReadAction","target":[["https:\/\/globalallianceregister.com\/tr\/services\/egitim\/individual-development\/turkce-kisisel-gelisim-egitim-programi\/turkce-kg-02-yonetim-becerileri-gelistirme-2-gun\/"]]}]},{"@type":"ImageObject","inLanguage":"tr","@id":"https:\/\/globalallianceregister.com\/tr\/services\/egitim\/individual-development\/turkce-kisisel-gelisim-egitim-programi\/turkce-kg-02-yonetim-becerileri-gelistirme-2-gun\/#primaryimage","url":"https:\/\/globalallianceregister.com\/wp-content\/uploads\/2015\/08\/Training-Inner-Page.jpg","contentUrl":"https:\/\/globalallianceregister.com\/wp-content\/uploads\/2015\/08\/Training-Inner-Page.jpg","width":614,"height":200},{"@type":"BreadcrumbList","@id":"https:\/\/globalallianceregister.com\/tr\/services\/egitim\/individual-development\/turkce-kisisel-gelisim-egitim-programi\/turkce-kg-02-yonetim-becerileri-gelistirme-2-gun\/#breadcrumb","itemListElement":[{"@type":"ListItem","position":1,"name":"Anasayfa","item":"https:\/\/globalallianceregister.com\/tr\/"},{"@type":"ListItem","position":2,"name":"KG 02\u00a0 Y\u00f6netim Becerileri Geli\u015ftirme &#8211;\u00a0 2 g\u00fcn"}]},{"@type":"WebSite","@id":"https:\/\/globalallianceregister.com\/tr\/#website","url":"https:\/\/globalallianceregister.com\/tr\/","name":"Global Alliance Register","description":"(EN) Together for Excellence","potentialAction":[{"@type":"SearchAction","target":{"@type":"EntryPoint","urlTemplate":"https:\/\/globalallianceregister.com\/tr\/?s={search_term_string}"},"query-input":{"@type":"PropertyValueSpecification","valueRequired":true,"valueName":"search_term_string"}}],"inLanguage":"tr"}]}},"_links":{"self":[{"href":"https:\/\/globalallianceregister.com\/tr\/wp-json\/wp\/v2\/pages\/2365","targetHints":{"allow":["GET"]}}],"collection":[{"href":"https:\/\/globalallianceregister.com\/tr\/wp-json\/wp\/v2\/pages"}],"about":[{"href":"https:\/\/globalallianceregister.com\/tr\/wp-json\/wp\/v2\/types\/page"}],"author":[{"embeddable":true,"href":"https:\/\/globalallianceregister.com\/tr\/wp-json\/wp\/v2\/users\/10"}],"replies":[{"embeddable":true,"href":"https:\/\/globalallianceregister.com\/tr\/wp-json\/wp\/v2\/comments?post=2365"}],"version-history":[{"count":0,"href":"https:\/\/globalallianceregister.com\/tr\/wp-json\/wp\/v2\/pages\/2365\/revisions"}],"up":[{"embeddable":true,"href":"https:\/\/globalallianceregister.com\/tr\/wp-json\/wp\/v2\/pages\/2158"}],"wp:featuredmedia":[{"embeddable":true,"href":"https:\/\/globalallianceregister.com\/tr\/wp-json\/wp\/v2\/media\/5171"}],"wp:attachment":[{"href":"https:\/\/globalallianceregister.com\/tr\/wp-json\/wp\/v2\/media?parent=2365"}],"curies":[{"name":"wp","href":"https:\/\/api.w.org\/{rel}","templated":true}]}}