{"id":238,"date":"2010-12-29T13:45:30","date_gmt":"2010-12-29T13:45:30","guid":{"rendered":"https:\/\/globalallianceregister.com\/?page_id=238"},"modified":"2015-12-11T13:56:51","modified_gmt":"2015-12-11T13:56:51","slug":"product-certification","status":"publish","type":"page","link":"https:\/\/globalallianceregister.com\/tr\/services\/certification\/product-certification\/","title":{"rendered":"\u00dcr\u00fcn Belgelendirme"},"content":{"rendered":"<p><strong>T\u00fcrkiye\u2019de ve t\u00fcm d\u00fcnyada mevcut ofis a\u011f\u0131yla Global Alliance Register taraf\u0131ndan sunulmakta olan g\u00fcvenilir ve y\u00fcksek kabul g\u00f6ren \u00dcr\u00fcn Belgelendirme Hizmetleri ile; standartlar, normlar, teknik \u015fartnameler, proje gereklilikleri ve tasar\u0131m kriterlerine uygunluk sa\u011flayarak rekabet avantaj\u0131 elde edin\u2026 <\/strong><\/p>\n<p>Global Alliance Register taraf\u0131ndan sunulmakta olan\u00a0\u00dcr\u00fcn Belgelendirme\u00a0Hizmetleri ana kategoriler halinde\u00a0a\u015fa\u011f\u0131da belirtilmekte olup bu kapsam m\u00fc\u015fteri talepleri ile daha da zenginle\u015fmektedir.<\/p>\n<div id=\"content_applied_s\">\n<h1>\u00dcr\u00fcn Belgelendirme Portf\u00f6y\u00fc<\/h1>\n<ul>\n<li id=\"content_applied_s_left\"><a title=\"\u00dcr\u00fcn Tip Onay\u0131\" href=\"https:\/\/globalallianceregister.com\/?page_id=357&amp;lang=tr\">\u00dcr\u00fcn Tip Onay\u0131 (Prototip Onay\u0131)<\/a><\/li>\n<li><a title=\"CE Markalama\" href=\"https:\/\/globalallianceregister.com\/?page_id=359&amp;lang=tr\">CE Markalama<\/a><\/li>\n<li><a title=\"Zorunlu Belgelendirme Rusya Federasyonu\" href=\"https:\/\/globalallianceregister.com\/?page_id=361&amp;lang=tr\">Zorunlu Belgelendirme Rusya Federasyonu<\/a><\/li>\n<\/ul>\n<\/div>\n<p>\u00a0 <strong>\u00dcr\u00fcn Belgelendirme Hizmetlerine ili\u015fkin t\u00fcm sorular\u0131n\u0131z ve talepleriniz i\u00e7in l\u00fctfen taraf\u0131m\u0131zla temas kurunuz\u2026<\/strong><\/p>","protected":false},"excerpt":{"rendered":"<p>T\u00fcrkiye\u2019de ve t\u00fcm d\u00fcnyada mevcut ofis a\u011f\u0131yla Global Alliance Register taraf\u0131ndan sunulmakta olan g\u00fcvenilir ve y\u00fcksek kabul g\u00f6ren \u00dcr\u00fcn Belgelendirme Hizmetleri ile; standartlar, normlar, teknik \u015fartnameler, proje gereklilikleri ve tasar\u0131m&#8230; <\/p>\n","protected":false},"author":10,"featured_media":0,"parent":170,"menu_order":1,"comment_status":"closed","ping_status":"closed","template":"page-full.php","meta":{"_acf_changed":false,"om_disable_all_campaigns":false,"footnotes":""},"class_list":["post-238","page","type-page","status-publish","hentry"],"acf":[],"yoast_head":"<!-- This site is optimized with the Yoast SEO plugin v27.4 - https:\/\/yoast.com\/product\/yoast-seo-wordpress\/ -->\n<title>\u00dcr\u00fcn Belgelendirme - Global Alliance Register<\/title>\n<meta name=\"robots\" content=\"index, follow, max-snippet:-1, max-image-preview:large, max-video-preview:-1\" \/>\n<link rel=\"canonical\" href=\"https:\/\/globalallianceregister.com\/tr\/services\/certification\/product-certification\/\" \/>\n<meta property=\"og:locale\" content=\"tr_TR\" \/>\n<meta property=\"og:type\" content=\"article\" \/>\n<meta property=\"og:title\" content=\"\u00dcr\u00fcn Belgelendirme - Global Alliance Register\" \/>\n<meta property=\"og:description\" content=\"T\u00fcrkiye\u2019de ve t\u00fcm d\u00fcnyada mevcut ofis a\u011f\u0131yla Global Alliance Register taraf\u0131ndan sunulmakta olan g\u00fcvenilir ve y\u00fcksek kabul g\u00f6ren \u00dcr\u00fcn Belgelendirme Hizmetleri ile; standartlar, normlar, teknik \u015fartnameler, proje gereklilikleri ve tasar\u0131m...\" \/>\n<meta property=\"og:url\" content=\"https:\/\/globalallianceregister.com\/tr\/services\/certification\/product-certification\/\" \/>\n<meta property=\"og:site_name\" content=\"Global Alliance Register\" \/>\n<meta property=\"article:modified_time\" content=\"2015-12-11T13:56:51+00:00\" \/>\n<meta name=\"twitter:label1\" content=\"Tahmini okuma s\u00fcresi\" \/>\n\t<meta name=\"twitter:data1\" content=\"1 dakika\" \/>\n<script type=\"application\/ld+json\" class=\"yoast-schema-graph\">{\"@context\":\"https:\\\/\\\/schema.org\",\"@graph\":[{\"@type\":\"WebPage\",\"@id\":\"https:\\\/\\\/globalallianceregister.com\\\/tr\\\/services\\\/certification\\\/product-certification\\\/\",\"url\":\"https:\\\/\\\/globalallianceregister.com\\\/tr\\\/services\\\/certification\\\/product-certification\\\/\",\"name\":\"\u00dcr\u00fcn Belgelendirme - Global Alliance Register\",\"isPartOf\":{\"@id\":\"https:\\\/\\\/globalallianceregister.com\\\/tr\\\/#website\"},\"datePublished\":\"2010-12-29T13:45:30+00:00\",\"dateModified\":\"2015-12-11T13:56:51+00:00\",\"breadcrumb\":{\"@id\":\"https:\\\/\\\/globalallianceregister.com\\\/tr\\\/services\\\/certification\\\/product-certification\\\/#breadcrumb\"},\"inLanguage\":\"tr\",\"potentialAction\":[{\"@type\":\"ReadAction\",\"target\":[[\"https:\\\/\\\/globalallianceregister.com\\\/tr\\\/services\\\/certification\\\/product-certification\\\/\"]]}]},{\"@type\":\"BreadcrumbList\",\"@id\":\"https:\\\/\\\/globalallianceregister.com\\\/tr\\\/services\\\/certification\\\/product-certification\\\/#breadcrumb\",\"itemListElement\":[{\"@type\":\"ListItem\",\"position\":1,\"name\":\"Anasayfa\",\"item\":\"https:\\\/\\\/globalallianceregister.com\\\/tr\\\/\"},{\"@type\":\"ListItem\",\"position\":2,\"name\":\"\u00dcr\u00fcn Belgelendirme\"}]},{\"@type\":\"WebSite\",\"@id\":\"https:\\\/\\\/globalallianceregister.com\\\/tr\\\/#website\",\"url\":\"https:\\\/\\\/globalallianceregister.com\\\/tr\\\/\",\"name\":\"Global Alliance Register\",\"description\":\"(EN) Together for Excellence\",\"potentialAction\":[{\"@type\":\"SearchAction\",\"target\":{\"@type\":\"EntryPoint\",\"urlTemplate\":\"https:\\\/\\\/globalallianceregister.com\\\/tr\\\/?s={search_term_string}\"},\"query-input\":{\"@type\":\"PropertyValueSpecification\",\"valueRequired\":true,\"valueName\":\"search_term_string\"}}],\"inLanguage\":\"tr\"}]}<\/script>\n<!-- \/ Yoast SEO plugin. -->","yoast_head_json":{"title":"\u00dcr\u00fcn Belgelendirme - Global Alliance Register","robots":{"index":"index","follow":"follow","max-snippet":"max-snippet:-1","max-image-preview":"max-image-preview:large","max-video-preview":"max-video-preview:-1"},"canonical":"https:\/\/globalallianceregister.com\/tr\/services\/certification\/product-certification\/","og_locale":"tr_TR","og_type":"article","og_title":"\u00dcr\u00fcn Belgelendirme - Global Alliance Register","og_description":"T\u00fcrkiye\u2019de ve t\u00fcm d\u00fcnyada mevcut ofis a\u011f\u0131yla Global Alliance Register taraf\u0131ndan sunulmakta olan g\u00fcvenilir ve y\u00fcksek kabul g\u00f6ren \u00dcr\u00fcn Belgelendirme Hizmetleri ile; standartlar, normlar, teknik \u015fartnameler, proje gereklilikleri ve tasar\u0131m...","og_url":"https:\/\/globalallianceregister.com\/tr\/services\/certification\/product-certification\/","og_site_name":"Global Alliance Register","article_modified_time":"2015-12-11T13:56:51+00:00","twitter_misc":{"Tahmini okuma s\u00fcresi":"1 dakika"},"schema":{"@context":"https:\/\/schema.org","@graph":[{"@type":"WebPage","@id":"https:\/\/globalallianceregister.com\/tr\/services\/certification\/product-certification\/","url":"https:\/\/globalallianceregister.com\/tr\/services\/certification\/product-certification\/","name":"\u00dcr\u00fcn Belgelendirme - Global Alliance Register","isPartOf":{"@id":"https:\/\/globalallianceregister.com\/tr\/#website"},"datePublished":"2010-12-29T13:45:30+00:00","dateModified":"2015-12-11T13:56:51+00:00","breadcrumb":{"@id":"https:\/\/globalallianceregister.com\/tr\/services\/certification\/product-certification\/#breadcrumb"},"inLanguage":"tr","potentialAction":[{"@type":"ReadAction","target":[["https:\/\/globalallianceregister.com\/tr\/services\/certification\/product-certification\/"]]}]},{"@type":"BreadcrumbList","@id":"https:\/\/globalallianceregister.com\/tr\/services\/certification\/product-certification\/#breadcrumb","itemListElement":[{"@type":"ListItem","position":1,"name":"Anasayfa","item":"https:\/\/globalallianceregister.com\/tr\/"},{"@type":"ListItem","position":2,"name":"\u00dcr\u00fcn Belgelendirme"}]},{"@type":"WebSite","@id":"https:\/\/globalallianceregister.com\/tr\/#website","url":"https:\/\/globalallianceregister.com\/tr\/","name":"Global Alliance Register","description":"(EN) Together for Excellence","potentialAction":[{"@type":"SearchAction","target":{"@type":"EntryPoint","urlTemplate":"https:\/\/globalallianceregister.com\/tr\/?s={search_term_string}"},"query-input":{"@type":"PropertyValueSpecification","valueRequired":true,"valueName":"search_term_string"}}],"inLanguage":"tr"}]}},"_links":{"self":[{"href":"https:\/\/globalallianceregister.com\/tr\/wp-json\/wp\/v2\/pages\/238","targetHints":{"allow":["GET"]}}],"collection":[{"href":"https:\/\/globalallianceregister.com\/tr\/wp-json\/wp\/v2\/pages"}],"about":[{"href":"https:\/\/globalallianceregister.com\/tr\/wp-json\/wp\/v2\/types\/page"}],"author":[{"embeddable":true,"href":"https:\/\/globalallianceregister.com\/tr\/wp-json\/wp\/v2\/users\/10"}],"replies":[{"embeddable":true,"href":"https:\/\/globalallianceregister.com\/tr\/wp-json\/wp\/v2\/comments?post=238"}],"version-history":[{"count":0,"href":"https:\/\/globalallianceregister.com\/tr\/wp-json\/wp\/v2\/pages\/238\/revisions"}],"up":[{"embeddable":true,"href":"https:\/\/globalallianceregister.com\/tr\/wp-json\/wp\/v2\/pages\/170"}],"wp:attachment":[{"href":"https:\/\/globalallianceregister.com\/tr\/wp-json\/wp\/v2\/media?parent=238"}],"curies":[{"name":"wp","href":"https:\/\/api.w.org\/{rel}","templated":true}]}}