{"id":2381,"date":"2015-01-02T17:00:54","date_gmt":"2015-01-02T17:00:54","guid":{"rendered":"https:\/\/globalallianceregister.com\/?page_id=2381"},"modified":"2015-12-17T12:23:53","modified_gmt":"2015-12-17T12:23:53","slug":"turkce-kg-10-problem-cozme-teknikleri-ve-catisma-yontemi-2-gun","status":"publish","type":"page","link":"https:\/\/globalallianceregister.com\/tr\/services\/egitim\/individual-development\/turkce-kisisel-gelisim-egitim-programi\/turkce-kg-10-problem-cozme-teknikleri-ve-catisma-yontemi-2-gun\/","title":{"rendered":"KG 10\u00a0 Problem \u00c7\u00f6zme Teknikleri ve \u00c7at\u0131\u015fma Y\u00f6ntemi \u2013 2 g\u00fcn"},"content":{"rendered":"<p>&nbsp;<\/p>\n<p><strong>\u00a0Kat\u0131l\u0131mc\u0131 Profili<\/strong><\/p>\n<ul>\n<li>Bu yolculu\u011fun gere\u011fine inan t\u00fcm bireyler.<\/li>\n<\/ul>\n<p>&nbsp;<\/p>\n<p><strong>Hedeflenen Sonu\u00e7<\/strong><\/p>\n<ul>\n<li>\u00c7e\u015fitli nedenlerle bir arada ya\u015fayan bireyler, gruplar, organizasyonlar ve \u00fclkeler aras\u0131nda farkl\u0131l\u0131klardan dolay\u0131 problemlerin ve \u00e7at\u0131\u015fmalar\u0131n meydana geldi\u011fi bir ger\u00e7ektir. Bu yolculu\u011fumuzun temel hedefi:\n<ul>\n<li>Problemlerin, \u00e7at\u0131\u015fmalar\u0131n do\u011fas\u0131n\u0131 anla\u015f\u0131labilir k\u0131lmak<\/li>\n<li>Problemlerden ve \u00e7at\u0131\u015fmalardan etkin birliktelik sa\u011flamak<\/li>\n<\/ul>\n<\/li>\n<\/ul>\n<p>&nbsp;<\/p>\n<p><strong>E\u011fitim \u0130\u00e7eri\u011fi<\/strong><\/p>\n<ul>\n<li>PROBLEM \u00c7\u00d6ZME TEKN\u0130KLER\u0130 VE \u00c7ATI\u015eMA Y\u00d6NET\u0130M D\u00dcNYASINDA YOLCULUK\n<ul>\n<li>Problem Nedir?<\/li>\n<li>Neden Problem?<\/li>\n<li>Problem ve Geli\u015fim \u0130li\u015fkisi<\/li>\n<li>\u00c7at\u0131\u015fma Nedir?<\/li>\n<li>Neden \u00c7at\u0131\u015fma?<\/li>\n<li>\u00c7at\u0131\u015fma ve Geli\u015fim \u0130li\u015fkisi<\/li>\n<li>Bankan\u0131zdaki problemlerin tan\u0131m\u0131 ve analizi<\/li>\n<li>Medyan\u0131zda ki\u015fileraras\u0131, departmanlar aras\u0131, \u015fubeler aras\u0131 olu\u015fan \u00e7at\u0131\u015fma tiplerinin analizi<\/li>\n<\/ul>\n<\/li>\n<li>PROBLEM \u00c7\u00d6ZME TEKN\u0130KLER\u0130N\u0130N K\u0130LOMETRE TA\u015eLARI\n<ul>\n<li>Problem Nas\u0131l \u00c7\u00f6z\u00fcl\u00fcr<\/li>\n<li>Problem \u00c7\u00f6zme A\u015famalar\u0131<\/li>\n<li>Problem \u00c7\u00f6zme Teknikleri Var m\u0131d\u0131r\u00a0?<\/li>\n<\/ul>\n<\/li>\n<li>\u00c7ATI\u015eMA Y\u00d6NET\u0130M\u0130N\u0130N K\u0130LOMETRE TA\u015eLARI\n<ul>\n<li>\u00c7at\u0131\u015fman\u0131n Sebepleri\u00a0Nelerdir\u00a0?<\/li>\n<li>\u00c7at\u0131\u015fma Tipleri<\/li>\n<li>\u00c7at\u0131\u015fman\u0131n Olumlu ve Olumsuz Etkileri<\/li>\n<li>\u00c7at\u0131\u015fma Evreleri<\/li>\n<li>\u00c7at\u0131\u015fma Etkin Olarak Nas\u0131l Y\u00f6netilir\u00a0?<\/li>\n<\/ul>\n<\/li>\n<li>ETK\u0130N PROBLEM \u00c7\u00d6ZME VE \u00c7ATI\u015eMA Y\u00d6NET\u0130M SIRLARI<\/li>\n<\/ul>\n<p>&nbsp;<\/p>\n<p><strong>Sertifika<\/strong><\/p>\n<ul>\n<li>E\u011fitimi tamamlayan t\u00fcm kat\u0131l\u0131mc\u0131lara GLOBAL ALLIANCE ACADEMY taraf\u0131ndan, &#8221; Problem \u00c7\u00f6zme Teknikleri ve \u00c7at\u0131\u015fma Y\u00f6ntemi E\u011fitimi Kat\u0131l\u0131m Sertifikas\u0131&#8221; verilecektir.<\/li>\n<\/ul>\n<p>&nbsp;<\/p>","protected":false},"excerpt":{"rendered":"<p>&nbsp; \u00a0Kat\u0131l\u0131mc\u0131 Profili Bu yolculu\u011fun gere\u011fine inan t\u00fcm bireyler. &nbsp; Hedeflenen Sonu\u00e7 \u00c7e\u015fitli nedenlerle bir arada ya\u015fayan bireyler, gruplar, organizasyonlar ve \u00fclkeler aras\u0131nda farkl\u0131l\u0131klardan dolay\u0131 problemlerin ve \u00e7at\u0131\u015fmalar\u0131n meydana geldi\u011fi&#8230; <\/p>\n","protected":false},"author":10,"featured_media":5171,"parent":2158,"menu_order":10,"comment_status":"closed","ping_status":"closed","template":"page-full.php","meta":{"_acf_changed":false,"om_disable_all_campaigns":false,"footnotes":""},"class_list":["post-2381","page","type-page","status-publish","has-post-thumbnail","hentry"],"acf":[],"yoast_head":"<!-- This site is optimized with the Yoast SEO plugin v27.4 - https:\/\/yoast.com\/product\/yoast-seo-wordpress\/ -->\n<title>KG 10\u00a0 Problem \u00c7\u00f6zme Teknikleri ve \u00c7at\u0131\u015fma Y\u00f6ntemi \u2013 2 g\u00fcn - Global Alliance Register<\/title>\n<meta name=\"robots\" content=\"index, follow, max-snippet:-1, max-image-preview:large, max-video-preview:-1\" \/>\n<link rel=\"canonical\" href=\"https:\/\/globalallianceregister.com\/tr\/services\/egitim\/individual-development\/turkce-kisisel-gelisim-egitim-programi\/turkce-kg-10-problem-cozme-teknikleri-ve-catisma-yontemi-2-gun\/\" \/>\n<meta property=\"og:locale\" content=\"tr_TR\" \/>\n<meta property=\"og:type\" content=\"article\" \/>\n<meta property=\"og:title\" content=\"KG 10\u00a0 Problem \u00c7\u00f6zme Teknikleri ve \u00c7at\u0131\u015fma Y\u00f6ntemi \u2013 2 g\u00fcn - Global Alliance Register\" \/>\n<meta property=\"og:description\" content=\"&nbsp; \u00a0Kat\u0131l\u0131mc\u0131 Profili Bu yolculu\u011fun gere\u011fine inan t\u00fcm bireyler. &nbsp; Hedeflenen Sonu\u00e7 \u00c7e\u015fitli nedenlerle bir arada ya\u015fayan bireyler, gruplar, organizasyonlar ve \u00fclkeler aras\u0131nda farkl\u0131l\u0131klardan dolay\u0131 problemlerin ve \u00e7at\u0131\u015fmalar\u0131n meydana geldi\u011fi...\" \/>\n<meta property=\"og:url\" content=\"https:\/\/globalallianceregister.com\/tr\/services\/egitim\/individual-development\/turkce-kisisel-gelisim-egitim-programi\/turkce-kg-10-problem-cozme-teknikleri-ve-catisma-yontemi-2-gun\/\" \/>\n<meta property=\"og:site_name\" content=\"Global Alliance Register\" \/>\n<meta property=\"article:modified_time\" content=\"2015-12-17T12:23:53+00:00\" \/>\n<meta property=\"og:image\" content=\"https:\/\/globalallianceregister.com\/wp-content\/uploads\/2015\/08\/Training-Inner-Page.jpg\" \/>\n\t<meta property=\"og:image:width\" content=\"614\" \/>\n\t<meta property=\"og:image:height\" content=\"200\" \/>\n\t<meta property=\"og:image:type\" content=\"image\/jpeg\" \/>\n<meta name=\"twitter:label1\" content=\"Tahmini okuma s\u00fcresi\" \/>\n\t<meta name=\"twitter:data1\" content=\"1 dakika\" \/>\n<script type=\"application\/ld+json\" class=\"yoast-schema-graph\">{\"@context\":\"https:\\\/\\\/schema.org\",\"@graph\":[{\"@type\":\"WebPage\",\"@id\":\"https:\\\/\\\/globalallianceregister.com\\\/tr\\\/services\\\/egitim\\\/individual-development\\\/turkce-kisisel-gelisim-egitim-programi\\\/turkce-kg-10-problem-cozme-teknikleri-ve-catisma-yontemi-2-gun\\\/\",\"url\":\"https:\\\/\\\/globalallianceregister.com\\\/tr\\\/services\\\/egitim\\\/individual-development\\\/turkce-kisisel-gelisim-egitim-programi\\\/turkce-kg-10-problem-cozme-teknikleri-ve-catisma-yontemi-2-gun\\\/\",\"name\":\"KG 10\u00a0 Problem \u00c7\u00f6zme Teknikleri ve \u00c7at\u0131\u015fma Y\u00f6ntemi \u2013 2 g\u00fcn - Global Alliance Register\",\"isPartOf\":{\"@id\":\"https:\\\/\\\/globalallianceregister.com\\\/tr\\\/#website\"},\"primaryImageOfPage\":{\"@id\":\"https:\\\/\\\/globalallianceregister.com\\\/tr\\\/services\\\/egitim\\\/individual-development\\\/turkce-kisisel-gelisim-egitim-programi\\\/turkce-kg-10-problem-cozme-teknikleri-ve-catisma-yontemi-2-gun\\\/#primaryimage\"},\"image\":{\"@id\":\"https:\\\/\\\/globalallianceregister.com\\\/tr\\\/services\\\/egitim\\\/individual-development\\\/turkce-kisisel-gelisim-egitim-programi\\\/turkce-kg-10-problem-cozme-teknikleri-ve-catisma-yontemi-2-gun\\\/#primaryimage\"},\"thumbnailUrl\":\"https:\\\/\\\/globalallianceregister.com\\\/wp-content\\\/uploads\\\/2015\\\/08\\\/Training-Inner-Page.jpg\",\"datePublished\":\"2015-01-02T17:00:54+00:00\",\"dateModified\":\"2015-12-17T12:23:53+00:00\",\"breadcrumb\":{\"@id\":\"https:\\\/\\\/globalallianceregister.com\\\/tr\\\/services\\\/egitim\\\/individual-development\\\/turkce-kisisel-gelisim-egitim-programi\\\/turkce-kg-10-problem-cozme-teknikleri-ve-catisma-yontemi-2-gun\\\/#breadcrumb\"},\"inLanguage\":\"tr\",\"potentialAction\":[{\"@type\":\"ReadAction\",\"target\":[[\"https:\\\/\\\/globalallianceregister.com\\\/tr\\\/services\\\/egitim\\\/individual-development\\\/turkce-kisisel-gelisim-egitim-programi\\\/turkce-kg-10-problem-cozme-teknikleri-ve-catisma-yontemi-2-gun\\\/\"]]}]},{\"@type\":\"ImageObject\",\"inLanguage\":\"tr\",\"@id\":\"https:\\\/\\\/globalallianceregister.com\\\/tr\\\/services\\\/egitim\\\/individual-development\\\/turkce-kisisel-gelisim-egitim-programi\\\/turkce-kg-10-problem-cozme-teknikleri-ve-catisma-yontemi-2-gun\\\/#primaryimage\",\"url\":\"https:\\\/\\\/globalallianceregister.com\\\/wp-content\\\/uploads\\\/2015\\\/08\\\/Training-Inner-Page.jpg\",\"contentUrl\":\"https:\\\/\\\/globalallianceregister.com\\\/wp-content\\\/uploads\\\/2015\\\/08\\\/Training-Inner-Page.jpg\",\"width\":614,\"height\":200},{\"@type\":\"BreadcrumbList\",\"@id\":\"https:\\\/\\\/globalallianceregister.com\\\/tr\\\/services\\\/egitim\\\/individual-development\\\/turkce-kisisel-gelisim-egitim-programi\\\/turkce-kg-10-problem-cozme-teknikleri-ve-catisma-yontemi-2-gun\\\/#breadcrumb\",\"itemListElement\":[{\"@type\":\"ListItem\",\"position\":1,\"name\":\"Anasayfa\",\"item\":\"https:\\\/\\\/globalallianceregister.com\\\/tr\\\/\"},{\"@type\":\"ListItem\",\"position\":2,\"name\":\"KG 10\u00a0 Problem \u00c7\u00f6zme Teknikleri ve \u00c7at\u0131\u015fma Y\u00f6ntemi \u2013 2 g\u00fcn\"}]},{\"@type\":\"WebSite\",\"@id\":\"https:\\\/\\\/globalallianceregister.com\\\/tr\\\/#website\",\"url\":\"https:\\\/\\\/globalallianceregister.com\\\/tr\\\/\",\"name\":\"Global Alliance Register\",\"description\":\"(EN) Together for Excellence\",\"potentialAction\":[{\"@type\":\"SearchAction\",\"target\":{\"@type\":\"EntryPoint\",\"urlTemplate\":\"https:\\\/\\\/globalallianceregister.com\\\/tr\\\/?s={search_term_string}\"},\"query-input\":{\"@type\":\"PropertyValueSpecification\",\"valueRequired\":true,\"valueName\":\"search_term_string\"}}],\"inLanguage\":\"tr\"}]}<\/script>\n<!-- \/ Yoast SEO plugin. -->","yoast_head_json":{"title":"KG 10\u00a0 Problem \u00c7\u00f6zme Teknikleri ve \u00c7at\u0131\u015fma Y\u00f6ntemi \u2013 2 g\u00fcn - Global Alliance Register","robots":{"index":"index","follow":"follow","max-snippet":"max-snippet:-1","max-image-preview":"max-image-preview:large","max-video-preview":"max-video-preview:-1"},"canonical":"https:\/\/globalallianceregister.com\/tr\/services\/egitim\/individual-development\/turkce-kisisel-gelisim-egitim-programi\/turkce-kg-10-problem-cozme-teknikleri-ve-catisma-yontemi-2-gun\/","og_locale":"tr_TR","og_type":"article","og_title":"KG 10\u00a0 Problem \u00c7\u00f6zme Teknikleri ve \u00c7at\u0131\u015fma Y\u00f6ntemi \u2013 2 g\u00fcn - Global Alliance Register","og_description":"&nbsp; \u00a0Kat\u0131l\u0131mc\u0131 Profili Bu yolculu\u011fun gere\u011fine inan t\u00fcm bireyler. &nbsp; Hedeflenen Sonu\u00e7 \u00c7e\u015fitli nedenlerle bir arada ya\u015fayan bireyler, gruplar, organizasyonlar ve \u00fclkeler aras\u0131nda farkl\u0131l\u0131klardan dolay\u0131 problemlerin ve \u00e7at\u0131\u015fmalar\u0131n meydana geldi\u011fi...","og_url":"https:\/\/globalallianceregister.com\/tr\/services\/egitim\/individual-development\/turkce-kisisel-gelisim-egitim-programi\/turkce-kg-10-problem-cozme-teknikleri-ve-catisma-yontemi-2-gun\/","og_site_name":"Global Alliance Register","article_modified_time":"2015-12-17T12:23:53+00:00","og_image":[{"width":614,"height":200,"url":"https:\/\/globalallianceregister.com\/wp-content\/uploads\/2015\/08\/Training-Inner-Page.jpg","type":"image\/jpeg"}],"twitter_misc":{"Tahmini okuma s\u00fcresi":"1 dakika"},"schema":{"@context":"https:\/\/schema.org","@graph":[{"@type":"WebPage","@id":"https:\/\/globalallianceregister.com\/tr\/services\/egitim\/individual-development\/turkce-kisisel-gelisim-egitim-programi\/turkce-kg-10-problem-cozme-teknikleri-ve-catisma-yontemi-2-gun\/","url":"https:\/\/globalallianceregister.com\/tr\/services\/egitim\/individual-development\/turkce-kisisel-gelisim-egitim-programi\/turkce-kg-10-problem-cozme-teknikleri-ve-catisma-yontemi-2-gun\/","name":"KG 10\u00a0 Problem \u00c7\u00f6zme Teknikleri ve \u00c7at\u0131\u015fma Y\u00f6ntemi \u2013 2 g\u00fcn - Global Alliance Register","isPartOf":{"@id":"https:\/\/globalallianceregister.com\/tr\/#website"},"primaryImageOfPage":{"@id":"https:\/\/globalallianceregister.com\/tr\/services\/egitim\/individual-development\/turkce-kisisel-gelisim-egitim-programi\/turkce-kg-10-problem-cozme-teknikleri-ve-catisma-yontemi-2-gun\/#primaryimage"},"image":{"@id":"https:\/\/globalallianceregister.com\/tr\/services\/egitim\/individual-development\/turkce-kisisel-gelisim-egitim-programi\/turkce-kg-10-problem-cozme-teknikleri-ve-catisma-yontemi-2-gun\/#primaryimage"},"thumbnailUrl":"https:\/\/globalallianceregister.com\/wp-content\/uploads\/2015\/08\/Training-Inner-Page.jpg","datePublished":"2015-01-02T17:00:54+00:00","dateModified":"2015-12-17T12:23:53+00:00","breadcrumb":{"@id":"https:\/\/globalallianceregister.com\/tr\/services\/egitim\/individual-development\/turkce-kisisel-gelisim-egitim-programi\/turkce-kg-10-problem-cozme-teknikleri-ve-catisma-yontemi-2-gun\/#breadcrumb"},"inLanguage":"tr","potentialAction":[{"@type":"ReadAction","target":[["https:\/\/globalallianceregister.com\/tr\/services\/egitim\/individual-development\/turkce-kisisel-gelisim-egitim-programi\/turkce-kg-10-problem-cozme-teknikleri-ve-catisma-yontemi-2-gun\/"]]}]},{"@type":"ImageObject","inLanguage":"tr","@id":"https:\/\/globalallianceregister.com\/tr\/services\/egitim\/individual-development\/turkce-kisisel-gelisim-egitim-programi\/turkce-kg-10-problem-cozme-teknikleri-ve-catisma-yontemi-2-gun\/#primaryimage","url":"https:\/\/globalallianceregister.com\/wp-content\/uploads\/2015\/08\/Training-Inner-Page.jpg","contentUrl":"https:\/\/globalallianceregister.com\/wp-content\/uploads\/2015\/08\/Training-Inner-Page.jpg","width":614,"height":200},{"@type":"BreadcrumbList","@id":"https:\/\/globalallianceregister.com\/tr\/services\/egitim\/individual-development\/turkce-kisisel-gelisim-egitim-programi\/turkce-kg-10-problem-cozme-teknikleri-ve-catisma-yontemi-2-gun\/#breadcrumb","itemListElement":[{"@type":"ListItem","position":1,"name":"Anasayfa","item":"https:\/\/globalallianceregister.com\/tr\/"},{"@type":"ListItem","position":2,"name":"KG 10\u00a0 Problem \u00c7\u00f6zme Teknikleri ve \u00c7at\u0131\u015fma Y\u00f6ntemi \u2013 2 g\u00fcn"}]},{"@type":"WebSite","@id":"https:\/\/globalallianceregister.com\/tr\/#website","url":"https:\/\/globalallianceregister.com\/tr\/","name":"Global Alliance Register","description":"(EN) Together for Excellence","potentialAction":[{"@type":"SearchAction","target":{"@type":"EntryPoint","urlTemplate":"https:\/\/globalallianceregister.com\/tr\/?s={search_term_string}"},"query-input":{"@type":"PropertyValueSpecification","valueRequired":true,"valueName":"search_term_string"}}],"inLanguage":"tr"}]}},"_links":{"self":[{"href":"https:\/\/globalallianceregister.com\/tr\/wp-json\/wp\/v2\/pages\/2381","targetHints":{"allow":["GET"]}}],"collection":[{"href":"https:\/\/globalallianceregister.com\/tr\/wp-json\/wp\/v2\/pages"}],"about":[{"href":"https:\/\/globalallianceregister.com\/tr\/wp-json\/wp\/v2\/types\/page"}],"author":[{"embeddable":true,"href":"https:\/\/globalallianceregister.com\/tr\/wp-json\/wp\/v2\/users\/10"}],"replies":[{"embeddable":true,"href":"https:\/\/globalallianceregister.com\/tr\/wp-json\/wp\/v2\/comments?post=2381"}],"version-history":[{"count":0,"href":"https:\/\/globalallianceregister.com\/tr\/wp-json\/wp\/v2\/pages\/2381\/revisions"}],"up":[{"embeddable":true,"href":"https:\/\/globalallianceregister.com\/tr\/wp-json\/wp\/v2\/pages\/2158"}],"wp:featuredmedia":[{"embeddable":true,"href":"https:\/\/globalallianceregister.com\/tr\/wp-json\/wp\/v2\/media\/5171"}],"wp:attachment":[{"href":"https:\/\/globalallianceregister.com\/tr\/wp-json\/wp\/v2\/media?parent=2381"}],"curies":[{"name":"wp","href":"https:\/\/api.w.org\/{rel}","templated":true}]}}