{"id":2386,"date":"2015-01-02T17:05:54","date_gmt":"2015-01-02T17:05:54","guid":{"rendered":"https:\/\/globalallianceregister.com\/?page_id=2386"},"modified":"2015-12-17T12:24:58","modified_gmt":"2015-12-17T12:24:58","slug":"turkce-kg-12-etkili-iletisim-ve-empati-becerileri-2-gun","status":"publish","type":"page","link":"https:\/\/globalallianceregister.com\/tr\/services\/egitim\/individual-development\/turkce-kisisel-gelisim-egitim-programi\/turkce-kg-12-etkili-iletisim-ve-empati-becerileri-2-gun\/","title":{"rendered":"KG 12\u00a0 Etkili \u0130leti\u015fim ve Empati Becerileri \u2013 2 g\u00fcn"},"content":{"rendered":"<p>\u00a0 <strong>Kat\u0131l\u0131mc\u0131 Profili<\/strong><\/p>\n<ul>\n<li>Gerek i\u015f gerek \u00f6zel ya\u015famda bireyler aras\u0131 kar\u015f\u0131l\u0131kl\u0131 ileti\u015fimin ve kendini ba\u015fka bireylerin yerine koyarak durum de\u011ferlendirmesi yapma yoluna gitmenin gereklili\u011fine inanm\u0131\u015f ve bu konuda kendini geli\u015ftirme arzusu olan herkes.<\/li>\n<\/ul>\n<p>\u00a0 <strong>Hedeflenen Sonu\u00e7<\/strong><\/p>\n<ul>\n<li>Bu e\u011fitim sonunda kat\u0131l\u0131mc\u0131lar, ba\u015fkalar\u0131n\u0131 anlama ve olaylar\u0131 bu pencereden analiz ederek i\u015f ve \u00f6zel ya\u015famda ba\u015far\u0131ya gitmenin asl\u0131nda d\u00fc\u015f\u00fcn\u00fcld\u00fc\u011f\u00fc gibi zor olmayan bir s\u00fcre\u00e7 oldu\u011funu fark edebilecek ve ya\u015famlar\u0131n\u0131 bu d\u00fc\u015f\u00fcnce ve davran\u0131\u015f sistemiyle y\u00f6netebilme yetisi kazanacaklard\u0131r.<\/li>\n<\/ul>\n<p>\u00a0 <strong>E\u011fitim \u0130\u00e7eri\u011fi<\/strong><\/p>\n<ul>\n<li>Bireylerin kendini tan\u0131ma yollar\u0131<\/li>\n<li>\u0130leti\u015fim kavram\u0131, \u00f6nemi ve ama\u00e7lar\u0131<\/li>\n<li>Ki\u015filer aras\u0131 etkin ileti\u015fim metotlar\u0131<\/li>\n<li>Ba\u015far\u0131l\u0131 ileti\u015fimin ad\u0131mlar\u0131<\/li>\n<li>Davran\u0131\u015f t\u00fcrleri<\/li>\n<li>Ki\u015fisel roller<\/li>\n<li>\u0130leti\u015fim sorunlaGLOBAL ALLIANCE ve \u00e7at\u0131\u015fmalara yol a\u00e7an fakt\u00f6rler ve \u00e7\u00f6z\u00fcm metotlar\u0131<\/li>\n<li>Empati nedir?<\/li>\n<li>Empati kurman\u0131n \u201cki\u015filer aras\u0131 ileti\u015fimde ba\u015far\u0131\u201d konusunda sa\u011flad\u0131\u011f\u0131 faydalar<\/li>\n<li>Empati kavram\u0131n\u0131n insan psikolojisindeki yeri ve \u00f6nemi<\/li>\n<li>Ba\u015far\u0131l\u0131 empati kurma metotlar\u0131<\/li>\n<li>Ya\u015fanm\u0131\u015f olaylardan \u00f6rnekler ve tart\u0131\u015fmalar<\/li>\n<\/ul>\n<p>\u00a0 <strong>Sertifika<\/strong><\/p>\n<ul>\n<li>E\u011fitimi tamamlayan t\u00fcm kat\u0131l\u0131mc\u0131lara GLOBAL ALLIANCE ACADEMY taraf\u0131ndan \u201cEtkili \u0130leti\u015fim ve Empati Becerileri E\u011fitimi Kat\u0131l\u0131m Sertifikas\u0131\u201d verilecektir.<\/li>\n<\/ul>","protected":false},"excerpt":{"rendered":"<p>\u00a0 Kat\u0131l\u0131mc\u0131 Profili Gerek i\u015f gerek \u00f6zel ya\u015famda bireyler aras\u0131 kar\u015f\u0131l\u0131kl\u0131 ileti\u015fimin ve kendini ba\u015fka bireylerin yerine koyarak durum de\u011ferlendirmesi yapma yoluna gitmenin gereklili\u011fine inanm\u0131\u015f ve bu konuda kendini geli\u015ftirme&#8230; <\/p>\n","protected":false},"author":10,"featured_media":5171,"parent":2158,"menu_order":12,"comment_status":"closed","ping_status":"closed","template":"page-full.php","meta":{"_acf_changed":false,"om_disable_all_campaigns":false,"footnotes":""},"class_list":["post-2386","page","type-page","status-publish","has-post-thumbnail","hentry"],"acf":[],"yoast_head":"<!-- This site is optimized with the Yoast SEO plugin v27.4 - https:\/\/yoast.com\/product\/yoast-seo-wordpress\/ -->\n<title>KG 12\u00a0 Etkili \u0130leti\u015fim ve Empati Becerileri \u2013 2 g\u00fcn - Global Alliance Register<\/title>\n<meta name=\"robots\" content=\"index, follow, max-snippet:-1, max-image-preview:large, max-video-preview:-1\" \/>\n<link rel=\"canonical\" href=\"https:\/\/globalallianceregister.com\/tr\/services\/egitim\/individual-development\/turkce-kisisel-gelisim-egitim-programi\/turkce-kg-12-etkili-iletisim-ve-empati-becerileri-2-gun\/\" \/>\n<meta property=\"og:locale\" content=\"tr_TR\" \/>\n<meta property=\"og:type\" content=\"article\" \/>\n<meta property=\"og:title\" content=\"KG 12\u00a0 Etkili \u0130leti\u015fim ve Empati Becerileri \u2013 2 g\u00fcn - Global Alliance Register\" \/>\n<meta property=\"og:description\" content=\"\u00a0 Kat\u0131l\u0131mc\u0131 Profili Gerek i\u015f gerek \u00f6zel ya\u015famda bireyler aras\u0131 kar\u015f\u0131l\u0131kl\u0131 ileti\u015fimin ve kendini ba\u015fka bireylerin yerine koyarak durum de\u011ferlendirmesi yapma yoluna gitmenin gereklili\u011fine inanm\u0131\u015f ve bu konuda kendini geli\u015ftirme...\" \/>\n<meta property=\"og:url\" content=\"https:\/\/globalallianceregister.com\/tr\/services\/egitim\/individual-development\/turkce-kisisel-gelisim-egitim-programi\/turkce-kg-12-etkili-iletisim-ve-empati-becerileri-2-gun\/\" \/>\n<meta property=\"og:site_name\" content=\"Global Alliance Register\" \/>\n<meta property=\"article:modified_time\" content=\"2015-12-17T12:24:58+00:00\" \/>\n<meta property=\"og:image\" content=\"https:\/\/globalallianceregister.com\/wp-content\/uploads\/2015\/08\/Training-Inner-Page.jpg\" \/>\n\t<meta property=\"og:image:width\" content=\"614\" \/>\n\t<meta property=\"og:image:height\" content=\"200\" \/>\n\t<meta property=\"og:image:type\" content=\"image\/jpeg\" \/>\n<meta name=\"twitter:label1\" content=\"Tahmini okuma s\u00fcresi\" \/>\n\t<meta name=\"twitter:data1\" content=\"1 dakika\" \/>\n<script type=\"application\/ld+json\" class=\"yoast-schema-graph\">{\"@context\":\"https:\\\/\\\/schema.org\",\"@graph\":[{\"@type\":\"WebPage\",\"@id\":\"https:\\\/\\\/globalallianceregister.com\\\/tr\\\/services\\\/egitim\\\/individual-development\\\/turkce-kisisel-gelisim-egitim-programi\\\/turkce-kg-12-etkili-iletisim-ve-empati-becerileri-2-gun\\\/\",\"url\":\"https:\\\/\\\/globalallianceregister.com\\\/tr\\\/services\\\/egitim\\\/individual-development\\\/turkce-kisisel-gelisim-egitim-programi\\\/turkce-kg-12-etkili-iletisim-ve-empati-becerileri-2-gun\\\/\",\"name\":\"KG 12\u00a0 Etkili \u0130leti\u015fim ve Empati Becerileri \u2013 2 g\u00fcn - Global Alliance Register\",\"isPartOf\":{\"@id\":\"https:\\\/\\\/globalallianceregister.com\\\/tr\\\/#website\"},\"primaryImageOfPage\":{\"@id\":\"https:\\\/\\\/globalallianceregister.com\\\/tr\\\/services\\\/egitim\\\/individual-development\\\/turkce-kisisel-gelisim-egitim-programi\\\/turkce-kg-12-etkili-iletisim-ve-empati-becerileri-2-gun\\\/#primaryimage\"},\"image\":{\"@id\":\"https:\\\/\\\/globalallianceregister.com\\\/tr\\\/services\\\/egitim\\\/individual-development\\\/turkce-kisisel-gelisim-egitim-programi\\\/turkce-kg-12-etkili-iletisim-ve-empati-becerileri-2-gun\\\/#primaryimage\"},\"thumbnailUrl\":\"https:\\\/\\\/globalallianceregister.com\\\/wp-content\\\/uploads\\\/2015\\\/08\\\/Training-Inner-Page.jpg\",\"datePublished\":\"2015-01-02T17:05:54+00:00\",\"dateModified\":\"2015-12-17T12:24:58+00:00\",\"breadcrumb\":{\"@id\":\"https:\\\/\\\/globalallianceregister.com\\\/tr\\\/services\\\/egitim\\\/individual-development\\\/turkce-kisisel-gelisim-egitim-programi\\\/turkce-kg-12-etkili-iletisim-ve-empati-becerileri-2-gun\\\/#breadcrumb\"},\"inLanguage\":\"tr\",\"potentialAction\":[{\"@type\":\"ReadAction\",\"target\":[[\"https:\\\/\\\/globalallianceregister.com\\\/tr\\\/services\\\/egitim\\\/individual-development\\\/turkce-kisisel-gelisim-egitim-programi\\\/turkce-kg-12-etkili-iletisim-ve-empati-becerileri-2-gun\\\/\"]]}]},{\"@type\":\"ImageObject\",\"inLanguage\":\"tr\",\"@id\":\"https:\\\/\\\/globalallianceregister.com\\\/tr\\\/services\\\/egitim\\\/individual-development\\\/turkce-kisisel-gelisim-egitim-programi\\\/turkce-kg-12-etkili-iletisim-ve-empati-becerileri-2-gun\\\/#primaryimage\",\"url\":\"https:\\\/\\\/globalallianceregister.com\\\/wp-content\\\/uploads\\\/2015\\\/08\\\/Training-Inner-Page.jpg\",\"contentUrl\":\"https:\\\/\\\/globalallianceregister.com\\\/wp-content\\\/uploads\\\/2015\\\/08\\\/Training-Inner-Page.jpg\",\"width\":614,\"height\":200},{\"@type\":\"BreadcrumbList\",\"@id\":\"https:\\\/\\\/globalallianceregister.com\\\/tr\\\/services\\\/egitim\\\/individual-development\\\/turkce-kisisel-gelisim-egitim-programi\\\/turkce-kg-12-etkili-iletisim-ve-empati-becerileri-2-gun\\\/#breadcrumb\",\"itemListElement\":[{\"@type\":\"ListItem\",\"position\":1,\"name\":\"Anasayfa\",\"item\":\"https:\\\/\\\/globalallianceregister.com\\\/tr\\\/\"},{\"@type\":\"ListItem\",\"position\":2,\"name\":\"KG 12\u00a0 Etkili \u0130leti\u015fim ve Empati Becerileri \u2013 2 g\u00fcn\"}]},{\"@type\":\"WebSite\",\"@id\":\"https:\\\/\\\/globalallianceregister.com\\\/tr\\\/#website\",\"url\":\"https:\\\/\\\/globalallianceregister.com\\\/tr\\\/\",\"name\":\"Global Alliance Register\",\"description\":\"(EN) Together for Excellence\",\"potentialAction\":[{\"@type\":\"SearchAction\",\"target\":{\"@type\":\"EntryPoint\",\"urlTemplate\":\"https:\\\/\\\/globalallianceregister.com\\\/tr\\\/?s={search_term_string}\"},\"query-input\":{\"@type\":\"PropertyValueSpecification\",\"valueRequired\":true,\"valueName\":\"search_term_string\"}}],\"inLanguage\":\"tr\"}]}<\/script>\n<!-- \/ Yoast SEO plugin. -->","yoast_head_json":{"title":"KG 12\u00a0 Etkili \u0130leti\u015fim ve Empati Becerileri \u2013 2 g\u00fcn - Global Alliance Register","robots":{"index":"index","follow":"follow","max-snippet":"max-snippet:-1","max-image-preview":"max-image-preview:large","max-video-preview":"max-video-preview:-1"},"canonical":"https:\/\/globalallianceregister.com\/tr\/services\/egitim\/individual-development\/turkce-kisisel-gelisim-egitim-programi\/turkce-kg-12-etkili-iletisim-ve-empati-becerileri-2-gun\/","og_locale":"tr_TR","og_type":"article","og_title":"KG 12\u00a0 Etkili \u0130leti\u015fim ve Empati Becerileri \u2013 2 g\u00fcn - Global Alliance Register","og_description":"\u00a0 Kat\u0131l\u0131mc\u0131 Profili Gerek i\u015f gerek \u00f6zel ya\u015famda bireyler aras\u0131 kar\u015f\u0131l\u0131kl\u0131 ileti\u015fimin ve kendini ba\u015fka bireylerin yerine koyarak durum de\u011ferlendirmesi yapma yoluna gitmenin gereklili\u011fine inanm\u0131\u015f ve bu konuda kendini geli\u015ftirme...","og_url":"https:\/\/globalallianceregister.com\/tr\/services\/egitim\/individual-development\/turkce-kisisel-gelisim-egitim-programi\/turkce-kg-12-etkili-iletisim-ve-empati-becerileri-2-gun\/","og_site_name":"Global Alliance Register","article_modified_time":"2015-12-17T12:24:58+00:00","og_image":[{"width":614,"height":200,"url":"https:\/\/globalallianceregister.com\/wp-content\/uploads\/2015\/08\/Training-Inner-Page.jpg","type":"image\/jpeg"}],"twitter_misc":{"Tahmini okuma s\u00fcresi":"1 dakika"},"schema":{"@context":"https:\/\/schema.org","@graph":[{"@type":"WebPage","@id":"https:\/\/globalallianceregister.com\/tr\/services\/egitim\/individual-development\/turkce-kisisel-gelisim-egitim-programi\/turkce-kg-12-etkili-iletisim-ve-empati-becerileri-2-gun\/","url":"https:\/\/globalallianceregister.com\/tr\/services\/egitim\/individual-development\/turkce-kisisel-gelisim-egitim-programi\/turkce-kg-12-etkili-iletisim-ve-empati-becerileri-2-gun\/","name":"KG 12\u00a0 Etkili \u0130leti\u015fim ve Empati Becerileri \u2013 2 g\u00fcn - Global Alliance Register","isPartOf":{"@id":"https:\/\/globalallianceregister.com\/tr\/#website"},"primaryImageOfPage":{"@id":"https:\/\/globalallianceregister.com\/tr\/services\/egitim\/individual-development\/turkce-kisisel-gelisim-egitim-programi\/turkce-kg-12-etkili-iletisim-ve-empati-becerileri-2-gun\/#primaryimage"},"image":{"@id":"https:\/\/globalallianceregister.com\/tr\/services\/egitim\/individual-development\/turkce-kisisel-gelisim-egitim-programi\/turkce-kg-12-etkili-iletisim-ve-empati-becerileri-2-gun\/#primaryimage"},"thumbnailUrl":"https:\/\/globalallianceregister.com\/wp-content\/uploads\/2015\/08\/Training-Inner-Page.jpg","datePublished":"2015-01-02T17:05:54+00:00","dateModified":"2015-12-17T12:24:58+00:00","breadcrumb":{"@id":"https:\/\/globalallianceregister.com\/tr\/services\/egitim\/individual-development\/turkce-kisisel-gelisim-egitim-programi\/turkce-kg-12-etkili-iletisim-ve-empati-becerileri-2-gun\/#breadcrumb"},"inLanguage":"tr","potentialAction":[{"@type":"ReadAction","target":[["https:\/\/globalallianceregister.com\/tr\/services\/egitim\/individual-development\/turkce-kisisel-gelisim-egitim-programi\/turkce-kg-12-etkili-iletisim-ve-empati-becerileri-2-gun\/"]]}]},{"@type":"ImageObject","inLanguage":"tr","@id":"https:\/\/globalallianceregister.com\/tr\/services\/egitim\/individual-development\/turkce-kisisel-gelisim-egitim-programi\/turkce-kg-12-etkili-iletisim-ve-empati-becerileri-2-gun\/#primaryimage","url":"https:\/\/globalallianceregister.com\/wp-content\/uploads\/2015\/08\/Training-Inner-Page.jpg","contentUrl":"https:\/\/globalallianceregister.com\/wp-content\/uploads\/2015\/08\/Training-Inner-Page.jpg","width":614,"height":200},{"@type":"BreadcrumbList","@id":"https:\/\/globalallianceregister.com\/tr\/services\/egitim\/individual-development\/turkce-kisisel-gelisim-egitim-programi\/turkce-kg-12-etkili-iletisim-ve-empati-becerileri-2-gun\/#breadcrumb","itemListElement":[{"@type":"ListItem","position":1,"name":"Anasayfa","item":"https:\/\/globalallianceregister.com\/tr\/"},{"@type":"ListItem","position":2,"name":"KG 12\u00a0 Etkili \u0130leti\u015fim ve Empati Becerileri \u2013 2 g\u00fcn"}]},{"@type":"WebSite","@id":"https:\/\/globalallianceregister.com\/tr\/#website","url":"https:\/\/globalallianceregister.com\/tr\/","name":"Global Alliance Register","description":"(EN) Together for Excellence","potentialAction":[{"@type":"SearchAction","target":{"@type":"EntryPoint","urlTemplate":"https:\/\/globalallianceregister.com\/tr\/?s={search_term_string}"},"query-input":{"@type":"PropertyValueSpecification","valueRequired":true,"valueName":"search_term_string"}}],"inLanguage":"tr"}]}},"_links":{"self":[{"href":"https:\/\/globalallianceregister.com\/tr\/wp-json\/wp\/v2\/pages\/2386","targetHints":{"allow":["GET"]}}],"collection":[{"href":"https:\/\/globalallianceregister.com\/tr\/wp-json\/wp\/v2\/pages"}],"about":[{"href":"https:\/\/globalallianceregister.com\/tr\/wp-json\/wp\/v2\/types\/page"}],"author":[{"embeddable":true,"href":"https:\/\/globalallianceregister.com\/tr\/wp-json\/wp\/v2\/users\/10"}],"replies":[{"embeddable":true,"href":"https:\/\/globalallianceregister.com\/tr\/wp-json\/wp\/v2\/comments?post=2386"}],"version-history":[{"count":0,"href":"https:\/\/globalallianceregister.com\/tr\/wp-json\/wp\/v2\/pages\/2386\/revisions"}],"up":[{"embeddable":true,"href":"https:\/\/globalallianceregister.com\/tr\/wp-json\/wp\/v2\/pages\/2158"}],"wp:featuredmedia":[{"embeddable":true,"href":"https:\/\/globalallianceregister.com\/tr\/wp-json\/wp\/v2\/media\/5171"}],"wp:attachment":[{"href":"https:\/\/globalallianceregister.com\/tr\/wp-json\/wp\/v2\/media?parent=2386"}],"curies":[{"name":"wp","href":"https:\/\/api.w.org\/{rel}","templated":true}]}}