{"id":2390,"date":"2015-01-02T17:08:39","date_gmt":"2015-01-02T17:08:39","guid":{"rendered":"https:\/\/globalallianceregister.com\/?page_id=2390"},"modified":"2015-12-17T12:26:49","modified_gmt":"2015-12-17T12:26:49","slug":"turkce-kg-14-kadin-yonetici-olmak-2-gun","status":"publish","type":"page","link":"https:\/\/globalallianceregister.com\/tr\/services\/egitim\/individual-development\/turkce-kisisel-gelisim-egitim-programi\/turkce-kg-14-kadin-yonetici-olmak-2-gun\/","title":{"rendered":"KG 14\u00a0 Kad\u0131n Y\u00f6netici Olmak \u2013 2 g\u00fcn"},"content":{"rendered":"<p>\u00a0 <strong>Kat\u0131l\u0131mc\u0131 Profili<\/strong><\/p>\n<ul>\n<li>Kad\u0131n y\u00f6netici ve y\u00f6netici adaylar\u0131<\/li>\n<\/ul>\n<p>\u00a0 <strong>Hedeflenen Sonu\u00e7<\/strong><\/p>\n<ul>\n<li>Kad\u0131nlar\u0131n i\u015f ya\u015fam\u0131nda y\u00f6netici olarak bulunduklar\u0131 pozisyonu daha g\u00fc\u00e7lendirme ve daha fazlas\u0131n\u0131 daha g\u00fc\u00e7l\u00fc olarak yapabilme yetisi kazanmalar\u0131n\u0131 sa\u011flamak i\u00e7in haz\u0131rlanm\u0131\u015f bir e\u011fitim program\u0131d\u0131r. Kad\u0131nlar\u0131n i\u015f d\u00fcnyas\u0131ndaki lider pozisyonlar\u0131n\u0131 kavramalar\u0131n\u0131 ve daha aktif konuma getirmelerini ama\u00e7lar.<\/li>\n<\/ul>\n<p>\u00a0 <strong>E\u011fitim \u0130\u00e7eri\u011fi<\/strong><\/p>\n<ul>\n<li>D\u00fcnyay\u0131 de\u011fi\u015ftiren kad\u0131nlar<\/li>\n<li>Kad\u0131n beyni ve duygular\u0131n i\u015f ya\u015fam\u0131na etkisi<\/li>\n<li>Camdan tavan sendromu<\/li>\n<li>Ki\u015fisel analiz<\/li>\n<li>\u0130\u015f d\u00fcnyas\u0131nda kad\u0131n-erkek fark\u0131<\/li>\n<li>Vizyon ve hedef analizi<\/li>\n<li>De\u011ferler ve i\u015f d\u00fcnyas\u0131<\/li>\n<li>Bireysel etkinli\u011fi art\u0131rman\u0131n yollar\u0131<\/li>\n<li>Zorluklar\u0131 y\u0131kmak, zorluklarla m\u00fccadele<\/li>\n<li>Liderlik teorileri<\/li>\n<li>Kad\u0131nlara \u00f6zel liderlik becerileri<\/li>\n<\/ul>\n<p>\u00a0 <strong>Sertifika<\/strong><\/p>\n<ul>\n<li>E\u011fitimi tamamlayan t\u00fcm kat\u0131l\u0131mc\u0131lara GLOBAL ALLIANCE ACADEMY taraf\u0131ndan \u201cKad\u0131n Y\u00f6netici Olmak\u00a0E\u011fitimi Kat\u0131l\u0131m Sertifikas\u0131\u201d verilecektir.<\/li>\n<\/ul>","protected":false},"excerpt":{"rendered":"<p>\u00a0 Kat\u0131l\u0131mc\u0131 Profili Kad\u0131n y\u00f6netici ve y\u00f6netici adaylar\u0131 \u00a0 Hedeflenen Sonu\u00e7 Kad\u0131nlar\u0131n i\u015f ya\u015fam\u0131nda y\u00f6netici olarak bulunduklar\u0131 pozisyonu daha g\u00fc\u00e7lendirme ve daha fazlas\u0131n\u0131 daha g\u00fc\u00e7l\u00fc olarak yapabilme yetisi kazanmalar\u0131n\u0131 sa\u011flamak&#8230; <\/p>\n","protected":false},"author":10,"featured_media":5171,"parent":2158,"menu_order":14,"comment_status":"closed","ping_status":"closed","template":"page-full.php","meta":{"_acf_changed":false,"om_disable_all_campaigns":false,"footnotes":""},"class_list":["post-2390","page","type-page","status-publish","has-post-thumbnail","hentry"],"acf":[],"yoast_head":"<!-- This site is optimized with the Yoast SEO plugin v27.4 - https:\/\/yoast.com\/product\/yoast-seo-wordpress\/ -->\n<title>KG 14\u00a0 Kad\u0131n Y\u00f6netici Olmak \u2013 2 g\u00fcn - Global Alliance Register<\/title>\n<meta name=\"robots\" content=\"index, follow, max-snippet:-1, max-image-preview:large, max-video-preview:-1\" \/>\n<link rel=\"canonical\" href=\"https:\/\/globalallianceregister.com\/tr\/services\/egitim\/individual-development\/turkce-kisisel-gelisim-egitim-programi\/turkce-kg-14-kadin-yonetici-olmak-2-gun\/\" \/>\n<meta property=\"og:locale\" content=\"tr_TR\" \/>\n<meta property=\"og:type\" content=\"article\" \/>\n<meta property=\"og:title\" content=\"KG 14\u00a0 Kad\u0131n Y\u00f6netici Olmak \u2013 2 g\u00fcn - Global Alliance Register\" \/>\n<meta property=\"og:description\" content=\"\u00a0 Kat\u0131l\u0131mc\u0131 Profili Kad\u0131n y\u00f6netici ve y\u00f6netici adaylar\u0131 \u00a0 Hedeflenen Sonu\u00e7 Kad\u0131nlar\u0131n i\u015f ya\u015fam\u0131nda y\u00f6netici olarak bulunduklar\u0131 pozisyonu daha g\u00fc\u00e7lendirme ve daha fazlas\u0131n\u0131 daha g\u00fc\u00e7l\u00fc olarak yapabilme yetisi kazanmalar\u0131n\u0131 sa\u011flamak...\" \/>\n<meta property=\"og:url\" content=\"https:\/\/globalallianceregister.com\/tr\/services\/egitim\/individual-development\/turkce-kisisel-gelisim-egitim-programi\/turkce-kg-14-kadin-yonetici-olmak-2-gun\/\" \/>\n<meta property=\"og:site_name\" content=\"Global Alliance Register\" \/>\n<meta property=\"article:modified_time\" content=\"2015-12-17T12:26:49+00:00\" \/>\n<meta property=\"og:image\" content=\"https:\/\/globalallianceregister.com\/wp-content\/uploads\/2015\/08\/Training-Inner-Page.jpg\" \/>\n\t<meta property=\"og:image:width\" content=\"614\" \/>\n\t<meta property=\"og:image:height\" content=\"200\" \/>\n\t<meta property=\"og:image:type\" content=\"image\/jpeg\" \/>\n<meta name=\"twitter:label1\" content=\"Tahmini okuma s\u00fcresi\" \/>\n\t<meta name=\"twitter:data1\" content=\"1 dakika\" \/>\n<script type=\"application\/ld+json\" class=\"yoast-schema-graph\">{\"@context\":\"https:\\\/\\\/schema.org\",\"@graph\":[{\"@type\":\"WebPage\",\"@id\":\"https:\\\/\\\/globalallianceregister.com\\\/tr\\\/services\\\/egitim\\\/individual-development\\\/turkce-kisisel-gelisim-egitim-programi\\\/turkce-kg-14-kadin-yonetici-olmak-2-gun\\\/\",\"url\":\"https:\\\/\\\/globalallianceregister.com\\\/tr\\\/services\\\/egitim\\\/individual-development\\\/turkce-kisisel-gelisim-egitim-programi\\\/turkce-kg-14-kadin-yonetici-olmak-2-gun\\\/\",\"name\":\"KG 14\u00a0 Kad\u0131n Y\u00f6netici Olmak \u2013 2 g\u00fcn - Global Alliance Register\",\"isPartOf\":{\"@id\":\"https:\\\/\\\/globalallianceregister.com\\\/tr\\\/#website\"},\"primaryImageOfPage\":{\"@id\":\"https:\\\/\\\/globalallianceregister.com\\\/tr\\\/services\\\/egitim\\\/individual-development\\\/turkce-kisisel-gelisim-egitim-programi\\\/turkce-kg-14-kadin-yonetici-olmak-2-gun\\\/#primaryimage\"},\"image\":{\"@id\":\"https:\\\/\\\/globalallianceregister.com\\\/tr\\\/services\\\/egitim\\\/individual-development\\\/turkce-kisisel-gelisim-egitim-programi\\\/turkce-kg-14-kadin-yonetici-olmak-2-gun\\\/#primaryimage\"},\"thumbnailUrl\":\"https:\\\/\\\/globalallianceregister.com\\\/wp-content\\\/uploads\\\/2015\\\/08\\\/Training-Inner-Page.jpg\",\"datePublished\":\"2015-01-02T17:08:39+00:00\",\"dateModified\":\"2015-12-17T12:26:49+00:00\",\"breadcrumb\":{\"@id\":\"https:\\\/\\\/globalallianceregister.com\\\/tr\\\/services\\\/egitim\\\/individual-development\\\/turkce-kisisel-gelisim-egitim-programi\\\/turkce-kg-14-kadin-yonetici-olmak-2-gun\\\/#breadcrumb\"},\"inLanguage\":\"tr\",\"potentialAction\":[{\"@type\":\"ReadAction\",\"target\":[[\"https:\\\/\\\/globalallianceregister.com\\\/tr\\\/services\\\/egitim\\\/individual-development\\\/turkce-kisisel-gelisim-egitim-programi\\\/turkce-kg-14-kadin-yonetici-olmak-2-gun\\\/\"]]}]},{\"@type\":\"ImageObject\",\"inLanguage\":\"tr\",\"@id\":\"https:\\\/\\\/globalallianceregister.com\\\/tr\\\/services\\\/egitim\\\/individual-development\\\/turkce-kisisel-gelisim-egitim-programi\\\/turkce-kg-14-kadin-yonetici-olmak-2-gun\\\/#primaryimage\",\"url\":\"https:\\\/\\\/globalallianceregister.com\\\/wp-content\\\/uploads\\\/2015\\\/08\\\/Training-Inner-Page.jpg\",\"contentUrl\":\"https:\\\/\\\/globalallianceregister.com\\\/wp-content\\\/uploads\\\/2015\\\/08\\\/Training-Inner-Page.jpg\",\"width\":614,\"height\":200},{\"@type\":\"BreadcrumbList\",\"@id\":\"https:\\\/\\\/globalallianceregister.com\\\/tr\\\/services\\\/egitim\\\/individual-development\\\/turkce-kisisel-gelisim-egitim-programi\\\/turkce-kg-14-kadin-yonetici-olmak-2-gun\\\/#breadcrumb\",\"itemListElement\":[{\"@type\":\"ListItem\",\"position\":1,\"name\":\"Anasayfa\",\"item\":\"https:\\\/\\\/globalallianceregister.com\\\/tr\\\/\"},{\"@type\":\"ListItem\",\"position\":2,\"name\":\"KG 14\u00a0 Kad\u0131n Y\u00f6netici Olmak \u2013 2 g\u00fcn\"}]},{\"@type\":\"WebSite\",\"@id\":\"https:\\\/\\\/globalallianceregister.com\\\/tr\\\/#website\",\"url\":\"https:\\\/\\\/globalallianceregister.com\\\/tr\\\/\",\"name\":\"Global Alliance Register\",\"description\":\"(EN) Together for Excellence\",\"potentialAction\":[{\"@type\":\"SearchAction\",\"target\":{\"@type\":\"EntryPoint\",\"urlTemplate\":\"https:\\\/\\\/globalallianceregister.com\\\/tr\\\/?s={search_term_string}\"},\"query-input\":{\"@type\":\"PropertyValueSpecification\",\"valueRequired\":true,\"valueName\":\"search_term_string\"}}],\"inLanguage\":\"tr\"}]}<\/script>\n<!-- \/ Yoast SEO plugin. -->","yoast_head_json":{"title":"KG 14\u00a0 Kad\u0131n Y\u00f6netici Olmak \u2013 2 g\u00fcn - Global Alliance Register","robots":{"index":"index","follow":"follow","max-snippet":"max-snippet:-1","max-image-preview":"max-image-preview:large","max-video-preview":"max-video-preview:-1"},"canonical":"https:\/\/globalallianceregister.com\/tr\/services\/egitim\/individual-development\/turkce-kisisel-gelisim-egitim-programi\/turkce-kg-14-kadin-yonetici-olmak-2-gun\/","og_locale":"tr_TR","og_type":"article","og_title":"KG 14\u00a0 Kad\u0131n Y\u00f6netici Olmak \u2013 2 g\u00fcn - Global Alliance Register","og_description":"\u00a0 Kat\u0131l\u0131mc\u0131 Profili Kad\u0131n y\u00f6netici ve y\u00f6netici adaylar\u0131 \u00a0 Hedeflenen Sonu\u00e7 Kad\u0131nlar\u0131n i\u015f ya\u015fam\u0131nda y\u00f6netici olarak bulunduklar\u0131 pozisyonu daha g\u00fc\u00e7lendirme ve daha fazlas\u0131n\u0131 daha g\u00fc\u00e7l\u00fc olarak yapabilme yetisi kazanmalar\u0131n\u0131 sa\u011flamak...","og_url":"https:\/\/globalallianceregister.com\/tr\/services\/egitim\/individual-development\/turkce-kisisel-gelisim-egitim-programi\/turkce-kg-14-kadin-yonetici-olmak-2-gun\/","og_site_name":"Global Alliance Register","article_modified_time":"2015-12-17T12:26:49+00:00","og_image":[{"width":614,"height":200,"url":"https:\/\/globalallianceregister.com\/wp-content\/uploads\/2015\/08\/Training-Inner-Page.jpg","type":"image\/jpeg"}],"twitter_misc":{"Tahmini okuma s\u00fcresi":"1 dakika"},"schema":{"@context":"https:\/\/schema.org","@graph":[{"@type":"WebPage","@id":"https:\/\/globalallianceregister.com\/tr\/services\/egitim\/individual-development\/turkce-kisisel-gelisim-egitim-programi\/turkce-kg-14-kadin-yonetici-olmak-2-gun\/","url":"https:\/\/globalallianceregister.com\/tr\/services\/egitim\/individual-development\/turkce-kisisel-gelisim-egitim-programi\/turkce-kg-14-kadin-yonetici-olmak-2-gun\/","name":"KG 14\u00a0 Kad\u0131n Y\u00f6netici Olmak \u2013 2 g\u00fcn - Global Alliance Register","isPartOf":{"@id":"https:\/\/globalallianceregister.com\/tr\/#website"},"primaryImageOfPage":{"@id":"https:\/\/globalallianceregister.com\/tr\/services\/egitim\/individual-development\/turkce-kisisel-gelisim-egitim-programi\/turkce-kg-14-kadin-yonetici-olmak-2-gun\/#primaryimage"},"image":{"@id":"https:\/\/globalallianceregister.com\/tr\/services\/egitim\/individual-development\/turkce-kisisel-gelisim-egitim-programi\/turkce-kg-14-kadin-yonetici-olmak-2-gun\/#primaryimage"},"thumbnailUrl":"https:\/\/globalallianceregister.com\/wp-content\/uploads\/2015\/08\/Training-Inner-Page.jpg","datePublished":"2015-01-02T17:08:39+00:00","dateModified":"2015-12-17T12:26:49+00:00","breadcrumb":{"@id":"https:\/\/globalallianceregister.com\/tr\/services\/egitim\/individual-development\/turkce-kisisel-gelisim-egitim-programi\/turkce-kg-14-kadin-yonetici-olmak-2-gun\/#breadcrumb"},"inLanguage":"tr","potentialAction":[{"@type":"ReadAction","target":[["https:\/\/globalallianceregister.com\/tr\/services\/egitim\/individual-development\/turkce-kisisel-gelisim-egitim-programi\/turkce-kg-14-kadin-yonetici-olmak-2-gun\/"]]}]},{"@type":"ImageObject","inLanguage":"tr","@id":"https:\/\/globalallianceregister.com\/tr\/services\/egitim\/individual-development\/turkce-kisisel-gelisim-egitim-programi\/turkce-kg-14-kadin-yonetici-olmak-2-gun\/#primaryimage","url":"https:\/\/globalallianceregister.com\/wp-content\/uploads\/2015\/08\/Training-Inner-Page.jpg","contentUrl":"https:\/\/globalallianceregister.com\/wp-content\/uploads\/2015\/08\/Training-Inner-Page.jpg","width":614,"height":200},{"@type":"BreadcrumbList","@id":"https:\/\/globalallianceregister.com\/tr\/services\/egitim\/individual-development\/turkce-kisisel-gelisim-egitim-programi\/turkce-kg-14-kadin-yonetici-olmak-2-gun\/#breadcrumb","itemListElement":[{"@type":"ListItem","position":1,"name":"Anasayfa","item":"https:\/\/globalallianceregister.com\/tr\/"},{"@type":"ListItem","position":2,"name":"KG 14\u00a0 Kad\u0131n Y\u00f6netici Olmak \u2013 2 g\u00fcn"}]},{"@type":"WebSite","@id":"https:\/\/globalallianceregister.com\/tr\/#website","url":"https:\/\/globalallianceregister.com\/tr\/","name":"Global Alliance Register","description":"(EN) Together for Excellence","potentialAction":[{"@type":"SearchAction","target":{"@type":"EntryPoint","urlTemplate":"https:\/\/globalallianceregister.com\/tr\/?s={search_term_string}"},"query-input":{"@type":"PropertyValueSpecification","valueRequired":true,"valueName":"search_term_string"}}],"inLanguage":"tr"}]}},"_links":{"self":[{"href":"https:\/\/globalallianceregister.com\/tr\/wp-json\/wp\/v2\/pages\/2390","targetHints":{"allow":["GET"]}}],"collection":[{"href":"https:\/\/globalallianceregister.com\/tr\/wp-json\/wp\/v2\/pages"}],"about":[{"href":"https:\/\/globalallianceregister.com\/tr\/wp-json\/wp\/v2\/types\/page"}],"author":[{"embeddable":true,"href":"https:\/\/globalallianceregister.com\/tr\/wp-json\/wp\/v2\/users\/10"}],"replies":[{"embeddable":true,"href":"https:\/\/globalallianceregister.com\/tr\/wp-json\/wp\/v2\/comments?post=2390"}],"version-history":[{"count":0,"href":"https:\/\/globalallianceregister.com\/tr\/wp-json\/wp\/v2\/pages\/2390\/revisions"}],"up":[{"embeddable":true,"href":"https:\/\/globalallianceregister.com\/tr\/wp-json\/wp\/v2\/pages\/2158"}],"wp:featuredmedia":[{"embeddable":true,"href":"https:\/\/globalallianceregister.com\/tr\/wp-json\/wp\/v2\/media\/5171"}],"wp:attachment":[{"href":"https:\/\/globalallianceregister.com\/tr\/wp-json\/wp\/v2\/media?parent=2390"}],"curies":[{"name":"wp","href":"https:\/\/api.w.org\/{rel}","templated":true}]}}