{"id":2397,"date":"2015-01-02T17:17:25","date_gmt":"2015-01-02T17:17:25","guid":{"rendered":"https:\/\/globalallianceregister.com\/?page_id=2397"},"modified":"2015-12-17T12:27:57","modified_gmt":"2015-12-17T12:27:57","slug":"turkce-kg-16-muzakere-yontemleri-2-gun","status":"publish","type":"page","link":"https:\/\/globalallianceregister.com\/tr\/services\/egitim\/individual-development\/turkce-kisisel-gelisim-egitim-programi\/turkce-kg-16-muzakere-yontemleri-2-gun\/","title":{"rendered":"KG 16\u00a0 M\u00fczakere Y\u00f6ntemleri \u2013 2 g\u00fcn"},"content":{"rendered":"<p>\u00a0 <strong>Kat\u0131l\u0131mc\u0131 Profili<\/strong><\/p>\n<ul>\n<li>\u0130\u015f ya\u015fam\u0131nda m\u00fczakere s\u00fcrecini ya\u015fam\u0131\u015f ve halen i\u00e7inde olanlar\u0131n ya da ya\u015fam\u0131n kendisinin bir m\u00fczakere oldu\u011funa inanan herkesin kat\u0131lmas\u0131n\u0131n yararl\u0131 olaca\u011f\u0131 seminer g\u00fcn\u00fcm\u00fczde m\u00fczakere alan\u0131nda kullan\u0131lan bir\u00e7ok kavrama de a\u00e7\u0131kl\u0131k getirecektir.<\/li>\n<\/ul>\n<p>\u00a0 <strong>Hedeflenen Sonu\u00e7<\/strong><\/p>\n<ul>\n<li>Ki\u015fileri, M\u00fczakere Y\u00f6ntemleri \u00fczerine e\u011fitim almaya iten nedenler nelerdir? Belki, h\u00e2lihaz\u0131rda k\u00f6t\u00fc bir m\u00fczakereci oldu\u011funu d\u00fc\u015f\u00fcnmektedir. Belki en ba\u015f\u0131ndan ba\u015flamay\u0131 arzu etmektedir. Belki de \u00f6\u011frenecek bir \u015feylerin oldu\u011funu ve ihtiyat\u0131n ak\u0131lc\u0131 bir yakla\u015f\u0131m oldu\u011fu kan\u0131s\u0131ndad\u0131r.<\/li>\n<li>\u0130\u015f hayat\u0131nda iyi m\u00fczakereci olarak bilinen insanlar, \u00f6zel ya\u015famlar\u0131nda da iyi m\u00fczakerecidir. Unutmayal\u0131m: M\u00fczakere ya\u015famla ilgilidir ve ya\u015fam m\u00fczakere ile ilgilidir.<\/li>\n<li>Bu seminerin amac\u0131, kat\u0131l\u0131mc\u0131lara M\u00fczakere ile Pazarl\u0131k aras\u0131ndaki farklar\u0131 g\u00f6stermek, Kazan-Kazan yakla\u015f\u0131m\u0131n\u0131n ne oldu\u011funu ve ne zaman kullan\u0131laca\u011f\u0131n\u0131 anlatmak, M\u00fczakere s\u00fcrecinin ad\u0131mlar\u0131n\u0131 ve nas\u0131l y\u00f6netilece\u011fini belirlemek, M\u00fczakere stratejilerinin belirlenmesini g\u00f6stermek, M\u00fczakere hilelerine, nas\u0131l tan\u0131naca\u011f\u0131na ve nas\u0131l kar\u015f\u0131lanaca\u011f\u0131na ili\u015fkin ya\u015famsal ipu\u00e7lar\u0131 vermektir.<\/li>\n<\/ul>\n<p>\u00a0 <strong>E\u011fitim \u0130\u00e7eri\u011fi<\/strong><\/p>\n<ul>\n<li>M\u00fczakere Nedir?<\/li>\n<li>Neden M\u00fczakere Ederiz?<\/li>\n<li>Kendimizi, \u0130\u015f Arkada\u015flar\u0131m\u0131z\u0131 ve Hasm\u0131m\u0131z\u0131 Tan\u0131mak<\/li>\n<li>\u0130ki M\u00fczakere Yolu<\/li>\n<li>Kazan-Kazan Kavram\u0131<\/li>\n<li>Kazan-kazan \u00dczerine Konu\u015fmak<\/li>\n<li>Haz\u0131rl\u0131k Safhas\u0131<\/li>\n<li>Strateji ve Taktikler<\/li>\n<li>M\u00fczakerenin Y\u00f6netilmesi<\/li>\n<li>Tek Kaynak Al\u0131c\u0131 ya da Sat\u0131c\u0131 Durumu<\/li>\n<li>Mahkumun \u00c7\u0131kmaz\u0131 Oyunu \u00dczerine Yemek Sohbeti<\/li>\n<li>M\u00fczakerenin S\u00fcrd\u00fcr\u00fclmesi<\/li>\n<li>Hileler ve Savu\u015fturulmas\u0131<\/li>\n<li>M\u00fczakerenin Sonland\u0131r\u0131lmas\u0131<\/li>\n<li>S\u00fcrecin G\u00f6zden Ge\u00e7irilmesi<\/li>\n<li>Uygulama<\/li>\n<\/ul>\n<p>\u00a0 <strong>Sertifika<\/strong><\/p>\n<ul>\n<li>E\u011fitim sonunda kat\u0131l\u0131mc\u0131lara GLOBAL ALLIANCE ACADEMY taraf\u0131ndan \u201cM\u00fczakere Y\u00f6ntemleri\u00a0E\u011fitimi Kat\u0131l\u0131m Sertifikas\u0131\u201d verilecektir.<\/li>\n<\/ul>","protected":false},"excerpt":{"rendered":"<p>\u00a0 Kat\u0131l\u0131mc\u0131 Profili \u0130\u015f ya\u015fam\u0131nda m\u00fczakere s\u00fcrecini ya\u015fam\u0131\u015f ve halen i\u00e7inde olanlar\u0131n ya da ya\u015fam\u0131n kendisinin bir m\u00fczakere oldu\u011funa inanan herkesin kat\u0131lmas\u0131n\u0131n yararl\u0131 olaca\u011f\u0131 seminer g\u00fcn\u00fcm\u00fczde m\u00fczakere alan\u0131nda kullan\u0131lan bir\u00e7ok&#8230; <\/p>\n","protected":false},"author":10,"featured_media":5171,"parent":2158,"menu_order":16,"comment_status":"closed","ping_status":"closed","template":"page-full.php","meta":{"_acf_changed":false,"om_disable_all_campaigns":false,"footnotes":""},"class_list":["post-2397","page","type-page","status-publish","has-post-thumbnail","hentry"],"acf":[],"yoast_head":"<!-- This site is optimized with the Yoast SEO plugin v27.4 - https:\/\/yoast.com\/product\/yoast-seo-wordpress\/ -->\n<title>KG 16\u00a0 M\u00fczakere Y\u00f6ntemleri \u2013 2 g\u00fcn - Global Alliance Register<\/title>\n<meta name=\"robots\" content=\"index, follow, max-snippet:-1, max-image-preview:large, max-video-preview:-1\" \/>\n<link rel=\"canonical\" href=\"https:\/\/globalallianceregister.com\/tr\/services\/egitim\/individual-development\/turkce-kisisel-gelisim-egitim-programi\/turkce-kg-16-muzakere-yontemleri-2-gun\/\" \/>\n<meta property=\"og:locale\" content=\"tr_TR\" \/>\n<meta property=\"og:type\" content=\"article\" \/>\n<meta property=\"og:title\" content=\"KG 16\u00a0 M\u00fczakere Y\u00f6ntemleri \u2013 2 g\u00fcn - Global Alliance Register\" \/>\n<meta property=\"og:description\" content=\"\u00a0 Kat\u0131l\u0131mc\u0131 Profili \u0130\u015f ya\u015fam\u0131nda m\u00fczakere s\u00fcrecini ya\u015fam\u0131\u015f ve halen i\u00e7inde olanlar\u0131n ya da ya\u015fam\u0131n kendisinin bir m\u00fczakere oldu\u011funa inanan herkesin kat\u0131lmas\u0131n\u0131n yararl\u0131 olaca\u011f\u0131 seminer g\u00fcn\u00fcm\u00fczde m\u00fczakere alan\u0131nda kullan\u0131lan bir\u00e7ok...\" \/>\n<meta property=\"og:url\" content=\"https:\/\/globalallianceregister.com\/tr\/services\/egitim\/individual-development\/turkce-kisisel-gelisim-egitim-programi\/turkce-kg-16-muzakere-yontemleri-2-gun\/\" \/>\n<meta property=\"og:site_name\" content=\"Global Alliance Register\" \/>\n<meta property=\"article:modified_time\" content=\"2015-12-17T12:27:57+00:00\" \/>\n<meta property=\"og:image\" content=\"https:\/\/globalallianceregister.com\/wp-content\/uploads\/2015\/08\/Training-Inner-Page.jpg\" \/>\n\t<meta property=\"og:image:width\" content=\"614\" \/>\n\t<meta property=\"og:image:height\" content=\"200\" \/>\n\t<meta property=\"og:image:type\" content=\"image\/jpeg\" \/>\n<meta name=\"twitter:label1\" content=\"Tahmini okuma s\u00fcresi\" \/>\n\t<meta name=\"twitter:data1\" content=\"2 dakika\" \/>\n<script type=\"application\/ld+json\" class=\"yoast-schema-graph\">{\"@context\":\"https:\\\/\\\/schema.org\",\"@graph\":[{\"@type\":\"WebPage\",\"@id\":\"https:\\\/\\\/globalallianceregister.com\\\/tr\\\/services\\\/egitim\\\/individual-development\\\/turkce-kisisel-gelisim-egitim-programi\\\/turkce-kg-16-muzakere-yontemleri-2-gun\\\/\",\"url\":\"https:\\\/\\\/globalallianceregister.com\\\/tr\\\/services\\\/egitim\\\/individual-development\\\/turkce-kisisel-gelisim-egitim-programi\\\/turkce-kg-16-muzakere-yontemleri-2-gun\\\/\",\"name\":\"KG 16\u00a0 M\u00fczakere Y\u00f6ntemleri \u2013 2 g\u00fcn - Global Alliance Register\",\"isPartOf\":{\"@id\":\"https:\\\/\\\/globalallianceregister.com\\\/tr\\\/#website\"},\"primaryImageOfPage\":{\"@id\":\"https:\\\/\\\/globalallianceregister.com\\\/tr\\\/services\\\/egitim\\\/individual-development\\\/turkce-kisisel-gelisim-egitim-programi\\\/turkce-kg-16-muzakere-yontemleri-2-gun\\\/#primaryimage\"},\"image\":{\"@id\":\"https:\\\/\\\/globalallianceregister.com\\\/tr\\\/services\\\/egitim\\\/individual-development\\\/turkce-kisisel-gelisim-egitim-programi\\\/turkce-kg-16-muzakere-yontemleri-2-gun\\\/#primaryimage\"},\"thumbnailUrl\":\"https:\\\/\\\/globalallianceregister.com\\\/wp-content\\\/uploads\\\/2015\\\/08\\\/Training-Inner-Page.jpg\",\"datePublished\":\"2015-01-02T17:17:25+00:00\",\"dateModified\":\"2015-12-17T12:27:57+00:00\",\"breadcrumb\":{\"@id\":\"https:\\\/\\\/globalallianceregister.com\\\/tr\\\/services\\\/egitim\\\/individual-development\\\/turkce-kisisel-gelisim-egitim-programi\\\/turkce-kg-16-muzakere-yontemleri-2-gun\\\/#breadcrumb\"},\"inLanguage\":\"tr\",\"potentialAction\":[{\"@type\":\"ReadAction\",\"target\":[[\"https:\\\/\\\/globalallianceregister.com\\\/tr\\\/services\\\/egitim\\\/individual-development\\\/turkce-kisisel-gelisim-egitim-programi\\\/turkce-kg-16-muzakere-yontemleri-2-gun\\\/\"]]}]},{\"@type\":\"ImageObject\",\"inLanguage\":\"tr\",\"@id\":\"https:\\\/\\\/globalallianceregister.com\\\/tr\\\/services\\\/egitim\\\/individual-development\\\/turkce-kisisel-gelisim-egitim-programi\\\/turkce-kg-16-muzakere-yontemleri-2-gun\\\/#primaryimage\",\"url\":\"https:\\\/\\\/globalallianceregister.com\\\/wp-content\\\/uploads\\\/2015\\\/08\\\/Training-Inner-Page.jpg\",\"contentUrl\":\"https:\\\/\\\/globalallianceregister.com\\\/wp-content\\\/uploads\\\/2015\\\/08\\\/Training-Inner-Page.jpg\",\"width\":614,\"height\":200},{\"@type\":\"BreadcrumbList\",\"@id\":\"https:\\\/\\\/globalallianceregister.com\\\/tr\\\/services\\\/egitim\\\/individual-development\\\/turkce-kisisel-gelisim-egitim-programi\\\/turkce-kg-16-muzakere-yontemleri-2-gun\\\/#breadcrumb\",\"itemListElement\":[{\"@type\":\"ListItem\",\"position\":1,\"name\":\"Anasayfa\",\"item\":\"https:\\\/\\\/globalallianceregister.com\\\/tr\\\/\"},{\"@type\":\"ListItem\",\"position\":2,\"name\":\"KG 16\u00a0 M\u00fczakere Y\u00f6ntemleri \u2013 2 g\u00fcn\"}]},{\"@type\":\"WebSite\",\"@id\":\"https:\\\/\\\/globalallianceregister.com\\\/tr\\\/#website\",\"url\":\"https:\\\/\\\/globalallianceregister.com\\\/tr\\\/\",\"name\":\"Global Alliance Register\",\"description\":\"(EN) Together for Excellence\",\"potentialAction\":[{\"@type\":\"SearchAction\",\"target\":{\"@type\":\"EntryPoint\",\"urlTemplate\":\"https:\\\/\\\/globalallianceregister.com\\\/tr\\\/?s={search_term_string}\"},\"query-input\":{\"@type\":\"PropertyValueSpecification\",\"valueRequired\":true,\"valueName\":\"search_term_string\"}}],\"inLanguage\":\"tr\"}]}<\/script>\n<!-- \/ Yoast SEO plugin. -->","yoast_head_json":{"title":"KG 16\u00a0 M\u00fczakere Y\u00f6ntemleri \u2013 2 g\u00fcn - Global Alliance Register","robots":{"index":"index","follow":"follow","max-snippet":"max-snippet:-1","max-image-preview":"max-image-preview:large","max-video-preview":"max-video-preview:-1"},"canonical":"https:\/\/globalallianceregister.com\/tr\/services\/egitim\/individual-development\/turkce-kisisel-gelisim-egitim-programi\/turkce-kg-16-muzakere-yontemleri-2-gun\/","og_locale":"tr_TR","og_type":"article","og_title":"KG 16\u00a0 M\u00fczakere Y\u00f6ntemleri \u2013 2 g\u00fcn - Global Alliance Register","og_description":"\u00a0 Kat\u0131l\u0131mc\u0131 Profili \u0130\u015f ya\u015fam\u0131nda m\u00fczakere s\u00fcrecini ya\u015fam\u0131\u015f ve halen i\u00e7inde olanlar\u0131n ya da ya\u015fam\u0131n kendisinin bir m\u00fczakere oldu\u011funa inanan herkesin kat\u0131lmas\u0131n\u0131n yararl\u0131 olaca\u011f\u0131 seminer g\u00fcn\u00fcm\u00fczde m\u00fczakere alan\u0131nda kullan\u0131lan bir\u00e7ok...","og_url":"https:\/\/globalallianceregister.com\/tr\/services\/egitim\/individual-development\/turkce-kisisel-gelisim-egitim-programi\/turkce-kg-16-muzakere-yontemleri-2-gun\/","og_site_name":"Global Alliance Register","article_modified_time":"2015-12-17T12:27:57+00:00","og_image":[{"width":614,"height":200,"url":"https:\/\/globalallianceregister.com\/wp-content\/uploads\/2015\/08\/Training-Inner-Page.jpg","type":"image\/jpeg"}],"twitter_misc":{"Tahmini okuma s\u00fcresi":"2 dakika"},"schema":{"@context":"https:\/\/schema.org","@graph":[{"@type":"WebPage","@id":"https:\/\/globalallianceregister.com\/tr\/services\/egitim\/individual-development\/turkce-kisisel-gelisim-egitim-programi\/turkce-kg-16-muzakere-yontemleri-2-gun\/","url":"https:\/\/globalallianceregister.com\/tr\/services\/egitim\/individual-development\/turkce-kisisel-gelisim-egitim-programi\/turkce-kg-16-muzakere-yontemleri-2-gun\/","name":"KG 16\u00a0 M\u00fczakere Y\u00f6ntemleri \u2013 2 g\u00fcn - Global Alliance Register","isPartOf":{"@id":"https:\/\/globalallianceregister.com\/tr\/#website"},"primaryImageOfPage":{"@id":"https:\/\/globalallianceregister.com\/tr\/services\/egitim\/individual-development\/turkce-kisisel-gelisim-egitim-programi\/turkce-kg-16-muzakere-yontemleri-2-gun\/#primaryimage"},"image":{"@id":"https:\/\/globalallianceregister.com\/tr\/services\/egitim\/individual-development\/turkce-kisisel-gelisim-egitim-programi\/turkce-kg-16-muzakere-yontemleri-2-gun\/#primaryimage"},"thumbnailUrl":"https:\/\/globalallianceregister.com\/wp-content\/uploads\/2015\/08\/Training-Inner-Page.jpg","datePublished":"2015-01-02T17:17:25+00:00","dateModified":"2015-12-17T12:27:57+00:00","breadcrumb":{"@id":"https:\/\/globalallianceregister.com\/tr\/services\/egitim\/individual-development\/turkce-kisisel-gelisim-egitim-programi\/turkce-kg-16-muzakere-yontemleri-2-gun\/#breadcrumb"},"inLanguage":"tr","potentialAction":[{"@type":"ReadAction","target":[["https:\/\/globalallianceregister.com\/tr\/services\/egitim\/individual-development\/turkce-kisisel-gelisim-egitim-programi\/turkce-kg-16-muzakere-yontemleri-2-gun\/"]]}]},{"@type":"ImageObject","inLanguage":"tr","@id":"https:\/\/globalallianceregister.com\/tr\/services\/egitim\/individual-development\/turkce-kisisel-gelisim-egitim-programi\/turkce-kg-16-muzakere-yontemleri-2-gun\/#primaryimage","url":"https:\/\/globalallianceregister.com\/wp-content\/uploads\/2015\/08\/Training-Inner-Page.jpg","contentUrl":"https:\/\/globalallianceregister.com\/wp-content\/uploads\/2015\/08\/Training-Inner-Page.jpg","width":614,"height":200},{"@type":"BreadcrumbList","@id":"https:\/\/globalallianceregister.com\/tr\/services\/egitim\/individual-development\/turkce-kisisel-gelisim-egitim-programi\/turkce-kg-16-muzakere-yontemleri-2-gun\/#breadcrumb","itemListElement":[{"@type":"ListItem","position":1,"name":"Anasayfa","item":"https:\/\/globalallianceregister.com\/tr\/"},{"@type":"ListItem","position":2,"name":"KG 16\u00a0 M\u00fczakere Y\u00f6ntemleri \u2013 2 g\u00fcn"}]},{"@type":"WebSite","@id":"https:\/\/globalallianceregister.com\/tr\/#website","url":"https:\/\/globalallianceregister.com\/tr\/","name":"Global Alliance Register","description":"(EN) Together for Excellence","potentialAction":[{"@type":"SearchAction","target":{"@type":"EntryPoint","urlTemplate":"https:\/\/globalallianceregister.com\/tr\/?s={search_term_string}"},"query-input":{"@type":"PropertyValueSpecification","valueRequired":true,"valueName":"search_term_string"}}],"inLanguage":"tr"}]}},"_links":{"self":[{"href":"https:\/\/globalallianceregister.com\/tr\/wp-json\/wp\/v2\/pages\/2397","targetHints":{"allow":["GET"]}}],"collection":[{"href":"https:\/\/globalallianceregister.com\/tr\/wp-json\/wp\/v2\/pages"}],"about":[{"href":"https:\/\/globalallianceregister.com\/tr\/wp-json\/wp\/v2\/types\/page"}],"author":[{"embeddable":true,"href":"https:\/\/globalallianceregister.com\/tr\/wp-json\/wp\/v2\/users\/10"}],"replies":[{"embeddable":true,"href":"https:\/\/globalallianceregister.com\/tr\/wp-json\/wp\/v2\/comments?post=2397"}],"version-history":[{"count":0,"href":"https:\/\/globalallianceregister.com\/tr\/wp-json\/wp\/v2\/pages\/2397\/revisions"}],"up":[{"embeddable":true,"href":"https:\/\/globalallianceregister.com\/tr\/wp-json\/wp\/v2\/pages\/2158"}],"wp:featuredmedia":[{"embeddable":true,"href":"https:\/\/globalallianceregister.com\/tr\/wp-json\/wp\/v2\/media\/5171"}],"wp:attachment":[{"href":"https:\/\/globalallianceregister.com\/tr\/wp-json\/wp\/v2\/media?parent=2397"}],"curies":[{"name":"wp","href":"https:\/\/api.w.org\/{rel}","templated":true}]}}