{"id":2399,"date":"2015-01-02T17:19:14","date_gmt":"2015-01-02T17:19:14","guid":{"rendered":"https:\/\/globalallianceregister.com\/?page_id=2399"},"modified":"2015-12-17T12:28:31","modified_gmt":"2015-12-17T12:28:31","slug":"turkce-kg-17-bireysel-farkindalik-ile-performans-artisi-1-gun","status":"publish","type":"page","link":"https:\/\/globalallianceregister.com\/tr\/services\/egitim\/individual-development\/turkce-kisisel-gelisim-egitim-programi\/turkce-kg-17-bireysel-farkindalik-ile-performans-artisi-1-gun\/","title":{"rendered":"KG 17\u00a0 Bireysel Fark\u0131ndal\u0131k ile Performans Art\u0131\u015f\u0131 \u2013 1 g\u00fcn"},"content":{"rendered":"<p>\u00a0 <strong>Kat\u0131l\u0131mc\u0131 Profili<\/strong><\/p>\n<ul>\n<li>Profesyonel i\u015f ya\u015fam\u0131nda fark\u0131ndal\u0131k kazanarak performans\u0131n\u0131 artt\u0131rmay\u0131 ama\u00e7layan herkes bu e\u011fitimden faydalanabilir.<\/li>\n<\/ul>\n<p>\u00a0 <strong>Hedeflenen Sonu\u00e7<\/strong><\/p>\n<ul>\n<li>\u0130nteraktif ve zengin bir i\u00e7erikle haz\u0131rlanm\u0131\u015f olan bu e\u011fitimde, d\u00fc\u015f\u00fcnce \u2013 duygu \u2013 davran\u0131\u015f &#8211; \u0130nan\u00e7 d\u00f6ng\u00fcs\u00fc ve bu d\u00f6ng\u00fcn\u00fcn profesyonel hayattaki etkisi ele al\u0131nacak olup, kat\u0131l\u0131mc\u0131lar\u0131n derin bir i\u00e7 g\u00f6r\u00fc kazanmalar\u0131 ve bu kazan\u0131mlar\u0131 uygulamaya koymalar\u0131 i\u00e7in gerekli beceriyi kazanmalar\u0131 ama\u00e7lanm\u0131\u015ft\u0131r.<\/li>\n<\/ul>\n<p>\u00a0 <strong>E\u011fitim \u0130\u00e7eri\u011fi<\/strong><\/p>\n<ul>\n<li>D\u00fc\u015f\u00fcnce nedir?<\/li>\n<li>D\u00fc\u015f\u00fcnce nas\u0131l olu\u015fur?<\/li>\n<li>Duygular ve davran\u0131\u015f olarak yans\u0131mas\u0131<\/li>\n<li>Duygular\u0131n y\u00f6netimi<\/li>\n<li>Profesyonel ya\u015fama dair inan\u00e7 kal\u0131plar\u0131m\u0131z\u0131n fark\u0131na varma<\/li>\n<li>D\u00fc\u015f\u00fcnce-Duygu-Davran\u0131\u015f ve \u0130nan\u00e7 d\u00f6ng\u00fcm\u00fcz\u00fc anlayarak i\u015f ya\u015fant\u0131m\u0131zdaki karakterimizin fark\u0131na varmak<\/li>\n<li>Geli\u015fim alanlar\u0131n\u0131 tespit etmek<\/li>\n<li>Ki\u015fisel SWOT analizi<\/li>\n<li>\u00d6zg\u00fcven duygusunu geli\u015ftirme<\/li>\n<li>Rekabet- Kendimizle mi? Kar\u015f\u0131m\u0131zdakiyle mi?<\/li>\n<li>Zenginli\u011fin form\u00fcllerinden biri: Bireysel farkl\u0131l\u0131klara \u00e7e\u015fitli pencerelerden bakmak<\/li>\n<li>Empati kurma<\/li>\n<li>Etkin Dinleme<\/li>\n<li>Etkin soru sorma<\/li>\n<li>Zaman y\u00f6netiminin performansa yans\u0131mas\u0131<\/li>\n<\/ul>\n<p><strong>Sertifika<\/strong><\/p>\n<ul>\n<li>E\u011fitimi ba\u015far\u0131 ile tamamlayan t\u00fcm kat\u0131l\u0131mc\u0131lara GLOBAL ALLIANCE ACADEMY taraf\u0131ndan, &#8220;Bireysel Fark\u0131ndal\u0131k ile Performans Art\u0131\u015f\u0131 E\u011fitimi Sertifikas\u0131&#8221; verilecektir.<\/li>\n<\/ul>","protected":false},"excerpt":{"rendered":"<p>\u00a0 Kat\u0131l\u0131mc\u0131 Profili Profesyonel i\u015f ya\u015fam\u0131nda fark\u0131ndal\u0131k kazanarak performans\u0131n\u0131 artt\u0131rmay\u0131 ama\u00e7layan herkes bu e\u011fitimden faydalanabilir. \u00a0 Hedeflenen Sonu\u00e7 \u0130nteraktif ve zengin bir i\u00e7erikle haz\u0131rlanm\u0131\u015f olan bu e\u011fitimde, d\u00fc\u015f\u00fcnce \u2013 duygu&#8230; <\/p>\n","protected":false},"author":10,"featured_media":5171,"parent":2158,"menu_order":17,"comment_status":"closed","ping_status":"closed","template":"page-full.php","meta":{"_acf_changed":false,"om_disable_all_campaigns":false,"footnotes":""},"class_list":["post-2399","page","type-page","status-publish","has-post-thumbnail","hentry"],"acf":[],"yoast_head":"<!-- This site is optimized with the Yoast SEO plugin v27.4 - https:\/\/yoast.com\/product\/yoast-seo-wordpress\/ -->\n<title>KG 17\u00a0 Bireysel Fark\u0131ndal\u0131k ile Performans Art\u0131\u015f\u0131 \u2013 1 g\u00fcn  - Global Alliance Register<\/title>\n<meta name=\"robots\" content=\"index, follow, max-snippet:-1, max-image-preview:large, max-video-preview:-1\" \/>\n<link rel=\"canonical\" href=\"https:\/\/globalallianceregister.com\/tr\/services\/egitim\/individual-development\/turkce-kisisel-gelisim-egitim-programi\/turkce-kg-17-bireysel-farkindalik-ile-performans-artisi-1-gun\/\" \/>\n<meta property=\"og:locale\" content=\"tr_TR\" \/>\n<meta property=\"og:type\" content=\"article\" \/>\n<meta property=\"og:title\" content=\"KG 17\u00a0 Bireysel Fark\u0131ndal\u0131k ile Performans Art\u0131\u015f\u0131 \u2013 1 g\u00fcn  - Global Alliance Register\" \/>\n<meta property=\"og:description\" content=\"\u00a0 Kat\u0131l\u0131mc\u0131 Profili Profesyonel i\u015f ya\u015fam\u0131nda fark\u0131ndal\u0131k kazanarak performans\u0131n\u0131 artt\u0131rmay\u0131 ama\u00e7layan herkes bu e\u011fitimden faydalanabilir. \u00a0 Hedeflenen Sonu\u00e7 \u0130nteraktif ve zengin bir i\u00e7erikle haz\u0131rlanm\u0131\u015f olan bu e\u011fitimde, d\u00fc\u015f\u00fcnce \u2013 duygu...\" \/>\n<meta property=\"og:url\" content=\"https:\/\/globalallianceregister.com\/tr\/services\/egitim\/individual-development\/turkce-kisisel-gelisim-egitim-programi\/turkce-kg-17-bireysel-farkindalik-ile-performans-artisi-1-gun\/\" \/>\n<meta property=\"og:site_name\" content=\"Global Alliance Register\" \/>\n<meta property=\"article:modified_time\" content=\"2015-12-17T12:28:31+00:00\" \/>\n<meta property=\"og:image\" content=\"https:\/\/globalallianceregister.com\/wp-content\/uploads\/2015\/08\/Training-Inner-Page.jpg\" \/>\n\t<meta property=\"og:image:width\" content=\"614\" \/>\n\t<meta property=\"og:image:height\" content=\"200\" \/>\n\t<meta property=\"og:image:type\" content=\"image\/jpeg\" \/>\n<meta name=\"twitter:label1\" content=\"Tahmini okuma s\u00fcresi\" \/>\n\t<meta name=\"twitter:data1\" content=\"1 dakika\" \/>\n<script type=\"application\/ld+json\" class=\"yoast-schema-graph\">{\"@context\":\"https:\\\/\\\/schema.org\",\"@graph\":[{\"@type\":\"WebPage\",\"@id\":\"https:\\\/\\\/globalallianceregister.com\\\/tr\\\/services\\\/egitim\\\/individual-development\\\/turkce-kisisel-gelisim-egitim-programi\\\/turkce-kg-17-bireysel-farkindalik-ile-performans-artisi-1-gun\\\/\",\"url\":\"https:\\\/\\\/globalallianceregister.com\\\/tr\\\/services\\\/egitim\\\/individual-development\\\/turkce-kisisel-gelisim-egitim-programi\\\/turkce-kg-17-bireysel-farkindalik-ile-performans-artisi-1-gun\\\/\",\"name\":\"KG 17\u00a0 Bireysel Fark\u0131ndal\u0131k ile Performans Art\u0131\u015f\u0131 \u2013 1 g\u00fcn  - Global Alliance Register\",\"isPartOf\":{\"@id\":\"https:\\\/\\\/globalallianceregister.com\\\/tr\\\/#website\"},\"primaryImageOfPage\":{\"@id\":\"https:\\\/\\\/globalallianceregister.com\\\/tr\\\/services\\\/egitim\\\/individual-development\\\/turkce-kisisel-gelisim-egitim-programi\\\/turkce-kg-17-bireysel-farkindalik-ile-performans-artisi-1-gun\\\/#primaryimage\"},\"image\":{\"@id\":\"https:\\\/\\\/globalallianceregister.com\\\/tr\\\/services\\\/egitim\\\/individual-development\\\/turkce-kisisel-gelisim-egitim-programi\\\/turkce-kg-17-bireysel-farkindalik-ile-performans-artisi-1-gun\\\/#primaryimage\"},\"thumbnailUrl\":\"https:\\\/\\\/globalallianceregister.com\\\/wp-content\\\/uploads\\\/2015\\\/08\\\/Training-Inner-Page.jpg\",\"datePublished\":\"2015-01-02T17:19:14+00:00\",\"dateModified\":\"2015-12-17T12:28:31+00:00\",\"breadcrumb\":{\"@id\":\"https:\\\/\\\/globalallianceregister.com\\\/tr\\\/services\\\/egitim\\\/individual-development\\\/turkce-kisisel-gelisim-egitim-programi\\\/turkce-kg-17-bireysel-farkindalik-ile-performans-artisi-1-gun\\\/#breadcrumb\"},\"inLanguage\":\"tr\",\"potentialAction\":[{\"@type\":\"ReadAction\",\"target\":[[\"https:\\\/\\\/globalallianceregister.com\\\/tr\\\/services\\\/egitim\\\/individual-development\\\/turkce-kisisel-gelisim-egitim-programi\\\/turkce-kg-17-bireysel-farkindalik-ile-performans-artisi-1-gun\\\/\"]]}]},{\"@type\":\"ImageObject\",\"inLanguage\":\"tr\",\"@id\":\"https:\\\/\\\/globalallianceregister.com\\\/tr\\\/services\\\/egitim\\\/individual-development\\\/turkce-kisisel-gelisim-egitim-programi\\\/turkce-kg-17-bireysel-farkindalik-ile-performans-artisi-1-gun\\\/#primaryimage\",\"url\":\"https:\\\/\\\/globalallianceregister.com\\\/wp-content\\\/uploads\\\/2015\\\/08\\\/Training-Inner-Page.jpg\",\"contentUrl\":\"https:\\\/\\\/globalallianceregister.com\\\/wp-content\\\/uploads\\\/2015\\\/08\\\/Training-Inner-Page.jpg\",\"width\":614,\"height\":200},{\"@type\":\"BreadcrumbList\",\"@id\":\"https:\\\/\\\/globalallianceregister.com\\\/tr\\\/services\\\/egitim\\\/individual-development\\\/turkce-kisisel-gelisim-egitim-programi\\\/turkce-kg-17-bireysel-farkindalik-ile-performans-artisi-1-gun\\\/#breadcrumb\",\"itemListElement\":[{\"@type\":\"ListItem\",\"position\":1,\"name\":\"Anasayfa\",\"item\":\"https:\\\/\\\/globalallianceregister.com\\\/tr\\\/\"},{\"@type\":\"ListItem\",\"position\":2,\"name\":\"KG 17\u00a0 Bireysel Fark\u0131ndal\u0131k ile Performans Art\u0131\u015f\u0131 \u2013 1 g\u00fcn\"}]},{\"@type\":\"WebSite\",\"@id\":\"https:\\\/\\\/globalallianceregister.com\\\/tr\\\/#website\",\"url\":\"https:\\\/\\\/globalallianceregister.com\\\/tr\\\/\",\"name\":\"Global Alliance Register\",\"description\":\"(EN) Together for Excellence\",\"potentialAction\":[{\"@type\":\"SearchAction\",\"target\":{\"@type\":\"EntryPoint\",\"urlTemplate\":\"https:\\\/\\\/globalallianceregister.com\\\/tr\\\/?s={search_term_string}\"},\"query-input\":{\"@type\":\"PropertyValueSpecification\",\"valueRequired\":true,\"valueName\":\"search_term_string\"}}],\"inLanguage\":\"tr\"}]}<\/script>\n<!-- \/ Yoast SEO plugin. -->","yoast_head_json":{"title":"KG 17\u00a0 Bireysel Fark\u0131ndal\u0131k ile Performans Art\u0131\u015f\u0131 \u2013 1 g\u00fcn  - Global Alliance Register","robots":{"index":"index","follow":"follow","max-snippet":"max-snippet:-1","max-image-preview":"max-image-preview:large","max-video-preview":"max-video-preview:-1"},"canonical":"https:\/\/globalallianceregister.com\/tr\/services\/egitim\/individual-development\/turkce-kisisel-gelisim-egitim-programi\/turkce-kg-17-bireysel-farkindalik-ile-performans-artisi-1-gun\/","og_locale":"tr_TR","og_type":"article","og_title":"KG 17\u00a0 Bireysel Fark\u0131ndal\u0131k ile Performans Art\u0131\u015f\u0131 \u2013 1 g\u00fcn  - Global Alliance Register","og_description":"\u00a0 Kat\u0131l\u0131mc\u0131 Profili Profesyonel i\u015f ya\u015fam\u0131nda fark\u0131ndal\u0131k kazanarak performans\u0131n\u0131 artt\u0131rmay\u0131 ama\u00e7layan herkes bu e\u011fitimden faydalanabilir. \u00a0 Hedeflenen Sonu\u00e7 \u0130nteraktif ve zengin bir i\u00e7erikle haz\u0131rlanm\u0131\u015f olan bu e\u011fitimde, d\u00fc\u015f\u00fcnce \u2013 duygu...","og_url":"https:\/\/globalallianceregister.com\/tr\/services\/egitim\/individual-development\/turkce-kisisel-gelisim-egitim-programi\/turkce-kg-17-bireysel-farkindalik-ile-performans-artisi-1-gun\/","og_site_name":"Global Alliance Register","article_modified_time":"2015-12-17T12:28:31+00:00","og_image":[{"width":614,"height":200,"url":"https:\/\/globalallianceregister.com\/wp-content\/uploads\/2015\/08\/Training-Inner-Page.jpg","type":"image\/jpeg"}],"twitter_misc":{"Tahmini okuma s\u00fcresi":"1 dakika"},"schema":{"@context":"https:\/\/schema.org","@graph":[{"@type":"WebPage","@id":"https:\/\/globalallianceregister.com\/tr\/services\/egitim\/individual-development\/turkce-kisisel-gelisim-egitim-programi\/turkce-kg-17-bireysel-farkindalik-ile-performans-artisi-1-gun\/","url":"https:\/\/globalallianceregister.com\/tr\/services\/egitim\/individual-development\/turkce-kisisel-gelisim-egitim-programi\/turkce-kg-17-bireysel-farkindalik-ile-performans-artisi-1-gun\/","name":"KG 17\u00a0 Bireysel Fark\u0131ndal\u0131k ile Performans Art\u0131\u015f\u0131 \u2013 1 g\u00fcn  - Global Alliance Register","isPartOf":{"@id":"https:\/\/globalallianceregister.com\/tr\/#website"},"primaryImageOfPage":{"@id":"https:\/\/globalallianceregister.com\/tr\/services\/egitim\/individual-development\/turkce-kisisel-gelisim-egitim-programi\/turkce-kg-17-bireysel-farkindalik-ile-performans-artisi-1-gun\/#primaryimage"},"image":{"@id":"https:\/\/globalallianceregister.com\/tr\/services\/egitim\/individual-development\/turkce-kisisel-gelisim-egitim-programi\/turkce-kg-17-bireysel-farkindalik-ile-performans-artisi-1-gun\/#primaryimage"},"thumbnailUrl":"https:\/\/globalallianceregister.com\/wp-content\/uploads\/2015\/08\/Training-Inner-Page.jpg","datePublished":"2015-01-02T17:19:14+00:00","dateModified":"2015-12-17T12:28:31+00:00","breadcrumb":{"@id":"https:\/\/globalallianceregister.com\/tr\/services\/egitim\/individual-development\/turkce-kisisel-gelisim-egitim-programi\/turkce-kg-17-bireysel-farkindalik-ile-performans-artisi-1-gun\/#breadcrumb"},"inLanguage":"tr","potentialAction":[{"@type":"ReadAction","target":[["https:\/\/globalallianceregister.com\/tr\/services\/egitim\/individual-development\/turkce-kisisel-gelisim-egitim-programi\/turkce-kg-17-bireysel-farkindalik-ile-performans-artisi-1-gun\/"]]}]},{"@type":"ImageObject","inLanguage":"tr","@id":"https:\/\/globalallianceregister.com\/tr\/services\/egitim\/individual-development\/turkce-kisisel-gelisim-egitim-programi\/turkce-kg-17-bireysel-farkindalik-ile-performans-artisi-1-gun\/#primaryimage","url":"https:\/\/globalallianceregister.com\/wp-content\/uploads\/2015\/08\/Training-Inner-Page.jpg","contentUrl":"https:\/\/globalallianceregister.com\/wp-content\/uploads\/2015\/08\/Training-Inner-Page.jpg","width":614,"height":200},{"@type":"BreadcrumbList","@id":"https:\/\/globalallianceregister.com\/tr\/services\/egitim\/individual-development\/turkce-kisisel-gelisim-egitim-programi\/turkce-kg-17-bireysel-farkindalik-ile-performans-artisi-1-gun\/#breadcrumb","itemListElement":[{"@type":"ListItem","position":1,"name":"Anasayfa","item":"https:\/\/globalallianceregister.com\/tr\/"},{"@type":"ListItem","position":2,"name":"KG 17\u00a0 Bireysel Fark\u0131ndal\u0131k ile Performans Art\u0131\u015f\u0131 \u2013 1 g\u00fcn"}]},{"@type":"WebSite","@id":"https:\/\/globalallianceregister.com\/tr\/#website","url":"https:\/\/globalallianceregister.com\/tr\/","name":"Global Alliance Register","description":"(EN) Together for Excellence","potentialAction":[{"@type":"SearchAction","target":{"@type":"EntryPoint","urlTemplate":"https:\/\/globalallianceregister.com\/tr\/?s={search_term_string}"},"query-input":{"@type":"PropertyValueSpecification","valueRequired":true,"valueName":"search_term_string"}}],"inLanguage":"tr"}]}},"_links":{"self":[{"href":"https:\/\/globalallianceregister.com\/tr\/wp-json\/wp\/v2\/pages\/2399","targetHints":{"allow":["GET"]}}],"collection":[{"href":"https:\/\/globalallianceregister.com\/tr\/wp-json\/wp\/v2\/pages"}],"about":[{"href":"https:\/\/globalallianceregister.com\/tr\/wp-json\/wp\/v2\/types\/page"}],"author":[{"embeddable":true,"href":"https:\/\/globalallianceregister.com\/tr\/wp-json\/wp\/v2\/users\/10"}],"replies":[{"embeddable":true,"href":"https:\/\/globalallianceregister.com\/tr\/wp-json\/wp\/v2\/comments?post=2399"}],"version-history":[{"count":0,"href":"https:\/\/globalallianceregister.com\/tr\/wp-json\/wp\/v2\/pages\/2399\/revisions"}],"up":[{"embeddable":true,"href":"https:\/\/globalallianceregister.com\/tr\/wp-json\/wp\/v2\/pages\/2158"}],"wp:featuredmedia":[{"embeddable":true,"href":"https:\/\/globalallianceregister.com\/tr\/wp-json\/wp\/v2\/media\/5171"}],"wp:attachment":[{"href":"https:\/\/globalallianceregister.com\/tr\/wp-json\/wp\/v2\/media?parent=2399"}],"curies":[{"name":"wp","href":"https:\/\/api.w.org\/{rel}","templated":true}]}}