{"id":240,"date":"2010-12-29T13:46:28","date_gmt":"2010-12-29T13:46:28","guid":{"rendered":"https:\/\/globalallianceregister.com\/?page_id=240"},"modified":"2015-12-11T15:47:53","modified_gmt":"2015-12-11T15:47:53","slug":"personnel-certification","status":"publish","type":"page","link":"https:\/\/globalallianceregister.com\/tr\/services\/certification\/personnel-certification\/","title":{"rendered":"Personel Belgelendirme"},"content":{"rendered":"<p>Personel Belgelendirme alan\u0131nda T\u00fcrkiye ve 140\u2019\u0131 a\u015fk\u0131n \u00fclkede uluslararas\u0131 ofis a\u011f\u0131yla Global Alliance Register m\u00fc\u015fterilerine personel vas\u0131fland\u0131rma programlar\u0131 ile kurumsal, y\u00fcksek tan\u0131n\u0131rl\u0131kta, \u00fcst\u00fcn nitelikli \u00e7\u00f6z\u00fcmler sunuyor.<\/p>\n<p>Personel Belgelendirme kapsam\u0131nda Global Alliance Register taraf\u0131ndan sunulan programlara ili\u015fkin ana kategoriler a\u015fa\u011f\u0131daki linklerde bilgilerinize sunulmaktad\u0131r.<\/p>\n<div id=\"content_applied_s\">\n<h1>Personel Belgelendirme Portf\u00f6y\u00fc<\/h1>\n<ul>\n<li id=\"content_applied_s_left\"><a title=\"Kaynak\u00e7\u0131 E\u011fitimi\" href=\"https:\/\/globalallianceregister.com\/?page_id=364&amp;lang=tr\">Kaynak\u00e7\u0131 E\u011fitimi &amp; Belgelendirmesi<\/a><\/li>\n<li><a title=\"Kaynak Enspekt\u00f6r\u00fc E\u011fitimi\" href=\"https:\/\/globalallianceregister.com\/?page_id=366&amp;lang=tr\">Kaynak Enspekt\u00f6r\u00fc E\u011fitimi<\/a><\/li>\n<li><a title=\"NDT Tahribats\u0131z Muayene E\u011fitimi\" href=\"https:\/\/globalallianceregister.com\/?page_id=368&amp;lang=tr\">NDT Tahribats\u0131z Muayene E\u011fitimi<\/a><\/li>\n<li><a title=\"Boya Enspekt\u00f6r\u00fc E\u011fitimi\" href=\"https:\/\/globalallianceregister.com\/?page_id=370&amp;lang=tr\">Boya Enspekt\u00f6r\u00fc E\u011fitimi<\/a><\/li>\n<li><a title=\"Katodik Koruma Enspekt\u00f6r\u00fc E\u011fitimi\" href=\"https:\/\/globalallianceregister.com\/?page_id=372&amp;lang=tr\">Katodik Koruma Enspekt\u00f6r\u00fc E\u011fitimi<\/a><\/li>\n<li><a title=\"Teknik Personel E\u011fitimleri\" href=\"https:\/\/globalallianceregister.com\/?page_id=374&amp;lang=tr\">Teknik Personel E\u011fitimleri<\/a><\/li>\n<li id=\"content_applied_s_right\"><a title=\"Oryantasyon E\u011fitimleri\" href=\"https:\/\/globalallianceregister.com\/?page_id=376&amp;lang=tr\">Oryantasyon E\u011fitimleri<\/a><\/li>\n<li><a title=\"Tedarik\u00e7i E\u011fitimi &amp; Onay\u0131\" href=\"https:\/\/globalallianceregister.com\/?page_id=378&amp;lang=tr\">Tedarik\u00e7i E\u011fitimi &amp; Onay\u0131<\/a><\/li>\n<\/ul>\n<\/div>\n<p><strong><em>Personel Belgelendirme Programlar\u0131 hakk\u0131nda her t\u00fcrl\u00fc sorunuz ve talepleriniz i\u00e7in l\u00fctfen taraf\u0131m\u0131zla temas kurunuz\u2026<\/em><\/strong><\/p>","protected":false},"excerpt":{"rendered":"<p>Personel Belgelendirme alan\u0131nda T\u00fcrkiye ve 140\u2019\u0131 a\u015fk\u0131n \u00fclkede uluslararas\u0131 ofis a\u011f\u0131yla Global Alliance Register m\u00fc\u015fterilerine personel vas\u0131fland\u0131rma programlar\u0131 ile kurumsal, y\u00fcksek tan\u0131n\u0131rl\u0131kta, \u00fcst\u00fcn nitelikli \u00e7\u00f6z\u00fcmler sunuyor. Personel Belgelendirme kapsam\u0131nda Global&#8230; <\/p>\n","protected":false},"author":10,"featured_media":0,"parent":170,"menu_order":2,"comment_status":"closed","ping_status":"closed","template":"page-full.php","meta":{"_acf_changed":false,"om_disable_all_campaigns":false,"footnotes":""},"class_list":["post-240","page","type-page","status-publish","hentry"],"acf":[],"yoast_head":"<!-- This site is optimized with the Yoast SEO plugin v27.4 - https:\/\/yoast.com\/product\/yoast-seo-wordpress\/ -->\n<title>Personel Belgelendirme - Global Alliance Register<\/title>\n<meta name=\"robots\" content=\"index, follow, max-snippet:-1, max-image-preview:large, max-video-preview:-1\" \/>\n<link rel=\"canonical\" href=\"https:\/\/globalallianceregister.com\/tr\/services\/certification\/personnel-certification\/\" \/>\n<meta property=\"og:locale\" content=\"tr_TR\" \/>\n<meta property=\"og:type\" content=\"article\" \/>\n<meta property=\"og:title\" content=\"Personel Belgelendirme - Global Alliance Register\" \/>\n<meta property=\"og:description\" content=\"Personel Belgelendirme alan\u0131nda T\u00fcrkiye ve 140\u2019\u0131 a\u015fk\u0131n \u00fclkede uluslararas\u0131 ofis a\u011f\u0131yla Global Alliance Register m\u00fc\u015fterilerine personel vas\u0131fland\u0131rma programlar\u0131 ile kurumsal, y\u00fcksek tan\u0131n\u0131rl\u0131kta, \u00fcst\u00fcn nitelikli \u00e7\u00f6z\u00fcmler sunuyor. Personel Belgelendirme kapsam\u0131nda Global...\" \/>\n<meta property=\"og:url\" content=\"https:\/\/globalallianceregister.com\/tr\/services\/certification\/personnel-certification\/\" \/>\n<meta property=\"og:site_name\" content=\"Global Alliance Register\" \/>\n<meta property=\"article:modified_time\" content=\"2015-12-11T15:47:53+00:00\" \/>\n<meta name=\"twitter:label1\" content=\"Tahmini okuma s\u00fcresi\" \/>\n\t<meta name=\"twitter:data1\" content=\"1 dakika\" \/>\n<script type=\"application\/ld+json\" class=\"yoast-schema-graph\">{\"@context\":\"https:\\\/\\\/schema.org\",\"@graph\":[{\"@type\":\"WebPage\",\"@id\":\"https:\\\/\\\/globalallianceregister.com\\\/tr\\\/services\\\/certification\\\/personnel-certification\\\/\",\"url\":\"https:\\\/\\\/globalallianceregister.com\\\/tr\\\/services\\\/certification\\\/personnel-certification\\\/\",\"name\":\"Personel Belgelendirme - Global Alliance Register\",\"isPartOf\":{\"@id\":\"https:\\\/\\\/globalallianceregister.com\\\/tr\\\/#website\"},\"datePublished\":\"2010-12-29T13:46:28+00:00\",\"dateModified\":\"2015-12-11T15:47:53+00:00\",\"breadcrumb\":{\"@id\":\"https:\\\/\\\/globalallianceregister.com\\\/tr\\\/services\\\/certification\\\/personnel-certification\\\/#breadcrumb\"},\"inLanguage\":\"tr\",\"potentialAction\":[{\"@type\":\"ReadAction\",\"target\":[[\"https:\\\/\\\/globalallianceregister.com\\\/tr\\\/services\\\/certification\\\/personnel-certification\\\/\"]]}]},{\"@type\":\"BreadcrumbList\",\"@id\":\"https:\\\/\\\/globalallianceregister.com\\\/tr\\\/services\\\/certification\\\/personnel-certification\\\/#breadcrumb\",\"itemListElement\":[{\"@type\":\"ListItem\",\"position\":1,\"name\":\"Anasayfa\",\"item\":\"https:\\\/\\\/globalallianceregister.com\\\/tr\\\/\"},{\"@type\":\"ListItem\",\"position\":2,\"name\":\"Personel Belgelendirme\"}]},{\"@type\":\"WebSite\",\"@id\":\"https:\\\/\\\/globalallianceregister.com\\\/tr\\\/#website\",\"url\":\"https:\\\/\\\/globalallianceregister.com\\\/tr\\\/\",\"name\":\"Global Alliance Register\",\"description\":\"(EN) Together for Excellence\",\"potentialAction\":[{\"@type\":\"SearchAction\",\"target\":{\"@type\":\"EntryPoint\",\"urlTemplate\":\"https:\\\/\\\/globalallianceregister.com\\\/tr\\\/?s={search_term_string}\"},\"query-input\":{\"@type\":\"PropertyValueSpecification\",\"valueRequired\":true,\"valueName\":\"search_term_string\"}}],\"inLanguage\":\"tr\"}]}<\/script>\n<!-- \/ Yoast SEO plugin. -->","yoast_head_json":{"title":"Personel Belgelendirme - Global Alliance Register","robots":{"index":"index","follow":"follow","max-snippet":"max-snippet:-1","max-image-preview":"max-image-preview:large","max-video-preview":"max-video-preview:-1"},"canonical":"https:\/\/globalallianceregister.com\/tr\/services\/certification\/personnel-certification\/","og_locale":"tr_TR","og_type":"article","og_title":"Personel Belgelendirme - Global Alliance Register","og_description":"Personel Belgelendirme alan\u0131nda T\u00fcrkiye ve 140\u2019\u0131 a\u015fk\u0131n \u00fclkede uluslararas\u0131 ofis a\u011f\u0131yla Global Alliance Register m\u00fc\u015fterilerine personel vas\u0131fland\u0131rma programlar\u0131 ile kurumsal, y\u00fcksek tan\u0131n\u0131rl\u0131kta, \u00fcst\u00fcn nitelikli \u00e7\u00f6z\u00fcmler sunuyor. Personel Belgelendirme kapsam\u0131nda Global...","og_url":"https:\/\/globalallianceregister.com\/tr\/services\/certification\/personnel-certification\/","og_site_name":"Global Alliance Register","article_modified_time":"2015-12-11T15:47:53+00:00","twitter_misc":{"Tahmini okuma s\u00fcresi":"1 dakika"},"schema":{"@context":"https:\/\/schema.org","@graph":[{"@type":"WebPage","@id":"https:\/\/globalallianceregister.com\/tr\/services\/certification\/personnel-certification\/","url":"https:\/\/globalallianceregister.com\/tr\/services\/certification\/personnel-certification\/","name":"Personel Belgelendirme - Global Alliance Register","isPartOf":{"@id":"https:\/\/globalallianceregister.com\/tr\/#website"},"datePublished":"2010-12-29T13:46:28+00:00","dateModified":"2015-12-11T15:47:53+00:00","breadcrumb":{"@id":"https:\/\/globalallianceregister.com\/tr\/services\/certification\/personnel-certification\/#breadcrumb"},"inLanguage":"tr","potentialAction":[{"@type":"ReadAction","target":[["https:\/\/globalallianceregister.com\/tr\/services\/certification\/personnel-certification\/"]]}]},{"@type":"BreadcrumbList","@id":"https:\/\/globalallianceregister.com\/tr\/services\/certification\/personnel-certification\/#breadcrumb","itemListElement":[{"@type":"ListItem","position":1,"name":"Anasayfa","item":"https:\/\/globalallianceregister.com\/tr\/"},{"@type":"ListItem","position":2,"name":"Personel Belgelendirme"}]},{"@type":"WebSite","@id":"https:\/\/globalallianceregister.com\/tr\/#website","url":"https:\/\/globalallianceregister.com\/tr\/","name":"Global Alliance Register","description":"(EN) Together for Excellence","potentialAction":[{"@type":"SearchAction","target":{"@type":"EntryPoint","urlTemplate":"https:\/\/globalallianceregister.com\/tr\/?s={search_term_string}"},"query-input":{"@type":"PropertyValueSpecification","valueRequired":true,"valueName":"search_term_string"}}],"inLanguage":"tr"}]}},"_links":{"self":[{"href":"https:\/\/globalallianceregister.com\/tr\/wp-json\/wp\/v2\/pages\/240","targetHints":{"allow":["GET"]}}],"collection":[{"href":"https:\/\/globalallianceregister.com\/tr\/wp-json\/wp\/v2\/pages"}],"about":[{"href":"https:\/\/globalallianceregister.com\/tr\/wp-json\/wp\/v2\/types\/page"}],"author":[{"embeddable":true,"href":"https:\/\/globalallianceregister.com\/tr\/wp-json\/wp\/v2\/users\/10"}],"replies":[{"embeddable":true,"href":"https:\/\/globalallianceregister.com\/tr\/wp-json\/wp\/v2\/comments?post=240"}],"version-history":[{"count":0,"href":"https:\/\/globalallianceregister.com\/tr\/wp-json\/wp\/v2\/pages\/240\/revisions"}],"up":[{"embeddable":true,"href":"https:\/\/globalallianceregister.com\/tr\/wp-json\/wp\/v2\/pages\/170"}],"wp:attachment":[{"href":"https:\/\/globalallianceregister.com\/tr\/wp-json\/wp\/v2\/media?parent=240"}],"curies":[{"name":"wp","href":"https:\/\/api.w.org\/{rel}","templated":true}]}}