{"id":2401,"date":"2015-01-02T17:20:47","date_gmt":"2015-01-02T17:20:47","guid":{"rendered":"https:\/\/globalallianceregister.com\/?page_id=2401"},"modified":"2015-12-17T12:29:06","modified_gmt":"2015-12-17T12:29:06","slug":"turkce-kg-18-ekip-gelistirme-1-gun","status":"publish","type":"page","link":"https:\/\/globalallianceregister.com\/tr\/services\/egitim\/individual-development\/turkce-kisisel-gelisim-egitim-programi\/turkce-kg-18-ekip-gelistirme-1-gun\/","title":{"rendered":"KG 18\u00a0 Ekip Geli\u015ftirme \u2013 1 g\u00fcn"},"content":{"rendered":"<p>\u00a0 <strong>Kat\u0131l\u0131mc\u0131 Profili<\/strong><\/p>\n<ul>\n<li>Ekip olu\u015fturma konusunda etkinliklerini artt\u0131rmak isteyen ekip liderleri, y\u00f6neticiler ve bir ekip i\u00e7inde g\u00f6rev alan herkes bu e\u011fitime kat\u0131labilir.<\/li>\n<\/ul>\n<p>\u00a0 <strong>Hedeflenen Sonu\u00e7<\/strong><\/p>\n<ul>\n<li>\u201cBir b\u00fct\u00fcn, kendini olu\u015fturan par\u00e7alar\u0131n toplam\u0131ndan daha b\u00fcy\u00fckt\u00fcr\u201d felsefesiyle olu\u015fturulan bu \u00f6zel programda kat\u0131l\u0131mc\u0131lar birey olarak i\u00e7lerinde bulunduklar\u0131 ekibin tamam\u0131na nas\u0131l etki ettiklerini ve edebileceklerini daha geni\u015f bir \u00e7er\u00e7evede g\u00f6receklerdir.<\/li>\n<li>Bu e\u011fitim, kurumsal vizyon alt\u0131nda birle\u015fme; ekip hedeflerinin, projelerinin, g\u00f6revlerinin anlamlar\u0131n\u0131 i\u00e7selle\u015ftirme konusundaki ba\u015far\u0131n\u0131n artmas\u0131na yard\u0131mc\u0131 olmaktad\u0131r. Bunun yan\u0131 s\u0131ra ekip liderleri de t\u00fcm bu unsurlar\u0131n i\u00e7selle\u015ftirilmesinde personeline nas\u0131l katk\u0131da bulunaca\u011f\u0131n\u0131 g\u00f6rme f\u0131rsat\u0131 bulacakt\u0131r.<\/li>\n<li>E\u011fitim sonunda, kat\u0131l\u0131mc\u0131lar yap\u0131lan uygulamal\u0131 \u00e7al\u0131\u015fmalarla kendi kurumlar\u0131ndaki ekip i\u00e7i \u00e7al\u0131\u015fmalarda daha aktif ve verimli olmay\u0131 deneyimler hale gelmi\u015f olacaklar. E\u011fitime kat\u0131lan ekip liderleri ise daha uyumlu bir ekip yaratmak i\u00e7in gerekli t\u00fcm bilgileri prati\u011fe d\u00f6kme tecr\u00fcbesi kazanm\u0131\u015f olacaklard\u0131r.<\/li>\n<\/ul>\n<p>\u00a0 <strong>E\u011fitim \u0130\u00e7eri\u011fi<\/strong><\/p>\n<ul>\n<li>Bireysel fark\u0131ndal\u0131k ve bireysel kalite<\/li>\n<li>Ekip fark\u0131ndal\u0131\u011f\u0131 ve ekip kalitesi<\/li>\n<li>Kurumsal Vizyon: Ortak Dil<\/li>\n<li>Ekipteki bireylerde bulunmas\u0131 gereken \u00f6zellikler, geli\u015ftirilmesi gereken \u00f6zellikler<\/li>\n<li>Ekip ruhunu engelleyen unsurlar<\/li>\n<li>Sinerji Olu\u015fturma<\/li>\n<li>Ekip haline gelme a\u015famalar\u0131<\/li>\n<li>Ne kadar etkin ileti\u015fim i\u00e7indeyiz? \u0130leti\u015fim tarzlar\u0131<\/li>\n<li>Sosyal Stilimizi ke\u015ffetme, geli\u015fim alanlar\u0131m\u0131z\u0131 saptama<\/li>\n<li>Ne s\u0131kl\u0131kla ileti\u015fim kazalar\u0131 ya\u015f\u0131yoruz?<\/li>\n<li>\u0130leti\u015fim kazalar\u0131n\u0131 ortadan kald\u0131rman\u0131n alt\u0131n kurallar\u0131<\/li>\n<li>Etkin dinleme, etkin soru sorma, empati kurma becerileri<\/li>\n<\/ul>\n<p>\u00a0 <strong>Sertifika<\/strong><\/p>\n<ul>\n<li>E\u011fitimi ba\u015far\u0131 ile tamamlayan t\u00fcm kat\u0131l\u0131mc\u0131lara GLOBAL ALLIANCE ACADEMY taraf\u0131ndan, &#8220;Ekip Geli\u015ftirme Sertifikas\u0131&#8221; verilecektir.<\/li>\n<\/ul>","protected":false},"excerpt":{"rendered":"<p>\u00a0 Kat\u0131l\u0131mc\u0131 Profili Ekip olu\u015fturma konusunda etkinliklerini artt\u0131rmak isteyen ekip liderleri, y\u00f6neticiler ve bir ekip i\u00e7inde g\u00f6rev alan herkes bu e\u011fitime kat\u0131labilir. \u00a0 Hedeflenen Sonu\u00e7 \u201cBir b\u00fct\u00fcn, kendini olu\u015fturan par\u00e7alar\u0131n&#8230; <\/p>\n","protected":false},"author":10,"featured_media":5171,"parent":2158,"menu_order":18,"comment_status":"closed","ping_status":"closed","template":"page-full.php","meta":{"_acf_changed":false,"om_disable_all_campaigns":false,"footnotes":""},"class_list":["post-2401","page","type-page","status-publish","has-post-thumbnail","hentry"],"acf":[],"yoast_head":"<!-- This site is optimized with the Yoast SEO plugin v27.4 - https:\/\/yoast.com\/product\/yoast-seo-wordpress\/ -->\n<title>KG 18\u00a0 Ekip Geli\u015ftirme \u2013 1 g\u00fcn - Global Alliance Register<\/title>\n<meta name=\"robots\" content=\"index, follow, max-snippet:-1, max-image-preview:large, max-video-preview:-1\" \/>\n<link rel=\"canonical\" href=\"https:\/\/globalallianceregister.com\/tr\/services\/egitim\/individual-development\/turkce-kisisel-gelisim-egitim-programi\/turkce-kg-18-ekip-gelistirme-1-gun\/\" \/>\n<meta property=\"og:locale\" content=\"tr_TR\" \/>\n<meta property=\"og:type\" content=\"article\" \/>\n<meta property=\"og:title\" content=\"KG 18\u00a0 Ekip Geli\u015ftirme \u2013 1 g\u00fcn - Global Alliance Register\" \/>\n<meta property=\"og:description\" content=\"\u00a0 Kat\u0131l\u0131mc\u0131 Profili Ekip olu\u015fturma konusunda etkinliklerini artt\u0131rmak isteyen ekip liderleri, y\u00f6neticiler ve bir ekip i\u00e7inde g\u00f6rev alan herkes bu e\u011fitime kat\u0131labilir. \u00a0 Hedeflenen Sonu\u00e7 \u201cBir b\u00fct\u00fcn, kendini olu\u015fturan par\u00e7alar\u0131n...\" \/>\n<meta property=\"og:url\" content=\"https:\/\/globalallianceregister.com\/tr\/services\/egitim\/individual-development\/turkce-kisisel-gelisim-egitim-programi\/turkce-kg-18-ekip-gelistirme-1-gun\/\" \/>\n<meta property=\"og:site_name\" content=\"Global Alliance Register\" \/>\n<meta property=\"article:modified_time\" content=\"2015-12-17T12:29:06+00:00\" \/>\n<meta property=\"og:image\" content=\"https:\/\/globalallianceregister.com\/wp-content\/uploads\/2015\/08\/Training-Inner-Page.jpg\" \/>\n\t<meta property=\"og:image:width\" content=\"614\" \/>\n\t<meta property=\"og:image:height\" content=\"200\" \/>\n\t<meta property=\"og:image:type\" content=\"image\/jpeg\" \/>\n<meta name=\"twitter:label1\" content=\"Tahmini okuma s\u00fcresi\" \/>\n\t<meta name=\"twitter:data1\" content=\"1 dakika\" \/>\n<script type=\"application\/ld+json\" class=\"yoast-schema-graph\">{\"@context\":\"https:\\\/\\\/schema.org\",\"@graph\":[{\"@type\":\"WebPage\",\"@id\":\"https:\\\/\\\/globalallianceregister.com\\\/tr\\\/services\\\/egitim\\\/individual-development\\\/turkce-kisisel-gelisim-egitim-programi\\\/turkce-kg-18-ekip-gelistirme-1-gun\\\/\",\"url\":\"https:\\\/\\\/globalallianceregister.com\\\/tr\\\/services\\\/egitim\\\/individual-development\\\/turkce-kisisel-gelisim-egitim-programi\\\/turkce-kg-18-ekip-gelistirme-1-gun\\\/\",\"name\":\"KG 18\u00a0 Ekip Geli\u015ftirme \u2013 1 g\u00fcn - Global Alliance Register\",\"isPartOf\":{\"@id\":\"https:\\\/\\\/globalallianceregister.com\\\/tr\\\/#website\"},\"primaryImageOfPage\":{\"@id\":\"https:\\\/\\\/globalallianceregister.com\\\/tr\\\/services\\\/egitim\\\/individual-development\\\/turkce-kisisel-gelisim-egitim-programi\\\/turkce-kg-18-ekip-gelistirme-1-gun\\\/#primaryimage\"},\"image\":{\"@id\":\"https:\\\/\\\/globalallianceregister.com\\\/tr\\\/services\\\/egitim\\\/individual-development\\\/turkce-kisisel-gelisim-egitim-programi\\\/turkce-kg-18-ekip-gelistirme-1-gun\\\/#primaryimage\"},\"thumbnailUrl\":\"https:\\\/\\\/globalallianceregister.com\\\/wp-content\\\/uploads\\\/2015\\\/08\\\/Training-Inner-Page.jpg\",\"datePublished\":\"2015-01-02T17:20:47+00:00\",\"dateModified\":\"2015-12-17T12:29:06+00:00\",\"breadcrumb\":{\"@id\":\"https:\\\/\\\/globalallianceregister.com\\\/tr\\\/services\\\/egitim\\\/individual-development\\\/turkce-kisisel-gelisim-egitim-programi\\\/turkce-kg-18-ekip-gelistirme-1-gun\\\/#breadcrumb\"},\"inLanguage\":\"tr\",\"potentialAction\":[{\"@type\":\"ReadAction\",\"target\":[[\"https:\\\/\\\/globalallianceregister.com\\\/tr\\\/services\\\/egitim\\\/individual-development\\\/turkce-kisisel-gelisim-egitim-programi\\\/turkce-kg-18-ekip-gelistirme-1-gun\\\/\"]]}]},{\"@type\":\"ImageObject\",\"inLanguage\":\"tr\",\"@id\":\"https:\\\/\\\/globalallianceregister.com\\\/tr\\\/services\\\/egitim\\\/individual-development\\\/turkce-kisisel-gelisim-egitim-programi\\\/turkce-kg-18-ekip-gelistirme-1-gun\\\/#primaryimage\",\"url\":\"https:\\\/\\\/globalallianceregister.com\\\/wp-content\\\/uploads\\\/2015\\\/08\\\/Training-Inner-Page.jpg\",\"contentUrl\":\"https:\\\/\\\/globalallianceregister.com\\\/wp-content\\\/uploads\\\/2015\\\/08\\\/Training-Inner-Page.jpg\",\"width\":614,\"height\":200},{\"@type\":\"BreadcrumbList\",\"@id\":\"https:\\\/\\\/globalallianceregister.com\\\/tr\\\/services\\\/egitim\\\/individual-development\\\/turkce-kisisel-gelisim-egitim-programi\\\/turkce-kg-18-ekip-gelistirme-1-gun\\\/#breadcrumb\",\"itemListElement\":[{\"@type\":\"ListItem\",\"position\":1,\"name\":\"Anasayfa\",\"item\":\"https:\\\/\\\/globalallianceregister.com\\\/tr\\\/\"},{\"@type\":\"ListItem\",\"position\":2,\"name\":\"KG 18\u00a0 Ekip Geli\u015ftirme \u2013 1 g\u00fcn\"}]},{\"@type\":\"WebSite\",\"@id\":\"https:\\\/\\\/globalallianceregister.com\\\/tr\\\/#website\",\"url\":\"https:\\\/\\\/globalallianceregister.com\\\/tr\\\/\",\"name\":\"Global Alliance Register\",\"description\":\"(EN) Together for Excellence\",\"potentialAction\":[{\"@type\":\"SearchAction\",\"target\":{\"@type\":\"EntryPoint\",\"urlTemplate\":\"https:\\\/\\\/globalallianceregister.com\\\/tr\\\/?s={search_term_string}\"},\"query-input\":{\"@type\":\"PropertyValueSpecification\",\"valueRequired\":true,\"valueName\":\"search_term_string\"}}],\"inLanguage\":\"tr\"}]}<\/script>\n<!-- \/ Yoast SEO plugin. -->","yoast_head_json":{"title":"KG 18\u00a0 Ekip Geli\u015ftirme \u2013 1 g\u00fcn - Global Alliance Register","robots":{"index":"index","follow":"follow","max-snippet":"max-snippet:-1","max-image-preview":"max-image-preview:large","max-video-preview":"max-video-preview:-1"},"canonical":"https:\/\/globalallianceregister.com\/tr\/services\/egitim\/individual-development\/turkce-kisisel-gelisim-egitim-programi\/turkce-kg-18-ekip-gelistirme-1-gun\/","og_locale":"tr_TR","og_type":"article","og_title":"KG 18\u00a0 Ekip Geli\u015ftirme \u2013 1 g\u00fcn - Global Alliance Register","og_description":"\u00a0 Kat\u0131l\u0131mc\u0131 Profili Ekip olu\u015fturma konusunda etkinliklerini artt\u0131rmak isteyen ekip liderleri, y\u00f6neticiler ve bir ekip i\u00e7inde g\u00f6rev alan herkes bu e\u011fitime kat\u0131labilir. \u00a0 Hedeflenen Sonu\u00e7 \u201cBir b\u00fct\u00fcn, kendini olu\u015fturan par\u00e7alar\u0131n...","og_url":"https:\/\/globalallianceregister.com\/tr\/services\/egitim\/individual-development\/turkce-kisisel-gelisim-egitim-programi\/turkce-kg-18-ekip-gelistirme-1-gun\/","og_site_name":"Global Alliance Register","article_modified_time":"2015-12-17T12:29:06+00:00","og_image":[{"width":614,"height":200,"url":"https:\/\/globalallianceregister.com\/wp-content\/uploads\/2015\/08\/Training-Inner-Page.jpg","type":"image\/jpeg"}],"twitter_misc":{"Tahmini okuma s\u00fcresi":"1 dakika"},"schema":{"@context":"https:\/\/schema.org","@graph":[{"@type":"WebPage","@id":"https:\/\/globalallianceregister.com\/tr\/services\/egitim\/individual-development\/turkce-kisisel-gelisim-egitim-programi\/turkce-kg-18-ekip-gelistirme-1-gun\/","url":"https:\/\/globalallianceregister.com\/tr\/services\/egitim\/individual-development\/turkce-kisisel-gelisim-egitim-programi\/turkce-kg-18-ekip-gelistirme-1-gun\/","name":"KG 18\u00a0 Ekip Geli\u015ftirme \u2013 1 g\u00fcn - Global Alliance Register","isPartOf":{"@id":"https:\/\/globalallianceregister.com\/tr\/#website"},"primaryImageOfPage":{"@id":"https:\/\/globalallianceregister.com\/tr\/services\/egitim\/individual-development\/turkce-kisisel-gelisim-egitim-programi\/turkce-kg-18-ekip-gelistirme-1-gun\/#primaryimage"},"image":{"@id":"https:\/\/globalallianceregister.com\/tr\/services\/egitim\/individual-development\/turkce-kisisel-gelisim-egitim-programi\/turkce-kg-18-ekip-gelistirme-1-gun\/#primaryimage"},"thumbnailUrl":"https:\/\/globalallianceregister.com\/wp-content\/uploads\/2015\/08\/Training-Inner-Page.jpg","datePublished":"2015-01-02T17:20:47+00:00","dateModified":"2015-12-17T12:29:06+00:00","breadcrumb":{"@id":"https:\/\/globalallianceregister.com\/tr\/services\/egitim\/individual-development\/turkce-kisisel-gelisim-egitim-programi\/turkce-kg-18-ekip-gelistirme-1-gun\/#breadcrumb"},"inLanguage":"tr","potentialAction":[{"@type":"ReadAction","target":[["https:\/\/globalallianceregister.com\/tr\/services\/egitim\/individual-development\/turkce-kisisel-gelisim-egitim-programi\/turkce-kg-18-ekip-gelistirme-1-gun\/"]]}]},{"@type":"ImageObject","inLanguage":"tr","@id":"https:\/\/globalallianceregister.com\/tr\/services\/egitim\/individual-development\/turkce-kisisel-gelisim-egitim-programi\/turkce-kg-18-ekip-gelistirme-1-gun\/#primaryimage","url":"https:\/\/globalallianceregister.com\/wp-content\/uploads\/2015\/08\/Training-Inner-Page.jpg","contentUrl":"https:\/\/globalallianceregister.com\/wp-content\/uploads\/2015\/08\/Training-Inner-Page.jpg","width":614,"height":200},{"@type":"BreadcrumbList","@id":"https:\/\/globalallianceregister.com\/tr\/services\/egitim\/individual-development\/turkce-kisisel-gelisim-egitim-programi\/turkce-kg-18-ekip-gelistirme-1-gun\/#breadcrumb","itemListElement":[{"@type":"ListItem","position":1,"name":"Anasayfa","item":"https:\/\/globalallianceregister.com\/tr\/"},{"@type":"ListItem","position":2,"name":"KG 18\u00a0 Ekip Geli\u015ftirme \u2013 1 g\u00fcn"}]},{"@type":"WebSite","@id":"https:\/\/globalallianceregister.com\/tr\/#website","url":"https:\/\/globalallianceregister.com\/tr\/","name":"Global Alliance Register","description":"(EN) Together for Excellence","potentialAction":[{"@type":"SearchAction","target":{"@type":"EntryPoint","urlTemplate":"https:\/\/globalallianceregister.com\/tr\/?s={search_term_string}"},"query-input":{"@type":"PropertyValueSpecification","valueRequired":true,"valueName":"search_term_string"}}],"inLanguage":"tr"}]}},"_links":{"self":[{"href":"https:\/\/globalallianceregister.com\/tr\/wp-json\/wp\/v2\/pages\/2401","targetHints":{"allow":["GET"]}}],"collection":[{"href":"https:\/\/globalallianceregister.com\/tr\/wp-json\/wp\/v2\/pages"}],"about":[{"href":"https:\/\/globalallianceregister.com\/tr\/wp-json\/wp\/v2\/types\/page"}],"author":[{"embeddable":true,"href":"https:\/\/globalallianceregister.com\/tr\/wp-json\/wp\/v2\/users\/10"}],"replies":[{"embeddable":true,"href":"https:\/\/globalallianceregister.com\/tr\/wp-json\/wp\/v2\/comments?post=2401"}],"version-history":[{"count":0,"href":"https:\/\/globalallianceregister.com\/tr\/wp-json\/wp\/v2\/pages\/2401\/revisions"}],"up":[{"embeddable":true,"href":"https:\/\/globalallianceregister.com\/tr\/wp-json\/wp\/v2\/pages\/2158"}],"wp:featuredmedia":[{"embeddable":true,"href":"https:\/\/globalallianceregister.com\/tr\/wp-json\/wp\/v2\/media\/5171"}],"wp:attachment":[{"href":"https:\/\/globalallianceregister.com\/tr\/wp-json\/wp\/v2\/media?parent=2401"}],"curies":[{"name":"wp","href":"https:\/\/api.w.org\/{rel}","templated":true}]}}