{"id":2403,"date":"2015-01-02T17:23:05","date_gmt":"2015-01-02T17:23:05","guid":{"rendered":"https:\/\/globalallianceregister.com\/?page_id=2403"},"modified":"2015-12-17T12:29:52","modified_gmt":"2015-12-17T12:29:52","slug":"turkce-kg-19-ingilizce-etkin-muzakere-teknikleri-2-gun","status":"publish","type":"page","link":"https:\/\/globalallianceregister.com\/tr\/services\/egitim\/individual-development\/turkce-kisisel-gelisim-egitim-programi\/turkce-kg-19-ingilizce-etkin-muzakere-teknikleri-2-gun\/","title":{"rendered":"KG 19\u00a0 \u0130ngilizce Etkin M\u00fczakere Teknikleri \u2013 2 g\u00fcn"},"content":{"rendered":"<p>\u00a0 <strong>English for Effective and Succesful Negotiaton \u2013 2 days<\/strong> \u00a0 <strong>Kat\u0131l\u0131mc\u0131 Profili<\/strong><\/p>\n<ul>\n<li>D\u00fczenli olarak toplant\u0131lara kat\u0131lan, sat\u0131\u015f etkinli\u011finde m\u00fczakere konusunda dil engeline tak\u0131lma sorununu ortadan kald\u0131rmak isteyen ve en az orta d\u00fczey \u0130ngilizce bilgisine sahip t\u00fcm profesyoneller bu e\u011fitime kat\u0131labilir. E\u011fitim Dili \u0130ngilizcedir.<\/li>\n<\/ul>\n<p>\u00a0 <strong>Hedeflenen Sonu\u00e7<\/strong><\/p>\n<ul>\n<li>\u0130nteraktif i\u00e7erik ve uygulamalarla zenginle\u015ftirilmi\u015f bu e\u011fitimde kat\u0131l\u0131mc\u0131lar m\u00fczakerelere daha \u00fcst d\u00fczey bir dil yetkinli\u011fiyle kat\u0131l\u0131m g\u00f6sterme becerisi kazan\u0131rlar.<\/li>\n<li>E\u011fitim sonunda, kat\u0131l\u0131mc\u0131lar yap\u0131lan uygulamal\u0131 \u00e7al\u0131\u015fmalarla beraber m\u00fczakerelerde dil engelini a\u015fm\u0131\u015f olacak ve daha olumlu etki b\u0131rakacaklard\u0131r.<\/li>\n<\/ul>\n<p>\u00a0 <strong>E\u011fitim \u0130\u00e7eri\u011fi<\/strong><\/p>\n<ul>\n<li>Planlama ve Ara\u015ft\u0131rman\u0131n \u00f6nemi<\/li>\n<li>K\u00fclt\u00fcrel Farkl\u0131l\u0131klar\u0131 g\u00f6z \u00f6n\u00fcnde bulundurman\u0131n \u00f6nemi<\/li>\n<li>M\u00fczakere esnas\u0131nda kar\u015f\u0131m\u0131zdakinin sosyal stilini ve alg\u0131 sistemini anlama ve buna y\u00f6nelik ikna teknikleri kullanma<\/li>\n<li>Etkin Dinleme ve Bilgi Alma<\/li>\n<li>Do\u011fru Sorular Sormak<\/li>\n<li>M\u00fczakere \u00c7e\u015fitleri nelerdir?<\/li>\n<li>M\u00fczakere esnas\u0131nda bir konuyu tart\u0131\u015fma dili ve \u00fcslubu nas\u0131l olmal\u0131d\u0131r?<\/li>\n<li>Pazarl\u0131k esnas\u0131nda dil ve \u00fcslup nas\u0131l olmal\u0131d\u0131r?<\/li>\n<li>\u00d6n haz\u0131rl\u0131kta \u00f6d\u00fcn ve taleplerin belirlenmesi<\/li>\n<\/ul>\n<p>\u00a0 <strong>Sertifika<\/strong><\/p>\n<ul>\n<li>E\u011fitimi ba\u015far\u0131 ile tamamlayan t\u00fcm kat\u0131l\u0131mc\u0131lara GLOBAL ALLIANCE ACADEMY taraf\u0131ndan, &#8220;\u0130ngilizce Etkin M\u00fczakere Teknikleri Sertifikas\u0131&#8221; verilecektir.<\/li>\n<\/ul>","protected":false},"excerpt":{"rendered":"<p>\u00a0 English for Effective and Succesful Negotiaton \u2013 2 days \u00a0 Kat\u0131l\u0131mc\u0131 Profili D\u00fczenli olarak toplant\u0131lara kat\u0131lan, sat\u0131\u015f etkinli\u011finde m\u00fczakere konusunda dil engeline tak\u0131lma sorununu ortadan kald\u0131rmak isteyen ve en&#8230; <\/p>\n","protected":false},"author":10,"featured_media":5171,"parent":2158,"menu_order":19,"comment_status":"closed","ping_status":"closed","template":"page-full.php","meta":{"_acf_changed":false,"om_disable_all_campaigns":false,"footnotes":""},"class_list":["post-2403","page","type-page","status-publish","has-post-thumbnail","hentry"],"acf":[],"yoast_head":"<!-- This site is optimized with the Yoast SEO plugin v27.4 - https:\/\/yoast.com\/product\/yoast-seo-wordpress\/ -->\n<title>KG 19\u00a0 \u0130ngilizce Etkin M\u00fczakere Teknikleri \u2013 2 g\u00fcn  - Global Alliance Register<\/title>\n<meta name=\"robots\" content=\"index, follow, max-snippet:-1, max-image-preview:large, max-video-preview:-1\" \/>\n<link rel=\"canonical\" href=\"https:\/\/globalallianceregister.com\/tr\/services\/egitim\/individual-development\/turkce-kisisel-gelisim-egitim-programi\/turkce-kg-19-ingilizce-etkin-muzakere-teknikleri-2-gun\/\" \/>\n<meta property=\"og:locale\" content=\"tr_TR\" \/>\n<meta property=\"og:type\" content=\"article\" \/>\n<meta property=\"og:title\" content=\"KG 19\u00a0 \u0130ngilizce Etkin M\u00fczakere Teknikleri \u2013 2 g\u00fcn  - Global Alliance Register\" \/>\n<meta property=\"og:description\" content=\"\u00a0 English for Effective and Succesful Negotiaton \u2013 2 days \u00a0 Kat\u0131l\u0131mc\u0131 Profili D\u00fczenli olarak toplant\u0131lara kat\u0131lan, sat\u0131\u015f etkinli\u011finde m\u00fczakere konusunda dil engeline tak\u0131lma sorununu ortadan kald\u0131rmak isteyen ve en...\" \/>\n<meta property=\"og:url\" content=\"https:\/\/globalallianceregister.com\/tr\/services\/egitim\/individual-development\/turkce-kisisel-gelisim-egitim-programi\/turkce-kg-19-ingilizce-etkin-muzakere-teknikleri-2-gun\/\" \/>\n<meta property=\"og:site_name\" content=\"Global Alliance Register\" \/>\n<meta property=\"article:modified_time\" content=\"2015-12-17T12:29:52+00:00\" \/>\n<meta property=\"og:image\" content=\"https:\/\/globalallianceregister.com\/wp-content\/uploads\/2015\/08\/Training-Inner-Page.jpg\" \/>\n\t<meta property=\"og:image:width\" content=\"614\" \/>\n\t<meta property=\"og:image:height\" content=\"200\" \/>\n\t<meta property=\"og:image:type\" content=\"image\/jpeg\" \/>\n<meta name=\"twitter:label1\" content=\"Tahmini okuma s\u00fcresi\" \/>\n\t<meta name=\"twitter:data1\" content=\"1 dakika\" \/>\n<script type=\"application\/ld+json\" class=\"yoast-schema-graph\">{\"@context\":\"https:\\\/\\\/schema.org\",\"@graph\":[{\"@type\":\"WebPage\",\"@id\":\"https:\\\/\\\/globalallianceregister.com\\\/tr\\\/services\\\/egitim\\\/individual-development\\\/turkce-kisisel-gelisim-egitim-programi\\\/turkce-kg-19-ingilizce-etkin-muzakere-teknikleri-2-gun\\\/\",\"url\":\"https:\\\/\\\/globalallianceregister.com\\\/tr\\\/services\\\/egitim\\\/individual-development\\\/turkce-kisisel-gelisim-egitim-programi\\\/turkce-kg-19-ingilizce-etkin-muzakere-teknikleri-2-gun\\\/\",\"name\":\"KG 19\u00a0 \u0130ngilizce Etkin M\u00fczakere Teknikleri \u2013 2 g\u00fcn  - Global Alliance Register\",\"isPartOf\":{\"@id\":\"https:\\\/\\\/globalallianceregister.com\\\/tr\\\/#website\"},\"primaryImageOfPage\":{\"@id\":\"https:\\\/\\\/globalallianceregister.com\\\/tr\\\/services\\\/egitim\\\/individual-development\\\/turkce-kisisel-gelisim-egitim-programi\\\/turkce-kg-19-ingilizce-etkin-muzakere-teknikleri-2-gun\\\/#primaryimage\"},\"image\":{\"@id\":\"https:\\\/\\\/globalallianceregister.com\\\/tr\\\/services\\\/egitim\\\/individual-development\\\/turkce-kisisel-gelisim-egitim-programi\\\/turkce-kg-19-ingilizce-etkin-muzakere-teknikleri-2-gun\\\/#primaryimage\"},\"thumbnailUrl\":\"https:\\\/\\\/globalallianceregister.com\\\/wp-content\\\/uploads\\\/2015\\\/08\\\/Training-Inner-Page.jpg\",\"datePublished\":\"2015-01-02T17:23:05+00:00\",\"dateModified\":\"2015-12-17T12:29:52+00:00\",\"breadcrumb\":{\"@id\":\"https:\\\/\\\/globalallianceregister.com\\\/tr\\\/services\\\/egitim\\\/individual-development\\\/turkce-kisisel-gelisim-egitim-programi\\\/turkce-kg-19-ingilizce-etkin-muzakere-teknikleri-2-gun\\\/#breadcrumb\"},\"inLanguage\":\"tr\",\"potentialAction\":[{\"@type\":\"ReadAction\",\"target\":[[\"https:\\\/\\\/globalallianceregister.com\\\/tr\\\/services\\\/egitim\\\/individual-development\\\/turkce-kisisel-gelisim-egitim-programi\\\/turkce-kg-19-ingilizce-etkin-muzakere-teknikleri-2-gun\\\/\"]]}]},{\"@type\":\"ImageObject\",\"inLanguage\":\"tr\",\"@id\":\"https:\\\/\\\/globalallianceregister.com\\\/tr\\\/services\\\/egitim\\\/individual-development\\\/turkce-kisisel-gelisim-egitim-programi\\\/turkce-kg-19-ingilizce-etkin-muzakere-teknikleri-2-gun\\\/#primaryimage\",\"url\":\"https:\\\/\\\/globalallianceregister.com\\\/wp-content\\\/uploads\\\/2015\\\/08\\\/Training-Inner-Page.jpg\",\"contentUrl\":\"https:\\\/\\\/globalallianceregister.com\\\/wp-content\\\/uploads\\\/2015\\\/08\\\/Training-Inner-Page.jpg\",\"width\":614,\"height\":200},{\"@type\":\"BreadcrumbList\",\"@id\":\"https:\\\/\\\/globalallianceregister.com\\\/tr\\\/services\\\/egitim\\\/individual-development\\\/turkce-kisisel-gelisim-egitim-programi\\\/turkce-kg-19-ingilizce-etkin-muzakere-teknikleri-2-gun\\\/#breadcrumb\",\"itemListElement\":[{\"@type\":\"ListItem\",\"position\":1,\"name\":\"Anasayfa\",\"item\":\"https:\\\/\\\/globalallianceregister.com\\\/tr\\\/\"},{\"@type\":\"ListItem\",\"position\":2,\"name\":\"KG 19\u00a0 \u0130ngilizce Etkin M\u00fczakere Teknikleri \u2013 2 g\u00fcn\"}]},{\"@type\":\"WebSite\",\"@id\":\"https:\\\/\\\/globalallianceregister.com\\\/tr\\\/#website\",\"url\":\"https:\\\/\\\/globalallianceregister.com\\\/tr\\\/\",\"name\":\"Global Alliance Register\",\"description\":\"(EN) Together for Excellence\",\"potentialAction\":[{\"@type\":\"SearchAction\",\"target\":{\"@type\":\"EntryPoint\",\"urlTemplate\":\"https:\\\/\\\/globalallianceregister.com\\\/tr\\\/?s={search_term_string}\"},\"query-input\":{\"@type\":\"PropertyValueSpecification\",\"valueRequired\":true,\"valueName\":\"search_term_string\"}}],\"inLanguage\":\"tr\"}]}<\/script>\n<!-- \/ Yoast SEO plugin. -->","yoast_head_json":{"title":"KG 19\u00a0 \u0130ngilizce Etkin M\u00fczakere Teknikleri \u2013 2 g\u00fcn  - Global Alliance Register","robots":{"index":"index","follow":"follow","max-snippet":"max-snippet:-1","max-image-preview":"max-image-preview:large","max-video-preview":"max-video-preview:-1"},"canonical":"https:\/\/globalallianceregister.com\/tr\/services\/egitim\/individual-development\/turkce-kisisel-gelisim-egitim-programi\/turkce-kg-19-ingilizce-etkin-muzakere-teknikleri-2-gun\/","og_locale":"tr_TR","og_type":"article","og_title":"KG 19\u00a0 \u0130ngilizce Etkin M\u00fczakere Teknikleri \u2013 2 g\u00fcn  - Global Alliance Register","og_description":"\u00a0 English for Effective and Succesful Negotiaton \u2013 2 days \u00a0 Kat\u0131l\u0131mc\u0131 Profili D\u00fczenli olarak toplant\u0131lara kat\u0131lan, sat\u0131\u015f etkinli\u011finde m\u00fczakere konusunda dil engeline tak\u0131lma sorununu ortadan kald\u0131rmak isteyen ve en...","og_url":"https:\/\/globalallianceregister.com\/tr\/services\/egitim\/individual-development\/turkce-kisisel-gelisim-egitim-programi\/turkce-kg-19-ingilizce-etkin-muzakere-teknikleri-2-gun\/","og_site_name":"Global Alliance Register","article_modified_time":"2015-12-17T12:29:52+00:00","og_image":[{"width":614,"height":200,"url":"https:\/\/globalallianceregister.com\/wp-content\/uploads\/2015\/08\/Training-Inner-Page.jpg","type":"image\/jpeg"}],"twitter_misc":{"Tahmini okuma s\u00fcresi":"1 dakika"},"schema":{"@context":"https:\/\/schema.org","@graph":[{"@type":"WebPage","@id":"https:\/\/globalallianceregister.com\/tr\/services\/egitim\/individual-development\/turkce-kisisel-gelisim-egitim-programi\/turkce-kg-19-ingilizce-etkin-muzakere-teknikleri-2-gun\/","url":"https:\/\/globalallianceregister.com\/tr\/services\/egitim\/individual-development\/turkce-kisisel-gelisim-egitim-programi\/turkce-kg-19-ingilizce-etkin-muzakere-teknikleri-2-gun\/","name":"KG 19\u00a0 \u0130ngilizce Etkin M\u00fczakere Teknikleri \u2013 2 g\u00fcn  - Global Alliance Register","isPartOf":{"@id":"https:\/\/globalallianceregister.com\/tr\/#website"},"primaryImageOfPage":{"@id":"https:\/\/globalallianceregister.com\/tr\/services\/egitim\/individual-development\/turkce-kisisel-gelisim-egitim-programi\/turkce-kg-19-ingilizce-etkin-muzakere-teknikleri-2-gun\/#primaryimage"},"image":{"@id":"https:\/\/globalallianceregister.com\/tr\/services\/egitim\/individual-development\/turkce-kisisel-gelisim-egitim-programi\/turkce-kg-19-ingilizce-etkin-muzakere-teknikleri-2-gun\/#primaryimage"},"thumbnailUrl":"https:\/\/globalallianceregister.com\/wp-content\/uploads\/2015\/08\/Training-Inner-Page.jpg","datePublished":"2015-01-02T17:23:05+00:00","dateModified":"2015-12-17T12:29:52+00:00","breadcrumb":{"@id":"https:\/\/globalallianceregister.com\/tr\/services\/egitim\/individual-development\/turkce-kisisel-gelisim-egitim-programi\/turkce-kg-19-ingilizce-etkin-muzakere-teknikleri-2-gun\/#breadcrumb"},"inLanguage":"tr","potentialAction":[{"@type":"ReadAction","target":[["https:\/\/globalallianceregister.com\/tr\/services\/egitim\/individual-development\/turkce-kisisel-gelisim-egitim-programi\/turkce-kg-19-ingilizce-etkin-muzakere-teknikleri-2-gun\/"]]}]},{"@type":"ImageObject","inLanguage":"tr","@id":"https:\/\/globalallianceregister.com\/tr\/services\/egitim\/individual-development\/turkce-kisisel-gelisim-egitim-programi\/turkce-kg-19-ingilizce-etkin-muzakere-teknikleri-2-gun\/#primaryimage","url":"https:\/\/globalallianceregister.com\/wp-content\/uploads\/2015\/08\/Training-Inner-Page.jpg","contentUrl":"https:\/\/globalallianceregister.com\/wp-content\/uploads\/2015\/08\/Training-Inner-Page.jpg","width":614,"height":200},{"@type":"BreadcrumbList","@id":"https:\/\/globalallianceregister.com\/tr\/services\/egitim\/individual-development\/turkce-kisisel-gelisim-egitim-programi\/turkce-kg-19-ingilizce-etkin-muzakere-teknikleri-2-gun\/#breadcrumb","itemListElement":[{"@type":"ListItem","position":1,"name":"Anasayfa","item":"https:\/\/globalallianceregister.com\/tr\/"},{"@type":"ListItem","position":2,"name":"KG 19\u00a0 \u0130ngilizce Etkin M\u00fczakere Teknikleri \u2013 2 g\u00fcn"}]},{"@type":"WebSite","@id":"https:\/\/globalallianceregister.com\/tr\/#website","url":"https:\/\/globalallianceregister.com\/tr\/","name":"Global Alliance Register","description":"(EN) Together for Excellence","potentialAction":[{"@type":"SearchAction","target":{"@type":"EntryPoint","urlTemplate":"https:\/\/globalallianceregister.com\/tr\/?s={search_term_string}"},"query-input":{"@type":"PropertyValueSpecification","valueRequired":true,"valueName":"search_term_string"}}],"inLanguage":"tr"}]}},"_links":{"self":[{"href":"https:\/\/globalallianceregister.com\/tr\/wp-json\/wp\/v2\/pages\/2403","targetHints":{"allow":["GET"]}}],"collection":[{"href":"https:\/\/globalallianceregister.com\/tr\/wp-json\/wp\/v2\/pages"}],"about":[{"href":"https:\/\/globalallianceregister.com\/tr\/wp-json\/wp\/v2\/types\/page"}],"author":[{"embeddable":true,"href":"https:\/\/globalallianceregister.com\/tr\/wp-json\/wp\/v2\/users\/10"}],"replies":[{"embeddable":true,"href":"https:\/\/globalallianceregister.com\/tr\/wp-json\/wp\/v2\/comments?post=2403"}],"version-history":[{"count":0,"href":"https:\/\/globalallianceregister.com\/tr\/wp-json\/wp\/v2\/pages\/2403\/revisions"}],"up":[{"embeddable":true,"href":"https:\/\/globalallianceregister.com\/tr\/wp-json\/wp\/v2\/pages\/2158"}],"wp:featuredmedia":[{"embeddable":true,"href":"https:\/\/globalallianceregister.com\/tr\/wp-json\/wp\/v2\/media\/5171"}],"wp:attachment":[{"href":"https:\/\/globalallianceregister.com\/tr\/wp-json\/wp\/v2\/media?parent=2403"}],"curies":[{"name":"wp","href":"https:\/\/api.w.org\/{rel}","templated":true}]}}