{"id":2405,"date":"2015-01-02T17:24:34","date_gmt":"2015-01-02T17:24:34","guid":{"rendered":"https:\/\/globalallianceregister.com\/?page_id=2405"},"modified":"2015-12-17T12:30:33","modified_gmt":"2015-12-17T12:30:33","slug":"turkce-kg-20-ingilizce-etkin-toplanti-teknikleri-2-gun","status":"publish","type":"page","link":"https:\/\/globalallianceregister.com\/tr\/services\/egitim\/individual-development\/turkce-kisisel-gelisim-egitim-programi\/turkce-kg-20-ingilizce-etkin-toplanti-teknikleri-2-gun\/","title":{"rendered":"KG 20\u00a0 \u0130ngilizce Etkin Toplant\u0131 Teknikleri\u00a0 &#8211; 2 g\u00fcn"},"content":{"rendered":"<p><strong> English for Effective and Succesful Meetings \u2013 2 days<\/strong> \u00a0 <strong>Kat\u0131l\u0131mc\u0131 Profili<\/strong><\/p>\n<ul>\n<li>D\u00fczenli olarak toplant\u0131lara kat\u0131lan ve toplant\u0131larda \u0130ngilizce dil etkinli\u011fini geli\u015ftirmek isteyen ve en az orta d\u00fczey \u0130ngilizce bilgisine sahip t\u00fcm profesyoneller bu e\u011fitime kat\u0131labilir. E\u011fitim dili \u0130ngilizcedir.<\/li>\n<\/ul>\n<p>\u00a0 <strong>Hedeflenen Sonu\u00e7<\/strong><\/p>\n<ul>\n<li>\u0130nteraktif i\u00e7erik ve uygulamalarla zenginle\u015ftirilmi\u015f bu e\u011fitimde kat\u0131l\u0131mc\u0131lar toplant\u0131 haz\u0131rl\u0131\u011f\u0131nda ve toplant\u0131 esnas\u0131nda i\u015f \u0130ngilizcesini daha etkin ve ak\u0131c\u0131 bir bi\u00e7imde kullanma becerisi kazanacaklard\u0131r.<\/li>\n<li>E\u011fitim sonunda, kat\u0131l\u0131mc\u0131lar yap\u0131lan uygulamal\u0131 \u00e7al\u0131\u015fmalarla beraber \u00f6ncekine oranla daha odaklanm\u0131\u015f, \u00f6zg\u00fcvenli ve hedef odakl\u0131 toplant\u0131lar ger\u00e7ekle\u015ftirebileceklerdir. E\u011fitime kat\u0131lanlar, ki\u015fisel imajlar\u0131n\u0131n yan\u0131 s\u0131ra kurumsal imajlar\u0131na da \u00f6nemli bir katk\u0131da bulunmu\u015f olacaklard\u0131r.<\/li>\n<\/ul>\n<p>\u00a0 <strong>E\u011fitim \u0130\u00e7eri\u011fi<\/strong><\/p>\n<ul>\n<li>Toplant\u0131 \u00d6ncesi Haz\u0131rl\u0131k<\/li>\n<li>Alg\u0131 Sistemlerine G\u00f6re Sunum Haz\u0131rlama<\/li>\n<li>Etkin Sunum Yapma.<\/li>\n<li>Etkin Sunum Dili ve A\u015famalar\u0131<\/li>\n<li>Toplant\u0131da Zaman Y\u00f6netimi<\/li>\n<li>Toplant\u0131 G\u00fcndemini en Do\u011fru \u015eekilde Haz\u0131rlamak<\/li>\n<li>Toplant\u0131 Dili<\/li>\n<li>Toplant\u0131da \u0130kna Etme Teknikleri<\/li>\n<li>\u0130tirazlarla Ba\u015fa \u00c7\u0131kma Dili<\/li>\n<li>\u00d6neride Bulunma, \u00d6nerilere Cevap Verme Dili<\/li>\n<li>K\u00fclt\u00fcrleraras\u0131 \u0130leti\u015fim Stratejileri<\/li>\n<li>Toplant\u0131 Sonunda Konuyu Toparlama ve Karara Ba\u011flama<\/li>\n<\/ul>\n<p>\u00a0 <strong>Sertifika<\/strong><\/p>\n<ul>\n<li>E\u011fitimi ba\u015far\u0131 ile tamamlayan t\u00fcm kat\u0131l\u0131mc\u0131lara GLOBAL ALLIANCE ACADEMY taraf\u0131ndan, &#8220;\u0130ngilizce Etkin Toplant\u0131 Teknikleri Sertifikas\u0131&#8221; verilecektir.<\/li>\n<\/ul>","protected":false},"excerpt":{"rendered":"<p>English for Effective and Succesful Meetings \u2013 2 days \u00a0 Kat\u0131l\u0131mc\u0131 Profili D\u00fczenli olarak toplant\u0131lara kat\u0131lan ve toplant\u0131larda \u0130ngilizce dil etkinli\u011fini geli\u015ftirmek isteyen ve en az orta d\u00fczey \u0130ngilizce bilgisine&#8230; <\/p>\n","protected":false},"author":10,"featured_media":5171,"parent":2158,"menu_order":20,"comment_status":"closed","ping_status":"closed","template":"page-full.php","meta":{"_acf_changed":false,"om_disable_all_campaigns":false,"footnotes":""},"class_list":["post-2405","page","type-page","status-publish","has-post-thumbnail","hentry"],"acf":[],"yoast_head":"<!-- This site is optimized with the Yoast SEO plugin v27.4 - https:\/\/yoast.com\/product\/yoast-seo-wordpress\/ -->\n<title>KG 20\u00a0 \u0130ngilizce Etkin Toplant\u0131 Teknikleri\u00a0 - 2 g\u00fcn - Global Alliance Register<\/title>\n<meta name=\"robots\" content=\"index, follow, max-snippet:-1, max-image-preview:large, max-video-preview:-1\" \/>\n<link rel=\"canonical\" href=\"https:\/\/globalallianceregister.com\/tr\/services\/egitim\/individual-development\/turkce-kisisel-gelisim-egitim-programi\/turkce-kg-20-ingilizce-etkin-toplanti-teknikleri-2-gun\/\" \/>\n<meta property=\"og:locale\" content=\"tr_TR\" \/>\n<meta property=\"og:type\" content=\"article\" \/>\n<meta property=\"og:title\" content=\"KG 20\u00a0 \u0130ngilizce Etkin Toplant\u0131 Teknikleri\u00a0 - 2 g\u00fcn - Global Alliance Register\" \/>\n<meta property=\"og:description\" content=\"English for Effective and Succesful Meetings \u2013 2 days \u00a0 Kat\u0131l\u0131mc\u0131 Profili D\u00fczenli olarak toplant\u0131lara kat\u0131lan ve toplant\u0131larda \u0130ngilizce dil etkinli\u011fini geli\u015ftirmek isteyen ve en az orta d\u00fczey \u0130ngilizce bilgisine...\" \/>\n<meta property=\"og:url\" content=\"https:\/\/globalallianceregister.com\/tr\/services\/egitim\/individual-development\/turkce-kisisel-gelisim-egitim-programi\/turkce-kg-20-ingilizce-etkin-toplanti-teknikleri-2-gun\/\" \/>\n<meta property=\"og:site_name\" content=\"Global Alliance Register\" \/>\n<meta property=\"article:modified_time\" content=\"2015-12-17T12:30:33+00:00\" \/>\n<meta property=\"og:image\" content=\"https:\/\/globalallianceregister.com\/wp-content\/uploads\/2015\/08\/Training-Inner-Page.jpg\" \/>\n\t<meta property=\"og:image:width\" content=\"614\" \/>\n\t<meta property=\"og:image:height\" content=\"200\" \/>\n\t<meta property=\"og:image:type\" content=\"image\/jpeg\" \/>\n<meta name=\"twitter:label1\" content=\"Tahmini okuma s\u00fcresi\" \/>\n\t<meta name=\"twitter:data1\" content=\"1 dakika\" \/>\n<script type=\"application\/ld+json\" class=\"yoast-schema-graph\">{\"@context\":\"https:\\\/\\\/schema.org\",\"@graph\":[{\"@type\":\"WebPage\",\"@id\":\"https:\\\/\\\/globalallianceregister.com\\\/tr\\\/services\\\/egitim\\\/individual-development\\\/turkce-kisisel-gelisim-egitim-programi\\\/turkce-kg-20-ingilizce-etkin-toplanti-teknikleri-2-gun\\\/\",\"url\":\"https:\\\/\\\/globalallianceregister.com\\\/tr\\\/services\\\/egitim\\\/individual-development\\\/turkce-kisisel-gelisim-egitim-programi\\\/turkce-kg-20-ingilizce-etkin-toplanti-teknikleri-2-gun\\\/\",\"name\":\"KG 20\u00a0 \u0130ngilizce Etkin Toplant\u0131 Teknikleri\u00a0 - 2 g\u00fcn - Global Alliance Register\",\"isPartOf\":{\"@id\":\"https:\\\/\\\/globalallianceregister.com\\\/tr\\\/#website\"},\"primaryImageOfPage\":{\"@id\":\"https:\\\/\\\/globalallianceregister.com\\\/tr\\\/services\\\/egitim\\\/individual-development\\\/turkce-kisisel-gelisim-egitim-programi\\\/turkce-kg-20-ingilizce-etkin-toplanti-teknikleri-2-gun\\\/#primaryimage\"},\"image\":{\"@id\":\"https:\\\/\\\/globalallianceregister.com\\\/tr\\\/services\\\/egitim\\\/individual-development\\\/turkce-kisisel-gelisim-egitim-programi\\\/turkce-kg-20-ingilizce-etkin-toplanti-teknikleri-2-gun\\\/#primaryimage\"},\"thumbnailUrl\":\"https:\\\/\\\/globalallianceregister.com\\\/wp-content\\\/uploads\\\/2015\\\/08\\\/Training-Inner-Page.jpg\",\"datePublished\":\"2015-01-02T17:24:34+00:00\",\"dateModified\":\"2015-12-17T12:30:33+00:00\",\"breadcrumb\":{\"@id\":\"https:\\\/\\\/globalallianceregister.com\\\/tr\\\/services\\\/egitim\\\/individual-development\\\/turkce-kisisel-gelisim-egitim-programi\\\/turkce-kg-20-ingilizce-etkin-toplanti-teknikleri-2-gun\\\/#breadcrumb\"},\"inLanguage\":\"tr\",\"potentialAction\":[{\"@type\":\"ReadAction\",\"target\":[[\"https:\\\/\\\/globalallianceregister.com\\\/tr\\\/services\\\/egitim\\\/individual-development\\\/turkce-kisisel-gelisim-egitim-programi\\\/turkce-kg-20-ingilizce-etkin-toplanti-teknikleri-2-gun\\\/\"]]}]},{\"@type\":\"ImageObject\",\"inLanguage\":\"tr\",\"@id\":\"https:\\\/\\\/globalallianceregister.com\\\/tr\\\/services\\\/egitim\\\/individual-development\\\/turkce-kisisel-gelisim-egitim-programi\\\/turkce-kg-20-ingilizce-etkin-toplanti-teknikleri-2-gun\\\/#primaryimage\",\"url\":\"https:\\\/\\\/globalallianceregister.com\\\/wp-content\\\/uploads\\\/2015\\\/08\\\/Training-Inner-Page.jpg\",\"contentUrl\":\"https:\\\/\\\/globalallianceregister.com\\\/wp-content\\\/uploads\\\/2015\\\/08\\\/Training-Inner-Page.jpg\",\"width\":614,\"height\":200},{\"@type\":\"BreadcrumbList\",\"@id\":\"https:\\\/\\\/globalallianceregister.com\\\/tr\\\/services\\\/egitim\\\/individual-development\\\/turkce-kisisel-gelisim-egitim-programi\\\/turkce-kg-20-ingilizce-etkin-toplanti-teknikleri-2-gun\\\/#breadcrumb\",\"itemListElement\":[{\"@type\":\"ListItem\",\"position\":1,\"name\":\"Anasayfa\",\"item\":\"https:\\\/\\\/globalallianceregister.com\\\/tr\\\/\"},{\"@type\":\"ListItem\",\"position\":2,\"name\":\"KG 20\u00a0 \u0130ngilizce Etkin Toplant\u0131 Teknikleri\u00a0 &#8211; 2 g\u00fcn\"}]},{\"@type\":\"WebSite\",\"@id\":\"https:\\\/\\\/globalallianceregister.com\\\/tr\\\/#website\",\"url\":\"https:\\\/\\\/globalallianceregister.com\\\/tr\\\/\",\"name\":\"Global Alliance Register\",\"description\":\"(EN) Together for Excellence\",\"potentialAction\":[{\"@type\":\"SearchAction\",\"target\":{\"@type\":\"EntryPoint\",\"urlTemplate\":\"https:\\\/\\\/globalallianceregister.com\\\/tr\\\/?s={search_term_string}\"},\"query-input\":{\"@type\":\"PropertyValueSpecification\",\"valueRequired\":true,\"valueName\":\"search_term_string\"}}],\"inLanguage\":\"tr\"}]}<\/script>\n<!-- \/ Yoast SEO plugin. -->","yoast_head_json":{"title":"KG 20\u00a0 \u0130ngilizce Etkin Toplant\u0131 Teknikleri\u00a0 - 2 g\u00fcn - Global Alliance Register","robots":{"index":"index","follow":"follow","max-snippet":"max-snippet:-1","max-image-preview":"max-image-preview:large","max-video-preview":"max-video-preview:-1"},"canonical":"https:\/\/globalallianceregister.com\/tr\/services\/egitim\/individual-development\/turkce-kisisel-gelisim-egitim-programi\/turkce-kg-20-ingilizce-etkin-toplanti-teknikleri-2-gun\/","og_locale":"tr_TR","og_type":"article","og_title":"KG 20\u00a0 \u0130ngilizce Etkin Toplant\u0131 Teknikleri\u00a0 - 2 g\u00fcn - Global Alliance Register","og_description":"English for Effective and Succesful Meetings \u2013 2 days \u00a0 Kat\u0131l\u0131mc\u0131 Profili D\u00fczenli olarak toplant\u0131lara kat\u0131lan ve toplant\u0131larda \u0130ngilizce dil etkinli\u011fini geli\u015ftirmek isteyen ve en az orta d\u00fczey \u0130ngilizce bilgisine...","og_url":"https:\/\/globalallianceregister.com\/tr\/services\/egitim\/individual-development\/turkce-kisisel-gelisim-egitim-programi\/turkce-kg-20-ingilizce-etkin-toplanti-teknikleri-2-gun\/","og_site_name":"Global Alliance Register","article_modified_time":"2015-12-17T12:30:33+00:00","og_image":[{"width":614,"height":200,"url":"https:\/\/globalallianceregister.com\/wp-content\/uploads\/2015\/08\/Training-Inner-Page.jpg","type":"image\/jpeg"}],"twitter_misc":{"Tahmini okuma s\u00fcresi":"1 dakika"},"schema":{"@context":"https:\/\/schema.org","@graph":[{"@type":"WebPage","@id":"https:\/\/globalallianceregister.com\/tr\/services\/egitim\/individual-development\/turkce-kisisel-gelisim-egitim-programi\/turkce-kg-20-ingilizce-etkin-toplanti-teknikleri-2-gun\/","url":"https:\/\/globalallianceregister.com\/tr\/services\/egitim\/individual-development\/turkce-kisisel-gelisim-egitim-programi\/turkce-kg-20-ingilizce-etkin-toplanti-teknikleri-2-gun\/","name":"KG 20\u00a0 \u0130ngilizce Etkin Toplant\u0131 Teknikleri\u00a0 - 2 g\u00fcn - Global Alliance Register","isPartOf":{"@id":"https:\/\/globalallianceregister.com\/tr\/#website"},"primaryImageOfPage":{"@id":"https:\/\/globalallianceregister.com\/tr\/services\/egitim\/individual-development\/turkce-kisisel-gelisim-egitim-programi\/turkce-kg-20-ingilizce-etkin-toplanti-teknikleri-2-gun\/#primaryimage"},"image":{"@id":"https:\/\/globalallianceregister.com\/tr\/services\/egitim\/individual-development\/turkce-kisisel-gelisim-egitim-programi\/turkce-kg-20-ingilizce-etkin-toplanti-teknikleri-2-gun\/#primaryimage"},"thumbnailUrl":"https:\/\/globalallianceregister.com\/wp-content\/uploads\/2015\/08\/Training-Inner-Page.jpg","datePublished":"2015-01-02T17:24:34+00:00","dateModified":"2015-12-17T12:30:33+00:00","breadcrumb":{"@id":"https:\/\/globalallianceregister.com\/tr\/services\/egitim\/individual-development\/turkce-kisisel-gelisim-egitim-programi\/turkce-kg-20-ingilizce-etkin-toplanti-teknikleri-2-gun\/#breadcrumb"},"inLanguage":"tr","potentialAction":[{"@type":"ReadAction","target":[["https:\/\/globalallianceregister.com\/tr\/services\/egitim\/individual-development\/turkce-kisisel-gelisim-egitim-programi\/turkce-kg-20-ingilizce-etkin-toplanti-teknikleri-2-gun\/"]]}]},{"@type":"ImageObject","inLanguage":"tr","@id":"https:\/\/globalallianceregister.com\/tr\/services\/egitim\/individual-development\/turkce-kisisel-gelisim-egitim-programi\/turkce-kg-20-ingilizce-etkin-toplanti-teknikleri-2-gun\/#primaryimage","url":"https:\/\/globalallianceregister.com\/wp-content\/uploads\/2015\/08\/Training-Inner-Page.jpg","contentUrl":"https:\/\/globalallianceregister.com\/wp-content\/uploads\/2015\/08\/Training-Inner-Page.jpg","width":614,"height":200},{"@type":"BreadcrumbList","@id":"https:\/\/globalallianceregister.com\/tr\/services\/egitim\/individual-development\/turkce-kisisel-gelisim-egitim-programi\/turkce-kg-20-ingilizce-etkin-toplanti-teknikleri-2-gun\/#breadcrumb","itemListElement":[{"@type":"ListItem","position":1,"name":"Anasayfa","item":"https:\/\/globalallianceregister.com\/tr\/"},{"@type":"ListItem","position":2,"name":"KG 20\u00a0 \u0130ngilizce Etkin Toplant\u0131 Teknikleri\u00a0 &#8211; 2 g\u00fcn"}]},{"@type":"WebSite","@id":"https:\/\/globalallianceregister.com\/tr\/#website","url":"https:\/\/globalallianceregister.com\/tr\/","name":"Global Alliance Register","description":"(EN) Together for Excellence","potentialAction":[{"@type":"SearchAction","target":{"@type":"EntryPoint","urlTemplate":"https:\/\/globalallianceregister.com\/tr\/?s={search_term_string}"},"query-input":{"@type":"PropertyValueSpecification","valueRequired":true,"valueName":"search_term_string"}}],"inLanguage":"tr"}]}},"_links":{"self":[{"href":"https:\/\/globalallianceregister.com\/tr\/wp-json\/wp\/v2\/pages\/2405","targetHints":{"allow":["GET"]}}],"collection":[{"href":"https:\/\/globalallianceregister.com\/tr\/wp-json\/wp\/v2\/pages"}],"about":[{"href":"https:\/\/globalallianceregister.com\/tr\/wp-json\/wp\/v2\/types\/page"}],"author":[{"embeddable":true,"href":"https:\/\/globalallianceregister.com\/tr\/wp-json\/wp\/v2\/users\/10"}],"replies":[{"embeddable":true,"href":"https:\/\/globalallianceregister.com\/tr\/wp-json\/wp\/v2\/comments?post=2405"}],"version-history":[{"count":0,"href":"https:\/\/globalallianceregister.com\/tr\/wp-json\/wp\/v2\/pages\/2405\/revisions"}],"up":[{"embeddable":true,"href":"https:\/\/globalallianceregister.com\/tr\/wp-json\/wp\/v2\/pages\/2158"}],"wp:featuredmedia":[{"embeddable":true,"href":"https:\/\/globalallianceregister.com\/tr\/wp-json\/wp\/v2\/media\/5171"}],"wp:attachment":[{"href":"https:\/\/globalallianceregister.com\/tr\/wp-json\/wp\/v2\/media?parent=2405"}],"curies":[{"name":"wp","href":"https:\/\/api.w.org\/{rel}","templated":true}]}}