{"id":2407,"date":"2015-01-02T17:26:07","date_gmt":"2015-01-02T17:26:07","guid":{"rendered":"https:\/\/globalallianceregister.com\/?page_id=2407"},"modified":"2015-12-17T12:31:03","modified_gmt":"2015-12-17T12:31:03","slug":"turkce-kg-21-ve-ozel-yasam-uyumu-1-gun","status":"publish","type":"page","link":"https:\/\/globalallianceregister.com\/tr\/services\/egitim\/individual-development\/turkce-kisisel-gelisim-egitim-programi\/turkce-kg-21-ve-ozel-yasam-uyumu-1-gun\/","title":{"rendered":"KG 21\u00a0 \u0130\u015f ve \u00d6zel Ya\u015fam Uyumu -1 g\u00fcn"},"content":{"rendered":"<p>\u00a0 <strong>Kat\u0131l\u0131mc\u0131 Profili<\/strong><\/p>\n<ul>\n<li>Bir kurumda g\u00f6rev alan t\u00fcm personel bu e\u011fitime kat\u0131labilir.<\/li>\n<\/ul>\n<p>\u00a0 <strong>Hedeflenen Sonu\u00e7<\/strong><\/p>\n<ul>\n<li>\u0130nsan psikolojik bir varl\u0131kt\u0131r ve g\u00fcn\u00fcm\u00fcz\u00fcn b\u00fcy\u00fck bir k\u0131sm\u0131n\u0131 i\u015fyerimizde ge\u00e7irdi\u011fimizi d\u00fc\u015f\u00fcn\u00fcrsek, \u00f6zel ya\u015fam ve i\u015f ya\u015fam\u0131m\u0131z\u0131 dengelemek, beden, zihin ve ruh sa\u011fl\u0131\u011f\u0131m\u0131z\u0131 dengelemek anlam\u0131na gelir.<\/li>\n<li>E\u011fitim sonunda, kat\u0131l\u0131mc\u0131lar yap\u0131lan uygulamal\u0131 interaktif \u00e7al\u0131\u015fmalarla i\u015f ve \u00f6zel ya\u015famlar\u0131n\u0131 nas\u0131l m\u00fckemmel bir dengeye oturtabilecekleri hakk\u0131nda i\u00e7 g\u00f6r\u00fc sahibi olacaklard\u0131r. B\u00f6ylece \u00f6zel ya\u015famlar\u0131nda mutlulu\u011fu tam anlam\u0131yla deneyimlerden i\u015f ya\u015fam\u0131nda da verimlili\u011fin artmas\u0131na olanak sa\u011flayacakt\u0131r.<\/li>\n<\/ul>\n<p>\u00a0 <strong>E\u011fitim \u0130\u00e7eri\u011fi<\/strong><\/p>\n<ul>\n<li>\u0130\u015f ve \u00d6zel ya\u015fama bir b\u00fct\u00fcn olarak ku\u015f bak\u0131\u015f\u0131<\/li>\n<li>Ya\u015fam amac\u0131m\u0131z\u0131 biliyor muyuz?<\/li>\n<li>\u00c7al\u0131\u015ft\u0131\u011f\u0131m\u0131z kurumun misyon ve vizyonu ile uyum sa\u011flayabiliyor muyuz?<\/li>\n<li>\u00c7al\u0131\u015fmak bizim i\u00e7in ne ifade ediyor?<\/li>\n<li>\u00d6nceliklerimiz nelerdir?<\/li>\n<li>\u00c7oklu Zek\u00e2 Kuram\u0131<\/li>\n<li>Stres y\u00f6netimi<\/li>\n<li>Duygular\u0131n Y\u00f6netimi<\/li>\n<li>Etkin Zaman Y\u00f6netimi-Ertelemenin alt\u0131nda<\/li>\n<\/ul>\n<p>\u00a0 <strong>Sertifika<\/strong><\/p>\n<ul>\n<li>E\u011fitimi ba\u015far\u0131 ile tamamlayan t\u00fcm kat\u0131l\u0131mc\u0131lara GLOBAL ALLIANCE ACADEMY taraf\u0131ndan, &#8220;\u0130\u015f Ve \u00d6zel Ya\u015fam Uyumu E\u011fitimi Sertifikas\u0131&#8221; verilecektir.<\/li>\n<\/ul>","protected":false},"excerpt":{"rendered":"<p>\u00a0 Kat\u0131l\u0131mc\u0131 Profili Bir kurumda g\u00f6rev alan t\u00fcm personel bu e\u011fitime kat\u0131labilir. \u00a0 Hedeflenen Sonu\u00e7 \u0130nsan psikolojik bir varl\u0131kt\u0131r ve g\u00fcn\u00fcm\u00fcz\u00fcn b\u00fcy\u00fck bir k\u0131sm\u0131n\u0131 i\u015fyerimizde ge\u00e7irdi\u011fimizi d\u00fc\u015f\u00fcn\u00fcrsek, \u00f6zel ya\u015fam ve&#8230; <\/p>\n","protected":false},"author":10,"featured_media":5171,"parent":2158,"menu_order":21,"comment_status":"closed","ping_status":"closed","template":"page-full.php","meta":{"_acf_changed":false,"om_disable_all_campaigns":false,"footnotes":""},"class_list":["post-2407","page","type-page","status-publish","has-post-thumbnail","hentry"],"acf":[],"yoast_head":"<!-- This site is optimized with the Yoast SEO plugin v27.4 - https:\/\/yoast.com\/product\/yoast-seo-wordpress\/ -->\n<title>KG 21\u00a0 \u0130\u015f ve \u00d6zel Ya\u015fam Uyumu -1 g\u00fcn - Global Alliance Register<\/title>\n<meta name=\"robots\" content=\"index, follow, max-snippet:-1, max-image-preview:large, max-video-preview:-1\" \/>\n<link rel=\"canonical\" href=\"https:\/\/globalallianceregister.com\/tr\/services\/egitim\/individual-development\/turkce-kisisel-gelisim-egitim-programi\/turkce-kg-21-ve-ozel-yasam-uyumu-1-gun\/\" \/>\n<meta property=\"og:locale\" content=\"tr_TR\" \/>\n<meta property=\"og:type\" content=\"article\" \/>\n<meta property=\"og:title\" content=\"KG 21\u00a0 \u0130\u015f ve \u00d6zel Ya\u015fam Uyumu -1 g\u00fcn - Global Alliance Register\" \/>\n<meta property=\"og:description\" content=\"\u00a0 Kat\u0131l\u0131mc\u0131 Profili Bir kurumda g\u00f6rev alan t\u00fcm personel bu e\u011fitime kat\u0131labilir. \u00a0 Hedeflenen Sonu\u00e7 \u0130nsan psikolojik bir varl\u0131kt\u0131r ve g\u00fcn\u00fcm\u00fcz\u00fcn b\u00fcy\u00fck bir k\u0131sm\u0131n\u0131 i\u015fyerimizde ge\u00e7irdi\u011fimizi d\u00fc\u015f\u00fcn\u00fcrsek, \u00f6zel ya\u015fam ve...\" \/>\n<meta property=\"og:url\" content=\"https:\/\/globalallianceregister.com\/tr\/services\/egitim\/individual-development\/turkce-kisisel-gelisim-egitim-programi\/turkce-kg-21-ve-ozel-yasam-uyumu-1-gun\/\" \/>\n<meta property=\"og:site_name\" content=\"Global Alliance Register\" \/>\n<meta property=\"article:modified_time\" content=\"2015-12-17T12:31:03+00:00\" \/>\n<meta property=\"og:image\" content=\"https:\/\/globalallianceregister.com\/wp-content\/uploads\/2015\/08\/Training-Inner-Page.jpg\" \/>\n\t<meta property=\"og:image:width\" content=\"614\" \/>\n\t<meta property=\"og:image:height\" content=\"200\" \/>\n\t<meta property=\"og:image:type\" content=\"image\/jpeg\" \/>\n<meta name=\"twitter:label1\" content=\"Tahmini okuma s\u00fcresi\" \/>\n\t<meta name=\"twitter:data1\" content=\"1 dakika\" \/>\n<script type=\"application\/ld+json\" class=\"yoast-schema-graph\">{\"@context\":\"https:\\\/\\\/schema.org\",\"@graph\":[{\"@type\":\"WebPage\",\"@id\":\"https:\\\/\\\/globalallianceregister.com\\\/tr\\\/services\\\/egitim\\\/individual-development\\\/turkce-kisisel-gelisim-egitim-programi\\\/turkce-kg-21-ve-ozel-yasam-uyumu-1-gun\\\/\",\"url\":\"https:\\\/\\\/globalallianceregister.com\\\/tr\\\/services\\\/egitim\\\/individual-development\\\/turkce-kisisel-gelisim-egitim-programi\\\/turkce-kg-21-ve-ozel-yasam-uyumu-1-gun\\\/\",\"name\":\"KG 21\u00a0 \u0130\u015f ve \u00d6zel Ya\u015fam Uyumu -1 g\u00fcn - Global Alliance Register\",\"isPartOf\":{\"@id\":\"https:\\\/\\\/globalallianceregister.com\\\/tr\\\/#website\"},\"primaryImageOfPage\":{\"@id\":\"https:\\\/\\\/globalallianceregister.com\\\/tr\\\/services\\\/egitim\\\/individual-development\\\/turkce-kisisel-gelisim-egitim-programi\\\/turkce-kg-21-ve-ozel-yasam-uyumu-1-gun\\\/#primaryimage\"},\"image\":{\"@id\":\"https:\\\/\\\/globalallianceregister.com\\\/tr\\\/services\\\/egitim\\\/individual-development\\\/turkce-kisisel-gelisim-egitim-programi\\\/turkce-kg-21-ve-ozel-yasam-uyumu-1-gun\\\/#primaryimage\"},\"thumbnailUrl\":\"https:\\\/\\\/globalallianceregister.com\\\/wp-content\\\/uploads\\\/2015\\\/08\\\/Training-Inner-Page.jpg\",\"datePublished\":\"2015-01-02T17:26:07+00:00\",\"dateModified\":\"2015-12-17T12:31:03+00:00\",\"breadcrumb\":{\"@id\":\"https:\\\/\\\/globalallianceregister.com\\\/tr\\\/services\\\/egitim\\\/individual-development\\\/turkce-kisisel-gelisim-egitim-programi\\\/turkce-kg-21-ve-ozel-yasam-uyumu-1-gun\\\/#breadcrumb\"},\"inLanguage\":\"tr\",\"potentialAction\":[{\"@type\":\"ReadAction\",\"target\":[[\"https:\\\/\\\/globalallianceregister.com\\\/tr\\\/services\\\/egitim\\\/individual-development\\\/turkce-kisisel-gelisim-egitim-programi\\\/turkce-kg-21-ve-ozel-yasam-uyumu-1-gun\\\/\"]]}]},{\"@type\":\"ImageObject\",\"inLanguage\":\"tr\",\"@id\":\"https:\\\/\\\/globalallianceregister.com\\\/tr\\\/services\\\/egitim\\\/individual-development\\\/turkce-kisisel-gelisim-egitim-programi\\\/turkce-kg-21-ve-ozel-yasam-uyumu-1-gun\\\/#primaryimage\",\"url\":\"https:\\\/\\\/globalallianceregister.com\\\/wp-content\\\/uploads\\\/2015\\\/08\\\/Training-Inner-Page.jpg\",\"contentUrl\":\"https:\\\/\\\/globalallianceregister.com\\\/wp-content\\\/uploads\\\/2015\\\/08\\\/Training-Inner-Page.jpg\",\"width\":614,\"height\":200},{\"@type\":\"BreadcrumbList\",\"@id\":\"https:\\\/\\\/globalallianceregister.com\\\/tr\\\/services\\\/egitim\\\/individual-development\\\/turkce-kisisel-gelisim-egitim-programi\\\/turkce-kg-21-ve-ozel-yasam-uyumu-1-gun\\\/#breadcrumb\",\"itemListElement\":[{\"@type\":\"ListItem\",\"position\":1,\"name\":\"Anasayfa\",\"item\":\"https:\\\/\\\/globalallianceregister.com\\\/tr\\\/\"},{\"@type\":\"ListItem\",\"position\":2,\"name\":\"KG 21\u00a0 \u0130\u015f ve \u00d6zel Ya\u015fam Uyumu -1 g\u00fcn\"}]},{\"@type\":\"WebSite\",\"@id\":\"https:\\\/\\\/globalallianceregister.com\\\/tr\\\/#website\",\"url\":\"https:\\\/\\\/globalallianceregister.com\\\/tr\\\/\",\"name\":\"Global Alliance Register\",\"description\":\"(EN) Together for Excellence\",\"potentialAction\":[{\"@type\":\"SearchAction\",\"target\":{\"@type\":\"EntryPoint\",\"urlTemplate\":\"https:\\\/\\\/globalallianceregister.com\\\/tr\\\/?s={search_term_string}\"},\"query-input\":{\"@type\":\"PropertyValueSpecification\",\"valueRequired\":true,\"valueName\":\"search_term_string\"}}],\"inLanguage\":\"tr\"}]}<\/script>\n<!-- \/ Yoast SEO plugin. -->","yoast_head_json":{"title":"KG 21\u00a0 \u0130\u015f ve \u00d6zel Ya\u015fam Uyumu -1 g\u00fcn - Global Alliance Register","robots":{"index":"index","follow":"follow","max-snippet":"max-snippet:-1","max-image-preview":"max-image-preview:large","max-video-preview":"max-video-preview:-1"},"canonical":"https:\/\/globalallianceregister.com\/tr\/services\/egitim\/individual-development\/turkce-kisisel-gelisim-egitim-programi\/turkce-kg-21-ve-ozel-yasam-uyumu-1-gun\/","og_locale":"tr_TR","og_type":"article","og_title":"KG 21\u00a0 \u0130\u015f ve \u00d6zel Ya\u015fam Uyumu -1 g\u00fcn - Global Alliance Register","og_description":"\u00a0 Kat\u0131l\u0131mc\u0131 Profili Bir kurumda g\u00f6rev alan t\u00fcm personel bu e\u011fitime kat\u0131labilir. \u00a0 Hedeflenen Sonu\u00e7 \u0130nsan psikolojik bir varl\u0131kt\u0131r ve g\u00fcn\u00fcm\u00fcz\u00fcn b\u00fcy\u00fck bir k\u0131sm\u0131n\u0131 i\u015fyerimizde ge\u00e7irdi\u011fimizi d\u00fc\u015f\u00fcn\u00fcrsek, \u00f6zel ya\u015fam ve...","og_url":"https:\/\/globalallianceregister.com\/tr\/services\/egitim\/individual-development\/turkce-kisisel-gelisim-egitim-programi\/turkce-kg-21-ve-ozel-yasam-uyumu-1-gun\/","og_site_name":"Global Alliance Register","article_modified_time":"2015-12-17T12:31:03+00:00","og_image":[{"width":614,"height":200,"url":"https:\/\/globalallianceregister.com\/wp-content\/uploads\/2015\/08\/Training-Inner-Page.jpg","type":"image\/jpeg"}],"twitter_misc":{"Tahmini okuma s\u00fcresi":"1 dakika"},"schema":{"@context":"https:\/\/schema.org","@graph":[{"@type":"WebPage","@id":"https:\/\/globalallianceregister.com\/tr\/services\/egitim\/individual-development\/turkce-kisisel-gelisim-egitim-programi\/turkce-kg-21-ve-ozel-yasam-uyumu-1-gun\/","url":"https:\/\/globalallianceregister.com\/tr\/services\/egitim\/individual-development\/turkce-kisisel-gelisim-egitim-programi\/turkce-kg-21-ve-ozel-yasam-uyumu-1-gun\/","name":"KG 21\u00a0 \u0130\u015f ve \u00d6zel Ya\u015fam Uyumu -1 g\u00fcn - Global Alliance Register","isPartOf":{"@id":"https:\/\/globalallianceregister.com\/tr\/#website"},"primaryImageOfPage":{"@id":"https:\/\/globalallianceregister.com\/tr\/services\/egitim\/individual-development\/turkce-kisisel-gelisim-egitim-programi\/turkce-kg-21-ve-ozel-yasam-uyumu-1-gun\/#primaryimage"},"image":{"@id":"https:\/\/globalallianceregister.com\/tr\/services\/egitim\/individual-development\/turkce-kisisel-gelisim-egitim-programi\/turkce-kg-21-ve-ozel-yasam-uyumu-1-gun\/#primaryimage"},"thumbnailUrl":"https:\/\/globalallianceregister.com\/wp-content\/uploads\/2015\/08\/Training-Inner-Page.jpg","datePublished":"2015-01-02T17:26:07+00:00","dateModified":"2015-12-17T12:31:03+00:00","breadcrumb":{"@id":"https:\/\/globalallianceregister.com\/tr\/services\/egitim\/individual-development\/turkce-kisisel-gelisim-egitim-programi\/turkce-kg-21-ve-ozel-yasam-uyumu-1-gun\/#breadcrumb"},"inLanguage":"tr","potentialAction":[{"@type":"ReadAction","target":[["https:\/\/globalallianceregister.com\/tr\/services\/egitim\/individual-development\/turkce-kisisel-gelisim-egitim-programi\/turkce-kg-21-ve-ozel-yasam-uyumu-1-gun\/"]]}]},{"@type":"ImageObject","inLanguage":"tr","@id":"https:\/\/globalallianceregister.com\/tr\/services\/egitim\/individual-development\/turkce-kisisel-gelisim-egitim-programi\/turkce-kg-21-ve-ozel-yasam-uyumu-1-gun\/#primaryimage","url":"https:\/\/globalallianceregister.com\/wp-content\/uploads\/2015\/08\/Training-Inner-Page.jpg","contentUrl":"https:\/\/globalallianceregister.com\/wp-content\/uploads\/2015\/08\/Training-Inner-Page.jpg","width":614,"height":200},{"@type":"BreadcrumbList","@id":"https:\/\/globalallianceregister.com\/tr\/services\/egitim\/individual-development\/turkce-kisisel-gelisim-egitim-programi\/turkce-kg-21-ve-ozel-yasam-uyumu-1-gun\/#breadcrumb","itemListElement":[{"@type":"ListItem","position":1,"name":"Anasayfa","item":"https:\/\/globalallianceregister.com\/tr\/"},{"@type":"ListItem","position":2,"name":"KG 21\u00a0 \u0130\u015f ve \u00d6zel Ya\u015fam Uyumu -1 g\u00fcn"}]},{"@type":"WebSite","@id":"https:\/\/globalallianceregister.com\/tr\/#website","url":"https:\/\/globalallianceregister.com\/tr\/","name":"Global Alliance Register","description":"(EN) Together for Excellence","potentialAction":[{"@type":"SearchAction","target":{"@type":"EntryPoint","urlTemplate":"https:\/\/globalallianceregister.com\/tr\/?s={search_term_string}"},"query-input":{"@type":"PropertyValueSpecification","valueRequired":true,"valueName":"search_term_string"}}],"inLanguage":"tr"}]}},"_links":{"self":[{"href":"https:\/\/globalallianceregister.com\/tr\/wp-json\/wp\/v2\/pages\/2407","targetHints":{"allow":["GET"]}}],"collection":[{"href":"https:\/\/globalallianceregister.com\/tr\/wp-json\/wp\/v2\/pages"}],"about":[{"href":"https:\/\/globalallianceregister.com\/tr\/wp-json\/wp\/v2\/types\/page"}],"author":[{"embeddable":true,"href":"https:\/\/globalallianceregister.com\/tr\/wp-json\/wp\/v2\/users\/10"}],"replies":[{"embeddable":true,"href":"https:\/\/globalallianceregister.com\/tr\/wp-json\/wp\/v2\/comments?post=2407"}],"version-history":[{"count":0,"href":"https:\/\/globalallianceregister.com\/tr\/wp-json\/wp\/v2\/pages\/2407\/revisions"}],"up":[{"embeddable":true,"href":"https:\/\/globalallianceregister.com\/tr\/wp-json\/wp\/v2\/pages\/2158"}],"wp:featuredmedia":[{"embeddable":true,"href":"https:\/\/globalallianceregister.com\/tr\/wp-json\/wp\/v2\/media\/5171"}],"wp:attachment":[{"href":"https:\/\/globalallianceregister.com\/tr\/wp-json\/wp\/v2\/media?parent=2407"}],"curies":[{"name":"wp","href":"https:\/\/api.w.org\/{rel}","templated":true}]}}