{"id":2409,"date":"2015-01-02T17:28:40","date_gmt":"2015-01-02T17:28:40","guid":{"rendered":"https:\/\/globalallianceregister.com\/?page_id=2409"},"modified":"2015-12-17T12:31:38","modified_gmt":"2015-12-17T12:31:38","slug":"turkce-kg-22-kurum-ici-uyum-programi-1-gun","status":"publish","type":"page","link":"https:\/\/globalallianceregister.com\/tr\/services\/egitim\/individual-development\/turkce-kisisel-gelisim-egitim-programi\/turkce-kg-22-kurum-ici-uyum-programi-1-gun\/","title":{"rendered":"KG 22\u00a0 Kurum \u0130\u00e7i Uyum Program\u0131 \u2013 1 g\u00fcn"},"content":{"rendered":"<p>\u00a0 <strong>Kat\u0131l\u0131mc\u0131 Profili<\/strong><\/p>\n<ul>\n<li>Bir kurumda g\u00f6rev alan t\u00fcm personel bu e\u011fitime kat\u0131labilir.<\/li>\n<\/ul>\n<p>\u00a0 <strong>Hedeflenen Sonu\u00e7<\/strong><\/p>\n<ul>\n<li>Bu e\u011fitimde, kat\u0131l\u0131mc\u0131larda kurumsal aidiyet k\u00fclt\u00fcr\u00fcn\u00fcn olu\u015fturulmas\u0131 hedeflenirken, ki\u015fisel hedeflerin ve kurumsal hedeflerin ayn\u0131 do\u011frultuda olmas\u0131n\u0131n performans art\u0131\u015f\u0131n\u0131 ne derece etkiledi\u011fi derin bir bak\u0131\u015f a\u00e7\u0131s\u0131yla ele al\u0131nacakt\u0131r.<\/li>\n<li>E\u011fitim sonunda, kat\u0131l\u0131mc\u0131lar fiziksel, ruhsal ve zihinsel olarak kendini kurum k\u00fclt\u00fcr\u00fcn\u00fcn \u00f6nemli bir par\u00e7as\u0131 olarak hissederken performans art\u0131\u015f\u0131 i\u00e7in gerekli olan motivasyon ve aidiyet duygusunu da i\u00e7selle\u015ftirmi\u015f olacaklard\u0131r.<\/li>\n<\/ul>\n<p>\u00a0 <strong>E\u011fitim \u0130\u00e7eri\u011fi<\/strong><\/p>\n<ul>\n<li>Kurum nedir?<\/li>\n<li>Kurum K\u00fclt\u00fcr\u00fc Kavram\u0131<\/li>\n<li>Kurum K\u00fclt\u00fcr\u00fc \u00c7e\u015fitleri ve Kurumda\u015fl\u0131k Kavram\u0131<\/li>\n<li>Ne i\u00e7in \u00e7al\u0131\u015fyoruz? \u00c7al\u0131\u015ft\u0131\u011f\u0131m\u0131z kurumun misyonunu biliyor muyuz?<\/li>\n<li>Kurumsal Vizyon ve Ki\u015fisel Vizyonumuzun Uyumu<\/li>\n<li>Ki\u015fisel hedeflerimiz, Kurumumuzun\/departman\u0131m\u0131z\u0131n hedefleri<\/li>\n<li>\u00c7al\u0131\u015ft\u0131\u011f\u0131m\u0131z departmandaki ortak stratejimiz<\/li>\n<li>Ekip \u00e7al\u0131\u015fmas\u0131 nedir?<\/li>\n<li>Ekip olarak bizden beklenenler nelerdir?<\/li>\n<li>Sosyal Sermaye: Ki\u015filer Aras\u0131 G\u00fcven<\/li>\n<li>G\u00fcvenin \u00fc\u00e7 boyutu: Yatay G\u00fcven, Dikey G\u00fcven, D\u0131\u015f G\u00fcven<\/li>\n<li>\u0130\u015f hayat\u0131nda sosyal stilimizi ve motivasyon y\u00f6n\u00fcm\u00fcz\u00fc biliyor muyuz?<\/li>\n<li>\u0130nan\u00e7-De\u011fer-Duygu-Davran\u0131\u015f d\u00f6ng\u00fcs\u00fc ve kurum i\u00e7i uyumumuz<\/li>\n<\/ul>\n<p>\u00a0 <strong>Sertifika<\/strong><\/p>\n<ul>\n<li>E\u011fitimi ba\u015far\u0131 ile tamamlayan t\u00fcm kat\u0131l\u0131mc\u0131lara GLOBAL ALLIANCE ACADEMY taraf\u0131ndan, &#8220;Kurum \u0130\u00e7i Uyum Program\u0131 Sertifikas\u0131&#8221; verilecektir.<\/li>\n<\/ul>","protected":false},"excerpt":{"rendered":"<p>\u00a0 Kat\u0131l\u0131mc\u0131 Profili Bir kurumda g\u00f6rev alan t\u00fcm personel bu e\u011fitime kat\u0131labilir. \u00a0 Hedeflenen Sonu\u00e7 Bu e\u011fitimde, kat\u0131l\u0131mc\u0131larda kurumsal aidiyet k\u00fclt\u00fcr\u00fcn\u00fcn olu\u015fturulmas\u0131 hedeflenirken, ki\u015fisel hedeflerin ve kurumsal hedeflerin ayn\u0131 do\u011frultuda&#8230; <\/p>\n","protected":false},"author":10,"featured_media":5171,"parent":2158,"menu_order":22,"comment_status":"closed","ping_status":"closed","template":"page-full.php","meta":{"_acf_changed":false,"om_disable_all_campaigns":false,"footnotes":""},"class_list":["post-2409","page","type-page","status-publish","has-post-thumbnail","hentry"],"acf":[],"yoast_head":"<!-- This site is optimized with the Yoast SEO plugin v27.4 - https:\/\/yoast.com\/product\/yoast-seo-wordpress\/ -->\n<title>KG 22\u00a0 Kurum \u0130\u00e7i Uyum Program\u0131 \u2013 1 g\u00fcn - Global Alliance Register<\/title>\n<meta name=\"robots\" content=\"index, follow, max-snippet:-1, max-image-preview:large, max-video-preview:-1\" \/>\n<link rel=\"canonical\" href=\"https:\/\/globalallianceregister.com\/tr\/services\/egitim\/individual-development\/turkce-kisisel-gelisim-egitim-programi\/turkce-kg-22-kurum-ici-uyum-programi-1-gun\/\" \/>\n<meta property=\"og:locale\" content=\"tr_TR\" \/>\n<meta property=\"og:type\" content=\"article\" \/>\n<meta property=\"og:title\" content=\"KG 22\u00a0 Kurum \u0130\u00e7i Uyum Program\u0131 \u2013 1 g\u00fcn - Global Alliance Register\" \/>\n<meta property=\"og:description\" content=\"\u00a0 Kat\u0131l\u0131mc\u0131 Profili Bir kurumda g\u00f6rev alan t\u00fcm personel bu e\u011fitime kat\u0131labilir. \u00a0 Hedeflenen Sonu\u00e7 Bu e\u011fitimde, kat\u0131l\u0131mc\u0131larda kurumsal aidiyet k\u00fclt\u00fcr\u00fcn\u00fcn olu\u015fturulmas\u0131 hedeflenirken, ki\u015fisel hedeflerin ve kurumsal hedeflerin ayn\u0131 do\u011frultuda...\" \/>\n<meta property=\"og:url\" content=\"https:\/\/globalallianceregister.com\/tr\/services\/egitim\/individual-development\/turkce-kisisel-gelisim-egitim-programi\/turkce-kg-22-kurum-ici-uyum-programi-1-gun\/\" \/>\n<meta property=\"og:site_name\" content=\"Global Alliance Register\" \/>\n<meta property=\"article:modified_time\" content=\"2015-12-17T12:31:38+00:00\" \/>\n<meta property=\"og:image\" content=\"https:\/\/globalallianceregister.com\/wp-content\/uploads\/2015\/08\/Training-Inner-Page.jpg\" \/>\n\t<meta property=\"og:image:width\" content=\"614\" \/>\n\t<meta property=\"og:image:height\" content=\"200\" \/>\n\t<meta property=\"og:image:type\" content=\"image\/jpeg\" \/>\n<meta name=\"twitter:label1\" content=\"Tahmini okuma s\u00fcresi\" \/>\n\t<meta name=\"twitter:data1\" content=\"1 dakika\" \/>\n<script type=\"application\/ld+json\" class=\"yoast-schema-graph\">{\"@context\":\"https:\\\/\\\/schema.org\",\"@graph\":[{\"@type\":\"WebPage\",\"@id\":\"https:\\\/\\\/globalallianceregister.com\\\/tr\\\/services\\\/egitim\\\/individual-development\\\/turkce-kisisel-gelisim-egitim-programi\\\/turkce-kg-22-kurum-ici-uyum-programi-1-gun\\\/\",\"url\":\"https:\\\/\\\/globalallianceregister.com\\\/tr\\\/services\\\/egitim\\\/individual-development\\\/turkce-kisisel-gelisim-egitim-programi\\\/turkce-kg-22-kurum-ici-uyum-programi-1-gun\\\/\",\"name\":\"KG 22\u00a0 Kurum \u0130\u00e7i Uyum Program\u0131 \u2013 1 g\u00fcn - Global Alliance Register\",\"isPartOf\":{\"@id\":\"https:\\\/\\\/globalallianceregister.com\\\/tr\\\/#website\"},\"primaryImageOfPage\":{\"@id\":\"https:\\\/\\\/globalallianceregister.com\\\/tr\\\/services\\\/egitim\\\/individual-development\\\/turkce-kisisel-gelisim-egitim-programi\\\/turkce-kg-22-kurum-ici-uyum-programi-1-gun\\\/#primaryimage\"},\"image\":{\"@id\":\"https:\\\/\\\/globalallianceregister.com\\\/tr\\\/services\\\/egitim\\\/individual-development\\\/turkce-kisisel-gelisim-egitim-programi\\\/turkce-kg-22-kurum-ici-uyum-programi-1-gun\\\/#primaryimage\"},\"thumbnailUrl\":\"https:\\\/\\\/globalallianceregister.com\\\/wp-content\\\/uploads\\\/2015\\\/08\\\/Training-Inner-Page.jpg\",\"datePublished\":\"2015-01-02T17:28:40+00:00\",\"dateModified\":\"2015-12-17T12:31:38+00:00\",\"breadcrumb\":{\"@id\":\"https:\\\/\\\/globalallianceregister.com\\\/tr\\\/services\\\/egitim\\\/individual-development\\\/turkce-kisisel-gelisim-egitim-programi\\\/turkce-kg-22-kurum-ici-uyum-programi-1-gun\\\/#breadcrumb\"},\"inLanguage\":\"tr\",\"potentialAction\":[{\"@type\":\"ReadAction\",\"target\":[[\"https:\\\/\\\/globalallianceregister.com\\\/tr\\\/services\\\/egitim\\\/individual-development\\\/turkce-kisisel-gelisim-egitim-programi\\\/turkce-kg-22-kurum-ici-uyum-programi-1-gun\\\/\"]]}]},{\"@type\":\"ImageObject\",\"inLanguage\":\"tr\",\"@id\":\"https:\\\/\\\/globalallianceregister.com\\\/tr\\\/services\\\/egitim\\\/individual-development\\\/turkce-kisisel-gelisim-egitim-programi\\\/turkce-kg-22-kurum-ici-uyum-programi-1-gun\\\/#primaryimage\",\"url\":\"https:\\\/\\\/globalallianceregister.com\\\/wp-content\\\/uploads\\\/2015\\\/08\\\/Training-Inner-Page.jpg\",\"contentUrl\":\"https:\\\/\\\/globalallianceregister.com\\\/wp-content\\\/uploads\\\/2015\\\/08\\\/Training-Inner-Page.jpg\",\"width\":614,\"height\":200},{\"@type\":\"BreadcrumbList\",\"@id\":\"https:\\\/\\\/globalallianceregister.com\\\/tr\\\/services\\\/egitim\\\/individual-development\\\/turkce-kisisel-gelisim-egitim-programi\\\/turkce-kg-22-kurum-ici-uyum-programi-1-gun\\\/#breadcrumb\",\"itemListElement\":[{\"@type\":\"ListItem\",\"position\":1,\"name\":\"Anasayfa\",\"item\":\"https:\\\/\\\/globalallianceregister.com\\\/tr\\\/\"},{\"@type\":\"ListItem\",\"position\":2,\"name\":\"KG 22\u00a0 Kurum \u0130\u00e7i Uyum Program\u0131 \u2013 1 g\u00fcn\"}]},{\"@type\":\"WebSite\",\"@id\":\"https:\\\/\\\/globalallianceregister.com\\\/tr\\\/#website\",\"url\":\"https:\\\/\\\/globalallianceregister.com\\\/tr\\\/\",\"name\":\"Global Alliance Register\",\"description\":\"(EN) Together for Excellence\",\"potentialAction\":[{\"@type\":\"SearchAction\",\"target\":{\"@type\":\"EntryPoint\",\"urlTemplate\":\"https:\\\/\\\/globalallianceregister.com\\\/tr\\\/?s={search_term_string}\"},\"query-input\":{\"@type\":\"PropertyValueSpecification\",\"valueRequired\":true,\"valueName\":\"search_term_string\"}}],\"inLanguage\":\"tr\"}]}<\/script>\n<!-- \/ Yoast SEO plugin. -->","yoast_head_json":{"title":"KG 22\u00a0 Kurum \u0130\u00e7i Uyum Program\u0131 \u2013 1 g\u00fcn - Global Alliance Register","robots":{"index":"index","follow":"follow","max-snippet":"max-snippet:-1","max-image-preview":"max-image-preview:large","max-video-preview":"max-video-preview:-1"},"canonical":"https:\/\/globalallianceregister.com\/tr\/services\/egitim\/individual-development\/turkce-kisisel-gelisim-egitim-programi\/turkce-kg-22-kurum-ici-uyum-programi-1-gun\/","og_locale":"tr_TR","og_type":"article","og_title":"KG 22\u00a0 Kurum \u0130\u00e7i Uyum Program\u0131 \u2013 1 g\u00fcn - Global Alliance Register","og_description":"\u00a0 Kat\u0131l\u0131mc\u0131 Profili Bir kurumda g\u00f6rev alan t\u00fcm personel bu e\u011fitime kat\u0131labilir. \u00a0 Hedeflenen Sonu\u00e7 Bu e\u011fitimde, kat\u0131l\u0131mc\u0131larda kurumsal aidiyet k\u00fclt\u00fcr\u00fcn\u00fcn olu\u015fturulmas\u0131 hedeflenirken, ki\u015fisel hedeflerin ve kurumsal hedeflerin ayn\u0131 do\u011frultuda...","og_url":"https:\/\/globalallianceregister.com\/tr\/services\/egitim\/individual-development\/turkce-kisisel-gelisim-egitim-programi\/turkce-kg-22-kurum-ici-uyum-programi-1-gun\/","og_site_name":"Global Alliance Register","article_modified_time":"2015-12-17T12:31:38+00:00","og_image":[{"width":614,"height":200,"url":"https:\/\/globalallianceregister.com\/wp-content\/uploads\/2015\/08\/Training-Inner-Page.jpg","type":"image\/jpeg"}],"twitter_misc":{"Tahmini okuma s\u00fcresi":"1 dakika"},"schema":{"@context":"https:\/\/schema.org","@graph":[{"@type":"WebPage","@id":"https:\/\/globalallianceregister.com\/tr\/services\/egitim\/individual-development\/turkce-kisisel-gelisim-egitim-programi\/turkce-kg-22-kurum-ici-uyum-programi-1-gun\/","url":"https:\/\/globalallianceregister.com\/tr\/services\/egitim\/individual-development\/turkce-kisisel-gelisim-egitim-programi\/turkce-kg-22-kurum-ici-uyum-programi-1-gun\/","name":"KG 22\u00a0 Kurum \u0130\u00e7i Uyum Program\u0131 \u2013 1 g\u00fcn - Global Alliance Register","isPartOf":{"@id":"https:\/\/globalallianceregister.com\/tr\/#website"},"primaryImageOfPage":{"@id":"https:\/\/globalallianceregister.com\/tr\/services\/egitim\/individual-development\/turkce-kisisel-gelisim-egitim-programi\/turkce-kg-22-kurum-ici-uyum-programi-1-gun\/#primaryimage"},"image":{"@id":"https:\/\/globalallianceregister.com\/tr\/services\/egitim\/individual-development\/turkce-kisisel-gelisim-egitim-programi\/turkce-kg-22-kurum-ici-uyum-programi-1-gun\/#primaryimage"},"thumbnailUrl":"https:\/\/globalallianceregister.com\/wp-content\/uploads\/2015\/08\/Training-Inner-Page.jpg","datePublished":"2015-01-02T17:28:40+00:00","dateModified":"2015-12-17T12:31:38+00:00","breadcrumb":{"@id":"https:\/\/globalallianceregister.com\/tr\/services\/egitim\/individual-development\/turkce-kisisel-gelisim-egitim-programi\/turkce-kg-22-kurum-ici-uyum-programi-1-gun\/#breadcrumb"},"inLanguage":"tr","potentialAction":[{"@type":"ReadAction","target":[["https:\/\/globalallianceregister.com\/tr\/services\/egitim\/individual-development\/turkce-kisisel-gelisim-egitim-programi\/turkce-kg-22-kurum-ici-uyum-programi-1-gun\/"]]}]},{"@type":"ImageObject","inLanguage":"tr","@id":"https:\/\/globalallianceregister.com\/tr\/services\/egitim\/individual-development\/turkce-kisisel-gelisim-egitim-programi\/turkce-kg-22-kurum-ici-uyum-programi-1-gun\/#primaryimage","url":"https:\/\/globalallianceregister.com\/wp-content\/uploads\/2015\/08\/Training-Inner-Page.jpg","contentUrl":"https:\/\/globalallianceregister.com\/wp-content\/uploads\/2015\/08\/Training-Inner-Page.jpg","width":614,"height":200},{"@type":"BreadcrumbList","@id":"https:\/\/globalallianceregister.com\/tr\/services\/egitim\/individual-development\/turkce-kisisel-gelisim-egitim-programi\/turkce-kg-22-kurum-ici-uyum-programi-1-gun\/#breadcrumb","itemListElement":[{"@type":"ListItem","position":1,"name":"Anasayfa","item":"https:\/\/globalallianceregister.com\/tr\/"},{"@type":"ListItem","position":2,"name":"KG 22\u00a0 Kurum \u0130\u00e7i Uyum Program\u0131 \u2013 1 g\u00fcn"}]},{"@type":"WebSite","@id":"https:\/\/globalallianceregister.com\/tr\/#website","url":"https:\/\/globalallianceregister.com\/tr\/","name":"Global Alliance Register","description":"(EN) Together for Excellence","potentialAction":[{"@type":"SearchAction","target":{"@type":"EntryPoint","urlTemplate":"https:\/\/globalallianceregister.com\/tr\/?s={search_term_string}"},"query-input":{"@type":"PropertyValueSpecification","valueRequired":true,"valueName":"search_term_string"}}],"inLanguage":"tr"}]}},"_links":{"self":[{"href":"https:\/\/globalallianceregister.com\/tr\/wp-json\/wp\/v2\/pages\/2409","targetHints":{"allow":["GET"]}}],"collection":[{"href":"https:\/\/globalallianceregister.com\/tr\/wp-json\/wp\/v2\/pages"}],"about":[{"href":"https:\/\/globalallianceregister.com\/tr\/wp-json\/wp\/v2\/types\/page"}],"author":[{"embeddable":true,"href":"https:\/\/globalallianceregister.com\/tr\/wp-json\/wp\/v2\/users\/10"}],"replies":[{"embeddable":true,"href":"https:\/\/globalallianceregister.com\/tr\/wp-json\/wp\/v2\/comments?post=2409"}],"version-history":[{"count":0,"href":"https:\/\/globalallianceregister.com\/tr\/wp-json\/wp\/v2\/pages\/2409\/revisions"}],"up":[{"embeddable":true,"href":"https:\/\/globalallianceregister.com\/tr\/wp-json\/wp\/v2\/pages\/2158"}],"wp:featuredmedia":[{"embeddable":true,"href":"https:\/\/globalallianceregister.com\/tr\/wp-json\/wp\/v2\/media\/5171"}],"wp:attachment":[{"href":"https:\/\/globalallianceregister.com\/tr\/wp-json\/wp\/v2\/media?parent=2409"}],"curies":[{"name":"wp","href":"https:\/\/api.w.org\/{rel}","templated":true}]}}