{"id":2411,"date":"2015-01-02T17:30:25","date_gmt":"2015-01-02T17:30:25","guid":{"rendered":"https:\/\/globalallianceregister.com\/?page_id=2411"},"modified":"2015-12-17T12:32:21","modified_gmt":"2015-12-17T12:32:21","slug":"turkce-kg-23-mind-management-mucize-beyin-2-gun","status":"publish","type":"page","link":"https:\/\/globalallianceregister.com\/tr\/services\/egitim\/individual-development\/turkce-kisisel-gelisim-egitim-programi\/turkce-kg-23-mind-management-mucize-beyin-2-gun\/","title":{"rendered":"KG 23\u00a0 Mind Management \u2013 Mucize Beyin \u2013 2 g\u00fcn"},"content":{"rendered":"<p>\u00a0 <strong>Kat\u0131l\u0131mc\u0131 Profili<\/strong><\/p>\n<ul>\n<li>Beynin mucizesini tan\u0131yarak farkl\u0131 bak\u0131\u015f a\u00e7\u0131lar\u0131 kazanmay\u0131 ama\u00e7layan t\u00fcm profesyoneller bu e\u011fitime kat\u0131labilir.<\/li>\n<\/ul>\n<p>\u00a0 <strong>Hedeflenen Sonu\u00e7<\/strong><\/p>\n<ul>\n<li>Bu e\u011fitiminde Zihni etkin \u015fekilde kullanarak ba\u015farabileceklerimizin fark\u0131ndal\u0131\u011f\u0131na y\u00f6nelik kapsaml\u0131 bir \u00e7al\u0131\u015fma ama\u00e7lanm\u0131\u015ft\u0131r. Beynimizin \u00e7al\u0131\u015fma yap\u0131s\u0131, organize bi\u00e7imi, alg\u0131lay\u0131\u015f \u015fekli ve bilin\u00e7alt\u0131 etkinli\u011fi \u00fcst\u00fcnde bilgilendirme yaparak hem i\u015f hem \u00f6zel ya\u015fant\u0131n\u0131zda sizi \u00f6n plana \u00e7\u0131karabilecek ve ya\u015fam\u0131n\u0131z\u0131 kolayla\u015ft\u0131racak bilgiler ve teknikler verilecektir.<\/li>\n<li>E\u011fitim sonunda kat\u0131l\u0131mc\u0131lar, yarat\u0131c\u0131 fikirler \u00fcretebilme becerisi, kolay hat\u0131rlayabilme, insanlar\u0131 bilin\u00e7li \u015fekilde ikna edebilme, ki\u015fisel hedefleri planlayabilme, ya\u015fam\u0131n\u0131zdaki kontrol\u00fc ele alabilme, organize ve sistematik olarak \u00f6z disiplin sa\u011flayabilme becerileri kazanacaklard\u0131r.<\/li>\n<li>Bilimsel veriler ve interaktif i\u00e7erikle zenginle\u015ftirilmi\u015f olan bu e\u011fitim kat\u0131l\u0131mc\u0131lara \u00f6nemli al\u0131\u015fkanl\u0131klar kazand\u0131rman\u0131n yan\u0131 s\u0131ra mucize beyinin ya\u015fam\u0131n\u0131zda yaratt\u0131\u011f\u0131 fark\u0131ndal\u0131klar\u0131 g\u00f6rmenizi sa\u011flayacakt\u0131r. Ayr\u0131ca kat\u0131l\u0131mc\u0131lar, &#8220;D\u00fc\u015f\u00fcnce kontrol\u00fc&#8221; sa\u011flamak i\u00e7in \u00f6nemli bir ba\u015flang\u0131\u00e7 yapm\u0131\u015f olacaklar ve edindikleri bilgileri uygulamaya koyarak etkilerini \u00e7ok \u00e7abuk bir \u015fekilde g\u00f6rmeye ba\u015flayacaklard\u0131r.<\/li>\n<\/ul>\n<p>\u00a0 <strong>E\u011fitim \u0130\u00e7eri\u011fi<\/strong><\/p>\n<ul>\n<li>Mucize beyin<\/li>\n<li>Zihnin i\u015fleyi\u015f yap\u0131s\u0131<\/li>\n<li>D\u00fc\u015f\u00fcnme s\u00fcre\u00e7leri<\/li>\n<li>Not almak ve olu\u015fturabilmek etkinli\u011fi<\/li>\n<li>Zihin rotas\u0131<\/li>\n<li>Kelimeler ve resimlerin g\u00fcc\u00fc<\/li>\n<li>Zihin rotas\u0131 uygulamas\u0131<\/li>\n<li>Yarat\u0131c\u0131 zihin<\/li>\n<li>Etkin haf\u0131za kullanma teknikleri<\/li>\n<li>Karar alma<\/li>\n<li>Ki\u015fisel analiz<\/li>\n<\/ul>\n<p>\u00a0 <strong>Sertifika<\/strong><\/p>\n<ul>\n<li>E\u011fitimi ba\u015far\u0131 ile tamamlayan t\u00fcm kat\u0131l\u0131mc\u0131lara GLOBAL ALLIANCE ACADEMY taraf\u0131ndan, &#8220;Mind Management-Mucize Beyin E\u011fitimi Sertifikas\u0131&#8221; verilecektir.<\/li>\n<\/ul>","protected":false},"excerpt":{"rendered":"<p>\u00a0 Kat\u0131l\u0131mc\u0131 Profili Beynin mucizesini tan\u0131yarak farkl\u0131 bak\u0131\u015f a\u00e7\u0131lar\u0131 kazanmay\u0131 ama\u00e7layan t\u00fcm profesyoneller bu e\u011fitime kat\u0131labilir. \u00a0 Hedeflenen Sonu\u00e7 Bu e\u011fitiminde Zihni etkin \u015fekilde kullanarak ba\u015farabileceklerimizin fark\u0131ndal\u0131\u011f\u0131na y\u00f6nelik kapsaml\u0131 bir&#8230; <\/p>\n","protected":false},"author":10,"featured_media":5171,"parent":2158,"menu_order":23,"comment_status":"closed","ping_status":"closed","template":"page-full.php","meta":{"_acf_changed":false,"om_disable_all_campaigns":false,"footnotes":""},"class_list":["post-2411","page","type-page","status-publish","has-post-thumbnail","hentry"],"acf":[],"yoast_head":"<!-- This site is optimized with the Yoast SEO plugin v27.4 - https:\/\/yoast.com\/product\/yoast-seo-wordpress\/ -->\n<title>KG 23\u00a0 Mind Management \u2013 Mucize Beyin \u2013 2 g\u00fcn - Global Alliance Register<\/title>\n<meta name=\"robots\" content=\"index, follow, max-snippet:-1, max-image-preview:large, max-video-preview:-1\" \/>\n<link rel=\"canonical\" href=\"https:\/\/globalallianceregister.com\/tr\/services\/egitim\/individual-development\/turkce-kisisel-gelisim-egitim-programi\/turkce-kg-23-mind-management-mucize-beyin-2-gun\/\" \/>\n<meta property=\"og:locale\" content=\"tr_TR\" \/>\n<meta property=\"og:type\" content=\"article\" \/>\n<meta property=\"og:title\" content=\"KG 23\u00a0 Mind Management \u2013 Mucize Beyin \u2013 2 g\u00fcn - Global Alliance Register\" \/>\n<meta property=\"og:description\" content=\"\u00a0 Kat\u0131l\u0131mc\u0131 Profili Beynin mucizesini tan\u0131yarak farkl\u0131 bak\u0131\u015f a\u00e7\u0131lar\u0131 kazanmay\u0131 ama\u00e7layan t\u00fcm profesyoneller bu e\u011fitime kat\u0131labilir. \u00a0 Hedeflenen Sonu\u00e7 Bu e\u011fitiminde Zihni etkin \u015fekilde kullanarak ba\u015farabileceklerimizin fark\u0131ndal\u0131\u011f\u0131na y\u00f6nelik kapsaml\u0131 bir...\" \/>\n<meta property=\"og:url\" content=\"https:\/\/globalallianceregister.com\/tr\/services\/egitim\/individual-development\/turkce-kisisel-gelisim-egitim-programi\/turkce-kg-23-mind-management-mucize-beyin-2-gun\/\" \/>\n<meta property=\"og:site_name\" content=\"Global Alliance Register\" \/>\n<meta property=\"article:modified_time\" content=\"2015-12-17T12:32:21+00:00\" \/>\n<meta property=\"og:image\" content=\"https:\/\/globalallianceregister.com\/wp-content\/uploads\/2015\/08\/Training-Inner-Page.jpg\" \/>\n\t<meta property=\"og:image:width\" content=\"614\" \/>\n\t<meta property=\"og:image:height\" content=\"200\" \/>\n\t<meta property=\"og:image:type\" content=\"image\/jpeg\" \/>\n<meta name=\"twitter:label1\" content=\"Tahmini okuma s\u00fcresi\" \/>\n\t<meta name=\"twitter:data1\" content=\"1 dakika\" \/>\n<script type=\"application\/ld+json\" class=\"yoast-schema-graph\">{\"@context\":\"https:\\\/\\\/schema.org\",\"@graph\":[{\"@type\":\"WebPage\",\"@id\":\"https:\\\/\\\/globalallianceregister.com\\\/tr\\\/services\\\/egitim\\\/individual-development\\\/turkce-kisisel-gelisim-egitim-programi\\\/turkce-kg-23-mind-management-mucize-beyin-2-gun\\\/\",\"url\":\"https:\\\/\\\/globalallianceregister.com\\\/tr\\\/services\\\/egitim\\\/individual-development\\\/turkce-kisisel-gelisim-egitim-programi\\\/turkce-kg-23-mind-management-mucize-beyin-2-gun\\\/\",\"name\":\"KG 23\u00a0 Mind Management \u2013 Mucize Beyin \u2013 2 g\u00fcn - Global Alliance Register\",\"isPartOf\":{\"@id\":\"https:\\\/\\\/globalallianceregister.com\\\/tr\\\/#website\"},\"primaryImageOfPage\":{\"@id\":\"https:\\\/\\\/globalallianceregister.com\\\/tr\\\/services\\\/egitim\\\/individual-development\\\/turkce-kisisel-gelisim-egitim-programi\\\/turkce-kg-23-mind-management-mucize-beyin-2-gun\\\/#primaryimage\"},\"image\":{\"@id\":\"https:\\\/\\\/globalallianceregister.com\\\/tr\\\/services\\\/egitim\\\/individual-development\\\/turkce-kisisel-gelisim-egitim-programi\\\/turkce-kg-23-mind-management-mucize-beyin-2-gun\\\/#primaryimage\"},\"thumbnailUrl\":\"https:\\\/\\\/globalallianceregister.com\\\/wp-content\\\/uploads\\\/2015\\\/08\\\/Training-Inner-Page.jpg\",\"datePublished\":\"2015-01-02T17:30:25+00:00\",\"dateModified\":\"2015-12-17T12:32:21+00:00\",\"breadcrumb\":{\"@id\":\"https:\\\/\\\/globalallianceregister.com\\\/tr\\\/services\\\/egitim\\\/individual-development\\\/turkce-kisisel-gelisim-egitim-programi\\\/turkce-kg-23-mind-management-mucize-beyin-2-gun\\\/#breadcrumb\"},\"inLanguage\":\"tr\",\"potentialAction\":[{\"@type\":\"ReadAction\",\"target\":[[\"https:\\\/\\\/globalallianceregister.com\\\/tr\\\/services\\\/egitim\\\/individual-development\\\/turkce-kisisel-gelisim-egitim-programi\\\/turkce-kg-23-mind-management-mucize-beyin-2-gun\\\/\"]]}]},{\"@type\":\"ImageObject\",\"inLanguage\":\"tr\",\"@id\":\"https:\\\/\\\/globalallianceregister.com\\\/tr\\\/services\\\/egitim\\\/individual-development\\\/turkce-kisisel-gelisim-egitim-programi\\\/turkce-kg-23-mind-management-mucize-beyin-2-gun\\\/#primaryimage\",\"url\":\"https:\\\/\\\/globalallianceregister.com\\\/wp-content\\\/uploads\\\/2015\\\/08\\\/Training-Inner-Page.jpg\",\"contentUrl\":\"https:\\\/\\\/globalallianceregister.com\\\/wp-content\\\/uploads\\\/2015\\\/08\\\/Training-Inner-Page.jpg\",\"width\":614,\"height\":200},{\"@type\":\"BreadcrumbList\",\"@id\":\"https:\\\/\\\/globalallianceregister.com\\\/tr\\\/services\\\/egitim\\\/individual-development\\\/turkce-kisisel-gelisim-egitim-programi\\\/turkce-kg-23-mind-management-mucize-beyin-2-gun\\\/#breadcrumb\",\"itemListElement\":[{\"@type\":\"ListItem\",\"position\":1,\"name\":\"Anasayfa\",\"item\":\"https:\\\/\\\/globalallianceregister.com\\\/tr\\\/\"},{\"@type\":\"ListItem\",\"position\":2,\"name\":\"KG 23\u00a0 Mind Management \u2013 Mucize Beyin \u2013 2 g\u00fcn\"}]},{\"@type\":\"WebSite\",\"@id\":\"https:\\\/\\\/globalallianceregister.com\\\/tr\\\/#website\",\"url\":\"https:\\\/\\\/globalallianceregister.com\\\/tr\\\/\",\"name\":\"Global Alliance Register\",\"description\":\"(EN) Together for Excellence\",\"potentialAction\":[{\"@type\":\"SearchAction\",\"target\":{\"@type\":\"EntryPoint\",\"urlTemplate\":\"https:\\\/\\\/globalallianceregister.com\\\/tr\\\/?s={search_term_string}\"},\"query-input\":{\"@type\":\"PropertyValueSpecification\",\"valueRequired\":true,\"valueName\":\"search_term_string\"}}],\"inLanguage\":\"tr\"}]}<\/script>\n<!-- \/ Yoast SEO plugin. -->","yoast_head_json":{"title":"KG 23\u00a0 Mind Management \u2013 Mucize Beyin \u2013 2 g\u00fcn - Global Alliance Register","robots":{"index":"index","follow":"follow","max-snippet":"max-snippet:-1","max-image-preview":"max-image-preview:large","max-video-preview":"max-video-preview:-1"},"canonical":"https:\/\/globalallianceregister.com\/tr\/services\/egitim\/individual-development\/turkce-kisisel-gelisim-egitim-programi\/turkce-kg-23-mind-management-mucize-beyin-2-gun\/","og_locale":"tr_TR","og_type":"article","og_title":"KG 23\u00a0 Mind Management \u2013 Mucize Beyin \u2013 2 g\u00fcn - Global Alliance Register","og_description":"\u00a0 Kat\u0131l\u0131mc\u0131 Profili Beynin mucizesini tan\u0131yarak farkl\u0131 bak\u0131\u015f a\u00e7\u0131lar\u0131 kazanmay\u0131 ama\u00e7layan t\u00fcm profesyoneller bu e\u011fitime kat\u0131labilir. \u00a0 Hedeflenen Sonu\u00e7 Bu e\u011fitiminde Zihni etkin \u015fekilde kullanarak ba\u015farabileceklerimizin fark\u0131ndal\u0131\u011f\u0131na y\u00f6nelik kapsaml\u0131 bir...","og_url":"https:\/\/globalallianceregister.com\/tr\/services\/egitim\/individual-development\/turkce-kisisel-gelisim-egitim-programi\/turkce-kg-23-mind-management-mucize-beyin-2-gun\/","og_site_name":"Global Alliance Register","article_modified_time":"2015-12-17T12:32:21+00:00","og_image":[{"width":614,"height":200,"url":"https:\/\/globalallianceregister.com\/wp-content\/uploads\/2015\/08\/Training-Inner-Page.jpg","type":"image\/jpeg"}],"twitter_misc":{"Tahmini okuma s\u00fcresi":"1 dakika"},"schema":{"@context":"https:\/\/schema.org","@graph":[{"@type":"WebPage","@id":"https:\/\/globalallianceregister.com\/tr\/services\/egitim\/individual-development\/turkce-kisisel-gelisim-egitim-programi\/turkce-kg-23-mind-management-mucize-beyin-2-gun\/","url":"https:\/\/globalallianceregister.com\/tr\/services\/egitim\/individual-development\/turkce-kisisel-gelisim-egitim-programi\/turkce-kg-23-mind-management-mucize-beyin-2-gun\/","name":"KG 23\u00a0 Mind Management \u2013 Mucize Beyin \u2013 2 g\u00fcn - Global Alliance Register","isPartOf":{"@id":"https:\/\/globalallianceregister.com\/tr\/#website"},"primaryImageOfPage":{"@id":"https:\/\/globalallianceregister.com\/tr\/services\/egitim\/individual-development\/turkce-kisisel-gelisim-egitim-programi\/turkce-kg-23-mind-management-mucize-beyin-2-gun\/#primaryimage"},"image":{"@id":"https:\/\/globalallianceregister.com\/tr\/services\/egitim\/individual-development\/turkce-kisisel-gelisim-egitim-programi\/turkce-kg-23-mind-management-mucize-beyin-2-gun\/#primaryimage"},"thumbnailUrl":"https:\/\/globalallianceregister.com\/wp-content\/uploads\/2015\/08\/Training-Inner-Page.jpg","datePublished":"2015-01-02T17:30:25+00:00","dateModified":"2015-12-17T12:32:21+00:00","breadcrumb":{"@id":"https:\/\/globalallianceregister.com\/tr\/services\/egitim\/individual-development\/turkce-kisisel-gelisim-egitim-programi\/turkce-kg-23-mind-management-mucize-beyin-2-gun\/#breadcrumb"},"inLanguage":"tr","potentialAction":[{"@type":"ReadAction","target":[["https:\/\/globalallianceregister.com\/tr\/services\/egitim\/individual-development\/turkce-kisisel-gelisim-egitim-programi\/turkce-kg-23-mind-management-mucize-beyin-2-gun\/"]]}]},{"@type":"ImageObject","inLanguage":"tr","@id":"https:\/\/globalallianceregister.com\/tr\/services\/egitim\/individual-development\/turkce-kisisel-gelisim-egitim-programi\/turkce-kg-23-mind-management-mucize-beyin-2-gun\/#primaryimage","url":"https:\/\/globalallianceregister.com\/wp-content\/uploads\/2015\/08\/Training-Inner-Page.jpg","contentUrl":"https:\/\/globalallianceregister.com\/wp-content\/uploads\/2015\/08\/Training-Inner-Page.jpg","width":614,"height":200},{"@type":"BreadcrumbList","@id":"https:\/\/globalallianceregister.com\/tr\/services\/egitim\/individual-development\/turkce-kisisel-gelisim-egitim-programi\/turkce-kg-23-mind-management-mucize-beyin-2-gun\/#breadcrumb","itemListElement":[{"@type":"ListItem","position":1,"name":"Anasayfa","item":"https:\/\/globalallianceregister.com\/tr\/"},{"@type":"ListItem","position":2,"name":"KG 23\u00a0 Mind Management \u2013 Mucize Beyin \u2013 2 g\u00fcn"}]},{"@type":"WebSite","@id":"https:\/\/globalallianceregister.com\/tr\/#website","url":"https:\/\/globalallianceregister.com\/tr\/","name":"Global Alliance Register","description":"(EN) Together for Excellence","potentialAction":[{"@type":"SearchAction","target":{"@type":"EntryPoint","urlTemplate":"https:\/\/globalallianceregister.com\/tr\/?s={search_term_string}"},"query-input":{"@type":"PropertyValueSpecification","valueRequired":true,"valueName":"search_term_string"}}],"inLanguage":"tr"}]}},"_links":{"self":[{"href":"https:\/\/globalallianceregister.com\/tr\/wp-json\/wp\/v2\/pages\/2411","targetHints":{"allow":["GET"]}}],"collection":[{"href":"https:\/\/globalallianceregister.com\/tr\/wp-json\/wp\/v2\/pages"}],"about":[{"href":"https:\/\/globalallianceregister.com\/tr\/wp-json\/wp\/v2\/types\/page"}],"author":[{"embeddable":true,"href":"https:\/\/globalallianceregister.com\/tr\/wp-json\/wp\/v2\/users\/10"}],"replies":[{"embeddable":true,"href":"https:\/\/globalallianceregister.com\/tr\/wp-json\/wp\/v2\/comments?post=2411"}],"version-history":[{"count":0,"href":"https:\/\/globalallianceregister.com\/tr\/wp-json\/wp\/v2\/pages\/2411\/revisions"}],"up":[{"embeddable":true,"href":"https:\/\/globalallianceregister.com\/tr\/wp-json\/wp\/v2\/pages\/2158"}],"wp:featuredmedia":[{"embeddable":true,"href":"https:\/\/globalallianceregister.com\/tr\/wp-json\/wp\/v2\/media\/5171"}],"wp:attachment":[{"href":"https:\/\/globalallianceregister.com\/tr\/wp-json\/wp\/v2\/media?parent=2411"}],"curies":[{"name":"wp","href":"https:\/\/api.w.org\/{rel}","templated":true}]}}