{"id":2413,"date":"2015-01-02T17:32:27","date_gmt":"2015-01-02T17:32:27","guid":{"rendered":"https:\/\/globalallianceregister.com\/?page_id=2413"},"modified":"2015-12-17T12:33:12","modified_gmt":"2015-12-17T12:33:12","slug":"turkce-kg-24-pozitif-dusunce-ile-performans-artisi-1-gun","status":"publish","type":"page","link":"https:\/\/globalallianceregister.com\/tr\/services\/egitim\/individual-development\/turkce-kisisel-gelisim-egitim-programi\/turkce-kg-24-pozitif-dusunce-ile-performans-artisi-1-gun\/","title":{"rendered":"KG 24\u00a0 Pozitif D\u00fc\u015f\u00fcnce ile Performans Art\u0131\u015f\u0131 \u2013 1 g\u00fcn"},"content":{"rendered":"<p>\u00a0 <strong>Kat\u0131l\u0131mc\u0131 Profili<\/strong><\/p>\n<ul>\n<li>D\u00fc\u015f\u00fcnce\u00a0sisteminde pozitif y\u00f6nde de\u011fi\u015fiklik yaparak performanslar\u0131n\u0131 artt\u0131rmay\u0131 hedefleyen t\u00fcm profesyoneller bu e\u011fitime kat\u0131labilir.<\/li>\n<\/ul>\n<p>\u00a0 <strong>Hedeflenen Sonu\u00e7<\/strong><\/p>\n<ul>\n<li>Pozitif D\u00fc\u015f\u00fcnce ile Performans \u00a0E\u011fitimi pozitif d\u00fc\u015f\u00fcncenin i\u00e7selle\u015ftirilmesi, yeni bir al\u0131\u015fkanl\u0131\u011fa d\u00f6nmesi ve hayat\u0131n kontrol\u00fcn\u00fc ele almay\u0131 sa\u011flayan bir programd\u0131r.\u00a0 Bu program fark\u0131ndal\u0131k sa\u011flayarak i\u00e7inde bulundu\u011funuz ko\u015fullar\u0131n d\u00fc\u015f\u00fcnce sistemi ile nas\u0131l olu\u015fturuldu\u011funu ve bilin\u00e7li bir \u015fekilde kendini yenilemenin \u00e7\u00f6z\u00fcme giden yollar\u0131 konusunda bir yol haritas\u0131 sunar.<\/li>\n<li>Kurumlar i\u00e7erisindeki ba\u015far\u0131 oran\u0131n\u0131 da artt\u0131rmak i\u00e7in pozitif d\u00fc\u015f\u00fcnce sisteminin uygulamalar\u0131n\u0131n \u00f6\u011fretildi\u011fi bu e\u011fitimde kat\u0131l\u0131mc\u0131lar:<\/li>\n<li>Olumlu d\u00fc\u015f\u00fcnce al\u0131\u015fkanl\u0131\u011f\u0131n\u0131n getirilerinin fark\u0131na var\u0131lmas\u0131,<\/li>\n<li>Kurban psikolojisinden sorumluluk alma al\u0131\u015fkanl\u0131\u011f\u0131n\u0131n kazan\u0131m\u0131,<\/li>\n<li>Bahaneler yerine \u00e7\u00f6z\u00fcm odakl\u0131 bir bak\u0131\u015f a\u00e7\u0131s\u0131 edinilmesi,<\/li>\n<li>Kendini g\u00fc\u00e7l\u00fc hissetmesi,<\/li>\n<li>\u00d6z g\u00fcven kazan\u0131m\u0131 ve i\u015f ya\u015fam\u0131nda kendini ba\u015far\u0131ya ta\u015f\u0131yabilecek deste\u011fi kendine verebilmesi becerileri kazanmaktad\u0131rlar.<\/li>\n<li>\u0130\u00e7eri\u011fi interaktif uygulamalarla zenginle\u015ftirilmi\u015f bu e\u011fitimde video g\u00f6sterimleri yap\u0131larak bilgilerin i\u00e7selle\u015ftirilmesi sa\u011flanmaktad\u0131r. Ayr\u0131ca kat\u0131l\u0131mc\u0131lara daha sonras\u0131 i\u00e7inde uygulamalar\u0131 yapabilecekleri \u00f6zel bir set verilecektir.<\/li>\n<li><\/li>\n<\/ul>\n<p><strong>E\u011fitim \u0130\u00e7eri\u011fi<\/strong><\/p>\n<ul>\n<li>D\u00fc\u015f\u00fcncelerle yarat\u0131m s\u00fcreci<\/li>\n<li>Davran\u0131\u015f kal\u0131plar\u0131m\u0131z ve i\u015f ya\u015fam\u0131m\u0131za etkileri<\/li>\n<li>Hedef &#8211; vizyon belirleme<\/li>\n<li>Olumlu d\u00fc\u015f\u00fcnce yap\u0131s\u0131 nedir?<\/li>\n<li>Olumlu d\u00fc\u015f\u00fcnce yap\u0131s\u0131 kazan\u0131mlar\u0131<\/li>\n<li>Bilin\u00e7alt\u0131 nedir?<\/li>\n<li>Bilin\u00e7alt\u0131 programlama teknikleri<\/li>\n<li>Ba\u015far\u0131 ve pozitif d\u00fc\u015f\u00fcnme ba\u011f\u0131nt\u0131s\u0131<\/li>\n<li>Al\u0131\u015fkanl\u0131klar<\/li>\n<li>Yeni vizyon olu\u015fturma<\/li>\n<\/ul>\n<p>\u00a0 <strong>Sertifika<\/strong><\/p>\n<ul>\n<li>E\u011fitimi ba\u015far\u0131 ile tamamlayan t\u00fcm kat\u0131l\u0131mc\u0131lara GLOBAL ALLIANCE ACADEMY taraf\u0131ndan, &#8220;Pozitif D\u00fc\u015f\u00fcnce ile Performans Art\u0131\u015f\u0131 E\u011fitimi Sertifikas\u0131&#8221; verilecektir.<\/li>\n<\/ul>","protected":false},"excerpt":{"rendered":"<p>\u00a0 Kat\u0131l\u0131mc\u0131 Profili D\u00fc\u015f\u00fcnce\u00a0sisteminde pozitif y\u00f6nde de\u011fi\u015fiklik yaparak performanslar\u0131n\u0131 artt\u0131rmay\u0131 hedefleyen t\u00fcm profesyoneller bu e\u011fitime kat\u0131labilir. \u00a0 Hedeflenen Sonu\u00e7 Pozitif D\u00fc\u015f\u00fcnce ile Performans \u00a0E\u011fitimi pozitif d\u00fc\u015f\u00fcncenin i\u00e7selle\u015ftirilmesi, yeni bir al\u0131\u015fkanl\u0131\u011fa&#8230; <\/p>\n","protected":false},"author":10,"featured_media":5171,"parent":2158,"menu_order":24,"comment_status":"closed","ping_status":"closed","template":"page-full.php","meta":{"_acf_changed":false,"om_disable_all_campaigns":false,"footnotes":""},"class_list":["post-2413","page","type-page","status-publish","has-post-thumbnail","hentry"],"acf":[],"yoast_head":"<!-- This site is optimized with the Yoast SEO plugin v27.4 - https:\/\/yoast.com\/product\/yoast-seo-wordpress\/ -->\n<title>KG 24\u00a0 Pozitif D\u00fc\u015f\u00fcnce ile Performans Art\u0131\u015f\u0131 \u2013 1 g\u00fcn - Global Alliance Register<\/title>\n<meta name=\"robots\" content=\"index, follow, max-snippet:-1, max-image-preview:large, max-video-preview:-1\" \/>\n<link rel=\"canonical\" href=\"https:\/\/globalallianceregister.com\/tr\/services\/egitim\/individual-development\/turkce-kisisel-gelisim-egitim-programi\/turkce-kg-24-pozitif-dusunce-ile-performans-artisi-1-gun\/\" \/>\n<meta property=\"og:locale\" content=\"tr_TR\" \/>\n<meta property=\"og:type\" content=\"article\" \/>\n<meta property=\"og:title\" content=\"KG 24\u00a0 Pozitif D\u00fc\u015f\u00fcnce ile Performans Art\u0131\u015f\u0131 \u2013 1 g\u00fcn - Global Alliance Register\" \/>\n<meta property=\"og:description\" content=\"\u00a0 Kat\u0131l\u0131mc\u0131 Profili D\u00fc\u015f\u00fcnce\u00a0sisteminde pozitif y\u00f6nde de\u011fi\u015fiklik yaparak performanslar\u0131n\u0131 artt\u0131rmay\u0131 hedefleyen t\u00fcm profesyoneller bu e\u011fitime kat\u0131labilir. \u00a0 Hedeflenen Sonu\u00e7 Pozitif D\u00fc\u015f\u00fcnce ile Performans \u00a0E\u011fitimi pozitif d\u00fc\u015f\u00fcncenin i\u00e7selle\u015ftirilmesi, yeni bir al\u0131\u015fkanl\u0131\u011fa...\" \/>\n<meta property=\"og:url\" content=\"https:\/\/globalallianceregister.com\/tr\/services\/egitim\/individual-development\/turkce-kisisel-gelisim-egitim-programi\/turkce-kg-24-pozitif-dusunce-ile-performans-artisi-1-gun\/\" \/>\n<meta property=\"og:site_name\" content=\"Global Alliance Register\" \/>\n<meta property=\"article:modified_time\" content=\"2015-12-17T12:33:12+00:00\" \/>\n<meta property=\"og:image\" content=\"https:\/\/globalallianceregister.com\/wp-content\/uploads\/2015\/08\/Training-Inner-Page.jpg\" \/>\n\t<meta property=\"og:image:width\" content=\"614\" \/>\n\t<meta property=\"og:image:height\" content=\"200\" \/>\n\t<meta property=\"og:image:type\" content=\"image\/jpeg\" \/>\n<meta name=\"twitter:label1\" content=\"Tahmini okuma s\u00fcresi\" \/>\n\t<meta name=\"twitter:data1\" content=\"2 dakika\" \/>\n<script type=\"application\/ld+json\" class=\"yoast-schema-graph\">{\"@context\":\"https:\\\/\\\/schema.org\",\"@graph\":[{\"@type\":\"WebPage\",\"@id\":\"https:\\\/\\\/globalallianceregister.com\\\/tr\\\/services\\\/egitim\\\/individual-development\\\/turkce-kisisel-gelisim-egitim-programi\\\/turkce-kg-24-pozitif-dusunce-ile-performans-artisi-1-gun\\\/\",\"url\":\"https:\\\/\\\/globalallianceregister.com\\\/tr\\\/services\\\/egitim\\\/individual-development\\\/turkce-kisisel-gelisim-egitim-programi\\\/turkce-kg-24-pozitif-dusunce-ile-performans-artisi-1-gun\\\/\",\"name\":\"KG 24\u00a0 Pozitif D\u00fc\u015f\u00fcnce ile Performans Art\u0131\u015f\u0131 \u2013 1 g\u00fcn - Global Alliance Register\",\"isPartOf\":{\"@id\":\"https:\\\/\\\/globalallianceregister.com\\\/tr\\\/#website\"},\"primaryImageOfPage\":{\"@id\":\"https:\\\/\\\/globalallianceregister.com\\\/tr\\\/services\\\/egitim\\\/individual-development\\\/turkce-kisisel-gelisim-egitim-programi\\\/turkce-kg-24-pozitif-dusunce-ile-performans-artisi-1-gun\\\/#primaryimage\"},\"image\":{\"@id\":\"https:\\\/\\\/globalallianceregister.com\\\/tr\\\/services\\\/egitim\\\/individual-development\\\/turkce-kisisel-gelisim-egitim-programi\\\/turkce-kg-24-pozitif-dusunce-ile-performans-artisi-1-gun\\\/#primaryimage\"},\"thumbnailUrl\":\"https:\\\/\\\/globalallianceregister.com\\\/wp-content\\\/uploads\\\/2015\\\/08\\\/Training-Inner-Page.jpg\",\"datePublished\":\"2015-01-02T17:32:27+00:00\",\"dateModified\":\"2015-12-17T12:33:12+00:00\",\"breadcrumb\":{\"@id\":\"https:\\\/\\\/globalallianceregister.com\\\/tr\\\/services\\\/egitim\\\/individual-development\\\/turkce-kisisel-gelisim-egitim-programi\\\/turkce-kg-24-pozitif-dusunce-ile-performans-artisi-1-gun\\\/#breadcrumb\"},\"inLanguage\":\"tr\",\"potentialAction\":[{\"@type\":\"ReadAction\",\"target\":[[\"https:\\\/\\\/globalallianceregister.com\\\/tr\\\/services\\\/egitim\\\/individual-development\\\/turkce-kisisel-gelisim-egitim-programi\\\/turkce-kg-24-pozitif-dusunce-ile-performans-artisi-1-gun\\\/\"]]}]},{\"@type\":\"ImageObject\",\"inLanguage\":\"tr\",\"@id\":\"https:\\\/\\\/globalallianceregister.com\\\/tr\\\/services\\\/egitim\\\/individual-development\\\/turkce-kisisel-gelisim-egitim-programi\\\/turkce-kg-24-pozitif-dusunce-ile-performans-artisi-1-gun\\\/#primaryimage\",\"url\":\"https:\\\/\\\/globalallianceregister.com\\\/wp-content\\\/uploads\\\/2015\\\/08\\\/Training-Inner-Page.jpg\",\"contentUrl\":\"https:\\\/\\\/globalallianceregister.com\\\/wp-content\\\/uploads\\\/2015\\\/08\\\/Training-Inner-Page.jpg\",\"width\":614,\"height\":200},{\"@type\":\"BreadcrumbList\",\"@id\":\"https:\\\/\\\/globalallianceregister.com\\\/tr\\\/services\\\/egitim\\\/individual-development\\\/turkce-kisisel-gelisim-egitim-programi\\\/turkce-kg-24-pozitif-dusunce-ile-performans-artisi-1-gun\\\/#breadcrumb\",\"itemListElement\":[{\"@type\":\"ListItem\",\"position\":1,\"name\":\"Anasayfa\",\"item\":\"https:\\\/\\\/globalallianceregister.com\\\/tr\\\/\"},{\"@type\":\"ListItem\",\"position\":2,\"name\":\"KG 24\u00a0 Pozitif D\u00fc\u015f\u00fcnce ile Performans Art\u0131\u015f\u0131 \u2013 1 g\u00fcn\"}]},{\"@type\":\"WebSite\",\"@id\":\"https:\\\/\\\/globalallianceregister.com\\\/tr\\\/#website\",\"url\":\"https:\\\/\\\/globalallianceregister.com\\\/tr\\\/\",\"name\":\"Global Alliance Register\",\"description\":\"(EN) Together for Excellence\",\"potentialAction\":[{\"@type\":\"SearchAction\",\"target\":{\"@type\":\"EntryPoint\",\"urlTemplate\":\"https:\\\/\\\/globalallianceregister.com\\\/tr\\\/?s={search_term_string}\"},\"query-input\":{\"@type\":\"PropertyValueSpecification\",\"valueRequired\":true,\"valueName\":\"search_term_string\"}}],\"inLanguage\":\"tr\"}]}<\/script>\n<!-- \/ Yoast SEO plugin. -->","yoast_head_json":{"title":"KG 24\u00a0 Pozitif D\u00fc\u015f\u00fcnce ile Performans Art\u0131\u015f\u0131 \u2013 1 g\u00fcn - Global Alliance Register","robots":{"index":"index","follow":"follow","max-snippet":"max-snippet:-1","max-image-preview":"max-image-preview:large","max-video-preview":"max-video-preview:-1"},"canonical":"https:\/\/globalallianceregister.com\/tr\/services\/egitim\/individual-development\/turkce-kisisel-gelisim-egitim-programi\/turkce-kg-24-pozitif-dusunce-ile-performans-artisi-1-gun\/","og_locale":"tr_TR","og_type":"article","og_title":"KG 24\u00a0 Pozitif D\u00fc\u015f\u00fcnce ile Performans Art\u0131\u015f\u0131 \u2013 1 g\u00fcn - Global Alliance Register","og_description":"\u00a0 Kat\u0131l\u0131mc\u0131 Profili D\u00fc\u015f\u00fcnce\u00a0sisteminde pozitif y\u00f6nde de\u011fi\u015fiklik yaparak performanslar\u0131n\u0131 artt\u0131rmay\u0131 hedefleyen t\u00fcm profesyoneller bu e\u011fitime kat\u0131labilir. \u00a0 Hedeflenen Sonu\u00e7 Pozitif D\u00fc\u015f\u00fcnce ile Performans \u00a0E\u011fitimi pozitif d\u00fc\u015f\u00fcncenin i\u00e7selle\u015ftirilmesi, yeni bir al\u0131\u015fkanl\u0131\u011fa...","og_url":"https:\/\/globalallianceregister.com\/tr\/services\/egitim\/individual-development\/turkce-kisisel-gelisim-egitim-programi\/turkce-kg-24-pozitif-dusunce-ile-performans-artisi-1-gun\/","og_site_name":"Global Alliance Register","article_modified_time":"2015-12-17T12:33:12+00:00","og_image":[{"width":614,"height":200,"url":"https:\/\/globalallianceregister.com\/wp-content\/uploads\/2015\/08\/Training-Inner-Page.jpg","type":"image\/jpeg"}],"twitter_misc":{"Tahmini okuma s\u00fcresi":"2 dakika"},"schema":{"@context":"https:\/\/schema.org","@graph":[{"@type":"WebPage","@id":"https:\/\/globalallianceregister.com\/tr\/services\/egitim\/individual-development\/turkce-kisisel-gelisim-egitim-programi\/turkce-kg-24-pozitif-dusunce-ile-performans-artisi-1-gun\/","url":"https:\/\/globalallianceregister.com\/tr\/services\/egitim\/individual-development\/turkce-kisisel-gelisim-egitim-programi\/turkce-kg-24-pozitif-dusunce-ile-performans-artisi-1-gun\/","name":"KG 24\u00a0 Pozitif D\u00fc\u015f\u00fcnce ile Performans Art\u0131\u015f\u0131 \u2013 1 g\u00fcn - Global Alliance Register","isPartOf":{"@id":"https:\/\/globalallianceregister.com\/tr\/#website"},"primaryImageOfPage":{"@id":"https:\/\/globalallianceregister.com\/tr\/services\/egitim\/individual-development\/turkce-kisisel-gelisim-egitim-programi\/turkce-kg-24-pozitif-dusunce-ile-performans-artisi-1-gun\/#primaryimage"},"image":{"@id":"https:\/\/globalallianceregister.com\/tr\/services\/egitim\/individual-development\/turkce-kisisel-gelisim-egitim-programi\/turkce-kg-24-pozitif-dusunce-ile-performans-artisi-1-gun\/#primaryimage"},"thumbnailUrl":"https:\/\/globalallianceregister.com\/wp-content\/uploads\/2015\/08\/Training-Inner-Page.jpg","datePublished":"2015-01-02T17:32:27+00:00","dateModified":"2015-12-17T12:33:12+00:00","breadcrumb":{"@id":"https:\/\/globalallianceregister.com\/tr\/services\/egitim\/individual-development\/turkce-kisisel-gelisim-egitim-programi\/turkce-kg-24-pozitif-dusunce-ile-performans-artisi-1-gun\/#breadcrumb"},"inLanguage":"tr","potentialAction":[{"@type":"ReadAction","target":[["https:\/\/globalallianceregister.com\/tr\/services\/egitim\/individual-development\/turkce-kisisel-gelisim-egitim-programi\/turkce-kg-24-pozitif-dusunce-ile-performans-artisi-1-gun\/"]]}]},{"@type":"ImageObject","inLanguage":"tr","@id":"https:\/\/globalallianceregister.com\/tr\/services\/egitim\/individual-development\/turkce-kisisel-gelisim-egitim-programi\/turkce-kg-24-pozitif-dusunce-ile-performans-artisi-1-gun\/#primaryimage","url":"https:\/\/globalallianceregister.com\/wp-content\/uploads\/2015\/08\/Training-Inner-Page.jpg","contentUrl":"https:\/\/globalallianceregister.com\/wp-content\/uploads\/2015\/08\/Training-Inner-Page.jpg","width":614,"height":200},{"@type":"BreadcrumbList","@id":"https:\/\/globalallianceregister.com\/tr\/services\/egitim\/individual-development\/turkce-kisisel-gelisim-egitim-programi\/turkce-kg-24-pozitif-dusunce-ile-performans-artisi-1-gun\/#breadcrumb","itemListElement":[{"@type":"ListItem","position":1,"name":"Anasayfa","item":"https:\/\/globalallianceregister.com\/tr\/"},{"@type":"ListItem","position":2,"name":"KG 24\u00a0 Pozitif D\u00fc\u015f\u00fcnce ile Performans Art\u0131\u015f\u0131 \u2013 1 g\u00fcn"}]},{"@type":"WebSite","@id":"https:\/\/globalallianceregister.com\/tr\/#website","url":"https:\/\/globalallianceregister.com\/tr\/","name":"Global Alliance Register","description":"(EN) Together for Excellence","potentialAction":[{"@type":"SearchAction","target":{"@type":"EntryPoint","urlTemplate":"https:\/\/globalallianceregister.com\/tr\/?s={search_term_string}"},"query-input":{"@type":"PropertyValueSpecification","valueRequired":true,"valueName":"search_term_string"}}],"inLanguage":"tr"}]}},"_links":{"self":[{"href":"https:\/\/globalallianceregister.com\/tr\/wp-json\/wp\/v2\/pages\/2413","targetHints":{"allow":["GET"]}}],"collection":[{"href":"https:\/\/globalallianceregister.com\/tr\/wp-json\/wp\/v2\/pages"}],"about":[{"href":"https:\/\/globalallianceregister.com\/tr\/wp-json\/wp\/v2\/types\/page"}],"author":[{"embeddable":true,"href":"https:\/\/globalallianceregister.com\/tr\/wp-json\/wp\/v2\/users\/10"}],"replies":[{"embeddable":true,"href":"https:\/\/globalallianceregister.com\/tr\/wp-json\/wp\/v2\/comments?post=2413"}],"version-history":[{"count":0,"href":"https:\/\/globalallianceregister.com\/tr\/wp-json\/wp\/v2\/pages\/2413\/revisions"}],"up":[{"embeddable":true,"href":"https:\/\/globalallianceregister.com\/tr\/wp-json\/wp\/v2\/pages\/2158"}],"wp:featuredmedia":[{"embeddable":true,"href":"https:\/\/globalallianceregister.com\/tr\/wp-json\/wp\/v2\/media\/5171"}],"wp:attachment":[{"href":"https:\/\/globalallianceregister.com\/tr\/wp-json\/wp\/v2\/media?parent=2413"}],"curies":[{"name":"wp","href":"https:\/\/api.w.org\/{rel}","templated":true}]}}