{"id":2416,"date":"2015-01-02T18:08:48","date_gmt":"2015-01-02T18:08:48","guid":{"rendered":"https:\/\/globalallianceregister.com\/?page_id=2416"},"modified":"2015-12-16T10:04:23","modified_gmt":"2015-12-16T10:04:23","slug":"turkce-st-01-beden-dili-ve-kisisel-imaj-ile-satis-1-gun","status":"publish","type":"page","link":"https:\/\/globalallianceregister.com\/tr\/services\/egitim\/turkce-satis-yonetimi-egitim-programi\/turkce-st-01-beden-dili-ve-kisisel-imaj-ile-satis-1-gun\/","title":{"rendered":"ST 01 Beden Dili ve Ki\u015fisel \u0130maj ile Sat\u0131\u015f \u2013 1 g\u00fcn"},"content":{"rendered":"<p>\u00a0 <strong>Kat\u0131l\u0131mc\u0131 Profili<\/strong><\/p>\n<ul>\n<li>Y\u00f6neticiler, sat\u0131\u015f ekibinde g\u00f6rev alanlar ve ekip liderleri ile bu alanda kendisini geli\u015ftirmek isteyen herkes kat\u0131labilir<\/li>\n<\/ul>\n<p>\u00a0 <strong>Hedeflenen Sonu\u00e7<\/strong><\/p>\n<ul>\n<li>Bu e\u011fitim, odakland\u0131\u011f\u0131m\u0131z hedef i\u00e7in gerekli etkiyi sa\u011flayarak kendi istedi\u011fimiz mesaj\u0131 do\u011fru bir \u015fekilde aktarmak ve\u00a0etkili bir duru\u015f sa\u011flama konusundaki yetkinliklerimizi zenginle\u015ftirme amac\u0131yla haz\u0131rlanm\u0131\u015ft\u0131r.<\/li>\n<li>\u0130nteraktif bir i\u00e7erikle zenginle\u015ftirilmi\u015f bu e\u011fitim sonunda kat\u0131l\u0131mc\u0131lar, sat\u0131\u015f s\u00fcrecinde m\u00fc\u015fterileri daha iyi anlayabilmek i\u00e7in kar\u015f\u0131daki bireyin beden dilinin nas\u0131l yorumlanaca\u011f\u0131 ve kendi beden dillerini bilin\u00e7li olarak nas\u0131l kullanabilecekleri\u00a0konusunda tecr\u00fcbe kazanacakt\u0131r.<\/li>\n<\/ul>\n<p>\u00a0 <strong>E\u011fitim \u0130\u00e7eri\u011fi<\/strong><\/p>\n<ul>\n<li>Beden dili ve ki\u015fisel imaj\u0131n \u00f6nemi<\/li>\n<li>\u0130leti\u015fim, imaj, beden dili \u00a0\u00fc\u00e7lemesi<\/li>\n<li>Beden dilinin etkin kullan\u0131m\u0131<\/li>\n<li>Etki b\u0131rakma<\/li>\n<li>S\u00f6zs\u00fcz ileti\u015fim<\/li>\n<li>\u0130\u015f g\u00f6r\u00fc\u015fmesinde beden dili<\/li>\n<li>\u0130lk izlenim ve ki\u015fisel imaj<\/li>\n<li>Kendinizin imaj dan\u0131\u015fman\u0131 olmak<\/li>\n<li>\u0130\u015f hayat\u0131nda giyim tarz\u0131<\/li>\n<li>Renklerin dili<\/li>\n<li>Sat\u0131\u015fta etkin beden dili<\/li>\n<\/ul>\n<p>\u00a0 <strong>Sertifika<\/strong><\/p>\n<ul>\n<li>E\u011fitimi ba\u015far\u0131 ile tamamlayan t\u00fcm kat\u0131l\u0131mc\u0131lara GLOBAL ALLIANCE ACADEMY taraf\u0131ndan, &#8220;Beden Dili ve Ki\u015fisel \u0130maj ile Sat\u0131\u015f E\u011fitimi Sertifikas\u0131&#8221; verilecektir.<\/li>\n<\/ul>","protected":false},"excerpt":{"rendered":"<p>\u00a0 Kat\u0131l\u0131mc\u0131 Profili Y\u00f6neticiler, sat\u0131\u015f ekibinde g\u00f6rev alanlar ve ekip liderleri ile bu alanda kendisini geli\u015ftirmek isteyen herkes kat\u0131labilir \u00a0 Hedeflenen Sonu\u00e7 Bu e\u011fitim, odakland\u0131\u011f\u0131m\u0131z hedef i\u00e7in gerekli etkiyi sa\u011flayarak&#8230; <\/p>\n","protected":false},"author":10,"featured_media":5171,"parent":2160,"menu_order":1,"comment_status":"closed","ping_status":"closed","template":"page-full.php","meta":{"_acf_changed":false,"om_disable_all_campaigns":false,"footnotes":""},"class_list":["post-2416","page","type-page","status-publish","has-post-thumbnail","hentry"],"acf":[],"yoast_head":"<!-- This site is optimized with the Yoast SEO plugin v27.4 - https:\/\/yoast.com\/product\/yoast-seo-wordpress\/ -->\n<title>ST 01 Beden Dili ve Ki\u015fisel \u0130maj ile Sat\u0131\u015f \u2013 1 g\u00fcn - Global Alliance Register<\/title>\n<meta name=\"robots\" content=\"index, follow, max-snippet:-1, max-image-preview:large, max-video-preview:-1\" \/>\n<link rel=\"canonical\" href=\"https:\/\/globalallianceregister.com\/tr\/services\/egitim\/turkce-satis-yonetimi-egitim-programi\/turkce-st-01-beden-dili-ve-kisisel-imaj-ile-satis-1-gun\/\" \/>\n<meta property=\"og:locale\" content=\"tr_TR\" \/>\n<meta property=\"og:type\" content=\"article\" \/>\n<meta property=\"og:title\" content=\"ST 01 Beden Dili ve Ki\u015fisel \u0130maj ile Sat\u0131\u015f \u2013 1 g\u00fcn - Global Alliance Register\" \/>\n<meta property=\"og:description\" content=\"\u00a0 Kat\u0131l\u0131mc\u0131 Profili Y\u00f6neticiler, sat\u0131\u015f ekibinde g\u00f6rev alanlar ve ekip liderleri ile bu alanda kendisini geli\u015ftirmek isteyen herkes kat\u0131labilir \u00a0 Hedeflenen Sonu\u00e7 Bu e\u011fitim, odakland\u0131\u011f\u0131m\u0131z hedef i\u00e7in gerekli etkiyi sa\u011flayarak...\" \/>\n<meta property=\"og:url\" content=\"https:\/\/globalallianceregister.com\/tr\/services\/egitim\/turkce-satis-yonetimi-egitim-programi\/turkce-st-01-beden-dili-ve-kisisel-imaj-ile-satis-1-gun\/\" \/>\n<meta property=\"og:site_name\" content=\"Global Alliance Register\" \/>\n<meta property=\"article:modified_time\" content=\"2015-12-16T10:04:23+00:00\" \/>\n<meta property=\"og:image\" content=\"https:\/\/globalallianceregister.com\/wp-content\/uploads\/2015\/08\/Training-Inner-Page.jpg\" \/>\n\t<meta property=\"og:image:width\" content=\"614\" \/>\n\t<meta property=\"og:image:height\" content=\"200\" \/>\n\t<meta property=\"og:image:type\" content=\"image\/jpeg\" \/>\n<meta name=\"twitter:label1\" content=\"Tahmini okuma s\u00fcresi\" \/>\n\t<meta name=\"twitter:data1\" content=\"1 dakika\" \/>\n<script type=\"application\/ld+json\" class=\"yoast-schema-graph\">{\"@context\":\"https:\\\/\\\/schema.org\",\"@graph\":[{\"@type\":\"WebPage\",\"@id\":\"https:\\\/\\\/globalallianceregister.com\\\/tr\\\/services\\\/egitim\\\/turkce-satis-yonetimi-egitim-programi\\\/turkce-st-01-beden-dili-ve-kisisel-imaj-ile-satis-1-gun\\\/\",\"url\":\"https:\\\/\\\/globalallianceregister.com\\\/tr\\\/services\\\/egitim\\\/turkce-satis-yonetimi-egitim-programi\\\/turkce-st-01-beden-dili-ve-kisisel-imaj-ile-satis-1-gun\\\/\",\"name\":\"ST 01 Beden Dili ve Ki\u015fisel \u0130maj ile Sat\u0131\u015f \u2013 1 g\u00fcn - Global Alliance Register\",\"isPartOf\":{\"@id\":\"https:\\\/\\\/globalallianceregister.com\\\/tr\\\/#website\"},\"primaryImageOfPage\":{\"@id\":\"https:\\\/\\\/globalallianceregister.com\\\/tr\\\/services\\\/egitim\\\/turkce-satis-yonetimi-egitim-programi\\\/turkce-st-01-beden-dili-ve-kisisel-imaj-ile-satis-1-gun\\\/#primaryimage\"},\"image\":{\"@id\":\"https:\\\/\\\/globalallianceregister.com\\\/tr\\\/services\\\/egitim\\\/turkce-satis-yonetimi-egitim-programi\\\/turkce-st-01-beden-dili-ve-kisisel-imaj-ile-satis-1-gun\\\/#primaryimage\"},\"thumbnailUrl\":\"https:\\\/\\\/globalallianceregister.com\\\/wp-content\\\/uploads\\\/2015\\\/08\\\/Training-Inner-Page.jpg\",\"datePublished\":\"2015-01-02T18:08:48+00:00\",\"dateModified\":\"2015-12-16T10:04:23+00:00\",\"breadcrumb\":{\"@id\":\"https:\\\/\\\/globalallianceregister.com\\\/tr\\\/services\\\/egitim\\\/turkce-satis-yonetimi-egitim-programi\\\/turkce-st-01-beden-dili-ve-kisisel-imaj-ile-satis-1-gun\\\/#breadcrumb\"},\"inLanguage\":\"tr\",\"potentialAction\":[{\"@type\":\"ReadAction\",\"target\":[[\"https:\\\/\\\/globalallianceregister.com\\\/tr\\\/services\\\/egitim\\\/turkce-satis-yonetimi-egitim-programi\\\/turkce-st-01-beden-dili-ve-kisisel-imaj-ile-satis-1-gun\\\/\"]]}]},{\"@type\":\"ImageObject\",\"inLanguage\":\"tr\",\"@id\":\"https:\\\/\\\/globalallianceregister.com\\\/tr\\\/services\\\/egitim\\\/turkce-satis-yonetimi-egitim-programi\\\/turkce-st-01-beden-dili-ve-kisisel-imaj-ile-satis-1-gun\\\/#primaryimage\",\"url\":\"https:\\\/\\\/globalallianceregister.com\\\/wp-content\\\/uploads\\\/2015\\\/08\\\/Training-Inner-Page.jpg\",\"contentUrl\":\"https:\\\/\\\/globalallianceregister.com\\\/wp-content\\\/uploads\\\/2015\\\/08\\\/Training-Inner-Page.jpg\",\"width\":614,\"height\":200},{\"@type\":\"BreadcrumbList\",\"@id\":\"https:\\\/\\\/globalallianceregister.com\\\/tr\\\/services\\\/egitim\\\/turkce-satis-yonetimi-egitim-programi\\\/turkce-st-01-beden-dili-ve-kisisel-imaj-ile-satis-1-gun\\\/#breadcrumb\",\"itemListElement\":[{\"@type\":\"ListItem\",\"position\":1,\"name\":\"Anasayfa\",\"item\":\"https:\\\/\\\/globalallianceregister.com\\\/tr\\\/\"},{\"@type\":\"ListItem\",\"position\":2,\"name\":\"ST 01 Beden Dili ve Ki\u015fisel \u0130maj ile Sat\u0131\u015f \u2013 1 g\u00fcn\"}]},{\"@type\":\"WebSite\",\"@id\":\"https:\\\/\\\/globalallianceregister.com\\\/tr\\\/#website\",\"url\":\"https:\\\/\\\/globalallianceregister.com\\\/tr\\\/\",\"name\":\"Global Alliance Register\",\"description\":\"(EN) Together for Excellence\",\"potentialAction\":[{\"@type\":\"SearchAction\",\"target\":{\"@type\":\"EntryPoint\",\"urlTemplate\":\"https:\\\/\\\/globalallianceregister.com\\\/tr\\\/?s={search_term_string}\"},\"query-input\":{\"@type\":\"PropertyValueSpecification\",\"valueRequired\":true,\"valueName\":\"search_term_string\"}}],\"inLanguage\":\"tr\"}]}<\/script>\n<!-- \/ Yoast SEO plugin. -->","yoast_head_json":{"title":"ST 01 Beden Dili ve Ki\u015fisel \u0130maj ile Sat\u0131\u015f \u2013 1 g\u00fcn - Global Alliance Register","robots":{"index":"index","follow":"follow","max-snippet":"max-snippet:-1","max-image-preview":"max-image-preview:large","max-video-preview":"max-video-preview:-1"},"canonical":"https:\/\/globalallianceregister.com\/tr\/services\/egitim\/turkce-satis-yonetimi-egitim-programi\/turkce-st-01-beden-dili-ve-kisisel-imaj-ile-satis-1-gun\/","og_locale":"tr_TR","og_type":"article","og_title":"ST 01 Beden Dili ve Ki\u015fisel \u0130maj ile Sat\u0131\u015f \u2013 1 g\u00fcn - Global Alliance Register","og_description":"\u00a0 Kat\u0131l\u0131mc\u0131 Profili Y\u00f6neticiler, sat\u0131\u015f ekibinde g\u00f6rev alanlar ve ekip liderleri ile bu alanda kendisini geli\u015ftirmek isteyen herkes kat\u0131labilir \u00a0 Hedeflenen Sonu\u00e7 Bu e\u011fitim, odakland\u0131\u011f\u0131m\u0131z hedef i\u00e7in gerekli etkiyi sa\u011flayarak...","og_url":"https:\/\/globalallianceregister.com\/tr\/services\/egitim\/turkce-satis-yonetimi-egitim-programi\/turkce-st-01-beden-dili-ve-kisisel-imaj-ile-satis-1-gun\/","og_site_name":"Global Alliance Register","article_modified_time":"2015-12-16T10:04:23+00:00","og_image":[{"width":614,"height":200,"url":"https:\/\/globalallianceregister.com\/wp-content\/uploads\/2015\/08\/Training-Inner-Page.jpg","type":"image\/jpeg"}],"twitter_misc":{"Tahmini okuma s\u00fcresi":"1 dakika"},"schema":{"@context":"https:\/\/schema.org","@graph":[{"@type":"WebPage","@id":"https:\/\/globalallianceregister.com\/tr\/services\/egitim\/turkce-satis-yonetimi-egitim-programi\/turkce-st-01-beden-dili-ve-kisisel-imaj-ile-satis-1-gun\/","url":"https:\/\/globalallianceregister.com\/tr\/services\/egitim\/turkce-satis-yonetimi-egitim-programi\/turkce-st-01-beden-dili-ve-kisisel-imaj-ile-satis-1-gun\/","name":"ST 01 Beden Dili ve Ki\u015fisel \u0130maj ile Sat\u0131\u015f \u2013 1 g\u00fcn - Global Alliance Register","isPartOf":{"@id":"https:\/\/globalallianceregister.com\/tr\/#website"},"primaryImageOfPage":{"@id":"https:\/\/globalallianceregister.com\/tr\/services\/egitim\/turkce-satis-yonetimi-egitim-programi\/turkce-st-01-beden-dili-ve-kisisel-imaj-ile-satis-1-gun\/#primaryimage"},"image":{"@id":"https:\/\/globalallianceregister.com\/tr\/services\/egitim\/turkce-satis-yonetimi-egitim-programi\/turkce-st-01-beden-dili-ve-kisisel-imaj-ile-satis-1-gun\/#primaryimage"},"thumbnailUrl":"https:\/\/globalallianceregister.com\/wp-content\/uploads\/2015\/08\/Training-Inner-Page.jpg","datePublished":"2015-01-02T18:08:48+00:00","dateModified":"2015-12-16T10:04:23+00:00","breadcrumb":{"@id":"https:\/\/globalallianceregister.com\/tr\/services\/egitim\/turkce-satis-yonetimi-egitim-programi\/turkce-st-01-beden-dili-ve-kisisel-imaj-ile-satis-1-gun\/#breadcrumb"},"inLanguage":"tr","potentialAction":[{"@type":"ReadAction","target":[["https:\/\/globalallianceregister.com\/tr\/services\/egitim\/turkce-satis-yonetimi-egitim-programi\/turkce-st-01-beden-dili-ve-kisisel-imaj-ile-satis-1-gun\/"]]}]},{"@type":"ImageObject","inLanguage":"tr","@id":"https:\/\/globalallianceregister.com\/tr\/services\/egitim\/turkce-satis-yonetimi-egitim-programi\/turkce-st-01-beden-dili-ve-kisisel-imaj-ile-satis-1-gun\/#primaryimage","url":"https:\/\/globalallianceregister.com\/wp-content\/uploads\/2015\/08\/Training-Inner-Page.jpg","contentUrl":"https:\/\/globalallianceregister.com\/wp-content\/uploads\/2015\/08\/Training-Inner-Page.jpg","width":614,"height":200},{"@type":"BreadcrumbList","@id":"https:\/\/globalallianceregister.com\/tr\/services\/egitim\/turkce-satis-yonetimi-egitim-programi\/turkce-st-01-beden-dili-ve-kisisel-imaj-ile-satis-1-gun\/#breadcrumb","itemListElement":[{"@type":"ListItem","position":1,"name":"Anasayfa","item":"https:\/\/globalallianceregister.com\/tr\/"},{"@type":"ListItem","position":2,"name":"ST 01 Beden Dili ve Ki\u015fisel \u0130maj ile Sat\u0131\u015f \u2013 1 g\u00fcn"}]},{"@type":"WebSite","@id":"https:\/\/globalallianceregister.com\/tr\/#website","url":"https:\/\/globalallianceregister.com\/tr\/","name":"Global Alliance Register","description":"(EN) Together for Excellence","potentialAction":[{"@type":"SearchAction","target":{"@type":"EntryPoint","urlTemplate":"https:\/\/globalallianceregister.com\/tr\/?s={search_term_string}"},"query-input":{"@type":"PropertyValueSpecification","valueRequired":true,"valueName":"search_term_string"}}],"inLanguage":"tr"}]}},"_links":{"self":[{"href":"https:\/\/globalallianceregister.com\/tr\/wp-json\/wp\/v2\/pages\/2416","targetHints":{"allow":["GET"]}}],"collection":[{"href":"https:\/\/globalallianceregister.com\/tr\/wp-json\/wp\/v2\/pages"}],"about":[{"href":"https:\/\/globalallianceregister.com\/tr\/wp-json\/wp\/v2\/types\/page"}],"author":[{"embeddable":true,"href":"https:\/\/globalallianceregister.com\/tr\/wp-json\/wp\/v2\/users\/10"}],"replies":[{"embeddable":true,"href":"https:\/\/globalallianceregister.com\/tr\/wp-json\/wp\/v2\/comments?post=2416"}],"version-history":[{"count":0,"href":"https:\/\/globalallianceregister.com\/tr\/wp-json\/wp\/v2\/pages\/2416\/revisions"}],"up":[{"embeddable":true,"href":"https:\/\/globalallianceregister.com\/tr\/wp-json\/wp\/v2\/pages\/2160"}],"wp:featuredmedia":[{"embeddable":true,"href":"https:\/\/globalallianceregister.com\/tr\/wp-json\/wp\/v2\/media\/5171"}],"wp:attachment":[{"href":"https:\/\/globalallianceregister.com\/tr\/wp-json\/wp\/v2\/media?parent=2416"}],"curies":[{"name":"wp","href":"https:\/\/api.w.org\/{rel}","templated":true}]}}