{"id":2426,"date":"2015-01-02T18:17:08","date_gmt":"2015-01-02T18:17:08","guid":{"rendered":"https:\/\/globalallianceregister.com\/?page_id=2426"},"modified":"2015-12-16T10:07:26","modified_gmt":"2015-12-16T10:07:26","slug":"turkce-st-06-ileri-duzey-zihin-teknikleriyle-satis-1-gun","status":"publish","type":"page","link":"https:\/\/globalallianceregister.com\/tr\/services\/egitim\/turkce-satis-yonetimi-egitim-programi\/turkce-st-06-ileri-duzey-zihin-teknikleriyle-satis-1-gun\/","title":{"rendered":"ST 06 \u00a0\u0130leri D\u00fczey Zihin Teknikleriyle Sat\u0131\u015f \u2013 1 g\u00fcn  \u00a0"},"content":{"rendered":"<p>\u00a0 <strong>Kat\u0131l\u0131mc\u0131 Profili<\/strong><\/p>\n<ul>\n<li>Sat\u0131\u015f ve pazarlama ekibinde g\u00f6rev alanlar ile kendini bu konuda geli\u015ftirmek isteyen herkes bu e\u011fitime kat\u0131labilir.<\/li>\n<\/ul>\n<p>\u00a0 <strong>Hedeflenen Sonu\u00e7<\/strong><\/p>\n<ul>\n<li>\u201c\u0130leri D\u00fczey Zihin Teknikleri ile Sat\u0131\u015f E\u011fitimi&#8221; sat\u0131\u015f a\u015famas\u0131nda beyne hitap eden sat\u0131\u015f y\u00f6ntemini kullanabilme becerisi ve ikna oran\u0131n\u0131 artt\u0131rma stratejileri verilmesi ama\u00e7lanm\u0131\u015ft\u0131r.<\/li>\n<li>Hedeflenen beceriler aras\u0131nda, sat\u0131\u015fta fark yaratabilme; sat\u0131\u015fta kontrol\u00fc ele alabilme; sat\u0131\u015f\u0131 do\u011fru y\u00f6nlendirebilme ve y\u00f6netme; insan ili\u015fkilerinde etkinlik ve ba\u015far\u0131 becerileri yer almaktad\u0131r.<\/li>\n<li>Bu e\u011fitimle sat\u0131\u015f s\u00fcrecinde farkl\u0131 y\u00f6ntemlerden faydalanarak sat\u0131\u015f kapamay\u0131 etkileyecek ve i\u015finizi kolayla\u015ft\u0131racak y\u00f6ntemler sunulmaktad\u0131r.<\/li>\n<li>Programda verilecek tekniklerle m\u00fc\u015fteri profilini do\u011fru analiz y\u00f6ntemiyle etkili bir \u015fekilde anlayarak zaman kazanabilirsiniz.<\/li>\n<li>E\u011fitim s\u0131ras\u0131nda kullan\u0131lan Uygulamalar kat\u0131l\u0131mc\u0131lar ile interaktif \u015fekilde \u00a0yap\u0131lacakt\u0131r ve e\u011fitim i\u00e7in \u00f6zel haz\u0131rlanm\u0131\u015f DVD sunumu ile ger\u00e7ekle\u015ftirilecektir.<\/li>\n<\/ul>\n<p>\u00a0 <strong>E\u011fitim \u0130\u00e7eri\u011fi<\/strong><\/p>\n<ul>\n<li>Beyin yap\u0131s\u0131<\/li>\n<li>Zihin tepkilerinin analizi<\/li>\n<li>Zihni etkileyen uyar\u0131c\u0131lar\u0131 kullanma<\/li>\n<li>Zihni etkileme y\u00f6ntemleri k\u0131lavuzu<\/li>\n<li>Zihne iletilen mesajlar\u0131n olu\u015fturulmas\u0131 ve etkileri<\/li>\n<li>Zihni etkileyen mesajlar\u0131n etkinli\u011finin artt\u0131r\u0131lmas\u0131<\/li>\n<\/ul>\n<p><strong>\u00a0<\/strong> <strong>Sertifika<\/strong><\/p>\n<ul>\n<li>E\u011fitimi ba\u015far\u0131 ile tamamlayan t\u00fcm kat\u0131l\u0131mc\u0131lara GLOBAL ALLIANCE ACADEMY taraf\u0131ndan, &#8220;\u0130leri D\u00fczey Zihin Teknikleriyle Sat\u0131\u015f E\u011fitimi Sertifikas\u0131&#8221; verilecektir.<\/li>\n<\/ul>","protected":false},"excerpt":{"rendered":"<p>\u00a0 Kat\u0131l\u0131mc\u0131 Profili Sat\u0131\u015f ve pazarlama ekibinde g\u00f6rev alanlar ile kendini bu konuda geli\u015ftirmek isteyen herkes bu e\u011fitime kat\u0131labilir. \u00a0 Hedeflenen Sonu\u00e7 \u201c\u0130leri D\u00fczey Zihin Teknikleri ile Sat\u0131\u015f E\u011fitimi&#8221; sat\u0131\u015f&#8230; <\/p>\n","protected":false},"author":10,"featured_media":5171,"parent":2160,"menu_order":6,"comment_status":"closed","ping_status":"closed","template":"page-full.php","meta":{"_acf_changed":false,"om_disable_all_campaigns":false,"footnotes":""},"class_list":["post-2426","page","type-page","status-publish","has-post-thumbnail","hentry"],"acf":[],"yoast_head":"<!-- This site is optimized with the Yoast SEO plugin v27.4 - https:\/\/yoast.com\/product\/yoast-seo-wordpress\/ -->\n<title>ST 06 \u00a0\u0130leri D\u00fczey Zihin Teknikleriyle Sat\u0131\u015f \u2013 1 g\u00fcn \u00a0 - Global Alliance Register<\/title>\n<meta name=\"robots\" content=\"index, follow, max-snippet:-1, max-image-preview:large, max-video-preview:-1\" \/>\n<link rel=\"canonical\" href=\"https:\/\/globalallianceregister.com\/tr\/services\/egitim\/turkce-satis-yonetimi-egitim-programi\/turkce-st-06-ileri-duzey-zihin-teknikleriyle-satis-1-gun\/\" \/>\n<meta property=\"og:locale\" content=\"tr_TR\" \/>\n<meta property=\"og:type\" content=\"article\" \/>\n<meta property=\"og:title\" content=\"ST 06 \u00a0\u0130leri D\u00fczey Zihin Teknikleriyle Sat\u0131\u015f \u2013 1 g\u00fcn \u00a0 - Global Alliance Register\" \/>\n<meta property=\"og:description\" content=\"\u00a0 Kat\u0131l\u0131mc\u0131 Profili Sat\u0131\u015f ve pazarlama ekibinde g\u00f6rev alanlar ile kendini bu konuda geli\u015ftirmek isteyen herkes bu e\u011fitime kat\u0131labilir. \u00a0 Hedeflenen Sonu\u00e7 \u201c\u0130leri D\u00fczey Zihin Teknikleri ile Sat\u0131\u015f E\u011fitimi&#8221; sat\u0131\u015f...\" \/>\n<meta property=\"og:url\" content=\"https:\/\/globalallianceregister.com\/tr\/services\/egitim\/turkce-satis-yonetimi-egitim-programi\/turkce-st-06-ileri-duzey-zihin-teknikleriyle-satis-1-gun\/\" \/>\n<meta property=\"og:site_name\" content=\"Global Alliance Register\" \/>\n<meta property=\"article:modified_time\" content=\"2015-12-16T10:07:26+00:00\" \/>\n<meta property=\"og:image\" content=\"https:\/\/globalallianceregister.com\/wp-content\/uploads\/2015\/08\/Training-Inner-Page.jpg\" \/>\n\t<meta property=\"og:image:width\" content=\"614\" \/>\n\t<meta property=\"og:image:height\" content=\"200\" \/>\n\t<meta property=\"og:image:type\" content=\"image\/jpeg\" \/>\n<meta name=\"twitter:label1\" content=\"Tahmini okuma s\u00fcresi\" \/>\n\t<meta name=\"twitter:data1\" content=\"1 dakika\" \/>\n<script type=\"application\/ld+json\" class=\"yoast-schema-graph\">{\"@context\":\"https:\\\/\\\/schema.org\",\"@graph\":[{\"@type\":\"WebPage\",\"@id\":\"https:\\\/\\\/globalallianceregister.com\\\/tr\\\/services\\\/egitim\\\/turkce-satis-yonetimi-egitim-programi\\\/turkce-st-06-ileri-duzey-zihin-teknikleriyle-satis-1-gun\\\/\",\"url\":\"https:\\\/\\\/globalallianceregister.com\\\/tr\\\/services\\\/egitim\\\/turkce-satis-yonetimi-egitim-programi\\\/turkce-st-06-ileri-duzey-zihin-teknikleriyle-satis-1-gun\\\/\",\"name\":\"ST 06 \u00a0\u0130leri D\u00fczey Zihin Teknikleriyle Sat\u0131\u015f \u2013 1 g\u00fcn \u00a0 - Global Alliance Register\",\"isPartOf\":{\"@id\":\"https:\\\/\\\/globalallianceregister.com\\\/tr\\\/#website\"},\"primaryImageOfPage\":{\"@id\":\"https:\\\/\\\/globalallianceregister.com\\\/tr\\\/services\\\/egitim\\\/turkce-satis-yonetimi-egitim-programi\\\/turkce-st-06-ileri-duzey-zihin-teknikleriyle-satis-1-gun\\\/#primaryimage\"},\"image\":{\"@id\":\"https:\\\/\\\/globalallianceregister.com\\\/tr\\\/services\\\/egitim\\\/turkce-satis-yonetimi-egitim-programi\\\/turkce-st-06-ileri-duzey-zihin-teknikleriyle-satis-1-gun\\\/#primaryimage\"},\"thumbnailUrl\":\"https:\\\/\\\/globalallianceregister.com\\\/wp-content\\\/uploads\\\/2015\\\/08\\\/Training-Inner-Page.jpg\",\"datePublished\":\"2015-01-02T18:17:08+00:00\",\"dateModified\":\"2015-12-16T10:07:26+00:00\",\"breadcrumb\":{\"@id\":\"https:\\\/\\\/globalallianceregister.com\\\/tr\\\/services\\\/egitim\\\/turkce-satis-yonetimi-egitim-programi\\\/turkce-st-06-ileri-duzey-zihin-teknikleriyle-satis-1-gun\\\/#breadcrumb\"},\"inLanguage\":\"tr\",\"potentialAction\":[{\"@type\":\"ReadAction\",\"target\":[[\"https:\\\/\\\/globalallianceregister.com\\\/tr\\\/services\\\/egitim\\\/turkce-satis-yonetimi-egitim-programi\\\/turkce-st-06-ileri-duzey-zihin-teknikleriyle-satis-1-gun\\\/\"]]}]},{\"@type\":\"ImageObject\",\"inLanguage\":\"tr\",\"@id\":\"https:\\\/\\\/globalallianceregister.com\\\/tr\\\/services\\\/egitim\\\/turkce-satis-yonetimi-egitim-programi\\\/turkce-st-06-ileri-duzey-zihin-teknikleriyle-satis-1-gun\\\/#primaryimage\",\"url\":\"https:\\\/\\\/globalallianceregister.com\\\/wp-content\\\/uploads\\\/2015\\\/08\\\/Training-Inner-Page.jpg\",\"contentUrl\":\"https:\\\/\\\/globalallianceregister.com\\\/wp-content\\\/uploads\\\/2015\\\/08\\\/Training-Inner-Page.jpg\",\"width\":614,\"height\":200},{\"@type\":\"BreadcrumbList\",\"@id\":\"https:\\\/\\\/globalallianceregister.com\\\/tr\\\/services\\\/egitim\\\/turkce-satis-yonetimi-egitim-programi\\\/turkce-st-06-ileri-duzey-zihin-teknikleriyle-satis-1-gun\\\/#breadcrumb\",\"itemListElement\":[{\"@type\":\"ListItem\",\"position\":1,\"name\":\"Anasayfa\",\"item\":\"https:\\\/\\\/globalallianceregister.com\\\/tr\\\/\"},{\"@type\":\"ListItem\",\"position\":2,\"name\":\"ST 06 \u00a0\u0130leri D\u00fczey Zihin Teknikleriyle Sat\u0131\u015f \u2013 1 g\u00fcn \u00a0\"}]},{\"@type\":\"WebSite\",\"@id\":\"https:\\\/\\\/globalallianceregister.com\\\/tr\\\/#website\",\"url\":\"https:\\\/\\\/globalallianceregister.com\\\/tr\\\/\",\"name\":\"Global Alliance Register\",\"description\":\"(EN) Together for Excellence\",\"potentialAction\":[{\"@type\":\"SearchAction\",\"target\":{\"@type\":\"EntryPoint\",\"urlTemplate\":\"https:\\\/\\\/globalallianceregister.com\\\/tr\\\/?s={search_term_string}\"},\"query-input\":{\"@type\":\"PropertyValueSpecification\",\"valueRequired\":true,\"valueName\":\"search_term_string\"}}],\"inLanguage\":\"tr\"}]}<\/script>\n<!-- \/ Yoast SEO plugin. -->","yoast_head_json":{"title":"ST 06 \u00a0\u0130leri D\u00fczey Zihin Teknikleriyle Sat\u0131\u015f \u2013 1 g\u00fcn \u00a0 - Global Alliance Register","robots":{"index":"index","follow":"follow","max-snippet":"max-snippet:-1","max-image-preview":"max-image-preview:large","max-video-preview":"max-video-preview:-1"},"canonical":"https:\/\/globalallianceregister.com\/tr\/services\/egitim\/turkce-satis-yonetimi-egitim-programi\/turkce-st-06-ileri-duzey-zihin-teknikleriyle-satis-1-gun\/","og_locale":"tr_TR","og_type":"article","og_title":"ST 06 \u00a0\u0130leri D\u00fczey Zihin Teknikleriyle Sat\u0131\u015f \u2013 1 g\u00fcn \u00a0 - Global Alliance Register","og_description":"\u00a0 Kat\u0131l\u0131mc\u0131 Profili Sat\u0131\u015f ve pazarlama ekibinde g\u00f6rev alanlar ile kendini bu konuda geli\u015ftirmek isteyen herkes bu e\u011fitime kat\u0131labilir. \u00a0 Hedeflenen Sonu\u00e7 \u201c\u0130leri D\u00fczey Zihin Teknikleri ile Sat\u0131\u015f E\u011fitimi&#8221; sat\u0131\u015f...","og_url":"https:\/\/globalallianceregister.com\/tr\/services\/egitim\/turkce-satis-yonetimi-egitim-programi\/turkce-st-06-ileri-duzey-zihin-teknikleriyle-satis-1-gun\/","og_site_name":"Global Alliance Register","article_modified_time":"2015-12-16T10:07:26+00:00","og_image":[{"width":614,"height":200,"url":"https:\/\/globalallianceregister.com\/wp-content\/uploads\/2015\/08\/Training-Inner-Page.jpg","type":"image\/jpeg"}],"twitter_misc":{"Tahmini okuma s\u00fcresi":"1 dakika"},"schema":{"@context":"https:\/\/schema.org","@graph":[{"@type":"WebPage","@id":"https:\/\/globalallianceregister.com\/tr\/services\/egitim\/turkce-satis-yonetimi-egitim-programi\/turkce-st-06-ileri-duzey-zihin-teknikleriyle-satis-1-gun\/","url":"https:\/\/globalallianceregister.com\/tr\/services\/egitim\/turkce-satis-yonetimi-egitim-programi\/turkce-st-06-ileri-duzey-zihin-teknikleriyle-satis-1-gun\/","name":"ST 06 \u00a0\u0130leri D\u00fczey Zihin Teknikleriyle Sat\u0131\u015f \u2013 1 g\u00fcn \u00a0 - Global Alliance Register","isPartOf":{"@id":"https:\/\/globalallianceregister.com\/tr\/#website"},"primaryImageOfPage":{"@id":"https:\/\/globalallianceregister.com\/tr\/services\/egitim\/turkce-satis-yonetimi-egitim-programi\/turkce-st-06-ileri-duzey-zihin-teknikleriyle-satis-1-gun\/#primaryimage"},"image":{"@id":"https:\/\/globalallianceregister.com\/tr\/services\/egitim\/turkce-satis-yonetimi-egitim-programi\/turkce-st-06-ileri-duzey-zihin-teknikleriyle-satis-1-gun\/#primaryimage"},"thumbnailUrl":"https:\/\/globalallianceregister.com\/wp-content\/uploads\/2015\/08\/Training-Inner-Page.jpg","datePublished":"2015-01-02T18:17:08+00:00","dateModified":"2015-12-16T10:07:26+00:00","breadcrumb":{"@id":"https:\/\/globalallianceregister.com\/tr\/services\/egitim\/turkce-satis-yonetimi-egitim-programi\/turkce-st-06-ileri-duzey-zihin-teknikleriyle-satis-1-gun\/#breadcrumb"},"inLanguage":"tr","potentialAction":[{"@type":"ReadAction","target":[["https:\/\/globalallianceregister.com\/tr\/services\/egitim\/turkce-satis-yonetimi-egitim-programi\/turkce-st-06-ileri-duzey-zihin-teknikleriyle-satis-1-gun\/"]]}]},{"@type":"ImageObject","inLanguage":"tr","@id":"https:\/\/globalallianceregister.com\/tr\/services\/egitim\/turkce-satis-yonetimi-egitim-programi\/turkce-st-06-ileri-duzey-zihin-teknikleriyle-satis-1-gun\/#primaryimage","url":"https:\/\/globalallianceregister.com\/wp-content\/uploads\/2015\/08\/Training-Inner-Page.jpg","contentUrl":"https:\/\/globalallianceregister.com\/wp-content\/uploads\/2015\/08\/Training-Inner-Page.jpg","width":614,"height":200},{"@type":"BreadcrumbList","@id":"https:\/\/globalallianceregister.com\/tr\/services\/egitim\/turkce-satis-yonetimi-egitim-programi\/turkce-st-06-ileri-duzey-zihin-teknikleriyle-satis-1-gun\/#breadcrumb","itemListElement":[{"@type":"ListItem","position":1,"name":"Anasayfa","item":"https:\/\/globalallianceregister.com\/tr\/"},{"@type":"ListItem","position":2,"name":"ST 06 \u00a0\u0130leri D\u00fczey Zihin Teknikleriyle Sat\u0131\u015f \u2013 1 g\u00fcn \u00a0"}]},{"@type":"WebSite","@id":"https:\/\/globalallianceregister.com\/tr\/#website","url":"https:\/\/globalallianceregister.com\/tr\/","name":"Global Alliance Register","description":"(EN) Together for Excellence","potentialAction":[{"@type":"SearchAction","target":{"@type":"EntryPoint","urlTemplate":"https:\/\/globalallianceregister.com\/tr\/?s={search_term_string}"},"query-input":{"@type":"PropertyValueSpecification","valueRequired":true,"valueName":"search_term_string"}}],"inLanguage":"tr"}]}},"_links":{"self":[{"href":"https:\/\/globalallianceregister.com\/tr\/wp-json\/wp\/v2\/pages\/2426","targetHints":{"allow":["GET"]}}],"collection":[{"href":"https:\/\/globalallianceregister.com\/tr\/wp-json\/wp\/v2\/pages"}],"about":[{"href":"https:\/\/globalallianceregister.com\/tr\/wp-json\/wp\/v2\/types\/page"}],"author":[{"embeddable":true,"href":"https:\/\/globalallianceregister.com\/tr\/wp-json\/wp\/v2\/users\/10"}],"replies":[{"embeddable":true,"href":"https:\/\/globalallianceregister.com\/tr\/wp-json\/wp\/v2\/comments?post=2426"}],"version-history":[{"count":0,"href":"https:\/\/globalallianceregister.com\/tr\/wp-json\/wp\/v2\/pages\/2426\/revisions"}],"up":[{"embeddable":true,"href":"https:\/\/globalallianceregister.com\/tr\/wp-json\/wp\/v2\/pages\/2160"}],"wp:featuredmedia":[{"embeddable":true,"href":"https:\/\/globalallianceregister.com\/tr\/wp-json\/wp\/v2\/media\/5171"}],"wp:attachment":[{"href":"https:\/\/globalallianceregister.com\/tr\/wp-json\/wp\/v2\/media?parent=2426"}],"curies":[{"name":"wp","href":"https:\/\/api.w.org\/{rel}","templated":true}]}}