{"id":2434,"date":"2015-01-02T18:27:27","date_gmt":"2015-01-02T18:27:27","guid":{"rendered":"https:\/\/globalallianceregister.com\/?page_id=2434"},"modified":"2015-12-16T10:10:42","modified_gmt":"2015-12-16T10:10:42","slug":"turkce-st-10-telefonda-satis-2-gun","status":"publish","type":"page","link":"https:\/\/globalallianceregister.com\/tr\/services\/egitim\/turkce-satis-yonetimi-egitim-programi\/turkce-st-10-telefonda-satis-2-gun\/","title":{"rendered":"ST 10 \u00a0Telefonda Sat\u0131\u015f \u2013 2 g\u00fcn"},"content":{"rendered":"<p>\u00a0 <strong>Kat\u0131l\u0131mc\u0131 Profili<\/strong><\/p>\n<ul>\n<li>Sat\u0131\u015f ve pazarlama ekibinde ve \u00e7a\u011fr\u0131 merkezinde g\u00f6rev alanlar ile bu konuda kendini geli\u015ftirmek isteyen herkes bu e\u011fitime kat\u0131labilir.<\/li>\n<\/ul>\n<p>\u00a0 <strong>Hedeflenen Sonu\u00e7<\/strong><\/p>\n<ul>\n<li>&#8220;Telefonda sat\u0131\u015f&#8221; e\u011fitim program\u0131, telefon ile yap\u0131lmas\u0131 hedeflenen \u00a0sat\u0131\u015f veya sat\u0131\u015f s\u00fcrecinin ba\u015flat\u0131lmas\u0131 ile ilgili temel bilgilerin aktar\u0131lmas\u0131 \u00fcst\u00fcne haz\u0131rlanm\u0131\u015ft\u0131r.<\/li>\n<li>\u0130nteraktif uygulamalarla zenginle\u015ftirilmi\u015f bu programda kat\u0131l\u0131mc\u0131lar, telefon ileti\u015fimi temelleri y\u00f6n\u00fcnden m\u00fc\u015fteriyle uzla\u015fma ve m\u00fc\u015fteriyi ikna etme teknikleri hususunda beceri kazanacaklar ve bu becerileri uygulamaya d\u00f6kme imk\u00e2n\u0131 kazanacaklard\u0131r.<\/li>\n<\/ul>\n<p>\u00a0 <strong>E\u011fitim \u0130\u00e7eri\u011fi<\/strong><\/p>\n<ul>\n<li>Telefonda ileti\u015fim esaslar\u0131<\/li>\n<li>G\u00f6r\u00fc\u015fme \u00f6ncesi haz\u0131rl\u0131k<\/li>\n<li>Telefon ileti\u015fimini ba\u015flatma ve kar\u015f\u0131lama<\/li>\n<li>Telefon ileti\u015fiminde kar\u015f\u0131la\u015f\u0131labilecek g\u00fc\u00e7l\u00fckler<\/li>\n<li>Telefonda uzla\u015fma ve ikna y\u00f6ntemleri<\/li>\n<li>Telefonda ikna i\u00e7in kullan\u0131lacak soru c\u00fcmleleri<\/li>\n<li>Telefon ileti\u015fiminde sat\u0131\u015f s\u00fcrecini ba\u015flatma<\/li>\n<li>Etkili ses tonu ve diksiyon<\/li>\n<li>Telefonda ihtiya\u00e7 belirleme<\/li>\n<li>Telefonda \u00a0m\u00fc\u015fteri tipi analizi yapabilme<\/li>\n<li>Telefonda \u00fcr\u00fcn\u00fc veya hizmeti tan\u0131tma<\/li>\n<li>Bilin\u00e7alt\u0131 ikna teknikleri<\/li>\n<li>Telefon g\u00f6r\u00fc\u015fmesinde \u00a0yap\u0131lmas\u0131 gerekenler ve yap\u0131lmamas\u0131 gerekenler<\/li>\n<li>Telefonda g\u00fcven verme<\/li>\n<\/ul>\n<p>\u00a0 <strong>Sertifika<\/strong><\/p>\n<ul>\n<li>E\u011fitimi ba\u015far\u0131 ile tamamlayan t\u00fcm kat\u0131l\u0131mc\u0131lara GLOBAL ALLIANCE ACADEMY taraf\u0131ndan, &#8220;Telefonda Sat\u0131\u015f E\u011fitimi Sertifikas\u0131&#8221; verilecektir.<\/li>\n<\/ul>","protected":false},"excerpt":{"rendered":"<p>\u00a0 Kat\u0131l\u0131mc\u0131 Profili Sat\u0131\u015f ve pazarlama ekibinde ve \u00e7a\u011fr\u0131 merkezinde g\u00f6rev alanlar ile bu konuda kendini geli\u015ftirmek isteyen herkes bu e\u011fitime kat\u0131labilir. \u00a0 Hedeflenen Sonu\u00e7 &#8220;Telefonda sat\u0131\u015f&#8221; e\u011fitim program\u0131, telefon&#8230; <\/p>\n","protected":false},"author":10,"featured_media":5171,"parent":2160,"menu_order":10,"comment_status":"closed","ping_status":"closed","template":"page-full.php","meta":{"_acf_changed":false,"om_disable_all_campaigns":false,"footnotes":""},"class_list":["post-2434","page","type-page","status-publish","has-post-thumbnail","hentry"],"acf":[],"yoast_head":"<!-- This site is optimized with the Yoast SEO plugin v27.4 - https:\/\/yoast.com\/product\/yoast-seo-wordpress\/ -->\n<title>ST 10 \u00a0Telefonda Sat\u0131\u015f \u2013 2 g\u00fcn - Global Alliance Register<\/title>\n<meta name=\"robots\" content=\"index, follow, max-snippet:-1, max-image-preview:large, max-video-preview:-1\" \/>\n<link rel=\"canonical\" href=\"https:\/\/globalallianceregister.com\/tr\/services\/egitim\/turkce-satis-yonetimi-egitim-programi\/turkce-st-10-telefonda-satis-2-gun\/\" \/>\n<meta property=\"og:locale\" content=\"tr_TR\" \/>\n<meta property=\"og:type\" content=\"article\" \/>\n<meta property=\"og:title\" content=\"ST 10 \u00a0Telefonda Sat\u0131\u015f \u2013 2 g\u00fcn - Global Alliance Register\" \/>\n<meta property=\"og:description\" content=\"\u00a0 Kat\u0131l\u0131mc\u0131 Profili Sat\u0131\u015f ve pazarlama ekibinde ve \u00e7a\u011fr\u0131 merkezinde g\u00f6rev alanlar ile bu konuda kendini geli\u015ftirmek isteyen herkes bu e\u011fitime kat\u0131labilir. \u00a0 Hedeflenen Sonu\u00e7 &#8220;Telefonda sat\u0131\u015f&#8221; e\u011fitim program\u0131, telefon...\" \/>\n<meta property=\"og:url\" content=\"https:\/\/globalallianceregister.com\/tr\/services\/egitim\/turkce-satis-yonetimi-egitim-programi\/turkce-st-10-telefonda-satis-2-gun\/\" \/>\n<meta property=\"og:site_name\" content=\"Global Alliance Register\" \/>\n<meta property=\"article:modified_time\" content=\"2015-12-16T10:10:42+00:00\" \/>\n<meta property=\"og:image\" content=\"https:\/\/globalallianceregister.com\/wp-content\/uploads\/2015\/08\/Training-Inner-Page.jpg\" \/>\n\t<meta property=\"og:image:width\" content=\"614\" \/>\n\t<meta property=\"og:image:height\" content=\"200\" \/>\n\t<meta property=\"og:image:type\" content=\"image\/jpeg\" \/>\n<meta name=\"twitter:label1\" content=\"Tahmini okuma s\u00fcresi\" \/>\n\t<meta name=\"twitter:data1\" content=\"1 dakika\" \/>\n<script type=\"application\/ld+json\" class=\"yoast-schema-graph\">{\"@context\":\"https:\\\/\\\/schema.org\",\"@graph\":[{\"@type\":\"WebPage\",\"@id\":\"https:\\\/\\\/globalallianceregister.com\\\/tr\\\/services\\\/egitim\\\/turkce-satis-yonetimi-egitim-programi\\\/turkce-st-10-telefonda-satis-2-gun\\\/\",\"url\":\"https:\\\/\\\/globalallianceregister.com\\\/tr\\\/services\\\/egitim\\\/turkce-satis-yonetimi-egitim-programi\\\/turkce-st-10-telefonda-satis-2-gun\\\/\",\"name\":\"ST 10 \u00a0Telefonda Sat\u0131\u015f \u2013 2 g\u00fcn - Global Alliance Register\",\"isPartOf\":{\"@id\":\"https:\\\/\\\/globalallianceregister.com\\\/tr\\\/#website\"},\"primaryImageOfPage\":{\"@id\":\"https:\\\/\\\/globalallianceregister.com\\\/tr\\\/services\\\/egitim\\\/turkce-satis-yonetimi-egitim-programi\\\/turkce-st-10-telefonda-satis-2-gun\\\/#primaryimage\"},\"image\":{\"@id\":\"https:\\\/\\\/globalallianceregister.com\\\/tr\\\/services\\\/egitim\\\/turkce-satis-yonetimi-egitim-programi\\\/turkce-st-10-telefonda-satis-2-gun\\\/#primaryimage\"},\"thumbnailUrl\":\"https:\\\/\\\/globalallianceregister.com\\\/wp-content\\\/uploads\\\/2015\\\/08\\\/Training-Inner-Page.jpg\",\"datePublished\":\"2015-01-02T18:27:27+00:00\",\"dateModified\":\"2015-12-16T10:10:42+00:00\",\"breadcrumb\":{\"@id\":\"https:\\\/\\\/globalallianceregister.com\\\/tr\\\/services\\\/egitim\\\/turkce-satis-yonetimi-egitim-programi\\\/turkce-st-10-telefonda-satis-2-gun\\\/#breadcrumb\"},\"inLanguage\":\"tr\",\"potentialAction\":[{\"@type\":\"ReadAction\",\"target\":[[\"https:\\\/\\\/globalallianceregister.com\\\/tr\\\/services\\\/egitim\\\/turkce-satis-yonetimi-egitim-programi\\\/turkce-st-10-telefonda-satis-2-gun\\\/\"]]}]},{\"@type\":\"ImageObject\",\"inLanguage\":\"tr\",\"@id\":\"https:\\\/\\\/globalallianceregister.com\\\/tr\\\/services\\\/egitim\\\/turkce-satis-yonetimi-egitim-programi\\\/turkce-st-10-telefonda-satis-2-gun\\\/#primaryimage\",\"url\":\"https:\\\/\\\/globalallianceregister.com\\\/wp-content\\\/uploads\\\/2015\\\/08\\\/Training-Inner-Page.jpg\",\"contentUrl\":\"https:\\\/\\\/globalallianceregister.com\\\/wp-content\\\/uploads\\\/2015\\\/08\\\/Training-Inner-Page.jpg\",\"width\":614,\"height\":200},{\"@type\":\"BreadcrumbList\",\"@id\":\"https:\\\/\\\/globalallianceregister.com\\\/tr\\\/services\\\/egitim\\\/turkce-satis-yonetimi-egitim-programi\\\/turkce-st-10-telefonda-satis-2-gun\\\/#breadcrumb\",\"itemListElement\":[{\"@type\":\"ListItem\",\"position\":1,\"name\":\"Anasayfa\",\"item\":\"https:\\\/\\\/globalallianceregister.com\\\/tr\\\/\"},{\"@type\":\"ListItem\",\"position\":2,\"name\":\"ST 10 \u00a0Telefonda Sat\u0131\u015f \u2013 2 g\u00fcn\"}]},{\"@type\":\"WebSite\",\"@id\":\"https:\\\/\\\/globalallianceregister.com\\\/tr\\\/#website\",\"url\":\"https:\\\/\\\/globalallianceregister.com\\\/tr\\\/\",\"name\":\"Global Alliance Register\",\"description\":\"(EN) Together for Excellence\",\"potentialAction\":[{\"@type\":\"SearchAction\",\"target\":{\"@type\":\"EntryPoint\",\"urlTemplate\":\"https:\\\/\\\/globalallianceregister.com\\\/tr\\\/?s={search_term_string}\"},\"query-input\":{\"@type\":\"PropertyValueSpecification\",\"valueRequired\":true,\"valueName\":\"search_term_string\"}}],\"inLanguage\":\"tr\"}]}<\/script>\n<!-- \/ Yoast SEO plugin. -->","yoast_head_json":{"title":"ST 10 \u00a0Telefonda Sat\u0131\u015f \u2013 2 g\u00fcn - Global Alliance Register","robots":{"index":"index","follow":"follow","max-snippet":"max-snippet:-1","max-image-preview":"max-image-preview:large","max-video-preview":"max-video-preview:-1"},"canonical":"https:\/\/globalallianceregister.com\/tr\/services\/egitim\/turkce-satis-yonetimi-egitim-programi\/turkce-st-10-telefonda-satis-2-gun\/","og_locale":"tr_TR","og_type":"article","og_title":"ST 10 \u00a0Telefonda Sat\u0131\u015f \u2013 2 g\u00fcn - Global Alliance Register","og_description":"\u00a0 Kat\u0131l\u0131mc\u0131 Profili Sat\u0131\u015f ve pazarlama ekibinde ve \u00e7a\u011fr\u0131 merkezinde g\u00f6rev alanlar ile bu konuda kendini geli\u015ftirmek isteyen herkes bu e\u011fitime kat\u0131labilir. \u00a0 Hedeflenen Sonu\u00e7 &#8220;Telefonda sat\u0131\u015f&#8221; e\u011fitim program\u0131, telefon...","og_url":"https:\/\/globalallianceregister.com\/tr\/services\/egitim\/turkce-satis-yonetimi-egitim-programi\/turkce-st-10-telefonda-satis-2-gun\/","og_site_name":"Global Alliance Register","article_modified_time":"2015-12-16T10:10:42+00:00","og_image":[{"width":614,"height":200,"url":"https:\/\/globalallianceregister.com\/wp-content\/uploads\/2015\/08\/Training-Inner-Page.jpg","type":"image\/jpeg"}],"twitter_misc":{"Tahmini okuma s\u00fcresi":"1 dakika"},"schema":{"@context":"https:\/\/schema.org","@graph":[{"@type":"WebPage","@id":"https:\/\/globalallianceregister.com\/tr\/services\/egitim\/turkce-satis-yonetimi-egitim-programi\/turkce-st-10-telefonda-satis-2-gun\/","url":"https:\/\/globalallianceregister.com\/tr\/services\/egitim\/turkce-satis-yonetimi-egitim-programi\/turkce-st-10-telefonda-satis-2-gun\/","name":"ST 10 \u00a0Telefonda Sat\u0131\u015f \u2013 2 g\u00fcn - Global Alliance Register","isPartOf":{"@id":"https:\/\/globalallianceregister.com\/tr\/#website"},"primaryImageOfPage":{"@id":"https:\/\/globalallianceregister.com\/tr\/services\/egitim\/turkce-satis-yonetimi-egitim-programi\/turkce-st-10-telefonda-satis-2-gun\/#primaryimage"},"image":{"@id":"https:\/\/globalallianceregister.com\/tr\/services\/egitim\/turkce-satis-yonetimi-egitim-programi\/turkce-st-10-telefonda-satis-2-gun\/#primaryimage"},"thumbnailUrl":"https:\/\/globalallianceregister.com\/wp-content\/uploads\/2015\/08\/Training-Inner-Page.jpg","datePublished":"2015-01-02T18:27:27+00:00","dateModified":"2015-12-16T10:10:42+00:00","breadcrumb":{"@id":"https:\/\/globalallianceregister.com\/tr\/services\/egitim\/turkce-satis-yonetimi-egitim-programi\/turkce-st-10-telefonda-satis-2-gun\/#breadcrumb"},"inLanguage":"tr","potentialAction":[{"@type":"ReadAction","target":[["https:\/\/globalallianceregister.com\/tr\/services\/egitim\/turkce-satis-yonetimi-egitim-programi\/turkce-st-10-telefonda-satis-2-gun\/"]]}]},{"@type":"ImageObject","inLanguage":"tr","@id":"https:\/\/globalallianceregister.com\/tr\/services\/egitim\/turkce-satis-yonetimi-egitim-programi\/turkce-st-10-telefonda-satis-2-gun\/#primaryimage","url":"https:\/\/globalallianceregister.com\/wp-content\/uploads\/2015\/08\/Training-Inner-Page.jpg","contentUrl":"https:\/\/globalallianceregister.com\/wp-content\/uploads\/2015\/08\/Training-Inner-Page.jpg","width":614,"height":200},{"@type":"BreadcrumbList","@id":"https:\/\/globalallianceregister.com\/tr\/services\/egitim\/turkce-satis-yonetimi-egitim-programi\/turkce-st-10-telefonda-satis-2-gun\/#breadcrumb","itemListElement":[{"@type":"ListItem","position":1,"name":"Anasayfa","item":"https:\/\/globalallianceregister.com\/tr\/"},{"@type":"ListItem","position":2,"name":"ST 10 \u00a0Telefonda Sat\u0131\u015f \u2013 2 g\u00fcn"}]},{"@type":"WebSite","@id":"https:\/\/globalallianceregister.com\/tr\/#website","url":"https:\/\/globalallianceregister.com\/tr\/","name":"Global Alliance Register","description":"(EN) Together for Excellence","potentialAction":[{"@type":"SearchAction","target":{"@type":"EntryPoint","urlTemplate":"https:\/\/globalallianceregister.com\/tr\/?s={search_term_string}"},"query-input":{"@type":"PropertyValueSpecification","valueRequired":true,"valueName":"search_term_string"}}],"inLanguage":"tr"}]}},"_links":{"self":[{"href":"https:\/\/globalallianceregister.com\/tr\/wp-json\/wp\/v2\/pages\/2434","targetHints":{"allow":["GET"]}}],"collection":[{"href":"https:\/\/globalallianceregister.com\/tr\/wp-json\/wp\/v2\/pages"}],"about":[{"href":"https:\/\/globalallianceregister.com\/tr\/wp-json\/wp\/v2\/types\/page"}],"author":[{"embeddable":true,"href":"https:\/\/globalallianceregister.com\/tr\/wp-json\/wp\/v2\/users\/10"}],"replies":[{"embeddable":true,"href":"https:\/\/globalallianceregister.com\/tr\/wp-json\/wp\/v2\/comments?post=2434"}],"version-history":[{"count":0,"href":"https:\/\/globalallianceregister.com\/tr\/wp-json\/wp\/v2\/pages\/2434\/revisions"}],"up":[{"embeddable":true,"href":"https:\/\/globalallianceregister.com\/tr\/wp-json\/wp\/v2\/pages\/2160"}],"wp:featuredmedia":[{"embeddable":true,"href":"https:\/\/globalallianceregister.com\/tr\/wp-json\/wp\/v2\/media\/5171"}],"wp:attachment":[{"href":"https:\/\/globalallianceregister.com\/tr\/wp-json\/wp\/v2\/media?parent=2434"}],"curies":[{"name":"wp","href":"https:\/\/api.w.org\/{rel}","templated":true}]}}