{"id":2436,"date":"2015-01-02T18:30:38","date_gmt":"2015-01-02T18:30:38","guid":{"rendered":"https:\/\/globalallianceregister.com\/?page_id=2436"},"modified":"2016-02-04T15:28:57","modified_gmt":"2016-02-04T15:28:57","slug":"turkce-krg-01-gmp-ogp-iyi-uretim-uygulamalari-ve-gereksinim-programlari-bilinclendirme-egitimi-1-gun","status":"publish","type":"page","link":"https:\/\/globalallianceregister.com\/tr\/services\/egitim\/turkce-yonetim-sistemleri\/turkce-krg-01-gmp-ogp-iyi-uretim-uygulamalari-ve-gereksinim-programlari-bilinclendirme-egitimi-1-gun\/","title":{"rendered":"GMP-\u00d6GP \u0130yi \u00dcretim Uygulamalar\u0131 ve \u00d6n Gereksinim Programlar\u0131 Bilin\u00e7lendirme E\u011fitimi \u2013 1 g\u00fcn"},"content":{"rendered":"<p>&nbsp;<\/p>\n<p><strong>Kat\u0131l\u0131mc\u0131 Profili<\/strong><\/p>\n<ul>\n<li>GMP ve \u00d6GP hakk\u0131nda bilgi sahibi olmas\u0131 gerekli g\u00f6r\u00fclen \u00e7al\u0131\u015fanlar ve y\u00f6neticiler bu e\u011fitimden yarar sa\u011flayabilecektir.<\/li>\n<\/ul>\n<p>&nbsp;<\/p>\n<p><strong>Hedeflenen Sonu\u00e7<\/strong><\/p>\n<ul>\n<li>Bu e\u011fitimde, kat\u0131l\u0131mc\u0131lar\u0131n GMP- yeni g\u0131da g\u00fcvenli\u011fi standartlar\u0131ndaki tan\u0131m\u0131- \u00d6GP kavram\u0131 do\u011frultusunda i\u015fletme i\u00e7i\u00a0 uygulamalar\u0131n\u0131 d\u00fczenleyebilmesi ve\u00a0denetimlerini programlayabilmesi ama\u00e7lanmaktad\u0131r.<\/li>\n<li>E\u011fitim interaktif olarak ger\u00e7ekle\u015ftirilmekte ve anlay\u0131\u015f\u0131n peki\u015ftirilmesi i\u00e7in\u00a0 genel \u00f6rnekler verilmekte, ya\u015fanm\u0131\u015f olaylardan edinilen tecr\u00fcbeler tart\u0131\u015f\u0131lmaktad\u0131r.<\/li>\n<\/ul>\n<p>&nbsp;<\/p>\n<p><strong>E\u011fitim \u0130\u00e7eri\u011fi<\/strong><\/p>\n<ul>\n<li>GMP ve \u00d6GP kavramlar\u0131n\u0131n incelenmesi<\/li>\n<li>Temel GMP ve \u00d6GP uygulamalar\u0131<\/li>\n<li>G\u0131da g\u00fcvenli\u011fi a\u00e7\u0131s\u0131ndan \u00f6nemli yaz\u0131l\u0131 prosed\u00fcrler-programlar<\/li>\n<li>Bina yap\u0131s\u0131, \u00fcretim alanlar\u0131 ve \u00e7evresel \u015fartlar<\/li>\n<li>Tedarik\u00e7i zinciri y\u00f6netimi<\/li>\n<li>Zararl\u0131larla m\u00fccadele (pest control)<\/li>\n<li>Proses ekipman\u0131 bak\u0131m ve hijyeni<\/li>\n<li>Temizlik ve sanitasyon uygulamalar\u0131<\/li>\n<li>G\u0131da g\u00fcvenli\u011fi \u00e7al\u0131\u015fmalar\u0131n\u0131 destekleyen di\u011fer \u00f6nemli faaliyetler<\/li>\n<li>GMP-\u00d6GP denetimleri- grup \u00e7al\u0131\u015fmalar\u0131<\/li>\n<\/ul>\n<p>&nbsp;<\/p>\n<p><strong>Sertifika<\/strong><\/p>\n<ul>\n<li>E\u011fitimi tamamlayan t\u00fcm kat\u0131l\u0131mc\u0131lara GLOBAL ALLIANCE ACADEMY taraf\u0131ndan, &#8221; GMP-\u00d6GP \u0130yi \u00dcretim Uygulamalar\u0131 ve \u00d6n Gereksinim Programlar\u0131 E\u011fitimi Kat\u0131l\u0131m Sertifikas\u0131&#8221; verilecektir<\/li>\n<\/ul>\n<p>&nbsp;<\/p>","protected":false},"excerpt":{"rendered":"<p>&nbsp; Kat\u0131l\u0131mc\u0131 Profili GMP ve \u00d6GP hakk\u0131nda bilgi sahibi olmas\u0131 gerekli g\u00f6r\u00fclen \u00e7al\u0131\u015fanlar ve y\u00f6neticiler bu e\u011fitimden yarar sa\u011flayabilecektir. &nbsp; Hedeflenen Sonu\u00e7 Bu e\u011fitimde, kat\u0131l\u0131mc\u0131lar\u0131n GMP- yeni g\u0131da g\u00fcvenli\u011fi standartlar\u0131ndaki&#8230; <\/p>\n","protected":false},"author":10,"featured_media":5171,"parent":2143,"menu_order":49,"comment_status":"closed","ping_status":"closed","template":"page-full.php","meta":{"_acf_changed":false,"om_disable_all_campaigns":false,"footnotes":""},"class_list":["post-2436","page","type-page","status-publish","has-post-thumbnail","hentry"],"acf":[],"yoast_head":"<!-- This site is optimized with the Yoast SEO plugin v27.4 - https:\/\/yoast.com\/product\/yoast-seo-wordpress\/ -->\n<title>GMP-\u00d6GP \u0130yi \u00dcretim Uygulamalar\u0131 ve \u00d6n Gereksinim Programlar\u0131 Bilin\u00e7lendirme E\u011fitimi \u2013 1 g\u00fcn - Global Alliance Register<\/title>\n<meta name=\"robots\" content=\"index, follow, max-snippet:-1, max-image-preview:large, max-video-preview:-1\" \/>\n<link rel=\"canonical\" href=\"https:\/\/globalallianceregister.com\/tr\/services\/egitim\/turkce-yonetim-sistemleri\/turkce-krg-01-gmp-ogp-iyi-uretim-uygulamalari-ve-gereksinim-programlari-bilinclendirme-egitimi-1-gun\/\" \/>\n<meta property=\"og:locale\" content=\"tr_TR\" \/>\n<meta property=\"og:type\" content=\"article\" \/>\n<meta property=\"og:title\" content=\"GMP-\u00d6GP \u0130yi \u00dcretim Uygulamalar\u0131 ve \u00d6n Gereksinim Programlar\u0131 Bilin\u00e7lendirme E\u011fitimi \u2013 1 g\u00fcn - Global Alliance Register\" \/>\n<meta property=\"og:description\" content=\"&nbsp; Kat\u0131l\u0131mc\u0131 Profili GMP ve \u00d6GP hakk\u0131nda bilgi sahibi olmas\u0131 gerekli g\u00f6r\u00fclen \u00e7al\u0131\u015fanlar ve y\u00f6neticiler bu e\u011fitimden yarar sa\u011flayabilecektir. &nbsp; Hedeflenen Sonu\u00e7 Bu e\u011fitimde, kat\u0131l\u0131mc\u0131lar\u0131n GMP- yeni g\u0131da g\u00fcvenli\u011fi standartlar\u0131ndaki...\" \/>\n<meta property=\"og:url\" content=\"https:\/\/globalallianceregister.com\/tr\/services\/egitim\/turkce-yonetim-sistemleri\/turkce-krg-01-gmp-ogp-iyi-uretim-uygulamalari-ve-gereksinim-programlari-bilinclendirme-egitimi-1-gun\/\" \/>\n<meta property=\"og:site_name\" content=\"Global Alliance Register\" \/>\n<meta property=\"article:modified_time\" content=\"2016-02-04T15:28:57+00:00\" \/>\n<meta property=\"og:image\" content=\"https:\/\/globalallianceregister.com\/wp-content\/uploads\/2015\/08\/Training-Inner-Page.jpg\" \/>\n\t<meta property=\"og:image:width\" content=\"614\" \/>\n\t<meta property=\"og:image:height\" content=\"200\" \/>\n\t<meta property=\"og:image:type\" content=\"image\/jpeg\" \/>\n<meta name=\"twitter:label1\" content=\"Tahmini okuma s\u00fcresi\" \/>\n\t<meta name=\"twitter:data1\" content=\"1 dakika\" \/>\n<script type=\"application\/ld+json\" class=\"yoast-schema-graph\">{\"@context\":\"https:\\\/\\\/schema.org\",\"@graph\":[{\"@type\":\"WebPage\",\"@id\":\"https:\\\/\\\/globalallianceregister.com\\\/tr\\\/services\\\/egitim\\\/turkce-yonetim-sistemleri\\\/turkce-krg-01-gmp-ogp-iyi-uretim-uygulamalari-ve-gereksinim-programlari-bilinclendirme-egitimi-1-gun\\\/\",\"url\":\"https:\\\/\\\/globalallianceregister.com\\\/tr\\\/services\\\/egitim\\\/turkce-yonetim-sistemleri\\\/turkce-krg-01-gmp-ogp-iyi-uretim-uygulamalari-ve-gereksinim-programlari-bilinclendirme-egitimi-1-gun\\\/\",\"name\":\"GMP-\u00d6GP \u0130yi \u00dcretim Uygulamalar\u0131 ve \u00d6n Gereksinim Programlar\u0131 Bilin\u00e7lendirme E\u011fitimi \u2013 1 g\u00fcn - Global Alliance Register\",\"isPartOf\":{\"@id\":\"https:\\\/\\\/globalallianceregister.com\\\/tr\\\/#website\"},\"primaryImageOfPage\":{\"@id\":\"https:\\\/\\\/globalallianceregister.com\\\/tr\\\/services\\\/egitim\\\/turkce-yonetim-sistemleri\\\/turkce-krg-01-gmp-ogp-iyi-uretim-uygulamalari-ve-gereksinim-programlari-bilinclendirme-egitimi-1-gun\\\/#primaryimage\"},\"image\":{\"@id\":\"https:\\\/\\\/globalallianceregister.com\\\/tr\\\/services\\\/egitim\\\/turkce-yonetim-sistemleri\\\/turkce-krg-01-gmp-ogp-iyi-uretim-uygulamalari-ve-gereksinim-programlari-bilinclendirme-egitimi-1-gun\\\/#primaryimage\"},\"thumbnailUrl\":\"https:\\\/\\\/globalallianceregister.com\\\/wp-content\\\/uploads\\\/2015\\\/08\\\/Training-Inner-Page.jpg\",\"datePublished\":\"2015-01-02T18:30:38+00:00\",\"dateModified\":\"2016-02-04T15:28:57+00:00\",\"breadcrumb\":{\"@id\":\"https:\\\/\\\/globalallianceregister.com\\\/tr\\\/services\\\/egitim\\\/turkce-yonetim-sistemleri\\\/turkce-krg-01-gmp-ogp-iyi-uretim-uygulamalari-ve-gereksinim-programlari-bilinclendirme-egitimi-1-gun\\\/#breadcrumb\"},\"inLanguage\":\"tr\",\"potentialAction\":[{\"@type\":\"ReadAction\",\"target\":[[\"https:\\\/\\\/globalallianceregister.com\\\/tr\\\/services\\\/egitim\\\/turkce-yonetim-sistemleri\\\/turkce-krg-01-gmp-ogp-iyi-uretim-uygulamalari-ve-gereksinim-programlari-bilinclendirme-egitimi-1-gun\\\/\"]]}]},{\"@type\":\"ImageObject\",\"inLanguage\":\"tr\",\"@id\":\"https:\\\/\\\/globalallianceregister.com\\\/tr\\\/services\\\/egitim\\\/turkce-yonetim-sistemleri\\\/turkce-krg-01-gmp-ogp-iyi-uretim-uygulamalari-ve-gereksinim-programlari-bilinclendirme-egitimi-1-gun\\\/#primaryimage\",\"url\":\"https:\\\/\\\/globalallianceregister.com\\\/wp-content\\\/uploads\\\/2015\\\/08\\\/Training-Inner-Page.jpg\",\"contentUrl\":\"https:\\\/\\\/globalallianceregister.com\\\/wp-content\\\/uploads\\\/2015\\\/08\\\/Training-Inner-Page.jpg\",\"width\":614,\"height\":200},{\"@type\":\"BreadcrumbList\",\"@id\":\"https:\\\/\\\/globalallianceregister.com\\\/tr\\\/services\\\/egitim\\\/turkce-yonetim-sistemleri\\\/turkce-krg-01-gmp-ogp-iyi-uretim-uygulamalari-ve-gereksinim-programlari-bilinclendirme-egitimi-1-gun\\\/#breadcrumb\",\"itemListElement\":[{\"@type\":\"ListItem\",\"position\":1,\"name\":\"Anasayfa\",\"item\":\"https:\\\/\\\/globalallianceregister.com\\\/tr\\\/\"},{\"@type\":\"ListItem\",\"position\":2,\"name\":\"GMP-\u00d6GP \u0130yi \u00dcretim Uygulamalar\u0131 ve \u00d6n Gereksinim Programlar\u0131 Bilin\u00e7lendirme E\u011fitimi \u2013 1 g\u00fcn\"}]},{\"@type\":\"WebSite\",\"@id\":\"https:\\\/\\\/globalallianceregister.com\\\/tr\\\/#website\",\"url\":\"https:\\\/\\\/globalallianceregister.com\\\/tr\\\/\",\"name\":\"Global Alliance Register\",\"description\":\"(EN) Together for Excellence\",\"potentialAction\":[{\"@type\":\"SearchAction\",\"target\":{\"@type\":\"EntryPoint\",\"urlTemplate\":\"https:\\\/\\\/globalallianceregister.com\\\/tr\\\/?s={search_term_string}\"},\"query-input\":{\"@type\":\"PropertyValueSpecification\",\"valueRequired\":true,\"valueName\":\"search_term_string\"}}],\"inLanguage\":\"tr\"}]}<\/script>\n<!-- \/ Yoast SEO plugin. -->","yoast_head_json":{"title":"GMP-\u00d6GP \u0130yi \u00dcretim Uygulamalar\u0131 ve \u00d6n Gereksinim Programlar\u0131 Bilin\u00e7lendirme E\u011fitimi \u2013 1 g\u00fcn - Global Alliance Register","robots":{"index":"index","follow":"follow","max-snippet":"max-snippet:-1","max-image-preview":"max-image-preview:large","max-video-preview":"max-video-preview:-1"},"canonical":"https:\/\/globalallianceregister.com\/tr\/services\/egitim\/turkce-yonetim-sistemleri\/turkce-krg-01-gmp-ogp-iyi-uretim-uygulamalari-ve-gereksinim-programlari-bilinclendirme-egitimi-1-gun\/","og_locale":"tr_TR","og_type":"article","og_title":"GMP-\u00d6GP \u0130yi \u00dcretim Uygulamalar\u0131 ve \u00d6n Gereksinim Programlar\u0131 Bilin\u00e7lendirme E\u011fitimi \u2013 1 g\u00fcn - Global Alliance Register","og_description":"&nbsp; Kat\u0131l\u0131mc\u0131 Profili GMP ve \u00d6GP hakk\u0131nda bilgi sahibi olmas\u0131 gerekli g\u00f6r\u00fclen \u00e7al\u0131\u015fanlar ve y\u00f6neticiler bu e\u011fitimden yarar sa\u011flayabilecektir. &nbsp; Hedeflenen Sonu\u00e7 Bu e\u011fitimde, kat\u0131l\u0131mc\u0131lar\u0131n GMP- yeni g\u0131da g\u00fcvenli\u011fi standartlar\u0131ndaki...","og_url":"https:\/\/globalallianceregister.com\/tr\/services\/egitim\/turkce-yonetim-sistemleri\/turkce-krg-01-gmp-ogp-iyi-uretim-uygulamalari-ve-gereksinim-programlari-bilinclendirme-egitimi-1-gun\/","og_site_name":"Global Alliance Register","article_modified_time":"2016-02-04T15:28:57+00:00","og_image":[{"width":614,"height":200,"url":"https:\/\/globalallianceregister.com\/wp-content\/uploads\/2015\/08\/Training-Inner-Page.jpg","type":"image\/jpeg"}],"twitter_misc":{"Tahmini okuma s\u00fcresi":"1 dakika"},"schema":{"@context":"https:\/\/schema.org","@graph":[{"@type":"WebPage","@id":"https:\/\/globalallianceregister.com\/tr\/services\/egitim\/turkce-yonetim-sistemleri\/turkce-krg-01-gmp-ogp-iyi-uretim-uygulamalari-ve-gereksinim-programlari-bilinclendirme-egitimi-1-gun\/","url":"https:\/\/globalallianceregister.com\/tr\/services\/egitim\/turkce-yonetim-sistemleri\/turkce-krg-01-gmp-ogp-iyi-uretim-uygulamalari-ve-gereksinim-programlari-bilinclendirme-egitimi-1-gun\/","name":"GMP-\u00d6GP \u0130yi \u00dcretim Uygulamalar\u0131 ve \u00d6n Gereksinim Programlar\u0131 Bilin\u00e7lendirme E\u011fitimi \u2013 1 g\u00fcn - Global Alliance Register","isPartOf":{"@id":"https:\/\/globalallianceregister.com\/tr\/#website"},"primaryImageOfPage":{"@id":"https:\/\/globalallianceregister.com\/tr\/services\/egitim\/turkce-yonetim-sistemleri\/turkce-krg-01-gmp-ogp-iyi-uretim-uygulamalari-ve-gereksinim-programlari-bilinclendirme-egitimi-1-gun\/#primaryimage"},"image":{"@id":"https:\/\/globalallianceregister.com\/tr\/services\/egitim\/turkce-yonetim-sistemleri\/turkce-krg-01-gmp-ogp-iyi-uretim-uygulamalari-ve-gereksinim-programlari-bilinclendirme-egitimi-1-gun\/#primaryimage"},"thumbnailUrl":"https:\/\/globalallianceregister.com\/wp-content\/uploads\/2015\/08\/Training-Inner-Page.jpg","datePublished":"2015-01-02T18:30:38+00:00","dateModified":"2016-02-04T15:28:57+00:00","breadcrumb":{"@id":"https:\/\/globalallianceregister.com\/tr\/services\/egitim\/turkce-yonetim-sistemleri\/turkce-krg-01-gmp-ogp-iyi-uretim-uygulamalari-ve-gereksinim-programlari-bilinclendirme-egitimi-1-gun\/#breadcrumb"},"inLanguage":"tr","potentialAction":[{"@type":"ReadAction","target":[["https:\/\/globalallianceregister.com\/tr\/services\/egitim\/turkce-yonetim-sistemleri\/turkce-krg-01-gmp-ogp-iyi-uretim-uygulamalari-ve-gereksinim-programlari-bilinclendirme-egitimi-1-gun\/"]]}]},{"@type":"ImageObject","inLanguage":"tr","@id":"https:\/\/globalallianceregister.com\/tr\/services\/egitim\/turkce-yonetim-sistemleri\/turkce-krg-01-gmp-ogp-iyi-uretim-uygulamalari-ve-gereksinim-programlari-bilinclendirme-egitimi-1-gun\/#primaryimage","url":"https:\/\/globalallianceregister.com\/wp-content\/uploads\/2015\/08\/Training-Inner-Page.jpg","contentUrl":"https:\/\/globalallianceregister.com\/wp-content\/uploads\/2015\/08\/Training-Inner-Page.jpg","width":614,"height":200},{"@type":"BreadcrumbList","@id":"https:\/\/globalallianceregister.com\/tr\/services\/egitim\/turkce-yonetim-sistemleri\/turkce-krg-01-gmp-ogp-iyi-uretim-uygulamalari-ve-gereksinim-programlari-bilinclendirme-egitimi-1-gun\/#breadcrumb","itemListElement":[{"@type":"ListItem","position":1,"name":"Anasayfa","item":"https:\/\/globalallianceregister.com\/tr\/"},{"@type":"ListItem","position":2,"name":"GMP-\u00d6GP \u0130yi \u00dcretim Uygulamalar\u0131 ve \u00d6n Gereksinim Programlar\u0131 Bilin\u00e7lendirme E\u011fitimi \u2013 1 g\u00fcn"}]},{"@type":"WebSite","@id":"https:\/\/globalallianceregister.com\/tr\/#website","url":"https:\/\/globalallianceregister.com\/tr\/","name":"Global Alliance Register","description":"(EN) Together for Excellence","potentialAction":[{"@type":"SearchAction","target":{"@type":"EntryPoint","urlTemplate":"https:\/\/globalallianceregister.com\/tr\/?s={search_term_string}"},"query-input":{"@type":"PropertyValueSpecification","valueRequired":true,"valueName":"search_term_string"}}],"inLanguage":"tr"}]}},"_links":{"self":[{"href":"https:\/\/globalallianceregister.com\/tr\/wp-json\/wp\/v2\/pages\/2436","targetHints":{"allow":["GET"]}}],"collection":[{"href":"https:\/\/globalallianceregister.com\/tr\/wp-json\/wp\/v2\/pages"}],"about":[{"href":"https:\/\/globalallianceregister.com\/tr\/wp-json\/wp\/v2\/types\/page"}],"author":[{"embeddable":true,"href":"https:\/\/globalallianceregister.com\/tr\/wp-json\/wp\/v2\/users\/10"}],"replies":[{"embeddable":true,"href":"https:\/\/globalallianceregister.com\/tr\/wp-json\/wp\/v2\/comments?post=2436"}],"version-history":[{"count":0,"href":"https:\/\/globalallianceregister.com\/tr\/wp-json\/wp\/v2\/pages\/2436\/revisions"}],"up":[{"embeddable":true,"href":"https:\/\/globalallianceregister.com\/tr\/wp-json\/wp\/v2\/pages\/2143"}],"wp:featuredmedia":[{"embeddable":true,"href":"https:\/\/globalallianceregister.com\/tr\/wp-json\/wp\/v2\/media\/5171"}],"wp:attachment":[{"href":"https:\/\/globalallianceregister.com\/tr\/wp-json\/wp\/v2\/media?parent=2436"}],"curies":[{"name":"wp","href":"https:\/\/api.w.org\/{rel}","templated":true}]}}