{"id":2439,"date":"2015-01-02T18:34:38","date_gmt":"2015-01-02T18:34:38","guid":{"rendered":"https:\/\/globalallianceregister.com\/?page_id=2439"},"modified":"2016-02-04T15:19:58","modified_gmt":"2016-02-04T15:19:58","slug":"turkce-st-11-musteri-iliskileri-yonetimi-2-gun","status":"publish","type":"page","link":"https:\/\/globalallianceregister.com\/tr\/services\/egitim\/turkce-satis-yonetimi-egitim-programi\/turkce-st-11-musteri-iliskileri-yonetimi-2-gun\/","title":{"rendered":"ST 11 M\u00fc\u015fteri \u0130li\u015fkileri Y\u00f6netimi 2 G\u00fcn"},"content":{"rendered":"<p><strong>Kat\u0131l\u0131mc\u0131 Profili<\/strong><\/p>\n<ul>\n<li>Medyan\u0131zda m\u00fc\u015fteri ile ili\u015fkide olan departman \u00e7al\u0131\u015fanlar\u0131 Sat\u0131\u015f-Pazarlama-Sat\u0131\u015f Sonras\u0131 Hizmetler Departmanlar\u0131nda G\u00f6revli Y\u00f6neticiler ve Uygulama Sorumlular\u0131<\/li>\n<\/ul>\n<p>\u00a0 <strong>Hedeflenen Sonu\u00e7<\/strong><\/p>\n<ul>\n<li>\u015eirketlerde ger\u00e7ekle\u015ftirilen Sat\u0131\u015f \u00d6ncesi &#8211; Sat\u0131\u015f S\u0131ras\u0131 ve Sat\u0131\u015f Sonras\u0131 faaliyetlerin etkin olarak entegrasyonunu sa\u011flayacak M\u00fc\u015fteri \u0130li\u015fkileri Y\u00f6netimi ile ilgili uygulama a\u011f\u0131rl\u0131kl\u0131 bilgi payla\u015f\u0131m\u0131n\u0131n ger\u00e7ekle\u015ftirilmesi<\/li>\n<\/ul>\n<p>\u00a0 <strong>E\u011fitim \u0130\u00e7eri\u011fi<\/strong><\/p>\n<ul>\n<li>M\u00dc\u015eTER\u0130 \u0130L\u0130\u015eK\u0130LER\u0130 Y\u00d6NET\u0130M D\u00dcNYASINDA YOLCULUK\n<ul>\n<li>M\u00fc\u015fteri<\/li>\n<li>\u0130li\u015fki<\/li>\n<li>\u0130leti\u015fim<\/li>\n<li>Y\u00f6netim<\/li>\n<li>M\u00fc\u015fteri \u0130li\u015fkileri Y\u00f6netimi<\/li>\n<\/ul>\n<\/li>\n<li>M\u00dc\u015eTERI \u0130L\u0130\u015eK\u0130LER\u0130 Y\u00d6NET\u0130M\u0130N\u0130N K\u0130LOMETRE TA\u015eLARI\n<ul>\n<li>Pazarlama Y\u00f6netimi\n<ul>\n<li>Hedef kitlesinin objektif kriterlere g\u00f6re se\u00e7ilmesi<\/li>\n<li>Hedef kitlesi ile birebir \u00f6rt\u00fc\u015fen etkinli\u011fin y\u00fcr\u00fct\u00fclmesi<\/li>\n<li>Ger\u00e7ekle\u015ftirilen etkinlik sonu\u00e7lar\u0131n\u0131n izlenmesi<\/li>\n<li>Sosyal payla\u015f\u0131m gruplar\u0131n\u0131n olu\u015fturulmas\u0131 \u00e7al\u0131\u015fmalar\u0131<\/li>\n<\/ul>\n<\/li>\n<\/ul>\n<\/li>\n<li>Sat\u0131\u015f Faaliyetlerinin Y\u00f6netilmesi\n<ul>\n<li>Kurumsal m\u00fc\u015fteriler i\u00e7in teklif haz\u0131rlama ve takip<\/li>\n<li>Yap\u0131lan ve yap\u0131lacak g\u00f6r\u00fc\u015fmelerin takibi<\/li>\n<li>Sat\u0131\u015f kanal\u0131 y\u00f6netimi<\/li>\n<li>Da\u011f\u0131t\u0131m kanal\u0131 izlenmesi<\/li>\n<li>Sat\u0131\u015f performans \u00f6l\u00e7\u00fcmleri<\/li>\n<\/ul>\n<\/li>\n<li>Sat\u0131\u015f Sonras\u0131 Hizmetlerin Y\u00f6netilmesi\n<ul>\n<li>M\u00fc\u015fteri Temas Merkezi \/ \u00c7a\u011fr\u0131 Merkezi<\/li>\n<li>Soru\/sorun\/istek takibi<\/li>\n<li>Taleplerin yan\u0131tlanmas\u0131<\/li>\n<li>Memnuniyet \u00f6l\u00e7\u00fcm\u00fc<\/li>\n<\/ul>\n<\/li>\n<\/ul>\n<p>\u00a0 <strong>Sertifika<\/strong><\/p>\n<ul>\n<li>E\u011fitimi tamamlayan t\u00fcm kat\u0131l\u0131mc\u0131lara GLOBAL ALLIANCE ACADEMY taraf\u0131ndan, &#8221; M\u00fc\u015fteri \u0130li\u015fkileri Y\u00f6netimi E\u011fitim Kat\u0131l\u0131m Sertifikas\u0131&#8221; verilecektir.<\/li>\n<\/ul>","protected":false},"excerpt":{"rendered":"<p>Kat\u0131l\u0131mc\u0131 Profili Medyan\u0131zda m\u00fc\u015fteri ile ili\u015fkide olan departman \u00e7al\u0131\u015fanlar\u0131 Sat\u0131\u015f-Pazarlama-Sat\u0131\u015f Sonras\u0131 Hizmetler Departmanlar\u0131nda G\u00f6revli Y\u00f6neticiler ve Uygulama Sorumlular\u0131 \u00a0 Hedeflenen Sonu\u00e7 \u015eirketlerde ger\u00e7ekle\u015ftirilen Sat\u0131\u015f \u00d6ncesi &#8211; Sat\u0131\u015f S\u0131ras\u0131 ve Sat\u0131\u015f&#8230; <\/p>\n","protected":false},"author":10,"featured_media":5171,"parent":2160,"menu_order":11,"comment_status":"closed","ping_status":"closed","template":"page-full.php","meta":{"_acf_changed":false,"om_disable_all_campaigns":false,"footnotes":""},"class_list":["post-2439","page","type-page","status-publish","has-post-thumbnail","hentry"],"acf":[],"yoast_head":"<!-- This site is optimized with the Yoast SEO plugin v27.4 - https:\/\/yoast.com\/product\/yoast-seo-wordpress\/ -->\n<title>ST 11 M\u00fc\u015fteri \u0130li\u015fkileri Y\u00f6netimi 2 G\u00fcn - Global Alliance Register<\/title>\n<meta name=\"robots\" content=\"index, follow, max-snippet:-1, max-image-preview:large, max-video-preview:-1\" \/>\n<link rel=\"canonical\" href=\"https:\/\/globalallianceregister.com\/tr\/services\/egitim\/turkce-satis-yonetimi-egitim-programi\/turkce-st-11-musteri-iliskileri-yonetimi-2-gun\/\" \/>\n<meta property=\"og:locale\" content=\"tr_TR\" \/>\n<meta property=\"og:type\" content=\"article\" \/>\n<meta property=\"og:title\" content=\"ST 11 M\u00fc\u015fteri \u0130li\u015fkileri Y\u00f6netimi 2 G\u00fcn - Global Alliance Register\" \/>\n<meta property=\"og:description\" content=\"Kat\u0131l\u0131mc\u0131 Profili Medyan\u0131zda m\u00fc\u015fteri ile ili\u015fkide olan departman \u00e7al\u0131\u015fanlar\u0131 Sat\u0131\u015f-Pazarlama-Sat\u0131\u015f Sonras\u0131 Hizmetler Departmanlar\u0131nda G\u00f6revli Y\u00f6neticiler ve Uygulama Sorumlular\u0131 \u00a0 Hedeflenen Sonu\u00e7 \u015eirketlerde ger\u00e7ekle\u015ftirilen Sat\u0131\u015f \u00d6ncesi &#8211; Sat\u0131\u015f S\u0131ras\u0131 ve Sat\u0131\u015f...\" \/>\n<meta property=\"og:url\" content=\"https:\/\/globalallianceregister.com\/tr\/services\/egitim\/turkce-satis-yonetimi-egitim-programi\/turkce-st-11-musteri-iliskileri-yonetimi-2-gun\/\" \/>\n<meta property=\"og:site_name\" content=\"Global Alliance Register\" \/>\n<meta property=\"article:modified_time\" content=\"2016-02-04T15:19:58+00:00\" \/>\n<meta property=\"og:image\" content=\"https:\/\/globalallianceregister.com\/wp-content\/uploads\/2015\/08\/Training-Inner-Page.jpg\" \/>\n\t<meta property=\"og:image:width\" content=\"614\" \/>\n\t<meta property=\"og:image:height\" content=\"200\" \/>\n\t<meta property=\"og:image:type\" content=\"image\/jpeg\" \/>\n<meta name=\"twitter:label1\" content=\"Tahmini okuma s\u00fcresi\" \/>\n\t<meta name=\"twitter:data1\" content=\"1 dakika\" \/>\n<script type=\"application\/ld+json\" class=\"yoast-schema-graph\">{\"@context\":\"https:\\\/\\\/schema.org\",\"@graph\":[{\"@type\":\"WebPage\",\"@id\":\"https:\\\/\\\/globalallianceregister.com\\\/tr\\\/services\\\/egitim\\\/turkce-satis-yonetimi-egitim-programi\\\/turkce-st-11-musteri-iliskileri-yonetimi-2-gun\\\/\",\"url\":\"https:\\\/\\\/globalallianceregister.com\\\/tr\\\/services\\\/egitim\\\/turkce-satis-yonetimi-egitim-programi\\\/turkce-st-11-musteri-iliskileri-yonetimi-2-gun\\\/\",\"name\":\"ST 11 M\u00fc\u015fteri \u0130li\u015fkileri Y\u00f6netimi 2 G\u00fcn - Global Alliance Register\",\"isPartOf\":{\"@id\":\"https:\\\/\\\/globalallianceregister.com\\\/tr\\\/#website\"},\"primaryImageOfPage\":{\"@id\":\"https:\\\/\\\/globalallianceregister.com\\\/tr\\\/services\\\/egitim\\\/turkce-satis-yonetimi-egitim-programi\\\/turkce-st-11-musteri-iliskileri-yonetimi-2-gun\\\/#primaryimage\"},\"image\":{\"@id\":\"https:\\\/\\\/globalallianceregister.com\\\/tr\\\/services\\\/egitim\\\/turkce-satis-yonetimi-egitim-programi\\\/turkce-st-11-musteri-iliskileri-yonetimi-2-gun\\\/#primaryimage\"},\"thumbnailUrl\":\"https:\\\/\\\/globalallianceregister.com\\\/wp-content\\\/uploads\\\/2015\\\/08\\\/Training-Inner-Page.jpg\",\"datePublished\":\"2015-01-02T18:34:38+00:00\",\"dateModified\":\"2016-02-04T15:19:58+00:00\",\"breadcrumb\":{\"@id\":\"https:\\\/\\\/globalallianceregister.com\\\/tr\\\/services\\\/egitim\\\/turkce-satis-yonetimi-egitim-programi\\\/turkce-st-11-musteri-iliskileri-yonetimi-2-gun\\\/#breadcrumb\"},\"inLanguage\":\"tr\",\"potentialAction\":[{\"@type\":\"ReadAction\",\"target\":[[\"https:\\\/\\\/globalallianceregister.com\\\/tr\\\/services\\\/egitim\\\/turkce-satis-yonetimi-egitim-programi\\\/turkce-st-11-musteri-iliskileri-yonetimi-2-gun\\\/\"]]}]},{\"@type\":\"ImageObject\",\"inLanguage\":\"tr\",\"@id\":\"https:\\\/\\\/globalallianceregister.com\\\/tr\\\/services\\\/egitim\\\/turkce-satis-yonetimi-egitim-programi\\\/turkce-st-11-musteri-iliskileri-yonetimi-2-gun\\\/#primaryimage\",\"url\":\"https:\\\/\\\/globalallianceregister.com\\\/wp-content\\\/uploads\\\/2015\\\/08\\\/Training-Inner-Page.jpg\",\"contentUrl\":\"https:\\\/\\\/globalallianceregister.com\\\/wp-content\\\/uploads\\\/2015\\\/08\\\/Training-Inner-Page.jpg\",\"width\":614,\"height\":200},{\"@type\":\"BreadcrumbList\",\"@id\":\"https:\\\/\\\/globalallianceregister.com\\\/tr\\\/services\\\/egitim\\\/turkce-satis-yonetimi-egitim-programi\\\/turkce-st-11-musteri-iliskileri-yonetimi-2-gun\\\/#breadcrumb\",\"itemListElement\":[{\"@type\":\"ListItem\",\"position\":1,\"name\":\"Anasayfa\",\"item\":\"https:\\\/\\\/globalallianceregister.com\\\/tr\\\/\"},{\"@type\":\"ListItem\",\"position\":2,\"name\":\"ST 11 M\u00fc\u015fteri \u0130li\u015fkileri Y\u00f6netimi 2 G\u00fcn\"}]},{\"@type\":\"WebSite\",\"@id\":\"https:\\\/\\\/globalallianceregister.com\\\/tr\\\/#website\",\"url\":\"https:\\\/\\\/globalallianceregister.com\\\/tr\\\/\",\"name\":\"Global Alliance Register\",\"description\":\"(EN) Together for Excellence\",\"potentialAction\":[{\"@type\":\"SearchAction\",\"target\":{\"@type\":\"EntryPoint\",\"urlTemplate\":\"https:\\\/\\\/globalallianceregister.com\\\/tr\\\/?s={search_term_string}\"},\"query-input\":{\"@type\":\"PropertyValueSpecification\",\"valueRequired\":true,\"valueName\":\"search_term_string\"}}],\"inLanguage\":\"tr\"}]}<\/script>\n<!-- \/ Yoast SEO plugin. -->","yoast_head_json":{"title":"ST 11 M\u00fc\u015fteri \u0130li\u015fkileri Y\u00f6netimi 2 G\u00fcn - Global Alliance Register","robots":{"index":"index","follow":"follow","max-snippet":"max-snippet:-1","max-image-preview":"max-image-preview:large","max-video-preview":"max-video-preview:-1"},"canonical":"https:\/\/globalallianceregister.com\/tr\/services\/egitim\/turkce-satis-yonetimi-egitim-programi\/turkce-st-11-musteri-iliskileri-yonetimi-2-gun\/","og_locale":"tr_TR","og_type":"article","og_title":"ST 11 M\u00fc\u015fteri \u0130li\u015fkileri Y\u00f6netimi 2 G\u00fcn - Global Alliance Register","og_description":"Kat\u0131l\u0131mc\u0131 Profili Medyan\u0131zda m\u00fc\u015fteri ile ili\u015fkide olan departman \u00e7al\u0131\u015fanlar\u0131 Sat\u0131\u015f-Pazarlama-Sat\u0131\u015f Sonras\u0131 Hizmetler Departmanlar\u0131nda G\u00f6revli Y\u00f6neticiler ve Uygulama Sorumlular\u0131 \u00a0 Hedeflenen Sonu\u00e7 \u015eirketlerde ger\u00e7ekle\u015ftirilen Sat\u0131\u015f \u00d6ncesi &#8211; Sat\u0131\u015f S\u0131ras\u0131 ve Sat\u0131\u015f...","og_url":"https:\/\/globalallianceregister.com\/tr\/services\/egitim\/turkce-satis-yonetimi-egitim-programi\/turkce-st-11-musteri-iliskileri-yonetimi-2-gun\/","og_site_name":"Global Alliance Register","article_modified_time":"2016-02-04T15:19:58+00:00","og_image":[{"width":614,"height":200,"url":"https:\/\/globalallianceregister.com\/wp-content\/uploads\/2015\/08\/Training-Inner-Page.jpg","type":"image\/jpeg"}],"twitter_misc":{"Tahmini okuma s\u00fcresi":"1 dakika"},"schema":{"@context":"https:\/\/schema.org","@graph":[{"@type":"WebPage","@id":"https:\/\/globalallianceregister.com\/tr\/services\/egitim\/turkce-satis-yonetimi-egitim-programi\/turkce-st-11-musteri-iliskileri-yonetimi-2-gun\/","url":"https:\/\/globalallianceregister.com\/tr\/services\/egitim\/turkce-satis-yonetimi-egitim-programi\/turkce-st-11-musteri-iliskileri-yonetimi-2-gun\/","name":"ST 11 M\u00fc\u015fteri \u0130li\u015fkileri Y\u00f6netimi 2 G\u00fcn - Global Alliance Register","isPartOf":{"@id":"https:\/\/globalallianceregister.com\/tr\/#website"},"primaryImageOfPage":{"@id":"https:\/\/globalallianceregister.com\/tr\/services\/egitim\/turkce-satis-yonetimi-egitim-programi\/turkce-st-11-musteri-iliskileri-yonetimi-2-gun\/#primaryimage"},"image":{"@id":"https:\/\/globalallianceregister.com\/tr\/services\/egitim\/turkce-satis-yonetimi-egitim-programi\/turkce-st-11-musteri-iliskileri-yonetimi-2-gun\/#primaryimage"},"thumbnailUrl":"https:\/\/globalallianceregister.com\/wp-content\/uploads\/2015\/08\/Training-Inner-Page.jpg","datePublished":"2015-01-02T18:34:38+00:00","dateModified":"2016-02-04T15:19:58+00:00","breadcrumb":{"@id":"https:\/\/globalallianceregister.com\/tr\/services\/egitim\/turkce-satis-yonetimi-egitim-programi\/turkce-st-11-musteri-iliskileri-yonetimi-2-gun\/#breadcrumb"},"inLanguage":"tr","potentialAction":[{"@type":"ReadAction","target":[["https:\/\/globalallianceregister.com\/tr\/services\/egitim\/turkce-satis-yonetimi-egitim-programi\/turkce-st-11-musteri-iliskileri-yonetimi-2-gun\/"]]}]},{"@type":"ImageObject","inLanguage":"tr","@id":"https:\/\/globalallianceregister.com\/tr\/services\/egitim\/turkce-satis-yonetimi-egitim-programi\/turkce-st-11-musteri-iliskileri-yonetimi-2-gun\/#primaryimage","url":"https:\/\/globalallianceregister.com\/wp-content\/uploads\/2015\/08\/Training-Inner-Page.jpg","contentUrl":"https:\/\/globalallianceregister.com\/wp-content\/uploads\/2015\/08\/Training-Inner-Page.jpg","width":614,"height":200},{"@type":"BreadcrumbList","@id":"https:\/\/globalallianceregister.com\/tr\/services\/egitim\/turkce-satis-yonetimi-egitim-programi\/turkce-st-11-musteri-iliskileri-yonetimi-2-gun\/#breadcrumb","itemListElement":[{"@type":"ListItem","position":1,"name":"Anasayfa","item":"https:\/\/globalallianceregister.com\/tr\/"},{"@type":"ListItem","position":2,"name":"ST 11 M\u00fc\u015fteri \u0130li\u015fkileri Y\u00f6netimi 2 G\u00fcn"}]},{"@type":"WebSite","@id":"https:\/\/globalallianceregister.com\/tr\/#website","url":"https:\/\/globalallianceregister.com\/tr\/","name":"Global Alliance Register","description":"(EN) Together for Excellence","potentialAction":[{"@type":"SearchAction","target":{"@type":"EntryPoint","urlTemplate":"https:\/\/globalallianceregister.com\/tr\/?s={search_term_string}"},"query-input":{"@type":"PropertyValueSpecification","valueRequired":true,"valueName":"search_term_string"}}],"inLanguage":"tr"}]}},"_links":{"self":[{"href":"https:\/\/globalallianceregister.com\/tr\/wp-json\/wp\/v2\/pages\/2439","targetHints":{"allow":["GET"]}}],"collection":[{"href":"https:\/\/globalallianceregister.com\/tr\/wp-json\/wp\/v2\/pages"}],"about":[{"href":"https:\/\/globalallianceregister.com\/tr\/wp-json\/wp\/v2\/types\/page"}],"author":[{"embeddable":true,"href":"https:\/\/globalallianceregister.com\/tr\/wp-json\/wp\/v2\/users\/10"}],"replies":[{"embeddable":true,"href":"https:\/\/globalallianceregister.com\/tr\/wp-json\/wp\/v2\/comments?post=2439"}],"version-history":[{"count":0,"href":"https:\/\/globalallianceregister.com\/tr\/wp-json\/wp\/v2\/pages\/2439\/revisions"}],"up":[{"embeddable":true,"href":"https:\/\/globalallianceregister.com\/tr\/wp-json\/wp\/v2\/pages\/2160"}],"wp:featuredmedia":[{"embeddable":true,"href":"https:\/\/globalallianceregister.com\/tr\/wp-json\/wp\/v2\/media\/5171"}],"wp:attachment":[{"href":"https:\/\/globalallianceregister.com\/tr\/wp-json\/wp\/v2\/media?parent=2439"}],"curies":[{"name":"wp","href":"https:\/\/api.w.org\/{rel}","templated":true}]}}