{"id":2442,"date":"2015-01-02T18:44:38","date_gmt":"2015-01-02T18:44:38","guid":{"rendered":"https:\/\/globalallianceregister.com\/?page_id=2442"},"modified":"2016-02-04T15:11:02","modified_gmt":"2016-02-04T15:11:02","slug":"turkce-krg-03-etigi-ve-etik-kod-olusturma-formulleri-1-gun","status":"publish","type":"page","link":"https:\/\/globalallianceregister.com\/tr\/services\/egitim\/human-resources\/turkce-insan-kaynaklari-yonetimi-egitim-programi\/turkce-krg-03-etigi-ve-etik-kod-olusturma-formulleri-1-gun\/","title":{"rendered":"\u0130\u015f Eti\u011fi ve Etik Kod Olu\u015fturma Form\u00fclleri -1 g\u00fcn"},"content":{"rendered":"<p>\u00a0 <strong>Kat\u0131l\u0131mc\u0131 Profili<\/strong><\/p>\n<ul>\n<li>T\u00fcm y\u00f6netici ve \u00e7al\u0131\u015fanlar<\/li>\n<\/ul>\n<p>\u00a0 <strong>Hedeflenen Sonu\u00e7\u00a0\u00a0\u00a0<\/strong><\/p>\n<ul>\n<li>Organizasyondaki t\u00fcm y\u00f6netici ve \u00e7al\u0131\u015fanlar\u0131 bilgilendirmek, i\u015f ortam\u0131ndaki etik d\u0131\u015f\u0131 davran\u0131\u015flar\u0131n ve uygulamalar\u0131n neler olabilece\u011fi konusunda yorum yapacak \u015fekilde bilgi seviyesini art\u0131rmak ve etik ilkeler ile kurumsal de\u011ferler aras\u0131ndaki farkl\u0131l\u0131klar\u0131 kavramas\u0131na yard\u0131mc\u0131 olmakt\u0131r.<\/li>\n<\/ul>\n<p>\u00a0 <strong>E\u011fitim \u0130\u00e7eri\u011fi<\/strong><\/p>\n<ul>\n<li>K\u0131sa kalite tan\u0131m\u0131<\/li>\n<li>Kalite konusunda maliyet fakt\u00f6r\u00fc<\/li>\n<li>Etik nedir?<\/li>\n<li>Etik neden \u00f6nemlidir?<\/li>\n<li>K\u00f6t\u00fc Uygulama \u00d6rnekleri<\/li>\n<li>Y\u00f6netim standartlar\u0131 ve \u0130lgi \u00e7eli\u015fkisi<\/li>\n<li>Ofiste taciz<\/li>\n<li>\u0130nsan Kaynaklar\u0131 standartlar\u0131<\/li>\n<li>\u00dcretim\/Hizmet standartlar\u0131<\/li>\n<li>Muhasebe ve Finans Standartlar\u0131<\/li>\n<li>Politik \u0130li\u015fkiler ve Faydalar<\/li>\n<li>Pazarlama ve sat\u0131\u015f standartlar\u0131<\/li>\n<li>Sat\u0131n alma standartlar\u0131<\/li>\n<li>Etik Kod olu\u015fturma form\u00fclleri ve standardizasyon<\/li>\n<li>\u0130yi Uygulama \u00f6rnekleri<\/li>\n<\/ul>\n<p>\u00a0 <strong>Sertifika<\/strong><\/p>\n<ul>\n<li>E\u011fitimi tamamlayan t\u00fcm kat\u0131l\u0131mc\u0131lara GLOBAL ALLIANCE ACADEMY taraf\u0131ndan \u201c \u0130\u015f eti\u011fi ve etik kod olu\u015fturma form\u00fclleri Kat\u0131l\u0131m Sertifikas\u0131\u201d d\u00fczenlenecektir.<\/li>\n<\/ul>\n<p>\u00a0 <strong>\u00a0<\/strong><\/p>","protected":false},"excerpt":{"rendered":"<p>\u00a0 Kat\u0131l\u0131mc\u0131 Profili T\u00fcm y\u00f6netici ve \u00e7al\u0131\u015fanlar \u00a0 Hedeflenen Sonu\u00e7\u00a0\u00a0\u00a0 Organizasyondaki t\u00fcm y\u00f6netici ve \u00e7al\u0131\u015fanlar\u0131 bilgilendirmek, i\u015f ortam\u0131ndaki etik d\u0131\u015f\u0131 davran\u0131\u015flar\u0131n ve uygulamalar\u0131n neler olabilece\u011fi konusunda yorum yapacak \u015fekilde bilgi&#8230; <\/p>\n","protected":false},"author":10,"featured_media":5171,"parent":2167,"menu_order":5,"comment_status":"closed","ping_status":"closed","template":"page-full.php","meta":{"_acf_changed":false,"om_disable_all_campaigns":false,"footnotes":""},"class_list":["post-2442","page","type-page","status-publish","has-post-thumbnail","hentry"],"acf":[],"yoast_head":"<!-- This site is optimized with the Yoast SEO plugin v27.4 - https:\/\/yoast.com\/product\/yoast-seo-wordpress\/ -->\n<title>\u0130\u015f Eti\u011fi ve Etik Kod Olu\u015fturma Form\u00fclleri -1 g\u00fcn - Global Alliance Register<\/title>\n<meta name=\"robots\" content=\"index, follow, max-snippet:-1, max-image-preview:large, max-video-preview:-1\" \/>\n<link rel=\"canonical\" href=\"https:\/\/globalallianceregister.com\/tr\/services\/egitim\/human-resources\/turkce-insan-kaynaklari-yonetimi-egitim-programi\/turkce-krg-03-etigi-ve-etik-kod-olusturma-formulleri-1-gun\/\" \/>\n<meta property=\"og:locale\" content=\"tr_TR\" \/>\n<meta property=\"og:type\" content=\"article\" \/>\n<meta property=\"og:title\" content=\"\u0130\u015f Eti\u011fi ve Etik Kod Olu\u015fturma Form\u00fclleri -1 g\u00fcn - Global Alliance Register\" \/>\n<meta property=\"og:description\" content=\"\u00a0 Kat\u0131l\u0131mc\u0131 Profili T\u00fcm y\u00f6netici ve \u00e7al\u0131\u015fanlar \u00a0 Hedeflenen Sonu\u00e7\u00a0\u00a0\u00a0 Organizasyondaki t\u00fcm y\u00f6netici ve \u00e7al\u0131\u015fanlar\u0131 bilgilendirmek, i\u015f ortam\u0131ndaki etik d\u0131\u015f\u0131 davran\u0131\u015flar\u0131n ve uygulamalar\u0131n neler olabilece\u011fi konusunda yorum yapacak \u015fekilde bilgi...\" \/>\n<meta property=\"og:url\" content=\"https:\/\/globalallianceregister.com\/tr\/services\/egitim\/human-resources\/turkce-insan-kaynaklari-yonetimi-egitim-programi\/turkce-krg-03-etigi-ve-etik-kod-olusturma-formulleri-1-gun\/\" \/>\n<meta property=\"og:site_name\" content=\"Global Alliance Register\" \/>\n<meta property=\"article:modified_time\" content=\"2016-02-04T15:11:02+00:00\" \/>\n<meta property=\"og:image\" content=\"https:\/\/globalallianceregister.com\/wp-content\/uploads\/2015\/08\/Training-Inner-Page.jpg\" \/>\n\t<meta property=\"og:image:width\" content=\"614\" \/>\n\t<meta property=\"og:image:height\" content=\"200\" \/>\n\t<meta property=\"og:image:type\" content=\"image\/jpeg\" \/>\n<meta name=\"twitter:label1\" content=\"Tahmini okuma s\u00fcresi\" \/>\n\t<meta name=\"twitter:data1\" content=\"1 dakika\" \/>\n<script type=\"application\/ld+json\" class=\"yoast-schema-graph\">{\"@context\":\"https:\\\/\\\/schema.org\",\"@graph\":[{\"@type\":\"WebPage\",\"@id\":\"https:\\\/\\\/globalallianceregister.com\\\/tr\\\/services\\\/egitim\\\/human-resources\\\/turkce-insan-kaynaklari-yonetimi-egitim-programi\\\/turkce-krg-03-etigi-ve-etik-kod-olusturma-formulleri-1-gun\\\/\",\"url\":\"https:\\\/\\\/globalallianceregister.com\\\/tr\\\/services\\\/egitim\\\/human-resources\\\/turkce-insan-kaynaklari-yonetimi-egitim-programi\\\/turkce-krg-03-etigi-ve-etik-kod-olusturma-formulleri-1-gun\\\/\",\"name\":\"\u0130\u015f Eti\u011fi ve Etik Kod Olu\u015fturma Form\u00fclleri -1 g\u00fcn - Global Alliance Register\",\"isPartOf\":{\"@id\":\"https:\\\/\\\/globalallianceregister.com\\\/tr\\\/#website\"},\"primaryImageOfPage\":{\"@id\":\"https:\\\/\\\/globalallianceregister.com\\\/tr\\\/services\\\/egitim\\\/human-resources\\\/turkce-insan-kaynaklari-yonetimi-egitim-programi\\\/turkce-krg-03-etigi-ve-etik-kod-olusturma-formulleri-1-gun\\\/#primaryimage\"},\"image\":{\"@id\":\"https:\\\/\\\/globalallianceregister.com\\\/tr\\\/services\\\/egitim\\\/human-resources\\\/turkce-insan-kaynaklari-yonetimi-egitim-programi\\\/turkce-krg-03-etigi-ve-etik-kod-olusturma-formulleri-1-gun\\\/#primaryimage\"},\"thumbnailUrl\":\"https:\\\/\\\/globalallianceregister.com\\\/wp-content\\\/uploads\\\/2015\\\/08\\\/Training-Inner-Page.jpg\",\"datePublished\":\"2015-01-02T18:44:38+00:00\",\"dateModified\":\"2016-02-04T15:11:02+00:00\",\"breadcrumb\":{\"@id\":\"https:\\\/\\\/globalallianceregister.com\\\/tr\\\/services\\\/egitim\\\/human-resources\\\/turkce-insan-kaynaklari-yonetimi-egitim-programi\\\/turkce-krg-03-etigi-ve-etik-kod-olusturma-formulleri-1-gun\\\/#breadcrumb\"},\"inLanguage\":\"tr\",\"potentialAction\":[{\"@type\":\"ReadAction\",\"target\":[[\"https:\\\/\\\/globalallianceregister.com\\\/tr\\\/services\\\/egitim\\\/human-resources\\\/turkce-insan-kaynaklari-yonetimi-egitim-programi\\\/turkce-krg-03-etigi-ve-etik-kod-olusturma-formulleri-1-gun\\\/\"]]}]},{\"@type\":\"ImageObject\",\"inLanguage\":\"tr\",\"@id\":\"https:\\\/\\\/globalallianceregister.com\\\/tr\\\/services\\\/egitim\\\/human-resources\\\/turkce-insan-kaynaklari-yonetimi-egitim-programi\\\/turkce-krg-03-etigi-ve-etik-kod-olusturma-formulleri-1-gun\\\/#primaryimage\",\"url\":\"https:\\\/\\\/globalallianceregister.com\\\/wp-content\\\/uploads\\\/2015\\\/08\\\/Training-Inner-Page.jpg\",\"contentUrl\":\"https:\\\/\\\/globalallianceregister.com\\\/wp-content\\\/uploads\\\/2015\\\/08\\\/Training-Inner-Page.jpg\",\"width\":614,\"height\":200},{\"@type\":\"BreadcrumbList\",\"@id\":\"https:\\\/\\\/globalallianceregister.com\\\/tr\\\/services\\\/egitim\\\/human-resources\\\/turkce-insan-kaynaklari-yonetimi-egitim-programi\\\/turkce-krg-03-etigi-ve-etik-kod-olusturma-formulleri-1-gun\\\/#breadcrumb\",\"itemListElement\":[{\"@type\":\"ListItem\",\"position\":1,\"name\":\"Anasayfa\",\"item\":\"https:\\\/\\\/globalallianceregister.com\\\/tr\\\/\"},{\"@type\":\"ListItem\",\"position\":2,\"name\":\"\u0130\u015f Eti\u011fi ve Etik Kod Olu\u015fturma Form\u00fclleri -1 g\u00fcn\"}]},{\"@type\":\"WebSite\",\"@id\":\"https:\\\/\\\/globalallianceregister.com\\\/tr\\\/#website\",\"url\":\"https:\\\/\\\/globalallianceregister.com\\\/tr\\\/\",\"name\":\"Global Alliance Register\",\"description\":\"(EN) Together for Excellence\",\"potentialAction\":[{\"@type\":\"SearchAction\",\"target\":{\"@type\":\"EntryPoint\",\"urlTemplate\":\"https:\\\/\\\/globalallianceregister.com\\\/tr\\\/?s={search_term_string}\"},\"query-input\":{\"@type\":\"PropertyValueSpecification\",\"valueRequired\":true,\"valueName\":\"search_term_string\"}}],\"inLanguage\":\"tr\"}]}<\/script>\n<!-- \/ Yoast SEO plugin. -->","yoast_head_json":{"title":"\u0130\u015f Eti\u011fi ve Etik Kod Olu\u015fturma Form\u00fclleri -1 g\u00fcn - Global Alliance Register","robots":{"index":"index","follow":"follow","max-snippet":"max-snippet:-1","max-image-preview":"max-image-preview:large","max-video-preview":"max-video-preview:-1"},"canonical":"https:\/\/globalallianceregister.com\/tr\/services\/egitim\/human-resources\/turkce-insan-kaynaklari-yonetimi-egitim-programi\/turkce-krg-03-etigi-ve-etik-kod-olusturma-formulleri-1-gun\/","og_locale":"tr_TR","og_type":"article","og_title":"\u0130\u015f Eti\u011fi ve Etik Kod Olu\u015fturma Form\u00fclleri -1 g\u00fcn - Global Alliance Register","og_description":"\u00a0 Kat\u0131l\u0131mc\u0131 Profili T\u00fcm y\u00f6netici ve \u00e7al\u0131\u015fanlar \u00a0 Hedeflenen Sonu\u00e7\u00a0\u00a0\u00a0 Organizasyondaki t\u00fcm y\u00f6netici ve \u00e7al\u0131\u015fanlar\u0131 bilgilendirmek, i\u015f ortam\u0131ndaki etik d\u0131\u015f\u0131 davran\u0131\u015flar\u0131n ve uygulamalar\u0131n neler olabilece\u011fi konusunda yorum yapacak \u015fekilde bilgi...","og_url":"https:\/\/globalallianceregister.com\/tr\/services\/egitim\/human-resources\/turkce-insan-kaynaklari-yonetimi-egitim-programi\/turkce-krg-03-etigi-ve-etik-kod-olusturma-formulleri-1-gun\/","og_site_name":"Global Alliance Register","article_modified_time":"2016-02-04T15:11:02+00:00","og_image":[{"width":614,"height":200,"url":"https:\/\/globalallianceregister.com\/wp-content\/uploads\/2015\/08\/Training-Inner-Page.jpg","type":"image\/jpeg"}],"twitter_misc":{"Tahmini okuma s\u00fcresi":"1 dakika"},"schema":{"@context":"https:\/\/schema.org","@graph":[{"@type":"WebPage","@id":"https:\/\/globalallianceregister.com\/tr\/services\/egitim\/human-resources\/turkce-insan-kaynaklari-yonetimi-egitim-programi\/turkce-krg-03-etigi-ve-etik-kod-olusturma-formulleri-1-gun\/","url":"https:\/\/globalallianceregister.com\/tr\/services\/egitim\/human-resources\/turkce-insan-kaynaklari-yonetimi-egitim-programi\/turkce-krg-03-etigi-ve-etik-kod-olusturma-formulleri-1-gun\/","name":"\u0130\u015f Eti\u011fi ve Etik Kod Olu\u015fturma Form\u00fclleri -1 g\u00fcn - Global Alliance Register","isPartOf":{"@id":"https:\/\/globalallianceregister.com\/tr\/#website"},"primaryImageOfPage":{"@id":"https:\/\/globalallianceregister.com\/tr\/services\/egitim\/human-resources\/turkce-insan-kaynaklari-yonetimi-egitim-programi\/turkce-krg-03-etigi-ve-etik-kod-olusturma-formulleri-1-gun\/#primaryimage"},"image":{"@id":"https:\/\/globalallianceregister.com\/tr\/services\/egitim\/human-resources\/turkce-insan-kaynaklari-yonetimi-egitim-programi\/turkce-krg-03-etigi-ve-etik-kod-olusturma-formulleri-1-gun\/#primaryimage"},"thumbnailUrl":"https:\/\/globalallianceregister.com\/wp-content\/uploads\/2015\/08\/Training-Inner-Page.jpg","datePublished":"2015-01-02T18:44:38+00:00","dateModified":"2016-02-04T15:11:02+00:00","breadcrumb":{"@id":"https:\/\/globalallianceregister.com\/tr\/services\/egitim\/human-resources\/turkce-insan-kaynaklari-yonetimi-egitim-programi\/turkce-krg-03-etigi-ve-etik-kod-olusturma-formulleri-1-gun\/#breadcrumb"},"inLanguage":"tr","potentialAction":[{"@type":"ReadAction","target":[["https:\/\/globalallianceregister.com\/tr\/services\/egitim\/human-resources\/turkce-insan-kaynaklari-yonetimi-egitim-programi\/turkce-krg-03-etigi-ve-etik-kod-olusturma-formulleri-1-gun\/"]]}]},{"@type":"ImageObject","inLanguage":"tr","@id":"https:\/\/globalallianceregister.com\/tr\/services\/egitim\/human-resources\/turkce-insan-kaynaklari-yonetimi-egitim-programi\/turkce-krg-03-etigi-ve-etik-kod-olusturma-formulleri-1-gun\/#primaryimage","url":"https:\/\/globalallianceregister.com\/wp-content\/uploads\/2015\/08\/Training-Inner-Page.jpg","contentUrl":"https:\/\/globalallianceregister.com\/wp-content\/uploads\/2015\/08\/Training-Inner-Page.jpg","width":614,"height":200},{"@type":"BreadcrumbList","@id":"https:\/\/globalallianceregister.com\/tr\/services\/egitim\/human-resources\/turkce-insan-kaynaklari-yonetimi-egitim-programi\/turkce-krg-03-etigi-ve-etik-kod-olusturma-formulleri-1-gun\/#breadcrumb","itemListElement":[{"@type":"ListItem","position":1,"name":"Anasayfa","item":"https:\/\/globalallianceregister.com\/tr\/"},{"@type":"ListItem","position":2,"name":"\u0130\u015f Eti\u011fi ve Etik Kod Olu\u015fturma Form\u00fclleri -1 g\u00fcn"}]},{"@type":"WebSite","@id":"https:\/\/globalallianceregister.com\/tr\/#website","url":"https:\/\/globalallianceregister.com\/tr\/","name":"Global Alliance Register","description":"(EN) Together for Excellence","potentialAction":[{"@type":"SearchAction","target":{"@type":"EntryPoint","urlTemplate":"https:\/\/globalallianceregister.com\/tr\/?s={search_term_string}"},"query-input":{"@type":"PropertyValueSpecification","valueRequired":true,"valueName":"search_term_string"}}],"inLanguage":"tr"}]}},"_links":{"self":[{"href":"https:\/\/globalallianceregister.com\/tr\/wp-json\/wp\/v2\/pages\/2442","targetHints":{"allow":["GET"]}}],"collection":[{"href":"https:\/\/globalallianceregister.com\/tr\/wp-json\/wp\/v2\/pages"}],"about":[{"href":"https:\/\/globalallianceregister.com\/tr\/wp-json\/wp\/v2\/types\/page"}],"author":[{"embeddable":true,"href":"https:\/\/globalallianceregister.com\/tr\/wp-json\/wp\/v2\/users\/10"}],"replies":[{"embeddable":true,"href":"https:\/\/globalallianceregister.com\/tr\/wp-json\/wp\/v2\/comments?post=2442"}],"version-history":[{"count":0,"href":"https:\/\/globalallianceregister.com\/tr\/wp-json\/wp\/v2\/pages\/2442\/revisions"}],"up":[{"embeddable":true,"href":"https:\/\/globalallianceregister.com\/tr\/wp-json\/wp\/v2\/pages\/2167"}],"wp:featuredmedia":[{"embeddable":true,"href":"https:\/\/globalallianceregister.com\/tr\/wp-json\/wp\/v2\/media\/5171"}],"wp:attachment":[{"href":"https:\/\/globalallianceregister.com\/tr\/wp-json\/wp\/v2\/media?parent=2442"}],"curies":[{"name":"wp","href":"https:\/\/api.w.org\/{rel}","templated":true}]}}