{"id":2444,"date":"2015-01-02T18:46:18","date_gmt":"2015-01-02T18:46:18","guid":{"rendered":"https:\/\/globalallianceregister.com\/?page_id=2444"},"modified":"2015-12-11T17:12:25","modified_gmt":"2015-12-11T17:12:25","slug":"turkce-sec-01-cevre-boyut-etkileri-analizi-1-gun","status":"publish","type":"page","link":"https:\/\/globalallianceregister.com\/tr\/services\/egitim\/turkce-saglik-emniyet-cevre-egitim-programi\/turkce-sec-01-cevre-boyut-etkileri-analizi-1-gun\/","title":{"rendered":"SEC 01\u00a0 \u00c7evre Boyut &#038; Etkileri Analizi \u2013 1 g\u00fcn"},"content":{"rendered":"<p>\u00a0 <strong>Kat\u0131l\u0131mc\u0131 Profili<\/strong><\/p>\n<ul>\n<li>\u00c7evre Y\u00f6netim Sistemlerinin kurulmas\u0131 ve uygulanmas\u0131nda g\u00f6rev alacak \u00e7al\u0131\u015fanlar ile konu hakk\u0131nda bilgi sahibi olmas\u0131 gerekli g\u00f6r\u00fclen \u00e7al\u0131\u015fanlar ve y\u00f6neticiler bu e\u011fitimden yarar sa\u011flayabilecektir.<\/li>\n<\/ul>\n<p>\u00a0 <strong>Hedeflenen Sonu\u00e7<\/strong><\/p>\n<ul>\n<li>Etkin bir ISO 14001:2004 \u00c7evre Y\u00f6netim Sisteminin kurulmas\u0131 ve uygulanmas\u0131nda, \u00e7evre boyut ve etkilerinin analizi b\u00fcy\u00fck \u00f6nem ta\u015f\u0131maktad\u0131r. E\u011fitimde, bu kavramlar ile \u00e7evre boyut ve etkilerinin belirlenmesi konusunda dikkat edilmesi gerekli noktalar hakk\u0131nda, ISO14004 standard\u0131n\u0131 kapsayan bilgilerin verilmesi ama\u00e7lanmaktad\u0131r.<\/li>\n<li>E\u011fitim interaktif olarak ger\u00e7ekle\u015ftirilmekte ve anlay\u0131\u015f\u0131n peki\u015ftirilmesi i\u00e7in\u00a0 genel \u00f6rnekler verilmekte, ya\u015fanm\u0131\u015f olaylardan edinilen tecr\u00fcbeler tart\u0131\u015f\u0131lmaktad\u0131r.<\/li>\n<li>E\u011fitim sonunda, kat\u0131l\u0131mc\u0131lar, ISO 14001 ve ISO14004 standartlar\u0131ndaki \u00e7evre boyutlar\u0131 ve etkileri kavramlar\u0131 konusunda bilgi edinecekler, uygulamalar\u0131 hakk\u0131nda tecr\u00fcbe sahibi olacaklard\u0131r.<\/li>\n<\/ul>\n<p>\u00a0 <strong>E\u011fitim \u0130\u00e7eri\u011fi<\/strong><\/p>\n<ul>\n<li>\u00c7evre Kavram\u0131<\/li>\n<li>ISO14001 ve ISO14004 standartlar\u0131<\/li>\n<li>Standartta kullan\u0131lan terimlerin a\u00e7\u0131l\u0131m\u0131<\/li>\n<li>\u00c7evre boyutu ve etkisi kavramlar\u0131<\/li>\n<li>\u00c7evre boyutlar\u0131na genel bak\u0131\u015f<\/li>\n<li>Faaliyetlerin, hizmetlerin ve \u00fcr\u00fcnlerin anla\u015f\u0131lmas\u0131<\/li>\n<li>\u00c7evre Boyutlar\u0131n\u0131n belirlenmesi<\/li>\n<li>\u00c7evre etkilerinin anla\u015f\u0131lmas\u0131<\/li>\n<li>\u00d6nemli \u00e7evre boyutlar\u0131n\u0131n belirlenmesi<\/li>\n<li>\u00c7evre boyut ve etkilerinin belirlenebilmesi i\u00e7in kullan\u0131labilecek kaynaklar<\/li>\n<\/ul>\n<p>\u00a0 <strong>Sertifika<\/strong><\/p>\n<ul>\n<li>E\u011fitimi tamamlayan t\u00fcm kat\u0131l\u0131mc\u0131lara GLOBAL ALLIANCE ACADEMY taraf\u0131ndan, &#8221; \u00c7evre Boyut &amp; Etkileri Analizi E\u011fitimi Kat\u0131l\u0131m Sertifikas\u0131&#8221; verilecektir.<\/li>\n<\/ul>\n<p>&nbsp;<\/p>","protected":false},"excerpt":{"rendered":"<p>\u00a0 Kat\u0131l\u0131mc\u0131 Profili \u00c7evre Y\u00f6netim Sistemlerinin kurulmas\u0131 ve uygulanmas\u0131nda g\u00f6rev alacak \u00e7al\u0131\u015fanlar ile konu hakk\u0131nda bilgi sahibi olmas\u0131 gerekli g\u00f6r\u00fclen \u00e7al\u0131\u015fanlar ve y\u00f6neticiler bu e\u011fitimden yarar sa\u011flayabilecektir. \u00a0 Hedeflenen Sonu\u00e7&#8230; <\/p>\n","protected":false},"author":10,"featured_media":5171,"parent":2165,"menu_order":1,"comment_status":"closed","ping_status":"closed","template":"page-full.php","meta":{"_acf_changed":false,"om_disable_all_campaigns":false,"footnotes":""},"class_list":["post-2444","page","type-page","status-publish","has-post-thumbnail","hentry"],"acf":[],"yoast_head":"<!-- This site is optimized with the Yoast SEO plugin v27.4 - https:\/\/yoast.com\/product\/yoast-seo-wordpress\/ -->\n<title>SEC 01\u00a0 \u00c7evre Boyut &amp; Etkileri Analizi \u2013 1 g\u00fcn - Global Alliance Register<\/title>\n<meta name=\"robots\" content=\"index, follow, max-snippet:-1, max-image-preview:large, max-video-preview:-1\" \/>\n<link rel=\"canonical\" href=\"https:\/\/globalallianceregister.com\/tr\/services\/egitim\/turkce-saglik-emniyet-cevre-egitim-programi\/turkce-sec-01-cevre-boyut-etkileri-analizi-1-gun\/\" \/>\n<meta property=\"og:locale\" content=\"tr_TR\" \/>\n<meta property=\"og:type\" content=\"article\" \/>\n<meta property=\"og:title\" content=\"SEC 01\u00a0 \u00c7evre Boyut &amp; Etkileri Analizi \u2013 1 g\u00fcn - Global Alliance Register\" \/>\n<meta property=\"og:description\" content=\"\u00a0 Kat\u0131l\u0131mc\u0131 Profili \u00c7evre Y\u00f6netim Sistemlerinin kurulmas\u0131 ve uygulanmas\u0131nda g\u00f6rev alacak \u00e7al\u0131\u015fanlar ile konu hakk\u0131nda bilgi sahibi olmas\u0131 gerekli g\u00f6r\u00fclen \u00e7al\u0131\u015fanlar ve y\u00f6neticiler bu e\u011fitimden yarar sa\u011flayabilecektir. \u00a0 Hedeflenen Sonu\u00e7...\" \/>\n<meta property=\"og:url\" content=\"https:\/\/globalallianceregister.com\/tr\/services\/egitim\/turkce-saglik-emniyet-cevre-egitim-programi\/turkce-sec-01-cevre-boyut-etkileri-analizi-1-gun\/\" \/>\n<meta property=\"og:site_name\" content=\"Global Alliance Register\" \/>\n<meta property=\"article:modified_time\" content=\"2015-12-11T17:12:25+00:00\" \/>\n<meta property=\"og:image\" content=\"https:\/\/globalallianceregister.com\/wp-content\/uploads\/2015\/08\/Training-Inner-Page.jpg\" \/>\n\t<meta property=\"og:image:width\" content=\"614\" \/>\n\t<meta property=\"og:image:height\" content=\"200\" \/>\n\t<meta property=\"og:image:type\" content=\"image\/jpeg\" \/>\n<meta name=\"twitter:label1\" content=\"Tahmini okuma s\u00fcresi\" \/>\n\t<meta name=\"twitter:data1\" content=\"1 dakika\" \/>\n<script type=\"application\/ld+json\" class=\"yoast-schema-graph\">{\"@context\":\"https:\\\/\\\/schema.org\",\"@graph\":[{\"@type\":\"WebPage\",\"@id\":\"https:\\\/\\\/globalallianceregister.com\\\/tr\\\/services\\\/egitim\\\/turkce-saglik-emniyet-cevre-egitim-programi\\\/turkce-sec-01-cevre-boyut-etkileri-analizi-1-gun\\\/\",\"url\":\"https:\\\/\\\/globalallianceregister.com\\\/tr\\\/services\\\/egitim\\\/turkce-saglik-emniyet-cevre-egitim-programi\\\/turkce-sec-01-cevre-boyut-etkileri-analizi-1-gun\\\/\",\"name\":\"SEC 01\u00a0 \u00c7evre Boyut & Etkileri Analizi \u2013 1 g\u00fcn - Global Alliance Register\",\"isPartOf\":{\"@id\":\"https:\\\/\\\/globalallianceregister.com\\\/tr\\\/#website\"},\"primaryImageOfPage\":{\"@id\":\"https:\\\/\\\/globalallianceregister.com\\\/tr\\\/services\\\/egitim\\\/turkce-saglik-emniyet-cevre-egitim-programi\\\/turkce-sec-01-cevre-boyut-etkileri-analizi-1-gun\\\/#primaryimage\"},\"image\":{\"@id\":\"https:\\\/\\\/globalallianceregister.com\\\/tr\\\/services\\\/egitim\\\/turkce-saglik-emniyet-cevre-egitim-programi\\\/turkce-sec-01-cevre-boyut-etkileri-analizi-1-gun\\\/#primaryimage\"},\"thumbnailUrl\":\"https:\\\/\\\/globalallianceregister.com\\\/wp-content\\\/uploads\\\/2015\\\/08\\\/Training-Inner-Page.jpg\",\"datePublished\":\"2015-01-02T18:46:18+00:00\",\"dateModified\":\"2015-12-11T17:12:25+00:00\",\"breadcrumb\":{\"@id\":\"https:\\\/\\\/globalallianceregister.com\\\/tr\\\/services\\\/egitim\\\/turkce-saglik-emniyet-cevre-egitim-programi\\\/turkce-sec-01-cevre-boyut-etkileri-analizi-1-gun\\\/#breadcrumb\"},\"inLanguage\":\"tr\",\"potentialAction\":[{\"@type\":\"ReadAction\",\"target\":[[\"https:\\\/\\\/globalallianceregister.com\\\/tr\\\/services\\\/egitim\\\/turkce-saglik-emniyet-cevre-egitim-programi\\\/turkce-sec-01-cevre-boyut-etkileri-analizi-1-gun\\\/\"]]}]},{\"@type\":\"ImageObject\",\"inLanguage\":\"tr\",\"@id\":\"https:\\\/\\\/globalallianceregister.com\\\/tr\\\/services\\\/egitim\\\/turkce-saglik-emniyet-cevre-egitim-programi\\\/turkce-sec-01-cevre-boyut-etkileri-analizi-1-gun\\\/#primaryimage\",\"url\":\"https:\\\/\\\/globalallianceregister.com\\\/wp-content\\\/uploads\\\/2015\\\/08\\\/Training-Inner-Page.jpg\",\"contentUrl\":\"https:\\\/\\\/globalallianceregister.com\\\/wp-content\\\/uploads\\\/2015\\\/08\\\/Training-Inner-Page.jpg\",\"width\":614,\"height\":200},{\"@type\":\"BreadcrumbList\",\"@id\":\"https:\\\/\\\/globalallianceregister.com\\\/tr\\\/services\\\/egitim\\\/turkce-saglik-emniyet-cevre-egitim-programi\\\/turkce-sec-01-cevre-boyut-etkileri-analizi-1-gun\\\/#breadcrumb\",\"itemListElement\":[{\"@type\":\"ListItem\",\"position\":1,\"name\":\"Anasayfa\",\"item\":\"https:\\\/\\\/globalallianceregister.com\\\/tr\\\/\"},{\"@type\":\"ListItem\",\"position\":2,\"name\":\"SEC 01\u00a0 \u00c7evre Boyut &#038; Etkileri Analizi \u2013 1 g\u00fcn\"}]},{\"@type\":\"WebSite\",\"@id\":\"https:\\\/\\\/globalallianceregister.com\\\/tr\\\/#website\",\"url\":\"https:\\\/\\\/globalallianceregister.com\\\/tr\\\/\",\"name\":\"Global Alliance Register\",\"description\":\"(EN) Together for Excellence\",\"potentialAction\":[{\"@type\":\"SearchAction\",\"target\":{\"@type\":\"EntryPoint\",\"urlTemplate\":\"https:\\\/\\\/globalallianceregister.com\\\/tr\\\/?s={search_term_string}\"},\"query-input\":{\"@type\":\"PropertyValueSpecification\",\"valueRequired\":true,\"valueName\":\"search_term_string\"}}],\"inLanguage\":\"tr\"}]}<\/script>\n<!-- \/ Yoast SEO plugin. -->","yoast_head_json":{"title":"SEC 01\u00a0 \u00c7evre Boyut & Etkileri Analizi \u2013 1 g\u00fcn - Global Alliance Register","robots":{"index":"index","follow":"follow","max-snippet":"max-snippet:-1","max-image-preview":"max-image-preview:large","max-video-preview":"max-video-preview:-1"},"canonical":"https:\/\/globalallianceregister.com\/tr\/services\/egitim\/turkce-saglik-emniyet-cevre-egitim-programi\/turkce-sec-01-cevre-boyut-etkileri-analizi-1-gun\/","og_locale":"tr_TR","og_type":"article","og_title":"SEC 01\u00a0 \u00c7evre Boyut & Etkileri Analizi \u2013 1 g\u00fcn - Global Alliance Register","og_description":"\u00a0 Kat\u0131l\u0131mc\u0131 Profili \u00c7evre Y\u00f6netim Sistemlerinin kurulmas\u0131 ve uygulanmas\u0131nda g\u00f6rev alacak \u00e7al\u0131\u015fanlar ile konu hakk\u0131nda bilgi sahibi olmas\u0131 gerekli g\u00f6r\u00fclen \u00e7al\u0131\u015fanlar ve y\u00f6neticiler bu e\u011fitimden yarar sa\u011flayabilecektir. \u00a0 Hedeflenen Sonu\u00e7...","og_url":"https:\/\/globalallianceregister.com\/tr\/services\/egitim\/turkce-saglik-emniyet-cevre-egitim-programi\/turkce-sec-01-cevre-boyut-etkileri-analizi-1-gun\/","og_site_name":"Global Alliance Register","article_modified_time":"2015-12-11T17:12:25+00:00","og_image":[{"width":614,"height":200,"url":"https:\/\/globalallianceregister.com\/wp-content\/uploads\/2015\/08\/Training-Inner-Page.jpg","type":"image\/jpeg"}],"twitter_misc":{"Tahmini okuma s\u00fcresi":"1 dakika"},"schema":{"@context":"https:\/\/schema.org","@graph":[{"@type":"WebPage","@id":"https:\/\/globalallianceregister.com\/tr\/services\/egitim\/turkce-saglik-emniyet-cevre-egitim-programi\/turkce-sec-01-cevre-boyut-etkileri-analizi-1-gun\/","url":"https:\/\/globalallianceregister.com\/tr\/services\/egitim\/turkce-saglik-emniyet-cevre-egitim-programi\/turkce-sec-01-cevre-boyut-etkileri-analizi-1-gun\/","name":"SEC 01\u00a0 \u00c7evre Boyut & Etkileri Analizi \u2013 1 g\u00fcn - Global Alliance Register","isPartOf":{"@id":"https:\/\/globalallianceregister.com\/tr\/#website"},"primaryImageOfPage":{"@id":"https:\/\/globalallianceregister.com\/tr\/services\/egitim\/turkce-saglik-emniyet-cevre-egitim-programi\/turkce-sec-01-cevre-boyut-etkileri-analizi-1-gun\/#primaryimage"},"image":{"@id":"https:\/\/globalallianceregister.com\/tr\/services\/egitim\/turkce-saglik-emniyet-cevre-egitim-programi\/turkce-sec-01-cevre-boyut-etkileri-analizi-1-gun\/#primaryimage"},"thumbnailUrl":"https:\/\/globalallianceregister.com\/wp-content\/uploads\/2015\/08\/Training-Inner-Page.jpg","datePublished":"2015-01-02T18:46:18+00:00","dateModified":"2015-12-11T17:12:25+00:00","breadcrumb":{"@id":"https:\/\/globalallianceregister.com\/tr\/services\/egitim\/turkce-saglik-emniyet-cevre-egitim-programi\/turkce-sec-01-cevre-boyut-etkileri-analizi-1-gun\/#breadcrumb"},"inLanguage":"tr","potentialAction":[{"@type":"ReadAction","target":[["https:\/\/globalallianceregister.com\/tr\/services\/egitim\/turkce-saglik-emniyet-cevre-egitim-programi\/turkce-sec-01-cevre-boyut-etkileri-analizi-1-gun\/"]]}]},{"@type":"ImageObject","inLanguage":"tr","@id":"https:\/\/globalallianceregister.com\/tr\/services\/egitim\/turkce-saglik-emniyet-cevre-egitim-programi\/turkce-sec-01-cevre-boyut-etkileri-analizi-1-gun\/#primaryimage","url":"https:\/\/globalallianceregister.com\/wp-content\/uploads\/2015\/08\/Training-Inner-Page.jpg","contentUrl":"https:\/\/globalallianceregister.com\/wp-content\/uploads\/2015\/08\/Training-Inner-Page.jpg","width":614,"height":200},{"@type":"BreadcrumbList","@id":"https:\/\/globalallianceregister.com\/tr\/services\/egitim\/turkce-saglik-emniyet-cevre-egitim-programi\/turkce-sec-01-cevre-boyut-etkileri-analizi-1-gun\/#breadcrumb","itemListElement":[{"@type":"ListItem","position":1,"name":"Anasayfa","item":"https:\/\/globalallianceregister.com\/tr\/"},{"@type":"ListItem","position":2,"name":"SEC 01\u00a0 \u00c7evre Boyut &#038; Etkileri Analizi \u2013 1 g\u00fcn"}]},{"@type":"WebSite","@id":"https:\/\/globalallianceregister.com\/tr\/#website","url":"https:\/\/globalallianceregister.com\/tr\/","name":"Global Alliance Register","description":"(EN) Together for Excellence","potentialAction":[{"@type":"SearchAction","target":{"@type":"EntryPoint","urlTemplate":"https:\/\/globalallianceregister.com\/tr\/?s={search_term_string}"},"query-input":{"@type":"PropertyValueSpecification","valueRequired":true,"valueName":"search_term_string"}}],"inLanguage":"tr"}]}},"_links":{"self":[{"href":"https:\/\/globalallianceregister.com\/tr\/wp-json\/wp\/v2\/pages\/2444","targetHints":{"allow":["GET"]}}],"collection":[{"href":"https:\/\/globalallianceregister.com\/tr\/wp-json\/wp\/v2\/pages"}],"about":[{"href":"https:\/\/globalallianceregister.com\/tr\/wp-json\/wp\/v2\/types\/page"}],"author":[{"embeddable":true,"href":"https:\/\/globalallianceregister.com\/tr\/wp-json\/wp\/v2\/users\/10"}],"replies":[{"embeddable":true,"href":"https:\/\/globalallianceregister.com\/tr\/wp-json\/wp\/v2\/comments?post=2444"}],"version-history":[{"count":0,"href":"https:\/\/globalallianceregister.com\/tr\/wp-json\/wp\/v2\/pages\/2444\/revisions"}],"up":[{"embeddable":true,"href":"https:\/\/globalallianceregister.com\/tr\/wp-json\/wp\/v2\/pages\/2165"}],"wp:featuredmedia":[{"embeddable":true,"href":"https:\/\/globalallianceregister.com\/tr\/wp-json\/wp\/v2\/media\/5171"}],"wp:attachment":[{"href":"https:\/\/globalallianceregister.com\/tr\/wp-json\/wp\/v2\/media?parent=2444"}],"curies":[{"name":"wp","href":"https:\/\/api.w.org\/{rel}","templated":true}]}}