{"id":2451,"date":"2015-01-02T18:57:10","date_gmt":"2015-01-02T18:57:10","guid":{"rendered":"https:\/\/globalallianceregister.com\/?page_id=2451"},"modified":"2015-12-16T10:00:18","modified_gmt":"2015-12-16T10:00:18","slug":"turkce-sec-03-hijyen-denetimi-1-gun","status":"publish","type":"page","link":"https:\/\/globalallianceregister.com\/tr\/services\/egitim\/turkce-saglik-emniyet-cevre-egitim-programi\/turkce-sec-03-hijyen-denetimi-1-gun\/","title":{"rendered":"SEC 03\u00a0 Hijyen Denetimi -1 g\u00fcn"},"content":{"rendered":"<p>\u00a0 <strong>Kat\u0131l\u0131mc\u0131 Profili<\/strong><\/p>\n<ul>\n<li>Organizasyonun \u00fcretim sahalar\u0131nda denetim yapmas\u0131 planlanan kalite-kontrol m\u00fchendisleri ya da ilgili di\u011fer \u00e7al\u0131\u015fanlar<\/li>\n<\/ul>\n<p>\u00a0 <strong>Hedeflenen Sonu\u00e7<\/strong><\/p>\n<ul>\n<li>\u0130\u015fletme kalite-kontrol m\u00fchendislerinin ya da ilgili di\u011fer \u00e7al\u0131\u015fanlar\u0131n sahalarda ISO 22000 kapsam\u0131nda yerine getirilmesi gereken hijyen ko\u015fullar\u0131n\u0131 de\u011ferlendirebilecek yetiye ula\u015fmalar\u0131.<\/li>\n<li>De\u011ferlendirmeleri esnas\u0131nda hangi prosed\u00fcrlerin izlenmesi gerekti\u011fi konusunda bilgilenme ve s\u00f6z konusu bu prosed\u00fcrleri yerine getirebilmeleri.<\/li>\n<li>T\u00fcm bu maddeler \u00e7er\u00e7evesinde s\u00f6z konusu m\u00fchendislerin sahalarda sa\u011fl\u0131kl\u0131 bir \u015fekilde denetim yapabilecek yetkinli\u011fe sahip olmalar\u0131.<\/li>\n<\/ul>\n<p>\u00a0 <strong>E\u011fitim \u0130\u00e7eri\u011fi<\/strong><\/p>\n<ul>\n<li>Hijyen tan\u0131m\u0131 ve potansiyel kirlenme kaynaklar\u0131 (Kimyasal, fiziksel, biyolojik ve ergonomik etkenler)<\/li>\n<li>Kirlilik etkenlerinden kurtulma yollar\u0131<\/li>\n<li>Temizlik y\u00f6ntemlerinin tan\u0131mlanmas\u0131, kay\u0131t alt\u0131na al\u0131nmas\u0131 ve do\u011frulanmas\u0131 tart\u0131\u015fmalar\u0131<\/li>\n<li>Risk haritalar\u0131n\u0131n olu\u015fturularak incelenmesi ve ortamda y\u00fcksek \u00f6nem verilmesi gerekecek b\u00f6lgelerin tespiti \u00e7al\u0131\u015fmalar\u0131, temizlik planlar\u0131<\/li>\n<li>Ortam ve personel hijyeni bazl\u0131 a\u00e7\u0131klamalar, sekt\u00f6rden \u00f6rnekler ve tart\u0131\u015fmalar<\/li>\n<li>Temizlik ve sanitasyon i\u015flemlerinin do\u011frulanma zorunlulu\u011fu ile ilgili bilgilendirme, do\u011frulanma s\u0131kl\u0131klar\u0131, y\u00f6ntemleri ve sonu\u00e7lar\u0131n de\u011ferlendirilmesi<\/li>\n<li>Havada as\u0131l\u0131 olarak bulunabilen kirleticiler ve solunum tehlikeleri<\/li>\n<li>End\u00fcstriyel \u00e7\u00f6z\u00fcc\u00fcler<\/li>\n<li>End\u00fcstriyel hijyen kontrol y\u00f6ntemi<\/li>\n<\/ul>\n<p>\u00a0 <strong>Sertifika<\/strong><\/p>\n<ul>\n<li>E\u011fitimi tamamlayan t\u00fcm kat\u0131l\u0131mc\u0131lara GLOBAL ALLIANCE ACADEMY taraf\u0131ndan, &#8221; Hijyen Denetimi E\u011fitimi Kat\u0131l\u0131m Sertifikas\u0131&#8221; verilecektir.<\/li>\n<\/ul>","protected":false},"excerpt":{"rendered":"<p>\u00a0 Kat\u0131l\u0131mc\u0131 Profili Organizasyonun \u00fcretim sahalar\u0131nda denetim yapmas\u0131 planlanan kalite-kontrol m\u00fchendisleri ya da ilgili di\u011fer \u00e7al\u0131\u015fanlar \u00a0 Hedeflenen Sonu\u00e7 \u0130\u015fletme kalite-kontrol m\u00fchendislerinin ya da ilgili di\u011fer \u00e7al\u0131\u015fanlar\u0131n sahalarda ISO 22000&#8230; <\/p>\n","protected":false},"author":10,"featured_media":5171,"parent":2165,"menu_order":3,"comment_status":"closed","ping_status":"closed","template":"page-full.php","meta":{"_acf_changed":false,"om_disable_all_campaigns":false,"footnotes":""},"class_list":["post-2451","page","type-page","status-publish","has-post-thumbnail","hentry"],"acf":[],"yoast_head":"<!-- This site is optimized with the Yoast SEO plugin v27.4 - https:\/\/yoast.com\/product\/yoast-seo-wordpress\/ -->\n<title>SEC 03\u00a0 Hijyen Denetimi -1 g\u00fcn - Global Alliance Register<\/title>\n<meta name=\"robots\" content=\"index, follow, max-snippet:-1, max-image-preview:large, max-video-preview:-1\" \/>\n<link rel=\"canonical\" href=\"https:\/\/globalallianceregister.com\/tr\/services\/egitim\/turkce-saglik-emniyet-cevre-egitim-programi\/turkce-sec-03-hijyen-denetimi-1-gun\/\" \/>\n<meta property=\"og:locale\" content=\"tr_TR\" \/>\n<meta property=\"og:type\" content=\"article\" \/>\n<meta property=\"og:title\" content=\"SEC 03\u00a0 Hijyen Denetimi -1 g\u00fcn - Global Alliance Register\" \/>\n<meta property=\"og:description\" content=\"\u00a0 Kat\u0131l\u0131mc\u0131 Profili Organizasyonun \u00fcretim sahalar\u0131nda denetim yapmas\u0131 planlanan kalite-kontrol m\u00fchendisleri ya da ilgili di\u011fer \u00e7al\u0131\u015fanlar \u00a0 Hedeflenen Sonu\u00e7 \u0130\u015fletme kalite-kontrol m\u00fchendislerinin ya da ilgili di\u011fer \u00e7al\u0131\u015fanlar\u0131n sahalarda ISO 22000...\" \/>\n<meta property=\"og:url\" content=\"https:\/\/globalallianceregister.com\/tr\/services\/egitim\/turkce-saglik-emniyet-cevre-egitim-programi\/turkce-sec-03-hijyen-denetimi-1-gun\/\" \/>\n<meta property=\"og:site_name\" content=\"Global Alliance Register\" \/>\n<meta property=\"article:modified_time\" content=\"2015-12-16T10:00:18+00:00\" \/>\n<meta property=\"og:image\" content=\"https:\/\/globalallianceregister.com\/wp-content\/uploads\/2015\/08\/Training-Inner-Page.jpg\" \/>\n\t<meta property=\"og:image:width\" content=\"614\" \/>\n\t<meta property=\"og:image:height\" content=\"200\" \/>\n\t<meta property=\"og:image:type\" content=\"image\/jpeg\" \/>\n<meta name=\"twitter:label1\" content=\"Tahmini okuma s\u00fcresi\" \/>\n\t<meta name=\"twitter:data1\" content=\"1 dakika\" \/>\n<script type=\"application\/ld+json\" class=\"yoast-schema-graph\">{\"@context\":\"https:\\\/\\\/schema.org\",\"@graph\":[{\"@type\":\"WebPage\",\"@id\":\"https:\\\/\\\/globalallianceregister.com\\\/tr\\\/services\\\/egitim\\\/turkce-saglik-emniyet-cevre-egitim-programi\\\/turkce-sec-03-hijyen-denetimi-1-gun\\\/\",\"url\":\"https:\\\/\\\/globalallianceregister.com\\\/tr\\\/services\\\/egitim\\\/turkce-saglik-emniyet-cevre-egitim-programi\\\/turkce-sec-03-hijyen-denetimi-1-gun\\\/\",\"name\":\"SEC 03\u00a0 Hijyen Denetimi -1 g\u00fcn - Global Alliance Register\",\"isPartOf\":{\"@id\":\"https:\\\/\\\/globalallianceregister.com\\\/tr\\\/#website\"},\"primaryImageOfPage\":{\"@id\":\"https:\\\/\\\/globalallianceregister.com\\\/tr\\\/services\\\/egitim\\\/turkce-saglik-emniyet-cevre-egitim-programi\\\/turkce-sec-03-hijyen-denetimi-1-gun\\\/#primaryimage\"},\"image\":{\"@id\":\"https:\\\/\\\/globalallianceregister.com\\\/tr\\\/services\\\/egitim\\\/turkce-saglik-emniyet-cevre-egitim-programi\\\/turkce-sec-03-hijyen-denetimi-1-gun\\\/#primaryimage\"},\"thumbnailUrl\":\"https:\\\/\\\/globalallianceregister.com\\\/wp-content\\\/uploads\\\/2015\\\/08\\\/Training-Inner-Page.jpg\",\"datePublished\":\"2015-01-02T18:57:10+00:00\",\"dateModified\":\"2015-12-16T10:00:18+00:00\",\"breadcrumb\":{\"@id\":\"https:\\\/\\\/globalallianceregister.com\\\/tr\\\/services\\\/egitim\\\/turkce-saglik-emniyet-cevre-egitim-programi\\\/turkce-sec-03-hijyen-denetimi-1-gun\\\/#breadcrumb\"},\"inLanguage\":\"tr\",\"potentialAction\":[{\"@type\":\"ReadAction\",\"target\":[[\"https:\\\/\\\/globalallianceregister.com\\\/tr\\\/services\\\/egitim\\\/turkce-saglik-emniyet-cevre-egitim-programi\\\/turkce-sec-03-hijyen-denetimi-1-gun\\\/\"]]}]},{\"@type\":\"ImageObject\",\"inLanguage\":\"tr\",\"@id\":\"https:\\\/\\\/globalallianceregister.com\\\/tr\\\/services\\\/egitim\\\/turkce-saglik-emniyet-cevre-egitim-programi\\\/turkce-sec-03-hijyen-denetimi-1-gun\\\/#primaryimage\",\"url\":\"https:\\\/\\\/globalallianceregister.com\\\/wp-content\\\/uploads\\\/2015\\\/08\\\/Training-Inner-Page.jpg\",\"contentUrl\":\"https:\\\/\\\/globalallianceregister.com\\\/wp-content\\\/uploads\\\/2015\\\/08\\\/Training-Inner-Page.jpg\",\"width\":614,\"height\":200},{\"@type\":\"BreadcrumbList\",\"@id\":\"https:\\\/\\\/globalallianceregister.com\\\/tr\\\/services\\\/egitim\\\/turkce-saglik-emniyet-cevre-egitim-programi\\\/turkce-sec-03-hijyen-denetimi-1-gun\\\/#breadcrumb\",\"itemListElement\":[{\"@type\":\"ListItem\",\"position\":1,\"name\":\"Anasayfa\",\"item\":\"https:\\\/\\\/globalallianceregister.com\\\/tr\\\/\"},{\"@type\":\"ListItem\",\"position\":2,\"name\":\"SEC 03\u00a0 Hijyen Denetimi -1 g\u00fcn\"}]},{\"@type\":\"WebSite\",\"@id\":\"https:\\\/\\\/globalallianceregister.com\\\/tr\\\/#website\",\"url\":\"https:\\\/\\\/globalallianceregister.com\\\/tr\\\/\",\"name\":\"Global Alliance Register\",\"description\":\"(EN) Together for Excellence\",\"potentialAction\":[{\"@type\":\"SearchAction\",\"target\":{\"@type\":\"EntryPoint\",\"urlTemplate\":\"https:\\\/\\\/globalallianceregister.com\\\/tr\\\/?s={search_term_string}\"},\"query-input\":{\"@type\":\"PropertyValueSpecification\",\"valueRequired\":true,\"valueName\":\"search_term_string\"}}],\"inLanguage\":\"tr\"}]}<\/script>\n<!-- \/ Yoast SEO plugin. -->","yoast_head_json":{"title":"SEC 03\u00a0 Hijyen Denetimi -1 g\u00fcn - Global Alliance Register","robots":{"index":"index","follow":"follow","max-snippet":"max-snippet:-1","max-image-preview":"max-image-preview:large","max-video-preview":"max-video-preview:-1"},"canonical":"https:\/\/globalallianceregister.com\/tr\/services\/egitim\/turkce-saglik-emniyet-cevre-egitim-programi\/turkce-sec-03-hijyen-denetimi-1-gun\/","og_locale":"tr_TR","og_type":"article","og_title":"SEC 03\u00a0 Hijyen Denetimi -1 g\u00fcn - Global Alliance Register","og_description":"\u00a0 Kat\u0131l\u0131mc\u0131 Profili Organizasyonun \u00fcretim sahalar\u0131nda denetim yapmas\u0131 planlanan kalite-kontrol m\u00fchendisleri ya da ilgili di\u011fer \u00e7al\u0131\u015fanlar \u00a0 Hedeflenen Sonu\u00e7 \u0130\u015fletme kalite-kontrol m\u00fchendislerinin ya da ilgili di\u011fer \u00e7al\u0131\u015fanlar\u0131n sahalarda ISO 22000...","og_url":"https:\/\/globalallianceregister.com\/tr\/services\/egitim\/turkce-saglik-emniyet-cevre-egitim-programi\/turkce-sec-03-hijyen-denetimi-1-gun\/","og_site_name":"Global Alliance Register","article_modified_time":"2015-12-16T10:00:18+00:00","og_image":[{"width":614,"height":200,"url":"https:\/\/globalallianceregister.com\/wp-content\/uploads\/2015\/08\/Training-Inner-Page.jpg","type":"image\/jpeg"}],"twitter_misc":{"Tahmini okuma s\u00fcresi":"1 dakika"},"schema":{"@context":"https:\/\/schema.org","@graph":[{"@type":"WebPage","@id":"https:\/\/globalallianceregister.com\/tr\/services\/egitim\/turkce-saglik-emniyet-cevre-egitim-programi\/turkce-sec-03-hijyen-denetimi-1-gun\/","url":"https:\/\/globalallianceregister.com\/tr\/services\/egitim\/turkce-saglik-emniyet-cevre-egitim-programi\/turkce-sec-03-hijyen-denetimi-1-gun\/","name":"SEC 03\u00a0 Hijyen Denetimi -1 g\u00fcn - Global Alliance Register","isPartOf":{"@id":"https:\/\/globalallianceregister.com\/tr\/#website"},"primaryImageOfPage":{"@id":"https:\/\/globalallianceregister.com\/tr\/services\/egitim\/turkce-saglik-emniyet-cevre-egitim-programi\/turkce-sec-03-hijyen-denetimi-1-gun\/#primaryimage"},"image":{"@id":"https:\/\/globalallianceregister.com\/tr\/services\/egitim\/turkce-saglik-emniyet-cevre-egitim-programi\/turkce-sec-03-hijyen-denetimi-1-gun\/#primaryimage"},"thumbnailUrl":"https:\/\/globalallianceregister.com\/wp-content\/uploads\/2015\/08\/Training-Inner-Page.jpg","datePublished":"2015-01-02T18:57:10+00:00","dateModified":"2015-12-16T10:00:18+00:00","breadcrumb":{"@id":"https:\/\/globalallianceregister.com\/tr\/services\/egitim\/turkce-saglik-emniyet-cevre-egitim-programi\/turkce-sec-03-hijyen-denetimi-1-gun\/#breadcrumb"},"inLanguage":"tr","potentialAction":[{"@type":"ReadAction","target":[["https:\/\/globalallianceregister.com\/tr\/services\/egitim\/turkce-saglik-emniyet-cevre-egitim-programi\/turkce-sec-03-hijyen-denetimi-1-gun\/"]]}]},{"@type":"ImageObject","inLanguage":"tr","@id":"https:\/\/globalallianceregister.com\/tr\/services\/egitim\/turkce-saglik-emniyet-cevre-egitim-programi\/turkce-sec-03-hijyen-denetimi-1-gun\/#primaryimage","url":"https:\/\/globalallianceregister.com\/wp-content\/uploads\/2015\/08\/Training-Inner-Page.jpg","contentUrl":"https:\/\/globalallianceregister.com\/wp-content\/uploads\/2015\/08\/Training-Inner-Page.jpg","width":614,"height":200},{"@type":"BreadcrumbList","@id":"https:\/\/globalallianceregister.com\/tr\/services\/egitim\/turkce-saglik-emniyet-cevre-egitim-programi\/turkce-sec-03-hijyen-denetimi-1-gun\/#breadcrumb","itemListElement":[{"@type":"ListItem","position":1,"name":"Anasayfa","item":"https:\/\/globalallianceregister.com\/tr\/"},{"@type":"ListItem","position":2,"name":"SEC 03\u00a0 Hijyen Denetimi -1 g\u00fcn"}]},{"@type":"WebSite","@id":"https:\/\/globalallianceregister.com\/tr\/#website","url":"https:\/\/globalallianceregister.com\/tr\/","name":"Global Alliance Register","description":"(EN) Together for Excellence","potentialAction":[{"@type":"SearchAction","target":{"@type":"EntryPoint","urlTemplate":"https:\/\/globalallianceregister.com\/tr\/?s={search_term_string}"},"query-input":{"@type":"PropertyValueSpecification","valueRequired":true,"valueName":"search_term_string"}}],"inLanguage":"tr"}]}},"_links":{"self":[{"href":"https:\/\/globalallianceregister.com\/tr\/wp-json\/wp\/v2\/pages\/2451","targetHints":{"allow":["GET"]}}],"collection":[{"href":"https:\/\/globalallianceregister.com\/tr\/wp-json\/wp\/v2\/pages"}],"about":[{"href":"https:\/\/globalallianceregister.com\/tr\/wp-json\/wp\/v2\/types\/page"}],"author":[{"embeddable":true,"href":"https:\/\/globalallianceregister.com\/tr\/wp-json\/wp\/v2\/users\/10"}],"replies":[{"embeddable":true,"href":"https:\/\/globalallianceregister.com\/tr\/wp-json\/wp\/v2\/comments?post=2451"}],"version-history":[{"count":0,"href":"https:\/\/globalallianceregister.com\/tr\/wp-json\/wp\/v2\/pages\/2451\/revisions"}],"up":[{"embeddable":true,"href":"https:\/\/globalallianceregister.com\/tr\/wp-json\/wp\/v2\/pages\/2165"}],"wp:featuredmedia":[{"embeddable":true,"href":"https:\/\/globalallianceregister.com\/tr\/wp-json\/wp\/v2\/media\/5171"}],"wp:attachment":[{"href":"https:\/\/globalallianceregister.com\/tr\/wp-json\/wp\/v2\/media?parent=2451"}],"curies":[{"name":"wp","href":"https:\/\/api.w.org\/{rel}","templated":true}]}}