{"id":2457,"date":"2015-01-02T19:03:42","date_gmt":"2015-01-02T19:03:42","guid":{"rendered":"https:\/\/globalallianceregister.com\/?page_id=2457"},"modified":"2015-12-16T10:01:57","modified_gmt":"2015-12-16T10:01:57","slug":"turkce-sec-06-yuksekte-guvenli-calisma-egitimi-1-gun","status":"publish","type":"page","link":"https:\/\/globalallianceregister.com\/tr\/services\/egitim\/turkce-saglik-emniyet-cevre-egitim-programi\/turkce-sec-06-yuksekte-guvenli-calisma-egitimi-1-gun\/","title":{"rendered":"SEC 06\u00a0 Y\u00fcksekte G\u00fcvenli \u00c7al\u0131\u015fma E\u011fitimi \u2013 1 g\u00fcn"},"content":{"rendered":"<p>\u00a0 <strong>Kat\u0131l\u0131mc\u0131 Profili<\/strong><\/p>\n<ul>\n<li>Y\u00fcksekte yap\u0131lacak olan \u00e7al\u0131\u015fmalarda g\u00f6rev alacak veya kontrol\u00fcnden sorumlu olacak her kademe ve seviyedeki \u00e7al\u0131\u015fanlar. Y\u00fcksekte \u00e7al\u0131\u015fma b\u00f6lgelerinin belirlenmesinden, gerekli y\u00fcksekte \u00e7al\u0131\u015fma sisteminin olu\u015fturulmas\u0131ndan ve kontrol\u00fcnden sorumlu olacak \u00e7al\u0131\u015fanlar. Firma \u0130S\u0130G, \u00fcretim, bak\u0131m ve risk de\u011ferlendirmesi tak\u0131m\u0131 sorumlular\u0131. Kullan\u0131lacak olan ekipmanlar\u0131n depolanmas\u0131 ve kontrol\u00fcnden sorumlu olacak \u00e7al\u0131\u015fanlar. Kullan\u0131lacak olan ara\u00e7lar\u0131n kurulum, s\u00f6k\u00fcm, kontrol ve kullan\u0131m\u0131ndan sorumlu olacak \u00e7al\u0131\u015fanlar.<\/li>\n<\/ul>\n<p>\u00a0 <strong>Hedeflenen Sonu\u00e7<\/strong><\/p>\n<ul>\n<li>Y\u00fcksekte yap\u0131lan \u00e7al\u0131\u015fmalar s\u0131ras\u0131nda kar\u015f\u0131la\u015f\u0131lan tehlikeler, kullan\u0131lacak olan ara\u00e7lar, d\u00fc\u015fme koruma ve \u00f6nleme sistemleri, Ki\u015fisel Koruyucu Donan\u0131mlar ve kurtarma operasyonlar\u0131 hakk\u0131nda bilgiler ve \u00f6rnekler verilip kat\u0131l\u0131mc\u0131lar\u0131n y\u00fcksekte g\u00fcvenli \u00e7al\u0131\u015fma ile ilgili olarak bilin\u00e7lendirilmesi sa\u011flanacakt\u0131r.<\/li>\n<\/ul>\n<p>\u00a0 <strong>E\u011fitim \u0130\u00e7eri\u011fi<\/strong><\/p>\n<ul>\n<li>Y\u00fcksekte \u00c7al\u0131\u015fma Tan\u0131m\u0131<\/li>\n<li>D\u00fc\u015fme T\u00fcrleri<\/li>\n<li>D\u00fc\u015fmenin 5 A\u015famas\u0131<\/li>\n<li>Y\u00fcksekte \u00c7al\u0131\u015fma B\u00f6lgeleri<\/li>\n<li>Y\u00fcksekte \u00c7al\u0131\u015fma Tehlikeleri<\/li>\n<li>Y\u00fcksekte \u00c7al\u0131\u015fma Ara\u00e7lar\u0131\n<ul>\n<li>Manlift\/\u0130nsan \u00c7al\u0131\u015fma Sepeti<\/li>\n<li>\u0130skeleler<\/li>\n<li>Merdivenler<\/li>\n<\/ul>\n<\/li>\n<li>D\u00fc\u015fme Koruma\/\u00d6nleme Sistemleri\n<ul>\n<li>Korkuluklar<\/li>\n<li>G\u00fcvenlik A\u011flar\u0131<\/li>\n<li>Halat Sistemleri<\/li>\n<li>Sapanlar<\/li>\n<li>\u00c7al\u0131\u015fma Alanlar\u0131n\u0131n S\u0131n\u0131rland\u0131r\u0131lmas\u0131<\/li>\n<\/ul>\n<\/li>\n<li>Ba\u011flanma Noktalar\u0131<\/li>\n<li>Emniyet Kemeri ve \u015eok Emici Kullan\u0131m\u0131<\/li>\n<li>Temiz A\u00e7\u0131kl\u0131k<\/li>\n<li>D\u00fc\u015fme Fakt\u00f6r\u00fc<\/li>\n<li>Hava Ko\u015fullar\u0131<\/li>\n<li>Kurtarma Operasyonlar\u0131<\/li>\n<\/ul>\n<p>\u00a0 <strong>Sertifika\u00a0\u00a0\u00a0\u00a0\u00a0\u00a0\u00a0<\/strong><\/p>\n<ul>\n<li>E\u011fitimi tamamlayan t\u00fcm kat\u0131l\u0131mc\u0131lara, GLOBAL ALLIANCE ACADEMY taraf\u0131ndan \u201cY\u00fcksekte G\u00fcvenli \u00c7al\u0131\u015fma E\u011fitimi Kat\u0131l\u0131m Sertifikas\u0131\u201d verilecektir.<\/li>\n<\/ul>","protected":false},"excerpt":{"rendered":"<p>\u00a0 Kat\u0131l\u0131mc\u0131 Profili Y\u00fcksekte yap\u0131lacak olan \u00e7al\u0131\u015fmalarda g\u00f6rev alacak veya kontrol\u00fcnden sorumlu olacak her kademe ve seviyedeki \u00e7al\u0131\u015fanlar. Y\u00fcksekte \u00e7al\u0131\u015fma b\u00f6lgelerinin belirlenmesinden, gerekli y\u00fcksekte \u00e7al\u0131\u015fma sisteminin olu\u015fturulmas\u0131ndan ve kontrol\u00fcnden sorumlu&#8230; <\/p>\n","protected":false},"author":10,"featured_media":5171,"parent":2165,"menu_order":6,"comment_status":"closed","ping_status":"closed","template":"page-full.php","meta":{"_acf_changed":false,"om_disable_all_campaigns":false,"footnotes":""},"class_list":["post-2457","page","type-page","status-publish","has-post-thumbnail","hentry"],"acf":[],"yoast_head":"<!-- This site is optimized with the Yoast SEO plugin v27.4 - https:\/\/yoast.com\/product\/yoast-seo-wordpress\/ -->\n<title>SEC 06\u00a0 Y\u00fcksekte G\u00fcvenli \u00c7al\u0131\u015fma E\u011fitimi \u2013 1 g\u00fcn - Global Alliance Register<\/title>\n<meta name=\"robots\" content=\"index, follow, max-snippet:-1, max-image-preview:large, max-video-preview:-1\" \/>\n<link rel=\"canonical\" href=\"https:\/\/globalallianceregister.com\/tr\/services\/egitim\/turkce-saglik-emniyet-cevre-egitim-programi\/turkce-sec-06-yuksekte-guvenli-calisma-egitimi-1-gun\/\" \/>\n<meta property=\"og:locale\" content=\"tr_TR\" \/>\n<meta property=\"og:type\" content=\"article\" \/>\n<meta property=\"og:title\" content=\"SEC 06\u00a0 Y\u00fcksekte G\u00fcvenli \u00c7al\u0131\u015fma E\u011fitimi \u2013 1 g\u00fcn - Global Alliance Register\" \/>\n<meta property=\"og:description\" content=\"\u00a0 Kat\u0131l\u0131mc\u0131 Profili Y\u00fcksekte yap\u0131lacak olan \u00e7al\u0131\u015fmalarda g\u00f6rev alacak veya kontrol\u00fcnden sorumlu olacak her kademe ve seviyedeki \u00e7al\u0131\u015fanlar. Y\u00fcksekte \u00e7al\u0131\u015fma b\u00f6lgelerinin belirlenmesinden, gerekli y\u00fcksekte \u00e7al\u0131\u015fma sisteminin olu\u015fturulmas\u0131ndan ve kontrol\u00fcnden sorumlu...\" \/>\n<meta property=\"og:url\" content=\"https:\/\/globalallianceregister.com\/tr\/services\/egitim\/turkce-saglik-emniyet-cevre-egitim-programi\/turkce-sec-06-yuksekte-guvenli-calisma-egitimi-1-gun\/\" \/>\n<meta property=\"og:site_name\" content=\"Global Alliance Register\" \/>\n<meta property=\"article:modified_time\" content=\"2015-12-16T10:01:57+00:00\" \/>\n<meta property=\"og:image\" content=\"https:\/\/globalallianceregister.com\/wp-content\/uploads\/2015\/08\/Training-Inner-Page.jpg\" \/>\n\t<meta property=\"og:image:width\" content=\"614\" \/>\n\t<meta property=\"og:image:height\" content=\"200\" \/>\n\t<meta property=\"og:image:type\" content=\"image\/jpeg\" \/>\n<meta name=\"twitter:label1\" content=\"Tahmini okuma s\u00fcresi\" \/>\n\t<meta name=\"twitter:data1\" content=\"1 dakika\" \/>\n<script type=\"application\/ld+json\" class=\"yoast-schema-graph\">{\"@context\":\"https:\\\/\\\/schema.org\",\"@graph\":[{\"@type\":\"WebPage\",\"@id\":\"https:\\\/\\\/globalallianceregister.com\\\/tr\\\/services\\\/egitim\\\/turkce-saglik-emniyet-cevre-egitim-programi\\\/turkce-sec-06-yuksekte-guvenli-calisma-egitimi-1-gun\\\/\",\"url\":\"https:\\\/\\\/globalallianceregister.com\\\/tr\\\/services\\\/egitim\\\/turkce-saglik-emniyet-cevre-egitim-programi\\\/turkce-sec-06-yuksekte-guvenli-calisma-egitimi-1-gun\\\/\",\"name\":\"SEC 06\u00a0 Y\u00fcksekte G\u00fcvenli \u00c7al\u0131\u015fma E\u011fitimi \u2013 1 g\u00fcn - Global Alliance Register\",\"isPartOf\":{\"@id\":\"https:\\\/\\\/globalallianceregister.com\\\/tr\\\/#website\"},\"primaryImageOfPage\":{\"@id\":\"https:\\\/\\\/globalallianceregister.com\\\/tr\\\/services\\\/egitim\\\/turkce-saglik-emniyet-cevre-egitim-programi\\\/turkce-sec-06-yuksekte-guvenli-calisma-egitimi-1-gun\\\/#primaryimage\"},\"image\":{\"@id\":\"https:\\\/\\\/globalallianceregister.com\\\/tr\\\/services\\\/egitim\\\/turkce-saglik-emniyet-cevre-egitim-programi\\\/turkce-sec-06-yuksekte-guvenli-calisma-egitimi-1-gun\\\/#primaryimage\"},\"thumbnailUrl\":\"https:\\\/\\\/globalallianceregister.com\\\/wp-content\\\/uploads\\\/2015\\\/08\\\/Training-Inner-Page.jpg\",\"datePublished\":\"2015-01-02T19:03:42+00:00\",\"dateModified\":\"2015-12-16T10:01:57+00:00\",\"breadcrumb\":{\"@id\":\"https:\\\/\\\/globalallianceregister.com\\\/tr\\\/services\\\/egitim\\\/turkce-saglik-emniyet-cevre-egitim-programi\\\/turkce-sec-06-yuksekte-guvenli-calisma-egitimi-1-gun\\\/#breadcrumb\"},\"inLanguage\":\"tr\",\"potentialAction\":[{\"@type\":\"ReadAction\",\"target\":[[\"https:\\\/\\\/globalallianceregister.com\\\/tr\\\/services\\\/egitim\\\/turkce-saglik-emniyet-cevre-egitim-programi\\\/turkce-sec-06-yuksekte-guvenli-calisma-egitimi-1-gun\\\/\"]]}]},{\"@type\":\"ImageObject\",\"inLanguage\":\"tr\",\"@id\":\"https:\\\/\\\/globalallianceregister.com\\\/tr\\\/services\\\/egitim\\\/turkce-saglik-emniyet-cevre-egitim-programi\\\/turkce-sec-06-yuksekte-guvenli-calisma-egitimi-1-gun\\\/#primaryimage\",\"url\":\"https:\\\/\\\/globalallianceregister.com\\\/wp-content\\\/uploads\\\/2015\\\/08\\\/Training-Inner-Page.jpg\",\"contentUrl\":\"https:\\\/\\\/globalallianceregister.com\\\/wp-content\\\/uploads\\\/2015\\\/08\\\/Training-Inner-Page.jpg\",\"width\":614,\"height\":200},{\"@type\":\"BreadcrumbList\",\"@id\":\"https:\\\/\\\/globalallianceregister.com\\\/tr\\\/services\\\/egitim\\\/turkce-saglik-emniyet-cevre-egitim-programi\\\/turkce-sec-06-yuksekte-guvenli-calisma-egitimi-1-gun\\\/#breadcrumb\",\"itemListElement\":[{\"@type\":\"ListItem\",\"position\":1,\"name\":\"Anasayfa\",\"item\":\"https:\\\/\\\/globalallianceregister.com\\\/tr\\\/\"},{\"@type\":\"ListItem\",\"position\":2,\"name\":\"SEC 06\u00a0 Y\u00fcksekte G\u00fcvenli \u00c7al\u0131\u015fma E\u011fitimi \u2013 1 g\u00fcn\"}]},{\"@type\":\"WebSite\",\"@id\":\"https:\\\/\\\/globalallianceregister.com\\\/tr\\\/#website\",\"url\":\"https:\\\/\\\/globalallianceregister.com\\\/tr\\\/\",\"name\":\"Global Alliance Register\",\"description\":\"(EN) Together for Excellence\",\"potentialAction\":[{\"@type\":\"SearchAction\",\"target\":{\"@type\":\"EntryPoint\",\"urlTemplate\":\"https:\\\/\\\/globalallianceregister.com\\\/tr\\\/?s={search_term_string}\"},\"query-input\":{\"@type\":\"PropertyValueSpecification\",\"valueRequired\":true,\"valueName\":\"search_term_string\"}}],\"inLanguage\":\"tr\"}]}<\/script>\n<!-- \/ Yoast SEO plugin. -->","yoast_head_json":{"title":"SEC 06\u00a0 Y\u00fcksekte G\u00fcvenli \u00c7al\u0131\u015fma E\u011fitimi \u2013 1 g\u00fcn - Global Alliance Register","robots":{"index":"index","follow":"follow","max-snippet":"max-snippet:-1","max-image-preview":"max-image-preview:large","max-video-preview":"max-video-preview:-1"},"canonical":"https:\/\/globalallianceregister.com\/tr\/services\/egitim\/turkce-saglik-emniyet-cevre-egitim-programi\/turkce-sec-06-yuksekte-guvenli-calisma-egitimi-1-gun\/","og_locale":"tr_TR","og_type":"article","og_title":"SEC 06\u00a0 Y\u00fcksekte G\u00fcvenli \u00c7al\u0131\u015fma E\u011fitimi \u2013 1 g\u00fcn - Global Alliance Register","og_description":"\u00a0 Kat\u0131l\u0131mc\u0131 Profili Y\u00fcksekte yap\u0131lacak olan \u00e7al\u0131\u015fmalarda g\u00f6rev alacak veya kontrol\u00fcnden sorumlu olacak her kademe ve seviyedeki \u00e7al\u0131\u015fanlar. Y\u00fcksekte \u00e7al\u0131\u015fma b\u00f6lgelerinin belirlenmesinden, gerekli y\u00fcksekte \u00e7al\u0131\u015fma sisteminin olu\u015fturulmas\u0131ndan ve kontrol\u00fcnden sorumlu...","og_url":"https:\/\/globalallianceregister.com\/tr\/services\/egitim\/turkce-saglik-emniyet-cevre-egitim-programi\/turkce-sec-06-yuksekte-guvenli-calisma-egitimi-1-gun\/","og_site_name":"Global Alliance Register","article_modified_time":"2015-12-16T10:01:57+00:00","og_image":[{"width":614,"height":200,"url":"https:\/\/globalallianceregister.com\/wp-content\/uploads\/2015\/08\/Training-Inner-Page.jpg","type":"image\/jpeg"}],"twitter_misc":{"Tahmini okuma s\u00fcresi":"1 dakika"},"schema":{"@context":"https:\/\/schema.org","@graph":[{"@type":"WebPage","@id":"https:\/\/globalallianceregister.com\/tr\/services\/egitim\/turkce-saglik-emniyet-cevre-egitim-programi\/turkce-sec-06-yuksekte-guvenli-calisma-egitimi-1-gun\/","url":"https:\/\/globalallianceregister.com\/tr\/services\/egitim\/turkce-saglik-emniyet-cevre-egitim-programi\/turkce-sec-06-yuksekte-guvenli-calisma-egitimi-1-gun\/","name":"SEC 06\u00a0 Y\u00fcksekte G\u00fcvenli \u00c7al\u0131\u015fma E\u011fitimi \u2013 1 g\u00fcn - Global Alliance Register","isPartOf":{"@id":"https:\/\/globalallianceregister.com\/tr\/#website"},"primaryImageOfPage":{"@id":"https:\/\/globalallianceregister.com\/tr\/services\/egitim\/turkce-saglik-emniyet-cevre-egitim-programi\/turkce-sec-06-yuksekte-guvenli-calisma-egitimi-1-gun\/#primaryimage"},"image":{"@id":"https:\/\/globalallianceregister.com\/tr\/services\/egitim\/turkce-saglik-emniyet-cevre-egitim-programi\/turkce-sec-06-yuksekte-guvenli-calisma-egitimi-1-gun\/#primaryimage"},"thumbnailUrl":"https:\/\/globalallianceregister.com\/wp-content\/uploads\/2015\/08\/Training-Inner-Page.jpg","datePublished":"2015-01-02T19:03:42+00:00","dateModified":"2015-12-16T10:01:57+00:00","breadcrumb":{"@id":"https:\/\/globalallianceregister.com\/tr\/services\/egitim\/turkce-saglik-emniyet-cevre-egitim-programi\/turkce-sec-06-yuksekte-guvenli-calisma-egitimi-1-gun\/#breadcrumb"},"inLanguage":"tr","potentialAction":[{"@type":"ReadAction","target":[["https:\/\/globalallianceregister.com\/tr\/services\/egitim\/turkce-saglik-emniyet-cevre-egitim-programi\/turkce-sec-06-yuksekte-guvenli-calisma-egitimi-1-gun\/"]]}]},{"@type":"ImageObject","inLanguage":"tr","@id":"https:\/\/globalallianceregister.com\/tr\/services\/egitim\/turkce-saglik-emniyet-cevre-egitim-programi\/turkce-sec-06-yuksekte-guvenli-calisma-egitimi-1-gun\/#primaryimage","url":"https:\/\/globalallianceregister.com\/wp-content\/uploads\/2015\/08\/Training-Inner-Page.jpg","contentUrl":"https:\/\/globalallianceregister.com\/wp-content\/uploads\/2015\/08\/Training-Inner-Page.jpg","width":614,"height":200},{"@type":"BreadcrumbList","@id":"https:\/\/globalallianceregister.com\/tr\/services\/egitim\/turkce-saglik-emniyet-cevre-egitim-programi\/turkce-sec-06-yuksekte-guvenli-calisma-egitimi-1-gun\/#breadcrumb","itemListElement":[{"@type":"ListItem","position":1,"name":"Anasayfa","item":"https:\/\/globalallianceregister.com\/tr\/"},{"@type":"ListItem","position":2,"name":"SEC 06\u00a0 Y\u00fcksekte G\u00fcvenli \u00c7al\u0131\u015fma E\u011fitimi \u2013 1 g\u00fcn"}]},{"@type":"WebSite","@id":"https:\/\/globalallianceregister.com\/tr\/#website","url":"https:\/\/globalallianceregister.com\/tr\/","name":"Global Alliance Register","description":"(EN) Together for Excellence","potentialAction":[{"@type":"SearchAction","target":{"@type":"EntryPoint","urlTemplate":"https:\/\/globalallianceregister.com\/tr\/?s={search_term_string}"},"query-input":{"@type":"PropertyValueSpecification","valueRequired":true,"valueName":"search_term_string"}}],"inLanguage":"tr"}]}},"_links":{"self":[{"href":"https:\/\/globalallianceregister.com\/tr\/wp-json\/wp\/v2\/pages\/2457","targetHints":{"allow":["GET"]}}],"collection":[{"href":"https:\/\/globalallianceregister.com\/tr\/wp-json\/wp\/v2\/pages"}],"about":[{"href":"https:\/\/globalallianceregister.com\/tr\/wp-json\/wp\/v2\/types\/page"}],"author":[{"embeddable":true,"href":"https:\/\/globalallianceregister.com\/tr\/wp-json\/wp\/v2\/users\/10"}],"replies":[{"embeddable":true,"href":"https:\/\/globalallianceregister.com\/tr\/wp-json\/wp\/v2\/comments?post=2457"}],"version-history":[{"count":0,"href":"https:\/\/globalallianceregister.com\/tr\/wp-json\/wp\/v2\/pages\/2457\/revisions"}],"up":[{"embeddable":true,"href":"https:\/\/globalallianceregister.com\/tr\/wp-json\/wp\/v2\/pages\/2165"}],"wp:featuredmedia":[{"embeddable":true,"href":"https:\/\/globalallianceregister.com\/tr\/wp-json\/wp\/v2\/media\/5171"}],"wp:attachment":[{"href":"https:\/\/globalallianceregister.com\/tr\/wp-json\/wp\/v2\/media?parent=2457"}],"curies":[{"name":"wp","href":"https:\/\/api.w.org\/{rel}","templated":true}]}}