{"id":2459,"date":"2015-01-02T19:05:21","date_gmt":"2015-01-02T19:05:21","guid":{"rendered":"https:\/\/globalallianceregister.com\/?page_id=2459"},"modified":"2015-12-16T10:02:29","modified_gmt":"2015-12-16T10:02:29","slug":"turkce-sec-07-kaza-ve-olay-arastirma-egitimi-1-gun","status":"publish","type":"page","link":"https:\/\/globalallianceregister.com\/tr\/services\/egitim\/turkce-saglik-emniyet-cevre-egitim-programi\/turkce-sec-07-kaza-ve-olay-arastirma-egitimi-1-gun\/","title":{"rendered":"SEC 07\u00a0 Kaza ve Olay Ara\u015ft\u0131rma E\u011fitimi \u2013 1 g\u00fcn"},"content":{"rendered":"<p>\u00a0 <strong>Kat\u0131l\u0131mc\u0131 Profili<\/strong><\/p>\n<ul>\n<li>Organizasyonun kaza ve olay ara\u015ft\u0131rma ekibinde bulunacak olan her kademe ve seviyedeki \u00e7al\u0131\u015fanlar\u0131<\/li>\n<li>OHSAS 18001 \u0130\u015f Sa\u011fl\u0131\u011f\u0131 ve G\u00fcvenli\u011fi Y\u00f6netim Sisteminin kurulumundan ve s\u00fcrd\u00fcr\u00fclmesinden sorumlu olan \u00e7al\u0131\u015fanlar<\/li>\n<li>\u0130\u015f Sa\u011fl\u0131\u011f\u0131 ve G\u00fcvenli\u011fi Departman\u0131 sorumlular\u0131, \u0130\u015f yeri sa\u011fl\u0131k ekibi, insan kaynaklar\u0131 sorumlular\u0131<\/li>\n<\/ul>\n<p>\u00a0 <strong>Hedeflenen Sonu\u00e7\u00a0\u00a0\u00a0<\/strong><\/p>\n<ul>\n<li>\u00c7al\u0131\u015fanlar bu e\u011fitim sonunda kaza ve olay tan\u0131mlar\u0131n\u0131, kazalar\u0131 meydana getiren nedenleri, kaza sonunda uygulanmas\u0131 gereken prosed\u00fcrleri ve etkin bir ara\u015ft\u0131rman\u0131n nas\u0131l yap\u0131laca\u011f\u0131n\u0131 ve sonucunda benzer kazalar\u0131n nas\u0131l \u00f6nlenece\u011fi konusunda bilin\u00e7lendirilmeleri sa\u011flanacakt\u0131r.<\/li>\n<li>Teorik e\u011fitimin ard\u0131ndan da vaka \u00e7al\u0131\u015fmas\u0131 yap\u0131lacakt\u0131r.<\/li>\n<\/ul>\n<p>\u00a0 <strong>E\u011fitimin \u0130\u00e7eri\u011fi<\/strong><\/p>\n<ul>\n<li>Kaza \u2013 Olay Kavramlar\u0131 ve Kaza \u00c7e\u015fitleri<\/li>\n<li>Kaza \u2013 Olaylar\u0131 Olu\u015fturan Nedenler<\/li>\n<li>Kaza \u2013 Olay Kay\u0131plar\u0131<\/li>\n<li>Kaza \u0130statistikleri<\/li>\n<li>Kaza \u2013 Olay Ara\u015ft\u0131rma Ekipleri<\/li>\n<li>Acil Durum Planlar\u0131n\u0131n Uygulanmas\u0131<\/li>\n<li>Kaza \u2013 Olay Sonras\u0131nda Yap\u0131lmas\u0131 Gerekenler<\/li>\n<li>Kaza Ara\u015ft\u0131rmalar\u0131\n<ul>\n<li>Ki\u015filer<\/li>\n<li>Dok\u00fcmanlar<\/li>\n<li>Olay Yeri<\/li>\n<li>\u0130fadelerin Al\u0131nmas\u0131<\/li>\n<\/ul>\n<\/li>\n<li>Kaza Raporlamalar\u0131<\/li>\n<li>Kaza \u2013 Olay Analiz Y\u00f6ntemleri<\/li>\n<li>Vaka \u00e7al\u0131\u015fmalar\u0131<\/li>\n<\/ul>\n<p>\u00a0 <strong>Sertifika\u00a0\u00a0\u00a0\u00a0<\/strong><\/p>\n<ul>\n<li>E\u011fitimi tamamlayan t\u00fcm kat\u0131l\u0131mc\u0131lara, GLOBAL ALLIANCE ACADEMY taraf\u0131ndan \u201cKaza ve Olay \u0130nceleme E\u011fitimi Kat\u0131l\u0131m Sertifikas\u0131\u201d verilecektir.<\/li>\n<\/ul>","protected":false},"excerpt":{"rendered":"<p>\u00a0 Kat\u0131l\u0131mc\u0131 Profili Organizasyonun kaza ve olay ara\u015ft\u0131rma ekibinde bulunacak olan her kademe ve seviyedeki \u00e7al\u0131\u015fanlar\u0131 OHSAS 18001 \u0130\u015f Sa\u011fl\u0131\u011f\u0131 ve G\u00fcvenli\u011fi Y\u00f6netim Sisteminin kurulumundan ve s\u00fcrd\u00fcr\u00fclmesinden sorumlu olan \u00e7al\u0131\u015fanlar&#8230; <\/p>\n","protected":false},"author":10,"featured_media":5171,"parent":2165,"menu_order":7,"comment_status":"closed","ping_status":"closed","template":"page-full.php","meta":{"_acf_changed":false,"om_disable_all_campaigns":false,"footnotes":""},"class_list":["post-2459","page","type-page","status-publish","has-post-thumbnail","hentry"],"acf":[],"yoast_head":"<!-- This site is optimized with the Yoast SEO plugin v27.4 - https:\/\/yoast.com\/product\/yoast-seo-wordpress\/ -->\n<title>SEC 07\u00a0 Kaza ve Olay Ara\u015ft\u0131rma E\u011fitimi \u2013 1 g\u00fcn - Global Alliance Register<\/title>\n<meta name=\"robots\" content=\"index, follow, max-snippet:-1, max-image-preview:large, max-video-preview:-1\" \/>\n<link rel=\"canonical\" href=\"https:\/\/globalallianceregister.com\/tr\/services\/egitim\/turkce-saglik-emniyet-cevre-egitim-programi\/turkce-sec-07-kaza-ve-olay-arastirma-egitimi-1-gun\/\" \/>\n<meta property=\"og:locale\" content=\"tr_TR\" \/>\n<meta property=\"og:type\" content=\"article\" \/>\n<meta property=\"og:title\" content=\"SEC 07\u00a0 Kaza ve Olay Ara\u015ft\u0131rma E\u011fitimi \u2013 1 g\u00fcn - Global Alliance Register\" \/>\n<meta property=\"og:description\" content=\"\u00a0 Kat\u0131l\u0131mc\u0131 Profili Organizasyonun kaza ve olay ara\u015ft\u0131rma ekibinde bulunacak olan her kademe ve seviyedeki \u00e7al\u0131\u015fanlar\u0131 OHSAS 18001 \u0130\u015f Sa\u011fl\u0131\u011f\u0131 ve G\u00fcvenli\u011fi Y\u00f6netim Sisteminin kurulumundan ve s\u00fcrd\u00fcr\u00fclmesinden sorumlu olan \u00e7al\u0131\u015fanlar...\" \/>\n<meta property=\"og:url\" content=\"https:\/\/globalallianceregister.com\/tr\/services\/egitim\/turkce-saglik-emniyet-cevre-egitim-programi\/turkce-sec-07-kaza-ve-olay-arastirma-egitimi-1-gun\/\" \/>\n<meta property=\"og:site_name\" content=\"Global Alliance Register\" \/>\n<meta property=\"article:modified_time\" content=\"2015-12-16T10:02:29+00:00\" \/>\n<meta property=\"og:image\" content=\"https:\/\/globalallianceregister.com\/wp-content\/uploads\/2015\/08\/Training-Inner-Page.jpg\" \/>\n\t<meta property=\"og:image:width\" content=\"614\" \/>\n\t<meta property=\"og:image:height\" content=\"200\" \/>\n\t<meta property=\"og:image:type\" content=\"image\/jpeg\" \/>\n<meta name=\"twitter:label1\" content=\"Tahmini okuma s\u00fcresi\" \/>\n\t<meta name=\"twitter:data1\" content=\"1 dakika\" \/>\n<script type=\"application\/ld+json\" class=\"yoast-schema-graph\">{\"@context\":\"https:\\\/\\\/schema.org\",\"@graph\":[{\"@type\":\"WebPage\",\"@id\":\"https:\\\/\\\/globalallianceregister.com\\\/tr\\\/services\\\/egitim\\\/turkce-saglik-emniyet-cevre-egitim-programi\\\/turkce-sec-07-kaza-ve-olay-arastirma-egitimi-1-gun\\\/\",\"url\":\"https:\\\/\\\/globalallianceregister.com\\\/tr\\\/services\\\/egitim\\\/turkce-saglik-emniyet-cevre-egitim-programi\\\/turkce-sec-07-kaza-ve-olay-arastirma-egitimi-1-gun\\\/\",\"name\":\"SEC 07\u00a0 Kaza ve Olay Ara\u015ft\u0131rma E\u011fitimi \u2013 1 g\u00fcn - Global Alliance Register\",\"isPartOf\":{\"@id\":\"https:\\\/\\\/globalallianceregister.com\\\/tr\\\/#website\"},\"primaryImageOfPage\":{\"@id\":\"https:\\\/\\\/globalallianceregister.com\\\/tr\\\/services\\\/egitim\\\/turkce-saglik-emniyet-cevre-egitim-programi\\\/turkce-sec-07-kaza-ve-olay-arastirma-egitimi-1-gun\\\/#primaryimage\"},\"image\":{\"@id\":\"https:\\\/\\\/globalallianceregister.com\\\/tr\\\/services\\\/egitim\\\/turkce-saglik-emniyet-cevre-egitim-programi\\\/turkce-sec-07-kaza-ve-olay-arastirma-egitimi-1-gun\\\/#primaryimage\"},\"thumbnailUrl\":\"https:\\\/\\\/globalallianceregister.com\\\/wp-content\\\/uploads\\\/2015\\\/08\\\/Training-Inner-Page.jpg\",\"datePublished\":\"2015-01-02T19:05:21+00:00\",\"dateModified\":\"2015-12-16T10:02:29+00:00\",\"breadcrumb\":{\"@id\":\"https:\\\/\\\/globalallianceregister.com\\\/tr\\\/services\\\/egitim\\\/turkce-saglik-emniyet-cevre-egitim-programi\\\/turkce-sec-07-kaza-ve-olay-arastirma-egitimi-1-gun\\\/#breadcrumb\"},\"inLanguage\":\"tr\",\"potentialAction\":[{\"@type\":\"ReadAction\",\"target\":[[\"https:\\\/\\\/globalallianceregister.com\\\/tr\\\/services\\\/egitim\\\/turkce-saglik-emniyet-cevre-egitim-programi\\\/turkce-sec-07-kaza-ve-olay-arastirma-egitimi-1-gun\\\/\"]]}]},{\"@type\":\"ImageObject\",\"inLanguage\":\"tr\",\"@id\":\"https:\\\/\\\/globalallianceregister.com\\\/tr\\\/services\\\/egitim\\\/turkce-saglik-emniyet-cevre-egitim-programi\\\/turkce-sec-07-kaza-ve-olay-arastirma-egitimi-1-gun\\\/#primaryimage\",\"url\":\"https:\\\/\\\/globalallianceregister.com\\\/wp-content\\\/uploads\\\/2015\\\/08\\\/Training-Inner-Page.jpg\",\"contentUrl\":\"https:\\\/\\\/globalallianceregister.com\\\/wp-content\\\/uploads\\\/2015\\\/08\\\/Training-Inner-Page.jpg\",\"width\":614,\"height\":200},{\"@type\":\"BreadcrumbList\",\"@id\":\"https:\\\/\\\/globalallianceregister.com\\\/tr\\\/services\\\/egitim\\\/turkce-saglik-emniyet-cevre-egitim-programi\\\/turkce-sec-07-kaza-ve-olay-arastirma-egitimi-1-gun\\\/#breadcrumb\",\"itemListElement\":[{\"@type\":\"ListItem\",\"position\":1,\"name\":\"Anasayfa\",\"item\":\"https:\\\/\\\/globalallianceregister.com\\\/tr\\\/\"},{\"@type\":\"ListItem\",\"position\":2,\"name\":\"SEC 07\u00a0 Kaza ve Olay Ara\u015ft\u0131rma E\u011fitimi \u2013 1 g\u00fcn\"}]},{\"@type\":\"WebSite\",\"@id\":\"https:\\\/\\\/globalallianceregister.com\\\/tr\\\/#website\",\"url\":\"https:\\\/\\\/globalallianceregister.com\\\/tr\\\/\",\"name\":\"Global Alliance Register\",\"description\":\"(EN) Together for Excellence\",\"potentialAction\":[{\"@type\":\"SearchAction\",\"target\":{\"@type\":\"EntryPoint\",\"urlTemplate\":\"https:\\\/\\\/globalallianceregister.com\\\/tr\\\/?s={search_term_string}\"},\"query-input\":{\"@type\":\"PropertyValueSpecification\",\"valueRequired\":true,\"valueName\":\"search_term_string\"}}],\"inLanguage\":\"tr\"}]}<\/script>\n<!-- \/ Yoast SEO plugin. -->","yoast_head_json":{"title":"SEC 07\u00a0 Kaza ve Olay Ara\u015ft\u0131rma E\u011fitimi \u2013 1 g\u00fcn - Global Alliance Register","robots":{"index":"index","follow":"follow","max-snippet":"max-snippet:-1","max-image-preview":"max-image-preview:large","max-video-preview":"max-video-preview:-1"},"canonical":"https:\/\/globalallianceregister.com\/tr\/services\/egitim\/turkce-saglik-emniyet-cevre-egitim-programi\/turkce-sec-07-kaza-ve-olay-arastirma-egitimi-1-gun\/","og_locale":"tr_TR","og_type":"article","og_title":"SEC 07\u00a0 Kaza ve Olay Ara\u015ft\u0131rma E\u011fitimi \u2013 1 g\u00fcn - Global Alliance Register","og_description":"\u00a0 Kat\u0131l\u0131mc\u0131 Profili Organizasyonun kaza ve olay ara\u015ft\u0131rma ekibinde bulunacak olan her kademe ve seviyedeki \u00e7al\u0131\u015fanlar\u0131 OHSAS 18001 \u0130\u015f Sa\u011fl\u0131\u011f\u0131 ve G\u00fcvenli\u011fi Y\u00f6netim Sisteminin kurulumundan ve s\u00fcrd\u00fcr\u00fclmesinden sorumlu olan \u00e7al\u0131\u015fanlar...","og_url":"https:\/\/globalallianceregister.com\/tr\/services\/egitim\/turkce-saglik-emniyet-cevre-egitim-programi\/turkce-sec-07-kaza-ve-olay-arastirma-egitimi-1-gun\/","og_site_name":"Global Alliance Register","article_modified_time":"2015-12-16T10:02:29+00:00","og_image":[{"width":614,"height":200,"url":"https:\/\/globalallianceregister.com\/wp-content\/uploads\/2015\/08\/Training-Inner-Page.jpg","type":"image\/jpeg"}],"twitter_misc":{"Tahmini okuma s\u00fcresi":"1 dakika"},"schema":{"@context":"https:\/\/schema.org","@graph":[{"@type":"WebPage","@id":"https:\/\/globalallianceregister.com\/tr\/services\/egitim\/turkce-saglik-emniyet-cevre-egitim-programi\/turkce-sec-07-kaza-ve-olay-arastirma-egitimi-1-gun\/","url":"https:\/\/globalallianceregister.com\/tr\/services\/egitim\/turkce-saglik-emniyet-cevre-egitim-programi\/turkce-sec-07-kaza-ve-olay-arastirma-egitimi-1-gun\/","name":"SEC 07\u00a0 Kaza ve Olay Ara\u015ft\u0131rma E\u011fitimi \u2013 1 g\u00fcn - Global Alliance Register","isPartOf":{"@id":"https:\/\/globalallianceregister.com\/tr\/#website"},"primaryImageOfPage":{"@id":"https:\/\/globalallianceregister.com\/tr\/services\/egitim\/turkce-saglik-emniyet-cevre-egitim-programi\/turkce-sec-07-kaza-ve-olay-arastirma-egitimi-1-gun\/#primaryimage"},"image":{"@id":"https:\/\/globalallianceregister.com\/tr\/services\/egitim\/turkce-saglik-emniyet-cevre-egitim-programi\/turkce-sec-07-kaza-ve-olay-arastirma-egitimi-1-gun\/#primaryimage"},"thumbnailUrl":"https:\/\/globalallianceregister.com\/wp-content\/uploads\/2015\/08\/Training-Inner-Page.jpg","datePublished":"2015-01-02T19:05:21+00:00","dateModified":"2015-12-16T10:02:29+00:00","breadcrumb":{"@id":"https:\/\/globalallianceregister.com\/tr\/services\/egitim\/turkce-saglik-emniyet-cevre-egitim-programi\/turkce-sec-07-kaza-ve-olay-arastirma-egitimi-1-gun\/#breadcrumb"},"inLanguage":"tr","potentialAction":[{"@type":"ReadAction","target":[["https:\/\/globalallianceregister.com\/tr\/services\/egitim\/turkce-saglik-emniyet-cevre-egitim-programi\/turkce-sec-07-kaza-ve-olay-arastirma-egitimi-1-gun\/"]]}]},{"@type":"ImageObject","inLanguage":"tr","@id":"https:\/\/globalallianceregister.com\/tr\/services\/egitim\/turkce-saglik-emniyet-cevre-egitim-programi\/turkce-sec-07-kaza-ve-olay-arastirma-egitimi-1-gun\/#primaryimage","url":"https:\/\/globalallianceregister.com\/wp-content\/uploads\/2015\/08\/Training-Inner-Page.jpg","contentUrl":"https:\/\/globalallianceregister.com\/wp-content\/uploads\/2015\/08\/Training-Inner-Page.jpg","width":614,"height":200},{"@type":"BreadcrumbList","@id":"https:\/\/globalallianceregister.com\/tr\/services\/egitim\/turkce-saglik-emniyet-cevre-egitim-programi\/turkce-sec-07-kaza-ve-olay-arastirma-egitimi-1-gun\/#breadcrumb","itemListElement":[{"@type":"ListItem","position":1,"name":"Anasayfa","item":"https:\/\/globalallianceregister.com\/tr\/"},{"@type":"ListItem","position":2,"name":"SEC 07\u00a0 Kaza ve Olay Ara\u015ft\u0131rma E\u011fitimi \u2013 1 g\u00fcn"}]},{"@type":"WebSite","@id":"https:\/\/globalallianceregister.com\/tr\/#website","url":"https:\/\/globalallianceregister.com\/tr\/","name":"Global Alliance Register","description":"(EN) Together for Excellence","potentialAction":[{"@type":"SearchAction","target":{"@type":"EntryPoint","urlTemplate":"https:\/\/globalallianceregister.com\/tr\/?s={search_term_string}"},"query-input":{"@type":"PropertyValueSpecification","valueRequired":true,"valueName":"search_term_string"}}],"inLanguage":"tr"}]}},"_links":{"self":[{"href":"https:\/\/globalallianceregister.com\/tr\/wp-json\/wp\/v2\/pages\/2459","targetHints":{"allow":["GET"]}}],"collection":[{"href":"https:\/\/globalallianceregister.com\/tr\/wp-json\/wp\/v2\/pages"}],"about":[{"href":"https:\/\/globalallianceregister.com\/tr\/wp-json\/wp\/v2\/types\/page"}],"author":[{"embeddable":true,"href":"https:\/\/globalallianceregister.com\/tr\/wp-json\/wp\/v2\/users\/10"}],"replies":[{"embeddable":true,"href":"https:\/\/globalallianceregister.com\/tr\/wp-json\/wp\/v2\/comments?post=2459"}],"version-history":[{"count":0,"href":"https:\/\/globalallianceregister.com\/tr\/wp-json\/wp\/v2\/pages\/2459\/revisions"}],"up":[{"embeddable":true,"href":"https:\/\/globalallianceregister.com\/tr\/wp-json\/wp\/v2\/pages\/2165"}],"wp:featuredmedia":[{"embeddable":true,"href":"https:\/\/globalallianceregister.com\/tr\/wp-json\/wp\/v2\/media\/5171"}],"wp:attachment":[{"href":"https:\/\/globalallianceregister.com\/tr\/wp-json\/wp\/v2\/media?parent=2459"}],"curies":[{"name":"wp","href":"https:\/\/api.w.org\/{rel}","templated":true}]}}