{"id":2461,"date":"2015-01-02T19:07:47","date_gmt":"2015-01-02T19:07:47","guid":{"rendered":"https:\/\/globalallianceregister.com\/?page_id=2461"},"modified":"2015-12-16T10:03:01","modified_gmt":"2015-12-16T10:03:01","slug":"turkce-sec-08-exproof-alanlarda-emniyetli-calisma-egitimi-2-gun","status":"publish","type":"page","link":"https:\/\/globalallianceregister.com\/tr\/services\/egitim\/turkce-saglik-emniyet-cevre-egitim-programi\/turkce-sec-08-exproof-alanlarda-emniyetli-calisma-egitimi-2-gun\/","title":{"rendered":"SEC 08\u00a0 Exproof Alanlarda Emniyetli \u00c7al\u0131\u015fma E\u011fitimi \u2013 2 g\u00fcn"},"content":{"rendered":"<p>&nbsp;<\/p>\n<p><strong>Kat\u0131l\u0131mc\u0131 Profili<\/strong><\/p>\n<ul>\n<li>SE\u00c7-G Y\u00f6neticileri\/ Uzmanlar\u0131\/ Personeli, Tesis y\u00f6neticileri, teknik personel, uzman, m\u00fchendis, di\u011fer teknik s\u00fcperviz\u00f6r g\u00f6revlerini \u00fcstlenen t\u00fcm personelin bu e\u011fitime kat\u0131lmas\u0131nda fayda vard\u0131r.<\/li>\n<\/ul>\n<p>&nbsp;<\/p>\n<p><strong>Hedeflenen Sonu\u00e7<\/strong><\/p>\n<ul>\n<li>Yang\u0131n sebeplerinin en ba\u015f\u0131nda %32 oran ile elektrik konta\u011f\u0131(ark\u0131) yer almas\u0131na ra\u011fmen patlay\u0131c\u0131 ortamlardaki elektrik tesisatlar\u0131n\u0131n projelendirmesi, uygulanmas\u0131 ve denetlenmesi hakk\u0131nda yeterli bir kontrol mekanizmas\u0131 T\u00fcrkiye&#8217;de mevcut de\u011fildir. Bu nedenle ilgili direktifler ve lokal mevzuat, y\u00f6netmelikler kapsam\u0131nda bilin\u00e7lenme ve bu gerekliliklerin projelendirmeden tesis in\u015faat\u0131na ve tesisin i\u015fletmede bulundu\u011fu t\u00fcm s\u00fcre\u00e7lere ta\u015f\u0131narak etkin olarak uygulanmas\u0131 \u015fartt\u0131r. Bu e\u011fitim arac\u0131l\u0131\u011f\u0131 ile fark\u0131ndal\u0131\u011f\u0131n art\u0131r\u0131lmas\u0131, mevzuatlar hakk\u0131nda bilin\u00e7lendirme, i\u015fletme teknik personeli ve y\u00f6neticilerinin olas\u0131 t\u00fcm s\u00fcre\u00e7leri y\u00f6netirken gerekli bilgi ve donan\u0131ma sahip olmalar\u0131 ve s\u00fcre\u00e7 y\u00f6netimini bu \u00e7er\u00e7evede ele almalar\u0131 konusunda k\u0131lavuzluk yapmakt\u0131r.<\/li>\n<\/ul>\n<p>&nbsp;<\/p>\n<p><strong>E\u011fitimin \u0130\u00e7eri\u011fi<\/strong><\/p>\n<ul>\n<li>Teorik \u2013 1.G\u00fcn\n<ul>\n<li>ATEX\/ Exproof\/ Statik Elektrik: \u0130lgili direktifiler, mevzuatlar hakk\u0131nda bilin\u00e7lendirme<\/li>\n<li>D\u00fcnya &amp; T\u00fcrkiye\u2019deki Genel Uygulamalar, Korunma Y\u00f6ntemleri hakk\u0131nda bilgilendirme<\/li>\n<li>Tesise y\u00f6nelik GAP Analizi Raporu&#8217;nun ilgili mevzuat kapsam\u0131nda de\u011ferlendirilmesi<\/li>\n<\/ul>\n<\/li>\n<li>Pratik \u2013 2.G\u00fcn\n<ul>\n<li>Tesiste bulunan t\u00fcm exproof cihaz ve donan\u0131mlar\u0131n; s\u00fcre\u00e7 ve \u00e7evresel fakt\u00f6rler dikkate al\u0131narak g\u00f6zden ge\u00e7irilmesi,<\/li>\n<li>GAP Analizi \u00e7\u0131kt\u0131lar\u0131n\u0131n grup ile de\u011ferlendirilmesi ve var olan eksiklerin ne tip uygulamalar ile giderilebilece\u011fi \u00fczerine tavsiyeler,<\/li>\n<li>Direktif ve lokal mevzuat kapsam\u0131nda do\u011fru ve yanl\u0131\u015f uygulamalar hakk\u0131nda sahada vaka \u00e7al\u0131\u015fmalar\u0131 yap\u0131lmas\u0131<\/li>\n<\/ul>\n<\/li>\n<\/ul>\n<p>&nbsp;<\/p>\n<p><strong>Sertifika<\/strong><\/p>\n<ul>\n<li>E\u011fitimi tamamlayan t\u00fcm kat\u0131l\u0131mc\u0131lara GLOBAL ALLIANCE ACADEMY taraf\u0131ndan, &#8220;ATEX-Exproof \u2013Statik Elektrik E\u011fitimi Kat\u0131l\u0131m Sertifikas\u0131\u201d verilecektir.<\/li>\n<\/ul>\n<p>&nbsp;<\/p>","protected":false},"excerpt":{"rendered":"<p>&nbsp; Kat\u0131l\u0131mc\u0131 Profili SE\u00c7-G Y\u00f6neticileri\/ Uzmanlar\u0131\/ Personeli, Tesis y\u00f6neticileri, teknik personel, uzman, m\u00fchendis, di\u011fer teknik s\u00fcperviz\u00f6r g\u00f6revlerini \u00fcstlenen t\u00fcm personelin bu e\u011fitime kat\u0131lmas\u0131nda fayda vard\u0131r. &nbsp; Hedeflenen Sonu\u00e7 Yang\u0131n sebeplerinin&#8230; <\/p>\n","protected":false},"author":10,"featured_media":5171,"parent":2165,"menu_order":8,"comment_status":"closed","ping_status":"closed","template":"page-full.php","meta":{"_acf_changed":false,"om_disable_all_campaigns":false,"footnotes":""},"class_list":["post-2461","page","type-page","status-publish","has-post-thumbnail","hentry"],"acf":[],"yoast_head":"<!-- This site is optimized with the Yoast SEO plugin v27.4 - https:\/\/yoast.com\/product\/yoast-seo-wordpress\/ -->\n<title>SEC 08\u00a0 Exproof Alanlarda Emniyetli \u00c7al\u0131\u015fma E\u011fitimi \u2013 2 g\u00fcn - Global Alliance Register<\/title>\n<meta name=\"robots\" content=\"index, follow, max-snippet:-1, max-image-preview:large, max-video-preview:-1\" \/>\n<link rel=\"canonical\" href=\"https:\/\/globalallianceregister.com\/tr\/services\/egitim\/turkce-saglik-emniyet-cevre-egitim-programi\/turkce-sec-08-exproof-alanlarda-emniyetli-calisma-egitimi-2-gun\/\" \/>\n<meta property=\"og:locale\" content=\"tr_TR\" \/>\n<meta property=\"og:type\" content=\"article\" \/>\n<meta property=\"og:title\" content=\"SEC 08\u00a0 Exproof Alanlarda Emniyetli \u00c7al\u0131\u015fma E\u011fitimi \u2013 2 g\u00fcn - Global Alliance Register\" \/>\n<meta property=\"og:description\" content=\"&nbsp; Kat\u0131l\u0131mc\u0131 Profili SE\u00c7-G Y\u00f6neticileri\/ Uzmanlar\u0131\/ Personeli, Tesis y\u00f6neticileri, teknik personel, uzman, m\u00fchendis, di\u011fer teknik s\u00fcperviz\u00f6r g\u00f6revlerini \u00fcstlenen t\u00fcm personelin bu e\u011fitime kat\u0131lmas\u0131nda fayda vard\u0131r. &nbsp; Hedeflenen Sonu\u00e7 Yang\u0131n sebeplerinin...\" \/>\n<meta property=\"og:url\" content=\"https:\/\/globalallianceregister.com\/tr\/services\/egitim\/turkce-saglik-emniyet-cevre-egitim-programi\/turkce-sec-08-exproof-alanlarda-emniyetli-calisma-egitimi-2-gun\/\" \/>\n<meta property=\"og:site_name\" content=\"Global Alliance Register\" \/>\n<meta property=\"article:modified_time\" content=\"2015-12-16T10:03:01+00:00\" \/>\n<meta property=\"og:image\" content=\"https:\/\/globalallianceregister.com\/wp-content\/uploads\/2015\/08\/Training-Inner-Page.jpg\" \/>\n\t<meta property=\"og:image:width\" content=\"614\" \/>\n\t<meta property=\"og:image:height\" content=\"200\" \/>\n\t<meta property=\"og:image:type\" content=\"image\/jpeg\" \/>\n<meta name=\"twitter:label1\" content=\"Tahmini okuma s\u00fcresi\" \/>\n\t<meta name=\"twitter:data1\" content=\"2 dakika\" \/>\n<script type=\"application\/ld+json\" class=\"yoast-schema-graph\">{\"@context\":\"https:\\\/\\\/schema.org\",\"@graph\":[{\"@type\":\"WebPage\",\"@id\":\"https:\\\/\\\/globalallianceregister.com\\\/tr\\\/services\\\/egitim\\\/turkce-saglik-emniyet-cevre-egitim-programi\\\/turkce-sec-08-exproof-alanlarda-emniyetli-calisma-egitimi-2-gun\\\/\",\"url\":\"https:\\\/\\\/globalallianceregister.com\\\/tr\\\/services\\\/egitim\\\/turkce-saglik-emniyet-cevre-egitim-programi\\\/turkce-sec-08-exproof-alanlarda-emniyetli-calisma-egitimi-2-gun\\\/\",\"name\":\"SEC 08\u00a0 Exproof Alanlarda Emniyetli \u00c7al\u0131\u015fma E\u011fitimi \u2013 2 g\u00fcn - Global Alliance Register\",\"isPartOf\":{\"@id\":\"https:\\\/\\\/globalallianceregister.com\\\/tr\\\/#website\"},\"primaryImageOfPage\":{\"@id\":\"https:\\\/\\\/globalallianceregister.com\\\/tr\\\/services\\\/egitim\\\/turkce-saglik-emniyet-cevre-egitim-programi\\\/turkce-sec-08-exproof-alanlarda-emniyetli-calisma-egitimi-2-gun\\\/#primaryimage\"},\"image\":{\"@id\":\"https:\\\/\\\/globalallianceregister.com\\\/tr\\\/services\\\/egitim\\\/turkce-saglik-emniyet-cevre-egitim-programi\\\/turkce-sec-08-exproof-alanlarda-emniyetli-calisma-egitimi-2-gun\\\/#primaryimage\"},\"thumbnailUrl\":\"https:\\\/\\\/globalallianceregister.com\\\/wp-content\\\/uploads\\\/2015\\\/08\\\/Training-Inner-Page.jpg\",\"datePublished\":\"2015-01-02T19:07:47+00:00\",\"dateModified\":\"2015-12-16T10:03:01+00:00\",\"breadcrumb\":{\"@id\":\"https:\\\/\\\/globalallianceregister.com\\\/tr\\\/services\\\/egitim\\\/turkce-saglik-emniyet-cevre-egitim-programi\\\/turkce-sec-08-exproof-alanlarda-emniyetli-calisma-egitimi-2-gun\\\/#breadcrumb\"},\"inLanguage\":\"tr\",\"potentialAction\":[{\"@type\":\"ReadAction\",\"target\":[[\"https:\\\/\\\/globalallianceregister.com\\\/tr\\\/services\\\/egitim\\\/turkce-saglik-emniyet-cevre-egitim-programi\\\/turkce-sec-08-exproof-alanlarda-emniyetli-calisma-egitimi-2-gun\\\/\"]]}]},{\"@type\":\"ImageObject\",\"inLanguage\":\"tr\",\"@id\":\"https:\\\/\\\/globalallianceregister.com\\\/tr\\\/services\\\/egitim\\\/turkce-saglik-emniyet-cevre-egitim-programi\\\/turkce-sec-08-exproof-alanlarda-emniyetli-calisma-egitimi-2-gun\\\/#primaryimage\",\"url\":\"https:\\\/\\\/globalallianceregister.com\\\/wp-content\\\/uploads\\\/2015\\\/08\\\/Training-Inner-Page.jpg\",\"contentUrl\":\"https:\\\/\\\/globalallianceregister.com\\\/wp-content\\\/uploads\\\/2015\\\/08\\\/Training-Inner-Page.jpg\",\"width\":614,\"height\":200},{\"@type\":\"BreadcrumbList\",\"@id\":\"https:\\\/\\\/globalallianceregister.com\\\/tr\\\/services\\\/egitim\\\/turkce-saglik-emniyet-cevre-egitim-programi\\\/turkce-sec-08-exproof-alanlarda-emniyetli-calisma-egitimi-2-gun\\\/#breadcrumb\",\"itemListElement\":[{\"@type\":\"ListItem\",\"position\":1,\"name\":\"Anasayfa\",\"item\":\"https:\\\/\\\/globalallianceregister.com\\\/tr\\\/\"},{\"@type\":\"ListItem\",\"position\":2,\"name\":\"SEC 08\u00a0 Exproof Alanlarda Emniyetli \u00c7al\u0131\u015fma E\u011fitimi \u2013 2 g\u00fcn\"}]},{\"@type\":\"WebSite\",\"@id\":\"https:\\\/\\\/globalallianceregister.com\\\/tr\\\/#website\",\"url\":\"https:\\\/\\\/globalallianceregister.com\\\/tr\\\/\",\"name\":\"Global Alliance Register\",\"description\":\"(EN) Together for Excellence\",\"potentialAction\":[{\"@type\":\"SearchAction\",\"target\":{\"@type\":\"EntryPoint\",\"urlTemplate\":\"https:\\\/\\\/globalallianceregister.com\\\/tr\\\/?s={search_term_string}\"},\"query-input\":{\"@type\":\"PropertyValueSpecification\",\"valueRequired\":true,\"valueName\":\"search_term_string\"}}],\"inLanguage\":\"tr\"}]}<\/script>\n<!-- \/ Yoast SEO plugin. -->","yoast_head_json":{"title":"SEC 08\u00a0 Exproof Alanlarda Emniyetli \u00c7al\u0131\u015fma E\u011fitimi \u2013 2 g\u00fcn - Global Alliance Register","robots":{"index":"index","follow":"follow","max-snippet":"max-snippet:-1","max-image-preview":"max-image-preview:large","max-video-preview":"max-video-preview:-1"},"canonical":"https:\/\/globalallianceregister.com\/tr\/services\/egitim\/turkce-saglik-emniyet-cevre-egitim-programi\/turkce-sec-08-exproof-alanlarda-emniyetli-calisma-egitimi-2-gun\/","og_locale":"tr_TR","og_type":"article","og_title":"SEC 08\u00a0 Exproof Alanlarda Emniyetli \u00c7al\u0131\u015fma E\u011fitimi \u2013 2 g\u00fcn - Global Alliance Register","og_description":"&nbsp; Kat\u0131l\u0131mc\u0131 Profili SE\u00c7-G Y\u00f6neticileri\/ Uzmanlar\u0131\/ Personeli, Tesis y\u00f6neticileri, teknik personel, uzman, m\u00fchendis, di\u011fer teknik s\u00fcperviz\u00f6r g\u00f6revlerini \u00fcstlenen t\u00fcm personelin bu e\u011fitime kat\u0131lmas\u0131nda fayda vard\u0131r. &nbsp; Hedeflenen Sonu\u00e7 Yang\u0131n sebeplerinin...","og_url":"https:\/\/globalallianceregister.com\/tr\/services\/egitim\/turkce-saglik-emniyet-cevre-egitim-programi\/turkce-sec-08-exproof-alanlarda-emniyetli-calisma-egitimi-2-gun\/","og_site_name":"Global Alliance Register","article_modified_time":"2015-12-16T10:03:01+00:00","og_image":[{"width":614,"height":200,"url":"https:\/\/globalallianceregister.com\/wp-content\/uploads\/2015\/08\/Training-Inner-Page.jpg","type":"image\/jpeg"}],"twitter_misc":{"Tahmini okuma s\u00fcresi":"2 dakika"},"schema":{"@context":"https:\/\/schema.org","@graph":[{"@type":"WebPage","@id":"https:\/\/globalallianceregister.com\/tr\/services\/egitim\/turkce-saglik-emniyet-cevre-egitim-programi\/turkce-sec-08-exproof-alanlarda-emniyetli-calisma-egitimi-2-gun\/","url":"https:\/\/globalallianceregister.com\/tr\/services\/egitim\/turkce-saglik-emniyet-cevre-egitim-programi\/turkce-sec-08-exproof-alanlarda-emniyetli-calisma-egitimi-2-gun\/","name":"SEC 08\u00a0 Exproof Alanlarda Emniyetli \u00c7al\u0131\u015fma E\u011fitimi \u2013 2 g\u00fcn - Global Alliance Register","isPartOf":{"@id":"https:\/\/globalallianceregister.com\/tr\/#website"},"primaryImageOfPage":{"@id":"https:\/\/globalallianceregister.com\/tr\/services\/egitim\/turkce-saglik-emniyet-cevre-egitim-programi\/turkce-sec-08-exproof-alanlarda-emniyetli-calisma-egitimi-2-gun\/#primaryimage"},"image":{"@id":"https:\/\/globalallianceregister.com\/tr\/services\/egitim\/turkce-saglik-emniyet-cevre-egitim-programi\/turkce-sec-08-exproof-alanlarda-emniyetli-calisma-egitimi-2-gun\/#primaryimage"},"thumbnailUrl":"https:\/\/globalallianceregister.com\/wp-content\/uploads\/2015\/08\/Training-Inner-Page.jpg","datePublished":"2015-01-02T19:07:47+00:00","dateModified":"2015-12-16T10:03:01+00:00","breadcrumb":{"@id":"https:\/\/globalallianceregister.com\/tr\/services\/egitim\/turkce-saglik-emniyet-cevre-egitim-programi\/turkce-sec-08-exproof-alanlarda-emniyetli-calisma-egitimi-2-gun\/#breadcrumb"},"inLanguage":"tr","potentialAction":[{"@type":"ReadAction","target":[["https:\/\/globalallianceregister.com\/tr\/services\/egitim\/turkce-saglik-emniyet-cevre-egitim-programi\/turkce-sec-08-exproof-alanlarda-emniyetli-calisma-egitimi-2-gun\/"]]}]},{"@type":"ImageObject","inLanguage":"tr","@id":"https:\/\/globalallianceregister.com\/tr\/services\/egitim\/turkce-saglik-emniyet-cevre-egitim-programi\/turkce-sec-08-exproof-alanlarda-emniyetli-calisma-egitimi-2-gun\/#primaryimage","url":"https:\/\/globalallianceregister.com\/wp-content\/uploads\/2015\/08\/Training-Inner-Page.jpg","contentUrl":"https:\/\/globalallianceregister.com\/wp-content\/uploads\/2015\/08\/Training-Inner-Page.jpg","width":614,"height":200},{"@type":"BreadcrumbList","@id":"https:\/\/globalallianceregister.com\/tr\/services\/egitim\/turkce-saglik-emniyet-cevre-egitim-programi\/turkce-sec-08-exproof-alanlarda-emniyetli-calisma-egitimi-2-gun\/#breadcrumb","itemListElement":[{"@type":"ListItem","position":1,"name":"Anasayfa","item":"https:\/\/globalallianceregister.com\/tr\/"},{"@type":"ListItem","position":2,"name":"SEC 08\u00a0 Exproof Alanlarda Emniyetli \u00c7al\u0131\u015fma E\u011fitimi \u2013 2 g\u00fcn"}]},{"@type":"WebSite","@id":"https:\/\/globalallianceregister.com\/tr\/#website","url":"https:\/\/globalallianceregister.com\/tr\/","name":"Global Alliance Register","description":"(EN) Together for Excellence","potentialAction":[{"@type":"SearchAction","target":{"@type":"EntryPoint","urlTemplate":"https:\/\/globalallianceregister.com\/tr\/?s={search_term_string}"},"query-input":{"@type":"PropertyValueSpecification","valueRequired":true,"valueName":"search_term_string"}}],"inLanguage":"tr"}]}},"_links":{"self":[{"href":"https:\/\/globalallianceregister.com\/tr\/wp-json\/wp\/v2\/pages\/2461","targetHints":{"allow":["GET"]}}],"collection":[{"href":"https:\/\/globalallianceregister.com\/tr\/wp-json\/wp\/v2\/pages"}],"about":[{"href":"https:\/\/globalallianceregister.com\/tr\/wp-json\/wp\/v2\/types\/page"}],"author":[{"embeddable":true,"href":"https:\/\/globalallianceregister.com\/tr\/wp-json\/wp\/v2\/users\/10"}],"replies":[{"embeddable":true,"href":"https:\/\/globalallianceregister.com\/tr\/wp-json\/wp\/v2\/comments?post=2461"}],"version-history":[{"count":0,"href":"https:\/\/globalallianceregister.com\/tr\/wp-json\/wp\/v2\/pages\/2461\/revisions"}],"up":[{"embeddable":true,"href":"https:\/\/globalallianceregister.com\/tr\/wp-json\/wp\/v2\/pages\/2165"}],"wp:featuredmedia":[{"embeddable":true,"href":"https:\/\/globalallianceregister.com\/tr\/wp-json\/wp\/v2\/media\/5171"}],"wp:attachment":[{"href":"https:\/\/globalallianceregister.com\/tr\/wp-json\/wp\/v2\/media?parent=2461"}],"curies":[{"name":"wp","href":"https:\/\/api.w.org\/{rel}","templated":true}]}}