{"id":2467,"date":"2015-01-02T19:51:04","date_gmt":"2015-01-02T19:51:04","guid":{"rendered":"https:\/\/globalallianceregister.com\/?page_id=2467"},"modified":"2015-12-17T12:00:41","modified_gmt":"2015-12-17T12:00:41","slug":"turkce-ik-02-egitim-etkinlik-degerlendirmesi-egitimi-1-gun","status":"publish","type":"page","link":"https:\/\/globalallianceregister.com\/tr\/services\/egitim\/human-resources\/turkce-insan-kaynaklari-yonetimi-egitim-programi\/turkce-ik-02-egitim-etkinlik-degerlendirmesi-egitimi-1-gun\/","title":{"rendered":"IK 02 E\u011fitim Etkinlik De\u011ferlendirmesi E\u011fitimi \u00a0&#8211; 1 g\u00fcn"},"content":{"rendered":"<p>\u00a0 <strong>Kat\u0131l\u0131mc\u0131 Profili<\/strong><\/p>\n<ul>\n<li>T\u00fcm e\u011fitim etkinlik de\u011ferlendirme konusunda bilgi sahibi olmak isteyen kat\u0131l\u0131mc\u0131lar<\/li>\n<\/ul>\n<p>\u00a0 <strong>Hedeflenen Sonu\u00e7<\/strong><\/p>\n<ul>\n<li>Organizasyonlar\u0131n \u00e7al\u0131\u015fanlar\u0131n\u0131n e\u011fitimlerine harcad\u0131klar\u0131 zaman ve b\u00fct\u00e7enin etkinli\u011fini \u00f6l\u00e7meleri gerekmektedir. Ne gibi teknikleri kullanarak \u00f6l\u00e7\u00fcmler yap\u0131labilinece\u011fini e\u011fitim planlama a\u015famas\u0131ndan, e\u011fitim sonras\u0131nda i\u015f ve m\u00fc\u015fteri sonu\u00e7lar\u0131na kadar \u00f6l\u00e7me y\u00f6ntemleri konusunda fark\u0131ndal\u0131k yaratmak.<\/li>\n<\/ul>\n<p>\u00a0 <strong>E\u011fitim \u0130\u00e7eri\u011fi<\/strong><\/p>\n<ul>\n<li>Neden e\u011fitim etkinli\u011fi de\u011ferlendirilmesi<\/li>\n<li>Kalite sistemleri gereklilikleri<\/li>\n<li>Etkinlik de\u011ferlendirme s\u00fcre\u00e7leri<\/li>\n<li>E\u011fitim \u00f6ncesi de\u011ferlendirme<\/li>\n<li>E\u011fitim s\u0131ras\u0131nda de\u011ferlendirme<\/li>\n<li>E\u011fitim tamamland\u0131ktan sonra de\u011ferlendirme<\/li>\n<li>Donald Kirkpatrick 4 a\u015famal\u0131 de\u011ferlendirme modeli<\/li>\n<li>4 a\u015faman\u0131n uygulanmas\u0131<\/li>\n<li>Etkinlik de\u011ferlendirirken gereken anahtar sorular<\/li>\n<li>Maliyet yarar analizi \u2013 Yat\u0131r\u0131m\u0131n geri d\u00f6n\u00fc\u015f\u00fc<\/li>\n<li>E\u011fitim etkinli\u011fi de\u011ferlendirmesin de M\u00fc\u015fteri memnuniyeti etkisi<\/li>\n<\/ul>\n<p>\u00a0 <strong>Sertifika<\/strong><\/p>\n<ul>\n<li>E\u011fitimi tamamlayan kat\u0131l\u0131mc\u0131lara \u201cE\u011fitim Etkinlik De\u011ferlendirme E\u011fitimi Kat\u0131l\u0131m Sertifikas\u0131\u201d verilecektir.<\/li>\n<\/ul>\n<p><strong>\u00a0<\/strong><\/p>","protected":false},"excerpt":{"rendered":"<p>\u00a0 Kat\u0131l\u0131mc\u0131 Profili T\u00fcm e\u011fitim etkinlik de\u011ferlendirme konusunda bilgi sahibi olmak isteyen kat\u0131l\u0131mc\u0131lar \u00a0 Hedeflenen Sonu\u00e7 Organizasyonlar\u0131n \u00e7al\u0131\u015fanlar\u0131n\u0131n e\u011fitimlerine harcad\u0131klar\u0131 zaman ve b\u00fct\u00e7enin etkinli\u011fini \u00f6l\u00e7meleri gerekmektedir. Ne gibi teknikleri kullanarak&#8230; <\/p>\n","protected":false},"author":10,"featured_media":5171,"parent":2167,"menu_order":2,"comment_status":"closed","ping_status":"closed","template":"page-full.php","meta":{"_acf_changed":false,"om_disable_all_campaigns":false,"footnotes":""},"class_list":["post-2467","page","type-page","status-publish","has-post-thumbnail","hentry"],"acf":[],"yoast_head":"<!-- This site is optimized with the Yoast SEO plugin v27.4 - https:\/\/yoast.com\/product\/yoast-seo-wordpress\/ -->\n<title>IK 02 E\u011fitim Etkinlik De\u011ferlendirmesi E\u011fitimi \u00a0- 1 g\u00fcn - Global Alliance Register<\/title>\n<meta name=\"robots\" content=\"index, follow, max-snippet:-1, max-image-preview:large, max-video-preview:-1\" \/>\n<link rel=\"canonical\" href=\"https:\/\/globalallianceregister.com\/tr\/services\/egitim\/human-resources\/turkce-insan-kaynaklari-yonetimi-egitim-programi\/turkce-ik-02-egitim-etkinlik-degerlendirmesi-egitimi-1-gun\/\" \/>\n<meta property=\"og:locale\" content=\"tr_TR\" \/>\n<meta property=\"og:type\" content=\"article\" \/>\n<meta property=\"og:title\" content=\"IK 02 E\u011fitim Etkinlik De\u011ferlendirmesi E\u011fitimi \u00a0- 1 g\u00fcn - Global Alliance Register\" \/>\n<meta property=\"og:description\" content=\"\u00a0 Kat\u0131l\u0131mc\u0131 Profili T\u00fcm e\u011fitim etkinlik de\u011ferlendirme konusunda bilgi sahibi olmak isteyen kat\u0131l\u0131mc\u0131lar \u00a0 Hedeflenen Sonu\u00e7 Organizasyonlar\u0131n \u00e7al\u0131\u015fanlar\u0131n\u0131n e\u011fitimlerine harcad\u0131klar\u0131 zaman ve b\u00fct\u00e7enin etkinli\u011fini \u00f6l\u00e7meleri gerekmektedir. Ne gibi teknikleri kullanarak...\" \/>\n<meta property=\"og:url\" content=\"https:\/\/globalallianceregister.com\/tr\/services\/egitim\/human-resources\/turkce-insan-kaynaklari-yonetimi-egitim-programi\/turkce-ik-02-egitim-etkinlik-degerlendirmesi-egitimi-1-gun\/\" \/>\n<meta property=\"og:site_name\" content=\"Global Alliance Register\" \/>\n<meta property=\"article:modified_time\" content=\"2015-12-17T12:00:41+00:00\" \/>\n<meta property=\"og:image\" content=\"https:\/\/globalallianceregister.com\/wp-content\/uploads\/2015\/08\/Training-Inner-Page.jpg\" \/>\n\t<meta property=\"og:image:width\" content=\"614\" \/>\n\t<meta property=\"og:image:height\" content=\"200\" \/>\n\t<meta property=\"og:image:type\" content=\"image\/jpeg\" \/>\n<meta name=\"twitter:label1\" content=\"Tahmini okuma s\u00fcresi\" \/>\n\t<meta name=\"twitter:data1\" content=\"1 dakika\" \/>\n<script type=\"application\/ld+json\" class=\"yoast-schema-graph\">{\"@context\":\"https:\\\/\\\/schema.org\",\"@graph\":[{\"@type\":\"WebPage\",\"@id\":\"https:\\\/\\\/globalallianceregister.com\\\/tr\\\/services\\\/egitim\\\/human-resources\\\/turkce-insan-kaynaklari-yonetimi-egitim-programi\\\/turkce-ik-02-egitim-etkinlik-degerlendirmesi-egitimi-1-gun\\\/\",\"url\":\"https:\\\/\\\/globalallianceregister.com\\\/tr\\\/services\\\/egitim\\\/human-resources\\\/turkce-insan-kaynaklari-yonetimi-egitim-programi\\\/turkce-ik-02-egitim-etkinlik-degerlendirmesi-egitimi-1-gun\\\/\",\"name\":\"IK 02 E\u011fitim Etkinlik De\u011ferlendirmesi E\u011fitimi \u00a0- 1 g\u00fcn - Global Alliance Register\",\"isPartOf\":{\"@id\":\"https:\\\/\\\/globalallianceregister.com\\\/tr\\\/#website\"},\"primaryImageOfPage\":{\"@id\":\"https:\\\/\\\/globalallianceregister.com\\\/tr\\\/services\\\/egitim\\\/human-resources\\\/turkce-insan-kaynaklari-yonetimi-egitim-programi\\\/turkce-ik-02-egitim-etkinlik-degerlendirmesi-egitimi-1-gun\\\/#primaryimage\"},\"image\":{\"@id\":\"https:\\\/\\\/globalallianceregister.com\\\/tr\\\/services\\\/egitim\\\/human-resources\\\/turkce-insan-kaynaklari-yonetimi-egitim-programi\\\/turkce-ik-02-egitim-etkinlik-degerlendirmesi-egitimi-1-gun\\\/#primaryimage\"},\"thumbnailUrl\":\"https:\\\/\\\/globalallianceregister.com\\\/wp-content\\\/uploads\\\/2015\\\/08\\\/Training-Inner-Page.jpg\",\"datePublished\":\"2015-01-02T19:51:04+00:00\",\"dateModified\":\"2015-12-17T12:00:41+00:00\",\"breadcrumb\":{\"@id\":\"https:\\\/\\\/globalallianceregister.com\\\/tr\\\/services\\\/egitim\\\/human-resources\\\/turkce-insan-kaynaklari-yonetimi-egitim-programi\\\/turkce-ik-02-egitim-etkinlik-degerlendirmesi-egitimi-1-gun\\\/#breadcrumb\"},\"inLanguage\":\"tr\",\"potentialAction\":[{\"@type\":\"ReadAction\",\"target\":[[\"https:\\\/\\\/globalallianceregister.com\\\/tr\\\/services\\\/egitim\\\/human-resources\\\/turkce-insan-kaynaklari-yonetimi-egitim-programi\\\/turkce-ik-02-egitim-etkinlik-degerlendirmesi-egitimi-1-gun\\\/\"]]}]},{\"@type\":\"ImageObject\",\"inLanguage\":\"tr\",\"@id\":\"https:\\\/\\\/globalallianceregister.com\\\/tr\\\/services\\\/egitim\\\/human-resources\\\/turkce-insan-kaynaklari-yonetimi-egitim-programi\\\/turkce-ik-02-egitim-etkinlik-degerlendirmesi-egitimi-1-gun\\\/#primaryimage\",\"url\":\"https:\\\/\\\/globalallianceregister.com\\\/wp-content\\\/uploads\\\/2015\\\/08\\\/Training-Inner-Page.jpg\",\"contentUrl\":\"https:\\\/\\\/globalallianceregister.com\\\/wp-content\\\/uploads\\\/2015\\\/08\\\/Training-Inner-Page.jpg\",\"width\":614,\"height\":200},{\"@type\":\"BreadcrumbList\",\"@id\":\"https:\\\/\\\/globalallianceregister.com\\\/tr\\\/services\\\/egitim\\\/human-resources\\\/turkce-insan-kaynaklari-yonetimi-egitim-programi\\\/turkce-ik-02-egitim-etkinlik-degerlendirmesi-egitimi-1-gun\\\/#breadcrumb\",\"itemListElement\":[{\"@type\":\"ListItem\",\"position\":1,\"name\":\"Anasayfa\",\"item\":\"https:\\\/\\\/globalallianceregister.com\\\/tr\\\/\"},{\"@type\":\"ListItem\",\"position\":2,\"name\":\"IK 02 E\u011fitim Etkinlik De\u011ferlendirmesi E\u011fitimi \u00a0&#8211; 1 g\u00fcn\"}]},{\"@type\":\"WebSite\",\"@id\":\"https:\\\/\\\/globalallianceregister.com\\\/tr\\\/#website\",\"url\":\"https:\\\/\\\/globalallianceregister.com\\\/tr\\\/\",\"name\":\"Global Alliance Register\",\"description\":\"(EN) Together for Excellence\",\"potentialAction\":[{\"@type\":\"SearchAction\",\"target\":{\"@type\":\"EntryPoint\",\"urlTemplate\":\"https:\\\/\\\/globalallianceregister.com\\\/tr\\\/?s={search_term_string}\"},\"query-input\":{\"@type\":\"PropertyValueSpecification\",\"valueRequired\":true,\"valueName\":\"search_term_string\"}}],\"inLanguage\":\"tr\"}]}<\/script>\n<!-- \/ Yoast SEO plugin. -->","yoast_head_json":{"title":"IK 02 E\u011fitim Etkinlik De\u011ferlendirmesi E\u011fitimi \u00a0- 1 g\u00fcn - Global Alliance Register","robots":{"index":"index","follow":"follow","max-snippet":"max-snippet:-1","max-image-preview":"max-image-preview:large","max-video-preview":"max-video-preview:-1"},"canonical":"https:\/\/globalallianceregister.com\/tr\/services\/egitim\/human-resources\/turkce-insan-kaynaklari-yonetimi-egitim-programi\/turkce-ik-02-egitim-etkinlik-degerlendirmesi-egitimi-1-gun\/","og_locale":"tr_TR","og_type":"article","og_title":"IK 02 E\u011fitim Etkinlik De\u011ferlendirmesi E\u011fitimi \u00a0- 1 g\u00fcn - Global Alliance Register","og_description":"\u00a0 Kat\u0131l\u0131mc\u0131 Profili T\u00fcm e\u011fitim etkinlik de\u011ferlendirme konusunda bilgi sahibi olmak isteyen kat\u0131l\u0131mc\u0131lar \u00a0 Hedeflenen Sonu\u00e7 Organizasyonlar\u0131n \u00e7al\u0131\u015fanlar\u0131n\u0131n e\u011fitimlerine harcad\u0131klar\u0131 zaman ve b\u00fct\u00e7enin etkinli\u011fini \u00f6l\u00e7meleri gerekmektedir. Ne gibi teknikleri kullanarak...","og_url":"https:\/\/globalallianceregister.com\/tr\/services\/egitim\/human-resources\/turkce-insan-kaynaklari-yonetimi-egitim-programi\/turkce-ik-02-egitim-etkinlik-degerlendirmesi-egitimi-1-gun\/","og_site_name":"Global Alliance Register","article_modified_time":"2015-12-17T12:00:41+00:00","og_image":[{"width":614,"height":200,"url":"https:\/\/globalallianceregister.com\/wp-content\/uploads\/2015\/08\/Training-Inner-Page.jpg","type":"image\/jpeg"}],"twitter_misc":{"Tahmini okuma s\u00fcresi":"1 dakika"},"schema":{"@context":"https:\/\/schema.org","@graph":[{"@type":"WebPage","@id":"https:\/\/globalallianceregister.com\/tr\/services\/egitim\/human-resources\/turkce-insan-kaynaklari-yonetimi-egitim-programi\/turkce-ik-02-egitim-etkinlik-degerlendirmesi-egitimi-1-gun\/","url":"https:\/\/globalallianceregister.com\/tr\/services\/egitim\/human-resources\/turkce-insan-kaynaklari-yonetimi-egitim-programi\/turkce-ik-02-egitim-etkinlik-degerlendirmesi-egitimi-1-gun\/","name":"IK 02 E\u011fitim Etkinlik De\u011ferlendirmesi E\u011fitimi \u00a0- 1 g\u00fcn - Global Alliance Register","isPartOf":{"@id":"https:\/\/globalallianceregister.com\/tr\/#website"},"primaryImageOfPage":{"@id":"https:\/\/globalallianceregister.com\/tr\/services\/egitim\/human-resources\/turkce-insan-kaynaklari-yonetimi-egitim-programi\/turkce-ik-02-egitim-etkinlik-degerlendirmesi-egitimi-1-gun\/#primaryimage"},"image":{"@id":"https:\/\/globalallianceregister.com\/tr\/services\/egitim\/human-resources\/turkce-insan-kaynaklari-yonetimi-egitim-programi\/turkce-ik-02-egitim-etkinlik-degerlendirmesi-egitimi-1-gun\/#primaryimage"},"thumbnailUrl":"https:\/\/globalallianceregister.com\/wp-content\/uploads\/2015\/08\/Training-Inner-Page.jpg","datePublished":"2015-01-02T19:51:04+00:00","dateModified":"2015-12-17T12:00:41+00:00","breadcrumb":{"@id":"https:\/\/globalallianceregister.com\/tr\/services\/egitim\/human-resources\/turkce-insan-kaynaklari-yonetimi-egitim-programi\/turkce-ik-02-egitim-etkinlik-degerlendirmesi-egitimi-1-gun\/#breadcrumb"},"inLanguage":"tr","potentialAction":[{"@type":"ReadAction","target":[["https:\/\/globalallianceregister.com\/tr\/services\/egitim\/human-resources\/turkce-insan-kaynaklari-yonetimi-egitim-programi\/turkce-ik-02-egitim-etkinlik-degerlendirmesi-egitimi-1-gun\/"]]}]},{"@type":"ImageObject","inLanguage":"tr","@id":"https:\/\/globalallianceregister.com\/tr\/services\/egitim\/human-resources\/turkce-insan-kaynaklari-yonetimi-egitim-programi\/turkce-ik-02-egitim-etkinlik-degerlendirmesi-egitimi-1-gun\/#primaryimage","url":"https:\/\/globalallianceregister.com\/wp-content\/uploads\/2015\/08\/Training-Inner-Page.jpg","contentUrl":"https:\/\/globalallianceregister.com\/wp-content\/uploads\/2015\/08\/Training-Inner-Page.jpg","width":614,"height":200},{"@type":"BreadcrumbList","@id":"https:\/\/globalallianceregister.com\/tr\/services\/egitim\/human-resources\/turkce-insan-kaynaklari-yonetimi-egitim-programi\/turkce-ik-02-egitim-etkinlik-degerlendirmesi-egitimi-1-gun\/#breadcrumb","itemListElement":[{"@type":"ListItem","position":1,"name":"Anasayfa","item":"https:\/\/globalallianceregister.com\/tr\/"},{"@type":"ListItem","position":2,"name":"IK 02 E\u011fitim Etkinlik De\u011ferlendirmesi E\u011fitimi \u00a0&#8211; 1 g\u00fcn"}]},{"@type":"WebSite","@id":"https:\/\/globalallianceregister.com\/tr\/#website","url":"https:\/\/globalallianceregister.com\/tr\/","name":"Global Alliance Register","description":"(EN) Together for Excellence","potentialAction":[{"@type":"SearchAction","target":{"@type":"EntryPoint","urlTemplate":"https:\/\/globalallianceregister.com\/tr\/?s={search_term_string}"},"query-input":{"@type":"PropertyValueSpecification","valueRequired":true,"valueName":"search_term_string"}}],"inLanguage":"tr"}]}},"_links":{"self":[{"href":"https:\/\/globalallianceregister.com\/tr\/wp-json\/wp\/v2\/pages\/2467","targetHints":{"allow":["GET"]}}],"collection":[{"href":"https:\/\/globalallianceregister.com\/tr\/wp-json\/wp\/v2\/pages"}],"about":[{"href":"https:\/\/globalallianceregister.com\/tr\/wp-json\/wp\/v2\/types\/page"}],"author":[{"embeddable":true,"href":"https:\/\/globalallianceregister.com\/tr\/wp-json\/wp\/v2\/users\/10"}],"replies":[{"embeddable":true,"href":"https:\/\/globalallianceregister.com\/tr\/wp-json\/wp\/v2\/comments?post=2467"}],"version-history":[{"count":0,"href":"https:\/\/globalallianceregister.com\/tr\/wp-json\/wp\/v2\/pages\/2467\/revisions"}],"up":[{"embeddable":true,"href":"https:\/\/globalallianceregister.com\/tr\/wp-json\/wp\/v2\/pages\/2167"}],"wp:featuredmedia":[{"embeddable":true,"href":"https:\/\/globalallianceregister.com\/tr\/wp-json\/wp\/v2\/media\/5171"}],"wp:attachment":[{"href":"https:\/\/globalallianceregister.com\/tr\/wp-json\/wp\/v2\/media?parent=2467"}],"curies":[{"name":"wp","href":"https:\/\/api.w.org\/{rel}","templated":true}]}}