{"id":2471,"date":"2015-01-02T19:53:58","date_gmt":"2015-01-02T19:53:58","guid":{"rendered":"https:\/\/globalallianceregister.com\/?page_id=2471"},"modified":"2015-12-17T12:02:58","modified_gmt":"2015-12-17T12:02:58","slug":"turkce-ik-04-cikis-mulakati-egitimi-1-gun","status":"publish","type":"page","link":"https:\/\/globalallianceregister.com\/tr\/services\/egitim\/human-resources\/turkce-insan-kaynaklari-yonetimi-egitim-programi\/turkce-ik-04-cikis-mulakati-egitimi-1-gun\/","title":{"rendered":"IK 04 \u00c7\u0131k\u0131\u015f M\u00fclakat\u0131 E\u011fitimi \u2013 1 g\u00fcn"},"content":{"rendered":"<p>\u00a0 <strong>Kat\u0131l\u0131mc\u0131 Profili<\/strong><\/p>\n<ul>\n<li>\u0130nsan kaynaklar\u0131 b\u00f6l\u00fcm\u00fc \u00e7al\u0131\u015fanlar\u0131, di\u011fer b\u00f6l\u00fcm y\u00f6netici ve y\u00f6netici adaylar\u0131<\/li>\n<\/ul>\n<p>\u00a0 <strong>Hedeflenen Sonu\u00e7<\/strong><\/p>\n<ul>\n<li>\u0130\u015ften kendi iste\u011fi ile ayr\u0131lan \u00e7al\u0131\u015fanlar\u0131n bir\u00e7o\u011fu, ger\u00e7ek i\u015ften ayr\u0131lma sebeplerini s\u00f6ylememeyi tercih ederler. \u0130\u015ften ayr\u0131lan ki\u015filerin ger\u00e7ekten i\u015ften ayr\u0131lmalar\u0131n\u0131n k\u00f6k nedenini anlamak ve bu sebepleri analiz ederek, kurumda halen \u00e7al\u0131\u015fan ki\u015filerin ya\u015fad\u0131\u011f\u0131 veya ya\u015fayabilece\u011fi memnuniyetsizlikleri tespit etmek,\u00a0 gerekli iyile\u015ftirme form\u00fcllerini ortaya \u00e7\u0131kartmak<\/li>\n<\/ul>\n<p>\u00a0 <strong>E\u011fitim \u0130\u00e7eri\u011fi<\/strong><\/p>\n<ul>\n<li>Personel neden i\u015ften ayr\u0131l\u0131r?<\/li>\n<li>\u00c7\u0131k\u0131\u015f m\u00fclakat\u0131 neden yap\u0131l\u0131r?<\/li>\n<li>\u00d6rnek m\u00fclakat uygulamas\u0131<\/li>\n<li>M\u00fclakat yapacak ki\u015fi<\/li>\n<li>\u00c7\u0131k\u0131\u015f m\u00fclakat\u0131 faydalar\u0131<\/li>\n<li>Etkili \u00e7\u0131k\u0131\u015f m\u00fclakat\u0131<\/li>\n<li>Empati<\/li>\n<li>\u00d6rnek sorular<\/li>\n<li>\u00c7\u0131k\u0131\u015f m\u00fclakat\u0131 formu nas\u0131l olmal\u0131?<\/li>\n<li>\u00d6rnek form haz\u0131rlama<\/li>\n<li>\u00d6rnek m\u00fclakat uygulamas\u0131<\/li>\n<li>M\u00fclakat analizi<\/li>\n<li>Analiz sonras\u0131 aksiyon plan\u0131<\/li>\n<\/ul>\n<p>\u00a0 <strong>Sertifika<\/strong><\/p>\n<ul>\n<li>E\u011fitimi tamamlayan kat\u0131l\u0131mc\u0131lara \u201c\u00c7\u0131k\u0131\u015f M\u00fclakat\u0131 E\u011fitimi Kat\u0131l\u0131m Sertifikas\u0131\u201d verilecektir.<\/li>\n<\/ul>\n<p><strong>\u00a0<\/strong> <strong>\u00a0<\/strong> <strong>\u00a0<\/strong><\/p>","protected":false},"excerpt":{"rendered":"<p>\u00a0 Kat\u0131l\u0131mc\u0131 Profili \u0130nsan kaynaklar\u0131 b\u00f6l\u00fcm\u00fc \u00e7al\u0131\u015fanlar\u0131, di\u011fer b\u00f6l\u00fcm y\u00f6netici ve y\u00f6netici adaylar\u0131 \u00a0 Hedeflenen Sonu\u00e7 \u0130\u015ften kendi iste\u011fi ile ayr\u0131lan \u00e7al\u0131\u015fanlar\u0131n bir\u00e7o\u011fu, ger\u00e7ek i\u015ften ayr\u0131lma sebeplerini s\u00f6ylememeyi tercih ederler&#8230;. <\/p>\n","protected":false},"author":10,"featured_media":5171,"parent":2167,"menu_order":4,"comment_status":"closed","ping_status":"closed","template":"page-full.php","meta":{"_acf_changed":false,"om_disable_all_campaigns":false,"footnotes":""},"class_list":["post-2471","page","type-page","status-publish","has-post-thumbnail","hentry"],"acf":[],"yoast_head":"<!-- This site is optimized with the Yoast SEO plugin v27.4 - https:\/\/yoast.com\/product\/yoast-seo-wordpress\/ -->\n<title>IK 04 \u00c7\u0131k\u0131\u015f M\u00fclakat\u0131 E\u011fitimi \u2013 1 g\u00fcn - Global Alliance Register<\/title>\n<meta name=\"robots\" content=\"index, follow, max-snippet:-1, max-image-preview:large, max-video-preview:-1\" \/>\n<link rel=\"canonical\" href=\"https:\/\/globalallianceregister.com\/tr\/services\/egitim\/human-resources\/turkce-insan-kaynaklari-yonetimi-egitim-programi\/turkce-ik-04-cikis-mulakati-egitimi-1-gun\/\" \/>\n<meta property=\"og:locale\" content=\"tr_TR\" \/>\n<meta property=\"og:type\" content=\"article\" \/>\n<meta property=\"og:title\" content=\"IK 04 \u00c7\u0131k\u0131\u015f M\u00fclakat\u0131 E\u011fitimi \u2013 1 g\u00fcn - Global Alliance Register\" \/>\n<meta property=\"og:description\" content=\"\u00a0 Kat\u0131l\u0131mc\u0131 Profili \u0130nsan kaynaklar\u0131 b\u00f6l\u00fcm\u00fc \u00e7al\u0131\u015fanlar\u0131, di\u011fer b\u00f6l\u00fcm y\u00f6netici ve y\u00f6netici adaylar\u0131 \u00a0 Hedeflenen Sonu\u00e7 \u0130\u015ften kendi iste\u011fi ile ayr\u0131lan \u00e7al\u0131\u015fanlar\u0131n bir\u00e7o\u011fu, ger\u00e7ek i\u015ften ayr\u0131lma sebeplerini s\u00f6ylememeyi tercih ederler....\" \/>\n<meta property=\"og:url\" content=\"https:\/\/globalallianceregister.com\/tr\/services\/egitim\/human-resources\/turkce-insan-kaynaklari-yonetimi-egitim-programi\/turkce-ik-04-cikis-mulakati-egitimi-1-gun\/\" \/>\n<meta property=\"og:site_name\" content=\"Global Alliance Register\" \/>\n<meta property=\"article:modified_time\" content=\"2015-12-17T12:02:58+00:00\" \/>\n<meta property=\"og:image\" content=\"https:\/\/globalallianceregister.com\/wp-content\/uploads\/2015\/08\/Training-Inner-Page.jpg\" \/>\n\t<meta property=\"og:image:width\" content=\"614\" \/>\n\t<meta property=\"og:image:height\" content=\"200\" \/>\n\t<meta property=\"og:image:type\" content=\"image\/jpeg\" \/>\n<meta name=\"twitter:label1\" content=\"Tahmini okuma s\u00fcresi\" \/>\n\t<meta name=\"twitter:data1\" content=\"1 dakika\" \/>\n<script type=\"application\/ld+json\" class=\"yoast-schema-graph\">{\"@context\":\"https:\\\/\\\/schema.org\",\"@graph\":[{\"@type\":\"WebPage\",\"@id\":\"https:\\\/\\\/globalallianceregister.com\\\/tr\\\/services\\\/egitim\\\/human-resources\\\/turkce-insan-kaynaklari-yonetimi-egitim-programi\\\/turkce-ik-04-cikis-mulakati-egitimi-1-gun\\\/\",\"url\":\"https:\\\/\\\/globalallianceregister.com\\\/tr\\\/services\\\/egitim\\\/human-resources\\\/turkce-insan-kaynaklari-yonetimi-egitim-programi\\\/turkce-ik-04-cikis-mulakati-egitimi-1-gun\\\/\",\"name\":\"IK 04 \u00c7\u0131k\u0131\u015f M\u00fclakat\u0131 E\u011fitimi \u2013 1 g\u00fcn - Global Alliance Register\",\"isPartOf\":{\"@id\":\"https:\\\/\\\/globalallianceregister.com\\\/tr\\\/#website\"},\"primaryImageOfPage\":{\"@id\":\"https:\\\/\\\/globalallianceregister.com\\\/tr\\\/services\\\/egitim\\\/human-resources\\\/turkce-insan-kaynaklari-yonetimi-egitim-programi\\\/turkce-ik-04-cikis-mulakati-egitimi-1-gun\\\/#primaryimage\"},\"image\":{\"@id\":\"https:\\\/\\\/globalallianceregister.com\\\/tr\\\/services\\\/egitim\\\/human-resources\\\/turkce-insan-kaynaklari-yonetimi-egitim-programi\\\/turkce-ik-04-cikis-mulakati-egitimi-1-gun\\\/#primaryimage\"},\"thumbnailUrl\":\"https:\\\/\\\/globalallianceregister.com\\\/wp-content\\\/uploads\\\/2015\\\/08\\\/Training-Inner-Page.jpg\",\"datePublished\":\"2015-01-02T19:53:58+00:00\",\"dateModified\":\"2015-12-17T12:02:58+00:00\",\"breadcrumb\":{\"@id\":\"https:\\\/\\\/globalallianceregister.com\\\/tr\\\/services\\\/egitim\\\/human-resources\\\/turkce-insan-kaynaklari-yonetimi-egitim-programi\\\/turkce-ik-04-cikis-mulakati-egitimi-1-gun\\\/#breadcrumb\"},\"inLanguage\":\"tr\",\"potentialAction\":[{\"@type\":\"ReadAction\",\"target\":[[\"https:\\\/\\\/globalallianceregister.com\\\/tr\\\/services\\\/egitim\\\/human-resources\\\/turkce-insan-kaynaklari-yonetimi-egitim-programi\\\/turkce-ik-04-cikis-mulakati-egitimi-1-gun\\\/\"]]}]},{\"@type\":\"ImageObject\",\"inLanguage\":\"tr\",\"@id\":\"https:\\\/\\\/globalallianceregister.com\\\/tr\\\/services\\\/egitim\\\/human-resources\\\/turkce-insan-kaynaklari-yonetimi-egitim-programi\\\/turkce-ik-04-cikis-mulakati-egitimi-1-gun\\\/#primaryimage\",\"url\":\"https:\\\/\\\/globalallianceregister.com\\\/wp-content\\\/uploads\\\/2015\\\/08\\\/Training-Inner-Page.jpg\",\"contentUrl\":\"https:\\\/\\\/globalallianceregister.com\\\/wp-content\\\/uploads\\\/2015\\\/08\\\/Training-Inner-Page.jpg\",\"width\":614,\"height\":200},{\"@type\":\"BreadcrumbList\",\"@id\":\"https:\\\/\\\/globalallianceregister.com\\\/tr\\\/services\\\/egitim\\\/human-resources\\\/turkce-insan-kaynaklari-yonetimi-egitim-programi\\\/turkce-ik-04-cikis-mulakati-egitimi-1-gun\\\/#breadcrumb\",\"itemListElement\":[{\"@type\":\"ListItem\",\"position\":1,\"name\":\"Anasayfa\",\"item\":\"https:\\\/\\\/globalallianceregister.com\\\/tr\\\/\"},{\"@type\":\"ListItem\",\"position\":2,\"name\":\"IK 04 \u00c7\u0131k\u0131\u015f M\u00fclakat\u0131 E\u011fitimi \u2013 1 g\u00fcn\"}]},{\"@type\":\"WebSite\",\"@id\":\"https:\\\/\\\/globalallianceregister.com\\\/tr\\\/#website\",\"url\":\"https:\\\/\\\/globalallianceregister.com\\\/tr\\\/\",\"name\":\"Global Alliance Register\",\"description\":\"(EN) Together for Excellence\",\"potentialAction\":[{\"@type\":\"SearchAction\",\"target\":{\"@type\":\"EntryPoint\",\"urlTemplate\":\"https:\\\/\\\/globalallianceregister.com\\\/tr\\\/?s={search_term_string}\"},\"query-input\":{\"@type\":\"PropertyValueSpecification\",\"valueRequired\":true,\"valueName\":\"search_term_string\"}}],\"inLanguage\":\"tr\"}]}<\/script>\n<!-- \/ Yoast SEO plugin. -->","yoast_head_json":{"title":"IK 04 \u00c7\u0131k\u0131\u015f M\u00fclakat\u0131 E\u011fitimi \u2013 1 g\u00fcn - Global Alliance Register","robots":{"index":"index","follow":"follow","max-snippet":"max-snippet:-1","max-image-preview":"max-image-preview:large","max-video-preview":"max-video-preview:-1"},"canonical":"https:\/\/globalallianceregister.com\/tr\/services\/egitim\/human-resources\/turkce-insan-kaynaklari-yonetimi-egitim-programi\/turkce-ik-04-cikis-mulakati-egitimi-1-gun\/","og_locale":"tr_TR","og_type":"article","og_title":"IK 04 \u00c7\u0131k\u0131\u015f M\u00fclakat\u0131 E\u011fitimi \u2013 1 g\u00fcn - Global Alliance Register","og_description":"\u00a0 Kat\u0131l\u0131mc\u0131 Profili \u0130nsan kaynaklar\u0131 b\u00f6l\u00fcm\u00fc \u00e7al\u0131\u015fanlar\u0131, di\u011fer b\u00f6l\u00fcm y\u00f6netici ve y\u00f6netici adaylar\u0131 \u00a0 Hedeflenen Sonu\u00e7 \u0130\u015ften kendi iste\u011fi ile ayr\u0131lan \u00e7al\u0131\u015fanlar\u0131n bir\u00e7o\u011fu, ger\u00e7ek i\u015ften ayr\u0131lma sebeplerini s\u00f6ylememeyi tercih ederler....","og_url":"https:\/\/globalallianceregister.com\/tr\/services\/egitim\/human-resources\/turkce-insan-kaynaklari-yonetimi-egitim-programi\/turkce-ik-04-cikis-mulakati-egitimi-1-gun\/","og_site_name":"Global Alliance Register","article_modified_time":"2015-12-17T12:02:58+00:00","og_image":[{"width":614,"height":200,"url":"https:\/\/globalallianceregister.com\/wp-content\/uploads\/2015\/08\/Training-Inner-Page.jpg","type":"image\/jpeg"}],"twitter_misc":{"Tahmini okuma s\u00fcresi":"1 dakika"},"schema":{"@context":"https:\/\/schema.org","@graph":[{"@type":"WebPage","@id":"https:\/\/globalallianceregister.com\/tr\/services\/egitim\/human-resources\/turkce-insan-kaynaklari-yonetimi-egitim-programi\/turkce-ik-04-cikis-mulakati-egitimi-1-gun\/","url":"https:\/\/globalallianceregister.com\/tr\/services\/egitim\/human-resources\/turkce-insan-kaynaklari-yonetimi-egitim-programi\/turkce-ik-04-cikis-mulakati-egitimi-1-gun\/","name":"IK 04 \u00c7\u0131k\u0131\u015f M\u00fclakat\u0131 E\u011fitimi \u2013 1 g\u00fcn - Global Alliance Register","isPartOf":{"@id":"https:\/\/globalallianceregister.com\/tr\/#website"},"primaryImageOfPage":{"@id":"https:\/\/globalallianceregister.com\/tr\/services\/egitim\/human-resources\/turkce-insan-kaynaklari-yonetimi-egitim-programi\/turkce-ik-04-cikis-mulakati-egitimi-1-gun\/#primaryimage"},"image":{"@id":"https:\/\/globalallianceregister.com\/tr\/services\/egitim\/human-resources\/turkce-insan-kaynaklari-yonetimi-egitim-programi\/turkce-ik-04-cikis-mulakati-egitimi-1-gun\/#primaryimage"},"thumbnailUrl":"https:\/\/globalallianceregister.com\/wp-content\/uploads\/2015\/08\/Training-Inner-Page.jpg","datePublished":"2015-01-02T19:53:58+00:00","dateModified":"2015-12-17T12:02:58+00:00","breadcrumb":{"@id":"https:\/\/globalallianceregister.com\/tr\/services\/egitim\/human-resources\/turkce-insan-kaynaklari-yonetimi-egitim-programi\/turkce-ik-04-cikis-mulakati-egitimi-1-gun\/#breadcrumb"},"inLanguage":"tr","potentialAction":[{"@type":"ReadAction","target":[["https:\/\/globalallianceregister.com\/tr\/services\/egitim\/human-resources\/turkce-insan-kaynaklari-yonetimi-egitim-programi\/turkce-ik-04-cikis-mulakati-egitimi-1-gun\/"]]}]},{"@type":"ImageObject","inLanguage":"tr","@id":"https:\/\/globalallianceregister.com\/tr\/services\/egitim\/human-resources\/turkce-insan-kaynaklari-yonetimi-egitim-programi\/turkce-ik-04-cikis-mulakati-egitimi-1-gun\/#primaryimage","url":"https:\/\/globalallianceregister.com\/wp-content\/uploads\/2015\/08\/Training-Inner-Page.jpg","contentUrl":"https:\/\/globalallianceregister.com\/wp-content\/uploads\/2015\/08\/Training-Inner-Page.jpg","width":614,"height":200},{"@type":"BreadcrumbList","@id":"https:\/\/globalallianceregister.com\/tr\/services\/egitim\/human-resources\/turkce-insan-kaynaklari-yonetimi-egitim-programi\/turkce-ik-04-cikis-mulakati-egitimi-1-gun\/#breadcrumb","itemListElement":[{"@type":"ListItem","position":1,"name":"Anasayfa","item":"https:\/\/globalallianceregister.com\/tr\/"},{"@type":"ListItem","position":2,"name":"IK 04 \u00c7\u0131k\u0131\u015f M\u00fclakat\u0131 E\u011fitimi \u2013 1 g\u00fcn"}]},{"@type":"WebSite","@id":"https:\/\/globalallianceregister.com\/tr\/#website","url":"https:\/\/globalallianceregister.com\/tr\/","name":"Global Alliance Register","description":"(EN) Together for Excellence","potentialAction":[{"@type":"SearchAction","target":{"@type":"EntryPoint","urlTemplate":"https:\/\/globalallianceregister.com\/tr\/?s={search_term_string}"},"query-input":{"@type":"PropertyValueSpecification","valueRequired":true,"valueName":"search_term_string"}}],"inLanguage":"tr"}]}},"_links":{"self":[{"href":"https:\/\/globalallianceregister.com\/tr\/wp-json\/wp\/v2\/pages\/2471","targetHints":{"allow":["GET"]}}],"collection":[{"href":"https:\/\/globalallianceregister.com\/tr\/wp-json\/wp\/v2\/pages"}],"about":[{"href":"https:\/\/globalallianceregister.com\/tr\/wp-json\/wp\/v2\/types\/page"}],"author":[{"embeddable":true,"href":"https:\/\/globalallianceregister.com\/tr\/wp-json\/wp\/v2\/users\/10"}],"replies":[{"embeddable":true,"href":"https:\/\/globalallianceregister.com\/tr\/wp-json\/wp\/v2\/comments?post=2471"}],"version-history":[{"count":0,"href":"https:\/\/globalallianceregister.com\/tr\/wp-json\/wp\/v2\/pages\/2471\/revisions"}],"up":[{"embeddable":true,"href":"https:\/\/globalallianceregister.com\/tr\/wp-json\/wp\/v2\/pages\/2167"}],"wp:featuredmedia":[{"embeddable":true,"href":"https:\/\/globalallianceregister.com\/tr\/wp-json\/wp\/v2\/media\/5171"}],"wp:attachment":[{"href":"https:\/\/globalallianceregister.com\/tr\/wp-json\/wp\/v2\/media?parent=2471"}],"curies":[{"name":"wp","href":"https:\/\/api.w.org\/{rel}","templated":true}]}}