{"id":2478,"date":"2015-01-02T19:59:59","date_gmt":"2015-01-02T19:59:59","guid":{"rendered":"https:\/\/globalallianceregister.com\/?page_id=2478"},"modified":"2015-12-16T13:11:31","modified_gmt":"2015-12-16T13:11:31","slug":"turkce-ym-03-entegre-mevzuat-egitimi-cevre-ve-sagligi-guvenligi-3-gun","status":"publish","type":"page","link":"https:\/\/globalallianceregister.com\/tr\/services\/egitim\/local-legislation\/turkce-yerel-mevzuat-egitim-programi\/turkce-ym-03-entegre-mevzuat-egitimi-cevre-ve-sagligi-guvenligi-3-gun\/","title":{"rendered":"YM 03\u00a0 Entegre Mevzuat E\u011fitimi \u00c7evre ve \u0130\u015f Sa\u011fl\u0131\u011f\u0131 &#038; G\u00fcvenli\u011fi \u2013 3 g\u00fcn"},"content":{"rendered":"<p>\u00a0 <strong>Kat\u0131l\u0131mc\u0131 Profili<\/strong><\/p>\n<ul>\n<li>\u00c7evre ve \u0130s g\u00fcvenli\u011fi mevzuat\u0131n\u0131n takibi ve uygulanmas\u0131nda g\u00f6rev alacak \u00e7al\u0131\u015fanlar ile konu hakk\u0131nda bilgi ve beceriye sahip olmas\u0131 gerekli g\u00f6r\u00fclen \u00e7al\u0131\u015fanlar ve y\u00f6neticiler bu e\u011fitimden yarar sa\u011flayabilecektir.<\/li>\n<\/ul>\n<p><strong>\u00a0 Hedeflenen Sonu\u00e7<\/strong><\/p>\n<ul>\n<li>E\u011fitim, T\u00fcrk \u00c7evre ve \u0130\u015f sa\u011fl\u0131\u011f\u0131 ve g\u00fcvenli\u011fi mevzuat\u0131 ve bunun d\u0131\u015f\u0131nda kalan ancak \u00e7evre ve i\u015f sa\u011fl\u0131\u011f\u0131 ve g\u00fcvenli\u011fi y\u00f6netim sistemlerinde dikkate al\u0131nmas\u0131 gerekli di\u011fer y\u00f6netmelikler konusunda temel bilgileri kat\u0131l\u0131mc\u0131lara aktarmay\u0131 hedefler.<\/li>\n<li>E\u011fitim interaktif olarak ger\u00e7ekle\u015ftirilmekte, e\u011fitim s\u0131ras\u0131nda, anlay\u0131\u015f\u0131n peki\u015ftirilmesi i\u00e7in genel \u00f6rnekler verilmekte, ya\u015fanm\u0131\u015f olaylardan edinilen tecr\u00fcbeler tart\u0131\u015f\u0131lmaktad\u0131r.<\/li>\n<li>E\u011fitim sonunda, kat\u0131l\u0131mc\u0131lar, T\u00fcrk \u00c7evre ve \u0130\u015f sa\u011fl\u0131\u011f\u0131 ve g\u00fcvenli\u011fi mevzuat\u0131&#8217;na ili\u015fkin gereklilikler konusunda bilgi edinecekler, uygulamalar\u0131 hakk\u0131nda tecr\u00fcbe sahibi olacaklard\u0131r.<\/li>\n<\/ul>\n<p>\u00a0 <strong>E\u011fitim \u0130\u00e7eri\u011fi<\/strong><\/p>\n<ul>\n<li>\u00c7evre Kavram\u0131<\/li>\n<li>T\u00fcrk \u00c7evre Mevzuat\u0131<\/li>\n<li>Di\u011fer ba\u011flant\u0131l\u0131 y\u00f6netmelikler<\/li>\n<li>\u0130\u015f g\u00fcvenli\u011fi ve OHSAS kavram\u0131<\/li>\n<li>T\u00fcrk \u0130\u015f g\u00fcvenli\u011fi mevzuat\u0131<\/li>\n<li>Di\u011fer ba\u011flant\u0131l\u0131 y\u00f6netmelikler<\/li>\n<li>Uygulamada dikkat edilmesi gereken noktalar<\/li>\n<\/ul>\n<p>\u00a0 <strong>Sertifika<\/strong><\/p>\n<ul>\n<li>E\u011fitimi tamamlayan t\u00fcm kat\u0131l\u0131mc\u0131lara GLOBAL ALLIANCE ACADEMY taraf\u0131ndan, &#8221; Entegre Mevzuat E\u011fitimi Kat\u0131l\u0131m Sertifikas\u0131&#8221; verilecektir.<\/li>\n<\/ul>","protected":false},"excerpt":{"rendered":"<p>\u00a0 Kat\u0131l\u0131mc\u0131 Profili \u00c7evre ve \u0130s g\u00fcvenli\u011fi mevzuat\u0131n\u0131n takibi ve uygulanmas\u0131nda g\u00f6rev alacak \u00e7al\u0131\u015fanlar ile konu hakk\u0131nda bilgi ve beceriye sahip olmas\u0131 gerekli g\u00f6r\u00fclen \u00e7al\u0131\u015fanlar ve y\u00f6neticiler bu e\u011fitimden yarar&#8230; <\/p>\n","protected":false},"author":10,"featured_media":5171,"parent":2169,"menu_order":3,"comment_status":"closed","ping_status":"closed","template":"page-full.php","meta":{"_acf_changed":false,"om_disable_all_campaigns":false,"footnotes":""},"class_list":["post-2478","page","type-page","status-publish","has-post-thumbnail","hentry"],"acf":[],"yoast_head":"<!-- This site is optimized with the Yoast SEO plugin v27.4 - https:\/\/yoast.com\/product\/yoast-seo-wordpress\/ -->\n<title>YM 03\u00a0 Entegre Mevzuat E\u011fitimi \u00c7evre ve \u0130\u015f Sa\u011fl\u0131\u011f\u0131 &amp; G\u00fcvenli\u011fi \u2013 3 g\u00fcn - Global Alliance Register<\/title>\n<meta name=\"robots\" content=\"index, follow, max-snippet:-1, max-image-preview:large, max-video-preview:-1\" \/>\n<link rel=\"canonical\" href=\"https:\/\/globalallianceregister.com\/tr\/services\/egitim\/local-legislation\/turkce-yerel-mevzuat-egitim-programi\/turkce-ym-03-entegre-mevzuat-egitimi-cevre-ve-sagligi-guvenligi-3-gun\/\" \/>\n<meta property=\"og:locale\" content=\"tr_TR\" \/>\n<meta property=\"og:type\" content=\"article\" \/>\n<meta property=\"og:title\" content=\"YM 03\u00a0 Entegre Mevzuat E\u011fitimi \u00c7evre ve \u0130\u015f Sa\u011fl\u0131\u011f\u0131 &amp; G\u00fcvenli\u011fi \u2013 3 g\u00fcn - Global Alliance Register\" \/>\n<meta property=\"og:description\" content=\"\u00a0 Kat\u0131l\u0131mc\u0131 Profili \u00c7evre ve \u0130s g\u00fcvenli\u011fi mevzuat\u0131n\u0131n takibi ve uygulanmas\u0131nda g\u00f6rev alacak \u00e7al\u0131\u015fanlar ile konu hakk\u0131nda bilgi ve beceriye sahip olmas\u0131 gerekli g\u00f6r\u00fclen \u00e7al\u0131\u015fanlar ve y\u00f6neticiler bu e\u011fitimden yarar...\" \/>\n<meta property=\"og:url\" content=\"https:\/\/globalallianceregister.com\/tr\/services\/egitim\/local-legislation\/turkce-yerel-mevzuat-egitim-programi\/turkce-ym-03-entegre-mevzuat-egitimi-cevre-ve-sagligi-guvenligi-3-gun\/\" \/>\n<meta property=\"og:site_name\" content=\"Global Alliance Register\" \/>\n<meta property=\"article:modified_time\" content=\"2015-12-16T13:11:31+00:00\" \/>\n<meta property=\"og:image\" content=\"https:\/\/globalallianceregister.com\/wp-content\/uploads\/2015\/08\/Training-Inner-Page.jpg\" \/>\n\t<meta property=\"og:image:width\" content=\"614\" \/>\n\t<meta property=\"og:image:height\" content=\"200\" \/>\n\t<meta property=\"og:image:type\" content=\"image\/jpeg\" \/>\n<meta name=\"twitter:label1\" content=\"Tahmini okuma s\u00fcresi\" \/>\n\t<meta name=\"twitter:data1\" content=\"1 dakika\" \/>\n<script type=\"application\/ld+json\" class=\"yoast-schema-graph\">{\"@context\":\"https:\\\/\\\/schema.org\",\"@graph\":[{\"@type\":\"WebPage\",\"@id\":\"https:\\\/\\\/globalallianceregister.com\\\/tr\\\/services\\\/egitim\\\/local-legislation\\\/turkce-yerel-mevzuat-egitim-programi\\\/turkce-ym-03-entegre-mevzuat-egitimi-cevre-ve-sagligi-guvenligi-3-gun\\\/\",\"url\":\"https:\\\/\\\/globalallianceregister.com\\\/tr\\\/services\\\/egitim\\\/local-legislation\\\/turkce-yerel-mevzuat-egitim-programi\\\/turkce-ym-03-entegre-mevzuat-egitimi-cevre-ve-sagligi-guvenligi-3-gun\\\/\",\"name\":\"YM 03\u00a0 Entegre Mevzuat E\u011fitimi \u00c7evre ve \u0130\u015f Sa\u011fl\u0131\u011f\u0131 & G\u00fcvenli\u011fi \u2013 3 g\u00fcn - Global Alliance Register\",\"isPartOf\":{\"@id\":\"https:\\\/\\\/globalallianceregister.com\\\/tr\\\/#website\"},\"primaryImageOfPage\":{\"@id\":\"https:\\\/\\\/globalallianceregister.com\\\/tr\\\/services\\\/egitim\\\/local-legislation\\\/turkce-yerel-mevzuat-egitim-programi\\\/turkce-ym-03-entegre-mevzuat-egitimi-cevre-ve-sagligi-guvenligi-3-gun\\\/#primaryimage\"},\"image\":{\"@id\":\"https:\\\/\\\/globalallianceregister.com\\\/tr\\\/services\\\/egitim\\\/local-legislation\\\/turkce-yerel-mevzuat-egitim-programi\\\/turkce-ym-03-entegre-mevzuat-egitimi-cevre-ve-sagligi-guvenligi-3-gun\\\/#primaryimage\"},\"thumbnailUrl\":\"https:\\\/\\\/globalallianceregister.com\\\/wp-content\\\/uploads\\\/2015\\\/08\\\/Training-Inner-Page.jpg\",\"datePublished\":\"2015-01-02T19:59:59+00:00\",\"dateModified\":\"2015-12-16T13:11:31+00:00\",\"breadcrumb\":{\"@id\":\"https:\\\/\\\/globalallianceregister.com\\\/tr\\\/services\\\/egitim\\\/local-legislation\\\/turkce-yerel-mevzuat-egitim-programi\\\/turkce-ym-03-entegre-mevzuat-egitimi-cevre-ve-sagligi-guvenligi-3-gun\\\/#breadcrumb\"},\"inLanguage\":\"tr\",\"potentialAction\":[{\"@type\":\"ReadAction\",\"target\":[[\"https:\\\/\\\/globalallianceregister.com\\\/tr\\\/services\\\/egitim\\\/local-legislation\\\/turkce-yerel-mevzuat-egitim-programi\\\/turkce-ym-03-entegre-mevzuat-egitimi-cevre-ve-sagligi-guvenligi-3-gun\\\/\"]]}]},{\"@type\":\"ImageObject\",\"inLanguage\":\"tr\",\"@id\":\"https:\\\/\\\/globalallianceregister.com\\\/tr\\\/services\\\/egitim\\\/local-legislation\\\/turkce-yerel-mevzuat-egitim-programi\\\/turkce-ym-03-entegre-mevzuat-egitimi-cevre-ve-sagligi-guvenligi-3-gun\\\/#primaryimage\",\"url\":\"https:\\\/\\\/globalallianceregister.com\\\/wp-content\\\/uploads\\\/2015\\\/08\\\/Training-Inner-Page.jpg\",\"contentUrl\":\"https:\\\/\\\/globalallianceregister.com\\\/wp-content\\\/uploads\\\/2015\\\/08\\\/Training-Inner-Page.jpg\",\"width\":614,\"height\":200},{\"@type\":\"BreadcrumbList\",\"@id\":\"https:\\\/\\\/globalallianceregister.com\\\/tr\\\/services\\\/egitim\\\/local-legislation\\\/turkce-yerel-mevzuat-egitim-programi\\\/turkce-ym-03-entegre-mevzuat-egitimi-cevre-ve-sagligi-guvenligi-3-gun\\\/#breadcrumb\",\"itemListElement\":[{\"@type\":\"ListItem\",\"position\":1,\"name\":\"Anasayfa\",\"item\":\"https:\\\/\\\/globalallianceregister.com\\\/tr\\\/\"},{\"@type\":\"ListItem\",\"position\":2,\"name\":\"YM 03\u00a0 Entegre Mevzuat E\u011fitimi \u00c7evre ve \u0130\u015f Sa\u011fl\u0131\u011f\u0131 &#038; G\u00fcvenli\u011fi \u2013 3 g\u00fcn\"}]},{\"@type\":\"WebSite\",\"@id\":\"https:\\\/\\\/globalallianceregister.com\\\/tr\\\/#website\",\"url\":\"https:\\\/\\\/globalallianceregister.com\\\/tr\\\/\",\"name\":\"Global Alliance Register\",\"description\":\"(EN) Together for Excellence\",\"potentialAction\":[{\"@type\":\"SearchAction\",\"target\":{\"@type\":\"EntryPoint\",\"urlTemplate\":\"https:\\\/\\\/globalallianceregister.com\\\/tr\\\/?s={search_term_string}\"},\"query-input\":{\"@type\":\"PropertyValueSpecification\",\"valueRequired\":true,\"valueName\":\"search_term_string\"}}],\"inLanguage\":\"tr\"}]}<\/script>\n<!-- \/ Yoast SEO plugin. -->","yoast_head_json":{"title":"YM 03\u00a0 Entegre Mevzuat E\u011fitimi \u00c7evre ve \u0130\u015f Sa\u011fl\u0131\u011f\u0131 & G\u00fcvenli\u011fi \u2013 3 g\u00fcn - Global Alliance Register","robots":{"index":"index","follow":"follow","max-snippet":"max-snippet:-1","max-image-preview":"max-image-preview:large","max-video-preview":"max-video-preview:-1"},"canonical":"https:\/\/globalallianceregister.com\/tr\/services\/egitim\/local-legislation\/turkce-yerel-mevzuat-egitim-programi\/turkce-ym-03-entegre-mevzuat-egitimi-cevre-ve-sagligi-guvenligi-3-gun\/","og_locale":"tr_TR","og_type":"article","og_title":"YM 03\u00a0 Entegre Mevzuat E\u011fitimi \u00c7evre ve \u0130\u015f Sa\u011fl\u0131\u011f\u0131 & G\u00fcvenli\u011fi \u2013 3 g\u00fcn - Global Alliance Register","og_description":"\u00a0 Kat\u0131l\u0131mc\u0131 Profili \u00c7evre ve \u0130s g\u00fcvenli\u011fi mevzuat\u0131n\u0131n takibi ve uygulanmas\u0131nda g\u00f6rev alacak \u00e7al\u0131\u015fanlar ile konu hakk\u0131nda bilgi ve beceriye sahip olmas\u0131 gerekli g\u00f6r\u00fclen \u00e7al\u0131\u015fanlar ve y\u00f6neticiler bu e\u011fitimden yarar...","og_url":"https:\/\/globalallianceregister.com\/tr\/services\/egitim\/local-legislation\/turkce-yerel-mevzuat-egitim-programi\/turkce-ym-03-entegre-mevzuat-egitimi-cevre-ve-sagligi-guvenligi-3-gun\/","og_site_name":"Global Alliance Register","article_modified_time":"2015-12-16T13:11:31+00:00","og_image":[{"width":614,"height":200,"url":"https:\/\/globalallianceregister.com\/wp-content\/uploads\/2015\/08\/Training-Inner-Page.jpg","type":"image\/jpeg"}],"twitter_misc":{"Tahmini okuma s\u00fcresi":"1 dakika"},"schema":{"@context":"https:\/\/schema.org","@graph":[{"@type":"WebPage","@id":"https:\/\/globalallianceregister.com\/tr\/services\/egitim\/local-legislation\/turkce-yerel-mevzuat-egitim-programi\/turkce-ym-03-entegre-mevzuat-egitimi-cevre-ve-sagligi-guvenligi-3-gun\/","url":"https:\/\/globalallianceregister.com\/tr\/services\/egitim\/local-legislation\/turkce-yerel-mevzuat-egitim-programi\/turkce-ym-03-entegre-mevzuat-egitimi-cevre-ve-sagligi-guvenligi-3-gun\/","name":"YM 03\u00a0 Entegre Mevzuat E\u011fitimi \u00c7evre ve \u0130\u015f Sa\u011fl\u0131\u011f\u0131 & G\u00fcvenli\u011fi \u2013 3 g\u00fcn - Global Alliance Register","isPartOf":{"@id":"https:\/\/globalallianceregister.com\/tr\/#website"},"primaryImageOfPage":{"@id":"https:\/\/globalallianceregister.com\/tr\/services\/egitim\/local-legislation\/turkce-yerel-mevzuat-egitim-programi\/turkce-ym-03-entegre-mevzuat-egitimi-cevre-ve-sagligi-guvenligi-3-gun\/#primaryimage"},"image":{"@id":"https:\/\/globalallianceregister.com\/tr\/services\/egitim\/local-legislation\/turkce-yerel-mevzuat-egitim-programi\/turkce-ym-03-entegre-mevzuat-egitimi-cevre-ve-sagligi-guvenligi-3-gun\/#primaryimage"},"thumbnailUrl":"https:\/\/globalallianceregister.com\/wp-content\/uploads\/2015\/08\/Training-Inner-Page.jpg","datePublished":"2015-01-02T19:59:59+00:00","dateModified":"2015-12-16T13:11:31+00:00","breadcrumb":{"@id":"https:\/\/globalallianceregister.com\/tr\/services\/egitim\/local-legislation\/turkce-yerel-mevzuat-egitim-programi\/turkce-ym-03-entegre-mevzuat-egitimi-cevre-ve-sagligi-guvenligi-3-gun\/#breadcrumb"},"inLanguage":"tr","potentialAction":[{"@type":"ReadAction","target":[["https:\/\/globalallianceregister.com\/tr\/services\/egitim\/local-legislation\/turkce-yerel-mevzuat-egitim-programi\/turkce-ym-03-entegre-mevzuat-egitimi-cevre-ve-sagligi-guvenligi-3-gun\/"]]}]},{"@type":"ImageObject","inLanguage":"tr","@id":"https:\/\/globalallianceregister.com\/tr\/services\/egitim\/local-legislation\/turkce-yerel-mevzuat-egitim-programi\/turkce-ym-03-entegre-mevzuat-egitimi-cevre-ve-sagligi-guvenligi-3-gun\/#primaryimage","url":"https:\/\/globalallianceregister.com\/wp-content\/uploads\/2015\/08\/Training-Inner-Page.jpg","contentUrl":"https:\/\/globalallianceregister.com\/wp-content\/uploads\/2015\/08\/Training-Inner-Page.jpg","width":614,"height":200},{"@type":"BreadcrumbList","@id":"https:\/\/globalallianceregister.com\/tr\/services\/egitim\/local-legislation\/turkce-yerel-mevzuat-egitim-programi\/turkce-ym-03-entegre-mevzuat-egitimi-cevre-ve-sagligi-guvenligi-3-gun\/#breadcrumb","itemListElement":[{"@type":"ListItem","position":1,"name":"Anasayfa","item":"https:\/\/globalallianceregister.com\/tr\/"},{"@type":"ListItem","position":2,"name":"YM 03\u00a0 Entegre Mevzuat E\u011fitimi \u00c7evre ve \u0130\u015f Sa\u011fl\u0131\u011f\u0131 &#038; G\u00fcvenli\u011fi \u2013 3 g\u00fcn"}]},{"@type":"WebSite","@id":"https:\/\/globalallianceregister.com\/tr\/#website","url":"https:\/\/globalallianceregister.com\/tr\/","name":"Global Alliance Register","description":"(EN) Together for Excellence","potentialAction":[{"@type":"SearchAction","target":{"@type":"EntryPoint","urlTemplate":"https:\/\/globalallianceregister.com\/tr\/?s={search_term_string}"},"query-input":{"@type":"PropertyValueSpecification","valueRequired":true,"valueName":"search_term_string"}}],"inLanguage":"tr"}]}},"_links":{"self":[{"href":"https:\/\/globalallianceregister.com\/tr\/wp-json\/wp\/v2\/pages\/2478","targetHints":{"allow":["GET"]}}],"collection":[{"href":"https:\/\/globalallianceregister.com\/tr\/wp-json\/wp\/v2\/pages"}],"about":[{"href":"https:\/\/globalallianceregister.com\/tr\/wp-json\/wp\/v2\/types\/page"}],"author":[{"embeddable":true,"href":"https:\/\/globalallianceregister.com\/tr\/wp-json\/wp\/v2\/users\/10"}],"replies":[{"embeddable":true,"href":"https:\/\/globalallianceregister.com\/tr\/wp-json\/wp\/v2\/comments?post=2478"}],"version-history":[{"count":0,"href":"https:\/\/globalallianceregister.com\/tr\/wp-json\/wp\/v2\/pages\/2478\/revisions"}],"up":[{"embeddable":true,"href":"https:\/\/globalallianceregister.com\/tr\/wp-json\/wp\/v2\/pages\/2169"}],"wp:featuredmedia":[{"embeddable":true,"href":"https:\/\/globalallianceregister.com\/tr\/wp-json\/wp\/v2\/media\/5171"}],"wp:attachment":[{"href":"https:\/\/globalallianceregister.com\/tr\/wp-json\/wp\/v2\/media?parent=2478"}],"curies":[{"name":"wp","href":"https:\/\/api.w.org\/{rel}","templated":true}]}}