{"id":2480,"date":"2015-01-02T20:01:36","date_gmt":"2015-01-02T20:01:36","guid":{"rendered":"https:\/\/globalallianceregister.com\/?page_id=2480"},"modified":"2015-12-16T13:12:24","modified_gmt":"2015-12-16T13:12:24","slug":"turkce-ym-04-gida-mevzuati-egitimi-1-gun","status":"publish","type":"page","link":"https:\/\/globalallianceregister.com\/tr\/services\/egitim\/local-legislation\/turkce-yerel-mevzuat-egitim-programi\/turkce-ym-04-gida-mevzuati-egitimi-1-gun\/","title":{"rendered":"YM 04\u00a0 G\u0131da Mevzuat\u0131 E\u011fitimi \u2013 1 g\u00fcn"},"content":{"rendered":"<p>\u00a0 <strong>Kat\u0131l\u0131mc\u0131 Profili<\/strong><\/p>\n<ul>\n<li>G\u0131da mevzuatlar\u0131 hakk\u0131nda bilgi sahibi olmas\u0131 gerekli g\u00f6r\u00fclen \u00e7al\u0131\u015fanlar ve y\u00f6neticiler bu e\u011fitimden yarar sa\u011flayabilecektir.<\/li>\n<\/ul>\n<p>\u00a0 <strong>Hedeflenen Sonu\u00e7<\/strong><\/p>\n<ul>\n<li>G\u0131da G\u00fcvenli\u011fine ili\u015fkin y\u00f6netim sistemleri kurulurken kurulu\u015flar\u0131n kar\u015f\u0131la\u015ft\u0131\u011f\u0131 en b\u00fcy\u00fck problemlerden biri T\u00fcrk G\u0131da Mevzuat\u0131\u2019n\u0131n yorumlanmas\u0131 ve uygulamaya al\u0131n\u0131\u015f \u015feklinin belirlenmesidir. Mevzuat\u0131n en iyi \u015fekilde yorumlanarak uygulanmas\u0131n\u0131 sa\u011flamak \u00fczere kat\u0131l\u0131mc\u0131lar\u0131 bilgilendirmeyi hedefleyen bu e\u011fitim ayn\u0131 zamanda G\u0131da Mevzuat\u0131 d\u0131\u015f\u0131nda kalan ancak g\u0131da g\u00fcvenli\u011fi y\u00f6netim sisteminde g\u00f6z \u00f6n\u00fcne al\u0131nmas\u0131 gereken di\u011fer y\u00f6netmelikleri de i\u00e7ermektedir.<\/li>\n<li>E\u011fitim interaktif olarak ger\u00e7ekle\u015ftirilmekte ve anlay\u0131\u015f\u0131n peki\u015ftirilmesi i\u00e7in\u00a0 genel \u00f6rnekler verilmekte, ya\u015fanm\u0131\u015f olaylardan edinilen tecr\u00fcbeler tart\u0131\u015f\u0131lmaktad\u0131r.<\/li>\n<\/ul>\n<p>\u00a0 <strong>E\u011fitim \u0130\u00e7eri\u011fi<\/strong><\/p>\n<ul>\n<li>T\u00fcrk ve AB Mevzuat\u0131 hakk\u0131nda genel bilgilendirme<\/li>\n<li>G\u0131da sekt\u00f6r\u00fc i\u00e7in ilgili kanun, kanun h\u00fckm\u00fcnde kararnameler, y\u00f6netmelikler, tebli\u011fler<\/li>\n<li>Mevzuat\u0131 takip ve uygulama konusunda temel prensipler, yetki ve sorumluluklar<\/li>\n<li>\u0130li\u015fkili di\u011fer mevzuat<\/li>\n<li>Mevzuat uygulamalar\u0131nda kar\u015f\u0131la\u015f\u0131lan sorunlar<\/li>\n<li>Grup \u00e7al\u0131\u015fmalar\u0131 ve sunumlar<\/li>\n<\/ul>\n<p>\u00a0 <strong>Sertifika<\/strong><\/p>\n<ul>\n<li>E\u011fitimi tamamlayan t\u00fcm kat\u0131l\u0131mc\u0131lara GLOBAL ALLIANCE ACADEMY taraf\u0131ndan, &#8221; G\u0131da Mevzuat\u0131 E\u011fitimi Kat\u0131l\u0131m Sertifikas\u0131&#8221; verilecektir.<\/li>\n<\/ul>","protected":false},"excerpt":{"rendered":"<p>\u00a0 Kat\u0131l\u0131mc\u0131 Profili G\u0131da mevzuatlar\u0131 hakk\u0131nda bilgi sahibi olmas\u0131 gerekli g\u00f6r\u00fclen \u00e7al\u0131\u015fanlar ve y\u00f6neticiler bu e\u011fitimden yarar sa\u011flayabilecektir. \u00a0 Hedeflenen Sonu\u00e7 G\u0131da G\u00fcvenli\u011fine ili\u015fkin y\u00f6netim sistemleri kurulurken kurulu\u015flar\u0131n kar\u015f\u0131la\u015ft\u0131\u011f\u0131 en&#8230; <\/p>\n","protected":false},"author":10,"featured_media":5171,"parent":2169,"menu_order":4,"comment_status":"closed","ping_status":"closed","template":"page-full.php","meta":{"_acf_changed":false,"om_disable_all_campaigns":false,"footnotes":""},"class_list":["post-2480","page","type-page","status-publish","has-post-thumbnail","hentry"],"acf":[],"yoast_head":"<!-- This site is optimized with the Yoast SEO plugin v27.4 - https:\/\/yoast.com\/product\/yoast-seo-wordpress\/ -->\n<title>YM 04\u00a0 G\u0131da Mevzuat\u0131 E\u011fitimi \u2013 1 g\u00fcn - Global Alliance Register<\/title>\n<meta name=\"robots\" content=\"index, follow, max-snippet:-1, max-image-preview:large, max-video-preview:-1\" \/>\n<link rel=\"canonical\" href=\"https:\/\/globalallianceregister.com\/tr\/services\/egitim\/local-legislation\/turkce-yerel-mevzuat-egitim-programi\/turkce-ym-04-gida-mevzuati-egitimi-1-gun\/\" \/>\n<meta property=\"og:locale\" content=\"tr_TR\" \/>\n<meta property=\"og:type\" content=\"article\" \/>\n<meta property=\"og:title\" content=\"YM 04\u00a0 G\u0131da Mevzuat\u0131 E\u011fitimi \u2013 1 g\u00fcn - Global Alliance Register\" \/>\n<meta property=\"og:description\" content=\"\u00a0 Kat\u0131l\u0131mc\u0131 Profili G\u0131da mevzuatlar\u0131 hakk\u0131nda bilgi sahibi olmas\u0131 gerekli g\u00f6r\u00fclen \u00e7al\u0131\u015fanlar ve y\u00f6neticiler bu e\u011fitimden yarar sa\u011flayabilecektir. \u00a0 Hedeflenen Sonu\u00e7 G\u0131da G\u00fcvenli\u011fine ili\u015fkin y\u00f6netim sistemleri kurulurken kurulu\u015flar\u0131n kar\u015f\u0131la\u015ft\u0131\u011f\u0131 en...\" \/>\n<meta property=\"og:url\" content=\"https:\/\/globalallianceregister.com\/tr\/services\/egitim\/local-legislation\/turkce-yerel-mevzuat-egitim-programi\/turkce-ym-04-gida-mevzuati-egitimi-1-gun\/\" \/>\n<meta property=\"og:site_name\" content=\"Global Alliance Register\" \/>\n<meta property=\"article:modified_time\" content=\"2015-12-16T13:12:24+00:00\" \/>\n<meta property=\"og:image\" content=\"https:\/\/globalallianceregister.com\/wp-content\/uploads\/2015\/08\/Training-Inner-Page.jpg\" \/>\n\t<meta property=\"og:image:width\" content=\"614\" \/>\n\t<meta property=\"og:image:height\" content=\"200\" \/>\n\t<meta property=\"og:image:type\" content=\"image\/jpeg\" \/>\n<meta name=\"twitter:label1\" content=\"Tahmini okuma s\u00fcresi\" \/>\n\t<meta name=\"twitter:data1\" content=\"1 dakika\" \/>\n<script type=\"application\/ld+json\" class=\"yoast-schema-graph\">{\"@context\":\"https:\\\/\\\/schema.org\",\"@graph\":[{\"@type\":\"WebPage\",\"@id\":\"https:\\\/\\\/globalallianceregister.com\\\/tr\\\/services\\\/egitim\\\/local-legislation\\\/turkce-yerel-mevzuat-egitim-programi\\\/turkce-ym-04-gida-mevzuati-egitimi-1-gun\\\/\",\"url\":\"https:\\\/\\\/globalallianceregister.com\\\/tr\\\/services\\\/egitim\\\/local-legislation\\\/turkce-yerel-mevzuat-egitim-programi\\\/turkce-ym-04-gida-mevzuati-egitimi-1-gun\\\/\",\"name\":\"YM 04\u00a0 G\u0131da Mevzuat\u0131 E\u011fitimi \u2013 1 g\u00fcn - Global Alliance Register\",\"isPartOf\":{\"@id\":\"https:\\\/\\\/globalallianceregister.com\\\/tr\\\/#website\"},\"primaryImageOfPage\":{\"@id\":\"https:\\\/\\\/globalallianceregister.com\\\/tr\\\/services\\\/egitim\\\/local-legislation\\\/turkce-yerel-mevzuat-egitim-programi\\\/turkce-ym-04-gida-mevzuati-egitimi-1-gun\\\/#primaryimage\"},\"image\":{\"@id\":\"https:\\\/\\\/globalallianceregister.com\\\/tr\\\/services\\\/egitim\\\/local-legislation\\\/turkce-yerel-mevzuat-egitim-programi\\\/turkce-ym-04-gida-mevzuati-egitimi-1-gun\\\/#primaryimage\"},\"thumbnailUrl\":\"https:\\\/\\\/globalallianceregister.com\\\/wp-content\\\/uploads\\\/2015\\\/08\\\/Training-Inner-Page.jpg\",\"datePublished\":\"2015-01-02T20:01:36+00:00\",\"dateModified\":\"2015-12-16T13:12:24+00:00\",\"breadcrumb\":{\"@id\":\"https:\\\/\\\/globalallianceregister.com\\\/tr\\\/services\\\/egitim\\\/local-legislation\\\/turkce-yerel-mevzuat-egitim-programi\\\/turkce-ym-04-gida-mevzuati-egitimi-1-gun\\\/#breadcrumb\"},\"inLanguage\":\"tr\",\"potentialAction\":[{\"@type\":\"ReadAction\",\"target\":[[\"https:\\\/\\\/globalallianceregister.com\\\/tr\\\/services\\\/egitim\\\/local-legislation\\\/turkce-yerel-mevzuat-egitim-programi\\\/turkce-ym-04-gida-mevzuati-egitimi-1-gun\\\/\"]]}]},{\"@type\":\"ImageObject\",\"inLanguage\":\"tr\",\"@id\":\"https:\\\/\\\/globalallianceregister.com\\\/tr\\\/services\\\/egitim\\\/local-legislation\\\/turkce-yerel-mevzuat-egitim-programi\\\/turkce-ym-04-gida-mevzuati-egitimi-1-gun\\\/#primaryimage\",\"url\":\"https:\\\/\\\/globalallianceregister.com\\\/wp-content\\\/uploads\\\/2015\\\/08\\\/Training-Inner-Page.jpg\",\"contentUrl\":\"https:\\\/\\\/globalallianceregister.com\\\/wp-content\\\/uploads\\\/2015\\\/08\\\/Training-Inner-Page.jpg\",\"width\":614,\"height\":200},{\"@type\":\"BreadcrumbList\",\"@id\":\"https:\\\/\\\/globalallianceregister.com\\\/tr\\\/services\\\/egitim\\\/local-legislation\\\/turkce-yerel-mevzuat-egitim-programi\\\/turkce-ym-04-gida-mevzuati-egitimi-1-gun\\\/#breadcrumb\",\"itemListElement\":[{\"@type\":\"ListItem\",\"position\":1,\"name\":\"Anasayfa\",\"item\":\"https:\\\/\\\/globalallianceregister.com\\\/tr\\\/\"},{\"@type\":\"ListItem\",\"position\":2,\"name\":\"YM 04\u00a0 G\u0131da Mevzuat\u0131 E\u011fitimi \u2013 1 g\u00fcn\"}]},{\"@type\":\"WebSite\",\"@id\":\"https:\\\/\\\/globalallianceregister.com\\\/tr\\\/#website\",\"url\":\"https:\\\/\\\/globalallianceregister.com\\\/tr\\\/\",\"name\":\"Global Alliance Register\",\"description\":\"(EN) Together for Excellence\",\"potentialAction\":[{\"@type\":\"SearchAction\",\"target\":{\"@type\":\"EntryPoint\",\"urlTemplate\":\"https:\\\/\\\/globalallianceregister.com\\\/tr\\\/?s={search_term_string}\"},\"query-input\":{\"@type\":\"PropertyValueSpecification\",\"valueRequired\":true,\"valueName\":\"search_term_string\"}}],\"inLanguage\":\"tr\"}]}<\/script>\n<!-- \/ Yoast SEO plugin. -->","yoast_head_json":{"title":"YM 04\u00a0 G\u0131da Mevzuat\u0131 E\u011fitimi \u2013 1 g\u00fcn - Global Alliance Register","robots":{"index":"index","follow":"follow","max-snippet":"max-snippet:-1","max-image-preview":"max-image-preview:large","max-video-preview":"max-video-preview:-1"},"canonical":"https:\/\/globalallianceregister.com\/tr\/services\/egitim\/local-legislation\/turkce-yerel-mevzuat-egitim-programi\/turkce-ym-04-gida-mevzuati-egitimi-1-gun\/","og_locale":"tr_TR","og_type":"article","og_title":"YM 04\u00a0 G\u0131da Mevzuat\u0131 E\u011fitimi \u2013 1 g\u00fcn - Global Alliance Register","og_description":"\u00a0 Kat\u0131l\u0131mc\u0131 Profili G\u0131da mevzuatlar\u0131 hakk\u0131nda bilgi sahibi olmas\u0131 gerekli g\u00f6r\u00fclen \u00e7al\u0131\u015fanlar ve y\u00f6neticiler bu e\u011fitimden yarar sa\u011flayabilecektir. \u00a0 Hedeflenen Sonu\u00e7 G\u0131da G\u00fcvenli\u011fine ili\u015fkin y\u00f6netim sistemleri kurulurken kurulu\u015flar\u0131n kar\u015f\u0131la\u015ft\u0131\u011f\u0131 en...","og_url":"https:\/\/globalallianceregister.com\/tr\/services\/egitim\/local-legislation\/turkce-yerel-mevzuat-egitim-programi\/turkce-ym-04-gida-mevzuati-egitimi-1-gun\/","og_site_name":"Global Alliance Register","article_modified_time":"2015-12-16T13:12:24+00:00","og_image":[{"width":614,"height":200,"url":"https:\/\/globalallianceregister.com\/wp-content\/uploads\/2015\/08\/Training-Inner-Page.jpg","type":"image\/jpeg"}],"twitter_misc":{"Tahmini okuma s\u00fcresi":"1 dakika"},"schema":{"@context":"https:\/\/schema.org","@graph":[{"@type":"WebPage","@id":"https:\/\/globalallianceregister.com\/tr\/services\/egitim\/local-legislation\/turkce-yerel-mevzuat-egitim-programi\/turkce-ym-04-gida-mevzuati-egitimi-1-gun\/","url":"https:\/\/globalallianceregister.com\/tr\/services\/egitim\/local-legislation\/turkce-yerel-mevzuat-egitim-programi\/turkce-ym-04-gida-mevzuati-egitimi-1-gun\/","name":"YM 04\u00a0 G\u0131da Mevzuat\u0131 E\u011fitimi \u2013 1 g\u00fcn - Global Alliance Register","isPartOf":{"@id":"https:\/\/globalallianceregister.com\/tr\/#website"},"primaryImageOfPage":{"@id":"https:\/\/globalallianceregister.com\/tr\/services\/egitim\/local-legislation\/turkce-yerel-mevzuat-egitim-programi\/turkce-ym-04-gida-mevzuati-egitimi-1-gun\/#primaryimage"},"image":{"@id":"https:\/\/globalallianceregister.com\/tr\/services\/egitim\/local-legislation\/turkce-yerel-mevzuat-egitim-programi\/turkce-ym-04-gida-mevzuati-egitimi-1-gun\/#primaryimage"},"thumbnailUrl":"https:\/\/globalallianceregister.com\/wp-content\/uploads\/2015\/08\/Training-Inner-Page.jpg","datePublished":"2015-01-02T20:01:36+00:00","dateModified":"2015-12-16T13:12:24+00:00","breadcrumb":{"@id":"https:\/\/globalallianceregister.com\/tr\/services\/egitim\/local-legislation\/turkce-yerel-mevzuat-egitim-programi\/turkce-ym-04-gida-mevzuati-egitimi-1-gun\/#breadcrumb"},"inLanguage":"tr","potentialAction":[{"@type":"ReadAction","target":[["https:\/\/globalallianceregister.com\/tr\/services\/egitim\/local-legislation\/turkce-yerel-mevzuat-egitim-programi\/turkce-ym-04-gida-mevzuati-egitimi-1-gun\/"]]}]},{"@type":"ImageObject","inLanguage":"tr","@id":"https:\/\/globalallianceregister.com\/tr\/services\/egitim\/local-legislation\/turkce-yerel-mevzuat-egitim-programi\/turkce-ym-04-gida-mevzuati-egitimi-1-gun\/#primaryimage","url":"https:\/\/globalallianceregister.com\/wp-content\/uploads\/2015\/08\/Training-Inner-Page.jpg","contentUrl":"https:\/\/globalallianceregister.com\/wp-content\/uploads\/2015\/08\/Training-Inner-Page.jpg","width":614,"height":200},{"@type":"BreadcrumbList","@id":"https:\/\/globalallianceregister.com\/tr\/services\/egitim\/local-legislation\/turkce-yerel-mevzuat-egitim-programi\/turkce-ym-04-gida-mevzuati-egitimi-1-gun\/#breadcrumb","itemListElement":[{"@type":"ListItem","position":1,"name":"Anasayfa","item":"https:\/\/globalallianceregister.com\/tr\/"},{"@type":"ListItem","position":2,"name":"YM 04\u00a0 G\u0131da Mevzuat\u0131 E\u011fitimi \u2013 1 g\u00fcn"}]},{"@type":"WebSite","@id":"https:\/\/globalallianceregister.com\/tr\/#website","url":"https:\/\/globalallianceregister.com\/tr\/","name":"Global Alliance Register","description":"(EN) Together for Excellence","potentialAction":[{"@type":"SearchAction","target":{"@type":"EntryPoint","urlTemplate":"https:\/\/globalallianceregister.com\/tr\/?s={search_term_string}"},"query-input":{"@type":"PropertyValueSpecification","valueRequired":true,"valueName":"search_term_string"}}],"inLanguage":"tr"}]}},"_links":{"self":[{"href":"https:\/\/globalallianceregister.com\/tr\/wp-json\/wp\/v2\/pages\/2480","targetHints":{"allow":["GET"]}}],"collection":[{"href":"https:\/\/globalallianceregister.com\/tr\/wp-json\/wp\/v2\/pages"}],"about":[{"href":"https:\/\/globalallianceregister.com\/tr\/wp-json\/wp\/v2\/types\/page"}],"author":[{"embeddable":true,"href":"https:\/\/globalallianceregister.com\/tr\/wp-json\/wp\/v2\/users\/10"}],"replies":[{"embeddable":true,"href":"https:\/\/globalallianceregister.com\/tr\/wp-json\/wp\/v2\/comments?post=2480"}],"version-history":[{"count":0,"href":"https:\/\/globalallianceregister.com\/tr\/wp-json\/wp\/v2\/pages\/2480\/revisions"}],"up":[{"embeddable":true,"href":"https:\/\/globalallianceregister.com\/tr\/wp-json\/wp\/v2\/pages\/2169"}],"wp:featuredmedia":[{"embeddable":true,"href":"https:\/\/globalallianceregister.com\/tr\/wp-json\/wp\/v2\/media\/5171"}],"wp:attachment":[{"href":"https:\/\/globalallianceregister.com\/tr\/wp-json\/wp\/v2\/media?parent=2480"}],"curies":[{"name":"wp","href":"https:\/\/api.w.org\/{rel}","templated":true}]}}