{"id":2482,"date":"2015-01-02T20:03:33","date_gmt":"2015-01-02T20:03:33","guid":{"rendered":"https:\/\/globalallianceregister.com\/?page_id=2482"},"modified":"2015-12-16T12:53:37","modified_gmt":"2015-12-16T12:53:37","slug":"turkce-py-01-urun-kalite-planlamasi-onaylama-sureci-apqp-ppap-2-gun","status":"publish","type":"page","link":"https:\/\/globalallianceregister.com\/tr\/services\/egitim\/turkce-performans-yonetimi-egitim-programi\/turkce-py-01-urun-kalite-planlamasi-onaylama-sureci-apqp-ppap-2-gun\/","title":{"rendered":"PY 01\u00a0 \u00dcr\u00fcn\u00a0 Kalite Planlamas\u0131 &#038; Onaylama S\u00fcreci (APQP-PPAP) \u2013 2 g\u00fcn"},"content":{"rendered":"<p>\u00a0 <strong>Kat\u0131l\u0131mc\u0131 Profili<\/strong><\/p>\n<ul>\n<li>Yeni \u00fcr\u00fcn kavram\u0131n\u0131n geli\u015fmesinden seri \u00fcretime kadar olan s\u00fcre\u00e7lerin uygulanmas\u0131nda ve geli\u015ftirilmesinde rol alabilecek firma personeli.<\/li>\n<\/ul>\n<p>\u00a0 <strong>Hedeflenen Sonu\u00e7<\/strong><\/p>\n<ul>\n<li>Sunulmas\u0131 ama\u00e7lanan yeni bir \u00fcr\u00fcn\u00fcn devreye al\u0131nmas\u0131yla ilgili olarak, kavram geli\u015ftirmeden (m\u00fc\u015fteri talebinin gelmesinden) ba\u015flay\u0131p seri \u00fcretime ge\u00e7ilmesiyle sonu\u00e7lanan \u00fcr\u00fcn kalite planlama s\u00fcrecinin y\u00f6netimiyle ilgili y\u00f6ntem ve gereklilikleri aktarmak ve otomotiv sekt\u00f6r\u00fcne has ve ana sanayi firmalar\u0131n\u0131n beklentileri ile QS 9000 Standard\u0131n\u0131n ilgili gerekliliklerine de uygun y\u00f6ntemlerin geli\u015ftirilmesini sa\u011flayacak \u015fekilde \u00dcr\u00fcn Kalite Planlamas\u0131 s\u00fcrecinini kurulmas\u0131 ve geli\u015ftirilmesine katk\u0131da bulunmakt\u0131r.<\/li>\n<\/ul>\n<p>\u00a0 <strong>E\u011fitim \u0130\u00e7eri\u011fi<\/strong><\/p>\n<ul>\n<li>\u0130leri \u00dcr\u00fcn Kalite Planlamas\u0131n\u0131n amac\u0131 ve hedefi<\/li>\n<li>\u00c7al\u0131\u015fma tak\u0131m\u0131n\u0131n olu\u015fturulmas\u0131<\/li>\n<li>APQP de kullan\u0131lan \u00e7al\u0131\u015fma formatlar\u0131n\u0131n \u00f6rneklenmesi<\/li>\n<li>Par\u00e7a Onay Prosesi ama\u00e7 ve kapsam\u0131n\u0131n anlat\u0131lmas\u0131<\/li>\n<li>PPAP kapsam\u0131n\u0131n mevcut otomotiv ana sanayilerinden \u00f6rnekler ile a\u00e7\u0131klanmas\u0131<\/li>\n<li>\u00c7al\u0131\u015fmalar\u0131n dok\u00fcmantasyonun olu\u015fturulmas\u0131<\/li>\n<li>PPAP dosyas\u0131 bile\u015fenlerinin \u00f6rneklerle anlat\u0131lmas\u0131<\/li>\n<li>Firma s\u00fcre\u00e7lerinde APQP kilit noktalar\u0131n\u0131n belirlenmesi<\/li>\n<li>APQP ve PPAP uygulama etkinliklerinin \u00f6l\u00e7\u00fclmesi<\/li>\n<li>G\u00f6zden ge\u00e7irme toplant\u0131s\u0131 y\u00f6ntemleri<\/li>\n<li>Bilgi payla\u015f\u0131m\u0131nda otomasyon \u00f6rneklerinin tan\u0131t\u0131m\u0131<\/li>\n<\/ul>\n<p>\u00a0 <strong>Sertifika<\/strong><\/p>\n<ul>\n<li>E\u011fitimi tamamlayan t\u00fcm kat\u0131l\u0131mc\u0131lara GLOBAL ALLIANCE ACADEMY taraf\u0131ndan, &#8221; \u00dcr\u00fcn Kalite Planlamas\u0131 ve Onaylama S\u00fcreci (APQP-PPAP) E\u011fitimi Kat\u0131l\u0131m Sertifikas\u0131&#8221; verilecektir.<\/li>\n<\/ul>","protected":false},"excerpt":{"rendered":"<p>\u00a0 Kat\u0131l\u0131mc\u0131 Profili Yeni \u00fcr\u00fcn kavram\u0131n\u0131n geli\u015fmesinden seri \u00fcretime kadar olan s\u00fcre\u00e7lerin uygulanmas\u0131nda ve geli\u015ftirilmesinde rol alabilecek firma personeli. \u00a0 Hedeflenen Sonu\u00e7 Sunulmas\u0131 ama\u00e7lanan yeni bir \u00fcr\u00fcn\u00fcn devreye al\u0131nmas\u0131yla ilgili&#8230; <\/p>\n","protected":false},"author":10,"featured_media":5171,"parent":2172,"menu_order":1,"comment_status":"closed","ping_status":"closed","template":"page-full.php","meta":{"_acf_changed":false,"om_disable_all_campaigns":false,"footnotes":""},"class_list":["post-2482","page","type-page","status-publish","has-post-thumbnail","hentry"],"acf":[],"yoast_head":"<!-- This site is optimized with the Yoast SEO plugin v27.4 - https:\/\/yoast.com\/product\/yoast-seo-wordpress\/ -->\n<title>PY 01\u00a0 \u00dcr\u00fcn\u00a0 Kalite Planlamas\u0131 &amp; Onaylama S\u00fcreci (APQP-PPAP) \u2013 2 g\u00fcn - Global Alliance Register<\/title>\n<meta name=\"robots\" content=\"index, follow, max-snippet:-1, max-image-preview:large, max-video-preview:-1\" \/>\n<link rel=\"canonical\" href=\"https:\/\/globalallianceregister.com\/tr\/services\/egitim\/turkce-performans-yonetimi-egitim-programi\/turkce-py-01-urun-kalite-planlamasi-onaylama-sureci-apqp-ppap-2-gun\/\" \/>\n<meta property=\"og:locale\" content=\"tr_TR\" \/>\n<meta property=\"og:type\" content=\"article\" \/>\n<meta property=\"og:title\" content=\"PY 01\u00a0 \u00dcr\u00fcn\u00a0 Kalite Planlamas\u0131 &amp; Onaylama S\u00fcreci (APQP-PPAP) \u2013 2 g\u00fcn - Global Alliance Register\" \/>\n<meta property=\"og:description\" content=\"\u00a0 Kat\u0131l\u0131mc\u0131 Profili Yeni \u00fcr\u00fcn kavram\u0131n\u0131n geli\u015fmesinden seri \u00fcretime kadar olan s\u00fcre\u00e7lerin uygulanmas\u0131nda ve geli\u015ftirilmesinde rol alabilecek firma personeli. \u00a0 Hedeflenen Sonu\u00e7 Sunulmas\u0131 ama\u00e7lanan yeni bir \u00fcr\u00fcn\u00fcn devreye al\u0131nmas\u0131yla ilgili...\" \/>\n<meta property=\"og:url\" content=\"https:\/\/globalallianceregister.com\/tr\/services\/egitim\/turkce-performans-yonetimi-egitim-programi\/turkce-py-01-urun-kalite-planlamasi-onaylama-sureci-apqp-ppap-2-gun\/\" \/>\n<meta property=\"og:site_name\" content=\"Global Alliance Register\" \/>\n<meta property=\"article:modified_time\" content=\"2015-12-16T12:53:37+00:00\" \/>\n<meta property=\"og:image\" content=\"https:\/\/globalallianceregister.com\/wp-content\/uploads\/2015\/08\/Training-Inner-Page.jpg\" \/>\n\t<meta property=\"og:image:width\" content=\"614\" \/>\n\t<meta property=\"og:image:height\" content=\"200\" \/>\n\t<meta property=\"og:image:type\" content=\"image\/jpeg\" \/>\n<meta name=\"twitter:label1\" content=\"Tahmini okuma s\u00fcresi\" \/>\n\t<meta name=\"twitter:data1\" content=\"1 dakika\" \/>\n<script type=\"application\/ld+json\" class=\"yoast-schema-graph\">{\"@context\":\"https:\\\/\\\/schema.org\",\"@graph\":[{\"@type\":\"WebPage\",\"@id\":\"https:\\\/\\\/globalallianceregister.com\\\/tr\\\/services\\\/egitim\\\/turkce-performans-yonetimi-egitim-programi\\\/turkce-py-01-urun-kalite-planlamasi-onaylama-sureci-apqp-ppap-2-gun\\\/\",\"url\":\"https:\\\/\\\/globalallianceregister.com\\\/tr\\\/services\\\/egitim\\\/turkce-performans-yonetimi-egitim-programi\\\/turkce-py-01-urun-kalite-planlamasi-onaylama-sureci-apqp-ppap-2-gun\\\/\",\"name\":\"PY 01\u00a0 \u00dcr\u00fcn\u00a0 Kalite Planlamas\u0131 & Onaylama S\u00fcreci (APQP-PPAP) \u2013 2 g\u00fcn - Global Alliance Register\",\"isPartOf\":{\"@id\":\"https:\\\/\\\/globalallianceregister.com\\\/tr\\\/#website\"},\"primaryImageOfPage\":{\"@id\":\"https:\\\/\\\/globalallianceregister.com\\\/tr\\\/services\\\/egitim\\\/turkce-performans-yonetimi-egitim-programi\\\/turkce-py-01-urun-kalite-planlamasi-onaylama-sureci-apqp-ppap-2-gun\\\/#primaryimage\"},\"image\":{\"@id\":\"https:\\\/\\\/globalallianceregister.com\\\/tr\\\/services\\\/egitim\\\/turkce-performans-yonetimi-egitim-programi\\\/turkce-py-01-urun-kalite-planlamasi-onaylama-sureci-apqp-ppap-2-gun\\\/#primaryimage\"},\"thumbnailUrl\":\"https:\\\/\\\/globalallianceregister.com\\\/wp-content\\\/uploads\\\/2015\\\/08\\\/Training-Inner-Page.jpg\",\"datePublished\":\"2015-01-02T20:03:33+00:00\",\"dateModified\":\"2015-12-16T12:53:37+00:00\",\"breadcrumb\":{\"@id\":\"https:\\\/\\\/globalallianceregister.com\\\/tr\\\/services\\\/egitim\\\/turkce-performans-yonetimi-egitim-programi\\\/turkce-py-01-urun-kalite-planlamasi-onaylama-sureci-apqp-ppap-2-gun\\\/#breadcrumb\"},\"inLanguage\":\"tr\",\"potentialAction\":[{\"@type\":\"ReadAction\",\"target\":[[\"https:\\\/\\\/globalallianceregister.com\\\/tr\\\/services\\\/egitim\\\/turkce-performans-yonetimi-egitim-programi\\\/turkce-py-01-urun-kalite-planlamasi-onaylama-sureci-apqp-ppap-2-gun\\\/\"]]}]},{\"@type\":\"ImageObject\",\"inLanguage\":\"tr\",\"@id\":\"https:\\\/\\\/globalallianceregister.com\\\/tr\\\/services\\\/egitim\\\/turkce-performans-yonetimi-egitim-programi\\\/turkce-py-01-urun-kalite-planlamasi-onaylama-sureci-apqp-ppap-2-gun\\\/#primaryimage\",\"url\":\"https:\\\/\\\/globalallianceregister.com\\\/wp-content\\\/uploads\\\/2015\\\/08\\\/Training-Inner-Page.jpg\",\"contentUrl\":\"https:\\\/\\\/globalallianceregister.com\\\/wp-content\\\/uploads\\\/2015\\\/08\\\/Training-Inner-Page.jpg\",\"width\":614,\"height\":200},{\"@type\":\"BreadcrumbList\",\"@id\":\"https:\\\/\\\/globalallianceregister.com\\\/tr\\\/services\\\/egitim\\\/turkce-performans-yonetimi-egitim-programi\\\/turkce-py-01-urun-kalite-planlamasi-onaylama-sureci-apqp-ppap-2-gun\\\/#breadcrumb\",\"itemListElement\":[{\"@type\":\"ListItem\",\"position\":1,\"name\":\"Anasayfa\",\"item\":\"https:\\\/\\\/globalallianceregister.com\\\/tr\\\/\"},{\"@type\":\"ListItem\",\"position\":2,\"name\":\"PY 01\u00a0 \u00dcr\u00fcn\u00a0 Kalite Planlamas\u0131 &#038; Onaylama S\u00fcreci (APQP-PPAP) \u2013 2 g\u00fcn\"}]},{\"@type\":\"WebSite\",\"@id\":\"https:\\\/\\\/globalallianceregister.com\\\/tr\\\/#website\",\"url\":\"https:\\\/\\\/globalallianceregister.com\\\/tr\\\/\",\"name\":\"Global Alliance Register\",\"description\":\"(EN) Together for Excellence\",\"potentialAction\":[{\"@type\":\"SearchAction\",\"target\":{\"@type\":\"EntryPoint\",\"urlTemplate\":\"https:\\\/\\\/globalallianceregister.com\\\/tr\\\/?s={search_term_string}\"},\"query-input\":{\"@type\":\"PropertyValueSpecification\",\"valueRequired\":true,\"valueName\":\"search_term_string\"}}],\"inLanguage\":\"tr\"}]}<\/script>\n<!-- \/ Yoast SEO plugin. -->","yoast_head_json":{"title":"PY 01\u00a0 \u00dcr\u00fcn\u00a0 Kalite Planlamas\u0131 & Onaylama S\u00fcreci (APQP-PPAP) \u2013 2 g\u00fcn - Global Alliance Register","robots":{"index":"index","follow":"follow","max-snippet":"max-snippet:-1","max-image-preview":"max-image-preview:large","max-video-preview":"max-video-preview:-1"},"canonical":"https:\/\/globalallianceregister.com\/tr\/services\/egitim\/turkce-performans-yonetimi-egitim-programi\/turkce-py-01-urun-kalite-planlamasi-onaylama-sureci-apqp-ppap-2-gun\/","og_locale":"tr_TR","og_type":"article","og_title":"PY 01\u00a0 \u00dcr\u00fcn\u00a0 Kalite Planlamas\u0131 & Onaylama S\u00fcreci (APQP-PPAP) \u2013 2 g\u00fcn - Global Alliance Register","og_description":"\u00a0 Kat\u0131l\u0131mc\u0131 Profili Yeni \u00fcr\u00fcn kavram\u0131n\u0131n geli\u015fmesinden seri \u00fcretime kadar olan s\u00fcre\u00e7lerin uygulanmas\u0131nda ve geli\u015ftirilmesinde rol alabilecek firma personeli. \u00a0 Hedeflenen Sonu\u00e7 Sunulmas\u0131 ama\u00e7lanan yeni bir \u00fcr\u00fcn\u00fcn devreye al\u0131nmas\u0131yla ilgili...","og_url":"https:\/\/globalallianceregister.com\/tr\/services\/egitim\/turkce-performans-yonetimi-egitim-programi\/turkce-py-01-urun-kalite-planlamasi-onaylama-sureci-apqp-ppap-2-gun\/","og_site_name":"Global Alliance Register","article_modified_time":"2015-12-16T12:53:37+00:00","og_image":[{"width":614,"height":200,"url":"https:\/\/globalallianceregister.com\/wp-content\/uploads\/2015\/08\/Training-Inner-Page.jpg","type":"image\/jpeg"}],"twitter_misc":{"Tahmini okuma s\u00fcresi":"1 dakika"},"schema":{"@context":"https:\/\/schema.org","@graph":[{"@type":"WebPage","@id":"https:\/\/globalallianceregister.com\/tr\/services\/egitim\/turkce-performans-yonetimi-egitim-programi\/turkce-py-01-urun-kalite-planlamasi-onaylama-sureci-apqp-ppap-2-gun\/","url":"https:\/\/globalallianceregister.com\/tr\/services\/egitim\/turkce-performans-yonetimi-egitim-programi\/turkce-py-01-urun-kalite-planlamasi-onaylama-sureci-apqp-ppap-2-gun\/","name":"PY 01\u00a0 \u00dcr\u00fcn\u00a0 Kalite Planlamas\u0131 & Onaylama S\u00fcreci (APQP-PPAP) \u2013 2 g\u00fcn - Global Alliance Register","isPartOf":{"@id":"https:\/\/globalallianceregister.com\/tr\/#website"},"primaryImageOfPage":{"@id":"https:\/\/globalallianceregister.com\/tr\/services\/egitim\/turkce-performans-yonetimi-egitim-programi\/turkce-py-01-urun-kalite-planlamasi-onaylama-sureci-apqp-ppap-2-gun\/#primaryimage"},"image":{"@id":"https:\/\/globalallianceregister.com\/tr\/services\/egitim\/turkce-performans-yonetimi-egitim-programi\/turkce-py-01-urun-kalite-planlamasi-onaylama-sureci-apqp-ppap-2-gun\/#primaryimage"},"thumbnailUrl":"https:\/\/globalallianceregister.com\/wp-content\/uploads\/2015\/08\/Training-Inner-Page.jpg","datePublished":"2015-01-02T20:03:33+00:00","dateModified":"2015-12-16T12:53:37+00:00","breadcrumb":{"@id":"https:\/\/globalallianceregister.com\/tr\/services\/egitim\/turkce-performans-yonetimi-egitim-programi\/turkce-py-01-urun-kalite-planlamasi-onaylama-sureci-apqp-ppap-2-gun\/#breadcrumb"},"inLanguage":"tr","potentialAction":[{"@type":"ReadAction","target":[["https:\/\/globalallianceregister.com\/tr\/services\/egitim\/turkce-performans-yonetimi-egitim-programi\/turkce-py-01-urun-kalite-planlamasi-onaylama-sureci-apqp-ppap-2-gun\/"]]}]},{"@type":"ImageObject","inLanguage":"tr","@id":"https:\/\/globalallianceregister.com\/tr\/services\/egitim\/turkce-performans-yonetimi-egitim-programi\/turkce-py-01-urun-kalite-planlamasi-onaylama-sureci-apqp-ppap-2-gun\/#primaryimage","url":"https:\/\/globalallianceregister.com\/wp-content\/uploads\/2015\/08\/Training-Inner-Page.jpg","contentUrl":"https:\/\/globalallianceregister.com\/wp-content\/uploads\/2015\/08\/Training-Inner-Page.jpg","width":614,"height":200},{"@type":"BreadcrumbList","@id":"https:\/\/globalallianceregister.com\/tr\/services\/egitim\/turkce-performans-yonetimi-egitim-programi\/turkce-py-01-urun-kalite-planlamasi-onaylama-sureci-apqp-ppap-2-gun\/#breadcrumb","itemListElement":[{"@type":"ListItem","position":1,"name":"Anasayfa","item":"https:\/\/globalallianceregister.com\/tr\/"},{"@type":"ListItem","position":2,"name":"PY 01\u00a0 \u00dcr\u00fcn\u00a0 Kalite Planlamas\u0131 &#038; Onaylama S\u00fcreci (APQP-PPAP) \u2013 2 g\u00fcn"}]},{"@type":"WebSite","@id":"https:\/\/globalallianceregister.com\/tr\/#website","url":"https:\/\/globalallianceregister.com\/tr\/","name":"Global Alliance Register","description":"(EN) Together for Excellence","potentialAction":[{"@type":"SearchAction","target":{"@type":"EntryPoint","urlTemplate":"https:\/\/globalallianceregister.com\/tr\/?s={search_term_string}"},"query-input":{"@type":"PropertyValueSpecification","valueRequired":true,"valueName":"search_term_string"}}],"inLanguage":"tr"}]}},"_links":{"self":[{"href":"https:\/\/globalallianceregister.com\/tr\/wp-json\/wp\/v2\/pages\/2482","targetHints":{"allow":["GET"]}}],"collection":[{"href":"https:\/\/globalallianceregister.com\/tr\/wp-json\/wp\/v2\/pages"}],"about":[{"href":"https:\/\/globalallianceregister.com\/tr\/wp-json\/wp\/v2\/types\/page"}],"author":[{"embeddable":true,"href":"https:\/\/globalallianceregister.com\/tr\/wp-json\/wp\/v2\/users\/10"}],"replies":[{"embeddable":true,"href":"https:\/\/globalallianceregister.com\/tr\/wp-json\/wp\/v2\/comments?post=2482"}],"version-history":[{"count":0,"href":"https:\/\/globalallianceregister.com\/tr\/wp-json\/wp\/v2\/pages\/2482\/revisions"}],"up":[{"embeddable":true,"href":"https:\/\/globalallianceregister.com\/tr\/wp-json\/wp\/v2\/pages\/2172"}],"wp:featuredmedia":[{"embeddable":true,"href":"https:\/\/globalallianceregister.com\/tr\/wp-json\/wp\/v2\/media\/5171"}],"wp:attachment":[{"href":"https:\/\/globalallianceregister.com\/tr\/wp-json\/wp\/v2\/media?parent=2482"}],"curies":[{"name":"wp","href":"https:\/\/api.w.org\/{rel}","templated":true}]}}